{"id":7311,"date":"2026-04-27T13:56:55","date_gmt":"2026-04-27T13:56:55","guid":{"rendered":""},"modified":"2026-04-27T13:56:55","modified_gmt":"2026-04-27T13:56:55","slug":"akce-bosch-gks-18v-68-c-hole-naradi-rucni-okruzni-pila-7311","status":"publish","type":"product","link":"https:\/\/www.koupeltech.com\/index.php\/produkt\/akce-bosch-gks-18v-68-c-hole-naradi-rucni-okruzni-pila-7311\/","title":{"rendered":"Akce Bosch GKS 18V-68 C (hol\u00e9 n\u00e1\u0159ad\u00ed) Ru\u010dn\u00ed okru\u017en\u00ed pila"},"content":{"rendered":"<table>\n<div class=\"tab-pane active product-description\" id=\"popis\" role=\"tabpanel\">\n<div class=\"short-description\" itemprop=\"description\"><\/div>\n<div class=\"description\"><span class='bullet-line'>Lep\u0161\u00ed ne\u017e pila s kabelem &#8211; vynikaj\u00edc\u00ed v\u00fdkon p\u0159i rychlosti \u0159ez\u00e1n\u00ed a dob\u011b chodu<br \/><\/span><br \/>\u25ba Technologie bezuhl\u00edkov\u00e9ho motoru BITURBO<span class='bullet-line'>Pro vynikaj\u00edc\u00ed v\u00fdkon bez kabelu v kombinaci s akumul\u00e1tory ProCORE18V<br \/><\/span><br \/>\u25ba Jednodu\u0161e propojen\u00e9<span class='bullet-line'>Registrace z\u00e1ruky pomoc\u00ed chytr\u00e9ho telefonu<br \/><\/span><br \/>\u25ba Nejlep\u0161\u00ed mo\u017en\u00e1 ergonomie<span class='bullet-line'>Pro maxim\u00e1ln\u00ed kontrolu a pohodl\u00ed<br \/><\/span><br \/>\u25ba Integrovan\u00fd adapt\u00e9r pro ods\u00e1v\u00e1n\u00ed<span class='bullet-line'>Pro snadn\u00e9 man\u00e9vrov\u00e1n\u00ed s p\u0159ipojenou hadic\u00ed vysava\u010de &#8211; adapt\u00e9r se ot\u00e1\u010d\u00ed o 360\u00b0<br \/><\/span><br \/>\u25ba Brzdn\u00fd syst\u00e9m<span class='bullet-line'>Bezpe\u010dn\u00e9 brzd\u011bn\u00ed a minim\u00e1ln\u00ed zp\u011btn\u00fd r\u00e1z<br \/><\/span><br \/>\u25ba Professional 18V Syst\u00e9m<span class='bullet-line'>Efektivn\u00ed se v\u0161emi 18V akumul\u00e1tory pro lehk\u00e9 a st\u0159edn\u00ed aplikace &#8211; ProCORE18V optimalizovan\u00fd pro n\u00e1ro\u010dn\u00e9 aplikace<br \/><\/span><br \/>\u25ba Hloubka \u0159ezu 70 mm<span class='bullet-line'>Pro\u0159\u00edzne t\u0159i 22 mm desky OSB najednou a je\u0161t\u011b v\u00edce<\/span><\/div>\n<div class=\"parameters\">\n<tr>\n<td>TECHNICK\u00c9 \u00daDAJE<\/td>\n<td>GKS 18V-68 C<\/td>\n<\/tr>\n<tr>\n<td>Nap\u011bt\u00ed akumul\u00e1toru<\/td>\n<td>18V<\/td>\n<\/tr>\n<tr>\n<td>Pr\u016fm\u011br a otvor kotou\u010de<\/td>\n<td>190\/30 mm<\/td>\n<\/tr>\n<tr>\n<td>\u0158ezn\u00e1 kapacita 0\u00b0 (45\u00b0\/50\u00b0)<\/td>\n<td>70 (49\/44) mm<\/td>\n<\/tr>\n<tr>\n<td>N\u00e1klon stolu<\/td>\n<td>0-50\u00b0<\/td>\n<\/tr>\n<tr>\n<td>Volnob\u011b\u017en\u00e9 ot\u00e1\u010dky<\/td>\n<td>5.000 ot\/min<\/td>\n<\/tr>\n<tr>\n<td>Kompatibilita s vodic\u00ed li\u0161tou\/Konektivita<\/td>\n<td>Ne\/Ano<\/td>\n<\/tr>\n<tr>\n<td>Hmotnost<\/td>\n<td>4.0 kg<\/td>\n<\/tr><\/div>\n<\/table>\n","protected":false},"excerpt":{"rendered":"<p>Lep\u0161\u00ed ne\u017e pila s kabelem &#8211; vynikaj\u00edc\u00ed v\u00fdkon p\u0159i rychlosti \u0159ez\u00e1n\u00ed a dob\u011b chodu\u25ba Technologie bezuhl\u00edkov\u00e9ho motoru BITURBOPro vynikaj\u00edc\u00ed v\u00fdkon bez kabelu v kombinaci s akumul\u00e1tory ProCORE18V\u25ba Jednodu\u0161e propojen\u00e9Registrace z\u00e1ruky pomoc\u00ed chytr\u00e9ho telefonu\u25ba Nejlep\u0161\u00ed mo\u017en\u00e1 ergonomiePro maxim\u00e1ln\u00ed kontrolu a pohodl\u00ed\u25ba Integrovan\u00fd adapt\u00e9r pro ods\u00e1v\u00e1n\u00edPro snadn\u00e9 man\u00e9vrov\u00e1n\u00ed s p\u0159ipojenou hadic\u00ed vysava\u010de &#8211; adapt\u00e9r se ot\u00e1\u010d\u00ed o [&hellip;]<\/p>\n","protected":false},"featured_media":7411,"comment_status":"open","ping_status":"open","template":"","meta":[],"product_brand":[],"product_cat":[43],"product_tag":[],"class_list":{"0":"post-7311","1":"product","2":"type-product","3":"status-publish","4":"has-post-thumbnail","6":"product_cat-naradi","8":"first","9":"instock","10":"sale","11":"shipping-taxable","12":"purchasable","13":"product-type-simple"},"yoast_head":"<!-- This site is optimized with the Yoast SEO plugin v26.8 - https:\/\/yoast.com\/product\/yoast-seo-wordpress\/ -->\n<title>Akce Bosch GKS 18V-68 C (hol\u00e9 n\u00e1\u0159ad\u00ed) Ru\u010dn\u00ed okru\u017en\u00ed pila -<\/title>\n<meta name=\"robots\" content=\"index, follow, max-snippet:-1, max-image-preview:large, max-video-preview:-1\" \/>\n<link rel=\"canonical\" href=\"https:\/\/www.koupeltech.com\/index.php\/produkt\/akce-bosch-gks-18v-68-c-hole-naradi-rucni-okruzni-pila-7311\/\" \/>\n<meta property=\"og:locale\" content=\"cs_CZ\" \/>\n<meta property=\"og:type\" content=\"article\" \/>\n<meta property=\"og:title\" content=\"Akce Bosch GKS 18V-68 C (hol\u00e9 n\u00e1\u0159ad\u00ed) Ru\u010dn\u00ed okru\u017en\u00ed pila -\" \/>\n<meta property=\"og:description\" content=\"Lep\u0161\u00ed ne\u017e pila s kabelem &#8211; vynikaj\u00edc\u00ed v\u00fdkon p\u0159i rychlosti \u0159ez\u00e1n\u00ed a dob\u011b chodu\u25ba Technologie bezuhl\u00edkov\u00e9ho motoru BITURBOPro vynikaj\u00edc\u00ed v\u00fdkon bez kabelu v kombinaci s akumul\u00e1tory ProCORE18V\u25ba Jednodu\u0161e propojen\u00e9Registrace z\u00e1ruky pomoc\u00ed chytr\u00e9ho telefonu\u25ba Nejlep\u0161\u00ed mo\u017en\u00e1 ergonomiePro maxim\u00e1ln\u00ed kontrolu a pohodl\u00ed\u25ba Integrovan\u00fd adapt\u00e9r pro ods\u00e1v\u00e1n\u00edPro snadn\u00e9 man\u00e9vrov\u00e1n\u00ed s p\u0159ipojenou hadic\u00ed vysava\u010de &#8211; adapt\u00e9r se ot\u00e1\u010d\u00ed o [&hellip;]\" \/>\n<meta property=\"og:url\" content=\"https:\/\/www.koupeltech.com\/index.php\/produkt\/akce-bosch-gks-18v-68-c-hole-naradi-rucni-okruzni-pila-7311\/\" \/>\n<meta property=\"og:image\" content=\"https:\/\/www.koupeltech.com\/wp-content\/uploads\/2026\/SK0022778-CZ20260425-092328-0-1777080210-o319929v12-gks_18v-68_c_8ah_procore_dyn_ghost_image.webp\" \/>\n\t<meta property=\"og:image:width\" content=\"699\" \/>\n\t<meta property=\"og:image:height\" content=\"484\" \/>\n\t<meta property=\"og:image:type\" content=\"image\/webp\" \/>\n<meta name=\"twitter:card\" content=\"summary_large_image\" \/>\n<meta name=\"twitter:label1\" content=\"Odhadovan\u00e1 doba \u010dten\u00ed\" \/>\n\t<meta name=\"twitter:data1\" content=\"1 minuta\" \/>\n<script type=\"application\/ld+json\" class=\"yoast-schema-graph\">{\"@context\":\"https:\/\/schema.org\",\"@graph\":[{\"@type\":\"WebPage\",\"@id\":\"https:\/\/www.koupeltech.com\/index.php\/produkt\/akce-bosch-gks-18v-68-c-hole-naradi-rucni-okruzni-pila-7311\/\",\"url\":\"https:\/\/www.koupeltech.com\/index.php\/produkt\/akce-bosch-gks-18v-68-c-hole-naradi-rucni-okruzni-pila-7311\/\",\"name\":\"Akce Bosch GKS 18V-68 C (hol\u00e9 n\u00e1\u0159ad\u00ed) Ru\u010dn\u00ed okru\u017en\u00ed pila -\",\"isPartOf\":{\"@id\":\"https:\/\/www.koupeltech.com\/#website\"},\"primaryImageOfPage\":{\"@id\":\"https:\/\/www.koupeltech.com\/index.php\/produkt\/akce-bosch-gks-18v-68-c-hole-naradi-rucni-okruzni-pila-7311\/#primaryimage\"},\"image\":{\"@id\":\"https:\/\/www.koupeltech.com\/index.php\/produkt\/akce-bosch-gks-18v-68-c-hole-naradi-rucni-okruzni-pila-7311\/#primaryimage\"},\"thumbnailUrl\":\"https:\/\/www.koupeltech.com\/wp-content\/uploads\/2026\/SK0022778-CZ20260425-092328-0-1777080210-o319929v12-gks_18v-68_c_8ah_procore_dyn_ghost_image.webp\",\"datePublished\":\"2026-04-27T13:56:55+00:00\",\"breadcrumb\":{\"@id\":\"https:\/\/www.koupeltech.com\/index.php\/produkt\/akce-bosch-gks-18v-68-c-hole-naradi-rucni-okruzni-pila-7311\/#breadcrumb\"},\"inLanguage\":\"cs\",\"potentialAction\":[{\"@type\":\"ReadAction\",\"target\":[\"https:\/\/www.koupeltech.com\/index.php\/produkt\/akce-bosch-gks-18v-68-c-hole-naradi-rucni-okruzni-pila-7311\/\"]}]},{\"@type\":\"ImageObject\",\"inLanguage\":\"cs\",\"@id\":\"https:\/\/www.koupeltech.com\/index.php\/produkt\/akce-bosch-gks-18v-68-c-hole-naradi-rucni-okruzni-pila-7311\/#primaryimage\",\"url\":\"https:\/\/www.koupeltech.com\/wp-content\/uploads\/2026\/SK0022778-CZ20260425-092328-0-1777080210-o319929v12-gks_18v-68_c_8ah_procore_dyn_ghost_image.webp\",\"contentUrl\":\"https:\/\/www.koupeltech.com\/wp-content\/uploads\/2026\/SK0022778-CZ20260425-092328-0-1777080210-o319929v12-gks_18v-68_c_8ah_procore_dyn_ghost_image.webp\",\"width\":699,\"height\":484},{\"@type\":\"BreadcrumbList\",\"@id\":\"https:\/\/www.koupeltech.com\/index.php\/produkt\/akce-bosch-gks-18v-68-c-hole-naradi-rucni-okruzni-pila-7311\/#breadcrumb\",\"itemListElement\":[{\"@type\":\"ListItem\",\"position\":1,\"name\":\"Home\",\"item\":\"https:\/\/www.koupeltech.com\/\"},{\"@type\":\"ListItem\",\"position\":2,\"name\":\"Products\",\"item\":\"https:\/\/www.koupeltech.com\/index.php\/products\/\"},{\"@type\":\"ListItem\",\"position\":3,\"name\":\"Akce Bosch GKS 18V-68 C (hol\u00e9 n\u00e1\u0159ad\u00ed) Ru\u010dn\u00ed okru\u017en\u00ed pila\"}]},{\"@type\":\"WebSite\",\"@id\":\"https:\/\/www.koupeltech.com\/#website\",\"url\":\"https:\/\/www.koupeltech.com\/\",\"name\":\"\",\"description\":\"\",\"potentialAction\":[{\"@type\":\"SearchAction\",\"target\":{\"@type\":\"EntryPoint\",\"urlTemplate\":\"https:\/\/www.koupeltech.com\/?s={search_term_string}\"},\"query-input\":{\"@type\":\"PropertyValueSpecification\",\"valueRequired\":true,\"valueName\":\"search_term_string\"}}],\"inLanguage\":\"cs\"}]}<\/script>\n<!-- \/ Yoast SEO plugin. -->","yoast_head_json":{"title":"Akce Bosch GKS 18V-68 C (hol\u00e9 n\u00e1\u0159ad\u00ed) Ru\u010dn\u00ed okru\u017en\u00ed pila -","robots":{"index":"index","follow":"follow","max-snippet":"max-snippet:-1","max-image-preview":"max-image-preview:large","max-video-preview":"max-video-preview:-1"},"canonical":"https:\/\/www.koupeltech.com\/index.php\/produkt\/akce-bosch-gks-18v-68-c-hole-naradi-rucni-okruzni-pila-7311\/","og_locale":"cs_CZ","og_type":"article","og_title":"Akce Bosch GKS 18V-68 C (hol\u00e9 n\u00e1\u0159ad\u00ed) Ru\u010dn\u00ed okru\u017en\u00ed pila -","og_description":"Lep\u0161\u00ed ne\u017e pila s kabelem &#8211; vynikaj\u00edc\u00ed v\u00fdkon p\u0159i rychlosti \u0159ez\u00e1n\u00ed a dob\u011b chodu\u25ba Technologie bezuhl\u00edkov\u00e9ho motoru BITURBOPro vynikaj\u00edc\u00ed v\u00fdkon bez kabelu v kombinaci s akumul\u00e1tory ProCORE18V\u25ba Jednodu\u0161e propojen\u00e9Registrace z\u00e1ruky pomoc\u00ed chytr\u00e9ho telefonu\u25ba Nejlep\u0161\u00ed mo\u017en\u00e1 ergonomiePro maxim\u00e1ln\u00ed kontrolu a pohodl\u00ed\u25ba Integrovan\u00fd adapt\u00e9r pro ods\u00e1v\u00e1n\u00edPro snadn\u00e9 man\u00e9vrov\u00e1n\u00ed s p\u0159ipojenou hadic\u00ed vysava\u010de &#8211; adapt\u00e9r se ot\u00e1\u010d\u00ed o [&hellip;]","og_url":"https:\/\/www.koupeltech.com\/index.php\/produkt\/akce-bosch-gks-18v-68-c-hole-naradi-rucni-okruzni-pila-7311\/","og_image":[{"width":699,"height":484,"url":"https:\/\/www.koupeltech.com\/wp-content\/uploads\/2026\/SK0022778-CZ20260425-092328-0-1777080210-o319929v12-gks_18v-68_c_8ah_procore_dyn_ghost_image.webp","type":"image\/webp"}],"twitter_card":"summary_large_image","twitter_misc":{"Odhadovan\u00e1 doba \u010dten\u00ed":"1 minuta"},"schema":{"@context":"https:\/\/schema.org","@graph":[{"@type":"WebPage","@id":"https:\/\/www.koupeltech.com\/index.php\/produkt\/akce-bosch-gks-18v-68-c-hole-naradi-rucni-okruzni-pila-7311\/","url":"https:\/\/www.koupeltech.com\/index.php\/produkt\/akce-bosch-gks-18v-68-c-hole-naradi-rucni-okruzni-pila-7311\/","name":"Akce Bosch GKS 18V-68 C (hol\u00e9 n\u00e1\u0159ad\u00ed) Ru\u010dn\u00ed okru\u017en\u00ed pila -","isPartOf":{"@id":"https:\/\/www.koupeltech.com\/#website"},"primaryImageOfPage":{"@id":"https:\/\/www.koupeltech.com\/index.php\/produkt\/akce-bosch-gks-18v-68-c-hole-naradi-rucni-okruzni-pila-7311\/#primaryimage"},"image":{"@id":"https:\/\/www.koupeltech.com\/index.php\/produkt\/akce-bosch-gks-18v-68-c-hole-naradi-rucni-okruzni-pila-7311\/#primaryimage"},"thumbnailUrl":"https:\/\/www.koupeltech.com\/wp-content\/uploads\/2026\/SK0022778-CZ20260425-092328-0-1777080210-o319929v12-gks_18v-68_c_8ah_procore_dyn_ghost_image.webp","datePublished":"2026-04-27T13:56:55+00:00","breadcrumb":{"@id":"https:\/\/www.koupeltech.com\/index.php\/produkt\/akce-bosch-gks-18v-68-c-hole-naradi-rucni-okruzni-pila-7311\/#breadcrumb"},"inLanguage":"cs","potentialAction":[{"@type":"ReadAction","target":["https:\/\/www.koupeltech.com\/index.php\/produkt\/akce-bosch-gks-18v-68-c-hole-naradi-rucni-okruzni-pila-7311\/"]}]},{"@type":"ImageObject","inLanguage":"cs","@id":"https:\/\/www.koupeltech.com\/index.php\/produkt\/akce-bosch-gks-18v-68-c-hole-naradi-rucni-okruzni-pila-7311\/#primaryimage","url":"https:\/\/www.koupeltech.com\/wp-content\/uploads\/2026\/SK0022778-CZ20260425-092328-0-1777080210-o319929v12-gks_18v-68_c_8ah_procore_dyn_ghost_image.webp","contentUrl":"https:\/\/www.koupeltech.com\/wp-content\/uploads\/2026\/SK0022778-CZ20260425-092328-0-1777080210-o319929v12-gks_18v-68_c_8ah_procore_dyn_ghost_image.webp","width":699,"height":484},{"@type":"BreadcrumbList","@id":"https:\/\/www.koupeltech.com\/index.php\/produkt\/akce-bosch-gks-18v-68-c-hole-naradi-rucni-okruzni-pila-7311\/#breadcrumb","itemListElement":[{"@type":"ListItem","position":1,"name":"Home","item":"https:\/\/www.koupeltech.com\/"},{"@type":"ListItem","position":2,"name":"Products","item":"https:\/\/www.koupeltech.com\/index.php\/products\/"},{"@type":"ListItem","position":3,"name":"Akce Bosch GKS 18V-68 C (hol\u00e9 n\u00e1\u0159ad\u00ed) Ru\u010dn\u00ed okru\u017en\u00ed pila"}]},{"@type":"WebSite","@id":"https:\/\/www.koupeltech.com\/#website","url":"https:\/\/www.koupeltech.com\/","name":"","description":"","potentialAction":[{"@type":"SearchAction","target":{"@type":"EntryPoint","urlTemplate":"https:\/\/www.koupeltech.com\/?s={search_term_string}"},"query-input":{"@type":"PropertyValueSpecification","valueRequired":true,"valueName":"search_term_string"}}],"inLanguage":"cs"}]}},"_links":{"self":[{"href":"https:\/\/www.koupeltech.com\/index.php\/wp-json\/wp\/v2\/product\/7311","targetHints":{"allow":["GET"]}}],"collection":[{"href":"https:\/\/www.koupeltech.com\/index.php\/wp-json\/wp\/v2\/product"}],"about":[{"href":"https:\/\/www.koupeltech.com\/index.php\/wp-json\/wp\/v2\/types\/product"}],"replies":[{"embeddable":true,"href":"https:\/\/www.koupeltech.com\/index.php\/wp-json\/wp\/v2\/comments?post=7311"}],"wp:featuredmedia":[{"embeddable":true,"href":"https:\/\/www.koupeltech.com\/index.php\/wp-json\/wp\/v2\/media\/7411"}],"wp:attachment":[{"href":"https:\/\/www.koupeltech.com\/index.php\/wp-json\/wp\/v2\/media?parent=7311"}],"wp:term":[{"taxonomy":"product_brand","embeddable":true,"href":"https:\/\/www.koupeltech.com\/index.php\/wp-json\/wp\/v2\/product_brand?post=7311"},{"taxonomy":"product_cat","embeddable":true,"href":"https:\/\/www.koupeltech.com\/index.php\/wp-json\/wp\/v2\/product_cat?post=7311"},{"taxonomy":"product_tag","embeddable":true,"href":"https:\/\/www.koupeltech.com\/index.php\/wp-json\/wp\/v2\/product_tag?post=7311"}],"curies":[{"name":"wp","href":"https:\/\/api.w.org\/{rel}","templated":true}]}}