{"id":7314,"date":"2026-04-27T13:56:55","date_gmt":"2026-04-27T13:56:55","guid":{"rendered":""},"modified":"2026-04-27T13:56:55","modified_gmt":"2026-04-27T13:56:55","slug":"zlevneny-bosch-gsr-12v-35-hx-2x3-0-ah-vrtaci-sroubovak-7314","status":"publish","type":"product","link":"https:\/\/www.koupeltech.com\/index.php\/produkt\/zlevneny-bosch-gsr-12v-35-hx-2x3-0-ah-vrtaci-sroubovak-7314\/","title":{"rendered":"Zlevn\u011bn\u00fd Bosch GSR 12V-35 HX (2&#215;3.0 Ah) Vrtac\u00ed \u0161roubov\u00e1k"},"content":{"rendered":"<table>\n<div class=\"tab-pane active product-description\" id=\"popis\" role=\"tabpanel\">\n<div class=\"short-description\" itemprop=\"description\"><\/div>\n<div class=\"description\"><span class='bullet-line'>Dokonal\u00e1 rovnov\u00e1ha mezi kompaktnostn\u00ed, \u00fa\u010dinnost\u00ed a v\u00fdkonem<br \/><\/span><span class='bullet-line'>GSR 12V-35 HX + 2\u00d7 GBA 12V 3.0 Ah + GAL 12V-40<br \/><\/span><br \/>\u25ba Nejvy\u0161\u0161\u00ed rychlost ot\u00e1\u010den\u00ed<span class='bullet-line'>1750 ot\/min pro rychl\u00e9 \u0161roubov\u00e1n\u00ed<br \/><\/span><br \/>\u25ba Kr\u00e1tk\u00e1 d\u00e9lka hlavy (126 mm)<span class='bullet-line'>Pro optim\u00e1ln\u00ed ovl\u00e1d\u00e1n\u00ed a pou\u017eit\u00ed ve st\u00edsn\u011bn\u00fdch prostorech<br \/><\/span><br \/>\u25ba Bezuhl\u00edkov\u00fd motor<span class='bullet-line'>Pro dlouhou \u017eivotnost a vy\u0161\u0161\u00ed \u00fa\u010dinnost<br \/><\/span><br \/>\u25ba Mo\u017enost p\u0159ipnut\u00ed k opasku a dr\u017e\u00e1ku bit\u016f<span class='bullet-line'>Pro pohodlnou pr\u00e1ci<br \/><\/span><br \/>\u25ba N\u00edzk\u00e1 hmotnost<span class='bullet-line'>Hmotnost pouze 0,75 kg v\u010detn\u011b 3,0 Ah akumul\u00e1toru<br \/><\/span><br \/>\u25ba Kompaktn\u00ed n\u00e1\u0159ad\u00ed<span class='bullet-line'>Snadn\u00e1 obsluha a perfektn\u00ed ovladatelnost i v n\u00e1ro\u010dn\u00fdch pracovn\u00edch situac\u00edch<br \/><\/span><br \/>\u25ba Efektivn\u00ed provoz<span class='bullet-line'>Nejrychlej\u0161\u00ed 12V vrtac\u00ed \u0161roubov\u00e1k na trhu<\/span><\/div>\n<div class=\"parameters\">\n<tr>\n<td>TECHNICK\u00c9 \u00daDAJE<\/td>\n<td>GSR 12V-35 HX<\/td>\n<\/tr>\n<tr>\n<td>Nap\u011bt\u00ed akumul\u00e1toru<\/td>\n<td>12V<\/td>\n<\/tr>\n<tr>\n<td>Volnob\u011b\u017en\u00e9 ot\u00e1\u010dky<\/td>\n<td>0-460\/1.750 ot\/min<\/td>\n<\/tr>\n<tr>\n<td>Max. kroutic\u00ed moment (tvrd\u00fd\/m\u011bkk\u00fd)<\/td>\n<td>35\/20 Nm<\/td>\n<\/tr>\n<tr>\n<td>Dr\u017e\u00e1k n\u00e1stroje 6.35 mm<\/td>\n<td>(1\/4&#8243;)<\/td>\n<\/tr>\n<tr>\n<td>Hmotnost<\/td>\n<td>0.75 kg<\/td>\n<\/tr><\/div>\n<\/table>\n","protected":false},"excerpt":{"rendered":"<p>Dokonal\u00e1 rovnov\u00e1ha mezi kompaktnostn\u00ed, \u00fa\u010dinnost\u00ed a v\u00fdkonemGSR 12V-35 HX + 2\u00d7 GBA 12V 3.0 Ah + GAL 12V-40\u25ba Nejvy\u0161\u0161\u00ed rychlost ot\u00e1\u010den\u00ed1750 ot\/min pro rychl\u00e9 \u0161roubov\u00e1n\u00ed\u25ba Kr\u00e1tk\u00e1 d\u00e9lka hlavy (126 mm)Pro optim\u00e1ln\u00ed ovl\u00e1d\u00e1n\u00ed a pou\u017eit\u00ed ve st\u00edsn\u011bn\u00fdch prostorech\u25ba Bezuhl\u00edkov\u00fd motorPro dlouhou \u017eivotnost a vy\u0161\u0161\u00ed \u00fa\u010dinnost\u25ba Mo\u017enost p\u0159ipnut\u00ed k opasku a dr\u017e\u00e1ku bit\u016fPro pohodlnou pr\u00e1ci\u25ba N\u00edzk\u00e1 hmotnostHmotnost [&hellip;]<\/p>\n","protected":false},"featured_media":7414,"comment_status":"open","ping_status":"open","template":"","meta":[],"product_brand":[],"product_cat":[43],"product_tag":[],"class_list":{"0":"post-7314","1":"product","2":"type-product","3":"status-publish","4":"has-post-thumbnail","6":"product_cat-naradi","8":"first","9":"instock","10":"sale","11":"shipping-taxable","12":"purchasable","13":"product-type-simple"},"yoast_head":"<!-- This site is optimized with the Yoast SEO plugin v26.8 - https:\/\/yoast.com\/product\/yoast-seo-wordpress\/ -->\n<title>Zlevn\u011bn\u00fd Bosch GSR 12V-35 HX (2x3.0 Ah) Vrtac\u00ed \u0161roubov\u00e1k -<\/title>\n<meta name=\"robots\" content=\"index, follow, max-snippet:-1, max-image-preview:large, max-video-preview:-1\" \/>\n<link rel=\"canonical\" href=\"https:\/\/www.koupeltech.com\/index.php\/produkt\/zlevneny-bosch-gsr-12v-35-hx-2x3-0-ah-vrtaci-sroubovak-7314\/\" \/>\n<meta property=\"og:locale\" content=\"cs_CZ\" \/>\n<meta property=\"og:type\" content=\"article\" \/>\n<meta property=\"og:title\" content=\"Zlevn\u011bn\u00fd Bosch GSR 12V-35 HX (2x3.0 Ah) Vrtac\u00ed \u0161roubov\u00e1k -\" \/>\n<meta property=\"og:description\" content=\"Dokonal\u00e1 rovnov\u00e1ha mezi kompaktnostn\u00ed, \u00fa\u010dinnost\u00ed a v\u00fdkonemGSR 12V-35 HX + 2\u00d7 GBA 12V 3.0 Ah + GAL 12V-40\u25ba Nejvy\u0161\u0161\u00ed rychlost ot\u00e1\u010den\u00ed1750 ot\/min pro rychl\u00e9 \u0161roubov\u00e1n\u00ed\u25ba Kr\u00e1tk\u00e1 d\u00e9lka hlavy (126 mm)Pro optim\u00e1ln\u00ed ovl\u00e1d\u00e1n\u00ed a pou\u017eit\u00ed ve st\u00edsn\u011bn\u00fdch prostorech\u25ba Bezuhl\u00edkov\u00fd motorPro dlouhou \u017eivotnost a vy\u0161\u0161\u00ed \u00fa\u010dinnost\u25ba Mo\u017enost p\u0159ipnut\u00ed k opasku a dr\u017e\u00e1ku bit\u016fPro pohodlnou pr\u00e1ci\u25ba N\u00edzk\u00e1 hmotnostHmotnost [&hellip;]\" \/>\n<meta property=\"og:url\" content=\"https:\/\/www.koupeltech.com\/index.php\/produkt\/zlevneny-bosch-gsr-12v-35-hx-2x3-0-ah-vrtaci-sroubovak-7314\/\" \/>\n<meta property=\"og:image\" content=\"https:\/\/www.koupeltech.com\/wp-content\/uploads\/2026\/SK0022781-CZ20260425-092328-0-1777080210-o329033v12gsr_12v-35_hx_3ah_dyn.webp\" \/>\n\t<meta property=\"og:image:width\" content=\"484\" \/>\n\t<meta property=\"og:image:height\" content=\"700\" \/>\n\t<meta property=\"og:image:type\" content=\"image\/webp\" \/>\n<meta name=\"twitter:card\" content=\"summary_large_image\" \/>\n<meta name=\"twitter:label1\" content=\"Odhadovan\u00e1 doba \u010dten\u00ed\" \/>\n\t<meta name=\"twitter:data1\" content=\"1 minuta\" \/>\n<script type=\"application\/ld+json\" class=\"yoast-schema-graph\">{\"@context\":\"https:\/\/schema.org\",\"@graph\":[{\"@type\":\"WebPage\",\"@id\":\"https:\/\/www.koupeltech.com\/index.php\/produkt\/zlevneny-bosch-gsr-12v-35-hx-2x3-0-ah-vrtaci-sroubovak-7314\/\",\"url\":\"https:\/\/www.koupeltech.com\/index.php\/produkt\/zlevneny-bosch-gsr-12v-35-hx-2x3-0-ah-vrtaci-sroubovak-7314\/\",\"name\":\"Zlevn\u011bn\u00fd Bosch GSR 12V-35 HX (2x3.0 Ah) Vrtac\u00ed \u0161roubov\u00e1k -\",\"isPartOf\":{\"@id\":\"https:\/\/www.koupeltech.com\/#website\"},\"primaryImageOfPage\":{\"@id\":\"https:\/\/www.koupeltech.com\/index.php\/produkt\/zlevneny-bosch-gsr-12v-35-hx-2x3-0-ah-vrtaci-sroubovak-7314\/#primaryimage\"},\"image\":{\"@id\":\"https:\/\/www.koupeltech.com\/index.php\/produkt\/zlevneny-bosch-gsr-12v-35-hx-2x3-0-ah-vrtaci-sroubovak-7314\/#primaryimage\"},\"thumbnailUrl\":\"https:\/\/www.koupeltech.com\/wp-content\/uploads\/2026\/SK0022781-CZ20260425-092328-0-1777080210-o329033v12gsr_12v-35_hx_3ah_dyn.webp\",\"datePublished\":\"2026-04-27T13:56:55+00:00\",\"breadcrumb\":{\"@id\":\"https:\/\/www.koupeltech.com\/index.php\/produkt\/zlevneny-bosch-gsr-12v-35-hx-2x3-0-ah-vrtaci-sroubovak-7314\/#breadcrumb\"},\"inLanguage\":\"cs\",\"potentialAction\":[{\"@type\":\"ReadAction\",\"target\":[\"https:\/\/www.koupeltech.com\/index.php\/produkt\/zlevneny-bosch-gsr-12v-35-hx-2x3-0-ah-vrtaci-sroubovak-7314\/\"]}]},{\"@type\":\"ImageObject\",\"inLanguage\":\"cs\",\"@id\":\"https:\/\/www.koupeltech.com\/index.php\/produkt\/zlevneny-bosch-gsr-12v-35-hx-2x3-0-ah-vrtaci-sroubovak-7314\/#primaryimage\",\"url\":\"https:\/\/www.koupeltech.com\/wp-content\/uploads\/2026\/SK0022781-CZ20260425-092328-0-1777080210-o329033v12gsr_12v-35_hx_3ah_dyn.webp\",\"contentUrl\":\"https:\/\/www.koupeltech.com\/wp-content\/uploads\/2026\/SK0022781-CZ20260425-092328-0-1777080210-o329033v12gsr_12v-35_hx_3ah_dyn.webp\",\"width\":484,\"height\":700},{\"@type\":\"BreadcrumbList\",\"@id\":\"https:\/\/www.koupeltech.com\/index.php\/produkt\/zlevneny-bosch-gsr-12v-35-hx-2x3-0-ah-vrtaci-sroubovak-7314\/#breadcrumb\",\"itemListElement\":[{\"@type\":\"ListItem\",\"position\":1,\"name\":\"Home\",\"item\":\"https:\/\/www.koupeltech.com\/\"},{\"@type\":\"ListItem\",\"position\":2,\"name\":\"Products\",\"item\":\"https:\/\/www.koupeltech.com\/index.php\/products\/\"},{\"@type\":\"ListItem\",\"position\":3,\"name\":\"Zlevn\u011bn\u00fd Bosch GSR 12V-35 HX (2&#215;3.0 Ah) Vrtac\u00ed \u0161roubov\u00e1k\"}]},{\"@type\":\"WebSite\",\"@id\":\"https:\/\/www.koupeltech.com\/#website\",\"url\":\"https:\/\/www.koupeltech.com\/\",\"name\":\"\",\"description\":\"\",\"potentialAction\":[{\"@type\":\"SearchAction\",\"target\":{\"@type\":\"EntryPoint\",\"urlTemplate\":\"https:\/\/www.koupeltech.com\/?s={search_term_string}\"},\"query-input\":{\"@type\":\"PropertyValueSpecification\",\"valueRequired\":true,\"valueName\":\"search_term_string\"}}],\"inLanguage\":\"cs\"}]}<\/script>\n<!-- \/ Yoast SEO plugin. -->","yoast_head_json":{"title":"Zlevn\u011bn\u00fd Bosch GSR 12V-35 HX (2x3.0 Ah) Vrtac\u00ed \u0161roubov\u00e1k -","robots":{"index":"index","follow":"follow","max-snippet":"max-snippet:-1","max-image-preview":"max-image-preview:large","max-video-preview":"max-video-preview:-1"},"canonical":"https:\/\/www.koupeltech.com\/index.php\/produkt\/zlevneny-bosch-gsr-12v-35-hx-2x3-0-ah-vrtaci-sroubovak-7314\/","og_locale":"cs_CZ","og_type":"article","og_title":"Zlevn\u011bn\u00fd Bosch GSR 12V-35 HX (2x3.0 Ah) Vrtac\u00ed \u0161roubov\u00e1k -","og_description":"Dokonal\u00e1 rovnov\u00e1ha mezi kompaktnostn\u00ed, \u00fa\u010dinnost\u00ed a v\u00fdkonemGSR 12V-35 HX + 2\u00d7 GBA 12V 3.0 Ah + GAL 12V-40\u25ba Nejvy\u0161\u0161\u00ed rychlost ot\u00e1\u010den\u00ed1750 ot\/min pro rychl\u00e9 \u0161roubov\u00e1n\u00ed\u25ba Kr\u00e1tk\u00e1 d\u00e9lka hlavy (126 mm)Pro optim\u00e1ln\u00ed ovl\u00e1d\u00e1n\u00ed a pou\u017eit\u00ed ve st\u00edsn\u011bn\u00fdch prostorech\u25ba Bezuhl\u00edkov\u00fd motorPro dlouhou \u017eivotnost a vy\u0161\u0161\u00ed \u00fa\u010dinnost\u25ba Mo\u017enost p\u0159ipnut\u00ed k opasku a dr\u017e\u00e1ku bit\u016fPro pohodlnou pr\u00e1ci\u25ba N\u00edzk\u00e1 hmotnostHmotnost [&hellip;]","og_url":"https:\/\/www.koupeltech.com\/index.php\/produkt\/zlevneny-bosch-gsr-12v-35-hx-2x3-0-ah-vrtaci-sroubovak-7314\/","og_image":[{"width":484,"height":700,"url":"https:\/\/www.koupeltech.com\/wp-content\/uploads\/2026\/SK0022781-CZ20260425-092328-0-1777080210-o329033v12gsr_12v-35_hx_3ah_dyn.webp","type":"image\/webp"}],"twitter_card":"summary_large_image","twitter_misc":{"Odhadovan\u00e1 doba \u010dten\u00ed":"1 minuta"},"schema":{"@context":"https:\/\/schema.org","@graph":[{"@type":"WebPage","@id":"https:\/\/www.koupeltech.com\/index.php\/produkt\/zlevneny-bosch-gsr-12v-35-hx-2x3-0-ah-vrtaci-sroubovak-7314\/","url":"https:\/\/www.koupeltech.com\/index.php\/produkt\/zlevneny-bosch-gsr-12v-35-hx-2x3-0-ah-vrtaci-sroubovak-7314\/","name":"Zlevn\u011bn\u00fd Bosch GSR 12V-35 HX (2x3.0 Ah) Vrtac\u00ed \u0161roubov\u00e1k -","isPartOf":{"@id":"https:\/\/www.koupeltech.com\/#website"},"primaryImageOfPage":{"@id":"https:\/\/www.koupeltech.com\/index.php\/produkt\/zlevneny-bosch-gsr-12v-35-hx-2x3-0-ah-vrtaci-sroubovak-7314\/#primaryimage"},"image":{"@id":"https:\/\/www.koupeltech.com\/index.php\/produkt\/zlevneny-bosch-gsr-12v-35-hx-2x3-0-ah-vrtaci-sroubovak-7314\/#primaryimage"},"thumbnailUrl":"https:\/\/www.koupeltech.com\/wp-content\/uploads\/2026\/SK0022781-CZ20260425-092328-0-1777080210-o329033v12gsr_12v-35_hx_3ah_dyn.webp","datePublished":"2026-04-27T13:56:55+00:00","breadcrumb":{"@id":"https:\/\/www.koupeltech.com\/index.php\/produkt\/zlevneny-bosch-gsr-12v-35-hx-2x3-0-ah-vrtaci-sroubovak-7314\/#breadcrumb"},"inLanguage":"cs","potentialAction":[{"@type":"ReadAction","target":["https:\/\/www.koupeltech.com\/index.php\/produkt\/zlevneny-bosch-gsr-12v-35-hx-2x3-0-ah-vrtaci-sroubovak-7314\/"]}]},{"@type":"ImageObject","inLanguage":"cs","@id":"https:\/\/www.koupeltech.com\/index.php\/produkt\/zlevneny-bosch-gsr-12v-35-hx-2x3-0-ah-vrtaci-sroubovak-7314\/#primaryimage","url":"https:\/\/www.koupeltech.com\/wp-content\/uploads\/2026\/SK0022781-CZ20260425-092328-0-1777080210-o329033v12gsr_12v-35_hx_3ah_dyn.webp","contentUrl":"https:\/\/www.koupeltech.com\/wp-content\/uploads\/2026\/SK0022781-CZ20260425-092328-0-1777080210-o329033v12gsr_12v-35_hx_3ah_dyn.webp","width":484,"height":700},{"@type":"BreadcrumbList","@id":"https:\/\/www.koupeltech.com\/index.php\/produkt\/zlevneny-bosch-gsr-12v-35-hx-2x3-0-ah-vrtaci-sroubovak-7314\/#breadcrumb","itemListElement":[{"@type":"ListItem","position":1,"name":"Home","item":"https:\/\/www.koupeltech.com\/"},{"@type":"ListItem","position":2,"name":"Products","item":"https:\/\/www.koupeltech.com\/index.php\/products\/"},{"@type":"ListItem","position":3,"name":"Zlevn\u011bn\u00fd Bosch GSR 12V-35 HX (2&#215;3.0 Ah) Vrtac\u00ed \u0161roubov\u00e1k"}]},{"@type":"WebSite","@id":"https:\/\/www.koupeltech.com\/#website","url":"https:\/\/www.koupeltech.com\/","name":"","description":"","potentialAction":[{"@type":"SearchAction","target":{"@type":"EntryPoint","urlTemplate":"https:\/\/www.koupeltech.com\/?s={search_term_string}"},"query-input":{"@type":"PropertyValueSpecification","valueRequired":true,"valueName":"search_term_string"}}],"inLanguage":"cs"}]}},"_links":{"self":[{"href":"https:\/\/www.koupeltech.com\/index.php\/wp-json\/wp\/v2\/product\/7314","targetHints":{"allow":["GET"]}}],"collection":[{"href":"https:\/\/www.koupeltech.com\/index.php\/wp-json\/wp\/v2\/product"}],"about":[{"href":"https:\/\/www.koupeltech.com\/index.php\/wp-json\/wp\/v2\/types\/product"}],"replies":[{"embeddable":true,"href":"https:\/\/www.koupeltech.com\/index.php\/wp-json\/wp\/v2\/comments?post=7314"}],"wp:featuredmedia":[{"embeddable":true,"href":"https:\/\/www.koupeltech.com\/index.php\/wp-json\/wp\/v2\/media\/7414"}],"wp:attachment":[{"href":"https:\/\/www.koupeltech.com\/index.php\/wp-json\/wp\/v2\/media?parent=7314"}],"wp:term":[{"taxonomy":"product_brand","embeddable":true,"href":"https:\/\/www.koupeltech.com\/index.php\/wp-json\/wp\/v2\/product_brand?post=7314"},{"taxonomy":"product_cat","embeddable":true,"href":"https:\/\/www.koupeltech.com\/index.php\/wp-json\/wp\/v2\/product_cat?post=7314"},{"taxonomy":"product_tag","embeddable":true,"href":"https:\/\/www.koupeltech.com\/index.php\/wp-json\/wp\/v2\/product_tag?post=7314"}],"curies":[{"name":"wp","href":"https:\/\/api.w.org\/{rel}","templated":true}]}}