{"id":7382,"date":"2026-04-27T13:56:55","date_gmt":"2026-04-27T13:56:55","guid":{"rendered":""},"modified":"2026-04-27T13:56:55","modified_gmt":"2026-04-27T13:56:55","slug":"dehray-rig2000-znackovy-7382","status":"publish","type":"product","link":"https:\/\/www.koupeltech.com\/index.php\/produkt\/dehray-rig2000-znackovy-7382\/","title":{"rendered":"DEHRAY RIG2000 Zna\u010dkov\u00fd"},"content":{"rendered":"<table>\n<div class=\"tab-pane active product-description\" id=\"popis\" role=\"tabpanel\">\n<div class=\"short-description\" itemprop=\"description\"><\/div>\n<div class=\"description\"><span class='bullet-line'>Extr\u00e9mn\u011b tich\u00fd, mal\u00fd a lehk\u00fd agreg\u00e1t. <br \/><\/span><span class='bullet-line'>Nov\u00e1 konstrukce mnohop\u00f3lov\u00e9ho altern\u00e1toru a invertoru. <br \/><\/span><span class='bullet-line'>V\u00fdstup z altern\u00e1toru je usm\u011brn\u011bn a invertorem p\u0159eveden op\u011bt na st\u0159\u00eddav\u00e9 nap\u011bt\u00ed bez ohledu na ot\u00e1\u010dky motoru. <br \/><\/span><span class='bullet-line'>Na v\u00fdstupu je tedy v\u017edy nejkvalitn\u011bj\u0161\u00ed mo\u017en\u00fd pr\u016fb\u011bh nap\u011bt\u00ed, i kdy\u017e motor automaticky p\u0159i odleh\u010den\u00ed p\u0159ejde do volnob\u011bhu. <br \/><\/span><span class='bullet-line'>V\u00fdsledkem je 30 % \u00faspora paliva oproti klasick\u00fdm elektrocentr\u00e1l\u00e1m a v\u00fdstup zcela bez fluktuac\u00ed. <br \/><\/span><span class='bullet-line'>D\u00edky skv\u011bl\u00e9 p\u0159em\u00edstitelnosti a kvalitn\u00edmu v\u00fdstupu lze nap\u00e1jet elektrick\u00e9 n\u00e1\u0159ad\u00ed, dom\u00e1c\u00ed spot\u0159ebi\u010de a jemnou elektroniku v\u010detn\u011b televize, videa, po\u010d\u00edta\u010de, r\u00e1dia i p\u0159\u00edstrojovou techniku v\u0161eho druhu.<\/span><\/div>\n<div class=\"parameters\">\n<tr>\n<td>JMENOVIT\u00c1 FREKVENCE:<\/td>\n<td>50 HZ<\/td>\n<\/tr>\n<tr>\n<td>JMENOVIT\u00dd V\u00ddKON:<\/td>\n<td>1,8 kW<\/td>\n<\/tr>\n<tr>\n<td>MAXIM\u00c1LN\u00cd V\u00ddKON:<\/td>\n<td>2,0 kW<\/td>\n<\/tr>\n<tr>\n<td>JMENOVIT\u00c9 NAP\u011aT\u00cd:<\/td>\n<td>230 V<\/td>\n<\/tr>\n<tr>\n<td>JMENOVIT\u00dd PROUD:<\/td>\n<td>7,8 A<\/td>\n<\/tr>\n<tr>\n<td>JMENOVIT\u00c9 OT\u00c1\u010cKY MOTORU:<\/td>\n<td>5000 OT.\/MIN.<\/td>\n<\/tr>\n<tr>\n<td>STEJNOSM\u011aRN\u00dd V\u00ddSTUP:<\/td>\n<td>12 V\/5 A<\/td>\n<\/tr>\n<tr>\n<td>\u00da\u010cIN\u00cdK:<\/td>\n<td>1<\/td>\n<\/tr>\n<tr>\n<td>PO\u010cET F\u00c1Z\u00cd:<\/td>\n<td>JEDNA<\/td>\n<\/tr>\n<tr>\n<td>TYP MOTORU:<\/td>\n<td>RG160F<\/td>\n<\/tr>\n<tr>\n<td>TYP MOTORU:<\/td>\n<td>BENZ\u00cdNOV\u00dd, JEDNOV\u00c1LCOV\u00dd, \u010cTY\u0158TAKTN\u00cd, VZDUCHEM CHLAZEN\u00dd, VRT\u00c1N\u00cd x ZDVIH 60 X 40 MM, OBSAH MOTORU 113 CCM, KOMPRESN\u00cd POM\u011aR 9,1:1<\/td>\n<\/tr>\n<tr>\n<td>JMENOVIT\u00dd V\u00ddKON MOTORU:<\/td>\n<td>2,3 kW\/5000 OT.\/MIN.<\/td>\n<\/tr>\n<tr>\n<td>MAZAC\u00cd OLEJ A TYP MAZ\u00c1N\u00cd:<\/td>\n<td>10W40 NEBO 15W40, MAZ\u00c1N\u00cd ROZST\u0158IKEM<\/td>\n<\/tr>\n<tr>\n<td>N\u00c1PL\u0147 OLEJE V MOTORU:<\/td>\n<td>0,4 L<\/td>\n<\/tr>\n<tr>\n<td>SYST\u00c9M ZAPALOV\u00c1N\u00cd:<\/td>\n<td>TCI<\/td>\n<\/tr>\n<tr>\n<td>ZAPALOVAC\u00cd SV\u00cd\u010cKA:<\/td>\n<td>CR7HSA<\/td>\n<\/tr>\n<tr>\n<td>STARTOV\u00c1N\u00cd:<\/td>\n<td>RU\u010cN\u00cd<\/td>\n<\/tr>\n<tr>\n<td>PALIVOV\u00c1 N\u00c1DR\u017d A PALIVO:<\/td>\n<td>4,4 L &#8211; BENZ\u00cdN NATUR\u00c1L 95<\/td>\n<\/tr>\n<tr>\n<td>SPOT\u0158EBA PALIVA:<\/td>\n<td>550 G\/kW.HOD<\/td>\n<\/tr>\n<tr>\n<td>DOBA CHODU NA PLNOU N\u00c1DR\u017d P\u0158I 75% ZAT\u00cd\u017dEN\u00cd:<\/td>\n<td>CCA 3,3 HOD.<\/td>\n<\/tr>\n<tr>\n<td>HLU\u010cNOST:<\/td>\n<td>64-69 dB V 7 M<\/td>\n<\/tr>\n<tr>\n<td>ROZM\u011aRY STROJE:<\/td>\n<td>530X290X430 MM<\/td>\n<\/tr>\n<tr>\n<td>HMOTNOST:<\/td>\n<td>23 KG<\/td>\n<\/tr>\n<tr>\n<td>TYP STROJE:<\/td>\n<td>P\u0158ENOSN\u00c1, TICH\u00c1<\/td>\n<\/tr>\n<tr>\n<td>PO\u010cET Z\u00c1SUVEK:<\/td>\n<td>2 X 230V\/16A 1 X USB<\/td>\n<\/tr>\n<tr>\n<td>V\u00ddBAVA:<\/td>\n<td>SN\u00cdMA\u010c HLADINY OLEJE, OCHRANA P\u0158ED P\u0158ET\u00cd\u017dEN\u00cdM, LCD DISPLEY, P\u0158\u00cdSLU\u0160ENSTV\u00cd KE STROJI (KABELY, N\u00c1\u0158AD\u00cd)<\/td>\n<\/tr><\/div>\n<\/table>\n","protected":false},"excerpt":{"rendered":"<p>Extr\u00e9mn\u011b tich\u00fd, mal\u00fd a lehk\u00fd agreg\u00e1t. Nov\u00e1 konstrukce mnohop\u00f3lov\u00e9ho altern\u00e1toru a invertoru. V\u00fdstup z altern\u00e1toru je usm\u011brn\u011bn a invertorem p\u0159eveden op\u011bt na st\u0159\u00eddav\u00e9 nap\u011bt\u00ed bez ohledu na ot\u00e1\u010dky motoru. Na v\u00fdstupu je tedy v\u017edy nejkvalitn\u011bj\u0161\u00ed mo\u017en\u00fd pr\u016fb\u011bh nap\u011bt\u00ed, i kdy\u017e motor automaticky p\u0159i odleh\u010den\u00ed p\u0159ejde do volnob\u011bhu. V\u00fdsledkem je 30 % \u00faspora paliva oproti klasick\u00fdm [&hellip;]<\/p>\n","protected":false},"featured_media":7482,"comment_status":"open","ping_status":"open","template":"","meta":[],"product_brand":[],"product_cat":[50],"product_tag":[],"class_list":{"0":"post-7382","1":"product","2":"type-product","3":"status-publish","4":"has-post-thumbnail","6":"product_cat-stavebni-technika","8":"first","9":"instock","10":"sale","11":"shipping-taxable","12":"purchasable","13":"product-type-simple"},"yoast_head":"<!-- This site is optimized with the Yoast SEO plugin v26.8 - https:\/\/yoast.com\/product\/yoast-seo-wordpress\/ -->\n<title>DEHRAY RIG2000 Zna\u010dkov\u00fd -<\/title>\n<meta name=\"robots\" content=\"index, follow, max-snippet:-1, max-image-preview:large, max-video-preview:-1\" \/>\n<link rel=\"canonical\" href=\"https:\/\/www.koupeltech.com\/index.php\/produkt\/dehray-rig2000-znackovy-7382\/\" \/>\n<meta property=\"og:locale\" content=\"cs_CZ\" \/>\n<meta property=\"og:type\" content=\"article\" \/>\n<meta property=\"og:title\" content=\"DEHRAY RIG2000 Zna\u010dkov\u00fd -\" \/>\n<meta property=\"og:description\" content=\"Extr\u00e9mn\u011b tich\u00fd, mal\u00fd a lehk\u00fd agreg\u00e1t. Nov\u00e1 konstrukce mnohop\u00f3lov\u00e9ho altern\u00e1toru a invertoru. V\u00fdstup z altern\u00e1toru je usm\u011brn\u011bn a invertorem p\u0159eveden op\u011bt na st\u0159\u00eddav\u00e9 nap\u011bt\u00ed bez ohledu na ot\u00e1\u010dky motoru. Na v\u00fdstupu je tedy v\u017edy nejkvalitn\u011bj\u0161\u00ed mo\u017en\u00fd pr\u016fb\u011bh nap\u011bt\u00ed, i kdy\u017e motor automaticky p\u0159i odleh\u010den\u00ed p\u0159ejde do volnob\u011bhu. V\u00fdsledkem je 30 % \u00faspora paliva oproti klasick\u00fdm [&hellip;]\" \/>\n<meta property=\"og:url\" content=\"https:\/\/www.koupeltech.com\/index.php\/produkt\/dehray-rig2000-znackovy-7382\/\" \/>\n<meta property=\"og:image\" content=\"https:\/\/www.koupeltech.com\/wp-content\/uploads\/2026\/SK0022850-CZ20260425-092328-0-1777080210-2020022814593812.webp\" \/>\n\t<meta property=\"og:image:width\" content=\"500\" \/>\n\t<meta property=\"og:image:height\" content=\"500\" \/>\n\t<meta property=\"og:image:type\" content=\"image\/webp\" \/>\n<meta name=\"twitter:card\" content=\"summary_large_image\" \/>\n<meta name=\"twitter:label1\" content=\"Odhadovan\u00e1 doba \u010dten\u00ed\" \/>\n\t<meta name=\"twitter:data1\" content=\"2 minuty\" \/>\n<script type=\"application\/ld+json\" class=\"yoast-schema-graph\">{\"@context\":\"https:\/\/schema.org\",\"@graph\":[{\"@type\":\"WebPage\",\"@id\":\"https:\/\/www.koupeltech.com\/index.php\/produkt\/dehray-rig2000-znackovy-7382\/\",\"url\":\"https:\/\/www.koupeltech.com\/index.php\/produkt\/dehray-rig2000-znackovy-7382\/\",\"name\":\"DEHRAY RIG2000 Zna\u010dkov\u00fd -\",\"isPartOf\":{\"@id\":\"https:\/\/www.koupeltech.com\/#website\"},\"primaryImageOfPage\":{\"@id\":\"https:\/\/www.koupeltech.com\/index.php\/produkt\/dehray-rig2000-znackovy-7382\/#primaryimage\"},\"image\":{\"@id\":\"https:\/\/www.koupeltech.com\/index.php\/produkt\/dehray-rig2000-znackovy-7382\/#primaryimage\"},\"thumbnailUrl\":\"https:\/\/www.koupeltech.com\/wp-content\/uploads\/2026\/SK0022850-CZ20260425-092328-0-1777080210-2020022814593812.webp\",\"datePublished\":\"2026-04-27T13:56:55+00:00\",\"breadcrumb\":{\"@id\":\"https:\/\/www.koupeltech.com\/index.php\/produkt\/dehray-rig2000-znackovy-7382\/#breadcrumb\"},\"inLanguage\":\"cs\",\"potentialAction\":[{\"@type\":\"ReadAction\",\"target\":[\"https:\/\/www.koupeltech.com\/index.php\/produkt\/dehray-rig2000-znackovy-7382\/\"]}]},{\"@type\":\"ImageObject\",\"inLanguage\":\"cs\",\"@id\":\"https:\/\/www.koupeltech.com\/index.php\/produkt\/dehray-rig2000-znackovy-7382\/#primaryimage\",\"url\":\"https:\/\/www.koupeltech.com\/wp-content\/uploads\/2026\/SK0022850-CZ20260425-092328-0-1777080210-2020022814593812.webp\",\"contentUrl\":\"https:\/\/www.koupeltech.com\/wp-content\/uploads\/2026\/SK0022850-CZ20260425-092328-0-1777080210-2020022814593812.webp\",\"width\":500,\"height\":500},{\"@type\":\"BreadcrumbList\",\"@id\":\"https:\/\/www.koupeltech.com\/index.php\/produkt\/dehray-rig2000-znackovy-7382\/#breadcrumb\",\"itemListElement\":[{\"@type\":\"ListItem\",\"position\":1,\"name\":\"Home\",\"item\":\"https:\/\/www.koupeltech.com\/\"},{\"@type\":\"ListItem\",\"position\":2,\"name\":\"Products\",\"item\":\"https:\/\/www.koupeltech.com\/index.php\/products\/\"},{\"@type\":\"ListItem\",\"position\":3,\"name\":\"DEHRAY RIG2000 Zna\u010dkov\u00fd\"}]},{\"@type\":\"WebSite\",\"@id\":\"https:\/\/www.koupeltech.com\/#website\",\"url\":\"https:\/\/www.koupeltech.com\/\",\"name\":\"\",\"description\":\"\",\"potentialAction\":[{\"@type\":\"SearchAction\",\"target\":{\"@type\":\"EntryPoint\",\"urlTemplate\":\"https:\/\/www.koupeltech.com\/?s={search_term_string}\"},\"query-input\":{\"@type\":\"PropertyValueSpecification\",\"valueRequired\":true,\"valueName\":\"search_term_string\"}}],\"inLanguage\":\"cs\"}]}<\/script>\n<!-- \/ Yoast SEO plugin. -->","yoast_head_json":{"title":"DEHRAY RIG2000 Zna\u010dkov\u00fd -","robots":{"index":"index","follow":"follow","max-snippet":"max-snippet:-1","max-image-preview":"max-image-preview:large","max-video-preview":"max-video-preview:-1"},"canonical":"https:\/\/www.koupeltech.com\/index.php\/produkt\/dehray-rig2000-znackovy-7382\/","og_locale":"cs_CZ","og_type":"article","og_title":"DEHRAY RIG2000 Zna\u010dkov\u00fd -","og_description":"Extr\u00e9mn\u011b tich\u00fd, mal\u00fd a lehk\u00fd agreg\u00e1t. Nov\u00e1 konstrukce mnohop\u00f3lov\u00e9ho altern\u00e1toru a invertoru. V\u00fdstup z altern\u00e1toru je usm\u011brn\u011bn a invertorem p\u0159eveden op\u011bt na st\u0159\u00eddav\u00e9 nap\u011bt\u00ed bez ohledu na ot\u00e1\u010dky motoru. Na v\u00fdstupu je tedy v\u017edy nejkvalitn\u011bj\u0161\u00ed mo\u017en\u00fd pr\u016fb\u011bh nap\u011bt\u00ed, i kdy\u017e motor automaticky p\u0159i odleh\u010den\u00ed p\u0159ejde do volnob\u011bhu. V\u00fdsledkem je 30 % \u00faspora paliva oproti klasick\u00fdm [&hellip;]","og_url":"https:\/\/www.koupeltech.com\/index.php\/produkt\/dehray-rig2000-znackovy-7382\/","og_image":[{"width":500,"height":500,"url":"https:\/\/www.koupeltech.com\/wp-content\/uploads\/2026\/SK0022850-CZ20260425-092328-0-1777080210-2020022814593812.webp","type":"image\/webp"}],"twitter_card":"summary_large_image","twitter_misc":{"Odhadovan\u00e1 doba \u010dten\u00ed":"2 minuty"},"schema":{"@context":"https:\/\/schema.org","@graph":[{"@type":"WebPage","@id":"https:\/\/www.koupeltech.com\/index.php\/produkt\/dehray-rig2000-znackovy-7382\/","url":"https:\/\/www.koupeltech.com\/index.php\/produkt\/dehray-rig2000-znackovy-7382\/","name":"DEHRAY RIG2000 Zna\u010dkov\u00fd -","isPartOf":{"@id":"https:\/\/www.koupeltech.com\/#website"},"primaryImageOfPage":{"@id":"https:\/\/www.koupeltech.com\/index.php\/produkt\/dehray-rig2000-znackovy-7382\/#primaryimage"},"image":{"@id":"https:\/\/www.koupeltech.com\/index.php\/produkt\/dehray-rig2000-znackovy-7382\/#primaryimage"},"thumbnailUrl":"https:\/\/www.koupeltech.com\/wp-content\/uploads\/2026\/SK0022850-CZ20260425-092328-0-1777080210-2020022814593812.webp","datePublished":"2026-04-27T13:56:55+00:00","breadcrumb":{"@id":"https:\/\/www.koupeltech.com\/index.php\/produkt\/dehray-rig2000-znackovy-7382\/#breadcrumb"},"inLanguage":"cs","potentialAction":[{"@type":"ReadAction","target":["https:\/\/www.koupeltech.com\/index.php\/produkt\/dehray-rig2000-znackovy-7382\/"]}]},{"@type":"ImageObject","inLanguage":"cs","@id":"https:\/\/www.koupeltech.com\/index.php\/produkt\/dehray-rig2000-znackovy-7382\/#primaryimage","url":"https:\/\/www.koupeltech.com\/wp-content\/uploads\/2026\/SK0022850-CZ20260425-092328-0-1777080210-2020022814593812.webp","contentUrl":"https:\/\/www.koupeltech.com\/wp-content\/uploads\/2026\/SK0022850-CZ20260425-092328-0-1777080210-2020022814593812.webp","width":500,"height":500},{"@type":"BreadcrumbList","@id":"https:\/\/www.koupeltech.com\/index.php\/produkt\/dehray-rig2000-znackovy-7382\/#breadcrumb","itemListElement":[{"@type":"ListItem","position":1,"name":"Home","item":"https:\/\/www.koupeltech.com\/"},{"@type":"ListItem","position":2,"name":"Products","item":"https:\/\/www.koupeltech.com\/index.php\/products\/"},{"@type":"ListItem","position":3,"name":"DEHRAY RIG2000 Zna\u010dkov\u00fd"}]},{"@type":"WebSite","@id":"https:\/\/www.koupeltech.com\/#website","url":"https:\/\/www.koupeltech.com\/","name":"","description":"","potentialAction":[{"@type":"SearchAction","target":{"@type":"EntryPoint","urlTemplate":"https:\/\/www.koupeltech.com\/?s={search_term_string}"},"query-input":{"@type":"PropertyValueSpecification","valueRequired":true,"valueName":"search_term_string"}}],"inLanguage":"cs"}]}},"_links":{"self":[{"href":"https:\/\/www.koupeltech.com\/index.php\/wp-json\/wp\/v2\/product\/7382","targetHints":{"allow":["GET"]}}],"collection":[{"href":"https:\/\/www.koupeltech.com\/index.php\/wp-json\/wp\/v2\/product"}],"about":[{"href":"https:\/\/www.koupeltech.com\/index.php\/wp-json\/wp\/v2\/types\/product"}],"replies":[{"embeddable":true,"href":"https:\/\/www.koupeltech.com\/index.php\/wp-json\/wp\/v2\/comments?post=7382"}],"wp:featuredmedia":[{"embeddable":true,"href":"https:\/\/www.koupeltech.com\/index.php\/wp-json\/wp\/v2\/media\/7482"}],"wp:attachment":[{"href":"https:\/\/www.koupeltech.com\/index.php\/wp-json\/wp\/v2\/media?parent=7382"}],"wp:term":[{"taxonomy":"product_brand","embeddable":true,"href":"https:\/\/www.koupeltech.com\/index.php\/wp-json\/wp\/v2\/product_brand?post=7382"},{"taxonomy":"product_cat","embeddable":true,"href":"https:\/\/www.koupeltech.com\/index.php\/wp-json\/wp\/v2\/product_cat?post=7382"},{"taxonomy":"product_tag","embeddable":true,"href":"https:\/\/www.koupeltech.com\/index.php\/wp-json\/wp\/v2\/product_tag?post=7382"}],"curies":[{"name":"wp","href":"https:\/\/api.w.org\/{rel}","templated":true}]}}