{"id":7525,"date":"2026-04-27T13:56:57","date_gmt":"2026-04-27T13:56:57","guid":{"rendered":""},"modified":"2026-04-27T13:56:57","modified_gmt":"2026-04-27T13:56:57","slug":"zlevneny-makita-b-65028-pilovy-kotouc-s-tvrdokovem-85mm-g30-tma069-7525","status":"publish","type":"product","link":"https:\/\/www.koupeltech.com\/index.php\/produkt\/zlevneny-makita-b-65028-pilovy-kotouc-s-tvrdokovem-85mm-g30-tma069-7525\/","title":{"rendered":"Zlevn\u011bn\u00fd Makita B-65028 pilov\u00fd kotou\u010d s tvrdokovem 85mm G30 TMA069"},"content":{"rendered":"<table>\n<div class=\"tab-pane active product-description\" id=\"popis\" role=\"tabpanel\">\n<div class=\"short-description\" itemprop=\"description\"><\/div>\n<div class=\"description\"><span class='bullet-line'>Mal\u00e9 v\u00fd\u0159ezy do keramick\u00fdch obklad\u016f a dla\u017eby. <br \/><\/span><span class='bullet-line'>Odstra\u0148ov\u00e1n\u00ed materi\u00e1lu ze sp\u00e1r obklad\u016f a dla\u017eby. <br \/><\/span><span class='bullet-line'>\u0158ez\u00e1n\u00ed dr\u00e1\u017eek do porobetonu a plast\u016f. <br \/><\/span><span class='bullet-line'>Ekvivalent ACZ85RT.<\/span><\/div>\n<div class=\"parameters\">\n<tr>\n<td>\u0161\u00ed\u0159ka<\/td>\n<td>85 mm<\/td>\n<\/tr><\/div>\n<\/table>\n","protected":false},"excerpt":{"rendered":"<p>Mal\u00e9 v\u00fd\u0159ezy do keramick\u00fdch obklad\u016f a dla\u017eby. Odstra\u0148ov\u00e1n\u00ed materi\u00e1lu ze sp\u00e1r obklad\u016f a dla\u017eby. \u0158ez\u00e1n\u00ed dr\u00e1\u017eek do porobetonu a plast\u016f. Ekvivalent ACZ85RT. \u0161\u00ed\u0159ka 85 mm<\/p>\n","protected":false},"featured_media":7625,"comment_status":"open","ping_status":"open","template":"","meta":[],"product_brand":[],"product_cat":[43],"product_tag":[],"class_list":{"0":"post-7525","1":"product","2":"type-product","3":"status-publish","4":"has-post-thumbnail","6":"product_cat-naradi","8":"first","9":"instock","10":"sale","11":"shipping-taxable","12":"purchasable","13":"product-type-simple"},"yoast_head":"<!-- This site is optimized with the Yoast SEO plugin v26.8 - https:\/\/yoast.com\/product\/yoast-seo-wordpress\/ -->\n<title>Zlevn\u011bn\u00fd Makita B-65028 pilov\u00fd kotou\u010d s tvrdokovem 85mm G30 TMA069 -<\/title>\n<meta name=\"robots\" content=\"index, follow, max-snippet:-1, max-image-preview:large, max-video-preview:-1\" \/>\n<link rel=\"canonical\" href=\"https:\/\/www.koupeltech.com\/index.php\/produkt\/zlevneny-makita-b-65028-pilovy-kotouc-s-tvrdokovem-85mm-g30-tma069-7525\/\" \/>\n<meta property=\"og:locale\" content=\"cs_CZ\" \/>\n<meta property=\"og:type\" content=\"article\" \/>\n<meta property=\"og:title\" content=\"Zlevn\u011bn\u00fd Makita B-65028 pilov\u00fd kotou\u010d s tvrdokovem 85mm G30 TMA069 -\" \/>\n<meta property=\"og:description\" content=\"Mal\u00e9 v\u00fd\u0159ezy do keramick\u00fdch obklad\u016f a dla\u017eby. Odstra\u0148ov\u00e1n\u00ed materi\u00e1lu ze sp\u00e1r obklad\u016f a dla\u017eby. \u0158ez\u00e1n\u00ed dr\u00e1\u017eek do porobetonu a plast\u016f. Ekvivalent ACZ85RT. \u0161\u00ed\u0159ka 85 mm\" \/>\n<meta property=\"og:url\" content=\"https:\/\/www.koupeltech.com\/index.php\/produkt\/zlevneny-makita-b-65028-pilovy-kotouc-s-tvrdokovem-85mm-g30-tma069-7525\/\" \/>\n<meta property=\"og:image\" content=\"https:\/\/www.koupeltech.com\/wp-content\/uploads\/2026\/SK0022894-CZ20260425-092328-0-1777080210-m_38855.webp\" \/>\n\t<meta property=\"og:image:width\" content=\"300\" \/>\n\t<meta property=\"og:image:height\" content=\"300\" \/>\n\t<meta property=\"og:image:type\" content=\"image\/webp\" \/>\n<meta name=\"twitter:card\" content=\"summary_large_image\" \/>\n<script type=\"application\/ld+json\" class=\"yoast-schema-graph\">{\"@context\":\"https:\/\/schema.org\",\"@graph\":[{\"@type\":\"WebPage\",\"@id\":\"https:\/\/www.koupeltech.com\/index.php\/produkt\/zlevneny-makita-b-65028-pilovy-kotouc-s-tvrdokovem-85mm-g30-tma069-7525\/\",\"url\":\"https:\/\/www.koupeltech.com\/index.php\/produkt\/zlevneny-makita-b-65028-pilovy-kotouc-s-tvrdokovem-85mm-g30-tma069-7525\/\",\"name\":\"Zlevn\u011bn\u00fd Makita B-65028 pilov\u00fd kotou\u010d s tvrdokovem 85mm G30 TMA069 -\",\"isPartOf\":{\"@id\":\"https:\/\/www.koupeltech.com\/#website\"},\"primaryImageOfPage\":{\"@id\":\"https:\/\/www.koupeltech.com\/index.php\/produkt\/zlevneny-makita-b-65028-pilovy-kotouc-s-tvrdokovem-85mm-g30-tma069-7525\/#primaryimage\"},\"image\":{\"@id\":\"https:\/\/www.koupeltech.com\/index.php\/produkt\/zlevneny-makita-b-65028-pilovy-kotouc-s-tvrdokovem-85mm-g30-tma069-7525\/#primaryimage\"},\"thumbnailUrl\":\"https:\/\/www.koupeltech.com\/wp-content\/uploads\/2026\/SK0022894-CZ20260425-092328-0-1777080210-m_38855.webp\",\"datePublished\":\"2026-04-27T13:56:57+00:00\",\"breadcrumb\":{\"@id\":\"https:\/\/www.koupeltech.com\/index.php\/produkt\/zlevneny-makita-b-65028-pilovy-kotouc-s-tvrdokovem-85mm-g30-tma069-7525\/#breadcrumb\"},\"inLanguage\":\"cs\",\"potentialAction\":[{\"@type\":\"ReadAction\",\"target\":[\"https:\/\/www.koupeltech.com\/index.php\/produkt\/zlevneny-makita-b-65028-pilovy-kotouc-s-tvrdokovem-85mm-g30-tma069-7525\/\"]}]},{\"@type\":\"ImageObject\",\"inLanguage\":\"cs\",\"@id\":\"https:\/\/www.koupeltech.com\/index.php\/produkt\/zlevneny-makita-b-65028-pilovy-kotouc-s-tvrdokovem-85mm-g30-tma069-7525\/#primaryimage\",\"url\":\"https:\/\/www.koupeltech.com\/wp-content\/uploads\/2026\/SK0022894-CZ20260425-092328-0-1777080210-m_38855.webp\",\"contentUrl\":\"https:\/\/www.koupeltech.com\/wp-content\/uploads\/2026\/SK0022894-CZ20260425-092328-0-1777080210-m_38855.webp\",\"width\":300,\"height\":300},{\"@type\":\"BreadcrumbList\",\"@id\":\"https:\/\/www.koupeltech.com\/index.php\/produkt\/zlevneny-makita-b-65028-pilovy-kotouc-s-tvrdokovem-85mm-g30-tma069-7525\/#breadcrumb\",\"itemListElement\":[{\"@type\":\"ListItem\",\"position\":1,\"name\":\"Home\",\"item\":\"https:\/\/www.koupeltech.com\/\"},{\"@type\":\"ListItem\",\"position\":2,\"name\":\"Products\",\"item\":\"https:\/\/www.koupeltech.com\/index.php\/products\/\"},{\"@type\":\"ListItem\",\"position\":3,\"name\":\"Zlevn\u011bn\u00fd Makita B-65028 pilov\u00fd kotou\u010d s tvrdokovem 85mm G30 TMA069\"}]},{\"@type\":\"WebSite\",\"@id\":\"https:\/\/www.koupeltech.com\/#website\",\"url\":\"https:\/\/www.koupeltech.com\/\",\"name\":\"\",\"description\":\"\",\"potentialAction\":[{\"@type\":\"SearchAction\",\"target\":{\"@type\":\"EntryPoint\",\"urlTemplate\":\"https:\/\/www.koupeltech.com\/?s={search_term_string}\"},\"query-input\":{\"@type\":\"PropertyValueSpecification\",\"valueRequired\":true,\"valueName\":\"search_term_string\"}}],\"inLanguage\":\"cs\"}]}<\/script>\n<!-- \/ Yoast SEO plugin. -->","yoast_head_json":{"title":"Zlevn\u011bn\u00fd Makita B-65028 pilov\u00fd kotou\u010d s tvrdokovem 85mm G30 TMA069 -","robots":{"index":"index","follow":"follow","max-snippet":"max-snippet:-1","max-image-preview":"max-image-preview:large","max-video-preview":"max-video-preview:-1"},"canonical":"https:\/\/www.koupeltech.com\/index.php\/produkt\/zlevneny-makita-b-65028-pilovy-kotouc-s-tvrdokovem-85mm-g30-tma069-7525\/","og_locale":"cs_CZ","og_type":"article","og_title":"Zlevn\u011bn\u00fd Makita B-65028 pilov\u00fd kotou\u010d s tvrdokovem 85mm G30 TMA069 -","og_description":"Mal\u00e9 v\u00fd\u0159ezy do keramick\u00fdch obklad\u016f a dla\u017eby. Odstra\u0148ov\u00e1n\u00ed materi\u00e1lu ze sp\u00e1r obklad\u016f a dla\u017eby. \u0158ez\u00e1n\u00ed dr\u00e1\u017eek do porobetonu a plast\u016f. Ekvivalent ACZ85RT. \u0161\u00ed\u0159ka 85 mm","og_url":"https:\/\/www.koupeltech.com\/index.php\/produkt\/zlevneny-makita-b-65028-pilovy-kotouc-s-tvrdokovem-85mm-g30-tma069-7525\/","og_image":[{"width":300,"height":300,"url":"https:\/\/www.koupeltech.com\/wp-content\/uploads\/2026\/SK0022894-CZ20260425-092328-0-1777080210-m_38855.webp","type":"image\/webp"}],"twitter_card":"summary_large_image","schema":{"@context":"https:\/\/schema.org","@graph":[{"@type":"WebPage","@id":"https:\/\/www.koupeltech.com\/index.php\/produkt\/zlevneny-makita-b-65028-pilovy-kotouc-s-tvrdokovem-85mm-g30-tma069-7525\/","url":"https:\/\/www.koupeltech.com\/index.php\/produkt\/zlevneny-makita-b-65028-pilovy-kotouc-s-tvrdokovem-85mm-g30-tma069-7525\/","name":"Zlevn\u011bn\u00fd Makita B-65028 pilov\u00fd kotou\u010d s tvrdokovem 85mm G30 TMA069 -","isPartOf":{"@id":"https:\/\/www.koupeltech.com\/#website"},"primaryImageOfPage":{"@id":"https:\/\/www.koupeltech.com\/index.php\/produkt\/zlevneny-makita-b-65028-pilovy-kotouc-s-tvrdokovem-85mm-g30-tma069-7525\/#primaryimage"},"image":{"@id":"https:\/\/www.koupeltech.com\/index.php\/produkt\/zlevneny-makita-b-65028-pilovy-kotouc-s-tvrdokovem-85mm-g30-tma069-7525\/#primaryimage"},"thumbnailUrl":"https:\/\/www.koupeltech.com\/wp-content\/uploads\/2026\/SK0022894-CZ20260425-092328-0-1777080210-m_38855.webp","datePublished":"2026-04-27T13:56:57+00:00","breadcrumb":{"@id":"https:\/\/www.koupeltech.com\/index.php\/produkt\/zlevneny-makita-b-65028-pilovy-kotouc-s-tvrdokovem-85mm-g30-tma069-7525\/#breadcrumb"},"inLanguage":"cs","potentialAction":[{"@type":"ReadAction","target":["https:\/\/www.koupeltech.com\/index.php\/produkt\/zlevneny-makita-b-65028-pilovy-kotouc-s-tvrdokovem-85mm-g30-tma069-7525\/"]}]},{"@type":"ImageObject","inLanguage":"cs","@id":"https:\/\/www.koupeltech.com\/index.php\/produkt\/zlevneny-makita-b-65028-pilovy-kotouc-s-tvrdokovem-85mm-g30-tma069-7525\/#primaryimage","url":"https:\/\/www.koupeltech.com\/wp-content\/uploads\/2026\/SK0022894-CZ20260425-092328-0-1777080210-m_38855.webp","contentUrl":"https:\/\/www.koupeltech.com\/wp-content\/uploads\/2026\/SK0022894-CZ20260425-092328-0-1777080210-m_38855.webp","width":300,"height":300},{"@type":"BreadcrumbList","@id":"https:\/\/www.koupeltech.com\/index.php\/produkt\/zlevneny-makita-b-65028-pilovy-kotouc-s-tvrdokovem-85mm-g30-tma069-7525\/#breadcrumb","itemListElement":[{"@type":"ListItem","position":1,"name":"Home","item":"https:\/\/www.koupeltech.com\/"},{"@type":"ListItem","position":2,"name":"Products","item":"https:\/\/www.koupeltech.com\/index.php\/products\/"},{"@type":"ListItem","position":3,"name":"Zlevn\u011bn\u00fd Makita B-65028 pilov\u00fd kotou\u010d s tvrdokovem 85mm G30 TMA069"}]},{"@type":"WebSite","@id":"https:\/\/www.koupeltech.com\/#website","url":"https:\/\/www.koupeltech.com\/","name":"","description":"","potentialAction":[{"@type":"SearchAction","target":{"@type":"EntryPoint","urlTemplate":"https:\/\/www.koupeltech.com\/?s={search_term_string}"},"query-input":{"@type":"PropertyValueSpecification","valueRequired":true,"valueName":"search_term_string"}}],"inLanguage":"cs"}]}},"_links":{"self":[{"href":"https:\/\/www.koupeltech.com\/index.php\/wp-json\/wp\/v2\/product\/7525","targetHints":{"allow":["GET"]}}],"collection":[{"href":"https:\/\/www.koupeltech.com\/index.php\/wp-json\/wp\/v2\/product"}],"about":[{"href":"https:\/\/www.koupeltech.com\/index.php\/wp-json\/wp\/v2\/types\/product"}],"replies":[{"embeddable":true,"href":"https:\/\/www.koupeltech.com\/index.php\/wp-json\/wp\/v2\/comments?post=7525"}],"wp:featuredmedia":[{"embeddable":true,"href":"https:\/\/www.koupeltech.com\/index.php\/wp-json\/wp\/v2\/media\/7625"}],"wp:attachment":[{"href":"https:\/\/www.koupeltech.com\/index.php\/wp-json\/wp\/v2\/media?parent=7525"}],"wp:term":[{"taxonomy":"product_brand","embeddable":true,"href":"https:\/\/www.koupeltech.com\/index.php\/wp-json\/wp\/v2\/product_brand?post=7525"},{"taxonomy":"product_cat","embeddable":true,"href":"https:\/\/www.koupeltech.com\/index.php\/wp-json\/wp\/v2\/product_cat?post=7525"},{"taxonomy":"product_tag","embeddable":true,"href":"https:\/\/www.koupeltech.com\/index.php\/wp-json\/wp\/v2\/product_tag?post=7525"}],"curies":[{"name":"wp","href":"https:\/\/api.w.org\/{rel}","templated":true}]}}