{"id":7527,"date":"2026-04-27T13:56:57","date_gmt":"2026-04-27T13:56:57","guid":{"rendered":""},"modified":"2026-04-27T13:56:57","modified_gmt":"2026-04-27T13:56:57","slug":"makita-dcw180z-aku-chladici-a-ohrivaci-box-li-ion-lxt-2x18v-bez-aku-z-dokud-zasoby-vydrzi-7527","status":"publish","type":"product","link":"https:\/\/www.koupeltech.com\/index.php\/produkt\/makita-dcw180z-aku-chladici-a-ohrivaci-box-li-ion-lxt-2x18v-bez-aku-z-dokud-zasoby-vydrzi-7527\/","title":{"rendered":"Makita DCW180Z Aku chlad\u00edc\u00ed a oh\u0159\u00edvac\u00ed box Li-ion LXT 2x18V,bez aku Z Dokud Z\u00e1soby Vydr\u017e\u00ed"},"content":{"rendered":"<table>\n<div class=\"tab-pane active product-description\" id=\"popis\" role=\"tabpanel\">\n<div class=\"short-description\" itemprop=\"description\"><\/div>\n<div class=\"description\"><span class='bullet-line'>\u0160ikovn\u00fd pomocn\u00edk na cest\u00e1ch funguj\u00edc\u00ed na 2 akumul\u00e1tory Li-ion 18V, s\u00ed\u0165ov\u00fd adapt\u00e9r nebo autokonektor 12\/24V<br \/><\/span><span class='bullet-line'>Kompresorov\u00fd typ s velmi tich\u00fdm chodem<br \/><\/span><span class='bullet-line'>Mo\u017enost nastaven\u00ed 5 stup\u0148\u016f chlazen\u00ed -18\u00b0C, -10\u00b0C, 0\u00b0C, 5\u00b0C a 10\u00b0C<br \/><\/span><span class='bullet-line'>Mo\u017enost nastaven\u00ed oh\u0159evu na 55\u00b0C nebo 60\u00b0C<br \/><\/span><span class='bullet-line'>Objem boxu je 20 l<br \/><\/span><span class='bullet-line'>P\u0159ehledn\u00fd LED displej<br \/><\/span><span class='bullet-line'>Mo\u017enost nab\u00edjen\u00ed extern\u00edho p\u0159\u00edstroje p\u0159es USB 5V\/2,4A<br \/><\/span><span class='bullet-line'>Dlouh\u00e1 v\u00fddr\u017e na jedno nabit\u00ed akumul\u00e1tor\u016f p\u0159i pou\u017eit\u00ed 2 ks BL1860B &#8211; a\u017e 5 hodin\/-18\u00b0C nebo 17 hodin\/5\u00b0C nebo 4 hodiny\/60\u00b0C<br \/><\/span><span class='bullet-line'>Integrovan\u00fd otv\u00edr\u00e1k na l\u00e1hve<br \/><\/span><span class='bullet-line'>IPX4 &#8211; odoln\u00e9 proti st\u0159\u00edkaj\u00edc\u00ed vod\u011b &#8211; pouze v p\u0159\u00edpad\u011b nap\u00e1jen\u00ed z akumul\u00e1tor\u016f<br \/><\/span><span class='bullet-line'>Spolehliv\u00e1 izolace zaru\u010duje dlouh\u00e9 zachov\u00e1n\u00ed teploty v boxu i po vypnut\u00ed nap\u00e1jen\u00ed<br \/><\/span><span class='bullet-line'>Praktick\u00e1 rukoje\u0165 a 100 mm kole\u010dka pro jednoduch\u00fd p\u0159evoz ledni\u010dky<br \/><\/span><span class='bullet-line'>Dod\u00e1vka bez akumul\u00e1tor\u016f a nab\u00edje\u010dky<br \/><\/span><br \/>\u25ba P\u0159\u00edslu\u0161enstv\u00ed<span class='bullet-line'>AC konektor + adapt\u00e9r (WL00000058 )<br \/><\/span><span class='bullet-line'>Autokonektor 12\/24V (WL00000002 )<\/span><\/div>\n<div class=\"parameters\">\n<tr>\n<td>Akumul\u00e1tor<\/td>\n<td>Li-ion 2x18V<\/td>\n<\/tr>\n<tr>\n<td>Max doba pou\u017eit\u00ed<\/td>\n<td>17 hod\/5\u00b0C\/BL1860B<\/td>\n<\/tr>\n<tr>\n<td>Objem n\u00e1doby<\/td>\n<td>20 l<\/td>\n<\/tr>\n<tr>\n<td>Hmotnost<\/td>\n<td>12,9 \/ 14,3 kg<\/td>\n<\/tr>\n<tr>\n<td>Rozm\u011bry (Dx\u0160xV)<\/td>\n<td>623 x 341 x 371,5 mm<\/td>\n<\/tr><\/div>\n<\/table>\n","protected":false},"excerpt":{"rendered":"<p>\u0160ikovn\u00fd pomocn\u00edk na cest\u00e1ch funguj\u00edc\u00ed na 2 akumul\u00e1tory Li-ion 18V, s\u00ed\u0165ov\u00fd adapt\u00e9r nebo autokonektor 12\/24VKompresorov\u00fd typ s velmi tich\u00fdm chodemMo\u017enost nastaven\u00ed 5 stup\u0148\u016f chlazen\u00ed -18\u00b0C, -10\u00b0C, 0\u00b0C, 5\u00b0C a 10\u00b0CMo\u017enost nastaven\u00ed oh\u0159evu na 55\u00b0C nebo 60\u00b0CObjem boxu je 20 lP\u0159ehledn\u00fd LED displejMo\u017enost nab\u00edjen\u00ed extern\u00edho p\u0159\u00edstroje p\u0159es USB 5V\/2,4ADlouh\u00e1 v\u00fddr\u017e na jedno nabit\u00ed akumul\u00e1tor\u016f p\u0159i pou\u017eit\u00ed [&hellip;]<\/p>\n","protected":false},"featured_media":7627,"comment_status":"open","ping_status":"open","template":"","meta":[],"product_brand":[],"product_cat":[51,52,53],"product_tag":[],"class_list":{"0":"post-7527","1":"product","2":"type-product","3":"status-publish","4":"has-post-thumbnail","6":"product_cat-bazen","7":"product_cat-sport","8":"product_cat-volny-cas","10":"first","11":"instock","12":"sale","13":"shipping-taxable","14":"purchasable","15":"product-type-simple"},"yoast_head":"<!-- This site is optimized with the Yoast SEO plugin v26.8 - https:\/\/yoast.com\/product\/yoast-seo-wordpress\/ -->\n<title>Makita DCW180Z Aku chlad\u00edc\u00ed a oh\u0159\u00edvac\u00ed box Li-ion LXT 2x18V,bez aku Z Dokud Z\u00e1soby Vydr\u017e\u00ed -<\/title>\n<meta name=\"robots\" content=\"index, follow, max-snippet:-1, max-image-preview:large, max-video-preview:-1\" \/>\n<link rel=\"canonical\" href=\"https:\/\/www.koupeltech.com\/index.php\/produkt\/makita-dcw180z-aku-chladici-a-ohrivaci-box-li-ion-lxt-2x18v-bez-aku-z-dokud-zasoby-vydrzi-7527\/\" \/>\n<meta property=\"og:locale\" content=\"cs_CZ\" \/>\n<meta property=\"og:type\" content=\"article\" \/>\n<meta property=\"og:title\" content=\"Makita DCW180Z Aku chlad\u00edc\u00ed a oh\u0159\u00edvac\u00ed box Li-ion LXT 2x18V,bez aku Z Dokud Z\u00e1soby Vydr\u017e\u00ed -\" \/>\n<meta property=\"og:description\" content=\"\u0160ikovn\u00fd pomocn\u00edk na cest\u00e1ch funguj\u00edc\u00ed na 2 akumul\u00e1tory Li-ion 18V, s\u00ed\u0165ov\u00fd adapt\u00e9r nebo autokonektor 12\/24VKompresorov\u00fd typ s velmi tich\u00fdm chodemMo\u017enost nastaven\u00ed 5 stup\u0148\u016f chlazen\u00ed -18\u00b0C, -10\u00b0C, 0\u00b0C, 5\u00b0C a 10\u00b0CMo\u017enost nastaven\u00ed oh\u0159evu na 55\u00b0C nebo 60\u00b0CObjem boxu je 20 lP\u0159ehledn\u00fd LED displejMo\u017enost nab\u00edjen\u00ed extern\u00edho p\u0159\u00edstroje p\u0159es USB 5V\/2,4ADlouh\u00e1 v\u00fddr\u017e na jedno nabit\u00ed akumul\u00e1tor\u016f p\u0159i pou\u017eit\u00ed [&hellip;]\" \/>\n<meta property=\"og:url\" content=\"https:\/\/www.koupeltech.com\/index.php\/produkt\/makita-dcw180z-aku-chladici-a-ohrivaci-box-li-ion-lxt-2x18v-bez-aku-z-dokud-zasoby-vydrzi-7527\/\" \/>\n<meta property=\"og:image\" content=\"https:\/\/www.koupeltech.com\/wp-content\/uploads\/2026\/SK0022896-CZ20260425-092328-0-1777080210-priloha_-skk-41904.webp\" \/>\n\t<meta property=\"og:image:width\" content=\"414\" \/>\n\t<meta property=\"og:image:height\" content=\"320\" \/>\n\t<meta property=\"og:image:type\" content=\"image\/webp\" \/>\n<meta name=\"twitter:card\" content=\"summary_large_image\" \/>\n<meta name=\"twitter:label1\" content=\"Odhadovan\u00e1 doba \u010dten\u00ed\" \/>\n\t<meta name=\"twitter:data1\" content=\"1 minuta\" \/>\n<script type=\"application\/ld+json\" class=\"yoast-schema-graph\">{\"@context\":\"https:\/\/schema.org\",\"@graph\":[{\"@type\":\"WebPage\",\"@id\":\"https:\/\/www.koupeltech.com\/index.php\/produkt\/makita-dcw180z-aku-chladici-a-ohrivaci-box-li-ion-lxt-2x18v-bez-aku-z-dokud-zasoby-vydrzi-7527\/\",\"url\":\"https:\/\/www.koupeltech.com\/index.php\/produkt\/makita-dcw180z-aku-chladici-a-ohrivaci-box-li-ion-lxt-2x18v-bez-aku-z-dokud-zasoby-vydrzi-7527\/\",\"name\":\"Makita DCW180Z Aku chlad\u00edc\u00ed a oh\u0159\u00edvac\u00ed box Li-ion LXT 2x18V,bez aku Z Dokud Z\u00e1soby Vydr\u017e\u00ed -\",\"isPartOf\":{\"@id\":\"https:\/\/www.koupeltech.com\/#website\"},\"primaryImageOfPage\":{\"@id\":\"https:\/\/www.koupeltech.com\/index.php\/produkt\/makita-dcw180z-aku-chladici-a-ohrivaci-box-li-ion-lxt-2x18v-bez-aku-z-dokud-zasoby-vydrzi-7527\/#primaryimage\"},\"image\":{\"@id\":\"https:\/\/www.koupeltech.com\/index.php\/produkt\/makita-dcw180z-aku-chladici-a-ohrivaci-box-li-ion-lxt-2x18v-bez-aku-z-dokud-zasoby-vydrzi-7527\/#primaryimage\"},\"thumbnailUrl\":\"https:\/\/www.koupeltech.com\/wp-content\/uploads\/2026\/SK0022896-CZ20260425-092328-0-1777080210-priloha_-skk-41904.webp\",\"datePublished\":\"2026-04-27T13:56:57+00:00\",\"breadcrumb\":{\"@id\":\"https:\/\/www.koupeltech.com\/index.php\/produkt\/makita-dcw180z-aku-chladici-a-ohrivaci-box-li-ion-lxt-2x18v-bez-aku-z-dokud-zasoby-vydrzi-7527\/#breadcrumb\"},\"inLanguage\":\"cs\",\"potentialAction\":[{\"@type\":\"ReadAction\",\"target\":[\"https:\/\/www.koupeltech.com\/index.php\/produkt\/makita-dcw180z-aku-chladici-a-ohrivaci-box-li-ion-lxt-2x18v-bez-aku-z-dokud-zasoby-vydrzi-7527\/\"]}]},{\"@type\":\"ImageObject\",\"inLanguage\":\"cs\",\"@id\":\"https:\/\/www.koupeltech.com\/index.php\/produkt\/makita-dcw180z-aku-chladici-a-ohrivaci-box-li-ion-lxt-2x18v-bez-aku-z-dokud-zasoby-vydrzi-7527\/#primaryimage\",\"url\":\"https:\/\/www.koupeltech.com\/wp-content\/uploads\/2026\/SK0022896-CZ20260425-092328-0-1777080210-priloha_-skk-41904.webp\",\"contentUrl\":\"https:\/\/www.koupeltech.com\/wp-content\/uploads\/2026\/SK0022896-CZ20260425-092328-0-1777080210-priloha_-skk-41904.webp\",\"width\":414,\"height\":320},{\"@type\":\"BreadcrumbList\",\"@id\":\"https:\/\/www.koupeltech.com\/index.php\/produkt\/makita-dcw180z-aku-chladici-a-ohrivaci-box-li-ion-lxt-2x18v-bez-aku-z-dokud-zasoby-vydrzi-7527\/#breadcrumb\",\"itemListElement\":[{\"@type\":\"ListItem\",\"position\":1,\"name\":\"Home\",\"item\":\"https:\/\/www.koupeltech.com\/\"},{\"@type\":\"ListItem\",\"position\":2,\"name\":\"Products\",\"item\":\"https:\/\/www.koupeltech.com\/index.php\/products\/\"},{\"@type\":\"ListItem\",\"position\":3,\"name\":\"Makita DCW180Z Aku chlad\u00edc\u00ed a oh\u0159\u00edvac\u00ed box Li-ion LXT 2x18V,bez aku Z Dokud Z\u00e1soby Vydr\u017e\u00ed\"}]},{\"@type\":\"WebSite\",\"@id\":\"https:\/\/www.koupeltech.com\/#website\",\"url\":\"https:\/\/www.koupeltech.com\/\",\"name\":\"\",\"description\":\"\",\"potentialAction\":[{\"@type\":\"SearchAction\",\"target\":{\"@type\":\"EntryPoint\",\"urlTemplate\":\"https:\/\/www.koupeltech.com\/?s={search_term_string}\"},\"query-input\":{\"@type\":\"PropertyValueSpecification\",\"valueRequired\":true,\"valueName\":\"search_term_string\"}}],\"inLanguage\":\"cs\"}]}<\/script>\n<!-- \/ Yoast SEO plugin. -->","yoast_head_json":{"title":"Makita DCW180Z Aku chlad\u00edc\u00ed a oh\u0159\u00edvac\u00ed box Li-ion LXT 2x18V,bez aku Z Dokud Z\u00e1soby Vydr\u017e\u00ed -","robots":{"index":"index","follow":"follow","max-snippet":"max-snippet:-1","max-image-preview":"max-image-preview:large","max-video-preview":"max-video-preview:-1"},"canonical":"https:\/\/www.koupeltech.com\/index.php\/produkt\/makita-dcw180z-aku-chladici-a-ohrivaci-box-li-ion-lxt-2x18v-bez-aku-z-dokud-zasoby-vydrzi-7527\/","og_locale":"cs_CZ","og_type":"article","og_title":"Makita DCW180Z Aku chlad\u00edc\u00ed a oh\u0159\u00edvac\u00ed box Li-ion LXT 2x18V,bez aku Z Dokud Z\u00e1soby Vydr\u017e\u00ed -","og_description":"\u0160ikovn\u00fd pomocn\u00edk na cest\u00e1ch funguj\u00edc\u00ed na 2 akumul\u00e1tory Li-ion 18V, s\u00ed\u0165ov\u00fd adapt\u00e9r nebo autokonektor 12\/24VKompresorov\u00fd typ s velmi tich\u00fdm chodemMo\u017enost nastaven\u00ed 5 stup\u0148\u016f chlazen\u00ed -18\u00b0C, -10\u00b0C, 0\u00b0C, 5\u00b0C a 10\u00b0CMo\u017enost nastaven\u00ed oh\u0159evu na 55\u00b0C nebo 60\u00b0CObjem boxu je 20 lP\u0159ehledn\u00fd LED displejMo\u017enost nab\u00edjen\u00ed extern\u00edho p\u0159\u00edstroje p\u0159es USB 5V\/2,4ADlouh\u00e1 v\u00fddr\u017e na jedno nabit\u00ed akumul\u00e1tor\u016f p\u0159i pou\u017eit\u00ed [&hellip;]","og_url":"https:\/\/www.koupeltech.com\/index.php\/produkt\/makita-dcw180z-aku-chladici-a-ohrivaci-box-li-ion-lxt-2x18v-bez-aku-z-dokud-zasoby-vydrzi-7527\/","og_image":[{"width":414,"height":320,"url":"https:\/\/www.koupeltech.com\/wp-content\/uploads\/2026\/SK0022896-CZ20260425-092328-0-1777080210-priloha_-skk-41904.webp","type":"image\/webp"}],"twitter_card":"summary_large_image","twitter_misc":{"Odhadovan\u00e1 doba \u010dten\u00ed":"1 minuta"},"schema":{"@context":"https:\/\/schema.org","@graph":[{"@type":"WebPage","@id":"https:\/\/www.koupeltech.com\/index.php\/produkt\/makita-dcw180z-aku-chladici-a-ohrivaci-box-li-ion-lxt-2x18v-bez-aku-z-dokud-zasoby-vydrzi-7527\/","url":"https:\/\/www.koupeltech.com\/index.php\/produkt\/makita-dcw180z-aku-chladici-a-ohrivaci-box-li-ion-lxt-2x18v-bez-aku-z-dokud-zasoby-vydrzi-7527\/","name":"Makita DCW180Z Aku chlad\u00edc\u00ed a oh\u0159\u00edvac\u00ed box Li-ion LXT 2x18V,bez aku Z Dokud Z\u00e1soby Vydr\u017e\u00ed -","isPartOf":{"@id":"https:\/\/www.koupeltech.com\/#website"},"primaryImageOfPage":{"@id":"https:\/\/www.koupeltech.com\/index.php\/produkt\/makita-dcw180z-aku-chladici-a-ohrivaci-box-li-ion-lxt-2x18v-bez-aku-z-dokud-zasoby-vydrzi-7527\/#primaryimage"},"image":{"@id":"https:\/\/www.koupeltech.com\/index.php\/produkt\/makita-dcw180z-aku-chladici-a-ohrivaci-box-li-ion-lxt-2x18v-bez-aku-z-dokud-zasoby-vydrzi-7527\/#primaryimage"},"thumbnailUrl":"https:\/\/www.koupeltech.com\/wp-content\/uploads\/2026\/SK0022896-CZ20260425-092328-0-1777080210-priloha_-skk-41904.webp","datePublished":"2026-04-27T13:56:57+00:00","breadcrumb":{"@id":"https:\/\/www.koupeltech.com\/index.php\/produkt\/makita-dcw180z-aku-chladici-a-ohrivaci-box-li-ion-lxt-2x18v-bez-aku-z-dokud-zasoby-vydrzi-7527\/#breadcrumb"},"inLanguage":"cs","potentialAction":[{"@type":"ReadAction","target":["https:\/\/www.koupeltech.com\/index.php\/produkt\/makita-dcw180z-aku-chladici-a-ohrivaci-box-li-ion-lxt-2x18v-bez-aku-z-dokud-zasoby-vydrzi-7527\/"]}]},{"@type":"ImageObject","inLanguage":"cs","@id":"https:\/\/www.koupeltech.com\/index.php\/produkt\/makita-dcw180z-aku-chladici-a-ohrivaci-box-li-ion-lxt-2x18v-bez-aku-z-dokud-zasoby-vydrzi-7527\/#primaryimage","url":"https:\/\/www.koupeltech.com\/wp-content\/uploads\/2026\/SK0022896-CZ20260425-092328-0-1777080210-priloha_-skk-41904.webp","contentUrl":"https:\/\/www.koupeltech.com\/wp-content\/uploads\/2026\/SK0022896-CZ20260425-092328-0-1777080210-priloha_-skk-41904.webp","width":414,"height":320},{"@type":"BreadcrumbList","@id":"https:\/\/www.koupeltech.com\/index.php\/produkt\/makita-dcw180z-aku-chladici-a-ohrivaci-box-li-ion-lxt-2x18v-bez-aku-z-dokud-zasoby-vydrzi-7527\/#breadcrumb","itemListElement":[{"@type":"ListItem","position":1,"name":"Home","item":"https:\/\/www.koupeltech.com\/"},{"@type":"ListItem","position":2,"name":"Products","item":"https:\/\/www.koupeltech.com\/index.php\/products\/"},{"@type":"ListItem","position":3,"name":"Makita DCW180Z Aku chlad\u00edc\u00ed a oh\u0159\u00edvac\u00ed box Li-ion LXT 2x18V,bez aku Z Dokud Z\u00e1soby Vydr\u017e\u00ed"}]},{"@type":"WebSite","@id":"https:\/\/www.koupeltech.com\/#website","url":"https:\/\/www.koupeltech.com\/","name":"","description":"","potentialAction":[{"@type":"SearchAction","target":{"@type":"EntryPoint","urlTemplate":"https:\/\/www.koupeltech.com\/?s={search_term_string}"},"query-input":{"@type":"PropertyValueSpecification","valueRequired":true,"valueName":"search_term_string"}}],"inLanguage":"cs"}]}},"_links":{"self":[{"href":"https:\/\/www.koupeltech.com\/index.php\/wp-json\/wp\/v2\/product\/7527","targetHints":{"allow":["GET"]}}],"collection":[{"href":"https:\/\/www.koupeltech.com\/index.php\/wp-json\/wp\/v2\/product"}],"about":[{"href":"https:\/\/www.koupeltech.com\/index.php\/wp-json\/wp\/v2\/types\/product"}],"replies":[{"embeddable":true,"href":"https:\/\/www.koupeltech.com\/index.php\/wp-json\/wp\/v2\/comments?post=7527"}],"wp:featuredmedia":[{"embeddable":true,"href":"https:\/\/www.koupeltech.com\/index.php\/wp-json\/wp\/v2\/media\/7627"}],"wp:attachment":[{"href":"https:\/\/www.koupeltech.com\/index.php\/wp-json\/wp\/v2\/media?parent=7527"}],"wp:term":[{"taxonomy":"product_brand","embeddable":true,"href":"https:\/\/www.koupeltech.com\/index.php\/wp-json\/wp\/v2\/product_brand?post=7527"},{"taxonomy":"product_cat","embeddable":true,"href":"https:\/\/www.koupeltech.com\/index.php\/wp-json\/wp\/v2\/product_cat?post=7527"},{"taxonomy":"product_tag","embeddable":true,"href":"https:\/\/www.koupeltech.com\/index.php\/wp-json\/wp\/v2\/product_tag?post=7527"}],"curies":[{"name":"wp","href":"https:\/\/api.w.org\/{rel}","templated":true}]}}