{"id":7531,"date":"2026-04-27T13:56:57","date_gmt":"2026-04-27T13:56:57","guid":{"rendered":""},"modified":"2026-04-27T13:56:57","modified_gmt":"2026-04-27T13:56:57","slug":"akce-makita-dft025fmz-aku-sroubovak-0-5-2nm-100-1-300-ot-li-ion-lxt-18v-z-7531","status":"publish","type":"product","link":"https:\/\/www.koupeltech.com\/index.php\/produkt\/akce-makita-dft025fmz-aku-sroubovak-0-5-2nm-100-1-300-ot-li-ion-lxt-18v-z-7531\/","title":{"rendered":"Akce Makita DFT025FMZ Aku \u0161roubov\u00e1k 0,5-2Nm,100-1.300 ot,Li-ion LXT 18V Z"},"content":{"rendered":"<table>\n<div class=\"tab-pane active product-description\" id=\"popis\" role=\"tabpanel\">\n<div class=\"short-description\" itemprop=\"description\"><\/div>\n<div class=\"description\"><span class='bullet-line'>Technologie MAKSTAR s Li-ion akumul\u00e1torem<br \/><\/span><span class='bullet-line'>Speci\u00e1ln\u00ed \u0161roubov\u00e1k pro automobilov\u00fd pr\u016fmysl nebo pro aplikace, kde je vy\u017eadov\u00e1no p\u0159esn\u00e9 nastaven\u00ed utahovac\u00edho momentu<br \/><\/span><span class='bullet-line'>Spolehliv\u00fd bezuhl\u00edkov\u00fd motor<br \/><\/span><span class='bullet-line'>Pozvoln\u00fd rozb\u011bh zabra\u0148uj\u00edc\u00ed zp\u011btn\u00e9mu r\u00e1zu<br \/><\/span><span class='bullet-line'>Akustick\u00e1 a vizu\u00e1ln\u00ed v\u00fdstraha p\u0159i p\u0159eh\u0159\u00e1t\u00ed, nespr\u00e1vn\u00e9 funkci spojky nebo nespr\u00e1vn\u00e9 poloze vyp\u00edna\u010de po v\u00fdm\u011bn\u011b akumul\u00e1toru<br \/><\/span><span class='bullet-line'>Mo\u017enost nastaven\u00ed parametr\u016f p\u0159es USB<br \/><\/span><span class='bullet-line'>Dod\u00e1v\u00e1 se bez nab\u00edje\u010dky, akumul\u00e1toru a speci\u00e1ln\u00edho kl\u00ed\u010de<\/span><\/div>\n<div class=\"parameters\">\n<tr>\n<td>https:\/\/youtu.be\/C-PvYpbyCbM<\/td>\n<td><\/td>\n<\/tr><\/div>\n<\/table>\n","protected":false},"excerpt":{"rendered":"<p>Technologie MAKSTAR s Li-ion akumul\u00e1toremSpeci\u00e1ln\u00ed \u0161roubov\u00e1k pro automobilov\u00fd pr\u016fmysl nebo pro aplikace, kde je vy\u017eadov\u00e1no p\u0159esn\u00e9 nastaven\u00ed utahovac\u00edho momentuSpolehliv\u00fd bezuhl\u00edkov\u00fd motorPozvoln\u00fd rozb\u011bh zabra\u0148uj\u00edc\u00ed zp\u011btn\u00e9mu r\u00e1zuAkustick\u00e1 a vizu\u00e1ln\u00ed v\u00fdstraha p\u0159i p\u0159eh\u0159\u00e1t\u00ed, nespr\u00e1vn\u00e9 funkci spojky nebo nespr\u00e1vn\u00e9 poloze vyp\u00edna\u010de po v\u00fdm\u011bn\u011b akumul\u00e1toruMo\u017enost nastaven\u00ed parametr\u016f p\u0159es USBDod\u00e1v\u00e1 se bez nab\u00edje\u010dky, akumul\u00e1toru a speci\u00e1ln\u00edho kl\u00ed\u010de https:\/\/youtu.be\/C-PvYpbyCbM<\/p>\n","protected":false},"featured_media":7631,"comment_status":"open","ping_status":"open","template":"","meta":[],"product_brand":[],"product_cat":[43],"product_tag":[],"class_list":{"0":"post-7531","1":"product","2":"type-product","3":"status-publish","4":"has-post-thumbnail","6":"product_cat-naradi","8":"first","9":"instock","10":"sale","11":"shipping-taxable","12":"purchasable","13":"product-type-simple"},"yoast_head":"<!-- This site is optimized with the Yoast SEO plugin v26.8 - https:\/\/yoast.com\/product\/yoast-seo-wordpress\/ -->\n<title>Akce Makita DFT025FMZ Aku \u0161roubov\u00e1k 0,5-2Nm,100-1.300 ot,Li-ion LXT 18V Z -<\/title>\n<meta name=\"robots\" content=\"index, follow, max-snippet:-1, max-image-preview:large, max-video-preview:-1\" \/>\n<link rel=\"canonical\" href=\"https:\/\/www.koupeltech.com\/index.php\/produkt\/akce-makita-dft025fmz-aku-sroubovak-0-5-2nm-100-1-300-ot-li-ion-lxt-18v-z-7531\/\" \/>\n<meta property=\"og:locale\" content=\"cs_CZ\" \/>\n<meta property=\"og:type\" content=\"article\" \/>\n<meta property=\"og:title\" content=\"Akce Makita DFT025FMZ Aku \u0161roubov\u00e1k 0,5-2Nm,100-1.300 ot,Li-ion LXT 18V Z -\" \/>\n<meta property=\"og:description\" content=\"Technologie MAKSTAR s Li-ion akumul\u00e1toremSpeci\u00e1ln\u00ed \u0161roubov\u00e1k pro automobilov\u00fd pr\u016fmysl nebo pro aplikace, kde je vy\u017eadov\u00e1no p\u0159esn\u00e9 nastaven\u00ed utahovac\u00edho momentuSpolehliv\u00fd bezuhl\u00edkov\u00fd motorPozvoln\u00fd rozb\u011bh zabra\u0148uj\u00edc\u00ed zp\u011btn\u00e9mu r\u00e1zuAkustick\u00e1 a vizu\u00e1ln\u00ed v\u00fdstraha p\u0159i p\u0159eh\u0159\u00e1t\u00ed, nespr\u00e1vn\u00e9 funkci spojky nebo nespr\u00e1vn\u00e9 poloze vyp\u00edna\u010de po v\u00fdm\u011bn\u011b akumul\u00e1toruMo\u017enost nastaven\u00ed parametr\u016f p\u0159es USBDod\u00e1v\u00e1 se bez nab\u00edje\u010dky, akumul\u00e1toru a speci\u00e1ln\u00edho kl\u00ed\u010de https:\/\/youtu.be\/C-PvYpbyCbM\" \/>\n<meta property=\"og:url\" content=\"https:\/\/www.koupeltech.com\/index.php\/produkt\/akce-makita-dft025fmz-aku-sroubovak-0-5-2nm-100-1-300-ot-li-ion-lxt-18v-z-7531\/\" \/>\n<meta property=\"og:image\" content=\"https:\/\/www.koupeltech.com\/wp-content\/uploads\/2026\/SK0022900-CZ20260425-092328-0-1777080210-priloha_-skk-42793.webp\" \/>\n\t<meta property=\"og:image:width\" content=\"424\" \/>\n\t<meta property=\"og:image:height\" content=\"424\" \/>\n\t<meta property=\"og:image:type\" content=\"image\/webp\" \/>\n<meta name=\"twitter:card\" content=\"summary_large_image\" \/>\n<script type=\"application\/ld+json\" class=\"yoast-schema-graph\">{\"@context\":\"https:\/\/schema.org\",\"@graph\":[{\"@type\":\"WebPage\",\"@id\":\"https:\/\/www.koupeltech.com\/index.php\/produkt\/akce-makita-dft025fmz-aku-sroubovak-0-5-2nm-100-1-300-ot-li-ion-lxt-18v-z-7531\/\",\"url\":\"https:\/\/www.koupeltech.com\/index.php\/produkt\/akce-makita-dft025fmz-aku-sroubovak-0-5-2nm-100-1-300-ot-li-ion-lxt-18v-z-7531\/\",\"name\":\"Akce Makita DFT025FMZ Aku \u0161roubov\u00e1k 0,5-2Nm,100-1.300 ot,Li-ion LXT 18V Z -\",\"isPartOf\":{\"@id\":\"https:\/\/www.koupeltech.com\/#website\"},\"primaryImageOfPage\":{\"@id\":\"https:\/\/www.koupeltech.com\/index.php\/produkt\/akce-makita-dft025fmz-aku-sroubovak-0-5-2nm-100-1-300-ot-li-ion-lxt-18v-z-7531\/#primaryimage\"},\"image\":{\"@id\":\"https:\/\/www.koupeltech.com\/index.php\/produkt\/akce-makita-dft025fmz-aku-sroubovak-0-5-2nm-100-1-300-ot-li-ion-lxt-18v-z-7531\/#primaryimage\"},\"thumbnailUrl\":\"https:\/\/www.koupeltech.com\/wp-content\/uploads\/2026\/SK0022900-CZ20260425-092328-0-1777080210-priloha_-skk-42793.webp\",\"datePublished\":\"2026-04-27T13:56:57+00:00\",\"breadcrumb\":{\"@id\":\"https:\/\/www.koupeltech.com\/index.php\/produkt\/akce-makita-dft025fmz-aku-sroubovak-0-5-2nm-100-1-300-ot-li-ion-lxt-18v-z-7531\/#breadcrumb\"},\"inLanguage\":\"cs\",\"potentialAction\":[{\"@type\":\"ReadAction\",\"target\":[\"https:\/\/www.koupeltech.com\/index.php\/produkt\/akce-makita-dft025fmz-aku-sroubovak-0-5-2nm-100-1-300-ot-li-ion-lxt-18v-z-7531\/\"]}]},{\"@type\":\"ImageObject\",\"inLanguage\":\"cs\",\"@id\":\"https:\/\/www.koupeltech.com\/index.php\/produkt\/akce-makita-dft025fmz-aku-sroubovak-0-5-2nm-100-1-300-ot-li-ion-lxt-18v-z-7531\/#primaryimage\",\"url\":\"https:\/\/www.koupeltech.com\/wp-content\/uploads\/2026\/SK0022900-CZ20260425-092328-0-1777080210-priloha_-skk-42793.webp\",\"contentUrl\":\"https:\/\/www.koupeltech.com\/wp-content\/uploads\/2026\/SK0022900-CZ20260425-092328-0-1777080210-priloha_-skk-42793.webp\",\"width\":424,\"height\":424},{\"@type\":\"BreadcrumbList\",\"@id\":\"https:\/\/www.koupeltech.com\/index.php\/produkt\/akce-makita-dft025fmz-aku-sroubovak-0-5-2nm-100-1-300-ot-li-ion-lxt-18v-z-7531\/#breadcrumb\",\"itemListElement\":[{\"@type\":\"ListItem\",\"position\":1,\"name\":\"Home\",\"item\":\"https:\/\/www.koupeltech.com\/\"},{\"@type\":\"ListItem\",\"position\":2,\"name\":\"Products\",\"item\":\"https:\/\/www.koupeltech.com\/index.php\/products\/\"},{\"@type\":\"ListItem\",\"position\":3,\"name\":\"Akce Makita DFT025FMZ Aku \u0161roubov\u00e1k 0,5-2Nm,100-1.300 ot,Li-ion LXT 18V Z\"}]},{\"@type\":\"WebSite\",\"@id\":\"https:\/\/www.koupeltech.com\/#website\",\"url\":\"https:\/\/www.koupeltech.com\/\",\"name\":\"\",\"description\":\"\",\"potentialAction\":[{\"@type\":\"SearchAction\",\"target\":{\"@type\":\"EntryPoint\",\"urlTemplate\":\"https:\/\/www.koupeltech.com\/?s={search_term_string}\"},\"query-input\":{\"@type\":\"PropertyValueSpecification\",\"valueRequired\":true,\"valueName\":\"search_term_string\"}}],\"inLanguage\":\"cs\"}]}<\/script>\n<!-- \/ Yoast SEO plugin. -->","yoast_head_json":{"title":"Akce Makita DFT025FMZ Aku \u0161roubov\u00e1k 0,5-2Nm,100-1.300 ot,Li-ion LXT 18V Z -","robots":{"index":"index","follow":"follow","max-snippet":"max-snippet:-1","max-image-preview":"max-image-preview:large","max-video-preview":"max-video-preview:-1"},"canonical":"https:\/\/www.koupeltech.com\/index.php\/produkt\/akce-makita-dft025fmz-aku-sroubovak-0-5-2nm-100-1-300-ot-li-ion-lxt-18v-z-7531\/","og_locale":"cs_CZ","og_type":"article","og_title":"Akce Makita DFT025FMZ Aku \u0161roubov\u00e1k 0,5-2Nm,100-1.300 ot,Li-ion LXT 18V Z -","og_description":"Technologie MAKSTAR s Li-ion akumul\u00e1toremSpeci\u00e1ln\u00ed \u0161roubov\u00e1k pro automobilov\u00fd pr\u016fmysl nebo pro aplikace, kde je vy\u017eadov\u00e1no p\u0159esn\u00e9 nastaven\u00ed utahovac\u00edho momentuSpolehliv\u00fd bezuhl\u00edkov\u00fd motorPozvoln\u00fd rozb\u011bh zabra\u0148uj\u00edc\u00ed zp\u011btn\u00e9mu r\u00e1zuAkustick\u00e1 a vizu\u00e1ln\u00ed v\u00fdstraha p\u0159i p\u0159eh\u0159\u00e1t\u00ed, nespr\u00e1vn\u00e9 funkci spojky nebo nespr\u00e1vn\u00e9 poloze vyp\u00edna\u010de po v\u00fdm\u011bn\u011b akumul\u00e1toruMo\u017enost nastaven\u00ed parametr\u016f p\u0159es USBDod\u00e1v\u00e1 se bez nab\u00edje\u010dky, akumul\u00e1toru a speci\u00e1ln\u00edho kl\u00ed\u010de https:\/\/youtu.be\/C-PvYpbyCbM","og_url":"https:\/\/www.koupeltech.com\/index.php\/produkt\/akce-makita-dft025fmz-aku-sroubovak-0-5-2nm-100-1-300-ot-li-ion-lxt-18v-z-7531\/","og_image":[{"width":424,"height":424,"url":"https:\/\/www.koupeltech.com\/wp-content\/uploads\/2026\/SK0022900-CZ20260425-092328-0-1777080210-priloha_-skk-42793.webp","type":"image\/webp"}],"twitter_card":"summary_large_image","schema":{"@context":"https:\/\/schema.org","@graph":[{"@type":"WebPage","@id":"https:\/\/www.koupeltech.com\/index.php\/produkt\/akce-makita-dft025fmz-aku-sroubovak-0-5-2nm-100-1-300-ot-li-ion-lxt-18v-z-7531\/","url":"https:\/\/www.koupeltech.com\/index.php\/produkt\/akce-makita-dft025fmz-aku-sroubovak-0-5-2nm-100-1-300-ot-li-ion-lxt-18v-z-7531\/","name":"Akce Makita DFT025FMZ Aku \u0161roubov\u00e1k 0,5-2Nm,100-1.300 ot,Li-ion LXT 18V Z -","isPartOf":{"@id":"https:\/\/www.koupeltech.com\/#website"},"primaryImageOfPage":{"@id":"https:\/\/www.koupeltech.com\/index.php\/produkt\/akce-makita-dft025fmz-aku-sroubovak-0-5-2nm-100-1-300-ot-li-ion-lxt-18v-z-7531\/#primaryimage"},"image":{"@id":"https:\/\/www.koupeltech.com\/index.php\/produkt\/akce-makita-dft025fmz-aku-sroubovak-0-5-2nm-100-1-300-ot-li-ion-lxt-18v-z-7531\/#primaryimage"},"thumbnailUrl":"https:\/\/www.koupeltech.com\/wp-content\/uploads\/2026\/SK0022900-CZ20260425-092328-0-1777080210-priloha_-skk-42793.webp","datePublished":"2026-04-27T13:56:57+00:00","breadcrumb":{"@id":"https:\/\/www.koupeltech.com\/index.php\/produkt\/akce-makita-dft025fmz-aku-sroubovak-0-5-2nm-100-1-300-ot-li-ion-lxt-18v-z-7531\/#breadcrumb"},"inLanguage":"cs","potentialAction":[{"@type":"ReadAction","target":["https:\/\/www.koupeltech.com\/index.php\/produkt\/akce-makita-dft025fmz-aku-sroubovak-0-5-2nm-100-1-300-ot-li-ion-lxt-18v-z-7531\/"]}]},{"@type":"ImageObject","inLanguage":"cs","@id":"https:\/\/www.koupeltech.com\/index.php\/produkt\/akce-makita-dft025fmz-aku-sroubovak-0-5-2nm-100-1-300-ot-li-ion-lxt-18v-z-7531\/#primaryimage","url":"https:\/\/www.koupeltech.com\/wp-content\/uploads\/2026\/SK0022900-CZ20260425-092328-0-1777080210-priloha_-skk-42793.webp","contentUrl":"https:\/\/www.koupeltech.com\/wp-content\/uploads\/2026\/SK0022900-CZ20260425-092328-0-1777080210-priloha_-skk-42793.webp","width":424,"height":424},{"@type":"BreadcrumbList","@id":"https:\/\/www.koupeltech.com\/index.php\/produkt\/akce-makita-dft025fmz-aku-sroubovak-0-5-2nm-100-1-300-ot-li-ion-lxt-18v-z-7531\/#breadcrumb","itemListElement":[{"@type":"ListItem","position":1,"name":"Home","item":"https:\/\/www.koupeltech.com\/"},{"@type":"ListItem","position":2,"name":"Products","item":"https:\/\/www.koupeltech.com\/index.php\/products\/"},{"@type":"ListItem","position":3,"name":"Akce Makita DFT025FMZ Aku \u0161roubov\u00e1k 0,5-2Nm,100-1.300 ot,Li-ion LXT 18V Z"}]},{"@type":"WebSite","@id":"https:\/\/www.koupeltech.com\/#website","url":"https:\/\/www.koupeltech.com\/","name":"","description":"","potentialAction":[{"@type":"SearchAction","target":{"@type":"EntryPoint","urlTemplate":"https:\/\/www.koupeltech.com\/?s={search_term_string}"},"query-input":{"@type":"PropertyValueSpecification","valueRequired":true,"valueName":"search_term_string"}}],"inLanguage":"cs"}]}},"_links":{"self":[{"href":"https:\/\/www.koupeltech.com\/index.php\/wp-json\/wp\/v2\/product\/7531","targetHints":{"allow":["GET"]}}],"collection":[{"href":"https:\/\/www.koupeltech.com\/index.php\/wp-json\/wp\/v2\/product"}],"about":[{"href":"https:\/\/www.koupeltech.com\/index.php\/wp-json\/wp\/v2\/types\/product"}],"replies":[{"embeddable":true,"href":"https:\/\/www.koupeltech.com\/index.php\/wp-json\/wp\/v2\/comments?post=7531"}],"wp:featuredmedia":[{"embeddable":true,"href":"https:\/\/www.koupeltech.com\/index.php\/wp-json\/wp\/v2\/media\/7631"}],"wp:attachment":[{"href":"https:\/\/www.koupeltech.com\/index.php\/wp-json\/wp\/v2\/media?parent=7531"}],"wp:term":[{"taxonomy":"product_brand","embeddable":true,"href":"https:\/\/www.koupeltech.com\/index.php\/wp-json\/wp\/v2\/product_brand?post=7531"},{"taxonomy":"product_cat","embeddable":true,"href":"https:\/\/www.koupeltech.com\/index.php\/wp-json\/wp\/v2\/product_cat?post=7531"},{"taxonomy":"product_tag","embeddable":true,"href":"https:\/\/www.koupeltech.com\/index.php\/wp-json\/wp\/v2\/product_tag?post=7531"}],"curies":[{"name":"wp","href":"https:\/\/api.w.org\/{rel}","templated":true}]}}