{"id":7581,"date":"2026-04-27T13:56:57","date_gmt":"2026-04-27T13:56:57","guid":{"rendered":""},"modified":"2026-04-27T13:56:57","modified_gmt":"2026-04-27T13:56:57","slug":"znackovy-detecha-ekoban-forte-plus-2-5kg-bezovy-ral-1001-7581","status":"publish","type":"product","link":"https:\/\/www.koupeltech.com\/index.php\/produkt\/znackovy-detecha-ekoban-forte-plus-2-5kg-bezovy-ral-1001-7581\/","title":{"rendered":"Zna\u010dkov\u00fd Detecha EKOBAN FORTE PLUS 2,5kg b\u00e9\u017eov\u00fd RAL 1001"},"content":{"rendered":"<table>\n<div class=\"tab-pane active product-description\" id=\"popis\" role=\"tabpanel\">\n<div class=\"short-description\" itemprop=\"description\"><\/div>\n<div class=\"description\"><span class='bullet-line'>N\u00e1t\u011brov\u00e1 hmota na beton a jin\u00e9 sav\u00e9 materi\u00e1ly s vy\u0161\u0161\u00ed mechanickou z\u00e1t\u011b\u017e\u00ed. <br \/><\/span><span class='bullet-line'>N\u00e1t\u011br m\u00e1 velmi dobrou kryvost a p\u0159ilnavost k podkladu. <br \/><\/span><span class='bullet-line'>Odol\u00e1v\u00e1 vod\u011b, roztok\u016fm sol\u00ed, olej\u016fm a kr\u00e1tkodob\u011b motorov\u00e9 naft\u011b. <br \/><\/span><span class='bullet-line'>N\u00e1t\u011br je paropropustn\u00fd, odol\u00e1v\u00e1 pov\u011btrnostn\u00edm vliv\u016fm v\u010detn\u011b UV z\u00e1\u0159en\u00ed.<br \/><\/span><br \/>\u25ba P\u0159ednosti:<span class='bullet-line'>Snadn\u00e1 aplikace.<br \/><\/span><span class='bullet-line'>Penetrace a vrchn\u00ed n\u00e1t\u011br jednou barvou.<br \/><\/span><span class='bullet-line'>Velmi dobr\u00e1 p\u0159ilnavost k podkladu.<br \/><\/span><span class='bullet-line'>T\u00e9m\u011b\u0159 bez z\u00e1pachu.<br \/><\/span><span class='bullet-line'>Rychl\u00e9 zasych\u00e1n\u00ed.<br \/><\/span><span class='bullet-line'>Vysok\u00e1 mechanick\u00e1 odolnost.<br \/><\/span><span class='bullet-line'>Odolnost vod\u011b, olej\u016fm, roztok\u016fm sol\u00ed a kr\u00e1tkodob\u011b motorov\u00e9 naft\u011b.<br \/><\/span><span class='bullet-line'>Omyvateln\u00fd.<br \/><\/span><span class='bullet-line'>RAL odst\u00edny.<\/span><\/div>\n<div class=\"parameters\">\n<tr>\n<td>Pou\u017eit\u00ed<\/td>\n<td>Vnit\u0159n\u00ed i venkovn\u00ed pou\u017eit\u00ed.<\/td>\n<\/tr>\n<tr>\n<td><\/td>\n<td>Beton, betonov\u00e9 podlahy (gar\u00e1\u017ee, d\u00edlny, sklady, schody, balk\u00f3ny, terasy), zdivo.<\/td>\n<\/tr>\n<tr>\n<td><\/td>\n<td>D\u0159evo, s\u00e1drokartonov\u00e9, d\u0159evot\u0159\u00edskov\u00e9 a d\u0159evovl\u00e1knit\u00e9 desky a dal\u0161\u00ed sav\u00e9 materi\u00e1ly.<\/td>\n<\/tr>\n<tr>\n<td>Spot\u0159eba<\/td>\n<td>1 kg na 6\u20137,5 m\u00b2 v jedn\u00e9 vrstv\u011b.<\/td>\n<\/tr>\n<tr>\n<td><\/td>\n<td>Doporu\u010dujeme penetraci + dv\u011b vrstvy n\u00e1t\u011bru.<\/td>\n<\/tr>\n<tr>\n<td>\u0158edidlo<\/td>\n<td>voda<\/td>\n<\/tr>\n<tr>\n<td>Balen\u00ed<\/td>\n<td>2,5 kg, 5 kg, 15 kg<\/td>\n<\/tr>\n<tr>\n<td>Odst\u00edny<\/td>\n<td>polomat<\/td>\n<\/tr>\n<tr>\n<td>N\u00e1t\u011brov\u00e1 hmota je vhodn\u00e1 k nan\u00e1\u0161en\u00ed pomoc\u00ed :<\/td>\n<td>I. \u0160tetky<\/td>\n<\/tr>\n<tr>\n<td><\/td>\n<td>II. V\u00e1le\u010dku<\/td>\n<\/tr>\n<tr>\n<td><\/td>\n<td>III. St\u0159\u00edk\u00e1n\u00ed<\/td>\n<\/tr><\/div>\n<\/table>\n","protected":false},"excerpt":{"rendered":"<p>N\u00e1t\u011brov\u00e1 hmota na beton a jin\u00e9 sav\u00e9 materi\u00e1ly s vy\u0161\u0161\u00ed mechanickou z\u00e1t\u011b\u017e\u00ed. N\u00e1t\u011br m\u00e1 velmi dobrou kryvost a p\u0159ilnavost k podkladu. Odol\u00e1v\u00e1 vod\u011b, roztok\u016fm sol\u00ed, olej\u016fm a kr\u00e1tkodob\u011b motorov\u00e9 naft\u011b. N\u00e1t\u011br je paropropustn\u00fd, odol\u00e1v\u00e1 pov\u011btrnostn\u00edm vliv\u016fm v\u010detn\u011b UV z\u00e1\u0159en\u00ed.\u25ba P\u0159ednosti:Snadn\u00e1 aplikace.Penetrace a vrchn\u00ed n\u00e1t\u011br jednou barvou.Velmi dobr\u00e1 p\u0159ilnavost k podkladu.T\u00e9m\u011b\u0159 bez z\u00e1pachu.Rychl\u00e9 zasych\u00e1n\u00ed.Vysok\u00e1 mechanick\u00e1 odolnost.Odolnost [&hellip;]<\/p>\n","protected":false},"featured_media":7681,"comment_status":"open","ping_status":"open","template":"","meta":[],"product_brand":[],"product_cat":[40,42,41],"product_tag":[],"class_list":{"0":"post-7581","1":"product","2":"type-product","3":"status-publish","4":"has-post-thumbnail","6":"product_cat-barvy","7":"product_cat-chemie","8":"product_cat-laky","10":"first","11":"instock","12":"sale","13":"shipping-taxable","14":"purchasable","15":"product-type-simple"},"yoast_head":"<!-- This site is optimized with the Yoast SEO plugin v26.8 - https:\/\/yoast.com\/product\/yoast-seo-wordpress\/ -->\n<title>Zna\u010dkov\u00fd Detecha EKOBAN FORTE PLUS 2,5kg b\u00e9\u017eov\u00fd RAL 1001 -<\/title>\n<meta name=\"robots\" content=\"index, follow, max-snippet:-1, max-image-preview:large, max-video-preview:-1\" \/>\n<link rel=\"canonical\" href=\"https:\/\/www.koupeltech.com\/index.php\/produkt\/znackovy-detecha-ekoban-forte-plus-2-5kg-bezovy-ral-1001-7581\/\" \/>\n<meta property=\"og:locale\" content=\"cs_CZ\" \/>\n<meta property=\"og:type\" content=\"article\" \/>\n<meta property=\"og:title\" content=\"Zna\u010dkov\u00fd Detecha EKOBAN FORTE PLUS 2,5kg b\u00e9\u017eov\u00fd RAL 1001 -\" \/>\n<meta property=\"og:description\" content=\"N\u00e1t\u011brov\u00e1 hmota na beton a jin\u00e9 sav\u00e9 materi\u00e1ly s vy\u0161\u0161\u00ed mechanickou z\u00e1t\u011b\u017e\u00ed. N\u00e1t\u011br m\u00e1 velmi dobrou kryvost a p\u0159ilnavost k podkladu. Odol\u00e1v\u00e1 vod\u011b, roztok\u016fm sol\u00ed, olej\u016fm a kr\u00e1tkodob\u011b motorov\u00e9 naft\u011b. N\u00e1t\u011br je paropropustn\u00fd, odol\u00e1v\u00e1 pov\u011btrnostn\u00edm vliv\u016fm v\u010detn\u011b UV z\u00e1\u0159en\u00ed.\u25ba P\u0159ednosti:Snadn\u00e1 aplikace.Penetrace a vrchn\u00ed n\u00e1t\u011br jednou barvou.Velmi dobr\u00e1 p\u0159ilnavost k podkladu.T\u00e9m\u011b\u0159 bez z\u00e1pachu.Rychl\u00e9 zasych\u00e1n\u00ed.Vysok\u00e1 mechanick\u00e1 odolnost.Odolnost [&hellip;]\" \/>\n<meta property=\"og:url\" content=\"https:\/\/www.koupeltech.com\/index.php\/produkt\/znackovy-detecha-ekoban-forte-plus-2-5kg-bezovy-ral-1001-7581\/\" \/>\n<meta property=\"og:image\" content=\"https:\/\/www.koupeltech.com\/wp-content\/uploads\/2026\/SK0022950-CZ20260425-092328-0-1777080210-1001a.webp\" \/>\n\t<meta property=\"og:image:width\" content=\"700\" \/>\n\t<meta property=\"og:image:height\" content=\"560\" \/>\n\t<meta property=\"og:image:type\" content=\"image\/webp\" \/>\n<meta name=\"twitter:card\" content=\"summary_large_image\" \/>\n<meta name=\"twitter:label1\" content=\"Odhadovan\u00e1 doba \u010dten\u00ed\" \/>\n\t<meta name=\"twitter:data1\" content=\"1 minuta\" \/>\n<script type=\"application\/ld+json\" class=\"yoast-schema-graph\">{\"@context\":\"https:\/\/schema.org\",\"@graph\":[{\"@type\":\"WebPage\",\"@id\":\"https:\/\/www.koupeltech.com\/index.php\/produkt\/znackovy-detecha-ekoban-forte-plus-2-5kg-bezovy-ral-1001-7581\/\",\"url\":\"https:\/\/www.koupeltech.com\/index.php\/produkt\/znackovy-detecha-ekoban-forte-plus-2-5kg-bezovy-ral-1001-7581\/\",\"name\":\"Zna\u010dkov\u00fd Detecha EKOBAN FORTE PLUS 2,5kg b\u00e9\u017eov\u00fd RAL 1001 -\",\"isPartOf\":{\"@id\":\"https:\/\/www.koupeltech.com\/#website\"},\"primaryImageOfPage\":{\"@id\":\"https:\/\/www.koupeltech.com\/index.php\/produkt\/znackovy-detecha-ekoban-forte-plus-2-5kg-bezovy-ral-1001-7581\/#primaryimage\"},\"image\":{\"@id\":\"https:\/\/www.koupeltech.com\/index.php\/produkt\/znackovy-detecha-ekoban-forte-plus-2-5kg-bezovy-ral-1001-7581\/#primaryimage\"},\"thumbnailUrl\":\"https:\/\/www.koupeltech.com\/wp-content\/uploads\/2026\/SK0022950-CZ20260425-092328-0-1777080210-1001a.webp\",\"datePublished\":\"2026-04-27T13:56:57+00:00\",\"breadcrumb\":{\"@id\":\"https:\/\/www.koupeltech.com\/index.php\/produkt\/znackovy-detecha-ekoban-forte-plus-2-5kg-bezovy-ral-1001-7581\/#breadcrumb\"},\"inLanguage\":\"cs\",\"potentialAction\":[{\"@type\":\"ReadAction\",\"target\":[\"https:\/\/www.koupeltech.com\/index.php\/produkt\/znackovy-detecha-ekoban-forte-plus-2-5kg-bezovy-ral-1001-7581\/\"]}]},{\"@type\":\"ImageObject\",\"inLanguage\":\"cs\",\"@id\":\"https:\/\/www.koupeltech.com\/index.php\/produkt\/znackovy-detecha-ekoban-forte-plus-2-5kg-bezovy-ral-1001-7581\/#primaryimage\",\"url\":\"https:\/\/www.koupeltech.com\/wp-content\/uploads\/2026\/SK0022950-CZ20260425-092328-0-1777080210-1001a.webp\",\"contentUrl\":\"https:\/\/www.koupeltech.com\/wp-content\/uploads\/2026\/SK0022950-CZ20260425-092328-0-1777080210-1001a.webp\",\"width\":700,\"height\":560},{\"@type\":\"BreadcrumbList\",\"@id\":\"https:\/\/www.koupeltech.com\/index.php\/produkt\/znackovy-detecha-ekoban-forte-plus-2-5kg-bezovy-ral-1001-7581\/#breadcrumb\",\"itemListElement\":[{\"@type\":\"ListItem\",\"position\":1,\"name\":\"Home\",\"item\":\"https:\/\/www.koupeltech.com\/\"},{\"@type\":\"ListItem\",\"position\":2,\"name\":\"Products\",\"item\":\"https:\/\/www.koupeltech.com\/index.php\/products\/\"},{\"@type\":\"ListItem\",\"position\":3,\"name\":\"Zna\u010dkov\u00fd Detecha EKOBAN FORTE PLUS 2,5kg b\u00e9\u017eov\u00fd RAL 1001\"}]},{\"@type\":\"WebSite\",\"@id\":\"https:\/\/www.koupeltech.com\/#website\",\"url\":\"https:\/\/www.koupeltech.com\/\",\"name\":\"\",\"description\":\"\",\"potentialAction\":[{\"@type\":\"SearchAction\",\"target\":{\"@type\":\"EntryPoint\",\"urlTemplate\":\"https:\/\/www.koupeltech.com\/?s={search_term_string}\"},\"query-input\":{\"@type\":\"PropertyValueSpecification\",\"valueRequired\":true,\"valueName\":\"search_term_string\"}}],\"inLanguage\":\"cs\"}]}<\/script>\n<!-- \/ Yoast SEO plugin. -->","yoast_head_json":{"title":"Zna\u010dkov\u00fd Detecha EKOBAN FORTE PLUS 2,5kg b\u00e9\u017eov\u00fd RAL 1001 -","robots":{"index":"index","follow":"follow","max-snippet":"max-snippet:-1","max-image-preview":"max-image-preview:large","max-video-preview":"max-video-preview:-1"},"canonical":"https:\/\/www.koupeltech.com\/index.php\/produkt\/znackovy-detecha-ekoban-forte-plus-2-5kg-bezovy-ral-1001-7581\/","og_locale":"cs_CZ","og_type":"article","og_title":"Zna\u010dkov\u00fd Detecha EKOBAN FORTE PLUS 2,5kg b\u00e9\u017eov\u00fd RAL 1001 -","og_description":"N\u00e1t\u011brov\u00e1 hmota na beton a jin\u00e9 sav\u00e9 materi\u00e1ly s vy\u0161\u0161\u00ed mechanickou z\u00e1t\u011b\u017e\u00ed. N\u00e1t\u011br m\u00e1 velmi dobrou kryvost a p\u0159ilnavost k podkladu. Odol\u00e1v\u00e1 vod\u011b, roztok\u016fm sol\u00ed, olej\u016fm a kr\u00e1tkodob\u011b motorov\u00e9 naft\u011b. N\u00e1t\u011br je paropropustn\u00fd, odol\u00e1v\u00e1 pov\u011btrnostn\u00edm vliv\u016fm v\u010detn\u011b UV z\u00e1\u0159en\u00ed.\u25ba P\u0159ednosti:Snadn\u00e1 aplikace.Penetrace a vrchn\u00ed n\u00e1t\u011br jednou barvou.Velmi dobr\u00e1 p\u0159ilnavost k podkladu.T\u00e9m\u011b\u0159 bez z\u00e1pachu.Rychl\u00e9 zasych\u00e1n\u00ed.Vysok\u00e1 mechanick\u00e1 odolnost.Odolnost [&hellip;]","og_url":"https:\/\/www.koupeltech.com\/index.php\/produkt\/znackovy-detecha-ekoban-forte-plus-2-5kg-bezovy-ral-1001-7581\/","og_image":[{"width":700,"height":560,"url":"https:\/\/www.koupeltech.com\/wp-content\/uploads\/2026\/SK0022950-CZ20260425-092328-0-1777080210-1001a.webp","type":"image\/webp"}],"twitter_card":"summary_large_image","twitter_misc":{"Odhadovan\u00e1 doba \u010dten\u00ed":"1 minuta"},"schema":{"@context":"https:\/\/schema.org","@graph":[{"@type":"WebPage","@id":"https:\/\/www.koupeltech.com\/index.php\/produkt\/znackovy-detecha-ekoban-forte-plus-2-5kg-bezovy-ral-1001-7581\/","url":"https:\/\/www.koupeltech.com\/index.php\/produkt\/znackovy-detecha-ekoban-forte-plus-2-5kg-bezovy-ral-1001-7581\/","name":"Zna\u010dkov\u00fd Detecha EKOBAN FORTE PLUS 2,5kg b\u00e9\u017eov\u00fd RAL 1001 -","isPartOf":{"@id":"https:\/\/www.koupeltech.com\/#website"},"primaryImageOfPage":{"@id":"https:\/\/www.koupeltech.com\/index.php\/produkt\/znackovy-detecha-ekoban-forte-plus-2-5kg-bezovy-ral-1001-7581\/#primaryimage"},"image":{"@id":"https:\/\/www.koupeltech.com\/index.php\/produkt\/znackovy-detecha-ekoban-forte-plus-2-5kg-bezovy-ral-1001-7581\/#primaryimage"},"thumbnailUrl":"https:\/\/www.koupeltech.com\/wp-content\/uploads\/2026\/SK0022950-CZ20260425-092328-0-1777080210-1001a.webp","datePublished":"2026-04-27T13:56:57+00:00","breadcrumb":{"@id":"https:\/\/www.koupeltech.com\/index.php\/produkt\/znackovy-detecha-ekoban-forte-plus-2-5kg-bezovy-ral-1001-7581\/#breadcrumb"},"inLanguage":"cs","potentialAction":[{"@type":"ReadAction","target":["https:\/\/www.koupeltech.com\/index.php\/produkt\/znackovy-detecha-ekoban-forte-plus-2-5kg-bezovy-ral-1001-7581\/"]}]},{"@type":"ImageObject","inLanguage":"cs","@id":"https:\/\/www.koupeltech.com\/index.php\/produkt\/znackovy-detecha-ekoban-forte-plus-2-5kg-bezovy-ral-1001-7581\/#primaryimage","url":"https:\/\/www.koupeltech.com\/wp-content\/uploads\/2026\/SK0022950-CZ20260425-092328-0-1777080210-1001a.webp","contentUrl":"https:\/\/www.koupeltech.com\/wp-content\/uploads\/2026\/SK0022950-CZ20260425-092328-0-1777080210-1001a.webp","width":700,"height":560},{"@type":"BreadcrumbList","@id":"https:\/\/www.koupeltech.com\/index.php\/produkt\/znackovy-detecha-ekoban-forte-plus-2-5kg-bezovy-ral-1001-7581\/#breadcrumb","itemListElement":[{"@type":"ListItem","position":1,"name":"Home","item":"https:\/\/www.koupeltech.com\/"},{"@type":"ListItem","position":2,"name":"Products","item":"https:\/\/www.koupeltech.com\/index.php\/products\/"},{"@type":"ListItem","position":3,"name":"Zna\u010dkov\u00fd Detecha EKOBAN FORTE PLUS 2,5kg b\u00e9\u017eov\u00fd RAL 1001"}]},{"@type":"WebSite","@id":"https:\/\/www.koupeltech.com\/#website","url":"https:\/\/www.koupeltech.com\/","name":"","description":"","potentialAction":[{"@type":"SearchAction","target":{"@type":"EntryPoint","urlTemplate":"https:\/\/www.koupeltech.com\/?s={search_term_string}"},"query-input":{"@type":"PropertyValueSpecification","valueRequired":true,"valueName":"search_term_string"}}],"inLanguage":"cs"}]}},"_links":{"self":[{"href":"https:\/\/www.koupeltech.com\/index.php\/wp-json\/wp\/v2\/product\/7581","targetHints":{"allow":["GET"]}}],"collection":[{"href":"https:\/\/www.koupeltech.com\/index.php\/wp-json\/wp\/v2\/product"}],"about":[{"href":"https:\/\/www.koupeltech.com\/index.php\/wp-json\/wp\/v2\/types\/product"}],"replies":[{"embeddable":true,"href":"https:\/\/www.koupeltech.com\/index.php\/wp-json\/wp\/v2\/comments?post=7581"}],"wp:featuredmedia":[{"embeddable":true,"href":"https:\/\/www.koupeltech.com\/index.php\/wp-json\/wp\/v2\/media\/7681"}],"wp:attachment":[{"href":"https:\/\/www.koupeltech.com\/index.php\/wp-json\/wp\/v2\/media?parent=7581"}],"wp:term":[{"taxonomy":"product_brand","embeddable":true,"href":"https:\/\/www.koupeltech.com\/index.php\/wp-json\/wp\/v2\/product_brand?post=7581"},{"taxonomy":"product_cat","embeddable":true,"href":"https:\/\/www.koupeltech.com\/index.php\/wp-json\/wp\/v2\/product_cat?post=7581"},{"taxonomy":"product_tag","embeddable":true,"href":"https:\/\/www.koupeltech.com\/index.php\/wp-json\/wp\/v2\/product_tag?post=7581"}],"curies":[{"name":"wp","href":"https:\/\/api.w.org\/{rel}","templated":true}]}}