{"id":76506,"date":"2026-04-27T14:07:43","date_gmt":"2026-04-27T14:07:43","guid":{"rendered":""},"modified":"2026-04-27T14:07:43","modified_gmt":"2026-04-27T14:07:43","slug":"znackovy-gardena-1346-29-mds-pokladaci-trubka-13-mm-1-2-15-m-76506","status":"publish","type":"product","link":"https:\/\/www.koupeltech.com\/index.php\/produkt\/znackovy-gardena-1346-29-mds-pokladaci-trubka-13-mm-1-2-15-m-76506\/","title":{"rendered":"Zna\u010dkov\u00fd Gardena 1346-29 mds-pokl\u00e1dac\u00ed trubka 13 mm (1\/2&#8220;), 15 m"},"content":{"rendered":"<table>\n<div class=\"tab-pane active product-description\" id=\"popis\" role=\"tabpanel\">\n<div class=\"short-description\" itemprop=\"description\"><\/div>\n<div class=\"description\"><span class='bullet-line'>15 m dlouh\u00e1 spojovac\u00ed trubka Flex 13 mm (1\/2&#8243;) zna\u010dky GARDENA je centr\u00e1ln\u00edm p\u0159\u00edvodn\u00edm potrub\u00edm do Micro-Drip-syst\u00e9mu. <br \/><\/span><span class='bullet-line'>Vedete ji od vodovodn\u00edho kohoutku na p\u0159\u00edpojce vody a\u017e k va\u0161im rostlin\u00e1m. <br \/><\/span><span class='bullet-line'>D\u00edky jedine\u010dn\u00e9 technologii Flex, trubku nainstalujete rychle a snadno. <br \/><\/span><span class='bullet-line'>Dokonce ji m\u016f\u017eete v\u00e9st kolem p\u0159edm\u011btu. <br \/><\/span><span class='bullet-line'>Trubku m\u016f\u017eete instalovat nad zem\u00ed i neviditeln\u011b pod zem\u00ed. <br \/><\/span><span class='bullet-line'>Patentovan\u00e1 p\u0159ipojovac\u00ed technika Quick &#038; Easy v\u00e1m umo\u017e\u0148uje v\u00e1\u0161 Micro-Drip-System p\u0159eskupit nebo flexibiln\u011b roz\u0161\u00ed\u0159it, proto\u017ee lze trubku opakovan\u011b pou\u017e\u00edt, a tud\u00ed\u017e je udr\u017eiteln\u00e1. <br \/><\/span><span class='bullet-line'>Opakovan\u00fdm pou\u017e\u00edv\u00e1n\u00edm se nepo\u0161kod\u00ed. <br \/><\/span><span class='bullet-line'>Pokl\u00e1dac\u00ed trubku lze roz\u0161\u00ed\u0159it o dal\u0161\u00ed komponenty MDS, jako jsou rozpra\u0161ovac\u00ed trysky a koncov\u00e9 kapa\u010de, kter\u00e9 nainstalujete pokl\u00e1dac\u00ed trubky Flex 13 mm (1\/2&#8243;) p\u0159\u00edmo. <br \/><\/span><span class='bullet-line'>Nav\u00edc disponuje d\u00edky vysoce kvalitn\u00edm materi\u00e1l\u016fm dlouhou \u017eivotnost\u00ed a je odoln\u00e1 v\u016f\u010di UV z\u00e1\u0159en\u00ed; je nepr\u016fhledn\u00e1. <br \/><\/span><span class='bullet-line'>Micro-Drip-System. <br \/><\/span><span class='bullet-line'>P\u00e9\u010de o va\u0161e rostliny a ka\u017edou vz\u00e1cnou kapku. <br \/><\/span><span class='bullet-line'>Snadn\u00e9, p\u0159esn\u00e9 a \u00fasporn\u00e9 zavla\u017eov\u00e1n\u00ed.<br \/><\/span><br \/>\u27a4 Centr\u00e1ln\u00ed veden\u00ed pro Micro-Drip-System<span class='bullet-line'>15 m dlouh\u00e1 pokl\u00e1dac\u00ed trubka 13 mm slou\u017e\u00ed jako centr\u00e1ln\u00ed nap\u00e1jec\u00ed veden\u00ed v syst\u00e9mu Micro-Drip. <br \/><\/span><span class='bullet-line'>Je vedena z vodovodn\u00ed p\u0159\u00edpojky k rostlin\u00e1m a pot\u00e9 rozv\u011btvena p\u0159es rozd\u011blovac\u00ed trubky 4,6 mm. <br \/><\/span><span class='bullet-line'>Je ur\u010dena pro p\u0159\u00edmou instalaci rozpra\u0161ovac\u00edch trysek a koncov\u00fdch kapa\u010d\u016f.<br \/><\/span><br \/>\u27a4 Snadn\u00e1 instalace d\u00edky jedine\u010dn\u00e9 technologii Flex<span class='bullet-line'>Jedine\u010dn\u00e1 technologie Flex umo\u017e\u0148uje rychlou a snadnou instalaci pokl\u00e1dac\u00ed trubky. <br \/><\/span><span class='bullet-line'>Jednodu\u0161e ji ust\u0159ihnete na po\u017eadovanou d\u00e9lku a polo\u017e\u00edte k rostlin\u00e1m. <br \/><\/span><span class='bullet-line'>Je dokonce mo\u017en\u00e9 polo\u017eit trubku kolem rostliny. <br \/><\/span><span class='bullet-line'>Unik\u00e1tn\u00ed technologie Flex nav\u00edc umo\u017e\u0148uje nadzemn\u00ed i podzemn\u00ed instalaci.<br \/><\/span><br \/>\u27a4 Opakovan\u011b pou\u017eiteln\u00e9 a udr\u017eiteln\u00e9 d\u00edky patentovan\u00e9 spojovac\u00ed technologii Quick &#038; Easy<span class='bullet-line'>Trubku lze bez n\u00e1mahy p\u0159ipojit, flexibiln\u011b prodlou\u017eit a op\u011bt uvolnit pomoc\u00ed spojek 13 mm Quick &#038; Easy. <br \/><\/span><span class='bullet-line'>Pokl\u00e1dac\u00ed trubku 13 mm lze pou\u017e\u00edt opakovan\u011b, a proto je udr\u017eiteln\u00e1. <br \/><\/span><span class='bullet-line'>Nepo\u0161kod\u00ed se ani po opakovan\u00e9m pou\u017eit\u00ed.<br \/><\/span><br \/>\u27a4 Dlouh\u00e1 \u017eivotnost<span class='bullet-line'>Pokl\u00e1dac\u00ed trubka je vyrobena z vysoce kvalitn\u00edch materi\u00e1l\u016f a vyzna\u010duje se dlouhou \u017eivotnost\u00ed.<br \/><\/span><br \/>\u27a4 UV odoln\u00e1 a nepr\u016fhledn\u00e1<span class='bullet-line'>Pokl\u00e1dac\u00ed trubka je UV stabilizovan\u00e1 a nepr\u016fhledn\u00e1.<br \/><\/span><br \/>\u27a4 Dlouhodob\u00e1 \u017eivotnost<span class='bullet-line'>Vysoce kvalitn\u00ed materi\u00e1ly zaru\u010duj\u00ed dlouhou \u017eivotnost potrub\u00ed. <br \/><\/span><span class='bullet-line'>Potrub\u00ed je odoln\u00e9 v\u016f\u010di UV z\u00e1\u0159en\u00ed a neprostupn\u00e9 pro sv\u011btlo.<br \/><\/span><br \/>\u27a4 Flexibiln\u00ed pou\u017eit\u00ed<span class='bullet-line'>Lze ho instalovat nad zem\u00ed i pod zem\u00ed.<\/span><\/div>\n<div class=\"parameters\">\n<tr>\n<td>Pou\u017eit\u00ed<\/td>\n<td>Centr\u00e1ln\u00ed p\u0159\u00edvodn\u00ed potrub\u00ed v syst\u00e9mu Micro-Drip, mo\u017enost nadzemn\u00ed nebo podzemn\u00ed instalace<\/td>\n<\/tr>\n<tr>\n<td>Spojovac\u00ed technika &#8222;Quick &amp; Easy&#8220;<\/td>\n<td>Ne<\/td>\n<\/tr><\/div>\n<\/table>\n","protected":false},"excerpt":{"rendered":"<p>15 m dlouh\u00e1 spojovac\u00ed trubka Flex 13 mm (1\/2&#8243;) zna\u010dky GARDENA je centr\u00e1ln\u00edm p\u0159\u00edvodn\u00edm potrub\u00edm do Micro-Drip-syst\u00e9mu. Vedete ji od vodovodn\u00edho kohoutku na p\u0159\u00edpojce vody a\u017e k va\u0161im rostlin\u00e1m. D\u00edky jedine\u010dn\u00e9 technologii Flex, trubku nainstalujete rychle a snadno. Dokonce ji m\u016f\u017eete v\u00e9st kolem p\u0159edm\u011btu. Trubku m\u016f\u017eete instalovat nad zem\u00ed i neviditeln\u011b pod zem\u00ed. Patentovan\u00e1 p\u0159ipojovac\u00ed [&hellip;]<\/p>\n","protected":false},"featured_media":76606,"comment_status":"open","ping_status":"open","template":"","meta":[],"product_brand":[],"product_cat":[44],"product_tag":[],"class_list":{"0":"post-76506","1":"product","2":"type-product","3":"status-publish","4":"has-post-thumbnail","6":"product_cat-zahrada","8":"first","9":"instock","10":"sale","11":"shipping-taxable","12":"purchasable","13":"product-type-simple"},"yoast_head":"<!-- This site is optimized with the Yoast SEO plugin v26.8 - https:\/\/yoast.com\/product\/yoast-seo-wordpress\/ -->\n<title>Zna\u010dkov\u00fd Gardena 1346-29 mds-pokl\u00e1dac\u00ed trubka 13 mm (1\/2&#039;&#039;), 15 m -<\/title>\n<meta name=\"robots\" content=\"index, follow, max-snippet:-1, max-image-preview:large, max-video-preview:-1\" \/>\n<link rel=\"canonical\" href=\"https:\/\/www.koupeltech.com\/index.php\/produkt\/znackovy-gardena-1346-29-mds-pokladaci-trubka-13-mm-1-2-15-m-76506\/\" \/>\n<meta property=\"og:locale\" content=\"cs_CZ\" \/>\n<meta property=\"og:type\" content=\"article\" \/>\n<meta property=\"og:title\" content=\"Zna\u010dkov\u00fd Gardena 1346-29 mds-pokl\u00e1dac\u00ed trubka 13 mm (1\/2&#039;&#039;), 15 m -\" \/>\n<meta property=\"og:description\" content=\"15 m dlouh\u00e1 spojovac\u00ed trubka Flex 13 mm (1\/2&#8243;) zna\u010dky GARDENA je centr\u00e1ln\u00edm p\u0159\u00edvodn\u00edm potrub\u00edm do Micro-Drip-syst\u00e9mu. Vedete ji od vodovodn\u00edho kohoutku na p\u0159\u00edpojce vody a\u017e k va\u0161im rostlin\u00e1m. D\u00edky jedine\u010dn\u00e9 technologii Flex, trubku nainstalujete rychle a snadno. Dokonce ji m\u016f\u017eete v\u00e9st kolem p\u0159edm\u011btu. Trubku m\u016f\u017eete instalovat nad zem\u00ed i neviditeln\u011b pod zem\u00ed. Patentovan\u00e1 p\u0159ipojovac\u00ed [&hellip;]\" \/>\n<meta property=\"og:url\" content=\"https:\/\/www.koupeltech.com\/index.php\/produkt\/znackovy-gardena-1346-29-mds-pokladaci-trubka-13-mm-1-2-15-m-76506\/\" \/>\n<meta property=\"og:image\" content=\"https:\/\/www.koupeltech.com\/wp-content\/uploads\/2026\/SK0028002-CZ20260425-092328-0-1777080210-ga210-0688.webp\" \/>\n\t<meta property=\"og:image:width\" content=\"340\" \/>\n\t<meta property=\"og:image:height\" content=\"177\" \/>\n\t<meta property=\"og:image:type\" content=\"image\/webp\" \/>\n<meta name=\"twitter:card\" content=\"summary_large_image\" \/>\n<meta name=\"twitter:label1\" content=\"Odhadovan\u00e1 doba \u010dten\u00ed\" \/>\n\t<meta name=\"twitter:data1\" content=\"2 minuty\" \/>\n<script type=\"application\/ld+json\" class=\"yoast-schema-graph\">{\"@context\":\"https:\/\/schema.org\",\"@graph\":[{\"@type\":\"WebPage\",\"@id\":\"https:\/\/www.koupeltech.com\/index.php\/produkt\/znackovy-gardena-1346-29-mds-pokladaci-trubka-13-mm-1-2-15-m-76506\/\",\"url\":\"https:\/\/www.koupeltech.com\/index.php\/produkt\/znackovy-gardena-1346-29-mds-pokladaci-trubka-13-mm-1-2-15-m-76506\/\",\"name\":\"Zna\u010dkov\u00fd Gardena 1346-29 mds-pokl\u00e1dac\u00ed trubka 13 mm (1\/2''), 15 m -\",\"isPartOf\":{\"@id\":\"https:\/\/www.koupeltech.com\/#website\"},\"primaryImageOfPage\":{\"@id\":\"https:\/\/www.koupeltech.com\/index.php\/produkt\/znackovy-gardena-1346-29-mds-pokladaci-trubka-13-mm-1-2-15-m-76506\/#primaryimage\"},\"image\":{\"@id\":\"https:\/\/www.koupeltech.com\/index.php\/produkt\/znackovy-gardena-1346-29-mds-pokladaci-trubka-13-mm-1-2-15-m-76506\/#primaryimage\"},\"thumbnailUrl\":\"https:\/\/www.koupeltech.com\/wp-content\/uploads\/2026\/SK0028002-CZ20260425-092328-0-1777080210-ga210-0688.webp\",\"datePublished\":\"2026-04-27T14:07:43+00:00\",\"breadcrumb\":{\"@id\":\"https:\/\/www.koupeltech.com\/index.php\/produkt\/znackovy-gardena-1346-29-mds-pokladaci-trubka-13-mm-1-2-15-m-76506\/#breadcrumb\"},\"inLanguage\":\"cs\",\"potentialAction\":[{\"@type\":\"ReadAction\",\"target\":[\"https:\/\/www.koupeltech.com\/index.php\/produkt\/znackovy-gardena-1346-29-mds-pokladaci-trubka-13-mm-1-2-15-m-76506\/\"]}]},{\"@type\":\"ImageObject\",\"inLanguage\":\"cs\",\"@id\":\"https:\/\/www.koupeltech.com\/index.php\/produkt\/znackovy-gardena-1346-29-mds-pokladaci-trubka-13-mm-1-2-15-m-76506\/#primaryimage\",\"url\":\"https:\/\/www.koupeltech.com\/wp-content\/uploads\/2026\/SK0028002-CZ20260425-092328-0-1777080210-ga210-0688.webp\",\"contentUrl\":\"https:\/\/www.koupeltech.com\/wp-content\/uploads\/2026\/SK0028002-CZ20260425-092328-0-1777080210-ga210-0688.webp\",\"width\":340,\"height\":177},{\"@type\":\"BreadcrumbList\",\"@id\":\"https:\/\/www.koupeltech.com\/index.php\/produkt\/znackovy-gardena-1346-29-mds-pokladaci-trubka-13-mm-1-2-15-m-76506\/#breadcrumb\",\"itemListElement\":[{\"@type\":\"ListItem\",\"position\":1,\"name\":\"Home\",\"item\":\"https:\/\/www.koupeltech.com\/\"},{\"@type\":\"ListItem\",\"position\":2,\"name\":\"Products\",\"item\":\"https:\/\/www.koupeltech.com\/index.php\/products\/\"},{\"@type\":\"ListItem\",\"position\":3,\"name\":\"Zna\u010dkov\u00fd Gardena 1346-29 mds-pokl\u00e1dac\u00ed trubka 13 mm (1\/2&#8220;), 15 m\"}]},{\"@type\":\"WebSite\",\"@id\":\"https:\/\/www.koupeltech.com\/#website\",\"url\":\"https:\/\/www.koupeltech.com\/\",\"name\":\"\",\"description\":\"\",\"potentialAction\":[{\"@type\":\"SearchAction\",\"target\":{\"@type\":\"EntryPoint\",\"urlTemplate\":\"https:\/\/www.koupeltech.com\/?s={search_term_string}\"},\"query-input\":{\"@type\":\"PropertyValueSpecification\",\"valueRequired\":true,\"valueName\":\"search_term_string\"}}],\"inLanguage\":\"cs\"}]}<\/script>\n<!-- \/ Yoast SEO plugin. -->","yoast_head_json":{"title":"Zna\u010dkov\u00fd Gardena 1346-29 mds-pokl\u00e1dac\u00ed trubka 13 mm (1\/2''), 15 m -","robots":{"index":"index","follow":"follow","max-snippet":"max-snippet:-1","max-image-preview":"max-image-preview:large","max-video-preview":"max-video-preview:-1"},"canonical":"https:\/\/www.koupeltech.com\/index.php\/produkt\/znackovy-gardena-1346-29-mds-pokladaci-trubka-13-mm-1-2-15-m-76506\/","og_locale":"cs_CZ","og_type":"article","og_title":"Zna\u010dkov\u00fd Gardena 1346-29 mds-pokl\u00e1dac\u00ed trubka 13 mm (1\/2''), 15 m -","og_description":"15 m dlouh\u00e1 spojovac\u00ed trubka Flex 13 mm (1\/2&#8243;) zna\u010dky GARDENA je centr\u00e1ln\u00edm p\u0159\u00edvodn\u00edm potrub\u00edm do Micro-Drip-syst\u00e9mu. Vedete ji od vodovodn\u00edho kohoutku na p\u0159\u00edpojce vody a\u017e k va\u0161im rostlin\u00e1m. D\u00edky jedine\u010dn\u00e9 technologii Flex, trubku nainstalujete rychle a snadno. Dokonce ji m\u016f\u017eete v\u00e9st kolem p\u0159edm\u011btu. Trubku m\u016f\u017eete instalovat nad zem\u00ed i neviditeln\u011b pod zem\u00ed. Patentovan\u00e1 p\u0159ipojovac\u00ed [&hellip;]","og_url":"https:\/\/www.koupeltech.com\/index.php\/produkt\/znackovy-gardena-1346-29-mds-pokladaci-trubka-13-mm-1-2-15-m-76506\/","og_image":[{"width":340,"height":177,"url":"https:\/\/www.koupeltech.com\/wp-content\/uploads\/2026\/SK0028002-CZ20260425-092328-0-1777080210-ga210-0688.webp","type":"image\/webp"}],"twitter_card":"summary_large_image","twitter_misc":{"Odhadovan\u00e1 doba \u010dten\u00ed":"2 minuty"},"schema":{"@context":"https:\/\/schema.org","@graph":[{"@type":"WebPage","@id":"https:\/\/www.koupeltech.com\/index.php\/produkt\/znackovy-gardena-1346-29-mds-pokladaci-trubka-13-mm-1-2-15-m-76506\/","url":"https:\/\/www.koupeltech.com\/index.php\/produkt\/znackovy-gardena-1346-29-mds-pokladaci-trubka-13-mm-1-2-15-m-76506\/","name":"Zna\u010dkov\u00fd Gardena 1346-29 mds-pokl\u00e1dac\u00ed trubka 13 mm (1\/2''), 15 m -","isPartOf":{"@id":"https:\/\/www.koupeltech.com\/#website"},"primaryImageOfPage":{"@id":"https:\/\/www.koupeltech.com\/index.php\/produkt\/znackovy-gardena-1346-29-mds-pokladaci-trubka-13-mm-1-2-15-m-76506\/#primaryimage"},"image":{"@id":"https:\/\/www.koupeltech.com\/index.php\/produkt\/znackovy-gardena-1346-29-mds-pokladaci-trubka-13-mm-1-2-15-m-76506\/#primaryimage"},"thumbnailUrl":"https:\/\/www.koupeltech.com\/wp-content\/uploads\/2026\/SK0028002-CZ20260425-092328-0-1777080210-ga210-0688.webp","datePublished":"2026-04-27T14:07:43+00:00","breadcrumb":{"@id":"https:\/\/www.koupeltech.com\/index.php\/produkt\/znackovy-gardena-1346-29-mds-pokladaci-trubka-13-mm-1-2-15-m-76506\/#breadcrumb"},"inLanguage":"cs","potentialAction":[{"@type":"ReadAction","target":["https:\/\/www.koupeltech.com\/index.php\/produkt\/znackovy-gardena-1346-29-mds-pokladaci-trubka-13-mm-1-2-15-m-76506\/"]}]},{"@type":"ImageObject","inLanguage":"cs","@id":"https:\/\/www.koupeltech.com\/index.php\/produkt\/znackovy-gardena-1346-29-mds-pokladaci-trubka-13-mm-1-2-15-m-76506\/#primaryimage","url":"https:\/\/www.koupeltech.com\/wp-content\/uploads\/2026\/SK0028002-CZ20260425-092328-0-1777080210-ga210-0688.webp","contentUrl":"https:\/\/www.koupeltech.com\/wp-content\/uploads\/2026\/SK0028002-CZ20260425-092328-0-1777080210-ga210-0688.webp","width":340,"height":177},{"@type":"BreadcrumbList","@id":"https:\/\/www.koupeltech.com\/index.php\/produkt\/znackovy-gardena-1346-29-mds-pokladaci-trubka-13-mm-1-2-15-m-76506\/#breadcrumb","itemListElement":[{"@type":"ListItem","position":1,"name":"Home","item":"https:\/\/www.koupeltech.com\/"},{"@type":"ListItem","position":2,"name":"Products","item":"https:\/\/www.koupeltech.com\/index.php\/products\/"},{"@type":"ListItem","position":3,"name":"Zna\u010dkov\u00fd Gardena 1346-29 mds-pokl\u00e1dac\u00ed trubka 13 mm (1\/2&#8220;), 15 m"}]},{"@type":"WebSite","@id":"https:\/\/www.koupeltech.com\/#website","url":"https:\/\/www.koupeltech.com\/","name":"","description":"","potentialAction":[{"@type":"SearchAction","target":{"@type":"EntryPoint","urlTemplate":"https:\/\/www.koupeltech.com\/?s={search_term_string}"},"query-input":{"@type":"PropertyValueSpecification","valueRequired":true,"valueName":"search_term_string"}}],"inLanguage":"cs"}]}},"_links":{"self":[{"href":"https:\/\/www.koupeltech.com\/index.php\/wp-json\/wp\/v2\/product\/76506","targetHints":{"allow":["GET"]}}],"collection":[{"href":"https:\/\/www.koupeltech.com\/index.php\/wp-json\/wp\/v2\/product"}],"about":[{"href":"https:\/\/www.koupeltech.com\/index.php\/wp-json\/wp\/v2\/types\/product"}],"replies":[{"embeddable":true,"href":"https:\/\/www.koupeltech.com\/index.php\/wp-json\/wp\/v2\/comments?post=76506"}],"wp:featuredmedia":[{"embeddable":true,"href":"https:\/\/www.koupeltech.com\/index.php\/wp-json\/wp\/v2\/media\/76606"}],"wp:attachment":[{"href":"https:\/\/www.koupeltech.com\/index.php\/wp-json\/wp\/v2\/media?parent=76506"}],"wp:term":[{"taxonomy":"product_brand","embeddable":true,"href":"https:\/\/www.koupeltech.com\/index.php\/wp-json\/wp\/v2\/product_brand?post=76506"},{"taxonomy":"product_cat","embeddable":true,"href":"https:\/\/www.koupeltech.com\/index.php\/wp-json\/wp\/v2\/product_cat?post=76506"},{"taxonomy":"product_tag","embeddable":true,"href":"https:\/\/www.koupeltech.com\/index.php\/wp-json\/wp\/v2\/product_tag?post=76506"}],"curies":[{"name":"wp","href":"https:\/\/api.w.org\/{rel}","templated":true}]}}