{"id":76584,"date":"2026-04-27T14:07:43","date_gmt":"2026-04-27T14:07:43","guid":{"rendered":""},"modified":"2026-04-27T14:07:43","modified_gmt":"2026-04-27T14:07:43","slug":"akce-gardena-18931-20-hadice-ecoline-13-mm-1-2-20-m-se-systemovymi-dily-76584","status":"publish","type":"product","link":"https:\/\/www.koupeltech.com\/index.php\/produkt\/akce-gardena-18931-20-hadice-ecoline-13-mm-1-2-20-m-se-systemovymi-dily-76584\/","title":{"rendered":"Akce Gardena 18931-20 hadice EcoLine 13 mm (1\/2&#8220;), 20 m, se syst\u00e9mov\u00fdmi d\u00edly"},"content":{"rendered":"<table>\n<div class=\"tab-pane active product-description\" id=\"popis\" role=\"tabpanel\">\n<div class=\"short-description\" itemprop=\"description\"><\/div>\n<div class=\"description\"><span class='bullet-line'>Udr\u017eiteln\u00e1 sada s hadic\u00ed GARDENA EcoLine 13 m (1\/2&#8243;) v\u00e1s vybav\u00ed v\u0161\u00edm, co pot\u0159ebujete pro ekologick\u00e9 zavla\u017eov\u00e1n\u00ed zahrady. <br \/><\/span><span class='bullet-line'>M\u016f\u017eete za\u010d\u00edt hned. <br \/><\/span><span class='bullet-line'>Praktick\u00e1 sada obsahuje 20 m dlouhou hadici a tak\u00e9 EcoLine komponenty Basic, jako je \u0161rouben\u00ed na vodovodn\u00ed kohoutek s adapt\u00e9rem, hadicov\u00e1 spojka, stopspojka a post\u0159ikova\u010d. <br \/><\/span><span class='bullet-line'>Hadice je vyrobena z materi\u00e1lu TPE a pou\u017eit\u00e9 plastov\u00e9 komponenty jsou vyrobeny z v\u00edce ne\u017e 65 % z recyklovan\u00e9ho materi\u00e1lu, p\u0159edev\u0161\u00edm z domovn\u00edho odpadu jako jsou nap\u0159. obaly. <br \/><\/span><span class='bullet-line'>Plast pou\u017eit\u00fd pro z\u00e1kladn\u00ed sadu je vyroben z v\u00edce ne\u017e 90 % recyklovan\u00e9ho materi\u00e1lu, rovn\u011b\u017e p\u0159ev\u00e1\u017en\u011b z domovn\u00edho odpadu. <br \/><\/span><span class='bullet-line'>Krom\u011b recyklovan\u00e9ho plastu byl na kovov\u00fd prvek pou\u017eit tak\u00e9 nerezov\u00fd kov, kter\u00fd je z v\u00edce ne\u017e 35 % recyklov\u00e1n. <br \/><\/span><span class='bullet-line'>Sada nejen dob\u0159e vypad\u00e1, ale tak\u00e9 zaji\u0161\u0165uje dlouh\u00e9 pou\u017e\u00edv\u00e1n\u00ed d\u00edky kvalitn\u00edmu zpracov\u00e1n\u00ed. <br \/><\/span><span class='bullet-line'>Proto je tato sada ide\u00e1ln\u00ed v p\u0159\u00edpad\u011b, \u017ee chcete aktivn\u011b chr\u00e1nit \u017eivotn\u00ed prost\u0159ed\u00ed. <br \/><\/span><span class='bullet-line'>Hadice EcoLine neobsahuje ftal\u00e1ty ani \u0161kodliv\u00e9 l\u00e1tky (< 0,1 %. Profil Power Grip zaji\u0161\u0165uje stabiln\u00ed spojen\u00ed a optim\u00e1ln\u00ed dr\u017een\u00ed mezi hadic\u00ed a hadicovou spojkou nebo stopspojkou. <br \/><\/span><span class='bullet-line'>Hadice je p\u0159i pou\u017e\u00edv\u00e1n\u00ed obratn\u00e1 a lehk\u00e1. <br \/><\/span><span class='bullet-line'>Sada je odoln\u00e1 v\u016f\u010di UV z\u00e1\u0159en\u00ed a mrazu, tak\u017ee ji m\u016f\u017eete skladovat venku po cel\u00fd rok. <br \/><\/span><span class='bullet-line'>Tlak, p\u0159i kter\u00e9m dojde k prasknut\u00ed hadice, \u010din\u00ed 20 bar\u016f. Rozpra\u0161ovac\u00ed proud pos\u0159ikova\u010de 2 v 1 nab\u00edz\u00ed vhodn\u00fd proud pro r\u016fzn\u00e9 situace. <br \/><\/span><span class='bullet-line'>M\u016f\u017eete plynule p\u0159ep\u00ednat mezi bodov\u00fdm paprskem pro \u00faklidov\u00e9 \u00fakoly a jemn\u00fdm rozpra\u0161ovac\u00edm proudem pro zavla\u017eov\u00e1n\u00ed. <br \/><\/span><span class='bullet-line'>Stopaspojka, kter\u00e1 je sou\u010d\u00e1st\u00ed sady, umo\u017e\u0148uje v\u00fdm\u011bnu n\u00e1stavc\u016f, ani\u017e byste museli chodi k vodovodn\u00edmu kohoutku: voda se po odpojen\u00ed koncov\u00e9ho p\u0159\u00edstroje automaticky zastav\u00ed a pokra\u010duje v toku a\u017e po instalaci nov\u00e9ho n\u00e1stavce. Hadice GARDENA EcoLine 13 mm (1\/2&#8243;) prod\u00e1van\u00e1 jako sada je produkt udr\u017eiteln\u00e9 kvality vyroben\u00fd v Evrop\u011b a je podporov\u00e1n spole\u010dnost\u00ed GARDENA 30letou z\u00e1rukou po registraci na adrese gardena.com\/registration do 3 m\u011bs\u00edc\u016f od zakoupen\u00ed. P\u0159irozen\u00e1 volba pro v\u00e1\u0161niv\u00e9 zahr\u00e1dk\u00e1\u0159e. Nov\u00e1 \u0159ada EcoLine. Udr\u017eiteln\u011b vyroben\u00e1. Esteticky navr\u017een\u00e1. Odoln\u011b konstruovan\u00e1.<br \/><\/span><br \/>\u27a4 20 m dlouh\u00e1 hadice se sadou Basic<span class='bullet-line'>Hadice EcoLine je dlouh\u00e1 20 m a m\u00e1 pr\u016fm\u011br 13 mm (1\/2&#8243;). <br \/><\/span><span class='bullet-line'>Sada krom\u011b hadice obsahuje \u0161rouben\u00ed na kohoutek EcoLine s adapt\u00e9rem, rychlospojku EcoLine, stopspojku EcoLine a \u010distic\u00ed post\u0159ikova\u010d EcoLine.<br \/><\/span><br \/>\u27a4 Udr\u017eiteln\u011b navr\u017een\u00e1<span class='bullet-line'>Hadice EcoLine je vyrobena z TPE. Pou\u017eit\u00fd plast je vyroben z v\u00edce ne\u017e z 65 % z recyklovan\u00e9ho materi\u00e1lu, p\u0159edev\u0161\u00edm z domovn\u00edho odpadu jako jsou nap\u0159 obaly. <br \/><\/span><span class='bullet-line'>Z\u00e1kladn\u00ed sada EcoLine je vyrobena udr\u017eiteln\u00fdm zp\u016fsobem, pou\u017eit\u00fd plast byl vyroben z v\u00edce ne\u017e 90 % z recyklovan\u00e9ho materi\u00e1lu. Pro kovov\u00e9 \u010d\u00e1sti byl pou\u017eit nerezov\u00fd kov vyroben\u00fd z v\u00edce ne\u017e 35 % recyklovan\u00e9ho materi\u00e1lu.<br \/><\/span><br \/>\u27a4 Bez \u0161kodliv\u00fdch l\u00e1tek<span class='bullet-line'>Hadice EcoLine je vyrobena z TPE a neobsahuje ftal\u00e1ty a \u0161kodliv\u00e9 l\u00e1tky (< 0,1 %).<br \/><\/span><br \/>\u27a4 Profil Power Grip<span class='bullet-line'>Profil Power Grip m\u00e1 speci\u00e1ln\u011b \u017eebrovan\u00fd povrch, d\u00edky \u010demu\u017e se rychlospojka nebo stopspojka je\u0161t\u011b l\u00e9pe dr\u017e\u00ed. T\u00edm se zajist\u00ed extra stabiln\u00ed spojen\u00ed a optim\u00e1ln\u00ed uchopen\u00ed.<br \/><\/span><br \/>\u27a4 \u0160ikovn\u00e1 a lehk\u00e1<span class='bullet-line'>Hadice je ovladateln\u00e1 a lehk\u00e1 a lze ji pohodln\u011b skladovat pomoc\u00ed hadicov\u00e9ho voz\u00edku.<br \/><\/span><br \/>\u27a4 Odoln\u00fd v\u016f\u010di pov\u011btrnostn\u00edm podm\u00ednk\u00e1m<span class='bullet-line'>A\u0165 je zima nebo sv\u00edt\u00ed slunce \u2013 hadice EcoLine vydr\u017e\u00ed na zahrad\u011b po cel\u00fd rok d\u00edky odolnosti v\u016f\u010di mrazu a UV z\u00e1\u0159en\u00ed.<br \/><\/span><br \/>\u27a4 Tlak, p\u0159i kter\u00e9m dojde k prasknut\u00ed hadice: 20 bar<span class='bullet-line'>Tlak, p\u0159i kter\u00e9m hadice EcoLine praskne, \u010din\u00ed 20 bar.<\/span><\/div>\n<div class=\"parameters\">\n<tr>\n<td>Tlak, p\u0159i kter\u00e9m dojde k prasknut\u00ed<\/td>\n<td>20 bar<\/td>\n<\/tr>\n<tr>\n<td>Sada se syst\u00e9mov\u00fdmi d\u00edly<\/td>\n<td>1 x EcoLine Tap Connector 1&#8243;, 1 x EcoLine Hose Connector 1\/2&#8243; &#8211; 5\/8&#8243;, 1 x EcoLine Water Stop 1\/2&#8243; &#8211; 5\/8&#8243;, 1 x EcoLine Nozzle<\/td>\n<\/tr>\n<tr>\n<td>D\u00e9lka hadice<\/td>\n<td>20 m<\/td>\n<\/tr>\n<tr>\n<td>Pr\u016fm\u011br hadice<\/td>\n<td>13 mm<\/td>\n<\/tr>\n<tr>\n<td>Z\u00e1ruka spole\u010dnosti Gardena<\/td>\n<td>Z\u00e1ruka 30 let<\/td>\n<\/tr>\n<tr>\n<td>Z\u00e1vit<\/td>\n<td>For taps with 33,3mm (G 1&#8243;) and 26,5mm (G 3\/4&#8243;) thread<\/td>\n<\/tr><\/div>\n<\/table>\n","protected":false},"excerpt":{"rendered":"<p>Udr\u017eiteln\u00e1 sada s hadic\u00ed GARDENA EcoLine 13 m (1\/2&#8243;) v\u00e1s vybav\u00ed v\u0161\u00edm, co pot\u0159ebujete pro ekologick\u00e9 zavla\u017eov\u00e1n\u00ed zahrady. M\u016f\u017eete za\u010d\u00edt hned. Praktick\u00e1 sada obsahuje 20 m dlouhou hadici a tak\u00e9 EcoLine komponenty Basic, jako je \u0161rouben\u00ed na vodovodn\u00ed kohoutek s adapt\u00e9rem, hadicov\u00e1 spojka, stopspojka a post\u0159ikova\u010d. Hadice je vyrobena z materi\u00e1lu TPE a pou\u017eit\u00e9 plastov\u00e9 [&hellip;]<\/p>\n","protected":false},"featured_media":76684,"comment_status":"open","ping_status":"open","template":"","meta":[],"product_brand":[],"product_cat":[44],"product_tag":[],"class_list":{"0":"post-76584","1":"product","2":"type-product","3":"status-publish","4":"has-post-thumbnail","6":"product_cat-zahrada","8":"first","9":"instock","10":"sale","11":"shipping-taxable","12":"purchasable","13":"product-type-simple"},"yoast_head":"<!-- This site is optimized with the Yoast SEO plugin v26.8 - https:\/\/yoast.com\/product\/yoast-seo-wordpress\/ -->\n<title>Akce Gardena 18931-20 hadice EcoLine 13 mm (1\/2&#039;&#039;), 20 m, se syst\u00e9mov\u00fdmi d\u00edly -<\/title>\n<meta name=\"robots\" content=\"index, follow, max-snippet:-1, max-image-preview:large, max-video-preview:-1\" \/>\n<link rel=\"canonical\" href=\"https:\/\/www.koupeltech.com\/index.php\/produkt\/akce-gardena-18931-20-hadice-ecoline-13-mm-1-2-20-m-se-systemovymi-dily-76584\/\" \/>\n<meta property=\"og:locale\" content=\"cs_CZ\" \/>\n<meta property=\"og:type\" content=\"article\" \/>\n<meta property=\"og:title\" content=\"Akce Gardena 18931-20 hadice EcoLine 13 mm (1\/2&#039;&#039;), 20 m, se syst\u00e9mov\u00fdmi d\u00edly -\" \/>\n<meta property=\"og:description\" content=\"Udr\u017eiteln\u00e1 sada s hadic\u00ed GARDENA EcoLine 13 m (1\/2&#8243;) v\u00e1s vybav\u00ed v\u0161\u00edm, co pot\u0159ebujete pro ekologick\u00e9 zavla\u017eov\u00e1n\u00ed zahrady. M\u016f\u017eete za\u010d\u00edt hned. Praktick\u00e1 sada obsahuje 20 m dlouhou hadici a tak\u00e9 EcoLine komponenty Basic, jako je \u0161rouben\u00ed na vodovodn\u00ed kohoutek s adapt\u00e9rem, hadicov\u00e1 spojka, stopspojka a post\u0159ikova\u010d. Hadice je vyrobena z materi\u00e1lu TPE a pou\u017eit\u00e9 plastov\u00e9 [&hellip;]\" \/>\n<meta property=\"og:url\" content=\"https:\/\/www.koupeltech.com\/index.php\/produkt\/akce-gardena-18931-20-hadice-ecoline-13-mm-1-2-20-m-se-systemovymi-dily-76584\/\" \/>\n<meta property=\"og:image\" content=\"https:\/\/www.koupeltech.com\/wp-content\/uploads\/2026\/SK0028084-CZ20260425-092328-0-1777080210-ly-846820.webp\" \/>\n\t<meta property=\"og:image:width\" content=\"340\" \/>\n\t<meta property=\"og:image:height\" content=\"216\" \/>\n\t<meta property=\"og:image:type\" content=\"image\/webp\" \/>\n<meta name=\"twitter:card\" content=\"summary_large_image\" \/>\n<meta name=\"twitter:label1\" content=\"Odhadovan\u00e1 doba \u010dten\u00ed\" \/>\n\t<meta name=\"twitter:data1\" content=\"3 minuty\" \/>\n<script type=\"application\/ld+json\" class=\"yoast-schema-graph\">{\"@context\":\"https:\/\/schema.org\",\"@graph\":[{\"@type\":\"WebPage\",\"@id\":\"https:\/\/www.koupeltech.com\/index.php\/produkt\/akce-gardena-18931-20-hadice-ecoline-13-mm-1-2-20-m-se-systemovymi-dily-76584\/\",\"url\":\"https:\/\/www.koupeltech.com\/index.php\/produkt\/akce-gardena-18931-20-hadice-ecoline-13-mm-1-2-20-m-se-systemovymi-dily-76584\/\",\"name\":\"Akce Gardena 18931-20 hadice EcoLine 13 mm (1\/2''), 20 m, se syst\u00e9mov\u00fdmi d\u00edly -\",\"isPartOf\":{\"@id\":\"https:\/\/www.koupeltech.com\/#website\"},\"primaryImageOfPage\":{\"@id\":\"https:\/\/www.koupeltech.com\/index.php\/produkt\/akce-gardena-18931-20-hadice-ecoline-13-mm-1-2-20-m-se-systemovymi-dily-76584\/#primaryimage\"},\"image\":{\"@id\":\"https:\/\/www.koupeltech.com\/index.php\/produkt\/akce-gardena-18931-20-hadice-ecoline-13-mm-1-2-20-m-se-systemovymi-dily-76584\/#primaryimage\"},\"thumbnailUrl\":\"https:\/\/www.koupeltech.com\/wp-content\/uploads\/2026\/SK0028084-CZ20260425-092328-0-1777080210-ly-846820.webp\",\"datePublished\":\"2026-04-27T14:07:43+00:00\",\"breadcrumb\":{\"@id\":\"https:\/\/www.koupeltech.com\/index.php\/produkt\/akce-gardena-18931-20-hadice-ecoline-13-mm-1-2-20-m-se-systemovymi-dily-76584\/#breadcrumb\"},\"inLanguage\":\"cs\",\"potentialAction\":[{\"@type\":\"ReadAction\",\"target\":[\"https:\/\/www.koupeltech.com\/index.php\/produkt\/akce-gardena-18931-20-hadice-ecoline-13-mm-1-2-20-m-se-systemovymi-dily-76584\/\"]}]},{\"@type\":\"ImageObject\",\"inLanguage\":\"cs\",\"@id\":\"https:\/\/www.koupeltech.com\/index.php\/produkt\/akce-gardena-18931-20-hadice-ecoline-13-mm-1-2-20-m-se-systemovymi-dily-76584\/#primaryimage\",\"url\":\"https:\/\/www.koupeltech.com\/wp-content\/uploads\/2026\/SK0028084-CZ20260425-092328-0-1777080210-ly-846820.webp\",\"contentUrl\":\"https:\/\/www.koupeltech.com\/wp-content\/uploads\/2026\/SK0028084-CZ20260425-092328-0-1777080210-ly-846820.webp\",\"width\":340,\"height\":216},{\"@type\":\"BreadcrumbList\",\"@id\":\"https:\/\/www.koupeltech.com\/index.php\/produkt\/akce-gardena-18931-20-hadice-ecoline-13-mm-1-2-20-m-se-systemovymi-dily-76584\/#breadcrumb\",\"itemListElement\":[{\"@type\":\"ListItem\",\"position\":1,\"name\":\"Home\",\"item\":\"https:\/\/www.koupeltech.com\/\"},{\"@type\":\"ListItem\",\"position\":2,\"name\":\"Products\",\"item\":\"https:\/\/www.koupeltech.com\/index.php\/products\/\"},{\"@type\":\"ListItem\",\"position\":3,\"name\":\"Akce Gardena 18931-20 hadice EcoLine 13 mm (1\/2&#8220;), 20 m, se syst\u00e9mov\u00fdmi d\u00edly\"}]},{\"@type\":\"WebSite\",\"@id\":\"https:\/\/www.koupeltech.com\/#website\",\"url\":\"https:\/\/www.koupeltech.com\/\",\"name\":\"\",\"description\":\"\",\"potentialAction\":[{\"@type\":\"SearchAction\",\"target\":{\"@type\":\"EntryPoint\",\"urlTemplate\":\"https:\/\/www.koupeltech.com\/?s={search_term_string}\"},\"query-input\":{\"@type\":\"PropertyValueSpecification\",\"valueRequired\":true,\"valueName\":\"search_term_string\"}}],\"inLanguage\":\"cs\"}]}<\/script>\n<!-- \/ Yoast SEO plugin. -->","yoast_head_json":{"title":"Akce Gardena 18931-20 hadice EcoLine 13 mm (1\/2''), 20 m, se syst\u00e9mov\u00fdmi d\u00edly -","robots":{"index":"index","follow":"follow","max-snippet":"max-snippet:-1","max-image-preview":"max-image-preview:large","max-video-preview":"max-video-preview:-1"},"canonical":"https:\/\/www.koupeltech.com\/index.php\/produkt\/akce-gardena-18931-20-hadice-ecoline-13-mm-1-2-20-m-se-systemovymi-dily-76584\/","og_locale":"cs_CZ","og_type":"article","og_title":"Akce Gardena 18931-20 hadice EcoLine 13 mm (1\/2''), 20 m, se syst\u00e9mov\u00fdmi d\u00edly -","og_description":"Udr\u017eiteln\u00e1 sada s hadic\u00ed GARDENA EcoLine 13 m (1\/2&#8243;) v\u00e1s vybav\u00ed v\u0161\u00edm, co pot\u0159ebujete pro ekologick\u00e9 zavla\u017eov\u00e1n\u00ed zahrady. M\u016f\u017eete za\u010d\u00edt hned. Praktick\u00e1 sada obsahuje 20 m dlouhou hadici a tak\u00e9 EcoLine komponenty Basic, jako je \u0161rouben\u00ed na vodovodn\u00ed kohoutek s adapt\u00e9rem, hadicov\u00e1 spojka, stopspojka a post\u0159ikova\u010d. Hadice je vyrobena z materi\u00e1lu TPE a pou\u017eit\u00e9 plastov\u00e9 [&hellip;]","og_url":"https:\/\/www.koupeltech.com\/index.php\/produkt\/akce-gardena-18931-20-hadice-ecoline-13-mm-1-2-20-m-se-systemovymi-dily-76584\/","og_image":[{"width":340,"height":216,"url":"https:\/\/www.koupeltech.com\/wp-content\/uploads\/2026\/SK0028084-CZ20260425-092328-0-1777080210-ly-846820.webp","type":"image\/webp"}],"twitter_card":"summary_large_image","twitter_misc":{"Odhadovan\u00e1 doba \u010dten\u00ed":"3 minuty"},"schema":{"@context":"https:\/\/schema.org","@graph":[{"@type":"WebPage","@id":"https:\/\/www.koupeltech.com\/index.php\/produkt\/akce-gardena-18931-20-hadice-ecoline-13-mm-1-2-20-m-se-systemovymi-dily-76584\/","url":"https:\/\/www.koupeltech.com\/index.php\/produkt\/akce-gardena-18931-20-hadice-ecoline-13-mm-1-2-20-m-se-systemovymi-dily-76584\/","name":"Akce Gardena 18931-20 hadice EcoLine 13 mm (1\/2''), 20 m, se syst\u00e9mov\u00fdmi d\u00edly -","isPartOf":{"@id":"https:\/\/www.koupeltech.com\/#website"},"primaryImageOfPage":{"@id":"https:\/\/www.koupeltech.com\/index.php\/produkt\/akce-gardena-18931-20-hadice-ecoline-13-mm-1-2-20-m-se-systemovymi-dily-76584\/#primaryimage"},"image":{"@id":"https:\/\/www.koupeltech.com\/index.php\/produkt\/akce-gardena-18931-20-hadice-ecoline-13-mm-1-2-20-m-se-systemovymi-dily-76584\/#primaryimage"},"thumbnailUrl":"https:\/\/www.koupeltech.com\/wp-content\/uploads\/2026\/SK0028084-CZ20260425-092328-0-1777080210-ly-846820.webp","datePublished":"2026-04-27T14:07:43+00:00","breadcrumb":{"@id":"https:\/\/www.koupeltech.com\/index.php\/produkt\/akce-gardena-18931-20-hadice-ecoline-13-mm-1-2-20-m-se-systemovymi-dily-76584\/#breadcrumb"},"inLanguage":"cs","potentialAction":[{"@type":"ReadAction","target":["https:\/\/www.koupeltech.com\/index.php\/produkt\/akce-gardena-18931-20-hadice-ecoline-13-mm-1-2-20-m-se-systemovymi-dily-76584\/"]}]},{"@type":"ImageObject","inLanguage":"cs","@id":"https:\/\/www.koupeltech.com\/index.php\/produkt\/akce-gardena-18931-20-hadice-ecoline-13-mm-1-2-20-m-se-systemovymi-dily-76584\/#primaryimage","url":"https:\/\/www.koupeltech.com\/wp-content\/uploads\/2026\/SK0028084-CZ20260425-092328-0-1777080210-ly-846820.webp","contentUrl":"https:\/\/www.koupeltech.com\/wp-content\/uploads\/2026\/SK0028084-CZ20260425-092328-0-1777080210-ly-846820.webp","width":340,"height":216},{"@type":"BreadcrumbList","@id":"https:\/\/www.koupeltech.com\/index.php\/produkt\/akce-gardena-18931-20-hadice-ecoline-13-mm-1-2-20-m-se-systemovymi-dily-76584\/#breadcrumb","itemListElement":[{"@type":"ListItem","position":1,"name":"Home","item":"https:\/\/www.koupeltech.com\/"},{"@type":"ListItem","position":2,"name":"Products","item":"https:\/\/www.koupeltech.com\/index.php\/products\/"},{"@type":"ListItem","position":3,"name":"Akce Gardena 18931-20 hadice EcoLine 13 mm (1\/2&#8220;), 20 m, se syst\u00e9mov\u00fdmi d\u00edly"}]},{"@type":"WebSite","@id":"https:\/\/www.koupeltech.com\/#website","url":"https:\/\/www.koupeltech.com\/","name":"","description":"","potentialAction":[{"@type":"SearchAction","target":{"@type":"EntryPoint","urlTemplate":"https:\/\/www.koupeltech.com\/?s={search_term_string}"},"query-input":{"@type":"PropertyValueSpecification","valueRequired":true,"valueName":"search_term_string"}}],"inLanguage":"cs"}]}},"_links":{"self":[{"href":"https:\/\/www.koupeltech.com\/index.php\/wp-json\/wp\/v2\/product\/76584","targetHints":{"allow":["GET"]}}],"collection":[{"href":"https:\/\/www.koupeltech.com\/index.php\/wp-json\/wp\/v2\/product"}],"about":[{"href":"https:\/\/www.koupeltech.com\/index.php\/wp-json\/wp\/v2\/types\/product"}],"replies":[{"embeddable":true,"href":"https:\/\/www.koupeltech.com\/index.php\/wp-json\/wp\/v2\/comments?post=76584"}],"wp:featuredmedia":[{"embeddable":true,"href":"https:\/\/www.koupeltech.com\/index.php\/wp-json\/wp\/v2\/media\/76684"}],"wp:attachment":[{"href":"https:\/\/www.koupeltech.com\/index.php\/wp-json\/wp\/v2\/media?parent=76584"}],"wp:term":[{"taxonomy":"product_brand","embeddable":true,"href":"https:\/\/www.koupeltech.com\/index.php\/wp-json\/wp\/v2\/product_brand?post=76584"},{"taxonomy":"product_cat","embeddable":true,"href":"https:\/\/www.koupeltech.com\/index.php\/wp-json\/wp\/v2\/product_cat?post=76584"},{"taxonomy":"product_tag","embeddable":true,"href":"https:\/\/www.koupeltech.com\/index.php\/wp-json\/wp\/v2\/product_tag?post=76584"}],"curies":[{"name":"wp","href":"https:\/\/api.w.org\/{rel}","templated":true}]}}