{"id":7692,"date":"2026-04-27T13:56:58","date_gmt":"2026-04-27T13:56:58","guid":{"rendered":""},"modified":"2026-04-27T13:56:58","modified_gmt":"2026-04-27T13:56:58","slug":"akce-detecha-ekoban-15kg-sedy-7692","status":"publish","type":"product","link":"https:\/\/www.koupeltech.com\/index.php\/produkt\/akce-detecha-ekoban-15kg-sedy-7692\/","title":{"rendered":"Akce Detecha EKOBAN 15kg \u0161ed\u00fd"},"content":{"rendered":"<table>\n<div class=\"tab-pane active product-description\" id=\"popis\" role=\"tabpanel\">\n<div class=\"short-description\" itemprop=\"description\"><\/div>\n<div class=\"description\"><span class='bullet-line'>N\u00e1t\u011brov\u00e1 hmota na beton a jin\u00e9 sav\u00e9 materi\u00e1ly s m\u00edrnou mechanickou z\u00e1t\u011b\u017e\u00ed. <br \/><\/span><span class='bullet-line'>N\u00e1t\u011br je pru\u017en\u00fd s velmi dobrou kryvost\u00ed a p\u0159ilnavost\u00ed k podkladu. <br \/><\/span><span class='bullet-line'>Je paropropustn\u00fd.<br \/><\/span><br \/>\u25ba P\u0159ednosti:<span class='bullet-line'>Snadn\u00e1 aplikace.<br \/><\/span><span class='bullet-line'>Penetrace a vrchn\u00ed n\u00e1t\u011br jednou barvou.<br \/><\/span><span class='bullet-line'>T\u00e9m\u011b\u0159 bez z\u00e1pachu.<br \/><\/span><span class='bullet-line'>Rychl\u00e9 zasych\u00e1n\u00ed.<br \/><\/span><span class='bullet-line'>Matn\u00fd vzhled.<br \/><\/span><span class='bullet-line'>P\u0159\u00edzniv\u00e1 cena.<\/span><\/div>\n<div class=\"parameters\">\n<tr>\n<td>Pou\u017eit\u00ed<\/td>\n<td>Vnit\u0159n\u00ed pou\u017eit\u00ed.<\/td>\n<\/tr>\n<tr>\n<td><\/td>\n<td>Beton, betonov\u00e9 podlahy (\u0161atny, bytov\u00e9 podlahy, sp\u00ed\u017ee, technick\u00e9 m\u00edstnosti), svisl\u00e9 st\u011bny.<\/td>\n<\/tr>\n<tr>\n<td><\/td>\n<td>D\u0159evo, s\u00e1drokartonov\u00e9, d\u0159evot\u0159\u00edskov\u00e9 a d\u0159evovl\u00e1knit\u00e9 desky a dal\u0161\u00ed sav\u00e9 materi\u00e1ly.<\/td>\n<\/tr>\n<tr>\n<td>Spot\u0159eba<\/td>\n<td>1 kg na 5,5\u20137 m\u00b2 v jedn\u00e9 vrstv\u011b.<\/td>\n<\/tr>\n<tr>\n<td><\/td>\n<td>Doporu\u010dujeme penetraci + dv\u011b vrstvy n\u00e1t\u011bru<\/td>\n<\/tr>\n<tr>\n<td>\u0158edidlo<\/td>\n<td>voda<\/td>\n<\/tr>\n<tr>\n<td>Balen\u00ed<\/td>\n<td>2,5 kg, 5 kg, 15 kg<\/td>\n<\/tr>\n<tr>\n<td>Odst\u00edny<\/td>\n<td>mat<\/td>\n<\/tr>\n<tr>\n<td>N\u00e1t\u011brov\u00e1 hmota je vhodn\u00e1 k nan\u00e1\u0161en\u00ed pomoc\u00ed :<\/td>\n<td>I. \u0160tetky<\/td>\n<\/tr>\n<tr>\n<td><\/td>\n<td>II. V\u00e1le\u010dku<\/td>\n<\/tr>\n<tr>\n<td><\/td>\n<td>III. St\u0159\u00edk\u00e1n\u00ed<\/td>\n<\/tr><\/div>\n<\/table>\n","protected":false},"excerpt":{"rendered":"<p>N\u00e1t\u011brov\u00e1 hmota na beton a jin\u00e9 sav\u00e9 materi\u00e1ly s m\u00edrnou mechanickou z\u00e1t\u011b\u017e\u00ed. N\u00e1t\u011br je pru\u017en\u00fd s velmi dobrou kryvost\u00ed a p\u0159ilnavost\u00ed k podkladu. Je paropropustn\u00fd.\u25ba P\u0159ednosti:Snadn\u00e1 aplikace.Penetrace a vrchn\u00ed n\u00e1t\u011br jednou barvou.T\u00e9m\u011b\u0159 bez z\u00e1pachu.Rychl\u00e9 zasych\u00e1n\u00ed.Matn\u00fd vzhled.P\u0159\u00edzniv\u00e1 cena. Pou\u017eit\u00ed Vnit\u0159n\u00ed pou\u017eit\u00ed. Beton, betonov\u00e9 podlahy (\u0161atny, bytov\u00e9 podlahy, sp\u00ed\u017ee, technick\u00e9 m\u00edstnosti), svisl\u00e9 st\u011bny. D\u0159evo, s\u00e1drokartonov\u00e9, d\u0159evot\u0159\u00edskov\u00e9 a [&hellip;]<\/p>\n","protected":false},"featured_media":7792,"comment_status":"open","ping_status":"open","template":"","meta":[],"product_brand":[],"product_cat":[40,42,41],"product_tag":[],"class_list":{"0":"post-7692","1":"product","2":"type-product","3":"status-publish","4":"has-post-thumbnail","6":"product_cat-barvy","7":"product_cat-chemie","8":"product_cat-laky","10":"first","11":"instock","12":"sale","13":"shipping-taxable","14":"purchasable","15":"product-type-simple"},"yoast_head":"<!-- This site is optimized with the Yoast SEO plugin v26.8 - https:\/\/yoast.com\/product\/yoast-seo-wordpress\/ -->\n<title>Akce Detecha EKOBAN 15kg \u0161ed\u00fd -<\/title>\n<meta name=\"robots\" content=\"index, follow, max-snippet:-1, max-image-preview:large, max-video-preview:-1\" \/>\n<link rel=\"canonical\" href=\"https:\/\/www.koupeltech.com\/index.php\/produkt\/akce-detecha-ekoban-15kg-sedy-7692\/\" \/>\n<meta property=\"og:locale\" content=\"cs_CZ\" \/>\n<meta property=\"og:type\" content=\"article\" \/>\n<meta property=\"og:title\" content=\"Akce Detecha EKOBAN 15kg \u0161ed\u00fd -\" \/>\n<meta property=\"og:description\" content=\"N\u00e1t\u011brov\u00e1 hmota na beton a jin\u00e9 sav\u00e9 materi\u00e1ly s m\u00edrnou mechanickou z\u00e1t\u011b\u017e\u00ed. N\u00e1t\u011br je pru\u017en\u00fd s velmi dobrou kryvost\u00ed a p\u0159ilnavost\u00ed k podkladu. Je paropropustn\u00fd.\u25ba P\u0159ednosti:Snadn\u00e1 aplikace.Penetrace a vrchn\u00ed n\u00e1t\u011br jednou barvou.T\u00e9m\u011b\u0159 bez z\u00e1pachu.Rychl\u00e9 zasych\u00e1n\u00ed.Matn\u00fd vzhled.P\u0159\u00edzniv\u00e1 cena. Pou\u017eit\u00ed Vnit\u0159n\u00ed pou\u017eit\u00ed. Beton, betonov\u00e9 podlahy (\u0161atny, bytov\u00e9 podlahy, sp\u00ed\u017ee, technick\u00e9 m\u00edstnosti), svisl\u00e9 st\u011bny. D\u0159evo, s\u00e1drokartonov\u00e9, d\u0159evot\u0159\u00edskov\u00e9 a [&hellip;]\" \/>\n<meta property=\"og:url\" content=\"https:\/\/www.koupeltech.com\/index.php\/produkt\/akce-detecha-ekoban-15kg-sedy-7692\/\" \/>\n<meta property=\"og:image\" content=\"https:\/\/www.koupeltech.com\/wp-content\/uploads\/2026\/SK0022961-CZ20260425-092328-0-1777080210-sedy_2.webp\" \/>\n\t<meta property=\"og:image:width\" content=\"700\" \/>\n\t<meta property=\"og:image:height\" content=\"560\" \/>\n\t<meta property=\"og:image:type\" content=\"image\/webp\" \/>\n<meta name=\"twitter:card\" content=\"summary_large_image\" \/>\n<meta name=\"twitter:label1\" content=\"Odhadovan\u00e1 doba \u010dten\u00ed\" \/>\n\t<meta name=\"twitter:data1\" content=\"1 minuta\" \/>\n<script type=\"application\/ld+json\" class=\"yoast-schema-graph\">{\"@context\":\"https:\/\/schema.org\",\"@graph\":[{\"@type\":\"WebPage\",\"@id\":\"https:\/\/www.koupeltech.com\/index.php\/produkt\/akce-detecha-ekoban-15kg-sedy-7692\/\",\"url\":\"https:\/\/www.koupeltech.com\/index.php\/produkt\/akce-detecha-ekoban-15kg-sedy-7692\/\",\"name\":\"Akce Detecha EKOBAN 15kg \u0161ed\u00fd -\",\"isPartOf\":{\"@id\":\"https:\/\/www.koupeltech.com\/#website\"},\"primaryImageOfPage\":{\"@id\":\"https:\/\/www.koupeltech.com\/index.php\/produkt\/akce-detecha-ekoban-15kg-sedy-7692\/#primaryimage\"},\"image\":{\"@id\":\"https:\/\/www.koupeltech.com\/index.php\/produkt\/akce-detecha-ekoban-15kg-sedy-7692\/#primaryimage\"},\"thumbnailUrl\":\"https:\/\/www.koupeltech.com\/wp-content\/uploads\/2026\/SK0022961-CZ20260425-092328-0-1777080210-sedy_2.webp\",\"datePublished\":\"2026-04-27T13:56:58+00:00\",\"breadcrumb\":{\"@id\":\"https:\/\/www.koupeltech.com\/index.php\/produkt\/akce-detecha-ekoban-15kg-sedy-7692\/#breadcrumb\"},\"inLanguage\":\"cs\",\"potentialAction\":[{\"@type\":\"ReadAction\",\"target\":[\"https:\/\/www.koupeltech.com\/index.php\/produkt\/akce-detecha-ekoban-15kg-sedy-7692\/\"]}]},{\"@type\":\"ImageObject\",\"inLanguage\":\"cs\",\"@id\":\"https:\/\/www.koupeltech.com\/index.php\/produkt\/akce-detecha-ekoban-15kg-sedy-7692\/#primaryimage\",\"url\":\"https:\/\/www.koupeltech.com\/wp-content\/uploads\/2026\/SK0022961-CZ20260425-092328-0-1777080210-sedy_2.webp\",\"contentUrl\":\"https:\/\/www.koupeltech.com\/wp-content\/uploads\/2026\/SK0022961-CZ20260425-092328-0-1777080210-sedy_2.webp\",\"width\":700,\"height\":560},{\"@type\":\"BreadcrumbList\",\"@id\":\"https:\/\/www.koupeltech.com\/index.php\/produkt\/akce-detecha-ekoban-15kg-sedy-7692\/#breadcrumb\",\"itemListElement\":[{\"@type\":\"ListItem\",\"position\":1,\"name\":\"Home\",\"item\":\"https:\/\/www.koupeltech.com\/\"},{\"@type\":\"ListItem\",\"position\":2,\"name\":\"Products\",\"item\":\"https:\/\/www.koupeltech.com\/index.php\/products\/\"},{\"@type\":\"ListItem\",\"position\":3,\"name\":\"Akce Detecha EKOBAN 15kg \u0161ed\u00fd\"}]},{\"@type\":\"WebSite\",\"@id\":\"https:\/\/www.koupeltech.com\/#website\",\"url\":\"https:\/\/www.koupeltech.com\/\",\"name\":\"\",\"description\":\"\",\"potentialAction\":[{\"@type\":\"SearchAction\",\"target\":{\"@type\":\"EntryPoint\",\"urlTemplate\":\"https:\/\/www.koupeltech.com\/?s={search_term_string}\"},\"query-input\":{\"@type\":\"PropertyValueSpecification\",\"valueRequired\":true,\"valueName\":\"search_term_string\"}}],\"inLanguage\":\"cs\"}]}<\/script>\n<!-- \/ Yoast SEO plugin. -->","yoast_head_json":{"title":"Akce Detecha EKOBAN 15kg \u0161ed\u00fd -","robots":{"index":"index","follow":"follow","max-snippet":"max-snippet:-1","max-image-preview":"max-image-preview:large","max-video-preview":"max-video-preview:-1"},"canonical":"https:\/\/www.koupeltech.com\/index.php\/produkt\/akce-detecha-ekoban-15kg-sedy-7692\/","og_locale":"cs_CZ","og_type":"article","og_title":"Akce Detecha EKOBAN 15kg \u0161ed\u00fd -","og_description":"N\u00e1t\u011brov\u00e1 hmota na beton a jin\u00e9 sav\u00e9 materi\u00e1ly s m\u00edrnou mechanickou z\u00e1t\u011b\u017e\u00ed. N\u00e1t\u011br je pru\u017en\u00fd s velmi dobrou kryvost\u00ed a p\u0159ilnavost\u00ed k podkladu. Je paropropustn\u00fd.\u25ba P\u0159ednosti:Snadn\u00e1 aplikace.Penetrace a vrchn\u00ed n\u00e1t\u011br jednou barvou.T\u00e9m\u011b\u0159 bez z\u00e1pachu.Rychl\u00e9 zasych\u00e1n\u00ed.Matn\u00fd vzhled.P\u0159\u00edzniv\u00e1 cena. Pou\u017eit\u00ed Vnit\u0159n\u00ed pou\u017eit\u00ed. Beton, betonov\u00e9 podlahy (\u0161atny, bytov\u00e9 podlahy, sp\u00ed\u017ee, technick\u00e9 m\u00edstnosti), svisl\u00e9 st\u011bny. D\u0159evo, s\u00e1drokartonov\u00e9, d\u0159evot\u0159\u00edskov\u00e9 a [&hellip;]","og_url":"https:\/\/www.koupeltech.com\/index.php\/produkt\/akce-detecha-ekoban-15kg-sedy-7692\/","og_image":[{"width":700,"height":560,"url":"https:\/\/www.koupeltech.com\/wp-content\/uploads\/2026\/SK0022961-CZ20260425-092328-0-1777080210-sedy_2.webp","type":"image\/webp"}],"twitter_card":"summary_large_image","twitter_misc":{"Odhadovan\u00e1 doba \u010dten\u00ed":"1 minuta"},"schema":{"@context":"https:\/\/schema.org","@graph":[{"@type":"WebPage","@id":"https:\/\/www.koupeltech.com\/index.php\/produkt\/akce-detecha-ekoban-15kg-sedy-7692\/","url":"https:\/\/www.koupeltech.com\/index.php\/produkt\/akce-detecha-ekoban-15kg-sedy-7692\/","name":"Akce Detecha EKOBAN 15kg \u0161ed\u00fd -","isPartOf":{"@id":"https:\/\/www.koupeltech.com\/#website"},"primaryImageOfPage":{"@id":"https:\/\/www.koupeltech.com\/index.php\/produkt\/akce-detecha-ekoban-15kg-sedy-7692\/#primaryimage"},"image":{"@id":"https:\/\/www.koupeltech.com\/index.php\/produkt\/akce-detecha-ekoban-15kg-sedy-7692\/#primaryimage"},"thumbnailUrl":"https:\/\/www.koupeltech.com\/wp-content\/uploads\/2026\/SK0022961-CZ20260425-092328-0-1777080210-sedy_2.webp","datePublished":"2026-04-27T13:56:58+00:00","breadcrumb":{"@id":"https:\/\/www.koupeltech.com\/index.php\/produkt\/akce-detecha-ekoban-15kg-sedy-7692\/#breadcrumb"},"inLanguage":"cs","potentialAction":[{"@type":"ReadAction","target":["https:\/\/www.koupeltech.com\/index.php\/produkt\/akce-detecha-ekoban-15kg-sedy-7692\/"]}]},{"@type":"ImageObject","inLanguage":"cs","@id":"https:\/\/www.koupeltech.com\/index.php\/produkt\/akce-detecha-ekoban-15kg-sedy-7692\/#primaryimage","url":"https:\/\/www.koupeltech.com\/wp-content\/uploads\/2026\/SK0022961-CZ20260425-092328-0-1777080210-sedy_2.webp","contentUrl":"https:\/\/www.koupeltech.com\/wp-content\/uploads\/2026\/SK0022961-CZ20260425-092328-0-1777080210-sedy_2.webp","width":700,"height":560},{"@type":"BreadcrumbList","@id":"https:\/\/www.koupeltech.com\/index.php\/produkt\/akce-detecha-ekoban-15kg-sedy-7692\/#breadcrumb","itemListElement":[{"@type":"ListItem","position":1,"name":"Home","item":"https:\/\/www.koupeltech.com\/"},{"@type":"ListItem","position":2,"name":"Products","item":"https:\/\/www.koupeltech.com\/index.php\/products\/"},{"@type":"ListItem","position":3,"name":"Akce Detecha EKOBAN 15kg \u0161ed\u00fd"}]},{"@type":"WebSite","@id":"https:\/\/www.koupeltech.com\/#website","url":"https:\/\/www.koupeltech.com\/","name":"","description":"","potentialAction":[{"@type":"SearchAction","target":{"@type":"EntryPoint","urlTemplate":"https:\/\/www.koupeltech.com\/?s={search_term_string}"},"query-input":{"@type":"PropertyValueSpecification","valueRequired":true,"valueName":"search_term_string"}}],"inLanguage":"cs"}]}},"_links":{"self":[{"href":"https:\/\/www.koupeltech.com\/index.php\/wp-json\/wp\/v2\/product\/7692","targetHints":{"allow":["GET"]}}],"collection":[{"href":"https:\/\/www.koupeltech.com\/index.php\/wp-json\/wp\/v2\/product"}],"about":[{"href":"https:\/\/www.koupeltech.com\/index.php\/wp-json\/wp\/v2\/types\/product"}],"replies":[{"embeddable":true,"href":"https:\/\/www.koupeltech.com\/index.php\/wp-json\/wp\/v2\/comments?post=7692"}],"wp:featuredmedia":[{"embeddable":true,"href":"https:\/\/www.koupeltech.com\/index.php\/wp-json\/wp\/v2\/media\/7792"}],"wp:attachment":[{"href":"https:\/\/www.koupeltech.com\/index.php\/wp-json\/wp\/v2\/media?parent=7692"}],"wp:term":[{"taxonomy":"product_brand","embeddable":true,"href":"https:\/\/www.koupeltech.com\/index.php\/wp-json\/wp\/v2\/product_brand?post=7692"},{"taxonomy":"product_cat","embeddable":true,"href":"https:\/\/www.koupeltech.com\/index.php\/wp-json\/wp\/v2\/product_cat?post=7692"},{"taxonomy":"product_tag","embeddable":true,"href":"https:\/\/www.koupeltech.com\/index.php\/wp-json\/wp\/v2\/product_tag?post=7692"}],"curies":[{"name":"wp","href":"https:\/\/api.w.org\/{rel}","templated":true}]}}