{"id":76961,"date":"2026-04-27T14:07:48","date_gmt":"2026-04-27T14:07:48","guid":{"rendered":""},"modified":"2026-04-27T14:07:48","modified_gmt":"2026-04-27T14:07:48","slug":"znackovy-makita-d-48321-zaoblovaci-freza-s-loziskem-stopka-6-mm-28-6x14-5x57-mm-76961","status":"publish","type":"product","link":"https:\/\/www.koupeltech.com\/index.php\/produkt\/znackovy-makita-d-48321-zaoblovaci-freza-s-loziskem-stopka-6-mm-28-6x14-5x57-mm-76961\/","title":{"rendered":"Zna\u010dkov\u00fd Makita D-48321 Zaoblovac\u00ed fr\u00e9za s lo\u017eiskem stopka 6 mm,28,6&#215;14,5&#215;57 mm"},"content":{"rendered":"<table>\n<div class=\"tab-pane active product-description\" id=\"popis\" role=\"tabpanel\">\n<div class=\"short-description\" itemprop=\"description\"><\/div>\n<div class=\"description\"><span class='bullet-line'>Fr\u00e9zka se stopkou 6 mm, pr\u016fm\u011brem 28,6 mm, pracovn\u00ed d\u00e9lkou 14,5 mm a celkovou d\u00e9lkou 57 mm.<\/span><\/div>\n<div class=\"parameters\">\n<tr>\n<td>Rozm\u011br (D)<\/td>\n<td>6 mm<\/td>\n<\/tr>\n<tr>\n<td>rozm\u011bry (A1)<\/td>\n<td>28,6 mm<\/td>\n<\/tr>\n<tr>\n<td>Rozm\u011bry (L1)<\/td>\n<td>57 mm<\/td>\n<\/tr>\n<tr>\n<td>Rozm\u011bry (L2)<\/td>\n<td>14,5 mm<\/td>\n<\/tr>\n<tr>\n<td>Rozm\u011bry (R1)<\/td>\n<td>7,5 mm<\/td>\n<\/tr><\/div>\n<\/table>\n","protected":false},"excerpt":{"rendered":"<p>Fr\u00e9zka se stopkou 6 mm, pr\u016fm\u011brem 28,6 mm, pracovn\u00ed d\u00e9lkou 14,5 mm a celkovou d\u00e9lkou 57 mm. Rozm\u011br (D) 6 mm rozm\u011bry (A1) 28,6 mm Rozm\u011bry (L1) 57 mm Rozm\u011bry (L2) 14,5 mm Rozm\u011bry (R1) 7,5 mm<\/p>\n","protected":false},"featured_media":77061,"comment_status":"open","ping_status":"open","template":"","meta":[],"product_brand":[],"product_cat":[43],"product_tag":[],"class_list":{"0":"post-76961","1":"product","2":"type-product","3":"status-publish","4":"has-post-thumbnail","6":"product_cat-naradi","8":"first","9":"instock","10":"sale","11":"shipping-taxable","12":"purchasable","13":"product-type-simple"},"yoast_head":"<!-- This site is optimized with the Yoast SEO plugin v26.8 - https:\/\/yoast.com\/product\/yoast-seo-wordpress\/ -->\n<title>Zna\u010dkov\u00fd Makita D-48321 Zaoblovac\u00ed fr\u00e9za s lo\u017eiskem stopka 6 mm,28,6x14,5x57 mm -<\/title>\n<meta name=\"robots\" content=\"index, follow, max-snippet:-1, max-image-preview:large, max-video-preview:-1\" \/>\n<link rel=\"canonical\" href=\"https:\/\/www.koupeltech.com\/index.php\/produkt\/znackovy-makita-d-48321-zaoblovaci-freza-s-loziskem-stopka-6-mm-28-6x14-5x57-mm-76961\/\" \/>\n<meta property=\"og:locale\" content=\"cs_CZ\" \/>\n<meta property=\"og:type\" content=\"article\" \/>\n<meta property=\"og:title\" content=\"Zna\u010dkov\u00fd Makita D-48321 Zaoblovac\u00ed fr\u00e9za s lo\u017eiskem stopka 6 mm,28,6x14,5x57 mm -\" \/>\n<meta property=\"og:description\" content=\"Fr\u00e9zka se stopkou 6 mm, pr\u016fm\u011brem 28,6 mm, pracovn\u00ed d\u00e9lkou 14,5 mm a celkovou d\u00e9lkou 57 mm. Rozm\u011br (D) 6 mm rozm\u011bry (A1) 28,6 mm Rozm\u011bry (L1) 57 mm Rozm\u011bry (L2) 14,5 mm Rozm\u011bry (R1) 7,5 mm\" \/>\n<meta property=\"og:url\" content=\"https:\/\/www.koupeltech.com\/index.php\/produkt\/znackovy-makita-d-48321-zaoblovaci-freza-s-loziskem-stopka-6-mm-28-6x14-5x57-mm-76961\/\" \/>\n<meta property=\"og:image\" content=\"https:\/\/www.koupeltech.com\/wp-content\/uploads\/2026\/SK0028268-CZ20260425-092328-0-1777080210-priloha_-skk-47827.webp\" \/>\n\t<meta property=\"og:image:width\" content=\"288\" \/>\n\t<meta property=\"og:image:height\" content=\"222\" \/>\n\t<meta property=\"og:image:type\" content=\"image\/webp\" \/>\n<meta name=\"twitter:card\" content=\"summary_large_image\" \/>\n<script type=\"application\/ld+json\" class=\"yoast-schema-graph\">{\"@context\":\"https:\/\/schema.org\",\"@graph\":[{\"@type\":\"WebPage\",\"@id\":\"https:\/\/www.koupeltech.com\/index.php\/produkt\/znackovy-makita-d-48321-zaoblovaci-freza-s-loziskem-stopka-6-mm-28-6x14-5x57-mm-76961\/\",\"url\":\"https:\/\/www.koupeltech.com\/index.php\/produkt\/znackovy-makita-d-48321-zaoblovaci-freza-s-loziskem-stopka-6-mm-28-6x14-5x57-mm-76961\/\",\"name\":\"Zna\u010dkov\u00fd Makita D-48321 Zaoblovac\u00ed fr\u00e9za s lo\u017eiskem stopka 6 mm,28,6x14,5x57 mm -\",\"isPartOf\":{\"@id\":\"https:\/\/www.koupeltech.com\/#website\"},\"primaryImageOfPage\":{\"@id\":\"https:\/\/www.koupeltech.com\/index.php\/produkt\/znackovy-makita-d-48321-zaoblovaci-freza-s-loziskem-stopka-6-mm-28-6x14-5x57-mm-76961\/#primaryimage\"},\"image\":{\"@id\":\"https:\/\/www.koupeltech.com\/index.php\/produkt\/znackovy-makita-d-48321-zaoblovaci-freza-s-loziskem-stopka-6-mm-28-6x14-5x57-mm-76961\/#primaryimage\"},\"thumbnailUrl\":\"https:\/\/www.koupeltech.com\/wp-content\/uploads\/2026\/SK0028268-CZ20260425-092328-0-1777080210-priloha_-skk-47827.webp\",\"datePublished\":\"2026-04-27T14:07:48+00:00\",\"breadcrumb\":{\"@id\":\"https:\/\/www.koupeltech.com\/index.php\/produkt\/znackovy-makita-d-48321-zaoblovaci-freza-s-loziskem-stopka-6-mm-28-6x14-5x57-mm-76961\/#breadcrumb\"},\"inLanguage\":\"cs\",\"potentialAction\":[{\"@type\":\"ReadAction\",\"target\":[\"https:\/\/www.koupeltech.com\/index.php\/produkt\/znackovy-makita-d-48321-zaoblovaci-freza-s-loziskem-stopka-6-mm-28-6x14-5x57-mm-76961\/\"]}]},{\"@type\":\"ImageObject\",\"inLanguage\":\"cs\",\"@id\":\"https:\/\/www.koupeltech.com\/index.php\/produkt\/znackovy-makita-d-48321-zaoblovaci-freza-s-loziskem-stopka-6-mm-28-6x14-5x57-mm-76961\/#primaryimage\",\"url\":\"https:\/\/www.koupeltech.com\/wp-content\/uploads\/2026\/SK0028268-CZ20260425-092328-0-1777080210-priloha_-skk-47827.webp\",\"contentUrl\":\"https:\/\/www.koupeltech.com\/wp-content\/uploads\/2026\/SK0028268-CZ20260425-092328-0-1777080210-priloha_-skk-47827.webp\",\"width\":288,\"height\":222},{\"@type\":\"BreadcrumbList\",\"@id\":\"https:\/\/www.koupeltech.com\/index.php\/produkt\/znackovy-makita-d-48321-zaoblovaci-freza-s-loziskem-stopka-6-mm-28-6x14-5x57-mm-76961\/#breadcrumb\",\"itemListElement\":[{\"@type\":\"ListItem\",\"position\":1,\"name\":\"Home\",\"item\":\"https:\/\/www.koupeltech.com\/\"},{\"@type\":\"ListItem\",\"position\":2,\"name\":\"Products\",\"item\":\"https:\/\/www.koupeltech.com\/index.php\/products\/\"},{\"@type\":\"ListItem\",\"position\":3,\"name\":\"Zna\u010dkov\u00fd Makita D-48321 Zaoblovac\u00ed fr\u00e9za s lo\u017eiskem stopka 6 mm,28,6&#215;14,5&#215;57 mm\"}]},{\"@type\":\"WebSite\",\"@id\":\"https:\/\/www.koupeltech.com\/#website\",\"url\":\"https:\/\/www.koupeltech.com\/\",\"name\":\"\",\"description\":\"\",\"potentialAction\":[{\"@type\":\"SearchAction\",\"target\":{\"@type\":\"EntryPoint\",\"urlTemplate\":\"https:\/\/www.koupeltech.com\/?s={search_term_string}\"},\"query-input\":{\"@type\":\"PropertyValueSpecification\",\"valueRequired\":true,\"valueName\":\"search_term_string\"}}],\"inLanguage\":\"cs\"}]}<\/script>\n<!-- \/ Yoast SEO plugin. -->","yoast_head_json":{"title":"Zna\u010dkov\u00fd Makita D-48321 Zaoblovac\u00ed fr\u00e9za s lo\u017eiskem stopka 6 mm,28,6x14,5x57 mm -","robots":{"index":"index","follow":"follow","max-snippet":"max-snippet:-1","max-image-preview":"max-image-preview:large","max-video-preview":"max-video-preview:-1"},"canonical":"https:\/\/www.koupeltech.com\/index.php\/produkt\/znackovy-makita-d-48321-zaoblovaci-freza-s-loziskem-stopka-6-mm-28-6x14-5x57-mm-76961\/","og_locale":"cs_CZ","og_type":"article","og_title":"Zna\u010dkov\u00fd Makita D-48321 Zaoblovac\u00ed fr\u00e9za s lo\u017eiskem stopka 6 mm,28,6x14,5x57 mm -","og_description":"Fr\u00e9zka se stopkou 6 mm, pr\u016fm\u011brem 28,6 mm, pracovn\u00ed d\u00e9lkou 14,5 mm a celkovou d\u00e9lkou 57 mm. Rozm\u011br (D) 6 mm rozm\u011bry (A1) 28,6 mm Rozm\u011bry (L1) 57 mm Rozm\u011bry (L2) 14,5 mm Rozm\u011bry (R1) 7,5 mm","og_url":"https:\/\/www.koupeltech.com\/index.php\/produkt\/znackovy-makita-d-48321-zaoblovaci-freza-s-loziskem-stopka-6-mm-28-6x14-5x57-mm-76961\/","og_image":[{"width":288,"height":222,"url":"https:\/\/www.koupeltech.com\/wp-content\/uploads\/2026\/SK0028268-CZ20260425-092328-0-1777080210-priloha_-skk-47827.webp","type":"image\/webp"}],"twitter_card":"summary_large_image","schema":{"@context":"https:\/\/schema.org","@graph":[{"@type":"WebPage","@id":"https:\/\/www.koupeltech.com\/index.php\/produkt\/znackovy-makita-d-48321-zaoblovaci-freza-s-loziskem-stopka-6-mm-28-6x14-5x57-mm-76961\/","url":"https:\/\/www.koupeltech.com\/index.php\/produkt\/znackovy-makita-d-48321-zaoblovaci-freza-s-loziskem-stopka-6-mm-28-6x14-5x57-mm-76961\/","name":"Zna\u010dkov\u00fd Makita D-48321 Zaoblovac\u00ed fr\u00e9za s lo\u017eiskem stopka 6 mm,28,6x14,5x57 mm -","isPartOf":{"@id":"https:\/\/www.koupeltech.com\/#website"},"primaryImageOfPage":{"@id":"https:\/\/www.koupeltech.com\/index.php\/produkt\/znackovy-makita-d-48321-zaoblovaci-freza-s-loziskem-stopka-6-mm-28-6x14-5x57-mm-76961\/#primaryimage"},"image":{"@id":"https:\/\/www.koupeltech.com\/index.php\/produkt\/znackovy-makita-d-48321-zaoblovaci-freza-s-loziskem-stopka-6-mm-28-6x14-5x57-mm-76961\/#primaryimage"},"thumbnailUrl":"https:\/\/www.koupeltech.com\/wp-content\/uploads\/2026\/SK0028268-CZ20260425-092328-0-1777080210-priloha_-skk-47827.webp","datePublished":"2026-04-27T14:07:48+00:00","breadcrumb":{"@id":"https:\/\/www.koupeltech.com\/index.php\/produkt\/znackovy-makita-d-48321-zaoblovaci-freza-s-loziskem-stopka-6-mm-28-6x14-5x57-mm-76961\/#breadcrumb"},"inLanguage":"cs","potentialAction":[{"@type":"ReadAction","target":["https:\/\/www.koupeltech.com\/index.php\/produkt\/znackovy-makita-d-48321-zaoblovaci-freza-s-loziskem-stopka-6-mm-28-6x14-5x57-mm-76961\/"]}]},{"@type":"ImageObject","inLanguage":"cs","@id":"https:\/\/www.koupeltech.com\/index.php\/produkt\/znackovy-makita-d-48321-zaoblovaci-freza-s-loziskem-stopka-6-mm-28-6x14-5x57-mm-76961\/#primaryimage","url":"https:\/\/www.koupeltech.com\/wp-content\/uploads\/2026\/SK0028268-CZ20260425-092328-0-1777080210-priloha_-skk-47827.webp","contentUrl":"https:\/\/www.koupeltech.com\/wp-content\/uploads\/2026\/SK0028268-CZ20260425-092328-0-1777080210-priloha_-skk-47827.webp","width":288,"height":222},{"@type":"BreadcrumbList","@id":"https:\/\/www.koupeltech.com\/index.php\/produkt\/znackovy-makita-d-48321-zaoblovaci-freza-s-loziskem-stopka-6-mm-28-6x14-5x57-mm-76961\/#breadcrumb","itemListElement":[{"@type":"ListItem","position":1,"name":"Home","item":"https:\/\/www.koupeltech.com\/"},{"@type":"ListItem","position":2,"name":"Products","item":"https:\/\/www.koupeltech.com\/index.php\/products\/"},{"@type":"ListItem","position":3,"name":"Zna\u010dkov\u00fd Makita D-48321 Zaoblovac\u00ed fr\u00e9za s lo\u017eiskem stopka 6 mm,28,6&#215;14,5&#215;57 mm"}]},{"@type":"WebSite","@id":"https:\/\/www.koupeltech.com\/#website","url":"https:\/\/www.koupeltech.com\/","name":"","description":"","potentialAction":[{"@type":"SearchAction","target":{"@type":"EntryPoint","urlTemplate":"https:\/\/www.koupeltech.com\/?s={search_term_string}"},"query-input":{"@type":"PropertyValueSpecification","valueRequired":true,"valueName":"search_term_string"}}],"inLanguage":"cs"}]}},"_links":{"self":[{"href":"https:\/\/www.koupeltech.com\/index.php\/wp-json\/wp\/v2\/product\/76961","targetHints":{"allow":["GET"]}}],"collection":[{"href":"https:\/\/www.koupeltech.com\/index.php\/wp-json\/wp\/v2\/product"}],"about":[{"href":"https:\/\/www.koupeltech.com\/index.php\/wp-json\/wp\/v2\/types\/product"}],"replies":[{"embeddable":true,"href":"https:\/\/www.koupeltech.com\/index.php\/wp-json\/wp\/v2\/comments?post=76961"}],"wp:featuredmedia":[{"embeddable":true,"href":"https:\/\/www.koupeltech.com\/index.php\/wp-json\/wp\/v2\/media\/77061"}],"wp:attachment":[{"href":"https:\/\/www.koupeltech.com\/index.php\/wp-json\/wp\/v2\/media?parent=76961"}],"wp:term":[{"taxonomy":"product_brand","embeddable":true,"href":"https:\/\/www.koupeltech.com\/index.php\/wp-json\/wp\/v2\/product_brand?post=76961"},{"taxonomy":"product_cat","embeddable":true,"href":"https:\/\/www.koupeltech.com\/index.php\/wp-json\/wp\/v2\/product_cat?post=76961"},{"taxonomy":"product_tag","embeddable":true,"href":"https:\/\/www.koupeltech.com\/index.php\/wp-json\/wp\/v2\/product_tag?post=76961"}],"curies":[{"name":"wp","href":"https:\/\/api.w.org\/{rel}","templated":true}]}}