{"id":77519,"date":"2026-04-27T14:07:54","date_gmt":"2026-04-27T14:07:54","guid":{"rendered":""},"modified":"2026-04-27T14:07:54","modified_gmt":"2026-04-27T14:07:54","slug":"znackovy-hg-tekuty-cistic-odpadu-500-ml-77519","status":"publish","type":"product","link":"https:\/\/www.koupeltech.com\/index.php\/produkt\/znackovy-hg-tekuty-cistic-odpadu-500-ml-77519\/","title":{"rendered":"Zna\u010dkov\u00fd HG tekut\u00fd \u010disti\u010d odpad\u016f 500 ml"},"content":{"rendered":"<table>\n<div class=\"tab-pane active product-description\" id=\"popis\" role=\"tabpanel\">\n<div class=\"short-description\" itemprop=\"description\">\u00da\u010dinn\u011b uvol\u0148uje ucpan\u00e9 odpady<\/div>\n<div class=\"description\"><span class='bullet-line'>HG tekut\u00fd \u010disti\u010d odpad\u016f je jedine\u010dn\u00fd, bezpe\u010dn\u00fd, av\u0161ak velice siln\u00fd \u010disti\u010d odpad\u016f, kter\u00fd nab\u00edz\u00ed mnoho v\u00fdhod. <br \/><\/span><span class='bullet-line'>T\u00edm, \u017ee je v\u00fdrobek p\u0159ipraven p\u0159\u00edmo k pou\u017eit\u00ed, nemus\u00edte ho \u0159edit, tak\u017ee riziko rozst\u0159\u00edk\u00e1n\u00ed je men\u0161\u00ed. <br \/><\/span><span class='bullet-line'>V\u00fdrobek ne\u0161um\u00ed ani nest\u0159\u00edk\u00e1, kdy\u017e ho lijete do odpadu. <br \/><\/span><span class='bullet-line'>Mimoto, tento v\u00fdrobek nem\u016f\u017ee na rozd\u00edl od zrnit\u00fdch \u010disti\u010d\u016f odpadu, ucp\u00e1n\u00ed (zanesen\u00ed) zhor\u0161ovat a nepo\u0161kozuje plastov\u00e9 odpadn\u00ed trubky.<br \/><\/span><span class='bullet-line'>P\u0159ipraven k pou\u017eit\u00ed<br \/><\/span><span class='bullet-line'>Nep\u011bn\u00ed ani nest\u0159\u00edk\u00e1<br \/><\/span><span class='bullet-line'>V\u00fdsledek ji\u017e za 5 minut<br \/><\/span><br \/>\u27a4 Nejlep\u0161\u00ed tekut\u00fd \u010disti\u010d odpad\u016f pro ka\u017ed\u00fd ucpan\u00fd odpad<span class='bullet-line'>Pot\u0159ebujete \u010disti\u010d d\u0159ezu a odpadu? HG tekut\u00fd \u010disti\u010d odpad\u016f vy\u0159e\u0161\u00ed v\u00e1\u0161 ucpan\u00fd odpad velmi rychle. <br \/><\/span><span class='bullet-line'>HG tekut\u00fd \u010disti\u010d odpad\u016f je p\u0159ipraven k okam\u017eit\u00e9mu pou\u017eit\u00ed a po nalit\u00ed do odpadu nep\u011bn\u00ed ani nest\u0159\u00edk\u00e1. <br \/><\/span><span class='bullet-line'>N\u00e1\u0161 HG tekut\u00fd \u010disti\u010d odpad\u016f nezhor\u0161uje stav ucpan\u00e9ho odpadu, co\u017e se m\u016f\u017ee st\u00e1t p\u0159i pou\u017eit\u00ed pr\u00e1\u0161kov\u00fdch nebo granulovan\u00fdch \u010disti\u010d\u016f odpadu z d\u016fvodu jejich nahromad\u011bn\u00ed. <br \/><\/span><span class='bullet-line'>M\u00e1te probl\u00e9m se siln\u011b ucpan\u00fdm odpadem, kter\u00fd se nepoda\u0159ilo vy\u0159e\u0161it pomoc\u00ed \u010disti\u010de d\u0159ezu a odpadu? <br \/><\/span><span class='bullet-line'>V takov\u00e9m p\u0159\u00edpad\u011b doporu\u010dujeme pou\u017e\u00edvat HG tekut\u00fd duo \u010disti\u010d odpad\u016f. <br \/><\/span><span class='bullet-line'>Pro uvoln\u011bn\u00ed kuchy\u0148sk\u00e9ho d\u0159ezu doporu\u010dujeme pou\u017e\u00edvat HG tekut\u00fd bio \u010disti\u010d kuchy\u0148sk\u00fdch odpad\u016f.<br \/><\/span><br \/>\u27a4 Jak pou\u017e\u00edvat HG tekut\u00fd \u010disti\u010d odpad\u016f (500 ml)?<span class='bullet-line'>Pro uvoln\u011bn\u00ed ucpan\u00e9ho odpadu pomoc\u00ed HG tekut\u00e9ho \u010disti\u010de odpad\u016f postupujte podle n\u00e1sleduj\u00edc\u00edch pokyn\u016f.<br \/><\/span><span class='bullet-line'>Nalijte opatrn\u011b cel\u00fd obsah t\u00e9to lahve do ucpan\u00e9ho odpadu. Nechejte p\u0159\u00edpravek ca. 5 minut p\u016fsobit a po\u0159\u00e1dn\u00e9 odpad propl\u00e1chnete studenou vodou. V p\u0159\u00edpad\u011b velmi siln\u00e9ho ucp\u00e1n\u00ed nalejte nejd\u0159\u00edve do ucpan\u00e9ho odpadu horkou vodu, pot\u00e9 p\u0159idejte 500 ml HG tekut\u00fd \u010disti\u010d odpad\u016f a nechte p\u016fsobit p\u0159es noc. N\u00e1sleduj\u00edc\u00ed r\u00e1no odpad propl\u00e1chn\u011bte teplou vodou. Tak\u00e9 nep\u0159\u00edjemn\u00e9 pachy zp\u016fsoben\u00e9 ucpan\u00fdm odpadem mohou b\u00fdt jednodu\u0161e odstran\u011bny pomoc\u00ed velmi mal\u00e9ho mno\u017estv\u00ed p\u0159\u00edpravku HG tekut\u00fd \u010disti\u010d odpadu nalit\u00e9ho do odpadu. K dost\u00e1n\u00ed rovn\u011b\u017e v balen\u00ed 1L.<\/span><\/div>\n<div class=\"parameters\">\n<tr>\n<td>Objem :<\/td>\n<td>500ml<\/td>\n<\/tr><\/div>\n<\/table>\n","protected":false},"excerpt":{"rendered":"<p>\u00da\u010dinn\u011b uvol\u0148uje ucpan\u00e9 odpady HG tekut\u00fd \u010disti\u010d odpad\u016f je jedine\u010dn\u00fd, bezpe\u010dn\u00fd, av\u0161ak velice siln\u00fd \u010disti\u010d odpad\u016f, kter\u00fd nab\u00edz\u00ed mnoho v\u00fdhod. T\u00edm, \u017ee je v\u00fdrobek p\u0159ipraven p\u0159\u00edmo k pou\u017eit\u00ed, nemus\u00edte ho \u0159edit, tak\u017ee riziko rozst\u0159\u00edk\u00e1n\u00ed je men\u0161\u00ed. V\u00fdrobek ne\u0161um\u00ed ani nest\u0159\u00edk\u00e1, kdy\u017e ho lijete do odpadu. Mimoto, tento v\u00fdrobek nem\u016f\u017ee na rozd\u00edl od zrnit\u00fdch \u010disti\u010d\u016f odpadu, [&hellip;]<\/p>\n","protected":false},"featured_media":77619,"comment_status":"open","ping_status":"open","template":"","meta":[],"product_brand":[],"product_cat":[40,42,41],"product_tag":[],"class_list":{"0":"post-77519","1":"product","2":"type-product","3":"status-publish","4":"has-post-thumbnail","6":"product_cat-barvy","7":"product_cat-chemie","8":"product_cat-laky","10":"first","11":"instock","12":"sale","13":"shipping-taxable","14":"purchasable","15":"product-type-simple"},"yoast_head":"<!-- This site is optimized with the Yoast SEO plugin v26.8 - https:\/\/yoast.com\/product\/yoast-seo-wordpress\/ -->\n<title>Zna\u010dkov\u00fd HG tekut\u00fd \u010disti\u010d odpad\u016f 500 ml -<\/title>\n<meta name=\"robots\" content=\"index, follow, max-snippet:-1, max-image-preview:large, max-video-preview:-1\" \/>\n<link rel=\"canonical\" href=\"https:\/\/www.koupeltech.com\/index.php\/produkt\/znackovy-hg-tekuty-cistic-odpadu-500-ml-77519\/\" \/>\n<meta property=\"og:locale\" content=\"cs_CZ\" \/>\n<meta property=\"og:type\" content=\"article\" \/>\n<meta property=\"og:title\" content=\"Zna\u010dkov\u00fd HG tekut\u00fd \u010disti\u010d odpad\u016f 500 ml -\" \/>\n<meta property=\"og:description\" content=\"\u00da\u010dinn\u011b uvol\u0148uje ucpan\u00e9 odpady HG tekut\u00fd \u010disti\u010d odpad\u016f je jedine\u010dn\u00fd, bezpe\u010dn\u00fd, av\u0161ak velice siln\u00fd \u010disti\u010d odpad\u016f, kter\u00fd nab\u00edz\u00ed mnoho v\u00fdhod. T\u00edm, \u017ee je v\u00fdrobek p\u0159ipraven p\u0159\u00edmo k pou\u017eit\u00ed, nemus\u00edte ho \u0159edit, tak\u017ee riziko rozst\u0159\u00edk\u00e1n\u00ed je men\u0161\u00ed. V\u00fdrobek ne\u0161um\u00ed ani nest\u0159\u00edk\u00e1, kdy\u017e ho lijete do odpadu. Mimoto, tento v\u00fdrobek nem\u016f\u017ee na rozd\u00edl od zrnit\u00fdch \u010disti\u010d\u016f odpadu, [&hellip;]\" \/>\n<meta property=\"og:url\" content=\"https:\/\/www.koupeltech.com\/index.php\/produkt\/znackovy-hg-tekuty-cistic-odpadu-500-ml-77519\/\" \/>\n<meta property=\"og:image\" content=\"https:\/\/www.koupeltech.com\/wp-content\/uploads\/2026\/SK0028530-CZ20260425-092328-0-1777080210-139050127-main.png-width-536-536-132369429671400000.webp\" \/>\n\t<meta property=\"og:image:width\" content=\"536\" \/>\n\t<meta property=\"og:image:height\" content=\"536\" \/>\n\t<meta property=\"og:image:type\" content=\"image\/webp\" \/>\n<meta name=\"twitter:card\" content=\"summary_large_image\" \/>\n<meta name=\"twitter:label1\" content=\"Odhadovan\u00e1 doba \u010dten\u00ed\" \/>\n\t<meta name=\"twitter:data1\" content=\"2 minuty\" \/>\n<script type=\"application\/ld+json\" class=\"yoast-schema-graph\">{\"@context\":\"https:\/\/schema.org\",\"@graph\":[{\"@type\":\"WebPage\",\"@id\":\"https:\/\/www.koupeltech.com\/index.php\/produkt\/znackovy-hg-tekuty-cistic-odpadu-500-ml-77519\/\",\"url\":\"https:\/\/www.koupeltech.com\/index.php\/produkt\/znackovy-hg-tekuty-cistic-odpadu-500-ml-77519\/\",\"name\":\"Zna\u010dkov\u00fd HG tekut\u00fd \u010disti\u010d odpad\u016f 500 ml -\",\"isPartOf\":{\"@id\":\"https:\/\/www.koupeltech.com\/#website\"},\"primaryImageOfPage\":{\"@id\":\"https:\/\/www.koupeltech.com\/index.php\/produkt\/znackovy-hg-tekuty-cistic-odpadu-500-ml-77519\/#primaryimage\"},\"image\":{\"@id\":\"https:\/\/www.koupeltech.com\/index.php\/produkt\/znackovy-hg-tekuty-cistic-odpadu-500-ml-77519\/#primaryimage\"},\"thumbnailUrl\":\"https:\/\/www.koupeltech.com\/wp-content\/uploads\/2026\/SK0028530-CZ20260425-092328-0-1777080210-139050127-main.png-width-536-536-132369429671400000.webp\",\"datePublished\":\"2026-04-27T14:07:54+00:00\",\"breadcrumb\":{\"@id\":\"https:\/\/www.koupeltech.com\/index.php\/produkt\/znackovy-hg-tekuty-cistic-odpadu-500-ml-77519\/#breadcrumb\"},\"inLanguage\":\"cs\",\"potentialAction\":[{\"@type\":\"ReadAction\",\"target\":[\"https:\/\/www.koupeltech.com\/index.php\/produkt\/znackovy-hg-tekuty-cistic-odpadu-500-ml-77519\/\"]}]},{\"@type\":\"ImageObject\",\"inLanguage\":\"cs\",\"@id\":\"https:\/\/www.koupeltech.com\/index.php\/produkt\/znackovy-hg-tekuty-cistic-odpadu-500-ml-77519\/#primaryimage\",\"url\":\"https:\/\/www.koupeltech.com\/wp-content\/uploads\/2026\/SK0028530-CZ20260425-092328-0-1777080210-139050127-main.png-width-536-536-132369429671400000.webp\",\"contentUrl\":\"https:\/\/www.koupeltech.com\/wp-content\/uploads\/2026\/SK0028530-CZ20260425-092328-0-1777080210-139050127-main.png-width-536-536-132369429671400000.webp\",\"width\":536,\"height\":536},{\"@type\":\"BreadcrumbList\",\"@id\":\"https:\/\/www.koupeltech.com\/index.php\/produkt\/znackovy-hg-tekuty-cistic-odpadu-500-ml-77519\/#breadcrumb\",\"itemListElement\":[{\"@type\":\"ListItem\",\"position\":1,\"name\":\"Home\",\"item\":\"https:\/\/www.koupeltech.com\/\"},{\"@type\":\"ListItem\",\"position\":2,\"name\":\"Products\",\"item\":\"https:\/\/www.koupeltech.com\/index.php\/products\/\"},{\"@type\":\"ListItem\",\"position\":3,\"name\":\"Zna\u010dkov\u00fd HG tekut\u00fd \u010disti\u010d odpad\u016f 500 ml\"}]},{\"@type\":\"WebSite\",\"@id\":\"https:\/\/www.koupeltech.com\/#website\",\"url\":\"https:\/\/www.koupeltech.com\/\",\"name\":\"\",\"description\":\"\",\"potentialAction\":[{\"@type\":\"SearchAction\",\"target\":{\"@type\":\"EntryPoint\",\"urlTemplate\":\"https:\/\/www.koupeltech.com\/?s={search_term_string}\"},\"query-input\":{\"@type\":\"PropertyValueSpecification\",\"valueRequired\":true,\"valueName\":\"search_term_string\"}}],\"inLanguage\":\"cs\"}]}<\/script>\n<!-- \/ Yoast SEO plugin. -->","yoast_head_json":{"title":"Zna\u010dkov\u00fd HG tekut\u00fd \u010disti\u010d odpad\u016f 500 ml -","robots":{"index":"index","follow":"follow","max-snippet":"max-snippet:-1","max-image-preview":"max-image-preview:large","max-video-preview":"max-video-preview:-1"},"canonical":"https:\/\/www.koupeltech.com\/index.php\/produkt\/znackovy-hg-tekuty-cistic-odpadu-500-ml-77519\/","og_locale":"cs_CZ","og_type":"article","og_title":"Zna\u010dkov\u00fd HG tekut\u00fd \u010disti\u010d odpad\u016f 500 ml -","og_description":"\u00da\u010dinn\u011b uvol\u0148uje ucpan\u00e9 odpady HG tekut\u00fd \u010disti\u010d odpad\u016f je jedine\u010dn\u00fd, bezpe\u010dn\u00fd, av\u0161ak velice siln\u00fd \u010disti\u010d odpad\u016f, kter\u00fd nab\u00edz\u00ed mnoho v\u00fdhod. T\u00edm, \u017ee je v\u00fdrobek p\u0159ipraven p\u0159\u00edmo k pou\u017eit\u00ed, nemus\u00edte ho \u0159edit, tak\u017ee riziko rozst\u0159\u00edk\u00e1n\u00ed je men\u0161\u00ed. V\u00fdrobek ne\u0161um\u00ed ani nest\u0159\u00edk\u00e1, kdy\u017e ho lijete do odpadu. Mimoto, tento v\u00fdrobek nem\u016f\u017ee na rozd\u00edl od zrnit\u00fdch \u010disti\u010d\u016f odpadu, [&hellip;]","og_url":"https:\/\/www.koupeltech.com\/index.php\/produkt\/znackovy-hg-tekuty-cistic-odpadu-500-ml-77519\/","og_image":[{"width":536,"height":536,"url":"https:\/\/www.koupeltech.com\/wp-content\/uploads\/2026\/SK0028530-CZ20260425-092328-0-1777080210-139050127-main.png-width-536-536-132369429671400000.webp","type":"image\/webp"}],"twitter_card":"summary_large_image","twitter_misc":{"Odhadovan\u00e1 doba \u010dten\u00ed":"2 minuty"},"schema":{"@context":"https:\/\/schema.org","@graph":[{"@type":"WebPage","@id":"https:\/\/www.koupeltech.com\/index.php\/produkt\/znackovy-hg-tekuty-cistic-odpadu-500-ml-77519\/","url":"https:\/\/www.koupeltech.com\/index.php\/produkt\/znackovy-hg-tekuty-cistic-odpadu-500-ml-77519\/","name":"Zna\u010dkov\u00fd HG tekut\u00fd \u010disti\u010d odpad\u016f 500 ml -","isPartOf":{"@id":"https:\/\/www.koupeltech.com\/#website"},"primaryImageOfPage":{"@id":"https:\/\/www.koupeltech.com\/index.php\/produkt\/znackovy-hg-tekuty-cistic-odpadu-500-ml-77519\/#primaryimage"},"image":{"@id":"https:\/\/www.koupeltech.com\/index.php\/produkt\/znackovy-hg-tekuty-cistic-odpadu-500-ml-77519\/#primaryimage"},"thumbnailUrl":"https:\/\/www.koupeltech.com\/wp-content\/uploads\/2026\/SK0028530-CZ20260425-092328-0-1777080210-139050127-main.png-width-536-536-132369429671400000.webp","datePublished":"2026-04-27T14:07:54+00:00","breadcrumb":{"@id":"https:\/\/www.koupeltech.com\/index.php\/produkt\/znackovy-hg-tekuty-cistic-odpadu-500-ml-77519\/#breadcrumb"},"inLanguage":"cs","potentialAction":[{"@type":"ReadAction","target":["https:\/\/www.koupeltech.com\/index.php\/produkt\/znackovy-hg-tekuty-cistic-odpadu-500-ml-77519\/"]}]},{"@type":"ImageObject","inLanguage":"cs","@id":"https:\/\/www.koupeltech.com\/index.php\/produkt\/znackovy-hg-tekuty-cistic-odpadu-500-ml-77519\/#primaryimage","url":"https:\/\/www.koupeltech.com\/wp-content\/uploads\/2026\/SK0028530-CZ20260425-092328-0-1777080210-139050127-main.png-width-536-536-132369429671400000.webp","contentUrl":"https:\/\/www.koupeltech.com\/wp-content\/uploads\/2026\/SK0028530-CZ20260425-092328-0-1777080210-139050127-main.png-width-536-536-132369429671400000.webp","width":536,"height":536},{"@type":"BreadcrumbList","@id":"https:\/\/www.koupeltech.com\/index.php\/produkt\/znackovy-hg-tekuty-cistic-odpadu-500-ml-77519\/#breadcrumb","itemListElement":[{"@type":"ListItem","position":1,"name":"Home","item":"https:\/\/www.koupeltech.com\/"},{"@type":"ListItem","position":2,"name":"Products","item":"https:\/\/www.koupeltech.com\/index.php\/products\/"},{"@type":"ListItem","position":3,"name":"Zna\u010dkov\u00fd HG tekut\u00fd \u010disti\u010d odpad\u016f 500 ml"}]},{"@type":"WebSite","@id":"https:\/\/www.koupeltech.com\/#website","url":"https:\/\/www.koupeltech.com\/","name":"","description":"","potentialAction":[{"@type":"SearchAction","target":{"@type":"EntryPoint","urlTemplate":"https:\/\/www.koupeltech.com\/?s={search_term_string}"},"query-input":{"@type":"PropertyValueSpecification","valueRequired":true,"valueName":"search_term_string"}}],"inLanguage":"cs"}]}},"_links":{"self":[{"href":"https:\/\/www.koupeltech.com\/index.php\/wp-json\/wp\/v2\/product\/77519","targetHints":{"allow":["GET"]}}],"collection":[{"href":"https:\/\/www.koupeltech.com\/index.php\/wp-json\/wp\/v2\/product"}],"about":[{"href":"https:\/\/www.koupeltech.com\/index.php\/wp-json\/wp\/v2\/types\/product"}],"replies":[{"embeddable":true,"href":"https:\/\/www.koupeltech.com\/index.php\/wp-json\/wp\/v2\/comments?post=77519"}],"wp:featuredmedia":[{"embeddable":true,"href":"https:\/\/www.koupeltech.com\/index.php\/wp-json\/wp\/v2\/media\/77619"}],"wp:attachment":[{"href":"https:\/\/www.koupeltech.com\/index.php\/wp-json\/wp\/v2\/media?parent=77519"}],"wp:term":[{"taxonomy":"product_brand","embeddable":true,"href":"https:\/\/www.koupeltech.com\/index.php\/wp-json\/wp\/v2\/product_brand?post=77519"},{"taxonomy":"product_cat","embeddable":true,"href":"https:\/\/www.koupeltech.com\/index.php\/wp-json\/wp\/v2\/product_cat?post=77519"},{"taxonomy":"product_tag","embeddable":true,"href":"https:\/\/www.koupeltech.com\/index.php\/wp-json\/wp\/v2\/product_tag?post=77519"}],"curies":[{"name":"wp","href":"https:\/\/api.w.org\/{rel}","templated":true}]}}