{"id":77520,"date":"2026-04-27T14:07:54","date_gmt":"2026-04-27T14:07:54","guid":{"rendered":""},"modified":"2026-04-27T14:07:54","modified_gmt":"2026-04-27T14:07:54","slug":"znackovy-hg-gelovy-cistic-odpadu-1-l-77520","status":"publish","type":"product","link":"https:\/\/www.koupeltech.com\/index.php\/produkt\/znackovy-hg-gelovy-cistic-odpadu-1-l-77520\/","title":{"rendered":"Zna\u010dkov\u00fd HG gelov\u00fd \u010disti\u010d odpad\u016f 1 l"},"content":{"rendered":"<table>\n<div class=\"tab-pane active product-description\" id=\"popis\" role=\"tabpanel\">\n<div class=\"short-description\" itemprop=\"description\">Gelov\u00fd \u010disti\u010d odpad\u016f, kter\u00fd \u010dist\u00ed bez rozst\u0159ikov\u00e1n\u00ed<\/div>\n<div class=\"description\"><span class='bullet-line'>HG gelov\u00fd \u010disti\u010d odpad\u016f nen\u00ed jen oby\u010dejn\u00fd gelov\u00fd \u010disti\u010d! <br \/><\/span><span class='bullet-line'>Je to jedine\u010dn\u00fd, bezpe\u010dn\u00fd a vysoce \u00fa\u010dinn\u00fd gelov\u00fd \u010disti\u010d, kter\u00fd je p\u0159ipraven k okam\u017eit\u00e9mu pou\u017eit\u00ed. <br \/><\/span><span class='bullet-line'>Tento speci\u00e1ln\u00ed gelov\u00fd \u010disti\u010d m\u00e1 pevnou a hustou strukturu a na rozd\u00edl od b\u011b\u017en\u00fdch tekut\u00fdch \u010disti\u010d\u016f se v\u016fbec nerozst\u0159ikuje.<br \/><\/span><span class='bullet-line'>V\u016fbec \u017e\u00e1dn\u00e9 rozst\u0159ikov\u00e1n\u00ed!<br \/><\/span><span class='bullet-line'>V\u00fdsledek ji\u017e za 5 minut<br \/><\/span><span class='bullet-line'>Nevy\u017eaduje horkou vodu<br \/><\/span><span class='bullet-line'>Pro v\u0161echny typy odpad\u016f*<br \/><\/span><span class='bullet-line'>P\u0159ipraven k pou\u017eit\u00ed<br \/><\/span><br \/>\u27a4 \u00da\u010dinn\u00fd gelov\u00fd \u010disti\u010d \u2013 ji\u017e za 5 minut a bez rozst\u0159ikov\u00e1n\u00ed!<span class='bullet-line'>HG gelov\u00fd \u010disti\u010d odpad\u016f je jedine\u010dn\u00fd a bezpe\u010dn\u00fd gelov\u00fd \u010disti\u010d d\u0159ez\u016f\/v\u00fdlevek, kter\u00fd je p\u0159ipraven k okam\u017eit\u00e9mu pou\u017eit\u00ed. <br \/><\/span><span class='bullet-line'>V\u00fdsledky tohoto \u00fa\u010dinn\u00e9ho gelov\u00e9ho \u010disti\u010de jsou viditeln\u00e9 ji\u017e za 5 minut.<br \/><\/span><br \/>\u27a4 Jak tento gelov\u00fd \u010disti\u010d d\u0159ez\u016f\/v\u00fdlevek funguje?<span class='bullet-line'>HG gelov\u00fd \u010disti\u010d WC odpad\u016f m\u00e1 pevnou a hustou strukturu, a proto se v\u016fbec nerozst\u0159ikuje. <br \/><\/span><span class='bullet-line'>D\u00edky sv\u00e9 hmotnosti (gelov\u00fd \u010disti\u010d je mnohem t\u011b\u017e\u0161\u00ed ne\u017e voda) se potop\u00ed, ani\u017e by se rozpustil, a p\u0159es vodu se dostane a\u017e na m\u00edsto ucp\u00e1n\u00ed, kde za\u010dne p\u016fsobit. Tak\u017ee nemus\u00edte pou\u017e\u00edvat horkou vodu! <br \/><\/span><span class='bullet-line'>Na rozd\u00edl od granulov\u00fdch \u010disti\u010d\u016f, tento gelov\u00fd \u010disti\u010d nem\u016f\u017ee ucp\u00e1n\u00ed zhor\u0161it a nepo\u0161kozuje plastov\u00e9 odpadn\u00ed trubky.<br \/><\/span><br \/>\u27a4 Jak pou\u017e\u00edvat tento gelov\u00fd \u010disti\u010d WC odpad\u016f?<span class='bullet-line'>Opatrn\u011b nalijte 500 ml prost\u0159edku HG gelov\u00fd \u010disti\u010d odpad\u016f do ucpan\u00e9ho odpadu.<br \/><\/span><span class='bullet-line'>Nechte \u010disti\u010d p\u016fsobit 5 minut a potom propl\u00e1chn\u011bte velk\u00fdm mno\u017estv\u00edm vody.<br \/><\/span><span class='bullet-line'>V p\u0159\u00edpad\u011b \u00fapln\u00e9ho ucp\u00e1n\u00ed, kdy odpad v\u016fbec neodt\u00e9k\u00e1, napl\u0148te cel\u00fd d\u0159ez nebo umyvadlo teplou vodou.<br \/><\/span><span class='bullet-line'>P\u0159idejte do vody 500 ml gelov\u00e9ho \u010disti\u010de a nechte p\u016fsobit p\u0159es noc. Druh\u00fd den d\u016fkladn\u011b propl\u00e1chn\u011bte horkou vodou.<br \/><\/span><br \/>\u27a4 M\u00e1te odpad ucpan\u00fd mastnotou, zbytky j\u00eddla nebo vlasy?<span class='bullet-line'>\u00dapln\u011b ucpan\u00fd odpad, v d\u016fsledku zbytk\u016f potravin a mastnoty, doporu\u010dujeme uvolnit pomoc\u00ed prost\u0159edku HG tekut\u00fd bio \u010disti\u010d kuchy\u0148sk\u00fdch odpad\u016f. Tento pln\u011b biologicky odbourateln\u00fd \u010disti\u010d funguje na b\u00e1zi p\u0159\u00edrodn\u00edch enzym\u016f a mikrob\u016f, kter\u00e9 \u201epo\u017e\u00edraj\u00ed\u201c n\u00e1nosy v odpadu. Pro odpady ucpan\u00e9 vlasy doporu\u010dujeme pou\u017e\u00edt prost\u0159edek HG \u010disti\u010d odpad\u016f ucpan\u00fdch vlasy. Tento mimo\u0159\u00e1dn\u011b \u00fa\u010dinn\u00fd \u010disti\u010d funguje na b\u00e1zi 2 slo\u017eek, jeho \u00fa\u010dinnost zvy\u0161uje hydroxid draseln\u00fd, a je vhodn\u00fd pro \u010di\u0161t\u011bn\u00ed odtok\u016f sprch, d\u0159ez\u016f nebo van.<\/span><\/div>\n<div class=\"parameters\">\n<tr>\n<td>Objem :<\/td>\n<td>1L<\/td>\n<\/tr><\/div>\n<\/table>\n","protected":false},"excerpt":{"rendered":"<p>Gelov\u00fd \u010disti\u010d odpad\u016f, kter\u00fd \u010dist\u00ed bez rozst\u0159ikov\u00e1n\u00ed HG gelov\u00fd \u010disti\u010d odpad\u016f nen\u00ed jen oby\u010dejn\u00fd gelov\u00fd \u010disti\u010d! Je to jedine\u010dn\u00fd, bezpe\u010dn\u00fd a vysoce \u00fa\u010dinn\u00fd gelov\u00fd \u010disti\u010d, kter\u00fd je p\u0159ipraven k okam\u017eit\u00e9mu pou\u017eit\u00ed. Tento speci\u00e1ln\u00ed gelov\u00fd \u010disti\u010d m\u00e1 pevnou a hustou strukturu a na rozd\u00edl od b\u011b\u017en\u00fdch tekut\u00fdch \u010disti\u010d\u016f se v\u016fbec nerozst\u0159ikuje.V\u016fbec \u017e\u00e1dn\u00e9 rozst\u0159ikov\u00e1n\u00ed!V\u00fdsledek ji\u017e za 5 [&hellip;]<\/p>\n","protected":false},"featured_media":77620,"comment_status":"open","ping_status":"open","template":"","meta":[],"product_brand":[],"product_cat":[40,42,41],"product_tag":[],"class_list":{"0":"post-77520","1":"product","2":"type-product","3":"status-publish","4":"has-post-thumbnail","6":"product_cat-barvy","7":"product_cat-chemie","8":"product_cat-laky","10":"first","11":"instock","12":"sale","13":"shipping-taxable","14":"purchasable","15":"product-type-simple"},"yoast_head":"<!-- This site is optimized with the Yoast SEO plugin v26.8 - https:\/\/yoast.com\/product\/yoast-seo-wordpress\/ -->\n<title>Zna\u010dkov\u00fd HG gelov\u00fd \u010disti\u010d odpad\u016f 1 l -<\/title>\n<meta name=\"robots\" content=\"index, follow, max-snippet:-1, max-image-preview:large, max-video-preview:-1\" \/>\n<link rel=\"canonical\" href=\"https:\/\/www.koupeltech.com\/index.php\/produkt\/znackovy-hg-gelovy-cistic-odpadu-1-l-77520\/\" \/>\n<meta property=\"og:locale\" content=\"cs_CZ\" \/>\n<meta property=\"og:type\" content=\"article\" \/>\n<meta property=\"og:title\" content=\"Zna\u010dkov\u00fd HG gelov\u00fd \u010disti\u010d odpad\u016f 1 l -\" \/>\n<meta property=\"og:description\" content=\"Gelov\u00fd \u010disti\u010d odpad\u016f, kter\u00fd \u010dist\u00ed bez rozst\u0159ikov\u00e1n\u00ed HG gelov\u00fd \u010disti\u010d odpad\u016f nen\u00ed jen oby\u010dejn\u00fd gelov\u00fd \u010disti\u010d! Je to jedine\u010dn\u00fd, bezpe\u010dn\u00fd a vysoce \u00fa\u010dinn\u00fd gelov\u00fd \u010disti\u010d, kter\u00fd je p\u0159ipraven k okam\u017eit\u00e9mu pou\u017eit\u00ed. Tento speci\u00e1ln\u00ed gelov\u00fd \u010disti\u010d m\u00e1 pevnou a hustou strukturu a na rozd\u00edl od b\u011b\u017en\u00fdch tekut\u00fdch \u010disti\u010d\u016f se v\u016fbec nerozst\u0159ikuje.V\u016fbec \u017e\u00e1dn\u00e9 rozst\u0159ikov\u00e1n\u00ed!V\u00fdsledek ji\u017e za 5 [&hellip;]\" \/>\n<meta property=\"og:url\" content=\"https:\/\/www.koupeltech.com\/index.php\/produkt\/znackovy-hg-gelovy-cistic-odpadu-1-l-77520\/\" \/>\n<meta property=\"og:image\" content=\"https:\/\/www.koupeltech.com\/wp-content\/uploads\/2026\/SK0028531-CZ20260425-092328-0-1777080210-540100127-main.png-width-536-536-132376491247630000.webp\" \/>\n\t<meta property=\"og:image:width\" content=\"536\" \/>\n\t<meta property=\"og:image:height\" content=\"536\" \/>\n\t<meta property=\"og:image:type\" content=\"image\/webp\" \/>\n<meta name=\"twitter:card\" content=\"summary_large_image\" \/>\n<meta name=\"twitter:label1\" content=\"Odhadovan\u00e1 doba \u010dten\u00ed\" \/>\n\t<meta name=\"twitter:data1\" content=\"2 minuty\" \/>\n<script type=\"application\/ld+json\" class=\"yoast-schema-graph\">{\"@context\":\"https:\/\/schema.org\",\"@graph\":[{\"@type\":\"WebPage\",\"@id\":\"https:\/\/www.koupeltech.com\/index.php\/produkt\/znackovy-hg-gelovy-cistic-odpadu-1-l-77520\/\",\"url\":\"https:\/\/www.koupeltech.com\/index.php\/produkt\/znackovy-hg-gelovy-cistic-odpadu-1-l-77520\/\",\"name\":\"Zna\u010dkov\u00fd HG gelov\u00fd \u010disti\u010d odpad\u016f 1 l -\",\"isPartOf\":{\"@id\":\"https:\/\/www.koupeltech.com\/#website\"},\"primaryImageOfPage\":{\"@id\":\"https:\/\/www.koupeltech.com\/index.php\/produkt\/znackovy-hg-gelovy-cistic-odpadu-1-l-77520\/#primaryimage\"},\"image\":{\"@id\":\"https:\/\/www.koupeltech.com\/index.php\/produkt\/znackovy-hg-gelovy-cistic-odpadu-1-l-77520\/#primaryimage\"},\"thumbnailUrl\":\"https:\/\/www.koupeltech.com\/wp-content\/uploads\/2026\/SK0028531-CZ20260425-092328-0-1777080210-540100127-main.png-width-536-536-132376491247630000.webp\",\"datePublished\":\"2026-04-27T14:07:54+00:00\",\"breadcrumb\":{\"@id\":\"https:\/\/www.koupeltech.com\/index.php\/produkt\/znackovy-hg-gelovy-cistic-odpadu-1-l-77520\/#breadcrumb\"},\"inLanguage\":\"cs\",\"potentialAction\":[{\"@type\":\"ReadAction\",\"target\":[\"https:\/\/www.koupeltech.com\/index.php\/produkt\/znackovy-hg-gelovy-cistic-odpadu-1-l-77520\/\"]}]},{\"@type\":\"ImageObject\",\"inLanguage\":\"cs\",\"@id\":\"https:\/\/www.koupeltech.com\/index.php\/produkt\/znackovy-hg-gelovy-cistic-odpadu-1-l-77520\/#primaryimage\",\"url\":\"https:\/\/www.koupeltech.com\/wp-content\/uploads\/2026\/SK0028531-CZ20260425-092328-0-1777080210-540100127-main.png-width-536-536-132376491247630000.webp\",\"contentUrl\":\"https:\/\/www.koupeltech.com\/wp-content\/uploads\/2026\/SK0028531-CZ20260425-092328-0-1777080210-540100127-main.png-width-536-536-132376491247630000.webp\",\"width\":536,\"height\":536},{\"@type\":\"BreadcrumbList\",\"@id\":\"https:\/\/www.koupeltech.com\/index.php\/produkt\/znackovy-hg-gelovy-cistic-odpadu-1-l-77520\/#breadcrumb\",\"itemListElement\":[{\"@type\":\"ListItem\",\"position\":1,\"name\":\"Home\",\"item\":\"https:\/\/www.koupeltech.com\/\"},{\"@type\":\"ListItem\",\"position\":2,\"name\":\"Products\",\"item\":\"https:\/\/www.koupeltech.com\/index.php\/products\/\"},{\"@type\":\"ListItem\",\"position\":3,\"name\":\"Zna\u010dkov\u00fd HG gelov\u00fd \u010disti\u010d odpad\u016f 1 l\"}]},{\"@type\":\"WebSite\",\"@id\":\"https:\/\/www.koupeltech.com\/#website\",\"url\":\"https:\/\/www.koupeltech.com\/\",\"name\":\"\",\"description\":\"\",\"potentialAction\":[{\"@type\":\"SearchAction\",\"target\":{\"@type\":\"EntryPoint\",\"urlTemplate\":\"https:\/\/www.koupeltech.com\/?s={search_term_string}\"},\"query-input\":{\"@type\":\"PropertyValueSpecification\",\"valueRequired\":true,\"valueName\":\"search_term_string\"}}],\"inLanguage\":\"cs\"}]}<\/script>\n<!-- \/ Yoast SEO plugin. -->","yoast_head_json":{"title":"Zna\u010dkov\u00fd HG gelov\u00fd \u010disti\u010d odpad\u016f 1 l -","robots":{"index":"index","follow":"follow","max-snippet":"max-snippet:-1","max-image-preview":"max-image-preview:large","max-video-preview":"max-video-preview:-1"},"canonical":"https:\/\/www.koupeltech.com\/index.php\/produkt\/znackovy-hg-gelovy-cistic-odpadu-1-l-77520\/","og_locale":"cs_CZ","og_type":"article","og_title":"Zna\u010dkov\u00fd HG gelov\u00fd \u010disti\u010d odpad\u016f 1 l -","og_description":"Gelov\u00fd \u010disti\u010d odpad\u016f, kter\u00fd \u010dist\u00ed bez rozst\u0159ikov\u00e1n\u00ed HG gelov\u00fd \u010disti\u010d odpad\u016f nen\u00ed jen oby\u010dejn\u00fd gelov\u00fd \u010disti\u010d! Je to jedine\u010dn\u00fd, bezpe\u010dn\u00fd a vysoce \u00fa\u010dinn\u00fd gelov\u00fd \u010disti\u010d, kter\u00fd je p\u0159ipraven k okam\u017eit\u00e9mu pou\u017eit\u00ed. Tento speci\u00e1ln\u00ed gelov\u00fd \u010disti\u010d m\u00e1 pevnou a hustou strukturu a na rozd\u00edl od b\u011b\u017en\u00fdch tekut\u00fdch \u010disti\u010d\u016f se v\u016fbec nerozst\u0159ikuje.V\u016fbec \u017e\u00e1dn\u00e9 rozst\u0159ikov\u00e1n\u00ed!V\u00fdsledek ji\u017e za 5 [&hellip;]","og_url":"https:\/\/www.koupeltech.com\/index.php\/produkt\/znackovy-hg-gelovy-cistic-odpadu-1-l-77520\/","og_image":[{"width":536,"height":536,"url":"https:\/\/www.koupeltech.com\/wp-content\/uploads\/2026\/SK0028531-CZ20260425-092328-0-1777080210-540100127-main.png-width-536-536-132376491247630000.webp","type":"image\/webp"}],"twitter_card":"summary_large_image","twitter_misc":{"Odhadovan\u00e1 doba \u010dten\u00ed":"2 minuty"},"schema":{"@context":"https:\/\/schema.org","@graph":[{"@type":"WebPage","@id":"https:\/\/www.koupeltech.com\/index.php\/produkt\/znackovy-hg-gelovy-cistic-odpadu-1-l-77520\/","url":"https:\/\/www.koupeltech.com\/index.php\/produkt\/znackovy-hg-gelovy-cistic-odpadu-1-l-77520\/","name":"Zna\u010dkov\u00fd HG gelov\u00fd \u010disti\u010d odpad\u016f 1 l -","isPartOf":{"@id":"https:\/\/www.koupeltech.com\/#website"},"primaryImageOfPage":{"@id":"https:\/\/www.koupeltech.com\/index.php\/produkt\/znackovy-hg-gelovy-cistic-odpadu-1-l-77520\/#primaryimage"},"image":{"@id":"https:\/\/www.koupeltech.com\/index.php\/produkt\/znackovy-hg-gelovy-cistic-odpadu-1-l-77520\/#primaryimage"},"thumbnailUrl":"https:\/\/www.koupeltech.com\/wp-content\/uploads\/2026\/SK0028531-CZ20260425-092328-0-1777080210-540100127-main.png-width-536-536-132376491247630000.webp","datePublished":"2026-04-27T14:07:54+00:00","breadcrumb":{"@id":"https:\/\/www.koupeltech.com\/index.php\/produkt\/znackovy-hg-gelovy-cistic-odpadu-1-l-77520\/#breadcrumb"},"inLanguage":"cs","potentialAction":[{"@type":"ReadAction","target":["https:\/\/www.koupeltech.com\/index.php\/produkt\/znackovy-hg-gelovy-cistic-odpadu-1-l-77520\/"]}]},{"@type":"ImageObject","inLanguage":"cs","@id":"https:\/\/www.koupeltech.com\/index.php\/produkt\/znackovy-hg-gelovy-cistic-odpadu-1-l-77520\/#primaryimage","url":"https:\/\/www.koupeltech.com\/wp-content\/uploads\/2026\/SK0028531-CZ20260425-092328-0-1777080210-540100127-main.png-width-536-536-132376491247630000.webp","contentUrl":"https:\/\/www.koupeltech.com\/wp-content\/uploads\/2026\/SK0028531-CZ20260425-092328-0-1777080210-540100127-main.png-width-536-536-132376491247630000.webp","width":536,"height":536},{"@type":"BreadcrumbList","@id":"https:\/\/www.koupeltech.com\/index.php\/produkt\/znackovy-hg-gelovy-cistic-odpadu-1-l-77520\/#breadcrumb","itemListElement":[{"@type":"ListItem","position":1,"name":"Home","item":"https:\/\/www.koupeltech.com\/"},{"@type":"ListItem","position":2,"name":"Products","item":"https:\/\/www.koupeltech.com\/index.php\/products\/"},{"@type":"ListItem","position":3,"name":"Zna\u010dkov\u00fd HG gelov\u00fd \u010disti\u010d odpad\u016f 1 l"}]},{"@type":"WebSite","@id":"https:\/\/www.koupeltech.com\/#website","url":"https:\/\/www.koupeltech.com\/","name":"","description":"","potentialAction":[{"@type":"SearchAction","target":{"@type":"EntryPoint","urlTemplate":"https:\/\/www.koupeltech.com\/?s={search_term_string}"},"query-input":{"@type":"PropertyValueSpecification","valueRequired":true,"valueName":"search_term_string"}}],"inLanguage":"cs"}]}},"_links":{"self":[{"href":"https:\/\/www.koupeltech.com\/index.php\/wp-json\/wp\/v2\/product\/77520","targetHints":{"allow":["GET"]}}],"collection":[{"href":"https:\/\/www.koupeltech.com\/index.php\/wp-json\/wp\/v2\/product"}],"about":[{"href":"https:\/\/www.koupeltech.com\/index.php\/wp-json\/wp\/v2\/types\/product"}],"replies":[{"embeddable":true,"href":"https:\/\/www.koupeltech.com\/index.php\/wp-json\/wp\/v2\/comments?post=77520"}],"wp:featuredmedia":[{"embeddable":true,"href":"https:\/\/www.koupeltech.com\/index.php\/wp-json\/wp\/v2\/media\/77620"}],"wp:attachment":[{"href":"https:\/\/www.koupeltech.com\/index.php\/wp-json\/wp\/v2\/media?parent=77520"}],"wp:term":[{"taxonomy":"product_brand","embeddable":true,"href":"https:\/\/www.koupeltech.com\/index.php\/wp-json\/wp\/v2\/product_brand?post=77520"},{"taxonomy":"product_cat","embeddable":true,"href":"https:\/\/www.koupeltech.com\/index.php\/wp-json\/wp\/v2\/product_cat?post=77520"},{"taxonomy":"product_tag","embeddable":true,"href":"https:\/\/www.koupeltech.com\/index.php\/wp-json\/wp\/v2\/product_tag?post=77520"}],"curies":[{"name":"wp","href":"https:\/\/api.w.org\/{rel}","templated":true}]}}