{"id":77759,"date":"2026-04-27T14:07:56","date_gmt":"2026-04-27T14:07:56","guid":{"rendered":""},"modified":"2026-04-27T14:07:56","modified_gmt":"2026-04-27T14:07:56","slug":"zlevneny-makita-dub187z-aku-ofukovac-vysavac-li-ion-lxt-18v-bez-aku-z-77759","status":"publish","type":"product","link":"https:\/\/www.koupeltech.com\/index.php\/produkt\/zlevneny-makita-dub187z-aku-ofukovac-vysavac-li-ion-lxt-18v-bez-aku-z-77759\/","title":{"rendered":"Zlevn\u011bn\u00fd Makita DUB187Z Aku ofukova\u010d\/vysavac Li-ion LXT 18V,bez aku Z"},"content":{"rendered":"<table>\n<div class=\"tab-pane active product-description\" id=\"popis\" role=\"tabpanel\">\n<div class=\"short-description\" itemprop=\"description\"><\/div>\n<div class=\"description\"><span class='bullet-line'>Lehk\u00fd a kompaktn\u00ed aku ofukova\u010d umo\u017e\u0148uj\u00edc\u00ed vys\u00e1v\u00e1n\u00ed list\u00ed s mul\u010dov\u00e1n\u00edm<br \/><\/span><span class='bullet-line'>Siln\u00fd stroj poh\u00e1n\u011bn\u00fd akumul\u00e1torem Li-ion 18V<br \/><\/span><span class='bullet-line'>Spolehliv\u00fd bezuhl\u00edkov\u00fd motor<br \/><\/span><span class='bullet-line'>Technologie XPT umo\u017e\u0148uj\u00edc\u00ed pou\u017eit\u00ed v prost\u0159ed\u00ed se zv\u00fd\u0161enou pra\u0161nost\u00ed nebo vlhkost\u00ed<br \/><\/span><span class='bullet-line'>Mo\u017enost regulace s\u00edly pomoc\u00ed nastven\u00ed vyp\u00edna\u010de<br \/><\/span><span class='bullet-line'>Dlouh\u00e1 tryska s kole\u010dky pro pohodlnou pr\u00e1ci<br \/><\/span><span class='bullet-line'>Odm\u00ednateln\u00fd vak na list\u00ed o objemu 25l<br \/><\/span><span class='bullet-line'>Velmi tich\u00fd chod<br \/><\/span><span class='bullet-line'>Dod\u00e1vka bez akumul\u00e1toru, nab\u00edje\u010dky a kufru<br \/><\/span><br \/>\u27a4 P\u0159\u00edslu\u0161enstv\u00ed<span class='bullet-line'>Ramenn\u00ed p\u00e1s (GB00000038)<br \/><\/span><span class='bullet-line'>Sada pro vys\u00e1v\u00e1n\u00ed (GB00000185)<\/span><\/div>\n<div class=\"parameters\">\n<tr>\n<td>Akumul\u00e1tor<\/td>\n<td>Li-ion 18V<\/td>\n<\/tr>\n<tr>\n<td>Ot\u00e1\u010dky napr\u00e1zdno<\/td>\n<td>9.000 &#8211; 13.500 min-1<\/td>\n<\/tr>\n<tr>\n<td>Max. pr\u016ftok vzduchu<\/td>\n<td>6,1 m3\/min<\/td>\n<\/tr>\n<tr>\n<td>Hmotnost<\/td>\n<td>3,3 \/ 4 kg<\/td>\n<\/tr>\n<tr>\n<td>Rozm\u011bry (Dx\u0160xV)<\/td>\n<td>1.168 x 164 x 416 mm<\/td>\n<\/tr><\/div>\n<\/table>\n","protected":false},"excerpt":{"rendered":"<p>Lehk\u00fd a kompaktn\u00ed aku ofukova\u010d umo\u017e\u0148uj\u00edc\u00ed vys\u00e1v\u00e1n\u00ed list\u00ed s mul\u010dov\u00e1n\u00edmSiln\u00fd stroj poh\u00e1n\u011bn\u00fd akumul\u00e1torem Li-ion 18VSpolehliv\u00fd bezuhl\u00edkov\u00fd motorTechnologie XPT umo\u017e\u0148uj\u00edc\u00ed pou\u017eit\u00ed v prost\u0159ed\u00ed se zv\u00fd\u0161enou pra\u0161nost\u00ed nebo vlhkost\u00edMo\u017enost regulace s\u00edly pomoc\u00ed nastven\u00ed vyp\u00edna\u010deDlouh\u00e1 tryska s kole\u010dky pro pohodlnou pr\u00e1ciOdm\u00ednateln\u00fd vak na list\u00ed o objemu 25lVelmi tich\u00fd chodDod\u00e1vka bez akumul\u00e1toru, nab\u00edje\u010dky a kufru\u27a4 P\u0159\u00edslu\u0161enstv\u00edRamenn\u00ed p\u00e1s (GB00000038)Sada pro [&hellip;]<\/p>\n","protected":false},"featured_media":77859,"comment_status":"open","ping_status":"open","template":"","meta":[],"product_brand":[],"product_cat":[44],"product_tag":[],"class_list":{"0":"post-77759","1":"product","2":"type-product","3":"status-publish","4":"has-post-thumbnail","6":"product_cat-zahrada","8":"first","9":"instock","10":"sale","11":"shipping-taxable","12":"purchasable","13":"product-type-simple"},"yoast_head":"<!-- This site is optimized with the Yoast SEO plugin v26.8 - https:\/\/yoast.com\/product\/yoast-seo-wordpress\/ -->\n<title>Zlevn\u011bn\u00fd Makita DUB187Z Aku ofukova\u010d\/vysavac Li-ion LXT 18V,bez aku Z -<\/title>\n<meta name=\"robots\" content=\"index, follow, max-snippet:-1, max-image-preview:large, max-video-preview:-1\" \/>\n<link rel=\"canonical\" href=\"https:\/\/www.koupeltech.com\/index.php\/produkt\/zlevneny-makita-dub187z-aku-ofukovac-vysavac-li-ion-lxt-18v-bez-aku-z-77759\/\" \/>\n<meta property=\"og:locale\" content=\"cs_CZ\" \/>\n<meta property=\"og:type\" content=\"article\" \/>\n<meta property=\"og:title\" content=\"Zlevn\u011bn\u00fd Makita DUB187Z Aku ofukova\u010d\/vysavac Li-ion LXT 18V,bez aku Z -\" \/>\n<meta property=\"og:description\" content=\"Lehk\u00fd a kompaktn\u00ed aku ofukova\u010d umo\u017e\u0148uj\u00edc\u00ed vys\u00e1v\u00e1n\u00ed list\u00ed s mul\u010dov\u00e1n\u00edmSiln\u00fd stroj poh\u00e1n\u011bn\u00fd akumul\u00e1torem Li-ion 18VSpolehliv\u00fd bezuhl\u00edkov\u00fd motorTechnologie XPT umo\u017e\u0148uj\u00edc\u00ed pou\u017eit\u00ed v prost\u0159ed\u00ed se zv\u00fd\u0161enou pra\u0161nost\u00ed nebo vlhkost\u00edMo\u017enost regulace s\u00edly pomoc\u00ed nastven\u00ed vyp\u00edna\u010deDlouh\u00e1 tryska s kole\u010dky pro pohodlnou pr\u00e1ciOdm\u00ednateln\u00fd vak na list\u00ed o objemu 25lVelmi tich\u00fd chodDod\u00e1vka bez akumul\u00e1toru, nab\u00edje\u010dky a kufru\u27a4 P\u0159\u00edslu\u0161enstv\u00edRamenn\u00ed p\u00e1s (GB00000038)Sada pro [&hellip;]\" \/>\n<meta property=\"og:url\" content=\"https:\/\/www.koupeltech.com\/index.php\/produkt\/zlevneny-makita-dub187z-aku-ofukovac-vysavac-li-ion-lxt-18v-bez-aku-z-77759\/\" \/>\n<meta property=\"og:image\" content=\"https:\/\/www.koupeltech.com\/wp-content\/uploads\/2026\/SK0028670-CZ20260425-092328-0-1777080210-dub187z_c1l0.webp\" \/>\n\t<meta property=\"og:image:width\" content=\"800\" \/>\n\t<meta property=\"og:image:height\" content=\"800\" \/>\n\t<meta property=\"og:image:type\" content=\"image\/webp\" \/>\n<meta name=\"twitter:card\" content=\"summary_large_image\" \/>\n<meta name=\"twitter:label1\" content=\"Odhadovan\u00e1 doba \u010dten\u00ed\" \/>\n\t<meta name=\"twitter:data1\" content=\"1 minuta\" \/>\n<script type=\"application\/ld+json\" class=\"yoast-schema-graph\">{\"@context\":\"https:\/\/schema.org\",\"@graph\":[{\"@type\":\"WebPage\",\"@id\":\"https:\/\/www.koupeltech.com\/index.php\/produkt\/zlevneny-makita-dub187z-aku-ofukovac-vysavac-li-ion-lxt-18v-bez-aku-z-77759\/\",\"url\":\"https:\/\/www.koupeltech.com\/index.php\/produkt\/zlevneny-makita-dub187z-aku-ofukovac-vysavac-li-ion-lxt-18v-bez-aku-z-77759\/\",\"name\":\"Zlevn\u011bn\u00fd Makita DUB187Z Aku ofukova\u010d\/vysavac Li-ion LXT 18V,bez aku Z -\",\"isPartOf\":{\"@id\":\"https:\/\/www.koupeltech.com\/#website\"},\"primaryImageOfPage\":{\"@id\":\"https:\/\/www.koupeltech.com\/index.php\/produkt\/zlevneny-makita-dub187z-aku-ofukovac-vysavac-li-ion-lxt-18v-bez-aku-z-77759\/#primaryimage\"},\"image\":{\"@id\":\"https:\/\/www.koupeltech.com\/index.php\/produkt\/zlevneny-makita-dub187z-aku-ofukovac-vysavac-li-ion-lxt-18v-bez-aku-z-77759\/#primaryimage\"},\"thumbnailUrl\":\"https:\/\/www.koupeltech.com\/wp-content\/uploads\/2026\/SK0028670-CZ20260425-092328-0-1777080210-dub187z_c1l0.webp\",\"datePublished\":\"2026-04-27T14:07:56+00:00\",\"breadcrumb\":{\"@id\":\"https:\/\/www.koupeltech.com\/index.php\/produkt\/zlevneny-makita-dub187z-aku-ofukovac-vysavac-li-ion-lxt-18v-bez-aku-z-77759\/#breadcrumb\"},\"inLanguage\":\"cs\",\"potentialAction\":[{\"@type\":\"ReadAction\",\"target\":[\"https:\/\/www.koupeltech.com\/index.php\/produkt\/zlevneny-makita-dub187z-aku-ofukovac-vysavac-li-ion-lxt-18v-bez-aku-z-77759\/\"]}]},{\"@type\":\"ImageObject\",\"inLanguage\":\"cs\",\"@id\":\"https:\/\/www.koupeltech.com\/index.php\/produkt\/zlevneny-makita-dub187z-aku-ofukovac-vysavac-li-ion-lxt-18v-bez-aku-z-77759\/#primaryimage\",\"url\":\"https:\/\/www.koupeltech.com\/wp-content\/uploads\/2026\/SK0028670-CZ20260425-092328-0-1777080210-dub187z_c1l0.webp\",\"contentUrl\":\"https:\/\/www.koupeltech.com\/wp-content\/uploads\/2026\/SK0028670-CZ20260425-092328-0-1777080210-dub187z_c1l0.webp\",\"width\":800,\"height\":800},{\"@type\":\"BreadcrumbList\",\"@id\":\"https:\/\/www.koupeltech.com\/index.php\/produkt\/zlevneny-makita-dub187z-aku-ofukovac-vysavac-li-ion-lxt-18v-bez-aku-z-77759\/#breadcrumb\",\"itemListElement\":[{\"@type\":\"ListItem\",\"position\":1,\"name\":\"Home\",\"item\":\"https:\/\/www.koupeltech.com\/\"},{\"@type\":\"ListItem\",\"position\":2,\"name\":\"Products\",\"item\":\"https:\/\/www.koupeltech.com\/index.php\/products\/\"},{\"@type\":\"ListItem\",\"position\":3,\"name\":\"Zlevn\u011bn\u00fd Makita DUB187Z Aku ofukova\u010d\/vysavac Li-ion LXT 18V,bez aku Z\"}]},{\"@type\":\"WebSite\",\"@id\":\"https:\/\/www.koupeltech.com\/#website\",\"url\":\"https:\/\/www.koupeltech.com\/\",\"name\":\"\",\"description\":\"\",\"potentialAction\":[{\"@type\":\"SearchAction\",\"target\":{\"@type\":\"EntryPoint\",\"urlTemplate\":\"https:\/\/www.koupeltech.com\/?s={search_term_string}\"},\"query-input\":{\"@type\":\"PropertyValueSpecification\",\"valueRequired\":true,\"valueName\":\"search_term_string\"}}],\"inLanguage\":\"cs\"}]}<\/script>\n<!-- \/ Yoast SEO plugin. -->","yoast_head_json":{"title":"Zlevn\u011bn\u00fd Makita DUB187Z Aku ofukova\u010d\/vysavac Li-ion LXT 18V,bez aku Z -","robots":{"index":"index","follow":"follow","max-snippet":"max-snippet:-1","max-image-preview":"max-image-preview:large","max-video-preview":"max-video-preview:-1"},"canonical":"https:\/\/www.koupeltech.com\/index.php\/produkt\/zlevneny-makita-dub187z-aku-ofukovac-vysavac-li-ion-lxt-18v-bez-aku-z-77759\/","og_locale":"cs_CZ","og_type":"article","og_title":"Zlevn\u011bn\u00fd Makita DUB187Z Aku ofukova\u010d\/vysavac Li-ion LXT 18V,bez aku Z -","og_description":"Lehk\u00fd a kompaktn\u00ed aku ofukova\u010d umo\u017e\u0148uj\u00edc\u00ed vys\u00e1v\u00e1n\u00ed list\u00ed s mul\u010dov\u00e1n\u00edmSiln\u00fd stroj poh\u00e1n\u011bn\u00fd akumul\u00e1torem Li-ion 18VSpolehliv\u00fd bezuhl\u00edkov\u00fd motorTechnologie XPT umo\u017e\u0148uj\u00edc\u00ed pou\u017eit\u00ed v prost\u0159ed\u00ed se zv\u00fd\u0161enou pra\u0161nost\u00ed nebo vlhkost\u00edMo\u017enost regulace s\u00edly pomoc\u00ed nastven\u00ed vyp\u00edna\u010deDlouh\u00e1 tryska s kole\u010dky pro pohodlnou pr\u00e1ciOdm\u00ednateln\u00fd vak na list\u00ed o objemu 25lVelmi tich\u00fd chodDod\u00e1vka bez akumul\u00e1toru, nab\u00edje\u010dky a kufru\u27a4 P\u0159\u00edslu\u0161enstv\u00edRamenn\u00ed p\u00e1s (GB00000038)Sada pro [&hellip;]","og_url":"https:\/\/www.koupeltech.com\/index.php\/produkt\/zlevneny-makita-dub187z-aku-ofukovac-vysavac-li-ion-lxt-18v-bez-aku-z-77759\/","og_image":[{"width":800,"height":800,"url":"https:\/\/www.koupeltech.com\/wp-content\/uploads\/2026\/SK0028670-CZ20260425-092328-0-1777080210-dub187z_c1l0.webp","type":"image\/webp"}],"twitter_card":"summary_large_image","twitter_misc":{"Odhadovan\u00e1 doba \u010dten\u00ed":"1 minuta"},"schema":{"@context":"https:\/\/schema.org","@graph":[{"@type":"WebPage","@id":"https:\/\/www.koupeltech.com\/index.php\/produkt\/zlevneny-makita-dub187z-aku-ofukovac-vysavac-li-ion-lxt-18v-bez-aku-z-77759\/","url":"https:\/\/www.koupeltech.com\/index.php\/produkt\/zlevneny-makita-dub187z-aku-ofukovac-vysavac-li-ion-lxt-18v-bez-aku-z-77759\/","name":"Zlevn\u011bn\u00fd Makita DUB187Z Aku ofukova\u010d\/vysavac Li-ion LXT 18V,bez aku Z -","isPartOf":{"@id":"https:\/\/www.koupeltech.com\/#website"},"primaryImageOfPage":{"@id":"https:\/\/www.koupeltech.com\/index.php\/produkt\/zlevneny-makita-dub187z-aku-ofukovac-vysavac-li-ion-lxt-18v-bez-aku-z-77759\/#primaryimage"},"image":{"@id":"https:\/\/www.koupeltech.com\/index.php\/produkt\/zlevneny-makita-dub187z-aku-ofukovac-vysavac-li-ion-lxt-18v-bez-aku-z-77759\/#primaryimage"},"thumbnailUrl":"https:\/\/www.koupeltech.com\/wp-content\/uploads\/2026\/SK0028670-CZ20260425-092328-0-1777080210-dub187z_c1l0.webp","datePublished":"2026-04-27T14:07:56+00:00","breadcrumb":{"@id":"https:\/\/www.koupeltech.com\/index.php\/produkt\/zlevneny-makita-dub187z-aku-ofukovac-vysavac-li-ion-lxt-18v-bez-aku-z-77759\/#breadcrumb"},"inLanguage":"cs","potentialAction":[{"@type":"ReadAction","target":["https:\/\/www.koupeltech.com\/index.php\/produkt\/zlevneny-makita-dub187z-aku-ofukovac-vysavac-li-ion-lxt-18v-bez-aku-z-77759\/"]}]},{"@type":"ImageObject","inLanguage":"cs","@id":"https:\/\/www.koupeltech.com\/index.php\/produkt\/zlevneny-makita-dub187z-aku-ofukovac-vysavac-li-ion-lxt-18v-bez-aku-z-77759\/#primaryimage","url":"https:\/\/www.koupeltech.com\/wp-content\/uploads\/2026\/SK0028670-CZ20260425-092328-0-1777080210-dub187z_c1l0.webp","contentUrl":"https:\/\/www.koupeltech.com\/wp-content\/uploads\/2026\/SK0028670-CZ20260425-092328-0-1777080210-dub187z_c1l0.webp","width":800,"height":800},{"@type":"BreadcrumbList","@id":"https:\/\/www.koupeltech.com\/index.php\/produkt\/zlevneny-makita-dub187z-aku-ofukovac-vysavac-li-ion-lxt-18v-bez-aku-z-77759\/#breadcrumb","itemListElement":[{"@type":"ListItem","position":1,"name":"Home","item":"https:\/\/www.koupeltech.com\/"},{"@type":"ListItem","position":2,"name":"Products","item":"https:\/\/www.koupeltech.com\/index.php\/products\/"},{"@type":"ListItem","position":3,"name":"Zlevn\u011bn\u00fd Makita DUB187Z Aku ofukova\u010d\/vysavac Li-ion LXT 18V,bez aku Z"}]},{"@type":"WebSite","@id":"https:\/\/www.koupeltech.com\/#website","url":"https:\/\/www.koupeltech.com\/","name":"","description":"","potentialAction":[{"@type":"SearchAction","target":{"@type":"EntryPoint","urlTemplate":"https:\/\/www.koupeltech.com\/?s={search_term_string}"},"query-input":{"@type":"PropertyValueSpecification","valueRequired":true,"valueName":"search_term_string"}}],"inLanguage":"cs"}]}},"_links":{"self":[{"href":"https:\/\/www.koupeltech.com\/index.php\/wp-json\/wp\/v2\/product\/77759","targetHints":{"allow":["GET"]}}],"collection":[{"href":"https:\/\/www.koupeltech.com\/index.php\/wp-json\/wp\/v2\/product"}],"about":[{"href":"https:\/\/www.koupeltech.com\/index.php\/wp-json\/wp\/v2\/types\/product"}],"replies":[{"embeddable":true,"href":"https:\/\/www.koupeltech.com\/index.php\/wp-json\/wp\/v2\/comments?post=77759"}],"wp:featuredmedia":[{"embeddable":true,"href":"https:\/\/www.koupeltech.com\/index.php\/wp-json\/wp\/v2\/media\/77859"}],"wp:attachment":[{"href":"https:\/\/www.koupeltech.com\/index.php\/wp-json\/wp\/v2\/media?parent=77759"}],"wp:term":[{"taxonomy":"product_brand","embeddable":true,"href":"https:\/\/www.koupeltech.com\/index.php\/wp-json\/wp\/v2\/product_brand?post=77759"},{"taxonomy":"product_cat","embeddable":true,"href":"https:\/\/www.koupeltech.com\/index.php\/wp-json\/wp\/v2\/product_cat?post=77759"},{"taxonomy":"product_tag","embeddable":true,"href":"https:\/\/www.koupeltech.com\/index.php\/wp-json\/wp\/v2\/product_tag?post=77759"}],"curies":[{"name":"wp","href":"https:\/\/api.w.org\/{rel}","templated":true}]}}