{"id":77921,"date":"2026-04-27T14:07:58","date_gmt":"2026-04-27T14:07:58","guid":{"rendered":""},"modified":"2026-04-27T14:07:58","modified_gmt":"2026-04-27T14:07:58","slug":"akce-xtline-xt102750-aku-hoblik-18v-77921","status":"publish","type":"product","link":"https:\/\/www.koupeltech.com\/index.php\/produkt\/akce-xtline-xt102750-aku-hoblik-18v-77921\/","title":{"rendered":"Akce Xtline XT102750 Aku hobl\u00edk 18V"},"content":{"rendered":"<table>\n<div class=\"tab-pane active product-description\" id=\"popis\" role=\"tabpanel\">\n<div class=\"short-description\" itemprop=\"description\"><\/div>\n<div class=\"description\"><span class='bullet-line'>Akumul\u00e1torovy\u0301 hobl\u00edk je vhodny\u0301 zejm\u00e9na pro pr\u00e1ci se d\u0159evem. <br \/><\/span><span class='bullet-line'>Silny\u0301 motor zaji\u0161\u0165uje del\u0161\u00ed pou\u017eit\u00ed na jedno nabit\u00ed akumul\u00e1toru. <br \/><\/span><span class='bullet-line'>Vy\u0301hodou hobl\u00edku je ergonomick\u00e1 pogumovan\u00e1 rukoje\u0165, kter\u00e1 zaji\u0161\u0165uje pohodln\u00e9 dr\u017een\u00ed p\u0159i pr\u00e1ci. <br \/><\/span><span class='bullet-line'>Hobl\u00edk m\u00e1 nastaven\u00ed \u00fab\u011bru 0 \u2013 1,5 mm. <br \/><\/span><span class='bullet-line'>Hobl\u00edk je bez akumul\u00e1toru a nab\u00edje\u010dky. <br \/><\/span><span class='bullet-line'>Nab\u00edje\u010dku a samostatn\u00e9 akumul\u00e1tory je mo\u017en\u00e9 dokoupit zvl\u00e1\u0161\u0165.<\/span><\/div>\n<div class=\"parameters\">\n<tr>\n<td>Nap\u011bt\u00ed<\/td>\n<td>18 V<\/td>\n<\/tr>\n<tr>\n<td>Ot\u00e1\u010dky<\/td>\n<td>14000 ot\/min<\/td>\n<\/tr>\n<tr>\n<td>Hoblovac\u00ed \u0161\u00ed\u0159ka<\/td>\n<td>82 mm<\/td>\n<\/tr>\n<tr>\n<td>\u0160\u00ed\u0159ka V-dr\u00e1\u017eky<\/td>\n<td>5 mm<\/td>\n<\/tr>\n<tr>\n<td>Nastaviteln\u00fd \u00fab\u011br<\/td>\n<td>0-1,5 mm<\/td>\n<\/tr>\n<tr>\n<td>Hloubka polodr\u00e1\u017eky<\/td>\n<td>0 &#8211; 18 mm<\/td>\n<\/tr>\n<tr>\n<td>Hladina akustick\u00e9ho tlaku (LpA)<\/td>\n<td>95,2 dB<\/td>\n<\/tr>\n<tr>\n<td>Hladina akustick\u00e9ho v\u00fdkonu (LwA)<\/td>\n<td>106,2 dB<\/td>\n<\/tr>\n<tr>\n<td>Izolace<\/td>\n<td>t\u0159\u00edda ochrany II<\/td>\n<\/tr>\n<tr>\n<td>Kryt\u00ed<\/td>\n<td>IPX0<\/td>\n<\/tr>\n<tr>\n<td>Rozm\u011br produktu<\/td>\n<td>305x170x180 mm<\/td>\n<\/tr>\n<tr>\n<td>Ostatn\u00ed vlastnosti<\/td>\n<td>elektronick\u00e1 regulace rychlosti, ods\u00e1v\u00e1n\u00ed do vaku<\/td>\n<\/tr>\n<tr>\n<td>Sou\u010d\u00e1st balen\u00ed<\/td>\n<td>prachov\u00fd vak, vod\u00edc\u00ed li\u0161ta, imbus, servisn\u00ed kl\u00ed\u010d<\/td>\n<\/tr>\n<tr>\n<td>Prodejn\u00ed obal<\/td>\n<td>krabice<\/td>\n<\/tr>\n<tr>\n<td>Hmotnost bez baterie<\/td>\n<td>2,3 kg<\/td>\n<\/tr><\/div>\n<\/table>\n","protected":false},"excerpt":{"rendered":"<p>Akumul\u00e1torovy\u0301 hobl\u00edk je vhodny\u0301 zejm\u00e9na pro pr\u00e1ci se d\u0159evem. Silny\u0301 motor zaji\u0161\u0165uje del\u0161\u00ed pou\u017eit\u00ed na jedno nabit\u00ed akumul\u00e1toru. Vy\u0301hodou hobl\u00edku je ergonomick\u00e1 pogumovan\u00e1 rukoje\u0165, kter\u00e1 zaji\u0161\u0165uje pohodln\u00e9 dr\u017een\u00ed p\u0159i pr\u00e1ci. Hobl\u00edk m\u00e1 nastaven\u00ed \u00fab\u011bru 0 \u2013 1,5 mm. Hobl\u00edk je bez akumul\u00e1toru a nab\u00edje\u010dky. Nab\u00edje\u010dku a samostatn\u00e9 akumul\u00e1tory je mo\u017en\u00e9 dokoupit zvl\u00e1\u0161\u0165. Nap\u011bt\u00ed 18 V [&hellip;]<\/p>\n","protected":false},"featured_media":78021,"comment_status":"open","ping_status":"open","template":"","meta":[],"product_brand":[],"product_cat":[43],"product_tag":[],"class_list":{"0":"post-77921","1":"product","2":"type-product","3":"status-publish","4":"has-post-thumbnail","6":"product_cat-naradi","8":"first","9":"instock","10":"sale","11":"shipping-taxable","12":"purchasable","13":"product-type-simple"},"yoast_head":"<!-- This site is optimized with the Yoast SEO plugin v26.8 - https:\/\/yoast.com\/product\/yoast-seo-wordpress\/ -->\n<title>Akce Xtline XT102750 Aku hobl\u00edk 18V -<\/title>\n<meta name=\"robots\" content=\"index, follow, max-snippet:-1, max-image-preview:large, max-video-preview:-1\" \/>\n<link rel=\"canonical\" href=\"https:\/\/www.koupeltech.com\/index.php\/produkt\/akce-xtline-xt102750-aku-hoblik-18v-77921\/\" \/>\n<meta property=\"og:locale\" content=\"cs_CZ\" \/>\n<meta property=\"og:type\" content=\"article\" \/>\n<meta property=\"og:title\" content=\"Akce Xtline XT102750 Aku hobl\u00edk 18V -\" \/>\n<meta property=\"og:description\" content=\"Akumul\u00e1torovy\u0301 hobl\u00edk je vhodny\u0301 zejm\u00e9na pro pr\u00e1ci se d\u0159evem. Silny\u0301 motor zaji\u0161\u0165uje del\u0161\u00ed pou\u017eit\u00ed na jedno nabit\u00ed akumul\u00e1toru. Vy\u0301hodou hobl\u00edku je ergonomick\u00e1 pogumovan\u00e1 rukoje\u0165, kter\u00e1 zaji\u0161\u0165uje pohodln\u00e9 dr\u017een\u00ed p\u0159i pr\u00e1ci. Hobl\u00edk m\u00e1 nastaven\u00ed \u00fab\u011bru 0 \u2013 1,5 mm. Hobl\u00edk je bez akumul\u00e1toru a nab\u00edje\u010dky. Nab\u00edje\u010dku a samostatn\u00e9 akumul\u00e1tory je mo\u017en\u00e9 dokoupit zvl\u00e1\u0161\u0165. Nap\u011bt\u00ed 18 V [&hellip;]\" \/>\n<meta property=\"og:url\" content=\"https:\/\/www.koupeltech.com\/index.php\/produkt\/akce-xtline-xt102750-aku-hoblik-18v-77921\/\" \/>\n<meta property=\"og:image\" content=\"https:\/\/www.koupeltech.com\/wp-content\/uploads\/2026\/SK0028733-CZ20260425-092328-0-1777080210-21552_xt102750_20230116_1811.webp\" \/>\n\t<meta property=\"og:image:width\" content=\"800\" \/>\n\t<meta property=\"og:image:height\" content=\"800\" \/>\n\t<meta property=\"og:image:type\" content=\"image\/webp\" \/>\n<meta name=\"twitter:card\" content=\"summary_large_image\" \/>\n<meta name=\"twitter:label1\" content=\"Odhadovan\u00e1 doba \u010dten\u00ed\" \/>\n\t<meta name=\"twitter:data1\" content=\"1 minuta\" \/>\n<script type=\"application\/ld+json\" class=\"yoast-schema-graph\">{\"@context\":\"https:\/\/schema.org\",\"@graph\":[{\"@type\":\"WebPage\",\"@id\":\"https:\/\/www.koupeltech.com\/index.php\/produkt\/akce-xtline-xt102750-aku-hoblik-18v-77921\/\",\"url\":\"https:\/\/www.koupeltech.com\/index.php\/produkt\/akce-xtline-xt102750-aku-hoblik-18v-77921\/\",\"name\":\"Akce Xtline XT102750 Aku hobl\u00edk 18V -\",\"isPartOf\":{\"@id\":\"https:\/\/www.koupeltech.com\/#website\"},\"primaryImageOfPage\":{\"@id\":\"https:\/\/www.koupeltech.com\/index.php\/produkt\/akce-xtline-xt102750-aku-hoblik-18v-77921\/#primaryimage\"},\"image\":{\"@id\":\"https:\/\/www.koupeltech.com\/index.php\/produkt\/akce-xtline-xt102750-aku-hoblik-18v-77921\/#primaryimage\"},\"thumbnailUrl\":\"https:\/\/www.koupeltech.com\/wp-content\/uploads\/2026\/SK0028733-CZ20260425-092328-0-1777080210-21552_xt102750_20230116_1811.webp\",\"datePublished\":\"2026-04-27T14:07:58+00:00\",\"breadcrumb\":{\"@id\":\"https:\/\/www.koupeltech.com\/index.php\/produkt\/akce-xtline-xt102750-aku-hoblik-18v-77921\/#breadcrumb\"},\"inLanguage\":\"cs\",\"potentialAction\":[{\"@type\":\"ReadAction\",\"target\":[\"https:\/\/www.koupeltech.com\/index.php\/produkt\/akce-xtline-xt102750-aku-hoblik-18v-77921\/\"]}]},{\"@type\":\"ImageObject\",\"inLanguage\":\"cs\",\"@id\":\"https:\/\/www.koupeltech.com\/index.php\/produkt\/akce-xtline-xt102750-aku-hoblik-18v-77921\/#primaryimage\",\"url\":\"https:\/\/www.koupeltech.com\/wp-content\/uploads\/2026\/SK0028733-CZ20260425-092328-0-1777080210-21552_xt102750_20230116_1811.webp\",\"contentUrl\":\"https:\/\/www.koupeltech.com\/wp-content\/uploads\/2026\/SK0028733-CZ20260425-092328-0-1777080210-21552_xt102750_20230116_1811.webp\",\"width\":800,\"height\":800},{\"@type\":\"BreadcrumbList\",\"@id\":\"https:\/\/www.koupeltech.com\/index.php\/produkt\/akce-xtline-xt102750-aku-hoblik-18v-77921\/#breadcrumb\",\"itemListElement\":[{\"@type\":\"ListItem\",\"position\":1,\"name\":\"Home\",\"item\":\"https:\/\/www.koupeltech.com\/\"},{\"@type\":\"ListItem\",\"position\":2,\"name\":\"Products\",\"item\":\"https:\/\/www.koupeltech.com\/index.php\/products\/\"},{\"@type\":\"ListItem\",\"position\":3,\"name\":\"Akce Xtline XT102750 Aku hobl\u00edk 18V\"}]},{\"@type\":\"WebSite\",\"@id\":\"https:\/\/www.koupeltech.com\/#website\",\"url\":\"https:\/\/www.koupeltech.com\/\",\"name\":\"\",\"description\":\"\",\"potentialAction\":[{\"@type\":\"SearchAction\",\"target\":{\"@type\":\"EntryPoint\",\"urlTemplate\":\"https:\/\/www.koupeltech.com\/?s={search_term_string}\"},\"query-input\":{\"@type\":\"PropertyValueSpecification\",\"valueRequired\":true,\"valueName\":\"search_term_string\"}}],\"inLanguage\":\"cs\"}]}<\/script>\n<!-- \/ Yoast SEO plugin. -->","yoast_head_json":{"title":"Akce Xtline XT102750 Aku hobl\u00edk 18V -","robots":{"index":"index","follow":"follow","max-snippet":"max-snippet:-1","max-image-preview":"max-image-preview:large","max-video-preview":"max-video-preview:-1"},"canonical":"https:\/\/www.koupeltech.com\/index.php\/produkt\/akce-xtline-xt102750-aku-hoblik-18v-77921\/","og_locale":"cs_CZ","og_type":"article","og_title":"Akce Xtline XT102750 Aku hobl\u00edk 18V -","og_description":"Akumul\u00e1torovy\u0301 hobl\u00edk je vhodny\u0301 zejm\u00e9na pro pr\u00e1ci se d\u0159evem. Silny\u0301 motor zaji\u0161\u0165uje del\u0161\u00ed pou\u017eit\u00ed na jedno nabit\u00ed akumul\u00e1toru. Vy\u0301hodou hobl\u00edku je ergonomick\u00e1 pogumovan\u00e1 rukoje\u0165, kter\u00e1 zaji\u0161\u0165uje pohodln\u00e9 dr\u017een\u00ed p\u0159i pr\u00e1ci. Hobl\u00edk m\u00e1 nastaven\u00ed \u00fab\u011bru 0 \u2013 1,5 mm. Hobl\u00edk je bez akumul\u00e1toru a nab\u00edje\u010dky. Nab\u00edje\u010dku a samostatn\u00e9 akumul\u00e1tory je mo\u017en\u00e9 dokoupit zvl\u00e1\u0161\u0165. Nap\u011bt\u00ed 18 V [&hellip;]","og_url":"https:\/\/www.koupeltech.com\/index.php\/produkt\/akce-xtline-xt102750-aku-hoblik-18v-77921\/","og_image":[{"width":800,"height":800,"url":"https:\/\/www.koupeltech.com\/wp-content\/uploads\/2026\/SK0028733-CZ20260425-092328-0-1777080210-21552_xt102750_20230116_1811.webp","type":"image\/webp"}],"twitter_card":"summary_large_image","twitter_misc":{"Odhadovan\u00e1 doba \u010dten\u00ed":"1 minuta"},"schema":{"@context":"https:\/\/schema.org","@graph":[{"@type":"WebPage","@id":"https:\/\/www.koupeltech.com\/index.php\/produkt\/akce-xtline-xt102750-aku-hoblik-18v-77921\/","url":"https:\/\/www.koupeltech.com\/index.php\/produkt\/akce-xtline-xt102750-aku-hoblik-18v-77921\/","name":"Akce Xtline XT102750 Aku hobl\u00edk 18V -","isPartOf":{"@id":"https:\/\/www.koupeltech.com\/#website"},"primaryImageOfPage":{"@id":"https:\/\/www.koupeltech.com\/index.php\/produkt\/akce-xtline-xt102750-aku-hoblik-18v-77921\/#primaryimage"},"image":{"@id":"https:\/\/www.koupeltech.com\/index.php\/produkt\/akce-xtline-xt102750-aku-hoblik-18v-77921\/#primaryimage"},"thumbnailUrl":"https:\/\/www.koupeltech.com\/wp-content\/uploads\/2026\/SK0028733-CZ20260425-092328-0-1777080210-21552_xt102750_20230116_1811.webp","datePublished":"2026-04-27T14:07:58+00:00","breadcrumb":{"@id":"https:\/\/www.koupeltech.com\/index.php\/produkt\/akce-xtline-xt102750-aku-hoblik-18v-77921\/#breadcrumb"},"inLanguage":"cs","potentialAction":[{"@type":"ReadAction","target":["https:\/\/www.koupeltech.com\/index.php\/produkt\/akce-xtline-xt102750-aku-hoblik-18v-77921\/"]}]},{"@type":"ImageObject","inLanguage":"cs","@id":"https:\/\/www.koupeltech.com\/index.php\/produkt\/akce-xtline-xt102750-aku-hoblik-18v-77921\/#primaryimage","url":"https:\/\/www.koupeltech.com\/wp-content\/uploads\/2026\/SK0028733-CZ20260425-092328-0-1777080210-21552_xt102750_20230116_1811.webp","contentUrl":"https:\/\/www.koupeltech.com\/wp-content\/uploads\/2026\/SK0028733-CZ20260425-092328-0-1777080210-21552_xt102750_20230116_1811.webp","width":800,"height":800},{"@type":"BreadcrumbList","@id":"https:\/\/www.koupeltech.com\/index.php\/produkt\/akce-xtline-xt102750-aku-hoblik-18v-77921\/#breadcrumb","itemListElement":[{"@type":"ListItem","position":1,"name":"Home","item":"https:\/\/www.koupeltech.com\/"},{"@type":"ListItem","position":2,"name":"Products","item":"https:\/\/www.koupeltech.com\/index.php\/products\/"},{"@type":"ListItem","position":3,"name":"Akce Xtline XT102750 Aku hobl\u00edk 18V"}]},{"@type":"WebSite","@id":"https:\/\/www.koupeltech.com\/#website","url":"https:\/\/www.koupeltech.com\/","name":"","description":"","potentialAction":[{"@type":"SearchAction","target":{"@type":"EntryPoint","urlTemplate":"https:\/\/www.koupeltech.com\/?s={search_term_string}"},"query-input":{"@type":"PropertyValueSpecification","valueRequired":true,"valueName":"search_term_string"}}],"inLanguage":"cs"}]}},"_links":{"self":[{"href":"https:\/\/www.koupeltech.com\/index.php\/wp-json\/wp\/v2\/product\/77921","targetHints":{"allow":["GET"]}}],"collection":[{"href":"https:\/\/www.koupeltech.com\/index.php\/wp-json\/wp\/v2\/product"}],"about":[{"href":"https:\/\/www.koupeltech.com\/index.php\/wp-json\/wp\/v2\/types\/product"}],"replies":[{"embeddable":true,"href":"https:\/\/www.koupeltech.com\/index.php\/wp-json\/wp\/v2\/comments?post=77921"}],"wp:featuredmedia":[{"embeddable":true,"href":"https:\/\/www.koupeltech.com\/index.php\/wp-json\/wp\/v2\/media\/78021"}],"wp:attachment":[{"href":"https:\/\/www.koupeltech.com\/index.php\/wp-json\/wp\/v2\/media?parent=77921"}],"wp:term":[{"taxonomy":"product_brand","embeddable":true,"href":"https:\/\/www.koupeltech.com\/index.php\/wp-json\/wp\/v2\/product_brand?post=77921"},{"taxonomy":"product_cat","embeddable":true,"href":"https:\/\/www.koupeltech.com\/index.php\/wp-json\/wp\/v2\/product_cat?post=77921"},{"taxonomy":"product_tag","embeddable":true,"href":"https:\/\/www.koupeltech.com\/index.php\/wp-json\/wp\/v2\/product_tag?post=77921"}],"curies":[{"name":"wp","href":"https:\/\/api.w.org\/{rel}","templated":true}]}}