{"id":77929,"date":"2026-04-27T14:07:58","date_gmt":"2026-04-27T14:07:58","guid":{"rendered":""},"modified":"2026-04-27T14:07:58","modified_gmt":"2026-04-27T14:07:58","slug":"zlevneny-xtline-xt611ek-zebrik-trojdilny-3x11-77929","status":"publish","type":"product","link":"https:\/\/www.koupeltech.com\/index.php\/produkt\/zlevneny-xtline-xt611ek-zebrik-trojdilny-3x11-77929\/","title":{"rendered":"Zlevn\u011bn\u00fd XTline XT611EK \u017eeb\u0159\u00edk trojd\u00edln\u00fd | 3X11"},"content":{"rendered":"<table>\n<div class=\"tab-pane active product-description\" id=\"popis\" role=\"tabpanel\">\n<div class=\"short-description\" itemprop=\"description\"><\/div>\n<div class=\"description\">\n<p><span class=\"bullet-line\">Trojd\u00edln\u00fd \u017eeb\u0159\u00edk vynik\u00e1 svou univerz\u00e1lnost\u00ed a rychlou a snadnou manipulac\u00ed.<\/span><br \/><span class=\"bullet-line\">Lze pou\u017e\u00edt jako jednoduch\u00fd, dvojit\u00fd nebo trojit\u00fd v\u00fdsuvn\u00fd a samostatn\u011b stoj\u00edc\u00ed \u017eeb\u0159\u00edk.&nbsp;<\/span><br \/><span class=\"bullet-line\">V poloze \u0161tafl\u00ed nab\u00edz\u00ed zv\u011bt\u0161en\u00ed dosahu pomoc\u00ed vysunut\u00ed pohybliv\u00e9ho d\u00edlu.&nbsp;<\/span><br \/><span class=\"bullet-line\">\u017deb\u0159\u00edk lze postavit na schody, meze a v\u00fd\u0161kov\u011b rozd\u00edln\u00e9 ter\u00e9ny.<\/span><br \/><span class=\"bullet-line\">Kvalitn\u00ed hlin\u00edkov\u00e9 profily s prolisy umo\u017e\u0148uj\u00ed p\u0159i n\u00edzk\u00e9 v\u00e1ze \u017eeb\u0159\u00edku jeho tuhost p\u0159i pou\u017e\u00edv\u00e1n\u00ed.<\/span><br \/><span class=\"bullet-line\">Pojistka pro zaji\u0161t\u011bn\u00ed jednotliv\u00fdch d\u00edl\u016f \u017eeb\u0159\u00edku.&nbsp;<\/span><br \/><span class=\"bullet-line\">Mo\u017enost vyu\u017eit\u00ed \u017eeb\u0159\u00edku ke schodov\u00e9 \u00faprav\u011b.<\/span><br \/>&nbsp;<\/p>\n<\/div>\n<div class=\"parameters\">\n<tr>\n<td>V\u00fd\u0161ka v nerozlo\u017een\u00e9m stavu<\/td>\n<td>2950 mm<\/td>\n<\/tr>\n<tr>\n<td>Max. v\u00fd\u0161ka v rozlo\u017een\u00e9m stavu<\/td>\n<td>6070 mm<\/td>\n<\/tr>\n<tr>\n<td>Po\u010det p\u0159\u00ed\u010dek<\/td>\n<td>11<\/td>\n<\/tr>\n<tr>\n<td>Max. nosnost<\/td>\n<td>150 kg<\/td>\n<\/tr>\n<tr>\n<td>Hmotnost<\/td>\n<td>17 kg<\/td>\n<\/tr><\/div>\n<\/table>\n","protected":false},"excerpt":{"rendered":"<p>Trojd\u00edln\u00fd \u017eeb\u0159\u00edk vynik\u00e1 svou univerz\u00e1lnost\u00ed a rychlou a snadnou manipulac\u00ed.Lze pou\u017e\u00edt jako jednoduch\u00fd, dvojit\u00fd nebo trojit\u00fd v\u00fdsuvn\u00fd a samostatn\u011b stoj\u00edc\u00ed \u017eeb\u0159\u00edk.&nbsp;V poloze \u0161tafl\u00ed nab\u00edz\u00ed zv\u011bt\u0161en\u00ed dosahu pomoc\u00ed vysunut\u00ed pohybliv\u00e9ho d\u00edlu.&nbsp;\u017deb\u0159\u00edk lze postavit na schody, meze a v\u00fd\u0161kov\u011b rozd\u00edln\u00e9 ter\u00e9ny.Kvalitn\u00ed hlin\u00edkov\u00e9 profily s prolisy umo\u017e\u0148uj\u00ed p\u0159i n\u00edzk\u00e9 v\u00e1ze \u017eeb\u0159\u00edku jeho tuhost p\u0159i pou\u017e\u00edv\u00e1n\u00ed.Pojistka pro zaji\u0161t\u011bn\u00ed jednotliv\u00fdch [&hellip;]<\/p>\n","protected":false},"featured_media":78029,"comment_status":"open","ping_status":"open","template":"","meta":[],"product_brand":[],"product_cat":[50],"product_tag":[],"class_list":{"0":"post-77929","1":"product","2":"type-product","3":"status-publish","4":"has-post-thumbnail","6":"product_cat-stavebni-technika","8":"first","9":"instock","10":"sale","11":"shipping-taxable","12":"purchasable","13":"product-type-simple"},"yoast_head":"<!-- This site is optimized with the Yoast SEO plugin v26.8 - https:\/\/yoast.com\/product\/yoast-seo-wordpress\/ -->\n<title>Zlevn\u011bn\u00fd XTline XT611EK \u017eeb\u0159\u00edk trojd\u00edln\u00fd | 3X11 -<\/title>\n<meta name=\"robots\" content=\"index, follow, max-snippet:-1, max-image-preview:large, max-video-preview:-1\" \/>\n<link rel=\"canonical\" href=\"https:\/\/www.koupeltech.com\/index.php\/produkt\/zlevneny-xtline-xt611ek-zebrik-trojdilny-3x11-77929\/\" \/>\n<meta property=\"og:locale\" content=\"cs_CZ\" \/>\n<meta property=\"og:type\" content=\"article\" \/>\n<meta property=\"og:title\" content=\"Zlevn\u011bn\u00fd XTline XT611EK \u017eeb\u0159\u00edk trojd\u00edln\u00fd | 3X11 -\" \/>\n<meta property=\"og:description\" content=\"Trojd\u00edln\u00fd \u017eeb\u0159\u00edk vynik\u00e1 svou univerz\u00e1lnost\u00ed a rychlou a snadnou manipulac\u00ed.Lze pou\u017e\u00edt jako jednoduch\u00fd, dvojit\u00fd nebo trojit\u00fd v\u00fdsuvn\u00fd a samostatn\u011b stoj\u00edc\u00ed \u017eeb\u0159\u00edk.&nbsp;V poloze \u0161tafl\u00ed nab\u00edz\u00ed zv\u011bt\u0161en\u00ed dosahu pomoc\u00ed vysunut\u00ed pohybliv\u00e9ho d\u00edlu.&nbsp;\u017deb\u0159\u00edk lze postavit na schody, meze a v\u00fd\u0161kov\u011b rozd\u00edln\u00e9 ter\u00e9ny.Kvalitn\u00ed hlin\u00edkov\u00e9 profily s prolisy umo\u017e\u0148uj\u00ed p\u0159i n\u00edzk\u00e9 v\u00e1ze \u017eeb\u0159\u00edku jeho tuhost p\u0159i pou\u017e\u00edv\u00e1n\u00ed.Pojistka pro zaji\u0161t\u011bn\u00ed jednotliv\u00fdch [&hellip;]\" \/>\n<meta property=\"og:url\" content=\"https:\/\/www.koupeltech.com\/index.php\/produkt\/zlevneny-xtline-xt611ek-zebrik-trojdilny-3x11-77929\/\" \/>\n<meta property=\"og:image\" content=\"https:\/\/www.koupeltech.com\/wp-content\/uploads\/2026\/SK0028741-CZ20260425-092328-0-1777080210-snimek-obrazovky-2023-07-13-104701.webp\" \/>\n\t<meta property=\"og:image:width\" content=\"218\" \/>\n\t<meta property=\"og:image:height\" content=\"561\" \/>\n\t<meta property=\"og:image:type\" content=\"image\/webp\" \/>\n<meta name=\"twitter:card\" content=\"summary_large_image\" \/>\n<meta name=\"twitter:label1\" content=\"Odhadovan\u00e1 doba \u010dten\u00ed\" \/>\n\t<meta name=\"twitter:data1\" content=\"1 minuta\" \/>\n<script type=\"application\/ld+json\" class=\"yoast-schema-graph\">{\"@context\":\"https:\/\/schema.org\",\"@graph\":[{\"@type\":\"WebPage\",\"@id\":\"https:\/\/www.koupeltech.com\/index.php\/produkt\/zlevneny-xtline-xt611ek-zebrik-trojdilny-3x11-77929\/\",\"url\":\"https:\/\/www.koupeltech.com\/index.php\/produkt\/zlevneny-xtline-xt611ek-zebrik-trojdilny-3x11-77929\/\",\"name\":\"Zlevn\u011bn\u00fd XTline XT611EK \u017eeb\u0159\u00edk trojd\u00edln\u00fd | 3X11 -\",\"isPartOf\":{\"@id\":\"https:\/\/www.koupeltech.com\/#website\"},\"primaryImageOfPage\":{\"@id\":\"https:\/\/www.koupeltech.com\/index.php\/produkt\/zlevneny-xtline-xt611ek-zebrik-trojdilny-3x11-77929\/#primaryimage\"},\"image\":{\"@id\":\"https:\/\/www.koupeltech.com\/index.php\/produkt\/zlevneny-xtline-xt611ek-zebrik-trojdilny-3x11-77929\/#primaryimage\"},\"thumbnailUrl\":\"https:\/\/www.koupeltech.com\/wp-content\/uploads\/2026\/SK0028741-CZ20260425-092328-0-1777080210-snimek-obrazovky-2023-07-13-104701.webp\",\"datePublished\":\"2026-04-27T14:07:58+00:00\",\"breadcrumb\":{\"@id\":\"https:\/\/www.koupeltech.com\/index.php\/produkt\/zlevneny-xtline-xt611ek-zebrik-trojdilny-3x11-77929\/#breadcrumb\"},\"inLanguage\":\"cs\",\"potentialAction\":[{\"@type\":\"ReadAction\",\"target\":[\"https:\/\/www.koupeltech.com\/index.php\/produkt\/zlevneny-xtline-xt611ek-zebrik-trojdilny-3x11-77929\/\"]}]},{\"@type\":\"ImageObject\",\"inLanguage\":\"cs\",\"@id\":\"https:\/\/www.koupeltech.com\/index.php\/produkt\/zlevneny-xtline-xt611ek-zebrik-trojdilny-3x11-77929\/#primaryimage\",\"url\":\"https:\/\/www.koupeltech.com\/wp-content\/uploads\/2026\/SK0028741-CZ20260425-092328-0-1777080210-snimek-obrazovky-2023-07-13-104701.webp\",\"contentUrl\":\"https:\/\/www.koupeltech.com\/wp-content\/uploads\/2026\/SK0028741-CZ20260425-092328-0-1777080210-snimek-obrazovky-2023-07-13-104701.webp\",\"width\":218,\"height\":561},{\"@type\":\"BreadcrumbList\",\"@id\":\"https:\/\/www.koupeltech.com\/index.php\/produkt\/zlevneny-xtline-xt611ek-zebrik-trojdilny-3x11-77929\/#breadcrumb\",\"itemListElement\":[{\"@type\":\"ListItem\",\"position\":1,\"name\":\"Home\",\"item\":\"https:\/\/www.koupeltech.com\/\"},{\"@type\":\"ListItem\",\"position\":2,\"name\":\"Products\",\"item\":\"https:\/\/www.koupeltech.com\/index.php\/products\/\"},{\"@type\":\"ListItem\",\"position\":3,\"name\":\"Zlevn\u011bn\u00fd XTline XT611EK \u017eeb\u0159\u00edk trojd\u00edln\u00fd | 3X11\"}]},{\"@type\":\"WebSite\",\"@id\":\"https:\/\/www.koupeltech.com\/#website\",\"url\":\"https:\/\/www.koupeltech.com\/\",\"name\":\"\",\"description\":\"\",\"potentialAction\":[{\"@type\":\"SearchAction\",\"target\":{\"@type\":\"EntryPoint\",\"urlTemplate\":\"https:\/\/www.koupeltech.com\/?s={search_term_string}\"},\"query-input\":{\"@type\":\"PropertyValueSpecification\",\"valueRequired\":true,\"valueName\":\"search_term_string\"}}],\"inLanguage\":\"cs\"}]}<\/script>\n<!-- \/ Yoast SEO plugin. -->","yoast_head_json":{"title":"Zlevn\u011bn\u00fd XTline XT611EK \u017eeb\u0159\u00edk trojd\u00edln\u00fd | 3X11 -","robots":{"index":"index","follow":"follow","max-snippet":"max-snippet:-1","max-image-preview":"max-image-preview:large","max-video-preview":"max-video-preview:-1"},"canonical":"https:\/\/www.koupeltech.com\/index.php\/produkt\/zlevneny-xtline-xt611ek-zebrik-trojdilny-3x11-77929\/","og_locale":"cs_CZ","og_type":"article","og_title":"Zlevn\u011bn\u00fd XTline XT611EK \u017eeb\u0159\u00edk trojd\u00edln\u00fd | 3X11 -","og_description":"Trojd\u00edln\u00fd \u017eeb\u0159\u00edk vynik\u00e1 svou univerz\u00e1lnost\u00ed a rychlou a snadnou manipulac\u00ed.Lze pou\u017e\u00edt jako jednoduch\u00fd, dvojit\u00fd nebo trojit\u00fd v\u00fdsuvn\u00fd a samostatn\u011b stoj\u00edc\u00ed \u017eeb\u0159\u00edk.&nbsp;V poloze \u0161tafl\u00ed nab\u00edz\u00ed zv\u011bt\u0161en\u00ed dosahu pomoc\u00ed vysunut\u00ed pohybliv\u00e9ho d\u00edlu.&nbsp;\u017deb\u0159\u00edk lze postavit na schody, meze a v\u00fd\u0161kov\u011b rozd\u00edln\u00e9 ter\u00e9ny.Kvalitn\u00ed hlin\u00edkov\u00e9 profily s prolisy umo\u017e\u0148uj\u00ed p\u0159i n\u00edzk\u00e9 v\u00e1ze \u017eeb\u0159\u00edku jeho tuhost p\u0159i pou\u017e\u00edv\u00e1n\u00ed.Pojistka pro zaji\u0161t\u011bn\u00ed jednotliv\u00fdch [&hellip;]","og_url":"https:\/\/www.koupeltech.com\/index.php\/produkt\/zlevneny-xtline-xt611ek-zebrik-trojdilny-3x11-77929\/","og_image":[{"width":218,"height":561,"url":"https:\/\/www.koupeltech.com\/wp-content\/uploads\/2026\/SK0028741-CZ20260425-092328-0-1777080210-snimek-obrazovky-2023-07-13-104701.webp","type":"image\/webp"}],"twitter_card":"summary_large_image","twitter_misc":{"Odhadovan\u00e1 doba \u010dten\u00ed":"1 minuta"},"schema":{"@context":"https:\/\/schema.org","@graph":[{"@type":"WebPage","@id":"https:\/\/www.koupeltech.com\/index.php\/produkt\/zlevneny-xtline-xt611ek-zebrik-trojdilny-3x11-77929\/","url":"https:\/\/www.koupeltech.com\/index.php\/produkt\/zlevneny-xtline-xt611ek-zebrik-trojdilny-3x11-77929\/","name":"Zlevn\u011bn\u00fd XTline XT611EK \u017eeb\u0159\u00edk trojd\u00edln\u00fd | 3X11 -","isPartOf":{"@id":"https:\/\/www.koupeltech.com\/#website"},"primaryImageOfPage":{"@id":"https:\/\/www.koupeltech.com\/index.php\/produkt\/zlevneny-xtline-xt611ek-zebrik-trojdilny-3x11-77929\/#primaryimage"},"image":{"@id":"https:\/\/www.koupeltech.com\/index.php\/produkt\/zlevneny-xtline-xt611ek-zebrik-trojdilny-3x11-77929\/#primaryimage"},"thumbnailUrl":"https:\/\/www.koupeltech.com\/wp-content\/uploads\/2026\/SK0028741-CZ20260425-092328-0-1777080210-snimek-obrazovky-2023-07-13-104701.webp","datePublished":"2026-04-27T14:07:58+00:00","breadcrumb":{"@id":"https:\/\/www.koupeltech.com\/index.php\/produkt\/zlevneny-xtline-xt611ek-zebrik-trojdilny-3x11-77929\/#breadcrumb"},"inLanguage":"cs","potentialAction":[{"@type":"ReadAction","target":["https:\/\/www.koupeltech.com\/index.php\/produkt\/zlevneny-xtline-xt611ek-zebrik-trojdilny-3x11-77929\/"]}]},{"@type":"ImageObject","inLanguage":"cs","@id":"https:\/\/www.koupeltech.com\/index.php\/produkt\/zlevneny-xtline-xt611ek-zebrik-trojdilny-3x11-77929\/#primaryimage","url":"https:\/\/www.koupeltech.com\/wp-content\/uploads\/2026\/SK0028741-CZ20260425-092328-0-1777080210-snimek-obrazovky-2023-07-13-104701.webp","contentUrl":"https:\/\/www.koupeltech.com\/wp-content\/uploads\/2026\/SK0028741-CZ20260425-092328-0-1777080210-snimek-obrazovky-2023-07-13-104701.webp","width":218,"height":561},{"@type":"BreadcrumbList","@id":"https:\/\/www.koupeltech.com\/index.php\/produkt\/zlevneny-xtline-xt611ek-zebrik-trojdilny-3x11-77929\/#breadcrumb","itemListElement":[{"@type":"ListItem","position":1,"name":"Home","item":"https:\/\/www.koupeltech.com\/"},{"@type":"ListItem","position":2,"name":"Products","item":"https:\/\/www.koupeltech.com\/index.php\/products\/"},{"@type":"ListItem","position":3,"name":"Zlevn\u011bn\u00fd XTline XT611EK \u017eeb\u0159\u00edk trojd\u00edln\u00fd | 3X11"}]},{"@type":"WebSite","@id":"https:\/\/www.koupeltech.com\/#website","url":"https:\/\/www.koupeltech.com\/","name":"","description":"","potentialAction":[{"@type":"SearchAction","target":{"@type":"EntryPoint","urlTemplate":"https:\/\/www.koupeltech.com\/?s={search_term_string}"},"query-input":{"@type":"PropertyValueSpecification","valueRequired":true,"valueName":"search_term_string"}}],"inLanguage":"cs"}]}},"_links":{"self":[{"href":"https:\/\/www.koupeltech.com\/index.php\/wp-json\/wp\/v2\/product\/77929","targetHints":{"allow":["GET"]}}],"collection":[{"href":"https:\/\/www.koupeltech.com\/index.php\/wp-json\/wp\/v2\/product"}],"about":[{"href":"https:\/\/www.koupeltech.com\/index.php\/wp-json\/wp\/v2\/types\/product"}],"replies":[{"embeddable":true,"href":"https:\/\/www.koupeltech.com\/index.php\/wp-json\/wp\/v2\/comments?post=77929"}],"wp:featuredmedia":[{"embeddable":true,"href":"https:\/\/www.koupeltech.com\/index.php\/wp-json\/wp\/v2\/media\/78029"}],"wp:attachment":[{"href":"https:\/\/www.koupeltech.com\/index.php\/wp-json\/wp\/v2\/media?parent=77929"}],"wp:term":[{"taxonomy":"product_brand","embeddable":true,"href":"https:\/\/www.koupeltech.com\/index.php\/wp-json\/wp\/v2\/product_brand?post=77929"},{"taxonomy":"product_cat","embeddable":true,"href":"https:\/\/www.koupeltech.com\/index.php\/wp-json\/wp\/v2\/product_cat?post=77929"},{"taxonomy":"product_tag","embeddable":true,"href":"https:\/\/www.koupeltech.com\/index.php\/wp-json\/wp\/v2\/product_tag?post=77929"}],"curies":[{"name":"wp","href":"https:\/\/api.w.org\/{rel}","templated":true}]}}