{"id":77955,"date":"2026-04-27T14:07:58","date_gmt":"2026-04-27T14:07:58","guid":{"rendered":""},"modified":"2026-04-27T14:07:58","modified_gmt":"2026-04-27T14:07:58","slug":"zlevneny-gude-stolni-amp-pokosova-pila-tkgs-254-2-77955","status":"publish","type":"product","link":"https:\/\/www.koupeltech.com\/index.php\/produkt\/zlevneny-gude-stolni-amp-pokosova-pila-tkgs-254-2-77955\/","title":{"rendered":"Zlevn\u011bn\u00fd G\u00dcDE Stoln\u00ed &amp; pokosov\u00e1 pila TKGS 254.2"},"content":{"rendered":"<table>\n<div class=\"tab-pane active product-description\" id=\"popis\" role=\"tabpanel\">\n<div class=\"short-description\" itemprop=\"description\"><\/div>\n<div class=\"description\"><span class='bullet-line'>Kombinovan\u00e1 (stoln\u00ed &#8211; pokosov\u00e1) pila, ur\u010den\u00e1 k p\u0159esn\u00e9mu \u0159ez\u00e1n\u00ed stavebn\u00edho d\u0159eva a deskov\u00fdch materi\u00e1l\u016f.<br \/><\/span><span class='bullet-line'>Pod\u00e9ln\u00e9 nebo p\u0159\u00ed\u010dn\u00e9 roz\u0159\u00edznut\u00ed prken, DTD, DVD ad. desek (max. \u0159ezn\u00e1 v\u00fd\u0161ka: 60 mm) \u2022 \u0159ez\u00e1n\u00ed li\u0161t, lat\u00ed, hranol\u016f aj. na pokos (dvojit\u00fd pokos) v rozsahu 45\u00b0 \u2022 s pln\u00fdm uplatn\u011bn\u00edm v dom\u00e1c\u00edch d\u00edln\u00e1ch, p\u0159i p\u0159estavb\u00e1ch interi\u00e9r\u016f ap.<br \/><\/span><span class='bullet-line'>Rychl\u00e1 (snadn\u00e1) zm\u011bna provozn\u00edch re\u017eim\u016f pily z okru\u017en\u00ed na zkracovac\u00ed (a naopak) pomoc\u00ed zaji\u0161\u0165ovac\u00edho \u0161roubu \u2022 zkosen\u00e9 \u0159ezy zleva (L 45\u00b0 &#8211; 0\u00b0) i zprava (R 0\u00b0 &#8211; 45\u00b0) z\u00e1sluhou oboustrann\u00e9ho nakl\u00e1n\u011bn\u00ed pilov\u00e9ho kotou\u010de.  <br \/><\/span><span class='bullet-line'>SOFT START &#8211; elektronicky \u0159\u00edzen\u00fd (pozvoln\u00fd) rozb\u011bh motoru \u2022 pilov\u00fd kotou\u010d s b\u0159itov\u00fdmi desti\u010dkami ze slinut\u00e9ho karbidu (254 x 30 x 2,6 mm &#8211; 48 z) \u2022 vyzna\u010den\u00ed linie \u0159ezu laserem.<br \/><\/span><span class='bullet-line'>St\u016fl okru\u017en\u00ed pily (vrchn\u00ed) se staviteln\u00fdm pod\u00e9ln\u00fdm &#8211; \u00fahlovac\u00edm dorazem \u2022 oto\u010dn\u00fd \u0159ezac\u00ed st\u016fl, zaru\u010duj\u00edc\u00ed precizn\u00ed zkr\u00e1cen\u00ed \u0159eziva p\u0159\u00ed\u010dn\u011b i na pokos.<br \/><\/span><span class='bullet-line'>Motor 1.800 W\/P1, s\u00ed\u0165ov\u00fd kabel H05 VV-F 1,6 m.<br \/><\/span><br \/>\u27a4 Konstrukce:<span class='bullet-line'>stabiln\u00ed podstavec, ochrann\u00e9 kryty kotou\u010de, v\u00fdsuvn\u00e9 op\u011brky del\u0161\u00edch obrobk\u016f, \u0161roubov\u00e1 up\u00ednac\u00ed svorka, p\u0159\u00edpojky ods\u00e1v\u00e1n\u00ed, p\u0159epravn\u00ed pojistka zaji\u0161\u0165uj\u00edc\u00ed bezpe\u010dn\u00e9 (pohodln\u00e9) p\u0159en\u00e1\u0161en\u00ed.   <br \/><\/span><br \/>\u27a4 P\u0159\u00edslu\u0161enstv\u00ed:<span class='bullet-line'>prachov\u00fd pytl\u00edk, posunovac\u00ed ty\u010d.<br \/><\/span><br \/>\u27a4 Celkov\u00e9 rozm\u011bry (d x \u0161 x v):<span class='bullet-line'>740 x 650 x 650 mm, max. \u0159ezn\u00fd v\u00fdkon 90 &#8211; 45\u00b0: 48 x 130 mm \u2022 45 &#8211; 45\u00b0: 48 x 83 mm, hladina akustick\u00e9ho v\u00fdkonu LWA: 108 dB (A).<br \/><\/span><br \/>\u27a4 Mo\u017en\u00e9 dopl\u0148ky:<br \/>\u2022\t#55263 pilov\u00fd kotou\u010d na d\u0159evo HM 255x30x60Z\/&#8220;<br \/>\u2022\t#55264 Pilov\u00fd kotou\u010d na d\u0159evo HM 255x30x40Z\/&#8220;<br \/>\u2022\t#55163 pilov\u00fd kotou\u010d na d\u0159evo HM 254x30x24Z\/&#8220;<\/div>\n<div class=\"parameters\">\n<tr>\n<td>S\u00ed\u0165ov\u00e9 nap\u011bt\u00ed:<\/td>\n<td>230V<\/td>\n<\/tr>\n<tr>\n<td>Frekvence:<\/td>\n<td>50 Hz<\/td>\n<\/tr>\n<tr>\n<td>V\u00fdkon motoru (P1):<\/td>\n<td>1,8 kW<\/td>\n<\/tr>\n<tr>\n<td>V\u00fdkon motoru (P1):<\/td>\n<td>1800W<\/td>\n<\/tr>\n<tr>\n<td>rychlost motoru:<\/td>\n<td>4800 ot.\/min<\/td>\n<\/tr>\n<tr>\n<td>stoln\u00ed pila<\/td>\n<td><\/td>\n<\/tr>\n<tr>\n<td>V\u00fd\u0161ka \u0159ezu (p\u0159i 90\u00b0):<\/td>\n<td>60 mm<\/td>\n<\/tr>\n<tr>\n<td>\u0160\u00ed\u0159ka stolu:<\/td>\n<td>335 mm<\/td>\n<\/tr>\n<tr>\n<td>Hloubka stolu:<\/td>\n<td>455 mm<\/td>\n<\/tr>\n<tr>\n<td>V\u00fd\u0161ka stolu:<\/td>\n<td>300 mm<\/td>\n<\/tr>\n<tr>\n<td>\u0159ezac\u00ed pila<\/td>\n<td><\/td>\n<\/tr>\n<tr>\n<td>Rozsah \u0159ezu (p\u0159i 45\u00b0\/45\u00b0):<\/td>\n<td>48 x 38 (vlevo) | 48 x 83 (vpravo) mm<\/td>\n<\/tr>\n<tr>\n<td>Rozsah \u0159ezu (p\u0159i 45\u00b0\/90\u00b0):<\/td>\n<td>70 x 85 (vlevo) | 70 x 64 (vpravo) mm<\/td>\n<\/tr>\n<tr>\n<td>Rozsah \u0159ezu (p\u0159i 90\u00b0\/45\u00b0):<\/td>\n<td>Rozm\u011br 48 x 130 mm<\/td>\n<\/tr>\n<tr>\n<td>Rozsah \u0159ezu (p\u0159i 90\u00b0\/90\u00b0):<\/td>\n<td>70 x 130 mm<\/td>\n<\/tr>\n<tr>\n<td>\u00d8 pilov\u00e9ho kotou\u010de:<\/td>\n<td>254 mm<\/td>\n<\/tr>\n<tr>\n<td>Vrt\u00e1n\u00ed pilov\u00e9ho kotou\u010de:<\/td>\n<td>30 mm<\/td>\n<\/tr>\n<tr>\n<td>Po\u010det zub\u016f:<\/td>\n<td>48<\/td>\n<\/tr>\n<tr>\n<td>max. v\u00fd\u0161ka se\u010den\u00ed::<\/td>\n<td>60 mm<\/td>\n<\/tr>\n<tr>\n<td>D\u00e9lka:<\/td>\n<td>740 mm<\/td>\n<\/tr>\n<tr>\n<td>\u0160irok\u00fd:<\/td>\n<td>650 mm<\/td>\n<\/tr>\n<tr>\n<td>V\u00fd\u0161ka:<\/td>\n<td>650 mm<\/td>\n<\/tr><\/div>\n<\/table>\n","protected":false},"excerpt":{"rendered":"<p>Kombinovan\u00e1 (stoln\u00ed &#8211; pokosov\u00e1) pila, ur\u010den\u00e1 k p\u0159esn\u00e9mu \u0159ez\u00e1n\u00ed stavebn\u00edho d\u0159eva a deskov\u00fdch materi\u00e1l\u016f.Pod\u00e9ln\u00e9 nebo p\u0159\u00ed\u010dn\u00e9 roz\u0159\u00edznut\u00ed prken, DTD, DVD ad. desek (max. \u0159ezn\u00e1 v\u00fd\u0161ka: 60 mm) \u2022 \u0159ez\u00e1n\u00ed li\u0161t, lat\u00ed, hranol\u016f aj. na pokos (dvojit\u00fd pokos) v rozsahu 45\u00b0 \u2022 s pln\u00fdm uplatn\u011bn\u00edm v dom\u00e1c\u00edch d\u00edln\u00e1ch, p\u0159i p\u0159estavb\u00e1ch interi\u00e9r\u016f ap.Rychl\u00e1 (snadn\u00e1) zm\u011bna provozn\u00edch re\u017eim\u016f [&hellip;]<\/p>\n","protected":false},"featured_media":78055,"comment_status":"open","ping_status":"open","template":"","meta":[],"product_brand":[],"product_cat":[43],"product_tag":[],"class_list":{"0":"post-77955","1":"product","2":"type-product","3":"status-publish","4":"has-post-thumbnail","6":"product_cat-naradi","8":"first","9":"instock","10":"sale","11":"shipping-taxable","12":"purchasable","13":"product-type-simple"},"yoast_head":"<!-- This site is optimized with the Yoast SEO plugin v26.8 - https:\/\/yoast.com\/product\/yoast-seo-wordpress\/ -->\n<title>Zlevn\u011bn\u00fd G\u00dcDE Stoln\u00ed &amp; pokosov\u00e1 pila TKGS 254.2 -<\/title>\n<meta name=\"robots\" content=\"index, follow, max-snippet:-1, max-image-preview:large, max-video-preview:-1\" \/>\n<link rel=\"canonical\" href=\"https:\/\/www.koupeltech.com\/index.php\/produkt\/zlevneny-gude-stolni-amp-pokosova-pila-tkgs-254-2-77955\/\" \/>\n<meta property=\"og:locale\" content=\"cs_CZ\" \/>\n<meta property=\"og:type\" content=\"article\" \/>\n<meta property=\"og:title\" content=\"Zlevn\u011bn\u00fd G\u00dcDE Stoln\u00ed &amp; pokosov\u00e1 pila TKGS 254.2 -\" \/>\n<meta property=\"og:description\" content=\"Kombinovan\u00e1 (stoln\u00ed &#8211; pokosov\u00e1) pila, ur\u010den\u00e1 k p\u0159esn\u00e9mu \u0159ez\u00e1n\u00ed stavebn\u00edho d\u0159eva a deskov\u00fdch materi\u00e1l\u016f.Pod\u00e9ln\u00e9 nebo p\u0159\u00ed\u010dn\u00e9 roz\u0159\u00edznut\u00ed prken, DTD, DVD ad. desek (max. \u0159ezn\u00e1 v\u00fd\u0161ka: 60 mm) \u2022 \u0159ez\u00e1n\u00ed li\u0161t, lat\u00ed, hranol\u016f aj. na pokos (dvojit\u00fd pokos) v rozsahu 45\u00b0 \u2022 s pln\u00fdm uplatn\u011bn\u00edm v dom\u00e1c\u00edch d\u00edln\u00e1ch, p\u0159i p\u0159estavb\u00e1ch interi\u00e9r\u016f ap.Rychl\u00e1 (snadn\u00e1) zm\u011bna provozn\u00edch re\u017eim\u016f [&hellip;]\" \/>\n<meta property=\"og:url\" content=\"https:\/\/www.koupeltech.com\/index.php\/produkt\/zlevneny-gude-stolni-amp-pokosova-pila-tkgs-254-2-77955\/\" \/>\n<meta property=\"og:image\" content=\"https:\/\/www.koupeltech.com\/wp-content\/uploads\/2026\/SK0028767-CZ20260425-092328-0-1777080210-55269.webp\" \/>\n\t<meta property=\"og:image:width\" content=\"800\" \/>\n\t<meta property=\"og:image:height\" content=\"800\" \/>\n\t<meta property=\"og:image:type\" content=\"image\/webp\" \/>\n<meta name=\"twitter:card\" content=\"summary_large_image\" \/>\n<meta name=\"twitter:label1\" content=\"Odhadovan\u00e1 doba \u010dten\u00ed\" \/>\n\t<meta name=\"twitter:data1\" content=\"2 minuty\" \/>\n<script type=\"application\/ld+json\" class=\"yoast-schema-graph\">{\"@context\":\"https:\/\/schema.org\",\"@graph\":[{\"@type\":\"WebPage\",\"@id\":\"https:\/\/www.koupeltech.com\/index.php\/produkt\/zlevneny-gude-stolni-amp-pokosova-pila-tkgs-254-2-77955\/\",\"url\":\"https:\/\/www.koupeltech.com\/index.php\/produkt\/zlevneny-gude-stolni-amp-pokosova-pila-tkgs-254-2-77955\/\",\"name\":\"Zlevn\u011bn\u00fd G\u00dcDE Stoln\u00ed &amp; pokosov\u00e1 pila TKGS 254.2 -\",\"isPartOf\":{\"@id\":\"https:\/\/www.koupeltech.com\/#website\"},\"primaryImageOfPage\":{\"@id\":\"https:\/\/www.koupeltech.com\/index.php\/produkt\/zlevneny-gude-stolni-amp-pokosova-pila-tkgs-254-2-77955\/#primaryimage\"},\"image\":{\"@id\":\"https:\/\/www.koupeltech.com\/index.php\/produkt\/zlevneny-gude-stolni-amp-pokosova-pila-tkgs-254-2-77955\/#primaryimage\"},\"thumbnailUrl\":\"https:\/\/www.koupeltech.com\/wp-content\/uploads\/2026\/SK0028767-CZ20260425-092328-0-1777080210-55269.webp\",\"datePublished\":\"2026-04-27T14:07:58+00:00\",\"breadcrumb\":{\"@id\":\"https:\/\/www.koupeltech.com\/index.php\/produkt\/zlevneny-gude-stolni-amp-pokosova-pila-tkgs-254-2-77955\/#breadcrumb\"},\"inLanguage\":\"cs\",\"potentialAction\":[{\"@type\":\"ReadAction\",\"target\":[\"https:\/\/www.koupeltech.com\/index.php\/produkt\/zlevneny-gude-stolni-amp-pokosova-pila-tkgs-254-2-77955\/\"]}]},{\"@type\":\"ImageObject\",\"inLanguage\":\"cs\",\"@id\":\"https:\/\/www.koupeltech.com\/index.php\/produkt\/zlevneny-gude-stolni-amp-pokosova-pila-tkgs-254-2-77955\/#primaryimage\",\"url\":\"https:\/\/www.koupeltech.com\/wp-content\/uploads\/2026\/SK0028767-CZ20260425-092328-0-1777080210-55269.webp\",\"contentUrl\":\"https:\/\/www.koupeltech.com\/wp-content\/uploads\/2026\/SK0028767-CZ20260425-092328-0-1777080210-55269.webp\",\"width\":800,\"height\":800},{\"@type\":\"BreadcrumbList\",\"@id\":\"https:\/\/www.koupeltech.com\/index.php\/produkt\/zlevneny-gude-stolni-amp-pokosova-pila-tkgs-254-2-77955\/#breadcrumb\",\"itemListElement\":[{\"@type\":\"ListItem\",\"position\":1,\"name\":\"Home\",\"item\":\"https:\/\/www.koupeltech.com\/\"},{\"@type\":\"ListItem\",\"position\":2,\"name\":\"Products\",\"item\":\"https:\/\/www.koupeltech.com\/index.php\/products\/\"},{\"@type\":\"ListItem\",\"position\":3,\"name\":\"Zlevn\u011bn\u00fd G\u00dcDE Stoln\u00ed &amp; pokosov\u00e1 pila TKGS 254.2\"}]},{\"@type\":\"WebSite\",\"@id\":\"https:\/\/www.koupeltech.com\/#website\",\"url\":\"https:\/\/www.koupeltech.com\/\",\"name\":\"\",\"description\":\"\",\"potentialAction\":[{\"@type\":\"SearchAction\",\"target\":{\"@type\":\"EntryPoint\",\"urlTemplate\":\"https:\/\/www.koupeltech.com\/?s={search_term_string}\"},\"query-input\":{\"@type\":\"PropertyValueSpecification\",\"valueRequired\":true,\"valueName\":\"search_term_string\"}}],\"inLanguage\":\"cs\"}]}<\/script>\n<!-- \/ Yoast SEO plugin. -->","yoast_head_json":{"title":"Zlevn\u011bn\u00fd G\u00dcDE Stoln\u00ed &amp; pokosov\u00e1 pila TKGS 254.2 -","robots":{"index":"index","follow":"follow","max-snippet":"max-snippet:-1","max-image-preview":"max-image-preview:large","max-video-preview":"max-video-preview:-1"},"canonical":"https:\/\/www.koupeltech.com\/index.php\/produkt\/zlevneny-gude-stolni-amp-pokosova-pila-tkgs-254-2-77955\/","og_locale":"cs_CZ","og_type":"article","og_title":"Zlevn\u011bn\u00fd G\u00dcDE Stoln\u00ed &amp; pokosov\u00e1 pila TKGS 254.2 -","og_description":"Kombinovan\u00e1 (stoln\u00ed &#8211; pokosov\u00e1) pila, ur\u010den\u00e1 k p\u0159esn\u00e9mu \u0159ez\u00e1n\u00ed stavebn\u00edho d\u0159eva a deskov\u00fdch materi\u00e1l\u016f.Pod\u00e9ln\u00e9 nebo p\u0159\u00ed\u010dn\u00e9 roz\u0159\u00edznut\u00ed prken, DTD, DVD ad. desek (max. \u0159ezn\u00e1 v\u00fd\u0161ka: 60 mm) \u2022 \u0159ez\u00e1n\u00ed li\u0161t, lat\u00ed, hranol\u016f aj. na pokos (dvojit\u00fd pokos) v rozsahu 45\u00b0 \u2022 s pln\u00fdm uplatn\u011bn\u00edm v dom\u00e1c\u00edch d\u00edln\u00e1ch, p\u0159i p\u0159estavb\u00e1ch interi\u00e9r\u016f ap.Rychl\u00e1 (snadn\u00e1) zm\u011bna provozn\u00edch re\u017eim\u016f [&hellip;]","og_url":"https:\/\/www.koupeltech.com\/index.php\/produkt\/zlevneny-gude-stolni-amp-pokosova-pila-tkgs-254-2-77955\/","og_image":[{"width":800,"height":800,"url":"https:\/\/www.koupeltech.com\/wp-content\/uploads\/2026\/SK0028767-CZ20260425-092328-0-1777080210-55269.webp","type":"image\/webp"}],"twitter_card":"summary_large_image","twitter_misc":{"Odhadovan\u00e1 doba \u010dten\u00ed":"2 minuty"},"schema":{"@context":"https:\/\/schema.org","@graph":[{"@type":"WebPage","@id":"https:\/\/www.koupeltech.com\/index.php\/produkt\/zlevneny-gude-stolni-amp-pokosova-pila-tkgs-254-2-77955\/","url":"https:\/\/www.koupeltech.com\/index.php\/produkt\/zlevneny-gude-stolni-amp-pokosova-pila-tkgs-254-2-77955\/","name":"Zlevn\u011bn\u00fd G\u00dcDE Stoln\u00ed &amp; pokosov\u00e1 pila TKGS 254.2 -","isPartOf":{"@id":"https:\/\/www.koupeltech.com\/#website"},"primaryImageOfPage":{"@id":"https:\/\/www.koupeltech.com\/index.php\/produkt\/zlevneny-gude-stolni-amp-pokosova-pila-tkgs-254-2-77955\/#primaryimage"},"image":{"@id":"https:\/\/www.koupeltech.com\/index.php\/produkt\/zlevneny-gude-stolni-amp-pokosova-pila-tkgs-254-2-77955\/#primaryimage"},"thumbnailUrl":"https:\/\/www.koupeltech.com\/wp-content\/uploads\/2026\/SK0028767-CZ20260425-092328-0-1777080210-55269.webp","datePublished":"2026-04-27T14:07:58+00:00","breadcrumb":{"@id":"https:\/\/www.koupeltech.com\/index.php\/produkt\/zlevneny-gude-stolni-amp-pokosova-pila-tkgs-254-2-77955\/#breadcrumb"},"inLanguage":"cs","potentialAction":[{"@type":"ReadAction","target":["https:\/\/www.koupeltech.com\/index.php\/produkt\/zlevneny-gude-stolni-amp-pokosova-pila-tkgs-254-2-77955\/"]}]},{"@type":"ImageObject","inLanguage":"cs","@id":"https:\/\/www.koupeltech.com\/index.php\/produkt\/zlevneny-gude-stolni-amp-pokosova-pila-tkgs-254-2-77955\/#primaryimage","url":"https:\/\/www.koupeltech.com\/wp-content\/uploads\/2026\/SK0028767-CZ20260425-092328-0-1777080210-55269.webp","contentUrl":"https:\/\/www.koupeltech.com\/wp-content\/uploads\/2026\/SK0028767-CZ20260425-092328-0-1777080210-55269.webp","width":800,"height":800},{"@type":"BreadcrumbList","@id":"https:\/\/www.koupeltech.com\/index.php\/produkt\/zlevneny-gude-stolni-amp-pokosova-pila-tkgs-254-2-77955\/#breadcrumb","itemListElement":[{"@type":"ListItem","position":1,"name":"Home","item":"https:\/\/www.koupeltech.com\/"},{"@type":"ListItem","position":2,"name":"Products","item":"https:\/\/www.koupeltech.com\/index.php\/products\/"},{"@type":"ListItem","position":3,"name":"Zlevn\u011bn\u00fd G\u00dcDE Stoln\u00ed &amp; pokosov\u00e1 pila TKGS 254.2"}]},{"@type":"WebSite","@id":"https:\/\/www.koupeltech.com\/#website","url":"https:\/\/www.koupeltech.com\/","name":"","description":"","potentialAction":[{"@type":"SearchAction","target":{"@type":"EntryPoint","urlTemplate":"https:\/\/www.koupeltech.com\/?s={search_term_string}"},"query-input":{"@type":"PropertyValueSpecification","valueRequired":true,"valueName":"search_term_string"}}],"inLanguage":"cs"}]}},"_links":{"self":[{"href":"https:\/\/www.koupeltech.com\/index.php\/wp-json\/wp\/v2\/product\/77955","targetHints":{"allow":["GET"]}}],"collection":[{"href":"https:\/\/www.koupeltech.com\/index.php\/wp-json\/wp\/v2\/product"}],"about":[{"href":"https:\/\/www.koupeltech.com\/index.php\/wp-json\/wp\/v2\/types\/product"}],"replies":[{"embeddable":true,"href":"https:\/\/www.koupeltech.com\/index.php\/wp-json\/wp\/v2\/comments?post=77955"}],"wp:featuredmedia":[{"embeddable":true,"href":"https:\/\/www.koupeltech.com\/index.php\/wp-json\/wp\/v2\/media\/78055"}],"wp:attachment":[{"href":"https:\/\/www.koupeltech.com\/index.php\/wp-json\/wp\/v2\/media?parent=77955"}],"wp:term":[{"taxonomy":"product_brand","embeddable":true,"href":"https:\/\/www.koupeltech.com\/index.php\/wp-json\/wp\/v2\/product_brand?post=77955"},{"taxonomy":"product_cat","embeddable":true,"href":"https:\/\/www.koupeltech.com\/index.php\/wp-json\/wp\/v2\/product_cat?post=77955"},{"taxonomy":"product_tag","embeddable":true,"href":"https:\/\/www.koupeltech.com\/index.php\/wp-json\/wp\/v2\/product_tag?post=77955"}],"curies":[{"name":"wp","href":"https:\/\/api.w.org\/{rel}","templated":true}]}}