{"id":78183,"date":"2026-04-27T14:08:00","date_gmt":"2026-04-27T14:08:00","guid":{"rendered":""},"modified":"2026-04-27T14:08:00","modified_gmt":"2026-04-27T14:08:00","slug":"zlevneny-wolfcraft-6897000-sada-pro-upevneni-vodici-listy-fks-145-78183","status":"publish","type":"product","link":"https:\/\/www.koupeltech.com\/index.php\/produkt\/zlevneny-wolfcraft-6897000-sada-pro-upevneni-vodici-listy-fks-145-78183\/","title":{"rendered":"Zlevn\u011bn\u00fd Wolfcraft 6897000 Sada pro upevn\u011bn\u00ed vodic\u00ed li\u0161ty FKS 145"},"content":{"rendered":"<table>\n<div class=\"tab-pane active product-description\" id=\"popis\" role=\"tabpanel\">\n<div class=\"short-description\" itemprop=\"description\"><\/div>\n<div class=\"description\"><span class='bullet-line'>2 sv\u011brky pro upevn\u011bn\u00ed vodic\u00ed li\u0161ty FKS 145 na st\u016fl MASTER cut 2600 a st\u016fl MASTER work 1600<br \/><\/span><span class='bullet-line'>mimo\u0159\u00e1dn\u011b velk\u00fd rozsah up\u00edn\u00e1n\u00ed, kompatibiln\u00ed s \u0161\u00ed\u0159kou profilu stolu MASTER cut 2600 a MASTER work 1600<br \/><\/span><span class='bullet-line'>v\u010detn\u011b plastov\u00fdch dr\u017e\u00e1k\u016f pro bezpe\u010dn\u00e9 upevn\u011bn\u00ed na hlin\u00edkov\u00e9m profilu<br \/><\/span><br \/>Pomoc\u00ed obou sv\u011brek upevn\u00edte vodic\u00ed li\u0161tu pro ru\u010dn\u00ed kotou\u010dov\u00e9 pily FKS 145 (\u010d. v\u00fdr. 6913000) bezpe\u010dn\u011b na st\u016fl MASTER cut 2600 (v\u00fdr. 6918000) a na st\u016fl MASTER work 1600 (v\u00fdr. 6909000). Sv\u011brky maj\u00ed mimo\u0159\u00e1dn\u011b velk\u00fd rozsah up\u00edn\u00e1n\u00ed, kter\u00fd je p\u0159esn\u011b p\u0159izp\u016fsoben \u0161\u00ed\u0159ce profilu stol\u016f. Sou\u010d\u00e1st\u00ed dod\u00e1vky jsou 2 plastov\u00e9 dr\u017e\u00e1ky pro bezpe\u010dn\u00e9 upevn\u011bn\u00ed na hlin\u00edkov\u00e9m profilu.  <\/p>\n<p>\u27a4 Vlastnosti<span class='bullet-line'>2 sv\u011brky pro upevn\u011bn\u00ed li\u0161ty FKS 145 (\u010d. v\u00fdr. 6913000) na st\u016fl MASTER cut 2600 (\u010d. v\u00fdr. 6918000) a na st\u016fl MASTER work 1600 (\u010d. v\u00fdr. 6909000) <br \/><\/span><span class='bullet-line'>mimo\u0159\u00e1dn\u011b velk\u00fd rozsah up\u00edn\u00e1n\u00ed, kompatibiln\u00ed s \u0161\u00ed\u0159kou profilu stolu MASTER cut 2600 a MASTER work 1600 <br \/><\/span><span class='bullet-line'>v\u010detn\u011b plastov\u00fdch dr\u017e\u00e1k\u016f pro bezpe\u010dn\u00e9 upevn\u011bn\u00ed na hlin\u00edkov\u00e9m profilu<\/span><\/div>\n<\/table>\n","protected":false},"excerpt":{"rendered":"<p>2 sv\u011brky pro upevn\u011bn\u00ed vodic\u00ed li\u0161ty FKS 145 na st\u016fl MASTER cut 2600 a st\u016fl MASTER work 1600mimo\u0159\u00e1dn\u011b velk\u00fd rozsah up\u00edn\u00e1n\u00ed, kompatibiln\u00ed s \u0161\u00ed\u0159kou profilu stolu MASTER cut 2600 a MASTER work 1600v\u010detn\u011b plastov\u00fdch dr\u017e\u00e1k\u016f pro bezpe\u010dn\u00e9 upevn\u011bn\u00ed na hlin\u00edkov\u00e9m profiluPomoc\u00ed obou sv\u011brek upevn\u00edte vodic\u00ed li\u0161tu pro ru\u010dn\u00ed kotou\u010dov\u00e9 pily FKS 145 (\u010d. v\u00fdr. 6913000) [&hellip;]<\/p>\n","protected":false},"featured_media":78283,"comment_status":"open","ping_status":"open","template":"","meta":[],"product_brand":[],"product_cat":[43],"product_tag":[],"class_list":{"0":"post-78183","1":"product","2":"type-product","3":"status-publish","4":"has-post-thumbnail","6":"product_cat-naradi","8":"first","9":"instock","10":"sale","11":"shipping-taxable","12":"purchasable","13":"product-type-simple"},"yoast_head":"<!-- This site is optimized with the Yoast SEO plugin v26.8 - https:\/\/yoast.com\/product\/yoast-seo-wordpress\/ -->\n<title>Zlevn\u011bn\u00fd Wolfcraft 6897000 Sada pro upevn\u011bn\u00ed vodic\u00ed li\u0161ty FKS 145 -<\/title>\n<meta name=\"robots\" content=\"index, follow, max-snippet:-1, max-image-preview:large, max-video-preview:-1\" \/>\n<link rel=\"canonical\" href=\"https:\/\/www.koupeltech.com\/index.php\/produkt\/zlevneny-wolfcraft-6897000-sada-pro-upevneni-vodici-listy-fks-145-78183\/\" \/>\n<meta property=\"og:locale\" content=\"cs_CZ\" \/>\n<meta property=\"og:type\" content=\"article\" \/>\n<meta property=\"og:title\" content=\"Zlevn\u011bn\u00fd Wolfcraft 6897000 Sada pro upevn\u011bn\u00ed vodic\u00ed li\u0161ty FKS 145 -\" \/>\n<meta property=\"og:description\" content=\"2 sv\u011brky pro upevn\u011bn\u00ed vodic\u00ed li\u0161ty FKS 145 na st\u016fl MASTER cut 2600 a st\u016fl MASTER work 1600mimo\u0159\u00e1dn\u011b velk\u00fd rozsah up\u00edn\u00e1n\u00ed, kompatibiln\u00ed s \u0161\u00ed\u0159kou profilu stolu MASTER cut 2600 a MASTER work 1600v\u010detn\u011b plastov\u00fdch dr\u017e\u00e1k\u016f pro bezpe\u010dn\u00e9 upevn\u011bn\u00ed na hlin\u00edkov\u00e9m profiluPomoc\u00ed obou sv\u011brek upevn\u00edte vodic\u00ed li\u0161tu pro ru\u010dn\u00ed kotou\u010dov\u00e9 pily FKS 145 (\u010d. v\u00fdr. 6913000) [&hellip;]\" \/>\n<meta property=\"og:url\" content=\"https:\/\/www.koupeltech.com\/index.php\/produkt\/zlevneny-wolfcraft-6897000-sada-pro-upevneni-vodici-listy-fks-145-78183\/\" \/>\n<meta property=\"og:image\" content=\"https:\/\/www.koupeltech.com\/wp-content\/uploads\/2026\/SK0028897-CZ20260425-092328-0-1777080210-6897000-pro-fs-pho-sqa-010.jpg-cmv-515wx515h-context-bwfzdg.webp\" \/>\n\t<meta property=\"og:image:width\" content=\"515\" \/>\n\t<meta property=\"og:image:height\" content=\"515\" \/>\n\t<meta property=\"og:image:type\" content=\"image\/webp\" \/>\n<meta name=\"twitter:card\" content=\"summary_large_image\" \/>\n<meta name=\"twitter:label1\" content=\"Odhadovan\u00e1 doba \u010dten\u00ed\" \/>\n\t<meta name=\"twitter:data1\" content=\"1 minuta\" \/>\n<script type=\"application\/ld+json\" class=\"yoast-schema-graph\">{\"@context\":\"https:\/\/schema.org\",\"@graph\":[{\"@type\":\"WebPage\",\"@id\":\"https:\/\/www.koupeltech.com\/index.php\/produkt\/zlevneny-wolfcraft-6897000-sada-pro-upevneni-vodici-listy-fks-145-78183\/\",\"url\":\"https:\/\/www.koupeltech.com\/index.php\/produkt\/zlevneny-wolfcraft-6897000-sada-pro-upevneni-vodici-listy-fks-145-78183\/\",\"name\":\"Zlevn\u011bn\u00fd Wolfcraft 6897000 Sada pro upevn\u011bn\u00ed vodic\u00ed li\u0161ty FKS 145 -\",\"isPartOf\":{\"@id\":\"https:\/\/www.koupeltech.com\/#website\"},\"primaryImageOfPage\":{\"@id\":\"https:\/\/www.koupeltech.com\/index.php\/produkt\/zlevneny-wolfcraft-6897000-sada-pro-upevneni-vodici-listy-fks-145-78183\/#primaryimage\"},\"image\":{\"@id\":\"https:\/\/www.koupeltech.com\/index.php\/produkt\/zlevneny-wolfcraft-6897000-sada-pro-upevneni-vodici-listy-fks-145-78183\/#primaryimage\"},\"thumbnailUrl\":\"https:\/\/www.koupeltech.com\/wp-content\/uploads\/2026\/SK0028897-CZ20260425-092328-0-1777080210-6897000-pro-fs-pho-sqa-010.jpg-cmv-515wx515h-context-bwfzdg.webp\",\"datePublished\":\"2026-04-27T14:08:00+00:00\",\"breadcrumb\":{\"@id\":\"https:\/\/www.koupeltech.com\/index.php\/produkt\/zlevneny-wolfcraft-6897000-sada-pro-upevneni-vodici-listy-fks-145-78183\/#breadcrumb\"},\"inLanguage\":\"cs\",\"potentialAction\":[{\"@type\":\"ReadAction\",\"target\":[\"https:\/\/www.koupeltech.com\/index.php\/produkt\/zlevneny-wolfcraft-6897000-sada-pro-upevneni-vodici-listy-fks-145-78183\/\"]}]},{\"@type\":\"ImageObject\",\"inLanguage\":\"cs\",\"@id\":\"https:\/\/www.koupeltech.com\/index.php\/produkt\/zlevneny-wolfcraft-6897000-sada-pro-upevneni-vodici-listy-fks-145-78183\/#primaryimage\",\"url\":\"https:\/\/www.koupeltech.com\/wp-content\/uploads\/2026\/SK0028897-CZ20260425-092328-0-1777080210-6897000-pro-fs-pho-sqa-010.jpg-cmv-515wx515h-context-bwfzdg.webp\",\"contentUrl\":\"https:\/\/www.koupeltech.com\/wp-content\/uploads\/2026\/SK0028897-CZ20260425-092328-0-1777080210-6897000-pro-fs-pho-sqa-010.jpg-cmv-515wx515h-context-bwfzdg.webp\",\"width\":515,\"height\":515},{\"@type\":\"BreadcrumbList\",\"@id\":\"https:\/\/www.koupeltech.com\/index.php\/produkt\/zlevneny-wolfcraft-6897000-sada-pro-upevneni-vodici-listy-fks-145-78183\/#breadcrumb\",\"itemListElement\":[{\"@type\":\"ListItem\",\"position\":1,\"name\":\"Home\",\"item\":\"https:\/\/www.koupeltech.com\/\"},{\"@type\":\"ListItem\",\"position\":2,\"name\":\"Products\",\"item\":\"https:\/\/www.koupeltech.com\/index.php\/products\/\"},{\"@type\":\"ListItem\",\"position\":3,\"name\":\"Zlevn\u011bn\u00fd Wolfcraft 6897000 Sada pro upevn\u011bn\u00ed vodic\u00ed li\u0161ty FKS 145\"}]},{\"@type\":\"WebSite\",\"@id\":\"https:\/\/www.koupeltech.com\/#website\",\"url\":\"https:\/\/www.koupeltech.com\/\",\"name\":\"\",\"description\":\"\",\"potentialAction\":[{\"@type\":\"SearchAction\",\"target\":{\"@type\":\"EntryPoint\",\"urlTemplate\":\"https:\/\/www.koupeltech.com\/?s={search_term_string}\"},\"query-input\":{\"@type\":\"PropertyValueSpecification\",\"valueRequired\":true,\"valueName\":\"search_term_string\"}}],\"inLanguage\":\"cs\"}]}<\/script>\n<!-- \/ Yoast SEO plugin. -->","yoast_head_json":{"title":"Zlevn\u011bn\u00fd Wolfcraft 6897000 Sada pro upevn\u011bn\u00ed vodic\u00ed li\u0161ty FKS 145 -","robots":{"index":"index","follow":"follow","max-snippet":"max-snippet:-1","max-image-preview":"max-image-preview:large","max-video-preview":"max-video-preview:-1"},"canonical":"https:\/\/www.koupeltech.com\/index.php\/produkt\/zlevneny-wolfcraft-6897000-sada-pro-upevneni-vodici-listy-fks-145-78183\/","og_locale":"cs_CZ","og_type":"article","og_title":"Zlevn\u011bn\u00fd Wolfcraft 6897000 Sada pro upevn\u011bn\u00ed vodic\u00ed li\u0161ty FKS 145 -","og_description":"2 sv\u011brky pro upevn\u011bn\u00ed vodic\u00ed li\u0161ty FKS 145 na st\u016fl MASTER cut 2600 a st\u016fl MASTER work 1600mimo\u0159\u00e1dn\u011b velk\u00fd rozsah up\u00edn\u00e1n\u00ed, kompatibiln\u00ed s \u0161\u00ed\u0159kou profilu stolu MASTER cut 2600 a MASTER work 1600v\u010detn\u011b plastov\u00fdch dr\u017e\u00e1k\u016f pro bezpe\u010dn\u00e9 upevn\u011bn\u00ed na hlin\u00edkov\u00e9m profiluPomoc\u00ed obou sv\u011brek upevn\u00edte vodic\u00ed li\u0161tu pro ru\u010dn\u00ed kotou\u010dov\u00e9 pily FKS 145 (\u010d. v\u00fdr. 6913000) [&hellip;]","og_url":"https:\/\/www.koupeltech.com\/index.php\/produkt\/zlevneny-wolfcraft-6897000-sada-pro-upevneni-vodici-listy-fks-145-78183\/","og_image":[{"width":515,"height":515,"url":"https:\/\/www.koupeltech.com\/wp-content\/uploads\/2026\/SK0028897-CZ20260425-092328-0-1777080210-6897000-pro-fs-pho-sqa-010.jpg-cmv-515wx515h-context-bwfzdg.webp","type":"image\/webp"}],"twitter_card":"summary_large_image","twitter_misc":{"Odhadovan\u00e1 doba \u010dten\u00ed":"1 minuta"},"schema":{"@context":"https:\/\/schema.org","@graph":[{"@type":"WebPage","@id":"https:\/\/www.koupeltech.com\/index.php\/produkt\/zlevneny-wolfcraft-6897000-sada-pro-upevneni-vodici-listy-fks-145-78183\/","url":"https:\/\/www.koupeltech.com\/index.php\/produkt\/zlevneny-wolfcraft-6897000-sada-pro-upevneni-vodici-listy-fks-145-78183\/","name":"Zlevn\u011bn\u00fd Wolfcraft 6897000 Sada pro upevn\u011bn\u00ed vodic\u00ed li\u0161ty FKS 145 -","isPartOf":{"@id":"https:\/\/www.koupeltech.com\/#website"},"primaryImageOfPage":{"@id":"https:\/\/www.koupeltech.com\/index.php\/produkt\/zlevneny-wolfcraft-6897000-sada-pro-upevneni-vodici-listy-fks-145-78183\/#primaryimage"},"image":{"@id":"https:\/\/www.koupeltech.com\/index.php\/produkt\/zlevneny-wolfcraft-6897000-sada-pro-upevneni-vodici-listy-fks-145-78183\/#primaryimage"},"thumbnailUrl":"https:\/\/www.koupeltech.com\/wp-content\/uploads\/2026\/SK0028897-CZ20260425-092328-0-1777080210-6897000-pro-fs-pho-sqa-010.jpg-cmv-515wx515h-context-bwfzdg.webp","datePublished":"2026-04-27T14:08:00+00:00","breadcrumb":{"@id":"https:\/\/www.koupeltech.com\/index.php\/produkt\/zlevneny-wolfcraft-6897000-sada-pro-upevneni-vodici-listy-fks-145-78183\/#breadcrumb"},"inLanguage":"cs","potentialAction":[{"@type":"ReadAction","target":["https:\/\/www.koupeltech.com\/index.php\/produkt\/zlevneny-wolfcraft-6897000-sada-pro-upevneni-vodici-listy-fks-145-78183\/"]}]},{"@type":"ImageObject","inLanguage":"cs","@id":"https:\/\/www.koupeltech.com\/index.php\/produkt\/zlevneny-wolfcraft-6897000-sada-pro-upevneni-vodici-listy-fks-145-78183\/#primaryimage","url":"https:\/\/www.koupeltech.com\/wp-content\/uploads\/2026\/SK0028897-CZ20260425-092328-0-1777080210-6897000-pro-fs-pho-sqa-010.jpg-cmv-515wx515h-context-bwfzdg.webp","contentUrl":"https:\/\/www.koupeltech.com\/wp-content\/uploads\/2026\/SK0028897-CZ20260425-092328-0-1777080210-6897000-pro-fs-pho-sqa-010.jpg-cmv-515wx515h-context-bwfzdg.webp","width":515,"height":515},{"@type":"BreadcrumbList","@id":"https:\/\/www.koupeltech.com\/index.php\/produkt\/zlevneny-wolfcraft-6897000-sada-pro-upevneni-vodici-listy-fks-145-78183\/#breadcrumb","itemListElement":[{"@type":"ListItem","position":1,"name":"Home","item":"https:\/\/www.koupeltech.com\/"},{"@type":"ListItem","position":2,"name":"Products","item":"https:\/\/www.koupeltech.com\/index.php\/products\/"},{"@type":"ListItem","position":3,"name":"Zlevn\u011bn\u00fd Wolfcraft 6897000 Sada pro upevn\u011bn\u00ed vodic\u00ed li\u0161ty FKS 145"}]},{"@type":"WebSite","@id":"https:\/\/www.koupeltech.com\/#website","url":"https:\/\/www.koupeltech.com\/","name":"","description":"","potentialAction":[{"@type":"SearchAction","target":{"@type":"EntryPoint","urlTemplate":"https:\/\/www.koupeltech.com\/?s={search_term_string}"},"query-input":{"@type":"PropertyValueSpecification","valueRequired":true,"valueName":"search_term_string"}}],"inLanguage":"cs"}]}},"_links":{"self":[{"href":"https:\/\/www.koupeltech.com\/index.php\/wp-json\/wp\/v2\/product\/78183","targetHints":{"allow":["GET"]}}],"collection":[{"href":"https:\/\/www.koupeltech.com\/index.php\/wp-json\/wp\/v2\/product"}],"about":[{"href":"https:\/\/www.koupeltech.com\/index.php\/wp-json\/wp\/v2\/types\/product"}],"replies":[{"embeddable":true,"href":"https:\/\/www.koupeltech.com\/index.php\/wp-json\/wp\/v2\/comments?post=78183"}],"wp:featuredmedia":[{"embeddable":true,"href":"https:\/\/www.koupeltech.com\/index.php\/wp-json\/wp\/v2\/media\/78283"}],"wp:attachment":[{"href":"https:\/\/www.koupeltech.com\/index.php\/wp-json\/wp\/v2\/media?parent=78183"}],"wp:term":[{"taxonomy":"product_brand","embeddable":true,"href":"https:\/\/www.koupeltech.com\/index.php\/wp-json\/wp\/v2\/product_brand?post=78183"},{"taxonomy":"product_cat","embeddable":true,"href":"https:\/\/www.koupeltech.com\/index.php\/wp-json\/wp\/v2\/product_cat?post=78183"},{"taxonomy":"product_tag","embeddable":true,"href":"https:\/\/www.koupeltech.com\/index.php\/wp-json\/wp\/v2\/product_tag?post=78183"}],"curies":[{"name":"wp","href":"https:\/\/api.w.org\/{rel}","templated":true}]}}