{"id":78188,"date":"2026-04-27T14:08:00","date_gmt":"2026-04-27T14:08:00","guid":{"rendered":""},"modified":"2026-04-27T14:08:00","modified_gmt":"2026-04-27T14:08:00","slug":"horka-nabidka-wolfcraft-4325000-univerzalni-sada-na-rezani-3-dilna-78188","status":"publish","type":"product","link":"https:\/\/www.koupeltech.com\/index.php\/produkt\/horka-nabidka-wolfcraft-4325000-univerzalni-sada-na-rezani-3-dilna-78188\/","title":{"rendered":"Hork\u00e1 Nab\u00eddka Wolfcraft 4325000 Univerz\u00e1ln\u00ed sada na \u0159ez\u00e1n\u00ed, 3-d\u00edln\u00e1"},"content":{"rendered":"<table>\n<div class=\"tab-pane active product-description\" id=\"popis\" role=\"tabpanel\">\n<div class=\"short-description\" itemprop=\"description\"><\/div>\n<div class=\"description\"><span class='bullet-line'>3-d\u00edln\u00e1 sada \u0159ez\u00e1k\u016f v\u010d. megaCut S, no\u017ee s trap\u00e9zovou \u010depel\u00ed a n\u00e1hradn\u00edch \u010depel\u00ed pro rozmanit\u00e9 mo\u017enosti pou\u017e\u00edv\u00e1n\u00ed v d\u00edln\u011b a dom\u00e1cnosti<br \/><\/span><span class='bullet-line'>megaCut S s areta\u010dn\u00edm uz\u00e1v\u011brem a ochranou proti dotyku na p\u0159edn\u00ed stran\u011b dr\u017e\u00e1ku \u010depele pro bezpe\u010dn\u00e9 \u0159ez\u00e1n\u00ed pevn\u00e9ho materi\u00e1lu<br \/><\/span><span class='bullet-line'>n\u016f\u017e s vysunovac\u00ed trap\u00e9zovou \u010depel\u00ed pro \u0159ez\u00e1n\u00ed v dom\u00e1cnosti, kancel\u00e1\u0159i nebo ve voln\u00e9m \u010dase<br \/><\/span><br \/>S 3-d\u00edlnou univerz\u00e1ln\u00ed sadou na \u0159ez\u00e1n\u00ed jste vybaveni pro ve\u0161ker\u00e9 \u0159ez\u00e1n\u00ed v dom\u00e1cnosti, d\u00edln\u011b a na zahrad\u011b. Obsahuje megaCut S, n\u016f\u017e s trap\u00e9zovou \u010depel\u00ed s vysouvac\u00ed funkc\u00ed a 10 n\u00e1hradn\u00edch \u010depel\u00ed, kter\u00e9 m\u016f\u017eete pou\u017e\u00edvat pro oba no\u017ee. <br \/>D\u00edky speci\u00e1ln\u00edmu tvaru trap\u00e9zov\u00e9 \u010depele m\u016f\u017eete pomoc\u00ed megaCut S \u0159ezat pevn\u00e9 materi\u00e1ly jako hadice, kabely a dokonce i k\u016f\u017ei o tlou\u0161\u0165ce a\u017e 13 mm. Ergonomick\u00e1 protiskluzov\u00e1 rukoje\u0165 V\u00e1m p\u0159itom pohodln\u011b padne do ruky. Pru\u017en\u00fd bezpe\u010dnostn\u00ed v\u00fdstupek na p\u0159edn\u00ed stran\u011b dr\u017e\u00e1ku \u010depele slou\u017e\u00ed jako ochrana p\u0159ed dotykem a zabra\u0148uje n\u00e1hodn\u00e9mu kontaktu se \u0161pi\u010dkou \u010depele. Integrovan\u00fd areta\u010dn\u00ed uz\u00e1v\u011br nav\u00edc chr\u00e1n\u00ed p\u0159ed zran\u011bn\u00edm. <br \/>N\u016f\u017e s trap\u00e9zovou \u010depel\u00ed m\u00e1 vysunovac\u00ed funkci \u2013 je ide\u00e1ln\u00edm pomocn\u00edkem pro ka\u017edodenn\u00ed \u0159ez\u00e1n\u00ed v dom\u00e1cnosti, kancel\u00e1\u0159i nebo pro voln\u00fd \u010das. D\u00edky integrovan\u00e9 m\u011bkk\u00e9 z\u00f3n\u011b padne pohodln\u011b a bezpe\u010dn\u011b do ruky. Robustn\u00ed kovov\u00e9 pouzdro poskytuje vysokou stabilitu. Pro v\u00fdm\u011bnu \u010depele bez pomoci n\u00e1\u0159ad\u00ed lze n\u016f\u017e snadno otev\u0159\u00edt d\u00edky velk\u00e9 up\u00ednac\u00ed hlav\u011b.  <br \/>10 v\u00fdkonn\u00fdch n\u00e1hradn\u00edch trap\u00e9zov\u00fdch \u010depel\u00ed \u010din\u00ed sadu kompletn\u00ed. <\/p>\n<p>\u27a4 Vlastnosti<span class='bullet-line'>3-d\u00edln\u00e1 sada \u0159ez\u00e1k\u016f v\u010d. megaCut S, no\u017ee s trap\u00e9zovou \u010depel\u00ed a n\u00e1hradn\u00edch \u010depel\u00ed pro rozmanit\u00e9 mo\u017enosti pou\u017e\u00edv\u00e1n\u00ed v d\u00edln\u011b a dom\u00e1cnosti <br \/><\/span><span class='bullet-line'>10 kvalitn\u00edch n\u00e1hradn\u00edch \u010depel\u00ed, kter\u00e9 jsou ostr\u00e9 jako b\u0159itvy, lze pou\u017e\u00edt pro oba no\u017ee <br \/><\/span><span class='bullet-line'>megaCut S <br \/><\/span><span class='bullet-line'>ide\u00e1ln\u00ed k \u0159ez\u00e1n\u00ed pevn\u00fdch materi\u00e1l\u016f d\u00edky ergonomick\u00e9 rukojeti s protiskluzov\u00fdm elastick\u00fdm povrchem pro bezpe\u010dnou manipulaci a obsluhu <br \/><\/span><span class='bullet-line'>integrovan\u00fd areta\u010dn\u00ed uz\u00e1v\u011br a ochrana proti dotyku na p\u0159edn\u00ed stran\u011b dr\u017e\u00e1ku \u010depele pro zaji\u0161t\u011bn\u00ed maxim\u00e1ln\u00ed bezpe\u010dnosti <br \/><\/span><span class='bullet-line'>n\u016f\u017e s trap\u00e9zovou \u010depel\u00ed <br \/><\/span><span class='bullet-line'>s vysunovac\u00ed funkci \u2013 ide\u00e1ln\u00ed pomocn\u00edk pro ka\u017edodenn\u00ed \u0159ez\u00e1n\u00ed v dom\u00e1cnosti, kancel\u00e1\u0159i nebo pro voln\u00fd \u010das <br \/><\/span><span class='bullet-line'>robustn\u00ed kovov\u00e9 pouzdro pro vysokou stabilitu <br \/><\/span><span class='bullet-line'>ergonomick\u00e1 m\u011bkk\u00e1 z\u00f3na pro bezpe\u010dnou manipulaci <br \/><\/span><span class='bullet-line'>v\u00fdm\u011bna \u010depele bez nutnosti pou\u017eit\u00ed n\u00e1\u0159ad\u00ed d\u00edky velk\u00e9 up\u00ednac\u00ed hlav\u011b <br \/><\/span><br \/>\u27a4 Rozsah dod\u00e1vky<span class='bullet-line'>1 megaCut S <br \/><\/span><span class='bullet-line'>1 n\u016f\u017e s trap\u00e9zovou \u010depel\u00ed <br \/><\/span><span class='bullet-line'>1 box s 10 profesion\u00e1ln\u00edmi trap\u00e9zov\u00fdmi \u010depelemi 0,65 x 61 mm<\/span><\/div>\n<div class=\"parameters\">\n<tr>\n<td>D\u00e9lka \u010depele<\/td>\n<td>61 mm<\/td>\n<\/tr>\n<tr>\n<td>Tlou\u0161\u0165ka \u010depele<\/td>\n<td>0,65 mm<\/td>\n<\/tr>\n<tr>\n<td>Materi\u00e1l \u010depele<\/td>\n<td>Nerezov\u00e1 ocel<\/td>\n<\/tr>\n<tr>\n<td>Typ \u010depele<\/td>\n<td>Trap\u00e9zov\u00e1 \u010depel<\/td>\n<\/tr><\/div>\n<\/table>\n","protected":false},"excerpt":{"rendered":"<p>3-d\u00edln\u00e1 sada \u0159ez\u00e1k\u016f v\u010d. megaCut S, no\u017ee s trap\u00e9zovou \u010depel\u00ed a n\u00e1hradn\u00edch \u010depel\u00ed pro rozmanit\u00e9 mo\u017enosti pou\u017e\u00edv\u00e1n\u00ed v d\u00edln\u011b a dom\u00e1cnostimegaCut S s areta\u010dn\u00edm uz\u00e1v\u011brem a ochranou proti dotyku na p\u0159edn\u00ed stran\u011b dr\u017e\u00e1ku \u010depele pro bezpe\u010dn\u00e9 \u0159ez\u00e1n\u00ed pevn\u00e9ho materi\u00e1lun\u016f\u017e s vysunovac\u00ed trap\u00e9zovou \u010depel\u00ed pro \u0159ez\u00e1n\u00ed v dom\u00e1cnosti, kancel\u00e1\u0159i nebo ve voln\u00e9m \u010daseS 3-d\u00edlnou univerz\u00e1ln\u00ed sadou [&hellip;]<\/p>\n","protected":false},"featured_media":78288,"comment_status":"open","ping_status":"open","template":"","meta":[],"product_brand":[],"product_cat":[43],"product_tag":[],"class_list":{"0":"post-78188","1":"product","2":"type-product","3":"status-publish","4":"has-post-thumbnail","6":"product_cat-naradi","8":"first","9":"instock","10":"sale","11":"shipping-taxable","12":"purchasable","13":"product-type-simple"},"yoast_head":"<!-- This site is optimized with the Yoast SEO plugin v26.8 - https:\/\/yoast.com\/product\/yoast-seo-wordpress\/ -->\n<title>Hork\u00e1 Nab\u00eddka Wolfcraft 4325000 Univerz\u00e1ln\u00ed sada na \u0159ez\u00e1n\u00ed, 3-d\u00edln\u00e1 -<\/title>\n<meta name=\"robots\" content=\"index, follow, max-snippet:-1, max-image-preview:large, max-video-preview:-1\" \/>\n<link rel=\"canonical\" href=\"https:\/\/www.koupeltech.com\/index.php\/produkt\/horka-nabidka-wolfcraft-4325000-univerzalni-sada-na-rezani-3-dilna-78188\/\" \/>\n<meta property=\"og:locale\" content=\"cs_CZ\" \/>\n<meta property=\"og:type\" content=\"article\" \/>\n<meta property=\"og:title\" content=\"Hork\u00e1 Nab\u00eddka Wolfcraft 4325000 Univerz\u00e1ln\u00ed sada na \u0159ez\u00e1n\u00ed, 3-d\u00edln\u00e1 -\" \/>\n<meta property=\"og:description\" content=\"3-d\u00edln\u00e1 sada \u0159ez\u00e1k\u016f v\u010d. megaCut S, no\u017ee s trap\u00e9zovou \u010depel\u00ed a n\u00e1hradn\u00edch \u010depel\u00ed pro rozmanit\u00e9 mo\u017enosti pou\u017e\u00edv\u00e1n\u00ed v d\u00edln\u011b a dom\u00e1cnostimegaCut S s areta\u010dn\u00edm uz\u00e1v\u011brem a ochranou proti dotyku na p\u0159edn\u00ed stran\u011b dr\u017e\u00e1ku \u010depele pro bezpe\u010dn\u00e9 \u0159ez\u00e1n\u00ed pevn\u00e9ho materi\u00e1lun\u016f\u017e s vysunovac\u00ed trap\u00e9zovou \u010depel\u00ed pro \u0159ez\u00e1n\u00ed v dom\u00e1cnosti, kancel\u00e1\u0159i nebo ve voln\u00e9m \u010daseS 3-d\u00edlnou univerz\u00e1ln\u00ed sadou [&hellip;]\" \/>\n<meta property=\"og:url\" content=\"https:\/\/www.koupeltech.com\/index.php\/produkt\/horka-nabidka-wolfcraft-4325000-univerzalni-sada-na-rezani-3-dilna-78188\/\" \/>\n<meta property=\"og:image\" content=\"https:\/\/www.koupeltech.com\/wp-content\/uploads\/2026\/SK0028902-CZ20260425-092328-0-1777080210-4325000-pro-fs-pho-sqa-010.jpg-cmv-515wx515h-context-bwfzdg.webp\" \/>\n\t<meta property=\"og:image:width\" content=\"515\" \/>\n\t<meta property=\"og:image:height\" content=\"515\" \/>\n\t<meta property=\"og:image:type\" content=\"image\/webp\" \/>\n<meta name=\"twitter:card\" content=\"summary_large_image\" \/>\n<meta name=\"twitter:label1\" content=\"Odhadovan\u00e1 doba \u010dten\u00ed\" \/>\n\t<meta name=\"twitter:data1\" content=\"2 minuty\" \/>\n<script type=\"application\/ld+json\" class=\"yoast-schema-graph\">{\"@context\":\"https:\/\/schema.org\",\"@graph\":[{\"@type\":\"WebPage\",\"@id\":\"https:\/\/www.koupeltech.com\/index.php\/produkt\/horka-nabidka-wolfcraft-4325000-univerzalni-sada-na-rezani-3-dilna-78188\/\",\"url\":\"https:\/\/www.koupeltech.com\/index.php\/produkt\/horka-nabidka-wolfcraft-4325000-univerzalni-sada-na-rezani-3-dilna-78188\/\",\"name\":\"Hork\u00e1 Nab\u00eddka Wolfcraft 4325000 Univerz\u00e1ln\u00ed sada na \u0159ez\u00e1n\u00ed, 3-d\u00edln\u00e1 -\",\"isPartOf\":{\"@id\":\"https:\/\/www.koupeltech.com\/#website\"},\"primaryImageOfPage\":{\"@id\":\"https:\/\/www.koupeltech.com\/index.php\/produkt\/horka-nabidka-wolfcraft-4325000-univerzalni-sada-na-rezani-3-dilna-78188\/#primaryimage\"},\"image\":{\"@id\":\"https:\/\/www.koupeltech.com\/index.php\/produkt\/horka-nabidka-wolfcraft-4325000-univerzalni-sada-na-rezani-3-dilna-78188\/#primaryimage\"},\"thumbnailUrl\":\"https:\/\/www.koupeltech.com\/wp-content\/uploads\/2026\/SK0028902-CZ20260425-092328-0-1777080210-4325000-pro-fs-pho-sqa-010.jpg-cmv-515wx515h-context-bwfzdg.webp\",\"datePublished\":\"2026-04-27T14:08:00+00:00\",\"breadcrumb\":{\"@id\":\"https:\/\/www.koupeltech.com\/index.php\/produkt\/horka-nabidka-wolfcraft-4325000-univerzalni-sada-na-rezani-3-dilna-78188\/#breadcrumb\"},\"inLanguage\":\"cs\",\"potentialAction\":[{\"@type\":\"ReadAction\",\"target\":[\"https:\/\/www.koupeltech.com\/index.php\/produkt\/horka-nabidka-wolfcraft-4325000-univerzalni-sada-na-rezani-3-dilna-78188\/\"]}]},{\"@type\":\"ImageObject\",\"inLanguage\":\"cs\",\"@id\":\"https:\/\/www.koupeltech.com\/index.php\/produkt\/horka-nabidka-wolfcraft-4325000-univerzalni-sada-na-rezani-3-dilna-78188\/#primaryimage\",\"url\":\"https:\/\/www.koupeltech.com\/wp-content\/uploads\/2026\/SK0028902-CZ20260425-092328-0-1777080210-4325000-pro-fs-pho-sqa-010.jpg-cmv-515wx515h-context-bwfzdg.webp\",\"contentUrl\":\"https:\/\/www.koupeltech.com\/wp-content\/uploads\/2026\/SK0028902-CZ20260425-092328-0-1777080210-4325000-pro-fs-pho-sqa-010.jpg-cmv-515wx515h-context-bwfzdg.webp\",\"width\":515,\"height\":515},{\"@type\":\"BreadcrumbList\",\"@id\":\"https:\/\/www.koupeltech.com\/index.php\/produkt\/horka-nabidka-wolfcraft-4325000-univerzalni-sada-na-rezani-3-dilna-78188\/#breadcrumb\",\"itemListElement\":[{\"@type\":\"ListItem\",\"position\":1,\"name\":\"Home\",\"item\":\"https:\/\/www.koupeltech.com\/\"},{\"@type\":\"ListItem\",\"position\":2,\"name\":\"Products\",\"item\":\"https:\/\/www.koupeltech.com\/index.php\/products\/\"},{\"@type\":\"ListItem\",\"position\":3,\"name\":\"Hork\u00e1 Nab\u00eddka Wolfcraft 4325000 Univerz\u00e1ln\u00ed sada na \u0159ez\u00e1n\u00ed, 3-d\u00edln\u00e1\"}]},{\"@type\":\"WebSite\",\"@id\":\"https:\/\/www.koupeltech.com\/#website\",\"url\":\"https:\/\/www.koupeltech.com\/\",\"name\":\"\",\"description\":\"\",\"potentialAction\":[{\"@type\":\"SearchAction\",\"target\":{\"@type\":\"EntryPoint\",\"urlTemplate\":\"https:\/\/www.koupeltech.com\/?s={search_term_string}\"},\"query-input\":{\"@type\":\"PropertyValueSpecification\",\"valueRequired\":true,\"valueName\":\"search_term_string\"}}],\"inLanguage\":\"cs\"}]}<\/script>\n<!-- \/ Yoast SEO plugin. -->","yoast_head_json":{"title":"Hork\u00e1 Nab\u00eddka Wolfcraft 4325000 Univerz\u00e1ln\u00ed sada na \u0159ez\u00e1n\u00ed, 3-d\u00edln\u00e1 -","robots":{"index":"index","follow":"follow","max-snippet":"max-snippet:-1","max-image-preview":"max-image-preview:large","max-video-preview":"max-video-preview:-1"},"canonical":"https:\/\/www.koupeltech.com\/index.php\/produkt\/horka-nabidka-wolfcraft-4325000-univerzalni-sada-na-rezani-3-dilna-78188\/","og_locale":"cs_CZ","og_type":"article","og_title":"Hork\u00e1 Nab\u00eddka Wolfcraft 4325000 Univerz\u00e1ln\u00ed sada na \u0159ez\u00e1n\u00ed, 3-d\u00edln\u00e1 -","og_description":"3-d\u00edln\u00e1 sada \u0159ez\u00e1k\u016f v\u010d. megaCut S, no\u017ee s trap\u00e9zovou \u010depel\u00ed a n\u00e1hradn\u00edch \u010depel\u00ed pro rozmanit\u00e9 mo\u017enosti pou\u017e\u00edv\u00e1n\u00ed v d\u00edln\u011b a dom\u00e1cnostimegaCut S s areta\u010dn\u00edm uz\u00e1v\u011brem a ochranou proti dotyku na p\u0159edn\u00ed stran\u011b dr\u017e\u00e1ku \u010depele pro bezpe\u010dn\u00e9 \u0159ez\u00e1n\u00ed pevn\u00e9ho materi\u00e1lun\u016f\u017e s vysunovac\u00ed trap\u00e9zovou \u010depel\u00ed pro \u0159ez\u00e1n\u00ed v dom\u00e1cnosti, kancel\u00e1\u0159i nebo ve voln\u00e9m \u010daseS 3-d\u00edlnou univerz\u00e1ln\u00ed sadou [&hellip;]","og_url":"https:\/\/www.koupeltech.com\/index.php\/produkt\/horka-nabidka-wolfcraft-4325000-univerzalni-sada-na-rezani-3-dilna-78188\/","og_image":[{"width":515,"height":515,"url":"https:\/\/www.koupeltech.com\/wp-content\/uploads\/2026\/SK0028902-CZ20260425-092328-0-1777080210-4325000-pro-fs-pho-sqa-010.jpg-cmv-515wx515h-context-bwfzdg.webp","type":"image\/webp"}],"twitter_card":"summary_large_image","twitter_misc":{"Odhadovan\u00e1 doba \u010dten\u00ed":"2 minuty"},"schema":{"@context":"https:\/\/schema.org","@graph":[{"@type":"WebPage","@id":"https:\/\/www.koupeltech.com\/index.php\/produkt\/horka-nabidka-wolfcraft-4325000-univerzalni-sada-na-rezani-3-dilna-78188\/","url":"https:\/\/www.koupeltech.com\/index.php\/produkt\/horka-nabidka-wolfcraft-4325000-univerzalni-sada-na-rezani-3-dilna-78188\/","name":"Hork\u00e1 Nab\u00eddka Wolfcraft 4325000 Univerz\u00e1ln\u00ed sada na \u0159ez\u00e1n\u00ed, 3-d\u00edln\u00e1 -","isPartOf":{"@id":"https:\/\/www.koupeltech.com\/#website"},"primaryImageOfPage":{"@id":"https:\/\/www.koupeltech.com\/index.php\/produkt\/horka-nabidka-wolfcraft-4325000-univerzalni-sada-na-rezani-3-dilna-78188\/#primaryimage"},"image":{"@id":"https:\/\/www.koupeltech.com\/index.php\/produkt\/horka-nabidka-wolfcraft-4325000-univerzalni-sada-na-rezani-3-dilna-78188\/#primaryimage"},"thumbnailUrl":"https:\/\/www.koupeltech.com\/wp-content\/uploads\/2026\/SK0028902-CZ20260425-092328-0-1777080210-4325000-pro-fs-pho-sqa-010.jpg-cmv-515wx515h-context-bwfzdg.webp","datePublished":"2026-04-27T14:08:00+00:00","breadcrumb":{"@id":"https:\/\/www.koupeltech.com\/index.php\/produkt\/horka-nabidka-wolfcraft-4325000-univerzalni-sada-na-rezani-3-dilna-78188\/#breadcrumb"},"inLanguage":"cs","potentialAction":[{"@type":"ReadAction","target":["https:\/\/www.koupeltech.com\/index.php\/produkt\/horka-nabidka-wolfcraft-4325000-univerzalni-sada-na-rezani-3-dilna-78188\/"]}]},{"@type":"ImageObject","inLanguage":"cs","@id":"https:\/\/www.koupeltech.com\/index.php\/produkt\/horka-nabidka-wolfcraft-4325000-univerzalni-sada-na-rezani-3-dilna-78188\/#primaryimage","url":"https:\/\/www.koupeltech.com\/wp-content\/uploads\/2026\/SK0028902-CZ20260425-092328-0-1777080210-4325000-pro-fs-pho-sqa-010.jpg-cmv-515wx515h-context-bwfzdg.webp","contentUrl":"https:\/\/www.koupeltech.com\/wp-content\/uploads\/2026\/SK0028902-CZ20260425-092328-0-1777080210-4325000-pro-fs-pho-sqa-010.jpg-cmv-515wx515h-context-bwfzdg.webp","width":515,"height":515},{"@type":"BreadcrumbList","@id":"https:\/\/www.koupeltech.com\/index.php\/produkt\/horka-nabidka-wolfcraft-4325000-univerzalni-sada-na-rezani-3-dilna-78188\/#breadcrumb","itemListElement":[{"@type":"ListItem","position":1,"name":"Home","item":"https:\/\/www.koupeltech.com\/"},{"@type":"ListItem","position":2,"name":"Products","item":"https:\/\/www.koupeltech.com\/index.php\/products\/"},{"@type":"ListItem","position":3,"name":"Hork\u00e1 Nab\u00eddka Wolfcraft 4325000 Univerz\u00e1ln\u00ed sada na \u0159ez\u00e1n\u00ed, 3-d\u00edln\u00e1"}]},{"@type":"WebSite","@id":"https:\/\/www.koupeltech.com\/#website","url":"https:\/\/www.koupeltech.com\/","name":"","description":"","potentialAction":[{"@type":"SearchAction","target":{"@type":"EntryPoint","urlTemplate":"https:\/\/www.koupeltech.com\/?s={search_term_string}"},"query-input":{"@type":"PropertyValueSpecification","valueRequired":true,"valueName":"search_term_string"}}],"inLanguage":"cs"}]}},"_links":{"self":[{"href":"https:\/\/www.koupeltech.com\/index.php\/wp-json\/wp\/v2\/product\/78188","targetHints":{"allow":["GET"]}}],"collection":[{"href":"https:\/\/www.koupeltech.com\/index.php\/wp-json\/wp\/v2\/product"}],"about":[{"href":"https:\/\/www.koupeltech.com\/index.php\/wp-json\/wp\/v2\/types\/product"}],"replies":[{"embeddable":true,"href":"https:\/\/www.koupeltech.com\/index.php\/wp-json\/wp\/v2\/comments?post=78188"}],"wp:featuredmedia":[{"embeddable":true,"href":"https:\/\/www.koupeltech.com\/index.php\/wp-json\/wp\/v2\/media\/78288"}],"wp:attachment":[{"href":"https:\/\/www.koupeltech.com\/index.php\/wp-json\/wp\/v2\/media?parent=78188"}],"wp:term":[{"taxonomy":"product_brand","embeddable":true,"href":"https:\/\/www.koupeltech.com\/index.php\/wp-json\/wp\/v2\/product_brand?post=78188"},{"taxonomy":"product_cat","embeddable":true,"href":"https:\/\/www.koupeltech.com\/index.php\/wp-json\/wp\/v2\/product_cat?post=78188"},{"taxonomy":"product_tag","embeddable":true,"href":"https:\/\/www.koupeltech.com\/index.php\/wp-json\/wp\/v2\/product_tag?post=78188"}],"curies":[{"name":"wp","href":"https:\/\/api.w.org\/{rel}","templated":true}]}}