{"id":78190,"date":"2026-04-27T14:08:00","date_gmt":"2026-04-27T14:08:00","guid":{"rendered":""},"modified":"2026-04-27T14:08:00","modified_gmt":"2026-04-27T14:08:00","slug":"objednat-nyni-wolfcraft-4656000-sada-pro-zavesna-nabytkova-kovani-o-35-mm-5-dilna-78190","status":"publish","type":"product","link":"https:\/\/www.koupeltech.com\/index.php\/produkt\/objednat-nyni-wolfcraft-4656000-sada-pro-zavesna-nabytkova-kovani-o-35-mm-5-dilna-78190\/","title":{"rendered":"Objednat Nyn\u00ed Wolfcraft 4656000 Sada pro z\u00e1v\u011bsn\u00e1 n\u00e1bytkov\u00e1 kov\u00e1n\u00ed, \u00d8 35 mm, 5-d\u00edln\u00e1"},"content":{"rendered":"<table>\n<div class=\"tab-pane active product-description\" id=\"popis\" role=\"tabpanel\">\n<div class=\"short-description\" itemprop=\"description\"><\/div>\n<div class=\"description\"><span class='bullet-line'>v\u010detn\u011b 2 vrtac\u00edch \u0161ablon pro paraleln\u00ed vyrovn\u00e1n\u00ed, ozna\u010den\u00ed spr\u00e1vn\u00e9 polohy vrt\u00e1n\u00ed a pro nav\u00e1d\u011bn\u00e9 vrt\u00e1n\u00ed<br \/><\/span><span class='bullet-line'>v\u010detn\u011b Forstnerova vrt\u00e1ku o \u00d8 35 mm, st\u0159edic\u00edho vrt\u00e1ku o \u00d8 2,5 mm, spir\u00e1lov\u00e9ho vrt\u00e1ku do d\u0159eva o \u00d8 5 mm pro \u010dist\u00e9 v\u00fdsledky vrt\u00e1n\u00ed<br \/><\/span><span class='bullet-line'>kvalitn\u00ed dvou komponentn\u00ed box pro uspo\u0159\u00e1dan\u00e9 skladov\u00e1n\u00ed a bezpe\u010dnou p\u0159epravu<br \/><\/span> <br \/>Pomoc\u00ed t\u00e9to 5-d\u00edln\u00e9 kompletn\u00ed sady pro mont\u00e1\u017e miskov\u00fdch z\u00e1v\u011bs\u016f bude v\u00fdroba n\u00e1bytku \u00fasp\u011b\u0161n\u00fdm projektem. Sada obsahuje dv\u011b vrtac\u00ed \u0161ablony, Forstner\u016fv vrt\u00e1k o \u00d8 35 mm, st\u0159edic\u00ed vrt\u00e1k o \u00d8 2,5 mm a spir\u00e1lov\u00fd vrt\u00e1k do d\u0159eva o \u00d8 5 mm. V n\u011bkolika m\u00e1lo kroc\u00edch se spr\u00e1vn\u011b ur\u010d\u00ed v\u0161echny polohy vrt\u00e1n\u00ed a vzd\u00e1lenosti od hran, spr\u00e1vn\u011b se vycentruj\u00ed, vyvrtaj\u00ed a p\u0159edvrtaj\u00ed, aby bylo na z\u00e1v\u011br mo\u017en\u00e9 z\u00e1v\u011bs p\u0159esn\u011b p\u0159i\u0161roubovat. <br \/>Dv\u011b vrtac\u00ed \u0161ablony s integrovan\u00fdm dorazem lze snadno upnout mezi dve\u0159e a korpus a pomohou V\u00e1m tyto prvky rovnob\u011b\u017en\u011b vyrovnat. D\u00edky ozna\u010den\u00ed na \u0161ablon\u011b je tak\u00e9 zaru\u010deno, \u017ee spr\u00e1vn\u011b stanov\u00edte zna\u010dky a polohy vrt\u00e1n\u00ed pro mont\u00e1\u017e miskov\u00fdch z\u00e1v\u011bs\u016f o \u00d8 35 mm ve spr\u00e1vn\u00e9 vzd\u00e1lenosti od vn\u011bj\u0161\u00edho okraje. <br \/>Pomoc\u00ed p\u0159ilo\u017een\u00e9ho st\u0159edic\u00edho vrt\u00e1ku (\u00d8 2,5 mm) a Forstnerova vrt\u00e1ku m\u016f\u017eete vyvrtat otvor pro misku z\u00e1v\u011bsu odpov\u00eddaj\u00edc\u00ed velikosti. Pro zakon\u010dovac\u00ed \u010dist\u00e9 \u0161roubov\u00e9 spoje bez trhlin p\u0159edvrtejte otvory pro \u0161rouby vrt\u00e1kem do d\u0159eva (\u00d8 5 mm). Tak zaru\u010d\u00edte bezchybnou instalaci va\u0161ich miskov\u00fdch z\u00e1v\u011bs\u016f o \u00d8 35 mm. Nakonec d\u00edly ulo\u017ete do vysoce kvalitn\u00edho dvou komponentn\u00edho boxu, kter\u00fd zaji\u0161\u0165uje uspo\u0159\u00e1dan\u00e9 skladov\u00e1n\u00ed a bezpe\u010dnou p\u0159epravu do dal\u0161\u00edho m\u00edsta pou\u017eit\u00ed. <\/p>\n<p>\u27a4 Vlastnosti<span class='bullet-line'>5-d\u00edln\u00e1 sada ze 2 vrtac\u00edch \u0161ablon v\u010detn\u011b Forstnerova vrt\u00e1ku o \u00d8 35 mm, st\u0159edic\u00edho vrt\u00e1ku o \u00d8 2,5 mm, spir\u00e1lov\u00e9ho vrt\u00e1ku do d\u0159eva o \u00d8 5 mm pro jednoduchou mont\u00e1\u017e miskov\u00fdch z\u00e1v\u011bs\u016f <br \/><\/span><span class='bullet-line'>2 vrtac\u00ed \u0161ablony pro rovnob\u011b\u017en\u00e9 vyrovn\u00e1n\u00ed, ozna\u010den\u00ed spr\u00e1vn\u00e9 polohy vrt\u00e1n\u00ed a nav\u00e1d\u011bn\u00e9 vrt\u00e1n\u00ed <br \/><\/span><span class='bullet-line'>Forstner\u016fv vrt\u00e1k o \u00d8 35 mm, pro omezen\u00ed hloubky vrt\u00e1n\u00ed do d\u0159eva, d\u0159evot\u0159\u00edskov\u00e9 desky s plastov\u00fdm povrchem nebo plastu, ide\u00e1ln\u00ed pro v\u00fdvrty na hran\u00e1ch <br \/><\/span><span class='bullet-line'>st\u0159edic\u00ed vrt\u00e1k o \u00d8 2,5 mm, pro \u010distou p\u0159\u00edpravu vycentrovan\u00fdch v\u00fdvrt\u016f <br \/><\/span><span class='bullet-line'>spir\u00e1lov\u00fd vrt\u00e1k do d\u0159eva o \u00d8 5 mm pro p\u0159\u00edpravu otvor\u016f na \u0161rouby <br \/><\/span><span class='bullet-line'>kvalitn\u00ed dvou komponentn\u00ed box pro uspo\u0159\u00e1dan\u00e9 skladov\u00e1n\u00ed a bezpe\u010dnou p\u0159epravu <br \/><\/span><br \/>\u27a4 Rozsah dod\u00e1vky<span class='bullet-line'>2 vrtac\u00ed \u0161ablony <br \/><\/span><span class='bullet-line'>1 Forstner\u016fv vrt\u00e1k o \u00d8 35 mm <br \/><\/span><span class='bullet-line'>1 st\u0159edic\u00ed vrt\u00e1k o \u00d8 2,5 mm <br \/><\/span><span class='bullet-line'>1 spir\u00e1lov\u00fd vrt\u00e1k do d\u0159eva o \u00d8 5 mm <br \/><\/span><br \/>\u27a4 Balen\u00ed<span class='bullet-line'>zav\u00edrac\u00ed box z dvouslo\u017ekov\u00e9ho materi\u00e1lu<\/span><\/div>\n<div class=\"parameters\">\n<tr>\n<td>Dal\u0161\u00ed specifikace v\u00fdrobku<\/td>\n<td>D\u00e9lka Forstnerova vrt\u00e1ku: 90 mm<\/td>\n<\/tr>\n<tr>\n<td><\/td>\n<td>D\u00e9lka spir\u00e1lov\u00e9ho vrt\u00e1ku: 86 mm<\/td>\n<\/tr>\n<tr>\n<td><\/td>\n<td>Pracovn\u00ed d\u00e9lka spir\u00e1lov\u00e9ho vrt\u00e1ku do d\u0159eva: 52 mm<\/td>\n<\/tr><\/div>\n<\/table>\n","protected":false},"excerpt":{"rendered":"<p>v\u010detn\u011b 2 vrtac\u00edch \u0161ablon pro paraleln\u00ed vyrovn\u00e1n\u00ed, ozna\u010den\u00ed spr\u00e1vn\u00e9 polohy vrt\u00e1n\u00ed a pro nav\u00e1d\u011bn\u00e9 vrt\u00e1n\u00edv\u010detn\u011b Forstnerova vrt\u00e1ku o \u00d8 35 mm, st\u0159edic\u00edho vrt\u00e1ku o \u00d8 2,5 mm, spir\u00e1lov\u00e9ho vrt\u00e1ku do d\u0159eva o \u00d8 5 mm pro \u010dist\u00e9 v\u00fdsledky vrt\u00e1n\u00edkvalitn\u00ed dvou komponentn\u00ed box pro uspo\u0159\u00e1dan\u00e9 skladov\u00e1n\u00ed a bezpe\u010dnou p\u0159epravu Pomoc\u00ed t\u00e9to 5-d\u00edln\u00e9 kompletn\u00ed sady pro mont\u00e1\u017e [&hellip;]<\/p>\n","protected":false},"featured_media":78290,"comment_status":"open","ping_status":"open","template":"","meta":[],"product_brand":[],"product_cat":[43],"product_tag":[],"class_list":{"0":"post-78190","1":"product","2":"type-product","3":"status-publish","4":"has-post-thumbnail","6":"product_cat-naradi","8":"first","9":"instock","10":"sale","11":"shipping-taxable","12":"purchasable","13":"product-type-simple"},"yoast_head":"<!-- This site is optimized with the Yoast SEO plugin v26.8 - https:\/\/yoast.com\/product\/yoast-seo-wordpress\/ -->\n<title>Objednat Nyn\u00ed Wolfcraft 4656000 Sada pro z\u00e1v\u011bsn\u00e1 n\u00e1bytkov\u00e1 kov\u00e1n\u00ed, \u00d8 35 mm, 5-d\u00edln\u00e1 -<\/title>\n<meta name=\"robots\" content=\"index, follow, max-snippet:-1, max-image-preview:large, max-video-preview:-1\" \/>\n<link rel=\"canonical\" href=\"https:\/\/www.koupeltech.com\/index.php\/produkt\/objednat-nyni-wolfcraft-4656000-sada-pro-zavesna-nabytkova-kovani-o-35-mm-5-dilna-78190\/\" \/>\n<meta property=\"og:locale\" content=\"cs_CZ\" \/>\n<meta property=\"og:type\" content=\"article\" \/>\n<meta property=\"og:title\" content=\"Objednat Nyn\u00ed Wolfcraft 4656000 Sada pro z\u00e1v\u011bsn\u00e1 n\u00e1bytkov\u00e1 kov\u00e1n\u00ed, \u00d8 35 mm, 5-d\u00edln\u00e1 -\" \/>\n<meta property=\"og:description\" content=\"v\u010detn\u011b 2 vrtac\u00edch \u0161ablon pro paraleln\u00ed vyrovn\u00e1n\u00ed, ozna\u010den\u00ed spr\u00e1vn\u00e9 polohy vrt\u00e1n\u00ed a pro nav\u00e1d\u011bn\u00e9 vrt\u00e1n\u00edv\u010detn\u011b Forstnerova vrt\u00e1ku o \u00d8 35 mm, st\u0159edic\u00edho vrt\u00e1ku o \u00d8 2,5 mm, spir\u00e1lov\u00e9ho vrt\u00e1ku do d\u0159eva o \u00d8 5 mm pro \u010dist\u00e9 v\u00fdsledky vrt\u00e1n\u00edkvalitn\u00ed dvou komponentn\u00ed box pro uspo\u0159\u00e1dan\u00e9 skladov\u00e1n\u00ed a bezpe\u010dnou p\u0159epravu Pomoc\u00ed t\u00e9to 5-d\u00edln\u00e9 kompletn\u00ed sady pro mont\u00e1\u017e [&hellip;]\" \/>\n<meta property=\"og:url\" content=\"https:\/\/www.koupeltech.com\/index.php\/produkt\/objednat-nyni-wolfcraft-4656000-sada-pro-zavesna-nabytkova-kovani-o-35-mm-5-dilna-78190\/\" \/>\n<meta property=\"og:image\" content=\"https:\/\/www.koupeltech.com\/wp-content\/uploads\/2026\/SK0028904-CZ20260425-092328-0-1777080210-4656000-pro-fs-pho-sqa-010.jpg-cmv-515wx515h-context-bwfzdg.webp\" \/>\n\t<meta property=\"og:image:width\" content=\"515\" \/>\n\t<meta property=\"og:image:height\" content=\"515\" \/>\n\t<meta property=\"og:image:type\" content=\"image\/webp\" \/>\n<meta name=\"twitter:card\" content=\"summary_large_image\" \/>\n<meta name=\"twitter:label1\" content=\"Odhadovan\u00e1 doba \u010dten\u00ed\" \/>\n\t<meta name=\"twitter:data1\" content=\"3 minuty\" \/>\n<script type=\"application\/ld+json\" class=\"yoast-schema-graph\">{\"@context\":\"https:\/\/schema.org\",\"@graph\":[{\"@type\":\"WebPage\",\"@id\":\"https:\/\/www.koupeltech.com\/index.php\/produkt\/objednat-nyni-wolfcraft-4656000-sada-pro-zavesna-nabytkova-kovani-o-35-mm-5-dilna-78190\/\",\"url\":\"https:\/\/www.koupeltech.com\/index.php\/produkt\/objednat-nyni-wolfcraft-4656000-sada-pro-zavesna-nabytkova-kovani-o-35-mm-5-dilna-78190\/\",\"name\":\"Objednat Nyn\u00ed Wolfcraft 4656000 Sada pro z\u00e1v\u011bsn\u00e1 n\u00e1bytkov\u00e1 kov\u00e1n\u00ed, \u00d8 35 mm, 5-d\u00edln\u00e1 -\",\"isPartOf\":{\"@id\":\"https:\/\/www.koupeltech.com\/#website\"},\"primaryImageOfPage\":{\"@id\":\"https:\/\/www.koupeltech.com\/index.php\/produkt\/objednat-nyni-wolfcraft-4656000-sada-pro-zavesna-nabytkova-kovani-o-35-mm-5-dilna-78190\/#primaryimage\"},\"image\":{\"@id\":\"https:\/\/www.koupeltech.com\/index.php\/produkt\/objednat-nyni-wolfcraft-4656000-sada-pro-zavesna-nabytkova-kovani-o-35-mm-5-dilna-78190\/#primaryimage\"},\"thumbnailUrl\":\"https:\/\/www.koupeltech.com\/wp-content\/uploads\/2026\/SK0028904-CZ20260425-092328-0-1777080210-4656000-pro-fs-pho-sqa-010.jpg-cmv-515wx515h-context-bwfzdg.webp\",\"datePublished\":\"2026-04-27T14:08:00+00:00\",\"breadcrumb\":{\"@id\":\"https:\/\/www.koupeltech.com\/index.php\/produkt\/objednat-nyni-wolfcraft-4656000-sada-pro-zavesna-nabytkova-kovani-o-35-mm-5-dilna-78190\/#breadcrumb\"},\"inLanguage\":\"cs\",\"potentialAction\":[{\"@type\":\"ReadAction\",\"target\":[\"https:\/\/www.koupeltech.com\/index.php\/produkt\/objednat-nyni-wolfcraft-4656000-sada-pro-zavesna-nabytkova-kovani-o-35-mm-5-dilna-78190\/\"]}]},{\"@type\":\"ImageObject\",\"inLanguage\":\"cs\",\"@id\":\"https:\/\/www.koupeltech.com\/index.php\/produkt\/objednat-nyni-wolfcraft-4656000-sada-pro-zavesna-nabytkova-kovani-o-35-mm-5-dilna-78190\/#primaryimage\",\"url\":\"https:\/\/www.koupeltech.com\/wp-content\/uploads\/2026\/SK0028904-CZ20260425-092328-0-1777080210-4656000-pro-fs-pho-sqa-010.jpg-cmv-515wx515h-context-bwfzdg.webp\",\"contentUrl\":\"https:\/\/www.koupeltech.com\/wp-content\/uploads\/2026\/SK0028904-CZ20260425-092328-0-1777080210-4656000-pro-fs-pho-sqa-010.jpg-cmv-515wx515h-context-bwfzdg.webp\",\"width\":515,\"height\":515},{\"@type\":\"BreadcrumbList\",\"@id\":\"https:\/\/www.koupeltech.com\/index.php\/produkt\/objednat-nyni-wolfcraft-4656000-sada-pro-zavesna-nabytkova-kovani-o-35-mm-5-dilna-78190\/#breadcrumb\",\"itemListElement\":[{\"@type\":\"ListItem\",\"position\":1,\"name\":\"Home\",\"item\":\"https:\/\/www.koupeltech.com\/\"},{\"@type\":\"ListItem\",\"position\":2,\"name\":\"Products\",\"item\":\"https:\/\/www.koupeltech.com\/index.php\/products\/\"},{\"@type\":\"ListItem\",\"position\":3,\"name\":\"Objednat Nyn\u00ed Wolfcraft 4656000 Sada pro z\u00e1v\u011bsn\u00e1 n\u00e1bytkov\u00e1 kov\u00e1n\u00ed, \u00d8 35 mm, 5-d\u00edln\u00e1\"}]},{\"@type\":\"WebSite\",\"@id\":\"https:\/\/www.koupeltech.com\/#website\",\"url\":\"https:\/\/www.koupeltech.com\/\",\"name\":\"\",\"description\":\"\",\"potentialAction\":[{\"@type\":\"SearchAction\",\"target\":{\"@type\":\"EntryPoint\",\"urlTemplate\":\"https:\/\/www.koupeltech.com\/?s={search_term_string}\"},\"query-input\":{\"@type\":\"PropertyValueSpecification\",\"valueRequired\":true,\"valueName\":\"search_term_string\"}}],\"inLanguage\":\"cs\"}]}<\/script>\n<!-- \/ Yoast SEO plugin. -->","yoast_head_json":{"title":"Objednat Nyn\u00ed Wolfcraft 4656000 Sada pro z\u00e1v\u011bsn\u00e1 n\u00e1bytkov\u00e1 kov\u00e1n\u00ed, \u00d8 35 mm, 5-d\u00edln\u00e1 -","robots":{"index":"index","follow":"follow","max-snippet":"max-snippet:-1","max-image-preview":"max-image-preview:large","max-video-preview":"max-video-preview:-1"},"canonical":"https:\/\/www.koupeltech.com\/index.php\/produkt\/objednat-nyni-wolfcraft-4656000-sada-pro-zavesna-nabytkova-kovani-o-35-mm-5-dilna-78190\/","og_locale":"cs_CZ","og_type":"article","og_title":"Objednat Nyn\u00ed Wolfcraft 4656000 Sada pro z\u00e1v\u011bsn\u00e1 n\u00e1bytkov\u00e1 kov\u00e1n\u00ed, \u00d8 35 mm, 5-d\u00edln\u00e1 -","og_description":"v\u010detn\u011b 2 vrtac\u00edch \u0161ablon pro paraleln\u00ed vyrovn\u00e1n\u00ed, ozna\u010den\u00ed spr\u00e1vn\u00e9 polohy vrt\u00e1n\u00ed a pro nav\u00e1d\u011bn\u00e9 vrt\u00e1n\u00edv\u010detn\u011b Forstnerova vrt\u00e1ku o \u00d8 35 mm, st\u0159edic\u00edho vrt\u00e1ku o \u00d8 2,5 mm, spir\u00e1lov\u00e9ho vrt\u00e1ku do d\u0159eva o \u00d8 5 mm pro \u010dist\u00e9 v\u00fdsledky vrt\u00e1n\u00edkvalitn\u00ed dvou komponentn\u00ed box pro uspo\u0159\u00e1dan\u00e9 skladov\u00e1n\u00ed a bezpe\u010dnou p\u0159epravu Pomoc\u00ed t\u00e9to 5-d\u00edln\u00e9 kompletn\u00ed sady pro mont\u00e1\u017e [&hellip;]","og_url":"https:\/\/www.koupeltech.com\/index.php\/produkt\/objednat-nyni-wolfcraft-4656000-sada-pro-zavesna-nabytkova-kovani-o-35-mm-5-dilna-78190\/","og_image":[{"width":515,"height":515,"url":"https:\/\/www.koupeltech.com\/wp-content\/uploads\/2026\/SK0028904-CZ20260425-092328-0-1777080210-4656000-pro-fs-pho-sqa-010.jpg-cmv-515wx515h-context-bwfzdg.webp","type":"image\/webp"}],"twitter_card":"summary_large_image","twitter_misc":{"Odhadovan\u00e1 doba \u010dten\u00ed":"3 minuty"},"schema":{"@context":"https:\/\/schema.org","@graph":[{"@type":"WebPage","@id":"https:\/\/www.koupeltech.com\/index.php\/produkt\/objednat-nyni-wolfcraft-4656000-sada-pro-zavesna-nabytkova-kovani-o-35-mm-5-dilna-78190\/","url":"https:\/\/www.koupeltech.com\/index.php\/produkt\/objednat-nyni-wolfcraft-4656000-sada-pro-zavesna-nabytkova-kovani-o-35-mm-5-dilna-78190\/","name":"Objednat Nyn\u00ed Wolfcraft 4656000 Sada pro z\u00e1v\u011bsn\u00e1 n\u00e1bytkov\u00e1 kov\u00e1n\u00ed, \u00d8 35 mm, 5-d\u00edln\u00e1 -","isPartOf":{"@id":"https:\/\/www.koupeltech.com\/#website"},"primaryImageOfPage":{"@id":"https:\/\/www.koupeltech.com\/index.php\/produkt\/objednat-nyni-wolfcraft-4656000-sada-pro-zavesna-nabytkova-kovani-o-35-mm-5-dilna-78190\/#primaryimage"},"image":{"@id":"https:\/\/www.koupeltech.com\/index.php\/produkt\/objednat-nyni-wolfcraft-4656000-sada-pro-zavesna-nabytkova-kovani-o-35-mm-5-dilna-78190\/#primaryimage"},"thumbnailUrl":"https:\/\/www.koupeltech.com\/wp-content\/uploads\/2026\/SK0028904-CZ20260425-092328-0-1777080210-4656000-pro-fs-pho-sqa-010.jpg-cmv-515wx515h-context-bwfzdg.webp","datePublished":"2026-04-27T14:08:00+00:00","breadcrumb":{"@id":"https:\/\/www.koupeltech.com\/index.php\/produkt\/objednat-nyni-wolfcraft-4656000-sada-pro-zavesna-nabytkova-kovani-o-35-mm-5-dilna-78190\/#breadcrumb"},"inLanguage":"cs","potentialAction":[{"@type":"ReadAction","target":["https:\/\/www.koupeltech.com\/index.php\/produkt\/objednat-nyni-wolfcraft-4656000-sada-pro-zavesna-nabytkova-kovani-o-35-mm-5-dilna-78190\/"]}]},{"@type":"ImageObject","inLanguage":"cs","@id":"https:\/\/www.koupeltech.com\/index.php\/produkt\/objednat-nyni-wolfcraft-4656000-sada-pro-zavesna-nabytkova-kovani-o-35-mm-5-dilna-78190\/#primaryimage","url":"https:\/\/www.koupeltech.com\/wp-content\/uploads\/2026\/SK0028904-CZ20260425-092328-0-1777080210-4656000-pro-fs-pho-sqa-010.jpg-cmv-515wx515h-context-bwfzdg.webp","contentUrl":"https:\/\/www.koupeltech.com\/wp-content\/uploads\/2026\/SK0028904-CZ20260425-092328-0-1777080210-4656000-pro-fs-pho-sqa-010.jpg-cmv-515wx515h-context-bwfzdg.webp","width":515,"height":515},{"@type":"BreadcrumbList","@id":"https:\/\/www.koupeltech.com\/index.php\/produkt\/objednat-nyni-wolfcraft-4656000-sada-pro-zavesna-nabytkova-kovani-o-35-mm-5-dilna-78190\/#breadcrumb","itemListElement":[{"@type":"ListItem","position":1,"name":"Home","item":"https:\/\/www.koupeltech.com\/"},{"@type":"ListItem","position":2,"name":"Products","item":"https:\/\/www.koupeltech.com\/index.php\/products\/"},{"@type":"ListItem","position":3,"name":"Objednat Nyn\u00ed Wolfcraft 4656000 Sada pro z\u00e1v\u011bsn\u00e1 n\u00e1bytkov\u00e1 kov\u00e1n\u00ed, \u00d8 35 mm, 5-d\u00edln\u00e1"}]},{"@type":"WebSite","@id":"https:\/\/www.koupeltech.com\/#website","url":"https:\/\/www.koupeltech.com\/","name":"","description":"","potentialAction":[{"@type":"SearchAction","target":{"@type":"EntryPoint","urlTemplate":"https:\/\/www.koupeltech.com\/?s={search_term_string}"},"query-input":{"@type":"PropertyValueSpecification","valueRequired":true,"valueName":"search_term_string"}}],"inLanguage":"cs"}]}},"_links":{"self":[{"href":"https:\/\/www.koupeltech.com\/index.php\/wp-json\/wp\/v2\/product\/78190","targetHints":{"allow":["GET"]}}],"collection":[{"href":"https:\/\/www.koupeltech.com\/index.php\/wp-json\/wp\/v2\/product"}],"about":[{"href":"https:\/\/www.koupeltech.com\/index.php\/wp-json\/wp\/v2\/types\/product"}],"replies":[{"embeddable":true,"href":"https:\/\/www.koupeltech.com\/index.php\/wp-json\/wp\/v2\/comments?post=78190"}],"wp:featuredmedia":[{"embeddable":true,"href":"https:\/\/www.koupeltech.com\/index.php\/wp-json\/wp\/v2\/media\/78290"}],"wp:attachment":[{"href":"https:\/\/www.koupeltech.com\/index.php\/wp-json\/wp\/v2\/media?parent=78190"}],"wp:term":[{"taxonomy":"product_brand","embeddable":true,"href":"https:\/\/www.koupeltech.com\/index.php\/wp-json\/wp\/v2\/product_brand?post=78190"},{"taxonomy":"product_cat","embeddable":true,"href":"https:\/\/www.koupeltech.com\/index.php\/wp-json\/wp\/v2\/product_cat?post=78190"},{"taxonomy":"product_tag","embeddable":true,"href":"https:\/\/www.koupeltech.com\/index.php\/wp-json\/wp\/v2\/product_tag?post=78190"}],"curies":[{"name":"wp","href":"https:\/\/api.w.org\/{rel}","templated":true}]}}