{"id":7962,"date":"2026-04-27T13:57:00","date_gmt":"2026-04-27T13:57:00","guid":{"rendered":""},"modified":"2026-04-27T13:57:00","modified_gmt":"2026-04-27T13:57:00","slug":"znackovy-gude-domaci-vodarna-hww-1400-3-vf-inox-7962","status":"publish","type":"product","link":"https:\/\/www.koupeltech.com\/index.php\/produkt\/znackovy-gude-domaci-vodarna-hww-1400-3-vf-inox-7962\/","title":{"rendered":"Zna\u010dkov\u00fd G\u00dcDE Dom\u00e1c\u00ed vod\u00e1rna HWW 1400.3 VF INOX"},"content":{"rendered":"<table>\n<div class=\"tab-pane active product-description\" id=\"popis\" role=\"tabpanel\">\n<div class=\"short-description\" itemprop=\"description\"><\/div>\n<div class=\"description\">\n<p><span class=\"bullet-line\">Elektronicky \u0159\u00edzen\u00e1 dom\u00e1c\u00ed vod\u00e1rna, ur\u010den\u00e1 k \u010derp\u00e1n\u00ed (\u010dist\u00e9) u\u017eitkov\u00e9 vody za \u00fa\u010delem z\u00e1sobov\u00e1n\u00ed dom\u00e1cnosti nebo zavla\u017eov\u00e1n\u00ed zahrady.<\/span><br \/><span class=\"bullet-line\">\u010cerp\u00e1n\u00ed studni\u010dn\u00ed, pramenit\u00e9 nebo de\u0161\u0165ov\u00e9 vody ze sud\u016f, cisteren a z\u00e1sobn\u00edk\u016f \u2022 dod\u00e1vky vody pro automatickou pra\u010dku, splachov\u00e1n\u00ed toalety ad. \u2022 zal\u00e9v\u00e1n\u00ed tr\u00e1vn\u00edku a z\u00e1hon\u016f.<\/span><br \/><span class=\"bullet-line\">LCD displej s nastaven\u00edm vhodn\u00e9ho provozn\u00edho re\u017eimu (automatick\u00fd, nep\u0159etr\u017eit\u00fd, \u010dasov\u011b omezen\u00fd), zobrazen\u00edm pr\u016fto\u010dn\u00e9ho mno\u017estv\u00ed, dopravn\u00ed v\u00fd\u0161ky a chybov\u00fdch hl\u00e1\u0161en\u00ed.<\/span><br \/><span class=\"bullet-line\">Integrovan\u00fd tlakov\u00fd sp\u00edna\u010d s ochranou proti chodu nasucho \u2022 vestav\u011bn\u00fd vodn\u00ed filtr, slou\u017e\u00edc\u00ed k odd\u011blen\u00ed a zadr\u017een\u00ed p\u00edsku \u010di jin\u00fdch (organick\u00fdch) ne\u010distot, obsa\u017een\u00fdch v \u010derpan\u00e9 vod\u011b.<\/span><br \/><span class=\"bullet-line\">Samonas\u00e1vac\u00ed \u010derpadlo \u2022 jednostup\u0148ov\u00e9 hnac\u00ed \u00fastroj\u00ed (ob\u011b\u017en\u00e9 kolo z termoplastu) \u2022 24 l n\u00e1doba z nerezov\u00e9 oceli.<\/span><br \/><span class=\"bullet-line\">Motor 1.400 W\/P1 (tepeln\u00e1 ochrana), 1,5 m s\u00ed\u0165ov\u00fd kabel H07 RN-F.<\/span><\/p>\n<p>\u25ba Konstrukce:<span class=\"bullet-line\">p\u0159\u00edpojky sac\u00edho i v\u00fdtla\u010dn\u00e9ho veden\u00ed s kovov\u00fdmi z\u00e1vity, keramick\u00e1 ucp\u00e1vka, manometr, rukoje\u0165 pro pohodln\u00e9 p\u0159en\u00e1\u0161en\u00ed.<\/span><\/p>\n<p>\u25ba Celkov\u00e9 rozm\u011bry (d x \u0161 x v):<span class=\"bullet-line\">500 x 265 x 600 mm, max. teplota p\u0159e\u010derp\u00e1van\u00e9 vody: 35 \u00b0C, hladina akustick\u00e9ho v\u00fdkonu LWA: 83 dB (A), stupe\u0148 kryt\u00ed: IP X4.<\/span><\/p>\n<\/div>\n<div class=\"parameters\">\n<tr>\n<td>P\u0159\u00edpojka<\/td>\n<td>230 V~50 Hz<\/td>\n<\/tr>\n<tr>\n<td>Max. pr\u016ftok<\/td>\n<td>4.800 l\/hod<\/td>\n<\/tr>\n<tr>\n<td>Max. sac\u00ed hloubka<\/td>\n<td>8 m<\/td>\n<\/tr>\n<tr>\n<td>Hmotnost (brutto)<\/td>\n<td>16,90 kg<\/td>\n<\/tr>\n<tr>\n<td>V\u00fdkon motoru<\/td>\n<td>1.400 W\/P1<\/td>\n<\/tr>\n<tr>\n<td>Max. v\u00fdtla\u010dn\u00e1 v\u00fd\u0161ka<\/td>\n<td>48 m<\/td>\n<\/tr>\n<tr>\n<td>Pr\u016fm\u011br v\u00fdstupn\u00edho hrdla<\/td>\n<td>1\u201c<\/td>\n<\/tr><\/div>\n<\/table>\n","protected":false},"excerpt":{"rendered":"<p>Elektronicky \u0159\u00edzen\u00e1 dom\u00e1c\u00ed vod\u00e1rna, ur\u010den\u00e1 k \u010derp\u00e1n\u00ed (\u010dist\u00e9) u\u017eitkov\u00e9 vody za \u00fa\u010delem z\u00e1sobov\u00e1n\u00ed dom\u00e1cnosti nebo zavla\u017eov\u00e1n\u00ed zahrady.\u010cerp\u00e1n\u00ed studni\u010dn\u00ed, pramenit\u00e9 nebo de\u0161\u0165ov\u00e9 vody ze sud\u016f, cisteren a z\u00e1sobn\u00edk\u016f \u2022 dod\u00e1vky vody pro automatickou pra\u010dku, splachov\u00e1n\u00ed toalety ad. \u2022 zal\u00e9v\u00e1n\u00ed tr\u00e1vn\u00edku a z\u00e1hon\u016f.LCD displej s nastaven\u00edm vhodn\u00e9ho provozn\u00edho re\u017eimu (automatick\u00fd, nep\u0159etr\u017eit\u00fd, \u010dasov\u011b omezen\u00fd), zobrazen\u00edm pr\u016fto\u010dn\u00e9ho mno\u017estv\u00ed, dopravn\u00ed [&hellip;]<\/p>\n","protected":false},"featured_media":8062,"comment_status":"open","ping_status":"open","template":"","meta":[],"product_brand":[],"product_cat":[44],"product_tag":[],"class_list":{"0":"post-7962","1":"product","2":"type-product","3":"status-publish","4":"has-post-thumbnail","6":"product_cat-zahrada","8":"first","9":"instock","10":"sale","11":"shipping-taxable","12":"purchasable","13":"product-type-simple"},"yoast_head":"<!-- This site is optimized with the Yoast SEO plugin v26.8 - https:\/\/yoast.com\/product\/yoast-seo-wordpress\/ -->\n<title>Zna\u010dkov\u00fd G\u00dcDE Dom\u00e1c\u00ed vod\u00e1rna HWW 1400.3 VF INOX -<\/title>\n<meta name=\"robots\" content=\"index, follow, max-snippet:-1, max-image-preview:large, max-video-preview:-1\" \/>\n<link rel=\"canonical\" href=\"https:\/\/www.koupeltech.com\/index.php\/produkt\/znackovy-gude-domaci-vodarna-hww-1400-3-vf-inox-7962\/\" \/>\n<meta property=\"og:locale\" content=\"cs_CZ\" \/>\n<meta property=\"og:type\" content=\"article\" \/>\n<meta property=\"og:title\" content=\"Zna\u010dkov\u00fd G\u00dcDE Dom\u00e1c\u00ed vod\u00e1rna HWW 1400.3 VF INOX -\" \/>\n<meta property=\"og:description\" content=\"Elektronicky \u0159\u00edzen\u00e1 dom\u00e1c\u00ed vod\u00e1rna, ur\u010den\u00e1 k \u010derp\u00e1n\u00ed (\u010dist\u00e9) u\u017eitkov\u00e9 vody za \u00fa\u010delem z\u00e1sobov\u00e1n\u00ed dom\u00e1cnosti nebo zavla\u017eov\u00e1n\u00ed zahrady.\u010cerp\u00e1n\u00ed studni\u010dn\u00ed, pramenit\u00e9 nebo de\u0161\u0165ov\u00e9 vody ze sud\u016f, cisteren a z\u00e1sobn\u00edk\u016f \u2022 dod\u00e1vky vody pro automatickou pra\u010dku, splachov\u00e1n\u00ed toalety ad. \u2022 zal\u00e9v\u00e1n\u00ed tr\u00e1vn\u00edku a z\u00e1hon\u016f.LCD displej s nastaven\u00edm vhodn\u00e9ho provozn\u00edho re\u017eimu (automatick\u00fd, nep\u0159etr\u017eit\u00fd, \u010dasov\u011b omezen\u00fd), zobrazen\u00edm pr\u016fto\u010dn\u00e9ho mno\u017estv\u00ed, dopravn\u00ed [&hellip;]\" \/>\n<meta property=\"og:url\" content=\"https:\/\/www.koupeltech.com\/index.php\/produkt\/znackovy-gude-domaci-vodarna-hww-1400-3-vf-inox-7962\/\" \/>\n<meta property=\"og:image\" content=\"https:\/\/www.koupeltech.com\/wp-content\/uploads\/2026\/SK0023132-CZ20260425-092328-0-1777080210-snimek-obrazovky-2023-11-09-125335.webp\" \/>\n\t<meta property=\"og:image:width\" content=\"578\" \/>\n\t<meta property=\"og:image:height\" content=\"699\" \/>\n\t<meta property=\"og:image:type\" content=\"image\/webp\" \/>\n<meta name=\"twitter:card\" content=\"summary_large_image\" \/>\n<meta name=\"twitter:label1\" content=\"Odhadovan\u00e1 doba \u010dten\u00ed\" \/>\n\t<meta name=\"twitter:data1\" content=\"1 minuta\" \/>\n<script type=\"application\/ld+json\" class=\"yoast-schema-graph\">{\"@context\":\"https:\/\/schema.org\",\"@graph\":[{\"@type\":\"WebPage\",\"@id\":\"https:\/\/www.koupeltech.com\/index.php\/produkt\/znackovy-gude-domaci-vodarna-hww-1400-3-vf-inox-7962\/\",\"url\":\"https:\/\/www.koupeltech.com\/index.php\/produkt\/znackovy-gude-domaci-vodarna-hww-1400-3-vf-inox-7962\/\",\"name\":\"Zna\u010dkov\u00fd G\u00dcDE Dom\u00e1c\u00ed vod\u00e1rna HWW 1400.3 VF INOX -\",\"isPartOf\":{\"@id\":\"https:\/\/www.koupeltech.com\/#website\"},\"primaryImageOfPage\":{\"@id\":\"https:\/\/www.koupeltech.com\/index.php\/produkt\/znackovy-gude-domaci-vodarna-hww-1400-3-vf-inox-7962\/#primaryimage\"},\"image\":{\"@id\":\"https:\/\/www.koupeltech.com\/index.php\/produkt\/znackovy-gude-domaci-vodarna-hww-1400-3-vf-inox-7962\/#primaryimage\"},\"thumbnailUrl\":\"https:\/\/www.koupeltech.com\/wp-content\/uploads\/2026\/SK0023132-CZ20260425-092328-0-1777080210-snimek-obrazovky-2023-11-09-125335.webp\",\"datePublished\":\"2026-04-27T13:57:00+00:00\",\"breadcrumb\":{\"@id\":\"https:\/\/www.koupeltech.com\/index.php\/produkt\/znackovy-gude-domaci-vodarna-hww-1400-3-vf-inox-7962\/#breadcrumb\"},\"inLanguage\":\"cs\",\"potentialAction\":[{\"@type\":\"ReadAction\",\"target\":[\"https:\/\/www.koupeltech.com\/index.php\/produkt\/znackovy-gude-domaci-vodarna-hww-1400-3-vf-inox-7962\/\"]}]},{\"@type\":\"ImageObject\",\"inLanguage\":\"cs\",\"@id\":\"https:\/\/www.koupeltech.com\/index.php\/produkt\/znackovy-gude-domaci-vodarna-hww-1400-3-vf-inox-7962\/#primaryimage\",\"url\":\"https:\/\/www.koupeltech.com\/wp-content\/uploads\/2026\/SK0023132-CZ20260425-092328-0-1777080210-snimek-obrazovky-2023-11-09-125335.webp\",\"contentUrl\":\"https:\/\/www.koupeltech.com\/wp-content\/uploads\/2026\/SK0023132-CZ20260425-092328-0-1777080210-snimek-obrazovky-2023-11-09-125335.webp\",\"width\":578,\"height\":699},{\"@type\":\"BreadcrumbList\",\"@id\":\"https:\/\/www.koupeltech.com\/index.php\/produkt\/znackovy-gude-domaci-vodarna-hww-1400-3-vf-inox-7962\/#breadcrumb\",\"itemListElement\":[{\"@type\":\"ListItem\",\"position\":1,\"name\":\"Home\",\"item\":\"https:\/\/www.koupeltech.com\/\"},{\"@type\":\"ListItem\",\"position\":2,\"name\":\"Products\",\"item\":\"https:\/\/www.koupeltech.com\/index.php\/products\/\"},{\"@type\":\"ListItem\",\"position\":3,\"name\":\"Zna\u010dkov\u00fd G\u00dcDE Dom\u00e1c\u00ed vod\u00e1rna HWW 1400.3 VF INOX\"}]},{\"@type\":\"WebSite\",\"@id\":\"https:\/\/www.koupeltech.com\/#website\",\"url\":\"https:\/\/www.koupeltech.com\/\",\"name\":\"\",\"description\":\"\",\"potentialAction\":[{\"@type\":\"SearchAction\",\"target\":{\"@type\":\"EntryPoint\",\"urlTemplate\":\"https:\/\/www.koupeltech.com\/?s={search_term_string}\"},\"query-input\":{\"@type\":\"PropertyValueSpecification\",\"valueRequired\":true,\"valueName\":\"search_term_string\"}}],\"inLanguage\":\"cs\"}]}<\/script>\n<!-- \/ Yoast SEO plugin. -->","yoast_head_json":{"title":"Zna\u010dkov\u00fd G\u00dcDE Dom\u00e1c\u00ed vod\u00e1rna HWW 1400.3 VF INOX -","robots":{"index":"index","follow":"follow","max-snippet":"max-snippet:-1","max-image-preview":"max-image-preview:large","max-video-preview":"max-video-preview:-1"},"canonical":"https:\/\/www.koupeltech.com\/index.php\/produkt\/znackovy-gude-domaci-vodarna-hww-1400-3-vf-inox-7962\/","og_locale":"cs_CZ","og_type":"article","og_title":"Zna\u010dkov\u00fd G\u00dcDE Dom\u00e1c\u00ed vod\u00e1rna HWW 1400.3 VF INOX -","og_description":"Elektronicky \u0159\u00edzen\u00e1 dom\u00e1c\u00ed vod\u00e1rna, ur\u010den\u00e1 k \u010derp\u00e1n\u00ed (\u010dist\u00e9) u\u017eitkov\u00e9 vody za \u00fa\u010delem z\u00e1sobov\u00e1n\u00ed dom\u00e1cnosti nebo zavla\u017eov\u00e1n\u00ed zahrady.\u010cerp\u00e1n\u00ed studni\u010dn\u00ed, pramenit\u00e9 nebo de\u0161\u0165ov\u00e9 vody ze sud\u016f, cisteren a z\u00e1sobn\u00edk\u016f \u2022 dod\u00e1vky vody pro automatickou pra\u010dku, splachov\u00e1n\u00ed toalety ad. \u2022 zal\u00e9v\u00e1n\u00ed tr\u00e1vn\u00edku a z\u00e1hon\u016f.LCD displej s nastaven\u00edm vhodn\u00e9ho provozn\u00edho re\u017eimu (automatick\u00fd, nep\u0159etr\u017eit\u00fd, \u010dasov\u011b omezen\u00fd), zobrazen\u00edm pr\u016fto\u010dn\u00e9ho mno\u017estv\u00ed, dopravn\u00ed [&hellip;]","og_url":"https:\/\/www.koupeltech.com\/index.php\/produkt\/znackovy-gude-domaci-vodarna-hww-1400-3-vf-inox-7962\/","og_image":[{"width":578,"height":699,"url":"https:\/\/www.koupeltech.com\/wp-content\/uploads\/2026\/SK0023132-CZ20260425-092328-0-1777080210-snimek-obrazovky-2023-11-09-125335.webp","type":"image\/webp"}],"twitter_card":"summary_large_image","twitter_misc":{"Odhadovan\u00e1 doba \u010dten\u00ed":"1 minuta"},"schema":{"@context":"https:\/\/schema.org","@graph":[{"@type":"WebPage","@id":"https:\/\/www.koupeltech.com\/index.php\/produkt\/znackovy-gude-domaci-vodarna-hww-1400-3-vf-inox-7962\/","url":"https:\/\/www.koupeltech.com\/index.php\/produkt\/znackovy-gude-domaci-vodarna-hww-1400-3-vf-inox-7962\/","name":"Zna\u010dkov\u00fd G\u00dcDE Dom\u00e1c\u00ed vod\u00e1rna HWW 1400.3 VF INOX -","isPartOf":{"@id":"https:\/\/www.koupeltech.com\/#website"},"primaryImageOfPage":{"@id":"https:\/\/www.koupeltech.com\/index.php\/produkt\/znackovy-gude-domaci-vodarna-hww-1400-3-vf-inox-7962\/#primaryimage"},"image":{"@id":"https:\/\/www.koupeltech.com\/index.php\/produkt\/znackovy-gude-domaci-vodarna-hww-1400-3-vf-inox-7962\/#primaryimage"},"thumbnailUrl":"https:\/\/www.koupeltech.com\/wp-content\/uploads\/2026\/SK0023132-CZ20260425-092328-0-1777080210-snimek-obrazovky-2023-11-09-125335.webp","datePublished":"2026-04-27T13:57:00+00:00","breadcrumb":{"@id":"https:\/\/www.koupeltech.com\/index.php\/produkt\/znackovy-gude-domaci-vodarna-hww-1400-3-vf-inox-7962\/#breadcrumb"},"inLanguage":"cs","potentialAction":[{"@type":"ReadAction","target":["https:\/\/www.koupeltech.com\/index.php\/produkt\/znackovy-gude-domaci-vodarna-hww-1400-3-vf-inox-7962\/"]}]},{"@type":"ImageObject","inLanguage":"cs","@id":"https:\/\/www.koupeltech.com\/index.php\/produkt\/znackovy-gude-domaci-vodarna-hww-1400-3-vf-inox-7962\/#primaryimage","url":"https:\/\/www.koupeltech.com\/wp-content\/uploads\/2026\/SK0023132-CZ20260425-092328-0-1777080210-snimek-obrazovky-2023-11-09-125335.webp","contentUrl":"https:\/\/www.koupeltech.com\/wp-content\/uploads\/2026\/SK0023132-CZ20260425-092328-0-1777080210-snimek-obrazovky-2023-11-09-125335.webp","width":578,"height":699},{"@type":"BreadcrumbList","@id":"https:\/\/www.koupeltech.com\/index.php\/produkt\/znackovy-gude-domaci-vodarna-hww-1400-3-vf-inox-7962\/#breadcrumb","itemListElement":[{"@type":"ListItem","position":1,"name":"Home","item":"https:\/\/www.koupeltech.com\/"},{"@type":"ListItem","position":2,"name":"Products","item":"https:\/\/www.koupeltech.com\/index.php\/products\/"},{"@type":"ListItem","position":3,"name":"Zna\u010dkov\u00fd G\u00dcDE Dom\u00e1c\u00ed vod\u00e1rna HWW 1400.3 VF INOX"}]},{"@type":"WebSite","@id":"https:\/\/www.koupeltech.com\/#website","url":"https:\/\/www.koupeltech.com\/","name":"","description":"","potentialAction":[{"@type":"SearchAction","target":{"@type":"EntryPoint","urlTemplate":"https:\/\/www.koupeltech.com\/?s={search_term_string}"},"query-input":{"@type":"PropertyValueSpecification","valueRequired":true,"valueName":"search_term_string"}}],"inLanguage":"cs"}]}},"_links":{"self":[{"href":"https:\/\/www.koupeltech.com\/index.php\/wp-json\/wp\/v2\/product\/7962","targetHints":{"allow":["GET"]}}],"collection":[{"href":"https:\/\/www.koupeltech.com\/index.php\/wp-json\/wp\/v2\/product"}],"about":[{"href":"https:\/\/www.koupeltech.com\/index.php\/wp-json\/wp\/v2\/types\/product"}],"replies":[{"embeddable":true,"href":"https:\/\/www.koupeltech.com\/index.php\/wp-json\/wp\/v2\/comments?post=7962"}],"wp:featuredmedia":[{"embeddable":true,"href":"https:\/\/www.koupeltech.com\/index.php\/wp-json\/wp\/v2\/media\/8062"}],"wp:attachment":[{"href":"https:\/\/www.koupeltech.com\/index.php\/wp-json\/wp\/v2\/media?parent=7962"}],"wp:term":[{"taxonomy":"product_brand","embeddable":true,"href":"https:\/\/www.koupeltech.com\/index.php\/wp-json\/wp\/v2\/product_brand?post=7962"},{"taxonomy":"product_cat","embeddable":true,"href":"https:\/\/www.koupeltech.com\/index.php\/wp-json\/wp\/v2\/product_cat?post=7962"},{"taxonomy":"product_tag","embeddable":true,"href":"https:\/\/www.koupeltech.com\/index.php\/wp-json\/wp\/v2\/product_tag?post=7962"}],"curies":[{"name":"wp","href":"https:\/\/api.w.org\/{rel}","templated":true}]}}