{"id":7975,"date":"2026-04-27T13:57:00","date_gmt":"2026-04-27T13:57:00","guid":{"rendered":""},"modified":"2026-04-27T13:57:00","modified_gmt":"2026-04-27T13:57:00","slug":"gude-sloupova-vrtacka-gsb-20-812-r-l-pouze-dnes-7975","status":"publish","type":"product","link":"https:\/\/www.koupeltech.com\/index.php\/produkt\/gude-sloupova-vrtacka-gsb-20-812-r-l-pouze-dnes-7975\/","title":{"rendered":"G\u00dcDE Sloupov\u00e1 vrta\u010dka GSB 20\/812 R+L Pouze Dnes"},"content":{"rendered":"<table>\n<div class=\"tab-pane active product-description\" id=\"popis\" role=\"tabpanel\">\n<div class=\"short-description\" itemprop=\"description\"><\/div>\n<div class=\"description\">\n<p><span class=\"bullet-line\">Robustn\u00ed sloupov\u00e1 vrta\u010dka, ur\u010den\u00e1 k obr\u00e1b\u011bn\u00ed kov\u016f, d\u0159eva nebo plast\u016f v podm\u00ednk\u00e1ch \u00fadr\u017eb\u00e1\u0159sk\u00fdch\/\u0159emeslnick\u00fdch d\u00edlen, mont\u00e1\u017en\u00edch provoz\u016f apod.<\/span><br \/><span class=\"bullet-line\">Sloup vrta\u010dky (\u2192 d\u00e9lka x pr\u016fm\u011br: 1.100 x 70 mm; max. vzd\u00e1lenost v\u0159eteno &#8211; st\u016fl\/z\u00e1kladna: 610\/1.100 mm), stojn\u00e1 deska z litiny (\u2192 d x \u0161: 240 x 410 mm, v\u010detn\u011b v\u00fdvrt\u016f pro ukotven\u00ed vrta\u010dky k podlaze).<\/span><br \/><span class=\"bullet-line\">12 rychlostn\u00edch stup\u0148\u016f ot\u00e1\u010den\u00ed v\u0159etena (\u2192 210 &#8211; 2.500 ot.\/min.; manu\u00e1ln\u00ed nastaven\u00ed pomoc\u00ed \u0159emenic),<\/span><br \/>p\u0159ep\u00edn\u00e1n\u00ed sm\u011bru ot\u00e1\u010dek (\u2192 P\/L chod).<span class=\"bullet-line\">Rychloup\u00ednac\u00ed skl\u00ed\u010didlo pro n\u00e1stroje a vrt\u00e1ky \u00d8 3 &#8211; 16 mm (\u2192 h\u00e1zivost: &lt; 0,02 mm), nastaven\u00ed hloubky vrt\u00e1n\u00ed (\u2192 1 &#8211; 80 mm; pro v\u011bt\u0161\u00ed s\u00e9rie obrobk\u016f), sklopn\u00fd pracovn\u00ed st\u016fl (\u2192 vrt\u00e1n\u00ed pod \u00fahly; rozsah: \u00b1 45\u00b0).<\/span><br \/><span class=\"bullet-line\">Motor 800 W\/P1 (\u2192 3 x 230\/400 V~50 Hz, 1.400 ot.\/min., typ provozu: S2\/15 min.; s hlin\u00edkov\u00fdm pl\u00e1\u0161t\u011bm pro optim\u00e1ln\u00ed odvod tepla), hlavn\u00ed\/nouzov\u00fd vyp\u00edna\u010d, 2 m p\u0159\u00edpojn\u00fd elektrick\u00fd kabel H05 VV-F.<\/span><\/p>\n<p>\u25ba Konstrukce:<span class=\"bullet-line\">ocelov\u00e9 \u0159emenice (3), v\u0159eteno s k\u00f3nick\u00fdm \u00fachytem\/p\u0159esn\u00fdmi kuli\u010dkov\u00fdmi lo\u017eisky, ku\u017eelov\u00fd trn MK2, masivn\u00ed vrtac\u00ed st\u016fl (\u2192 d x \u0161: 260 x 260 mm; s p\u0159\u00ed\u010dn\u00fdmi dr\u00e1\u017ekami pro upevn\u011bn\u00ed sv\u011br\u00e1ku\/kan\u00e1lky k odv\u00e1d\u011bn\u00ed chladic\u00ed emulze).<\/span><\/p>\n<p>\u25ba Celkov\u00e9 rozm\u011bry (d x \u0161 x v):<span class=\"bullet-line\">630 x 370 x 1.580 mm, hladina akustick\u00e9ho v\u00fdkonu LWA: 76,3 dB (A), elektrick\u00e1 ochrann\u00e1 t\u0159\u00edda: IP 20.<\/span><\/p>\n<p>\u25ba Doporu\u010den\u00e9 p\u0159\u00edslu\u0161enstv\u00ed:<span class=\"bullet-line\">strojn\u00ed sv\u011br\u00e1ky G\u00dcDE 100 mm (38319), 125 mm (38320), 150 mm (38321); T-matice (38308), 8-d\u00edln\u00e1 sada HSS vrt\u00e1k\u016f (38327).<\/span><\/p>\n<\/div>\n<div class=\"parameters\">\n<tr>\n<td>P\u0159\u00edpojka<\/td>\n<td>400 V~50 Hz<\/td>\n<\/tr>\n<tr>\n<td>Zdvih pinoly<\/td>\n<td>80 mm<\/td>\n<\/tr>\n<tr>\n<td>Ot\u00e1\u010dky v\u0159etena<\/td>\n<td>210 &#8211; 2500 ot.\/min.<\/td>\n<\/tr>\n<tr>\n<td>Skl\u00ed\u010didlo<\/td>\n<td>3 &#8211; 16 mm<\/td>\n<\/tr>\n<tr>\n<td>Hmotnost (brutto)<\/td>\n<td>56 kg<\/td>\n<\/tr>\n<tr>\n<td>V\u00fdkon motoru<\/td>\n<td>800 W<\/td>\n<\/tr>\n<tr>\n<td>Vylo\u017een\u00ed<\/td>\n<td>169 mm<\/td>\n<\/tr>\n<tr>\n<td>Po\u010det rychlost\u00ed<\/td>\n<td>12<\/td>\n<\/tr>\n<tr>\n<td>Ku\u017eel v\u0159etena<\/td>\n<td>MK2\/B16<\/td>\n<\/tr><\/div>\n<\/table>\n","protected":false},"excerpt":{"rendered":"<p>Robustn\u00ed sloupov\u00e1 vrta\u010dka, ur\u010den\u00e1 k obr\u00e1b\u011bn\u00ed kov\u016f, d\u0159eva nebo plast\u016f v podm\u00ednk\u00e1ch \u00fadr\u017eb\u00e1\u0159sk\u00fdch\/\u0159emeslnick\u00fdch d\u00edlen, mont\u00e1\u017en\u00edch provoz\u016f apod.Sloup vrta\u010dky (\u2192 d\u00e9lka x pr\u016fm\u011br: 1.100 x 70 mm; max. vzd\u00e1lenost v\u0159eteno &#8211; st\u016fl\/z\u00e1kladna: 610\/1.100 mm), stojn\u00e1 deska z litiny (\u2192 d x \u0161: 240 x 410 mm, v\u010detn\u011b v\u00fdvrt\u016f pro ukotven\u00ed vrta\u010dky k podlaze).12 rychlostn\u00edch stup\u0148\u016f ot\u00e1\u010den\u00ed [&hellip;]<\/p>\n","protected":false},"featured_media":8075,"comment_status":"open","ping_status":"open","template":"","meta":[],"product_brand":[],"product_cat":[47],"product_tag":[],"class_list":{"0":"post-7975","1":"product","2":"type-product","3":"status-publish","4":"has-post-thumbnail","6":"product_cat-stroje","8":"first","9":"instock","10":"sale","11":"shipping-taxable","12":"purchasable","13":"product-type-simple"},"yoast_head":"<!-- This site is optimized with the Yoast SEO plugin v26.8 - https:\/\/yoast.com\/product\/yoast-seo-wordpress\/ -->\n<title>G\u00dcDE Sloupov\u00e1 vrta\u010dka GSB 20\/812 R+L Pouze Dnes -<\/title>\n<meta name=\"robots\" content=\"index, follow, max-snippet:-1, max-image-preview:large, max-video-preview:-1\" \/>\n<link rel=\"canonical\" href=\"https:\/\/www.koupeltech.com\/index.php\/produkt\/gude-sloupova-vrtacka-gsb-20-812-r-l-pouze-dnes-7975\/\" \/>\n<meta property=\"og:locale\" content=\"cs_CZ\" \/>\n<meta property=\"og:type\" content=\"article\" \/>\n<meta property=\"og:title\" content=\"G\u00dcDE Sloupov\u00e1 vrta\u010dka GSB 20\/812 R+L Pouze Dnes -\" \/>\n<meta property=\"og:description\" content=\"Robustn\u00ed sloupov\u00e1 vrta\u010dka, ur\u010den\u00e1 k obr\u00e1b\u011bn\u00ed kov\u016f, d\u0159eva nebo plast\u016f v podm\u00ednk\u00e1ch \u00fadr\u017eb\u00e1\u0159sk\u00fdch\/\u0159emeslnick\u00fdch d\u00edlen, mont\u00e1\u017en\u00edch provoz\u016f apod.Sloup vrta\u010dky (\u2192 d\u00e9lka x pr\u016fm\u011br: 1.100 x 70 mm; max. vzd\u00e1lenost v\u0159eteno &#8211; st\u016fl\/z\u00e1kladna: 610\/1.100 mm), stojn\u00e1 deska z litiny (\u2192 d x \u0161: 240 x 410 mm, v\u010detn\u011b v\u00fdvrt\u016f pro ukotven\u00ed vrta\u010dky k podlaze).12 rychlostn\u00edch stup\u0148\u016f ot\u00e1\u010den\u00ed [&hellip;]\" \/>\n<meta property=\"og:url\" content=\"https:\/\/www.koupeltech.com\/index.php\/produkt\/gude-sloupova-vrtacka-gsb-20-812-r-l-pouze-dnes-7975\/\" \/>\n<meta property=\"og:image\" content=\"https:\/\/www.koupeltech.com\/wp-content\/uploads\/2026\/SK0023145-CZ20260425-092328-0-1777080210-55212-0-l.webp\" \/>\n\t<meta property=\"og:image:width\" content=\"239\" \/>\n\t<meta property=\"og:image:height\" content=\"660\" \/>\n\t<meta property=\"og:image:type\" content=\"image\/webp\" \/>\n<meta name=\"twitter:card\" content=\"summary_large_image\" \/>\n<meta name=\"twitter:label1\" content=\"Odhadovan\u00e1 doba \u010dten\u00ed\" \/>\n\t<meta name=\"twitter:data1\" content=\"2 minuty\" \/>\n<script type=\"application\/ld+json\" class=\"yoast-schema-graph\">{\"@context\":\"https:\/\/schema.org\",\"@graph\":[{\"@type\":\"WebPage\",\"@id\":\"https:\/\/www.koupeltech.com\/index.php\/produkt\/gude-sloupova-vrtacka-gsb-20-812-r-l-pouze-dnes-7975\/\",\"url\":\"https:\/\/www.koupeltech.com\/index.php\/produkt\/gude-sloupova-vrtacka-gsb-20-812-r-l-pouze-dnes-7975\/\",\"name\":\"G\u00dcDE Sloupov\u00e1 vrta\u010dka GSB 20\/812 R+L Pouze Dnes -\",\"isPartOf\":{\"@id\":\"https:\/\/www.koupeltech.com\/#website\"},\"primaryImageOfPage\":{\"@id\":\"https:\/\/www.koupeltech.com\/index.php\/produkt\/gude-sloupova-vrtacka-gsb-20-812-r-l-pouze-dnes-7975\/#primaryimage\"},\"image\":{\"@id\":\"https:\/\/www.koupeltech.com\/index.php\/produkt\/gude-sloupova-vrtacka-gsb-20-812-r-l-pouze-dnes-7975\/#primaryimage\"},\"thumbnailUrl\":\"https:\/\/www.koupeltech.com\/wp-content\/uploads\/2026\/SK0023145-CZ20260425-092328-0-1777080210-55212-0-l.webp\",\"datePublished\":\"2026-04-27T13:57:00+00:00\",\"breadcrumb\":{\"@id\":\"https:\/\/www.koupeltech.com\/index.php\/produkt\/gude-sloupova-vrtacka-gsb-20-812-r-l-pouze-dnes-7975\/#breadcrumb\"},\"inLanguage\":\"cs\",\"potentialAction\":[{\"@type\":\"ReadAction\",\"target\":[\"https:\/\/www.koupeltech.com\/index.php\/produkt\/gude-sloupova-vrtacka-gsb-20-812-r-l-pouze-dnes-7975\/\"]}]},{\"@type\":\"ImageObject\",\"inLanguage\":\"cs\",\"@id\":\"https:\/\/www.koupeltech.com\/index.php\/produkt\/gude-sloupova-vrtacka-gsb-20-812-r-l-pouze-dnes-7975\/#primaryimage\",\"url\":\"https:\/\/www.koupeltech.com\/wp-content\/uploads\/2026\/SK0023145-CZ20260425-092328-0-1777080210-55212-0-l.webp\",\"contentUrl\":\"https:\/\/www.koupeltech.com\/wp-content\/uploads\/2026\/SK0023145-CZ20260425-092328-0-1777080210-55212-0-l.webp\",\"width\":239,\"height\":660},{\"@type\":\"BreadcrumbList\",\"@id\":\"https:\/\/www.koupeltech.com\/index.php\/produkt\/gude-sloupova-vrtacka-gsb-20-812-r-l-pouze-dnes-7975\/#breadcrumb\",\"itemListElement\":[{\"@type\":\"ListItem\",\"position\":1,\"name\":\"Home\",\"item\":\"https:\/\/www.koupeltech.com\/\"},{\"@type\":\"ListItem\",\"position\":2,\"name\":\"Products\",\"item\":\"https:\/\/www.koupeltech.com\/index.php\/products\/\"},{\"@type\":\"ListItem\",\"position\":3,\"name\":\"G\u00dcDE Sloupov\u00e1 vrta\u010dka GSB 20\/812 R+L Pouze Dnes\"}]},{\"@type\":\"WebSite\",\"@id\":\"https:\/\/www.koupeltech.com\/#website\",\"url\":\"https:\/\/www.koupeltech.com\/\",\"name\":\"\",\"description\":\"\",\"potentialAction\":[{\"@type\":\"SearchAction\",\"target\":{\"@type\":\"EntryPoint\",\"urlTemplate\":\"https:\/\/www.koupeltech.com\/?s={search_term_string}\"},\"query-input\":{\"@type\":\"PropertyValueSpecification\",\"valueRequired\":true,\"valueName\":\"search_term_string\"}}],\"inLanguage\":\"cs\"}]}<\/script>\n<!-- \/ Yoast SEO plugin. -->","yoast_head_json":{"title":"G\u00dcDE Sloupov\u00e1 vrta\u010dka GSB 20\/812 R+L Pouze Dnes -","robots":{"index":"index","follow":"follow","max-snippet":"max-snippet:-1","max-image-preview":"max-image-preview:large","max-video-preview":"max-video-preview:-1"},"canonical":"https:\/\/www.koupeltech.com\/index.php\/produkt\/gude-sloupova-vrtacka-gsb-20-812-r-l-pouze-dnes-7975\/","og_locale":"cs_CZ","og_type":"article","og_title":"G\u00dcDE Sloupov\u00e1 vrta\u010dka GSB 20\/812 R+L Pouze Dnes -","og_description":"Robustn\u00ed sloupov\u00e1 vrta\u010dka, ur\u010den\u00e1 k obr\u00e1b\u011bn\u00ed kov\u016f, d\u0159eva nebo plast\u016f v podm\u00ednk\u00e1ch \u00fadr\u017eb\u00e1\u0159sk\u00fdch\/\u0159emeslnick\u00fdch d\u00edlen, mont\u00e1\u017en\u00edch provoz\u016f apod.Sloup vrta\u010dky (\u2192 d\u00e9lka x pr\u016fm\u011br: 1.100 x 70 mm; max. vzd\u00e1lenost v\u0159eteno &#8211; st\u016fl\/z\u00e1kladna: 610\/1.100 mm), stojn\u00e1 deska z litiny (\u2192 d x \u0161: 240 x 410 mm, v\u010detn\u011b v\u00fdvrt\u016f pro ukotven\u00ed vrta\u010dky k podlaze).12 rychlostn\u00edch stup\u0148\u016f ot\u00e1\u010den\u00ed [&hellip;]","og_url":"https:\/\/www.koupeltech.com\/index.php\/produkt\/gude-sloupova-vrtacka-gsb-20-812-r-l-pouze-dnes-7975\/","og_image":[{"width":239,"height":660,"url":"https:\/\/www.koupeltech.com\/wp-content\/uploads\/2026\/SK0023145-CZ20260425-092328-0-1777080210-55212-0-l.webp","type":"image\/webp"}],"twitter_card":"summary_large_image","twitter_misc":{"Odhadovan\u00e1 doba \u010dten\u00ed":"2 minuty"},"schema":{"@context":"https:\/\/schema.org","@graph":[{"@type":"WebPage","@id":"https:\/\/www.koupeltech.com\/index.php\/produkt\/gude-sloupova-vrtacka-gsb-20-812-r-l-pouze-dnes-7975\/","url":"https:\/\/www.koupeltech.com\/index.php\/produkt\/gude-sloupova-vrtacka-gsb-20-812-r-l-pouze-dnes-7975\/","name":"G\u00dcDE Sloupov\u00e1 vrta\u010dka GSB 20\/812 R+L Pouze Dnes -","isPartOf":{"@id":"https:\/\/www.koupeltech.com\/#website"},"primaryImageOfPage":{"@id":"https:\/\/www.koupeltech.com\/index.php\/produkt\/gude-sloupova-vrtacka-gsb-20-812-r-l-pouze-dnes-7975\/#primaryimage"},"image":{"@id":"https:\/\/www.koupeltech.com\/index.php\/produkt\/gude-sloupova-vrtacka-gsb-20-812-r-l-pouze-dnes-7975\/#primaryimage"},"thumbnailUrl":"https:\/\/www.koupeltech.com\/wp-content\/uploads\/2026\/SK0023145-CZ20260425-092328-0-1777080210-55212-0-l.webp","datePublished":"2026-04-27T13:57:00+00:00","breadcrumb":{"@id":"https:\/\/www.koupeltech.com\/index.php\/produkt\/gude-sloupova-vrtacka-gsb-20-812-r-l-pouze-dnes-7975\/#breadcrumb"},"inLanguage":"cs","potentialAction":[{"@type":"ReadAction","target":["https:\/\/www.koupeltech.com\/index.php\/produkt\/gude-sloupova-vrtacka-gsb-20-812-r-l-pouze-dnes-7975\/"]}]},{"@type":"ImageObject","inLanguage":"cs","@id":"https:\/\/www.koupeltech.com\/index.php\/produkt\/gude-sloupova-vrtacka-gsb-20-812-r-l-pouze-dnes-7975\/#primaryimage","url":"https:\/\/www.koupeltech.com\/wp-content\/uploads\/2026\/SK0023145-CZ20260425-092328-0-1777080210-55212-0-l.webp","contentUrl":"https:\/\/www.koupeltech.com\/wp-content\/uploads\/2026\/SK0023145-CZ20260425-092328-0-1777080210-55212-0-l.webp","width":239,"height":660},{"@type":"BreadcrumbList","@id":"https:\/\/www.koupeltech.com\/index.php\/produkt\/gude-sloupova-vrtacka-gsb-20-812-r-l-pouze-dnes-7975\/#breadcrumb","itemListElement":[{"@type":"ListItem","position":1,"name":"Home","item":"https:\/\/www.koupeltech.com\/"},{"@type":"ListItem","position":2,"name":"Products","item":"https:\/\/www.koupeltech.com\/index.php\/products\/"},{"@type":"ListItem","position":3,"name":"G\u00dcDE Sloupov\u00e1 vrta\u010dka GSB 20\/812 R+L Pouze Dnes"}]},{"@type":"WebSite","@id":"https:\/\/www.koupeltech.com\/#website","url":"https:\/\/www.koupeltech.com\/","name":"","description":"","potentialAction":[{"@type":"SearchAction","target":{"@type":"EntryPoint","urlTemplate":"https:\/\/www.koupeltech.com\/?s={search_term_string}"},"query-input":{"@type":"PropertyValueSpecification","valueRequired":true,"valueName":"search_term_string"}}],"inLanguage":"cs"}]}},"_links":{"self":[{"href":"https:\/\/www.koupeltech.com\/index.php\/wp-json\/wp\/v2\/product\/7975","targetHints":{"allow":["GET"]}}],"collection":[{"href":"https:\/\/www.koupeltech.com\/index.php\/wp-json\/wp\/v2\/product"}],"about":[{"href":"https:\/\/www.koupeltech.com\/index.php\/wp-json\/wp\/v2\/types\/product"}],"replies":[{"embeddable":true,"href":"https:\/\/www.koupeltech.com\/index.php\/wp-json\/wp\/v2\/comments?post=7975"}],"wp:featuredmedia":[{"embeddable":true,"href":"https:\/\/www.koupeltech.com\/index.php\/wp-json\/wp\/v2\/media\/8075"}],"wp:attachment":[{"href":"https:\/\/www.koupeltech.com\/index.php\/wp-json\/wp\/v2\/media?parent=7975"}],"wp:term":[{"taxonomy":"product_brand","embeddable":true,"href":"https:\/\/www.koupeltech.com\/index.php\/wp-json\/wp\/v2\/product_brand?post=7975"},{"taxonomy":"product_cat","embeddable":true,"href":"https:\/\/www.koupeltech.com\/index.php\/wp-json\/wp\/v2\/product_cat?post=7975"},{"taxonomy":"product_tag","embeddable":true,"href":"https:\/\/www.koupeltech.com\/index.php\/wp-json\/wp\/v2\/product_tag?post=7975"}],"curies":[{"name":"wp","href":"https:\/\/api.w.org\/{rel}","templated":true}]}}