{"id":7976,"date":"2026-04-27T13:57:00","date_gmt":"2026-04-27T13:57:00","guid":{"rendered":""},"modified":"2026-04-27T13:57:00","modified_gmt":"2026-04-27T13:57:00","slug":"gude-protahovacka-gdh-330-odeslani-ihned-7976","status":"publish","type":"product","link":"https:\/\/www.koupeltech.com\/index.php\/produkt\/gude-protahovacka-gdh-330-odeslani-ihned-7976\/","title":{"rendered":"G\u00dcDE Protahova\u010dka GDH 330 Odesl\u00e1n\u00ed Ihned"},"content":{"rendered":"<table>\n<div class=\"tab-pane active product-description\" id=\"popis\" role=\"tabpanel\">\n<div class=\"short-description\" itemprop=\"description\"><\/div>\n<div class=\"description\"><span class='bullet-line'>P\u0159enosn\u00e1 protahova\u010dka, ur\u010den\u00e1 k obr\u00e1b\u011bn\u00ed deskov\u00e9ho nebo hran\u011bn\u00e9ho (hoblovan\u00e9ho) \u0159eziva.<br \/><\/span><span class='bullet-line'>P\u0159esn\u00e9 opracov\u00e1n\u00ed li\u0161t, lat\u00ed, prken, hranol\u016f apod. na po\u017eadovan\u00e9 rozm\u011bry jejich prota\u017een\u00edm.<br \/><\/span><span class='bullet-line'>Jemn\u00e9 se\u0159\u00edzen\u00ed hloubky \u0159ezu pomoc\u00ed oto\u010dn\u00e9 kliky a ukazatel\u016f (2) \u2022 automatick\u00fd posuv obrobku po v\u00e1lc\u00edch.<br \/><\/span><span class='bullet-line'>Motor 1.500 W\/P1 (s proudovou ochranou), nouzov\u00fd vyp\u00edna\u010d, 1,8 m nap\u00e1jec\u00ed kabel H05 VV-F.<br \/><\/span><br \/>\u25ba Konstrukce:<span class='bullet-line'>robustn\u00ed kovov\u00fd r\u00e1m, HSS \u0159ezn\u00e9 no\u017ee, stabiln\u00ed protahovac\u00ed st\u016fl*, p\u0159\u00edpojka ods\u00e1v\u00e1n\u00ed, zapu\u0161t\u011bn\u00e9 transportn\u00ed rukojeti.<br \/><\/span><br \/>\u25ba P\u0159\u00edslu\u0161enstv\u00ed:<span class='bullet-line'>posunovac\u00ed ty\u010d.<br \/><\/span><br \/>\u25ba Celkov\u00e9 rozm\u011bry (d x \u0161 x v):<span class='bullet-line'>630 x 580 x 500 mm, pracovn\u00ed plocha v\u010d. p\u0159iv\u00e1d\u011bc\u00edho a v\u00fdstupn\u00edho: 630 x 330 mm, hladina akustick\u00e9ho v\u00fdkonu LWA: 111 dB (A).<\/span><\/div>\n<div class=\"parameters\">\n<tr>\n<td>P\u0159\u00edpojka<\/td>\n<td>230 V~50 Hz<\/td>\n<\/tr>\n<tr>\n<td>Volnob\u011b\u017en\u00e9 ot\u00e1\u010dky<\/td>\n<td>8.500 min-1<\/td>\n<\/tr>\n<tr>\n<td>\u0160\u00ed\u0159ka z\u00e1b\u011bru<\/td>\n<td>330 mm<\/td>\n<\/tr>\n<tr>\n<td>Rychlost posuvu<\/td>\n<td>7,4 m\/min-1<\/td>\n<\/tr>\n<tr>\n<td>V\u00fdkon motoru<\/td>\n<td>1.500 W\/P1<\/td>\n<\/tr>\n<tr>\n<td>Po\u010det no\u017e\u016f<\/td>\n<td>2<\/td>\n<\/tr>\n<tr>\n<td>Max. hloubka z\u00e1b\u011bru<\/td>\n<td>2,8 mm<\/td>\n<\/tr>\n<tr>\n<td>Hmotnost (brutto)<\/td>\n<td>30 kg<\/td>\n<\/tr><\/div>\n<\/table>\n","protected":false},"excerpt":{"rendered":"<p>P\u0159enosn\u00e1 protahova\u010dka, ur\u010den\u00e1 k obr\u00e1b\u011bn\u00ed deskov\u00e9ho nebo hran\u011bn\u00e9ho (hoblovan\u00e9ho) \u0159eziva.P\u0159esn\u00e9 opracov\u00e1n\u00ed li\u0161t, lat\u00ed, prken, hranol\u016f apod. na po\u017eadovan\u00e9 rozm\u011bry jejich prota\u017een\u00edm.Jemn\u00e9 se\u0159\u00edzen\u00ed hloubky \u0159ezu pomoc\u00ed oto\u010dn\u00e9 kliky a ukazatel\u016f (2) \u2022 automatick\u00fd posuv obrobku po v\u00e1lc\u00edch.Motor 1.500 W\/P1 (s proudovou ochranou), nouzov\u00fd vyp\u00edna\u010d, 1,8 m nap\u00e1jec\u00ed kabel H05 VV-F.\u25ba Konstrukce:robustn\u00ed kovov\u00fd r\u00e1m, HSS \u0159ezn\u00e9 no\u017ee, [&hellip;]<\/p>\n","protected":false},"featured_media":8076,"comment_status":"open","ping_status":"open","template":"","meta":[],"product_brand":[],"product_cat":[47],"product_tag":[],"class_list":{"0":"post-7976","1":"product","2":"type-product","3":"status-publish","4":"has-post-thumbnail","6":"product_cat-stroje","8":"first","9":"instock","10":"sale","11":"shipping-taxable","12":"purchasable","13":"product-type-simple"},"yoast_head":"<!-- This site is optimized with the Yoast SEO plugin v26.8 - https:\/\/yoast.com\/product\/yoast-seo-wordpress\/ -->\n<title>G\u00dcDE Protahova\u010dka GDH 330 Odesl\u00e1n\u00ed Ihned -<\/title>\n<meta name=\"robots\" content=\"index, follow, max-snippet:-1, max-image-preview:large, max-video-preview:-1\" \/>\n<link rel=\"canonical\" href=\"https:\/\/www.koupeltech.com\/index.php\/produkt\/gude-protahovacka-gdh-330-odeslani-ihned-7976\/\" \/>\n<meta property=\"og:locale\" content=\"cs_CZ\" \/>\n<meta property=\"og:type\" content=\"article\" \/>\n<meta property=\"og:title\" content=\"G\u00dcDE Protahova\u010dka GDH 330 Odesl\u00e1n\u00ed Ihned -\" \/>\n<meta property=\"og:description\" content=\"P\u0159enosn\u00e1 protahova\u010dka, ur\u010den\u00e1 k obr\u00e1b\u011bn\u00ed deskov\u00e9ho nebo hran\u011bn\u00e9ho (hoblovan\u00e9ho) \u0159eziva.P\u0159esn\u00e9 opracov\u00e1n\u00ed li\u0161t, lat\u00ed, prken, hranol\u016f apod. na po\u017eadovan\u00e9 rozm\u011bry jejich prota\u017een\u00edm.Jemn\u00e9 se\u0159\u00edzen\u00ed hloubky \u0159ezu pomoc\u00ed oto\u010dn\u00e9 kliky a ukazatel\u016f (2) \u2022 automatick\u00fd posuv obrobku po v\u00e1lc\u00edch.Motor 1.500 W\/P1 (s proudovou ochranou), nouzov\u00fd vyp\u00edna\u010d, 1,8 m nap\u00e1jec\u00ed kabel H05 VV-F.\u25ba Konstrukce:robustn\u00ed kovov\u00fd r\u00e1m, HSS \u0159ezn\u00e9 no\u017ee, [&hellip;]\" \/>\n<meta property=\"og:url\" content=\"https:\/\/www.koupeltech.com\/index.php\/produkt\/gude-protahovacka-gdh-330-odeslani-ihned-7976\/\" \/>\n<meta property=\"og:image\" content=\"https:\/\/www.koupeltech.com\/wp-content\/uploads\/2026\/SK0023146-CZ20260425-092328-0-1777080210-55268-0-l.webp\" \/>\n\t<meta property=\"og:image:width\" content=\"660\" \/>\n\t<meta property=\"og:image:height\" content=\"660\" \/>\n\t<meta property=\"og:image:type\" content=\"image\/webp\" \/>\n<meta name=\"twitter:card\" content=\"summary_large_image\" \/>\n<meta name=\"twitter:label1\" content=\"Odhadovan\u00e1 doba \u010dten\u00ed\" \/>\n\t<meta name=\"twitter:data1\" content=\"1 minuta\" \/>\n<script type=\"application\/ld+json\" class=\"yoast-schema-graph\">{\"@context\":\"https:\/\/schema.org\",\"@graph\":[{\"@type\":\"WebPage\",\"@id\":\"https:\/\/www.koupeltech.com\/index.php\/produkt\/gude-protahovacka-gdh-330-odeslani-ihned-7976\/\",\"url\":\"https:\/\/www.koupeltech.com\/index.php\/produkt\/gude-protahovacka-gdh-330-odeslani-ihned-7976\/\",\"name\":\"G\u00dcDE Protahova\u010dka GDH 330 Odesl\u00e1n\u00ed Ihned -\",\"isPartOf\":{\"@id\":\"https:\/\/www.koupeltech.com\/#website\"},\"primaryImageOfPage\":{\"@id\":\"https:\/\/www.koupeltech.com\/index.php\/produkt\/gude-protahovacka-gdh-330-odeslani-ihned-7976\/#primaryimage\"},\"image\":{\"@id\":\"https:\/\/www.koupeltech.com\/index.php\/produkt\/gude-protahovacka-gdh-330-odeslani-ihned-7976\/#primaryimage\"},\"thumbnailUrl\":\"https:\/\/www.koupeltech.com\/wp-content\/uploads\/2026\/SK0023146-CZ20260425-092328-0-1777080210-55268-0-l.webp\",\"datePublished\":\"2026-04-27T13:57:00+00:00\",\"breadcrumb\":{\"@id\":\"https:\/\/www.koupeltech.com\/index.php\/produkt\/gude-protahovacka-gdh-330-odeslani-ihned-7976\/#breadcrumb\"},\"inLanguage\":\"cs\",\"potentialAction\":[{\"@type\":\"ReadAction\",\"target\":[\"https:\/\/www.koupeltech.com\/index.php\/produkt\/gude-protahovacka-gdh-330-odeslani-ihned-7976\/\"]}]},{\"@type\":\"ImageObject\",\"inLanguage\":\"cs\",\"@id\":\"https:\/\/www.koupeltech.com\/index.php\/produkt\/gude-protahovacka-gdh-330-odeslani-ihned-7976\/#primaryimage\",\"url\":\"https:\/\/www.koupeltech.com\/wp-content\/uploads\/2026\/SK0023146-CZ20260425-092328-0-1777080210-55268-0-l.webp\",\"contentUrl\":\"https:\/\/www.koupeltech.com\/wp-content\/uploads\/2026\/SK0023146-CZ20260425-092328-0-1777080210-55268-0-l.webp\",\"width\":660,\"height\":660},{\"@type\":\"BreadcrumbList\",\"@id\":\"https:\/\/www.koupeltech.com\/index.php\/produkt\/gude-protahovacka-gdh-330-odeslani-ihned-7976\/#breadcrumb\",\"itemListElement\":[{\"@type\":\"ListItem\",\"position\":1,\"name\":\"Home\",\"item\":\"https:\/\/www.koupeltech.com\/\"},{\"@type\":\"ListItem\",\"position\":2,\"name\":\"Products\",\"item\":\"https:\/\/www.koupeltech.com\/index.php\/products\/\"},{\"@type\":\"ListItem\",\"position\":3,\"name\":\"G\u00dcDE Protahova\u010dka GDH 330 Odesl\u00e1n\u00ed Ihned\"}]},{\"@type\":\"WebSite\",\"@id\":\"https:\/\/www.koupeltech.com\/#website\",\"url\":\"https:\/\/www.koupeltech.com\/\",\"name\":\"\",\"description\":\"\",\"potentialAction\":[{\"@type\":\"SearchAction\",\"target\":{\"@type\":\"EntryPoint\",\"urlTemplate\":\"https:\/\/www.koupeltech.com\/?s={search_term_string}\"},\"query-input\":{\"@type\":\"PropertyValueSpecification\",\"valueRequired\":true,\"valueName\":\"search_term_string\"}}],\"inLanguage\":\"cs\"}]}<\/script>\n<!-- \/ Yoast SEO plugin. -->","yoast_head_json":{"title":"G\u00dcDE Protahova\u010dka GDH 330 Odesl\u00e1n\u00ed Ihned -","robots":{"index":"index","follow":"follow","max-snippet":"max-snippet:-1","max-image-preview":"max-image-preview:large","max-video-preview":"max-video-preview:-1"},"canonical":"https:\/\/www.koupeltech.com\/index.php\/produkt\/gude-protahovacka-gdh-330-odeslani-ihned-7976\/","og_locale":"cs_CZ","og_type":"article","og_title":"G\u00dcDE Protahova\u010dka GDH 330 Odesl\u00e1n\u00ed Ihned -","og_description":"P\u0159enosn\u00e1 protahova\u010dka, ur\u010den\u00e1 k obr\u00e1b\u011bn\u00ed deskov\u00e9ho nebo hran\u011bn\u00e9ho (hoblovan\u00e9ho) \u0159eziva.P\u0159esn\u00e9 opracov\u00e1n\u00ed li\u0161t, lat\u00ed, prken, hranol\u016f apod. na po\u017eadovan\u00e9 rozm\u011bry jejich prota\u017een\u00edm.Jemn\u00e9 se\u0159\u00edzen\u00ed hloubky \u0159ezu pomoc\u00ed oto\u010dn\u00e9 kliky a ukazatel\u016f (2) \u2022 automatick\u00fd posuv obrobku po v\u00e1lc\u00edch.Motor 1.500 W\/P1 (s proudovou ochranou), nouzov\u00fd vyp\u00edna\u010d, 1,8 m nap\u00e1jec\u00ed kabel H05 VV-F.\u25ba Konstrukce:robustn\u00ed kovov\u00fd r\u00e1m, HSS \u0159ezn\u00e9 no\u017ee, [&hellip;]","og_url":"https:\/\/www.koupeltech.com\/index.php\/produkt\/gude-protahovacka-gdh-330-odeslani-ihned-7976\/","og_image":[{"width":660,"height":660,"url":"https:\/\/www.koupeltech.com\/wp-content\/uploads\/2026\/SK0023146-CZ20260425-092328-0-1777080210-55268-0-l.webp","type":"image\/webp"}],"twitter_card":"summary_large_image","twitter_misc":{"Odhadovan\u00e1 doba \u010dten\u00ed":"1 minuta"},"schema":{"@context":"https:\/\/schema.org","@graph":[{"@type":"WebPage","@id":"https:\/\/www.koupeltech.com\/index.php\/produkt\/gude-protahovacka-gdh-330-odeslani-ihned-7976\/","url":"https:\/\/www.koupeltech.com\/index.php\/produkt\/gude-protahovacka-gdh-330-odeslani-ihned-7976\/","name":"G\u00dcDE Protahova\u010dka GDH 330 Odesl\u00e1n\u00ed Ihned -","isPartOf":{"@id":"https:\/\/www.koupeltech.com\/#website"},"primaryImageOfPage":{"@id":"https:\/\/www.koupeltech.com\/index.php\/produkt\/gude-protahovacka-gdh-330-odeslani-ihned-7976\/#primaryimage"},"image":{"@id":"https:\/\/www.koupeltech.com\/index.php\/produkt\/gude-protahovacka-gdh-330-odeslani-ihned-7976\/#primaryimage"},"thumbnailUrl":"https:\/\/www.koupeltech.com\/wp-content\/uploads\/2026\/SK0023146-CZ20260425-092328-0-1777080210-55268-0-l.webp","datePublished":"2026-04-27T13:57:00+00:00","breadcrumb":{"@id":"https:\/\/www.koupeltech.com\/index.php\/produkt\/gude-protahovacka-gdh-330-odeslani-ihned-7976\/#breadcrumb"},"inLanguage":"cs","potentialAction":[{"@type":"ReadAction","target":["https:\/\/www.koupeltech.com\/index.php\/produkt\/gude-protahovacka-gdh-330-odeslani-ihned-7976\/"]}]},{"@type":"ImageObject","inLanguage":"cs","@id":"https:\/\/www.koupeltech.com\/index.php\/produkt\/gude-protahovacka-gdh-330-odeslani-ihned-7976\/#primaryimage","url":"https:\/\/www.koupeltech.com\/wp-content\/uploads\/2026\/SK0023146-CZ20260425-092328-0-1777080210-55268-0-l.webp","contentUrl":"https:\/\/www.koupeltech.com\/wp-content\/uploads\/2026\/SK0023146-CZ20260425-092328-0-1777080210-55268-0-l.webp","width":660,"height":660},{"@type":"BreadcrumbList","@id":"https:\/\/www.koupeltech.com\/index.php\/produkt\/gude-protahovacka-gdh-330-odeslani-ihned-7976\/#breadcrumb","itemListElement":[{"@type":"ListItem","position":1,"name":"Home","item":"https:\/\/www.koupeltech.com\/"},{"@type":"ListItem","position":2,"name":"Products","item":"https:\/\/www.koupeltech.com\/index.php\/products\/"},{"@type":"ListItem","position":3,"name":"G\u00dcDE Protahova\u010dka GDH 330 Odesl\u00e1n\u00ed Ihned"}]},{"@type":"WebSite","@id":"https:\/\/www.koupeltech.com\/#website","url":"https:\/\/www.koupeltech.com\/","name":"","description":"","potentialAction":[{"@type":"SearchAction","target":{"@type":"EntryPoint","urlTemplate":"https:\/\/www.koupeltech.com\/?s={search_term_string}"},"query-input":{"@type":"PropertyValueSpecification","valueRequired":true,"valueName":"search_term_string"}}],"inLanguage":"cs"}]}},"_links":{"self":[{"href":"https:\/\/www.koupeltech.com\/index.php\/wp-json\/wp\/v2\/product\/7976","targetHints":{"allow":["GET"]}}],"collection":[{"href":"https:\/\/www.koupeltech.com\/index.php\/wp-json\/wp\/v2\/product"}],"about":[{"href":"https:\/\/www.koupeltech.com\/index.php\/wp-json\/wp\/v2\/types\/product"}],"replies":[{"embeddable":true,"href":"https:\/\/www.koupeltech.com\/index.php\/wp-json\/wp\/v2\/comments?post=7976"}],"wp:featuredmedia":[{"embeddable":true,"href":"https:\/\/www.koupeltech.com\/index.php\/wp-json\/wp\/v2\/media\/8076"}],"wp:attachment":[{"href":"https:\/\/www.koupeltech.com\/index.php\/wp-json\/wp\/v2\/media?parent=7976"}],"wp:term":[{"taxonomy":"product_brand","embeddable":true,"href":"https:\/\/www.koupeltech.com\/index.php\/wp-json\/wp\/v2\/product_brand?post=7976"},{"taxonomy":"product_cat","embeddable":true,"href":"https:\/\/www.koupeltech.com\/index.php\/wp-json\/wp\/v2\/product_cat?post=7976"},{"taxonomy":"product_tag","embeddable":true,"href":"https:\/\/www.koupeltech.com\/index.php\/wp-json\/wp\/v2\/product_tag?post=7976"}],"curies":[{"name":"wp","href":"https:\/\/api.w.org\/{rel}","templated":true}]}}