{"id":7979,"date":"2026-04-27T13:57:00","date_gmt":"2026-04-27T13:57:00","guid":{"rendered":""},"modified":"2026-04-27T13:57:00","modified_gmt":"2026-04-27T13:57:00","slug":"gude-vibracni-deska-grp-90-vysoce-kvalitni-7979","status":"publish","type":"product","link":"https:\/\/www.koupeltech.com\/index.php\/produkt\/gude-vibracni-deska-grp-90-vysoce-kvalitni-7979\/","title":{"rendered":"G\u00dcDE Vibra\u010dn\u00ed deska GRP 90 Vysoce Kvalitn\u00ed"},"content":{"rendered":"<table>\n<div class=\"tab-pane active product-description\" id=\"popis\" role=\"tabpanel\">\n<div class=\"short-description\" itemprop=\"description\"><\/div>\n<div class=\"description\">\n<p><span class=\"bullet-line\">Robustn\u00ed vibra\u010dn\u00ed deska, vhodn\u00e1 pro zahradn\u00ed a krajin\u00e1\u0159sk\u00e9 \u00fapravy nebo stavebn\u00ed pr\u00e1ce.<\/span><br \/><span class=\"bullet-line\">Zhut\u0148ov\u00e1n\u00ed zemin, kameniva, \u0161t\u011brk\u016f i \u017eivic (\u2192 hloubka stla\u010den\u00ed: 35 cm), vibrov\u00e1n\u00ed\/srovn\u00e1v\u00e1n\u00ed dl\u00e1\u017ed\u011bn\u00fdch ploch, \u00fadr\u017eba a opravy cest; p\u011bchov\u00e1n\u00ed p\u016fdy v z\u00e1kladech staveb, p\u0159ed pokl\u00e1dkou chodn\u00edk\u016f, obrubn\u00edk\u016f atp.<\/span><br \/><span class=\"bullet-line\">Jednosm\u011brn\u00fd posun (\u2192 vp\u0159ed, s ovl\u00e1d\u00e1n\u00edm pomoc\u00ed plynov\u00e9 p\u00e1ky; max. rychlost: 22 m\/min.), ocelov\u00e1 zhut\u0148ovac\u00ed deska 540 x 450 mm.<\/span><br \/><span class=\"bullet-line\">Jednov\u00e1lcov\u00fd 4taktn\u00ed OHV motor POWER-ENGINE 4,8 kW, reverzn\u00ed startovac\u00ed syst\u00e9m, 3,6 l palivov\u00e1 n\u00e1dr\u017e.<\/span><\/p>\n<p>\u25ba Konstrukce:<span class=\"bullet-line\">uzav\u0159en\u00fd kryt kl\u00ednov\u00e9ho \u0159emenu, \u0159\u00eddic\u00ed rukoje\u0165 s p\u011bnovou povrchovou vrstvou, ochrann\u00fd-z\u00e1v\u011bsn\u00fd r\u00e1m.<\/span><\/p>\n<p>\u25ba P\u0159\u00edslu\u0161enstv\u00ed:<span class=\"bullet-line\">polyuretanov\u00e1 podlo\u017eka k vibrov\u00e1n\u00ed dla\u017eby, p\u0159epravn\u00ed podvozek.<\/span><\/p>\n<p>\u25ba Celkov\u00e9 rozm\u011bry (d x \u0161 x v):<span class=\"bullet-line\">1.170 x 440 x 830 mm.<\/span><\/p>\n<\/div>\n<div class=\"parameters\">\n<tr>\n<td>Zdvihov\u00fd objem v\u00e1lce<\/td>\n<td>196 ccm<\/td>\n<\/tr>\n<tr>\n<td>Volnob\u011b\u017en\u00e9 ot\u00e1\u010dky<\/td>\n<td>1.450\/min.<\/td>\n<\/tr>\n<tr>\n<td>Odst\u0159ediv\u00e1 s\u00edla<\/td>\n<td>16 kN<\/td>\n<\/tr>\n<tr>\n<td>Hmotnost (brutto)<\/td>\n<td>97 kg<\/td>\n<\/tr>\n<tr>\n<td>V\u00fdkon motoru<\/td>\n<td>4,1 kW\/5,5 PS<\/td>\n<\/tr>\n<tr>\n<td>Vibra\u010dn\u00ed \u00fadery<\/td>\n<td>4.750\/min.<\/td>\n<\/tr>\n<tr>\n<td>Rychlost posunu<\/td>\n<td>22 m\/min.<\/td>\n<\/tr><\/div>\n<\/table>\n","protected":false},"excerpt":{"rendered":"<p>Robustn\u00ed vibra\u010dn\u00ed deska, vhodn\u00e1 pro zahradn\u00ed a krajin\u00e1\u0159sk\u00e9 \u00fapravy nebo stavebn\u00ed pr\u00e1ce.Zhut\u0148ov\u00e1n\u00ed zemin, kameniva, \u0161t\u011brk\u016f i \u017eivic (\u2192 hloubka stla\u010den\u00ed: 35 cm), vibrov\u00e1n\u00ed\/srovn\u00e1v\u00e1n\u00ed dl\u00e1\u017ed\u011bn\u00fdch ploch, \u00fadr\u017eba a opravy cest; p\u011bchov\u00e1n\u00ed p\u016fdy v z\u00e1kladech staveb, p\u0159ed pokl\u00e1dkou chodn\u00edk\u016f, obrubn\u00edk\u016f atp.Jednosm\u011brn\u00fd posun (\u2192 vp\u0159ed, s ovl\u00e1d\u00e1n\u00edm pomoc\u00ed plynov\u00e9 p\u00e1ky; max. rychlost: 22 m\/min.), ocelov\u00e1 zhut\u0148ovac\u00ed deska 540 [&hellip;]<\/p>\n","protected":false},"featured_media":8079,"comment_status":"open","ping_status":"open","template":"","meta":[],"product_brand":[],"product_cat":[50],"product_tag":[],"class_list":{"0":"post-7979","1":"product","2":"type-product","3":"status-publish","4":"has-post-thumbnail","6":"product_cat-stavebni-technika","8":"first","9":"instock","10":"sale","11":"shipping-taxable","12":"purchasable","13":"product-type-simple"},"yoast_head":"<!-- This site is optimized with the Yoast SEO plugin v26.8 - https:\/\/yoast.com\/product\/yoast-seo-wordpress\/ -->\n<title>G\u00dcDE Vibra\u010dn\u00ed deska GRP 90 Vysoce Kvalitn\u00ed -<\/title>\n<meta name=\"robots\" content=\"index, follow, max-snippet:-1, max-image-preview:large, max-video-preview:-1\" \/>\n<link rel=\"canonical\" href=\"https:\/\/www.koupeltech.com\/index.php\/produkt\/gude-vibracni-deska-grp-90-vysoce-kvalitni-7979\/\" \/>\n<meta property=\"og:locale\" content=\"cs_CZ\" \/>\n<meta property=\"og:type\" content=\"article\" \/>\n<meta property=\"og:title\" content=\"G\u00dcDE Vibra\u010dn\u00ed deska GRP 90 Vysoce Kvalitn\u00ed -\" \/>\n<meta property=\"og:description\" content=\"Robustn\u00ed vibra\u010dn\u00ed deska, vhodn\u00e1 pro zahradn\u00ed a krajin\u00e1\u0159sk\u00e9 \u00fapravy nebo stavebn\u00ed pr\u00e1ce.Zhut\u0148ov\u00e1n\u00ed zemin, kameniva, \u0161t\u011brk\u016f i \u017eivic (\u2192 hloubka stla\u010den\u00ed: 35 cm), vibrov\u00e1n\u00ed\/srovn\u00e1v\u00e1n\u00ed dl\u00e1\u017ed\u011bn\u00fdch ploch, \u00fadr\u017eba a opravy cest; p\u011bchov\u00e1n\u00ed p\u016fdy v z\u00e1kladech staveb, p\u0159ed pokl\u00e1dkou chodn\u00edk\u016f, obrubn\u00edk\u016f atp.Jednosm\u011brn\u00fd posun (\u2192 vp\u0159ed, s ovl\u00e1d\u00e1n\u00edm pomoc\u00ed plynov\u00e9 p\u00e1ky; max. rychlost: 22 m\/min.), ocelov\u00e1 zhut\u0148ovac\u00ed deska 540 [&hellip;]\" \/>\n<meta property=\"og:url\" content=\"https:\/\/www.koupeltech.com\/index.php\/produkt\/gude-vibracni-deska-grp-90-vysoce-kvalitni-7979\/\" \/>\n<meta property=\"og:image\" content=\"https:\/\/www.koupeltech.com\/wp-content\/uploads\/2026\/SK0023149-CZ20260425-092328-0-1777080210-55538-0-l.webp\" \/>\n\t<meta property=\"og:image:width\" content=\"602\" \/>\n\t<meta property=\"og:image:height\" content=\"660\" \/>\n\t<meta property=\"og:image:type\" content=\"image\/webp\" \/>\n<meta name=\"twitter:card\" content=\"summary_large_image\" \/>\n<meta name=\"twitter:label1\" content=\"Odhadovan\u00e1 doba \u010dten\u00ed\" \/>\n\t<meta name=\"twitter:data1\" content=\"1 minuta\" \/>\n<script type=\"application\/ld+json\" class=\"yoast-schema-graph\">{\"@context\":\"https:\/\/schema.org\",\"@graph\":[{\"@type\":\"WebPage\",\"@id\":\"https:\/\/www.koupeltech.com\/index.php\/produkt\/gude-vibracni-deska-grp-90-vysoce-kvalitni-7979\/\",\"url\":\"https:\/\/www.koupeltech.com\/index.php\/produkt\/gude-vibracni-deska-grp-90-vysoce-kvalitni-7979\/\",\"name\":\"G\u00dcDE Vibra\u010dn\u00ed deska GRP 90 Vysoce Kvalitn\u00ed -\",\"isPartOf\":{\"@id\":\"https:\/\/www.koupeltech.com\/#website\"},\"primaryImageOfPage\":{\"@id\":\"https:\/\/www.koupeltech.com\/index.php\/produkt\/gude-vibracni-deska-grp-90-vysoce-kvalitni-7979\/#primaryimage\"},\"image\":{\"@id\":\"https:\/\/www.koupeltech.com\/index.php\/produkt\/gude-vibracni-deska-grp-90-vysoce-kvalitni-7979\/#primaryimage\"},\"thumbnailUrl\":\"https:\/\/www.koupeltech.com\/wp-content\/uploads\/2026\/SK0023149-CZ20260425-092328-0-1777080210-55538-0-l.webp\",\"datePublished\":\"2026-04-27T13:57:00+00:00\",\"breadcrumb\":{\"@id\":\"https:\/\/www.koupeltech.com\/index.php\/produkt\/gude-vibracni-deska-grp-90-vysoce-kvalitni-7979\/#breadcrumb\"},\"inLanguage\":\"cs\",\"potentialAction\":[{\"@type\":\"ReadAction\",\"target\":[\"https:\/\/www.koupeltech.com\/index.php\/produkt\/gude-vibracni-deska-grp-90-vysoce-kvalitni-7979\/\"]}]},{\"@type\":\"ImageObject\",\"inLanguage\":\"cs\",\"@id\":\"https:\/\/www.koupeltech.com\/index.php\/produkt\/gude-vibracni-deska-grp-90-vysoce-kvalitni-7979\/#primaryimage\",\"url\":\"https:\/\/www.koupeltech.com\/wp-content\/uploads\/2026\/SK0023149-CZ20260425-092328-0-1777080210-55538-0-l.webp\",\"contentUrl\":\"https:\/\/www.koupeltech.com\/wp-content\/uploads\/2026\/SK0023149-CZ20260425-092328-0-1777080210-55538-0-l.webp\",\"width\":602,\"height\":660},{\"@type\":\"BreadcrumbList\",\"@id\":\"https:\/\/www.koupeltech.com\/index.php\/produkt\/gude-vibracni-deska-grp-90-vysoce-kvalitni-7979\/#breadcrumb\",\"itemListElement\":[{\"@type\":\"ListItem\",\"position\":1,\"name\":\"Home\",\"item\":\"https:\/\/www.koupeltech.com\/\"},{\"@type\":\"ListItem\",\"position\":2,\"name\":\"Products\",\"item\":\"https:\/\/www.koupeltech.com\/index.php\/products\/\"},{\"@type\":\"ListItem\",\"position\":3,\"name\":\"G\u00dcDE Vibra\u010dn\u00ed deska GRP 90 Vysoce Kvalitn\u00ed\"}]},{\"@type\":\"WebSite\",\"@id\":\"https:\/\/www.koupeltech.com\/#website\",\"url\":\"https:\/\/www.koupeltech.com\/\",\"name\":\"\",\"description\":\"\",\"potentialAction\":[{\"@type\":\"SearchAction\",\"target\":{\"@type\":\"EntryPoint\",\"urlTemplate\":\"https:\/\/www.koupeltech.com\/?s={search_term_string}\"},\"query-input\":{\"@type\":\"PropertyValueSpecification\",\"valueRequired\":true,\"valueName\":\"search_term_string\"}}],\"inLanguage\":\"cs\"}]}<\/script>\n<!-- \/ Yoast SEO plugin. -->","yoast_head_json":{"title":"G\u00dcDE Vibra\u010dn\u00ed deska GRP 90 Vysoce Kvalitn\u00ed -","robots":{"index":"index","follow":"follow","max-snippet":"max-snippet:-1","max-image-preview":"max-image-preview:large","max-video-preview":"max-video-preview:-1"},"canonical":"https:\/\/www.koupeltech.com\/index.php\/produkt\/gude-vibracni-deska-grp-90-vysoce-kvalitni-7979\/","og_locale":"cs_CZ","og_type":"article","og_title":"G\u00dcDE Vibra\u010dn\u00ed deska GRP 90 Vysoce Kvalitn\u00ed -","og_description":"Robustn\u00ed vibra\u010dn\u00ed deska, vhodn\u00e1 pro zahradn\u00ed a krajin\u00e1\u0159sk\u00e9 \u00fapravy nebo stavebn\u00ed pr\u00e1ce.Zhut\u0148ov\u00e1n\u00ed zemin, kameniva, \u0161t\u011brk\u016f i \u017eivic (\u2192 hloubka stla\u010den\u00ed: 35 cm), vibrov\u00e1n\u00ed\/srovn\u00e1v\u00e1n\u00ed dl\u00e1\u017ed\u011bn\u00fdch ploch, \u00fadr\u017eba a opravy cest; p\u011bchov\u00e1n\u00ed p\u016fdy v z\u00e1kladech staveb, p\u0159ed pokl\u00e1dkou chodn\u00edk\u016f, obrubn\u00edk\u016f atp.Jednosm\u011brn\u00fd posun (\u2192 vp\u0159ed, s ovl\u00e1d\u00e1n\u00edm pomoc\u00ed plynov\u00e9 p\u00e1ky; max. rychlost: 22 m\/min.), ocelov\u00e1 zhut\u0148ovac\u00ed deska 540 [&hellip;]","og_url":"https:\/\/www.koupeltech.com\/index.php\/produkt\/gude-vibracni-deska-grp-90-vysoce-kvalitni-7979\/","og_image":[{"width":602,"height":660,"url":"https:\/\/www.koupeltech.com\/wp-content\/uploads\/2026\/SK0023149-CZ20260425-092328-0-1777080210-55538-0-l.webp","type":"image\/webp"}],"twitter_card":"summary_large_image","twitter_misc":{"Odhadovan\u00e1 doba \u010dten\u00ed":"1 minuta"},"schema":{"@context":"https:\/\/schema.org","@graph":[{"@type":"WebPage","@id":"https:\/\/www.koupeltech.com\/index.php\/produkt\/gude-vibracni-deska-grp-90-vysoce-kvalitni-7979\/","url":"https:\/\/www.koupeltech.com\/index.php\/produkt\/gude-vibracni-deska-grp-90-vysoce-kvalitni-7979\/","name":"G\u00dcDE Vibra\u010dn\u00ed deska GRP 90 Vysoce Kvalitn\u00ed -","isPartOf":{"@id":"https:\/\/www.koupeltech.com\/#website"},"primaryImageOfPage":{"@id":"https:\/\/www.koupeltech.com\/index.php\/produkt\/gude-vibracni-deska-grp-90-vysoce-kvalitni-7979\/#primaryimage"},"image":{"@id":"https:\/\/www.koupeltech.com\/index.php\/produkt\/gude-vibracni-deska-grp-90-vysoce-kvalitni-7979\/#primaryimage"},"thumbnailUrl":"https:\/\/www.koupeltech.com\/wp-content\/uploads\/2026\/SK0023149-CZ20260425-092328-0-1777080210-55538-0-l.webp","datePublished":"2026-04-27T13:57:00+00:00","breadcrumb":{"@id":"https:\/\/www.koupeltech.com\/index.php\/produkt\/gude-vibracni-deska-grp-90-vysoce-kvalitni-7979\/#breadcrumb"},"inLanguage":"cs","potentialAction":[{"@type":"ReadAction","target":["https:\/\/www.koupeltech.com\/index.php\/produkt\/gude-vibracni-deska-grp-90-vysoce-kvalitni-7979\/"]}]},{"@type":"ImageObject","inLanguage":"cs","@id":"https:\/\/www.koupeltech.com\/index.php\/produkt\/gude-vibracni-deska-grp-90-vysoce-kvalitni-7979\/#primaryimage","url":"https:\/\/www.koupeltech.com\/wp-content\/uploads\/2026\/SK0023149-CZ20260425-092328-0-1777080210-55538-0-l.webp","contentUrl":"https:\/\/www.koupeltech.com\/wp-content\/uploads\/2026\/SK0023149-CZ20260425-092328-0-1777080210-55538-0-l.webp","width":602,"height":660},{"@type":"BreadcrumbList","@id":"https:\/\/www.koupeltech.com\/index.php\/produkt\/gude-vibracni-deska-grp-90-vysoce-kvalitni-7979\/#breadcrumb","itemListElement":[{"@type":"ListItem","position":1,"name":"Home","item":"https:\/\/www.koupeltech.com\/"},{"@type":"ListItem","position":2,"name":"Products","item":"https:\/\/www.koupeltech.com\/index.php\/products\/"},{"@type":"ListItem","position":3,"name":"G\u00dcDE Vibra\u010dn\u00ed deska GRP 90 Vysoce Kvalitn\u00ed"}]},{"@type":"WebSite","@id":"https:\/\/www.koupeltech.com\/#website","url":"https:\/\/www.koupeltech.com\/","name":"","description":"","potentialAction":[{"@type":"SearchAction","target":{"@type":"EntryPoint","urlTemplate":"https:\/\/www.koupeltech.com\/?s={search_term_string}"},"query-input":{"@type":"PropertyValueSpecification","valueRequired":true,"valueName":"search_term_string"}}],"inLanguage":"cs"}]}},"_links":{"self":[{"href":"https:\/\/www.koupeltech.com\/index.php\/wp-json\/wp\/v2\/product\/7979","targetHints":{"allow":["GET"]}}],"collection":[{"href":"https:\/\/www.koupeltech.com\/index.php\/wp-json\/wp\/v2\/product"}],"about":[{"href":"https:\/\/www.koupeltech.com\/index.php\/wp-json\/wp\/v2\/types\/product"}],"replies":[{"embeddable":true,"href":"https:\/\/www.koupeltech.com\/index.php\/wp-json\/wp\/v2\/comments?post=7979"}],"wp:featuredmedia":[{"embeddable":true,"href":"https:\/\/www.koupeltech.com\/index.php\/wp-json\/wp\/v2\/media\/8079"}],"wp:attachment":[{"href":"https:\/\/www.koupeltech.com\/index.php\/wp-json\/wp\/v2\/media?parent=7979"}],"wp:term":[{"taxonomy":"product_brand","embeddable":true,"href":"https:\/\/www.koupeltech.com\/index.php\/wp-json\/wp\/v2\/product_brand?post=7979"},{"taxonomy":"product_cat","embeddable":true,"href":"https:\/\/www.koupeltech.com\/index.php\/wp-json\/wp\/v2\/product_cat?post=7979"},{"taxonomy":"product_tag","embeddable":true,"href":"https:\/\/www.koupeltech.com\/index.php\/wp-json\/wp\/v2\/product_tag?post=7979"}],"curies":[{"name":"wp","href":"https:\/\/api.w.org\/{rel}","templated":true}]}}