{"id":8157,"date":"2026-04-27T13:57:02","date_gmt":"2026-04-27T13:57:02","guid":{"rendered":""},"modified":"2026-04-27T13:57:02","modified_gmt":"2026-04-27T13:57:02","slug":"znackovy-tikkurila-panel-ace-log-treatment-ep-9-l-8157","status":"publish","type":"product","link":"https:\/\/www.koupeltech.com\/index.php\/produkt\/znackovy-tikkurila-panel-ace-log-treatment-ep-9-l-8157\/","title":{"rendered":"Zna\u010dkov\u00fd Tikkurila PANEL ACE LOG TREATMENT EP 9 L"},"content":{"rendered":"<table>\n<div class=\"tab-pane active product-description\" id=\"popis\" role=\"tabpanel\">\n<div class=\"short-description\" itemprop=\"description\"><\/div>\n<div class=\"description\"><span class='bullet-line'>Vodou \u0159editeln\u00fd akryl\u00e1tov\u00fd ochrann\u00fd prost\u0159edek ur\u010den\u00fd pro vnit\u0159n\u00ed nenat\u00edran\u00e9 d\u0159ev\u011bn\u00e9 povrchy, d\u0159ev\u011bn\u00e9 obklady a kulatinu. <br \/><\/span><span class='bullet-line'>Tak\u00e9 se m\u016f\u017ee pou\u017e\u00edt na n\u00e1t\u011br betonu a cihly. <br \/><\/span><span class='bullet-line'>V\u00fdrobek vytv\u00e1\u0159\u00ed ne\u010distot\u011b a vodo-odpudiv\u00fd film.<br \/><\/span><br \/>\u25ba VLASTNOSTI V\u00ddROBKU A ODPOR\u00da\u010cAN\u00c9 POU\u017dITIE<span class='bullet-line'>D\u0159ev\u011bn\u00e9 st\u011bny a stropy, dve\u0159e apod.<\/span><\/div>\n<div class=\"parameters\">\n<tr>\n<td>K\u00d3D V\u00ddROBKU<\/td>\n<td>847_6404<\/td>\n<\/tr>\n<tr>\n<td>HUSTOTA<\/td>\n<td>cca 1,0 kg\/l, ISO 2811<\/td>\n<\/tr>\n<tr>\n<td>SU\u0160INA<\/td>\n<td>cca 16%<\/td>\n<\/tr>\n<tr>\n<td>B\u00c1ZE<\/td>\n<td>EP<\/td>\n<\/tr>\n<tr>\n<td>OBLAST ODST\u00cdN\u016e<\/td>\n<td>\u010cir\u00fd, nebo odst\u00edny ze vzorn\u00edku Interior Lacquer Colour Card.<\/td>\n<\/tr>\n<tr>\n<td>STUPE\u0147 LESKU<\/td>\n<td>polomat<\/td>\n<\/tr>\n<tr>\n<td>BALEN\u00cd<\/td>\n<td>0,9 l, 2,7 l a 9 l<\/td>\n<\/tr>\n<tr>\n<td>VYDATNOST<\/td>\n<td>8-12 m2\/l.<\/td>\n<\/tr>\n<tr>\n<td>DOBA SCHNUT\u00cd (23 \u00b0 C a 50% relativn\u00ed vlhkost vzduchu)<\/td>\n<td>Zaschl\u00fd proti prachu po 1\/2 hodin\u011b, p\u0159ebrousit a p\u0159et\u0159ete po 2-3 hodin\u00e1ch.<\/td>\n<\/tr>\n<tr>\n<td><\/td>\n<td>P\u0159ipraven k pou\u017eit\u00ed na dal\u0161\u00ed den. O\u0161et\u0159en\u00fd povrch kompletn\u011b vytvrdne po 2 t\u00fddnech. B\u011bhem t\u00e9to doby byste nem\u011bli povrch \u010distit, mechanicky nam\u00e1hat a ukl\u00e1dat na n\u011bj p\u0159edm\u011bty.<\/td>\n<\/tr>\n<tr>\n<td>EU VOC 2004\/42 \/ EC [limitn\u00ed hodnota Kat. A\/f 130 g\/l (2010)]<\/td>\n<td>Obsah VOC \u02c2 130g\/l.<\/td>\n<\/tr>\n<tr>\n<td>APLIKACE<\/td>\n<td>\u0160t\u011btcem nebo st\u0159\u00edk\u00e1n\u00edm.<\/td>\n<\/tr>\n<tr>\n<td>\u0158EDIDLO<\/td>\n<td>Voda<\/td>\n<\/tr>\n<tr>\n<td>\u010cI\u0160T\u011aN\u00cd N\u00c1\u0158AD\u00cd<\/td>\n<td>N\u00e1\u0159ad\u00ed o\u010dist\u011bte s vodou.<\/td>\n<\/tr>\n<tr>\n<td>P\u0158EPRAVA A SKLADOVATELNOST<\/td>\n<td>P\u0159eprava a skladov\u00e1n\u00ed v dob\u0159e uzav\u0159en\u00fdch obalech, kter\u00e9 chr\u00e1n\u00ed p\u0159ed vlivem atmosf\u00e9rick\u00fdch podm\u00ednek.<\/td>\n<\/tr>\n<tr>\n<td><\/td>\n<td>P\u0159epravn\u00ed a skladovac\u00ed teplota mus\u00ed b\u00fdt v rozmez\u00ed +5\u00b0C do +25\u00b0C.<\/td>\n<\/tr>\n<tr>\n<td><\/td>\n<td>Chra\u0148te p\u0159ed mrazem a siln\u00fdm slune\u010dn\u00edm z\u00e1\u0159en\u00edm. ADR: nen\u00ed klasifikov\u00e1na.<\/td>\n<\/tr>\n<tr>\n<td>FINSK\u00c1 EMISN\u00cd KLASIFIKACE<\/td>\n<td>M1<\/td>\n<\/tr><\/div>\n<\/table>\n","protected":false},"excerpt":{"rendered":"<p>Vodou \u0159editeln\u00fd akryl\u00e1tov\u00fd ochrann\u00fd prost\u0159edek ur\u010den\u00fd pro vnit\u0159n\u00ed nenat\u00edran\u00e9 d\u0159ev\u011bn\u00e9 povrchy, d\u0159ev\u011bn\u00e9 obklady a kulatinu. Tak\u00e9 se m\u016f\u017ee pou\u017e\u00edt na n\u00e1t\u011br betonu a cihly. V\u00fdrobek vytv\u00e1\u0159\u00ed ne\u010distot\u011b a vodo-odpudiv\u00fd film.\u25ba VLASTNOSTI V\u00ddROBKU A ODPOR\u00da\u010cAN\u00c9 POU\u017dITIED\u0159ev\u011bn\u00e9 st\u011bny a stropy, dve\u0159e apod. K\u00d3D V\u00ddROBKU 847_6404 HUSTOTA cca 1,0 kg\/l, ISO 2811 SU\u0160INA cca 16% B\u00c1ZE EP OBLAST [&hellip;]<\/p>\n","protected":false},"featured_media":8257,"comment_status":"open","ping_status":"open","template":"","meta":[],"product_brand":[],"product_cat":[40,42,41],"product_tag":[],"class_list":{"0":"post-8157","1":"product","2":"type-product","3":"status-publish","4":"has-post-thumbnail","6":"product_cat-barvy","7":"product_cat-chemie","8":"product_cat-laky","10":"first","11":"instock","12":"sale","13":"shipping-taxable","14":"purchasable","15":"product-type-simple"},"yoast_head":"<!-- This site is optimized with the Yoast SEO plugin v26.8 - https:\/\/yoast.com\/product\/yoast-seo-wordpress\/ -->\n<title>Zna\u010dkov\u00fd Tikkurila PANEL ACE LOG TREATMENT EP 9 L -<\/title>\n<meta name=\"robots\" content=\"index, follow, max-snippet:-1, max-image-preview:large, max-video-preview:-1\" \/>\n<link rel=\"canonical\" href=\"https:\/\/www.koupeltech.com\/index.php\/produkt\/znackovy-tikkurila-panel-ace-log-treatment-ep-9-l-8157\/\" \/>\n<meta property=\"og:locale\" content=\"cs_CZ\" \/>\n<meta property=\"og:type\" content=\"article\" \/>\n<meta property=\"og:title\" content=\"Zna\u010dkov\u00fd Tikkurila PANEL ACE LOG TREATMENT EP 9 L -\" \/>\n<meta property=\"og:description\" content=\"Vodou \u0159editeln\u00fd akryl\u00e1tov\u00fd ochrann\u00fd prost\u0159edek ur\u010den\u00fd pro vnit\u0159n\u00ed nenat\u00edran\u00e9 d\u0159ev\u011bn\u00e9 povrchy, d\u0159ev\u011bn\u00e9 obklady a kulatinu. Tak\u00e9 se m\u016f\u017ee pou\u017e\u00edt na n\u00e1t\u011br betonu a cihly. V\u00fdrobek vytv\u00e1\u0159\u00ed ne\u010distot\u011b a vodo-odpudiv\u00fd film.\u25ba VLASTNOSTI V\u00ddROBKU A ODPOR\u00da\u010cAN\u00c9 POU\u017dITIED\u0159ev\u011bn\u00e9 st\u011bny a stropy, dve\u0159e apod. K\u00d3D V\u00ddROBKU 847_6404 HUSTOTA cca 1,0 kg\/l, ISO 2811 SU\u0160INA cca 16% B\u00c1ZE EP OBLAST [&hellip;]\" \/>\n<meta property=\"og:url\" content=\"https:\/\/www.koupeltech.com\/index.php\/produkt\/znackovy-tikkurila-panel-ace-log-treatment-ep-9-l-8157\/\" \/>\n<meta property=\"og:image\" content=\"https:\/\/www.koupeltech.com\/wp-content\/uploads\/2026\/SK0023229-CZ20260425-092328-0-1777080210-36_1.webp\" \/>\n\t<meta property=\"og:image:width\" content=\"203\" \/>\n\t<meta property=\"og:image:height\" content=\"270\" \/>\n\t<meta property=\"og:image:type\" content=\"image\/webp\" \/>\n<meta name=\"twitter:card\" content=\"summary_large_image\" \/>\n<meta name=\"twitter:label1\" content=\"Odhadovan\u00e1 doba \u010dten\u00ed\" \/>\n\t<meta name=\"twitter:data1\" content=\"1 minuta\" \/>\n<script type=\"application\/ld+json\" class=\"yoast-schema-graph\">{\"@context\":\"https:\/\/schema.org\",\"@graph\":[{\"@type\":\"WebPage\",\"@id\":\"https:\/\/www.koupeltech.com\/index.php\/produkt\/znackovy-tikkurila-panel-ace-log-treatment-ep-9-l-8157\/\",\"url\":\"https:\/\/www.koupeltech.com\/index.php\/produkt\/znackovy-tikkurila-panel-ace-log-treatment-ep-9-l-8157\/\",\"name\":\"Zna\u010dkov\u00fd Tikkurila PANEL ACE LOG TREATMENT EP 9 L -\",\"isPartOf\":{\"@id\":\"https:\/\/www.koupeltech.com\/#website\"},\"primaryImageOfPage\":{\"@id\":\"https:\/\/www.koupeltech.com\/index.php\/produkt\/znackovy-tikkurila-panel-ace-log-treatment-ep-9-l-8157\/#primaryimage\"},\"image\":{\"@id\":\"https:\/\/www.koupeltech.com\/index.php\/produkt\/znackovy-tikkurila-panel-ace-log-treatment-ep-9-l-8157\/#primaryimage\"},\"thumbnailUrl\":\"https:\/\/www.koupeltech.com\/wp-content\/uploads\/2026\/SK0023229-CZ20260425-092328-0-1777080210-36_1.webp\",\"datePublished\":\"2026-04-27T13:57:02+00:00\",\"breadcrumb\":{\"@id\":\"https:\/\/www.koupeltech.com\/index.php\/produkt\/znackovy-tikkurila-panel-ace-log-treatment-ep-9-l-8157\/#breadcrumb\"},\"inLanguage\":\"cs\",\"potentialAction\":[{\"@type\":\"ReadAction\",\"target\":[\"https:\/\/www.koupeltech.com\/index.php\/produkt\/znackovy-tikkurila-panel-ace-log-treatment-ep-9-l-8157\/\"]}]},{\"@type\":\"ImageObject\",\"inLanguage\":\"cs\",\"@id\":\"https:\/\/www.koupeltech.com\/index.php\/produkt\/znackovy-tikkurila-panel-ace-log-treatment-ep-9-l-8157\/#primaryimage\",\"url\":\"https:\/\/www.koupeltech.com\/wp-content\/uploads\/2026\/SK0023229-CZ20260425-092328-0-1777080210-36_1.webp\",\"contentUrl\":\"https:\/\/www.koupeltech.com\/wp-content\/uploads\/2026\/SK0023229-CZ20260425-092328-0-1777080210-36_1.webp\",\"width\":203,\"height\":270},{\"@type\":\"BreadcrumbList\",\"@id\":\"https:\/\/www.koupeltech.com\/index.php\/produkt\/znackovy-tikkurila-panel-ace-log-treatment-ep-9-l-8157\/#breadcrumb\",\"itemListElement\":[{\"@type\":\"ListItem\",\"position\":1,\"name\":\"Home\",\"item\":\"https:\/\/www.koupeltech.com\/\"},{\"@type\":\"ListItem\",\"position\":2,\"name\":\"Products\",\"item\":\"https:\/\/www.koupeltech.com\/index.php\/products\/\"},{\"@type\":\"ListItem\",\"position\":3,\"name\":\"Zna\u010dkov\u00fd Tikkurila PANEL ACE LOG TREATMENT EP 9 L\"}]},{\"@type\":\"WebSite\",\"@id\":\"https:\/\/www.koupeltech.com\/#website\",\"url\":\"https:\/\/www.koupeltech.com\/\",\"name\":\"\",\"description\":\"\",\"potentialAction\":[{\"@type\":\"SearchAction\",\"target\":{\"@type\":\"EntryPoint\",\"urlTemplate\":\"https:\/\/www.koupeltech.com\/?s={search_term_string}\"},\"query-input\":{\"@type\":\"PropertyValueSpecification\",\"valueRequired\":true,\"valueName\":\"search_term_string\"}}],\"inLanguage\":\"cs\"}]}<\/script>\n<!-- \/ Yoast SEO plugin. -->","yoast_head_json":{"title":"Zna\u010dkov\u00fd Tikkurila PANEL ACE LOG TREATMENT EP 9 L -","robots":{"index":"index","follow":"follow","max-snippet":"max-snippet:-1","max-image-preview":"max-image-preview:large","max-video-preview":"max-video-preview:-1"},"canonical":"https:\/\/www.koupeltech.com\/index.php\/produkt\/znackovy-tikkurila-panel-ace-log-treatment-ep-9-l-8157\/","og_locale":"cs_CZ","og_type":"article","og_title":"Zna\u010dkov\u00fd Tikkurila PANEL ACE LOG TREATMENT EP 9 L -","og_description":"Vodou \u0159editeln\u00fd akryl\u00e1tov\u00fd ochrann\u00fd prost\u0159edek ur\u010den\u00fd pro vnit\u0159n\u00ed nenat\u00edran\u00e9 d\u0159ev\u011bn\u00e9 povrchy, d\u0159ev\u011bn\u00e9 obklady a kulatinu. Tak\u00e9 se m\u016f\u017ee pou\u017e\u00edt na n\u00e1t\u011br betonu a cihly. V\u00fdrobek vytv\u00e1\u0159\u00ed ne\u010distot\u011b a vodo-odpudiv\u00fd film.\u25ba VLASTNOSTI V\u00ddROBKU A ODPOR\u00da\u010cAN\u00c9 POU\u017dITIED\u0159ev\u011bn\u00e9 st\u011bny a stropy, dve\u0159e apod. K\u00d3D V\u00ddROBKU 847_6404 HUSTOTA cca 1,0 kg\/l, ISO 2811 SU\u0160INA cca 16% B\u00c1ZE EP OBLAST [&hellip;]","og_url":"https:\/\/www.koupeltech.com\/index.php\/produkt\/znackovy-tikkurila-panel-ace-log-treatment-ep-9-l-8157\/","og_image":[{"width":203,"height":270,"url":"https:\/\/www.koupeltech.com\/wp-content\/uploads\/2026\/SK0023229-CZ20260425-092328-0-1777080210-36_1.webp","type":"image\/webp"}],"twitter_card":"summary_large_image","twitter_misc":{"Odhadovan\u00e1 doba \u010dten\u00ed":"1 minuta"},"schema":{"@context":"https:\/\/schema.org","@graph":[{"@type":"WebPage","@id":"https:\/\/www.koupeltech.com\/index.php\/produkt\/znackovy-tikkurila-panel-ace-log-treatment-ep-9-l-8157\/","url":"https:\/\/www.koupeltech.com\/index.php\/produkt\/znackovy-tikkurila-panel-ace-log-treatment-ep-9-l-8157\/","name":"Zna\u010dkov\u00fd Tikkurila PANEL ACE LOG TREATMENT EP 9 L -","isPartOf":{"@id":"https:\/\/www.koupeltech.com\/#website"},"primaryImageOfPage":{"@id":"https:\/\/www.koupeltech.com\/index.php\/produkt\/znackovy-tikkurila-panel-ace-log-treatment-ep-9-l-8157\/#primaryimage"},"image":{"@id":"https:\/\/www.koupeltech.com\/index.php\/produkt\/znackovy-tikkurila-panel-ace-log-treatment-ep-9-l-8157\/#primaryimage"},"thumbnailUrl":"https:\/\/www.koupeltech.com\/wp-content\/uploads\/2026\/SK0023229-CZ20260425-092328-0-1777080210-36_1.webp","datePublished":"2026-04-27T13:57:02+00:00","breadcrumb":{"@id":"https:\/\/www.koupeltech.com\/index.php\/produkt\/znackovy-tikkurila-panel-ace-log-treatment-ep-9-l-8157\/#breadcrumb"},"inLanguage":"cs","potentialAction":[{"@type":"ReadAction","target":["https:\/\/www.koupeltech.com\/index.php\/produkt\/znackovy-tikkurila-panel-ace-log-treatment-ep-9-l-8157\/"]}]},{"@type":"ImageObject","inLanguage":"cs","@id":"https:\/\/www.koupeltech.com\/index.php\/produkt\/znackovy-tikkurila-panel-ace-log-treatment-ep-9-l-8157\/#primaryimage","url":"https:\/\/www.koupeltech.com\/wp-content\/uploads\/2026\/SK0023229-CZ20260425-092328-0-1777080210-36_1.webp","contentUrl":"https:\/\/www.koupeltech.com\/wp-content\/uploads\/2026\/SK0023229-CZ20260425-092328-0-1777080210-36_1.webp","width":203,"height":270},{"@type":"BreadcrumbList","@id":"https:\/\/www.koupeltech.com\/index.php\/produkt\/znackovy-tikkurila-panel-ace-log-treatment-ep-9-l-8157\/#breadcrumb","itemListElement":[{"@type":"ListItem","position":1,"name":"Home","item":"https:\/\/www.koupeltech.com\/"},{"@type":"ListItem","position":2,"name":"Products","item":"https:\/\/www.koupeltech.com\/index.php\/products\/"},{"@type":"ListItem","position":3,"name":"Zna\u010dkov\u00fd Tikkurila PANEL ACE LOG TREATMENT EP 9 L"}]},{"@type":"WebSite","@id":"https:\/\/www.koupeltech.com\/#website","url":"https:\/\/www.koupeltech.com\/","name":"","description":"","potentialAction":[{"@type":"SearchAction","target":{"@type":"EntryPoint","urlTemplate":"https:\/\/www.koupeltech.com\/?s={search_term_string}"},"query-input":{"@type":"PropertyValueSpecification","valueRequired":true,"valueName":"search_term_string"}}],"inLanguage":"cs"}]}},"_links":{"self":[{"href":"https:\/\/www.koupeltech.com\/index.php\/wp-json\/wp\/v2\/product\/8157","targetHints":{"allow":["GET"]}}],"collection":[{"href":"https:\/\/www.koupeltech.com\/index.php\/wp-json\/wp\/v2\/product"}],"about":[{"href":"https:\/\/www.koupeltech.com\/index.php\/wp-json\/wp\/v2\/types\/product"}],"replies":[{"embeddable":true,"href":"https:\/\/www.koupeltech.com\/index.php\/wp-json\/wp\/v2\/comments?post=8157"}],"wp:featuredmedia":[{"embeddable":true,"href":"https:\/\/www.koupeltech.com\/index.php\/wp-json\/wp\/v2\/media\/8257"}],"wp:attachment":[{"href":"https:\/\/www.koupeltech.com\/index.php\/wp-json\/wp\/v2\/media?parent=8157"}],"wp:term":[{"taxonomy":"product_brand","embeddable":true,"href":"https:\/\/www.koupeltech.com\/index.php\/wp-json\/wp\/v2\/product_brand?post=8157"},{"taxonomy":"product_cat","embeddable":true,"href":"https:\/\/www.koupeltech.com\/index.php\/wp-json\/wp\/v2\/product_cat?post=8157"},{"taxonomy":"product_tag","embeddable":true,"href":"https:\/\/www.koupeltech.com\/index.php\/wp-json\/wp\/v2\/product_tag?post=8157"}],"curies":[{"name":"wp","href":"https:\/\/api.w.org\/{rel}","templated":true}]}}