{"id":8170,"date":"2026-04-27T13:57:02","date_gmt":"2026-04-27T13:57:02","guid":{"rendered":""},"modified":"2026-04-27T13:57:02","modified_gmt":"2026-04-27T13:57:02","slug":"zlevneny-tikkurila-unica-super-lacquer-gloss-90-0-225-l-8170","status":"publish","type":"product","link":"https:\/\/www.koupeltech.com\/index.php\/produkt\/zlevneny-tikkurila-unica-super-lacquer-gloss-90-0-225-l-8170\/","title":{"rendered":"Zlevn\u011bn\u00fd Tikkurila UNICA SUPER LACQUER GLOSS (90) 0,225 L"},"content":{"rendered":"<table>\n<div class=\"tab-pane active product-description\" id=\"popis\" role=\"tabpanel\">\n<div class=\"short-description\" itemprop=\"description\">Uveden\u00e1 cena je pouze za b\u00e1zi, ceny odst\u00edn\u016f jsou individu\u00e1ln\u00ed.<\/div>\n<div class=\"description\"><span class='bullet-line'>Rychle schnouc\u00ed, pln\u011b leskl\u00fd uretanov\u00fd alkydov\u00fd lak. <br \/><\/span><span class='bullet-line'>Obsahuje UV ochrann\u00fd prost\u0159edek, kter\u00fd zpomaluje \u00fa\u010dinek \u017eloutnut\u00ed v d\u016fsledku p\u016fsoben\u00ed slune\u010dn\u00edho z\u00e1\u0159en\u00ed. <br \/><\/span><span class='bullet-line'>T\u00f3novan\u00fd produkt poskytuje lep\u0161\u00ed ochranu p\u0159ed UV z\u00e1\u0159en\u00edm ne\u017e net\u00f3novan\u00fd produkt.<br \/><\/span><br \/>\u25ba VLASTNOSTI A DOPORU\u010cEN\u00c9 POU\u017dIT\u00cd<span class='bullet-line'>Doporu\u010den\u00e9 pou\u017eit\u00ed: Lod\u011b, n\u00e1bytek a podlahy, kter\u00e9 jsou vystaveny lehk\u00e9mu mechanick\u00e9mu a chemick\u00e9mu nam\u00e1h\u00e1n\u00ed.<br \/><\/span><span class='bullet-line'>Vhodn\u00fd pro aplikaci na d\u0159ev\u011bn\u00e9 povrchy v interi\u00e9ru a v exteri\u00e9ru.<\/span><\/div>\n<div class=\"parameters\">\n<tr>\n<td>B\u00c1ZE BAREV<\/td>\n<td>B\u00e1ze EP.<\/td>\n<\/tr>\n<tr>\n<td>BAREVN\u00dd ROZSAH<\/td>\n<td>Vzorn\u00edky: Interior wood stains and lacquers, Valtti \u2013 Semitransparent wood finishes. M\u016f\u017ee b\u00fdt t\u00f3nov\u00e1n do Tikkurila pr\u016fhledn\u00fdch odst\u00edn\u016f. Vykonejte zku\u0161ebn\u00ed aplikaci na mal\u00e9 plo\u0161e, abyste se ujistili o spr\u00e1vn\u00e9m v\u00fdb\u011bru odst\u00ednu. Pokud je odst\u00edn p\u0159\u00edli\u0161 tmav\u00fd, p\u0159idejte net\u00f3novan\u00fd lak Unica Super nebo \u0159edidlo White Spirit 1050.<\/td>\n<\/tr>\n<tr>\n<td>KONE\u010cN\u00dd EFEKT<\/td>\n<td>Pln\u00fd lesk.<\/td>\n<\/tr>\n<tr>\n<td>OBJEMOV\u00c1 SU\u0160INA<\/td>\n<td>48%.<\/td>\n<\/tr>\n<tr>\n<td>HUSTOTA<\/td>\n<td>P\u0159ibli\u017en\u011b 0,9 kg\/l, ISO 2811.<\/td>\n<\/tr>\n<tr>\n<td>TEORETICK\u00c1 VYDATNOST<\/td>\n<td>12-14m\u00b2\/l.<\/td>\n<\/tr>\n<tr>\n<td>DOBA SCHNUT\u00cd (23\u00b0C a 50% relativn\u00ed vlhkosti vzduchu)<\/td>\n<td>Such\u00fd proti prachu po 2 hodin\u00e1ch, such\u00fd na manipulaci po 6 hodin\u00e1ch. Dal\u0161\u00ed vrstvu je mo\u017en\u00e9 aplikovat po p\u0159ibli\u017en\u011b 24 hodin\u00e1ch. Produkt dos\u00e1hne kone\u010dnou tvrdost a odolnost po<\/td>\n<\/tr>\n<tr>\n<td>p\u0159ibli\u017en\u011b 4 t\u00fddnech. Doby schnut\u00ed z\u00e1vis\u00ed na ventilaci, relativn\u00ed vlhkosti vzduchu, teplot\u011b a tlou\u0161\u0165ky nanesen\u00e9ho laku.<\/td>\n<td><\/td>\n<\/tr>\n<tr>\n<td>\u0158EDIDLO White<\/td>\n<td>Spirit 1050.<\/td>\n<\/tr>\n<tr>\n<td>APLIKACE<\/td>\n<td>\u0160t\u011btcem nebo st\u0159\u00edk\u00e1n\u00edm.<\/td>\n<\/tr>\n<tr>\n<td><\/td>\n<td>Bezvzduchov\u00e9 st\u0159\u00edk\u00e1n\u00ed: tryska 0,009-0,013\u201c (0,23-0,33mm) \u2013 \u0159ed\u011bn\u00ed 0-10% objemu.<\/td>\n<\/tr>\n<tr>\n<td>\u010cI\u0160TEN\u00cd N\u00c1\u0158AD\u00cd<\/td>\n<td>N\u00e1\u0159ad\u00ed \u010dist\u011bte s White Spirit 1050 nebo Tikkurila Pensselipesu (\u010disti\u010d n\u00e1\u0159ad\u00ed).<\/td>\n<\/tr>\n<tr>\n<td>ODOLNOST V\u016e\u010cI<\/td>\n<td>CHEMIK\u00c1LI\u00cdM: Odol\u00e1v\u00e1 benz\u00ednu, naft\u011b, white spirit, denaturovan\u00e9mu alkoholu, rostlinn\u00fdm a \u017eivo\u010di\u0161n\u00fdm tuk\u016fm, lubrika\u010dn\u00edm olej\u016fm a mast\u00edm.<\/td>\n<\/tr>\n<tr>\n<td><\/td>\n<td>Neodol\u00e1v\u00e1 nap\u0159. \u0159edidl\u016fm.<\/td>\n<\/tr>\n<tr>\n<td><\/td>\n<td>UM\u00ddV\u00c1N\u00cd: Vynikaj\u00edc\u00ed se v\u0161emi b\u011b\u017en\u00fdmi \u010dist\u00edc\u00edmi prost\u0159edky, SFS 3755.<\/td>\n<\/tr>\n<tr>\n<td>BALEN\u00cd<\/td>\n<td>0,225l, 0,9l, 2,7l, 9l.<\/td>\n<\/tr>\n<tr>\n<td>P\u0158EPRAVA A SKLADOV\u00c1N\u00cd<\/td>\n<td>P\u0159eprava a skladov\u00e1n\u00ed v dob\u0159e uzav\u0159en\u00fdch obalech p\u0159i teplot\u011b od +5\u00b0C do +25\u00b0C.<\/td>\n<\/tr>\n<tr>\n<td><\/td>\n<td>Neovlivn\u011bn p\u0159epravou ani skladov\u00e1n\u00edm v chladu. \u0160patn\u011b uzav\u0159en\u00e9 plechovky, nebo mal\u00e9 balen\u00ed nevydr\u017e\u00ed dlouh\u00e9 skladov\u00e1n\u00ed.<\/td>\n<\/tr>\n<tr>\n<td>EU VOC 2004\/42\/EC [limitn\u00ed hodnota Kat. A\/i 500 g\/l (2010)]<\/td>\n<td>UNICA SUPER 90 obsahuje max. 500 g\/l VOC.<\/td>\n<\/tr><\/div>\n<\/table>\n","protected":false},"excerpt":{"rendered":"<p>Uveden\u00e1 cena je pouze za b\u00e1zi, ceny odst\u00edn\u016f jsou individu\u00e1ln\u00ed. Rychle schnouc\u00ed, pln\u011b leskl\u00fd uretanov\u00fd alkydov\u00fd lak. Obsahuje UV ochrann\u00fd prost\u0159edek, kter\u00fd zpomaluje \u00fa\u010dinek \u017eloutnut\u00ed v d\u016fsledku p\u016fsoben\u00ed slune\u010dn\u00edho z\u00e1\u0159en\u00ed. T\u00f3novan\u00fd produkt poskytuje lep\u0161\u00ed ochranu p\u0159ed UV z\u00e1\u0159en\u00edm ne\u017e net\u00f3novan\u00fd produkt.\u25ba VLASTNOSTI A DOPORU\u010cEN\u00c9 POU\u017dIT\u00cdDoporu\u010den\u00e9 pou\u017eit\u00ed: Lod\u011b, n\u00e1bytek a podlahy, kter\u00e9 jsou vystaveny lehk\u00e9mu mechanick\u00e9mu [&hellip;]<\/p>\n","protected":false},"featured_media":8270,"comment_status":"open","ping_status":"open","template":"","meta":[],"product_brand":[],"product_cat":[40,42,41],"product_tag":[],"class_list":{"0":"post-8170","1":"product","2":"type-product","3":"status-publish","4":"has-post-thumbnail","6":"product_cat-barvy","7":"product_cat-chemie","8":"product_cat-laky","10":"first","11":"instock","12":"sale","13":"shipping-taxable","14":"purchasable","15":"product-type-simple"},"yoast_head":"<!-- This site is optimized with the Yoast SEO plugin v26.8 - https:\/\/yoast.com\/product\/yoast-seo-wordpress\/ -->\n<title>Zlevn\u011bn\u00fd Tikkurila UNICA SUPER LACQUER GLOSS (90) 0,225 L -<\/title>\n<meta name=\"robots\" content=\"index, follow, max-snippet:-1, max-image-preview:large, max-video-preview:-1\" \/>\n<link rel=\"canonical\" href=\"https:\/\/www.koupeltech.com\/index.php\/produkt\/zlevneny-tikkurila-unica-super-lacquer-gloss-90-0-225-l-8170\/\" \/>\n<meta property=\"og:locale\" content=\"cs_CZ\" \/>\n<meta property=\"og:type\" content=\"article\" \/>\n<meta property=\"og:title\" content=\"Zlevn\u011bn\u00fd Tikkurila UNICA SUPER LACQUER GLOSS (90) 0,225 L -\" \/>\n<meta property=\"og:description\" content=\"Uveden\u00e1 cena je pouze za b\u00e1zi, ceny odst\u00edn\u016f jsou individu\u00e1ln\u00ed. Rychle schnouc\u00ed, pln\u011b leskl\u00fd uretanov\u00fd alkydov\u00fd lak. Obsahuje UV ochrann\u00fd prost\u0159edek, kter\u00fd zpomaluje \u00fa\u010dinek \u017eloutnut\u00ed v d\u016fsledku p\u016fsoben\u00ed slune\u010dn\u00edho z\u00e1\u0159en\u00ed. T\u00f3novan\u00fd produkt poskytuje lep\u0161\u00ed ochranu p\u0159ed UV z\u00e1\u0159en\u00edm ne\u017e net\u00f3novan\u00fd produkt.\u25ba VLASTNOSTI A DOPORU\u010cEN\u00c9 POU\u017dIT\u00cdDoporu\u010den\u00e9 pou\u017eit\u00ed: Lod\u011b, n\u00e1bytek a podlahy, kter\u00e9 jsou vystaveny lehk\u00e9mu mechanick\u00e9mu [&hellip;]\" \/>\n<meta property=\"og:url\" content=\"https:\/\/www.koupeltech.com\/index.php\/produkt\/zlevneny-tikkurila-unica-super-lacquer-gloss-90-0-225-l-8170\/\" \/>\n<meta property=\"og:image\" content=\"https:\/\/www.koupeltech.com\/wp-content\/uploads\/2026\/SK0023242-CZ20260425-092328-0-1777080210-717_1.webp\" \/>\n\t<meta property=\"og:image:width\" content=\"555\" \/>\n\t<meta property=\"og:image:height\" content=\"700\" \/>\n\t<meta property=\"og:image:type\" content=\"image\/webp\" \/>\n<meta name=\"twitter:card\" content=\"summary_large_image\" \/>\n<meta name=\"twitter:label1\" content=\"Odhadovan\u00e1 doba \u010dten\u00ed\" \/>\n\t<meta name=\"twitter:data1\" content=\"2 minuty\" \/>\n<script type=\"application\/ld+json\" class=\"yoast-schema-graph\">{\"@context\":\"https:\/\/schema.org\",\"@graph\":[{\"@type\":\"WebPage\",\"@id\":\"https:\/\/www.koupeltech.com\/index.php\/produkt\/zlevneny-tikkurila-unica-super-lacquer-gloss-90-0-225-l-8170\/\",\"url\":\"https:\/\/www.koupeltech.com\/index.php\/produkt\/zlevneny-tikkurila-unica-super-lacquer-gloss-90-0-225-l-8170\/\",\"name\":\"Zlevn\u011bn\u00fd Tikkurila UNICA SUPER LACQUER GLOSS (90) 0,225 L -\",\"isPartOf\":{\"@id\":\"https:\/\/www.koupeltech.com\/#website\"},\"primaryImageOfPage\":{\"@id\":\"https:\/\/www.koupeltech.com\/index.php\/produkt\/zlevneny-tikkurila-unica-super-lacquer-gloss-90-0-225-l-8170\/#primaryimage\"},\"image\":{\"@id\":\"https:\/\/www.koupeltech.com\/index.php\/produkt\/zlevneny-tikkurila-unica-super-lacquer-gloss-90-0-225-l-8170\/#primaryimage\"},\"thumbnailUrl\":\"https:\/\/www.koupeltech.com\/wp-content\/uploads\/2026\/SK0023242-CZ20260425-092328-0-1777080210-717_1.webp\",\"datePublished\":\"2026-04-27T13:57:02+00:00\",\"breadcrumb\":{\"@id\":\"https:\/\/www.koupeltech.com\/index.php\/produkt\/zlevneny-tikkurila-unica-super-lacquer-gloss-90-0-225-l-8170\/#breadcrumb\"},\"inLanguage\":\"cs\",\"potentialAction\":[{\"@type\":\"ReadAction\",\"target\":[\"https:\/\/www.koupeltech.com\/index.php\/produkt\/zlevneny-tikkurila-unica-super-lacquer-gloss-90-0-225-l-8170\/\"]}]},{\"@type\":\"ImageObject\",\"inLanguage\":\"cs\",\"@id\":\"https:\/\/www.koupeltech.com\/index.php\/produkt\/zlevneny-tikkurila-unica-super-lacquer-gloss-90-0-225-l-8170\/#primaryimage\",\"url\":\"https:\/\/www.koupeltech.com\/wp-content\/uploads\/2026\/SK0023242-CZ20260425-092328-0-1777080210-717_1.webp\",\"contentUrl\":\"https:\/\/www.koupeltech.com\/wp-content\/uploads\/2026\/SK0023242-CZ20260425-092328-0-1777080210-717_1.webp\",\"width\":555,\"height\":700},{\"@type\":\"BreadcrumbList\",\"@id\":\"https:\/\/www.koupeltech.com\/index.php\/produkt\/zlevneny-tikkurila-unica-super-lacquer-gloss-90-0-225-l-8170\/#breadcrumb\",\"itemListElement\":[{\"@type\":\"ListItem\",\"position\":1,\"name\":\"Home\",\"item\":\"https:\/\/www.koupeltech.com\/\"},{\"@type\":\"ListItem\",\"position\":2,\"name\":\"Products\",\"item\":\"https:\/\/www.koupeltech.com\/index.php\/products\/\"},{\"@type\":\"ListItem\",\"position\":3,\"name\":\"Zlevn\u011bn\u00fd Tikkurila UNICA SUPER LACQUER GLOSS (90) 0,225 L\"}]},{\"@type\":\"WebSite\",\"@id\":\"https:\/\/www.koupeltech.com\/#website\",\"url\":\"https:\/\/www.koupeltech.com\/\",\"name\":\"\",\"description\":\"\",\"potentialAction\":[{\"@type\":\"SearchAction\",\"target\":{\"@type\":\"EntryPoint\",\"urlTemplate\":\"https:\/\/www.koupeltech.com\/?s={search_term_string}\"},\"query-input\":{\"@type\":\"PropertyValueSpecification\",\"valueRequired\":true,\"valueName\":\"search_term_string\"}}],\"inLanguage\":\"cs\"}]}<\/script>\n<!-- \/ Yoast SEO plugin. -->","yoast_head_json":{"title":"Zlevn\u011bn\u00fd Tikkurila UNICA SUPER LACQUER GLOSS (90) 0,225 L -","robots":{"index":"index","follow":"follow","max-snippet":"max-snippet:-1","max-image-preview":"max-image-preview:large","max-video-preview":"max-video-preview:-1"},"canonical":"https:\/\/www.koupeltech.com\/index.php\/produkt\/zlevneny-tikkurila-unica-super-lacquer-gloss-90-0-225-l-8170\/","og_locale":"cs_CZ","og_type":"article","og_title":"Zlevn\u011bn\u00fd Tikkurila UNICA SUPER LACQUER GLOSS (90) 0,225 L -","og_description":"Uveden\u00e1 cena je pouze za b\u00e1zi, ceny odst\u00edn\u016f jsou individu\u00e1ln\u00ed. Rychle schnouc\u00ed, pln\u011b leskl\u00fd uretanov\u00fd alkydov\u00fd lak. Obsahuje UV ochrann\u00fd prost\u0159edek, kter\u00fd zpomaluje \u00fa\u010dinek \u017eloutnut\u00ed v d\u016fsledku p\u016fsoben\u00ed slune\u010dn\u00edho z\u00e1\u0159en\u00ed. T\u00f3novan\u00fd produkt poskytuje lep\u0161\u00ed ochranu p\u0159ed UV z\u00e1\u0159en\u00edm ne\u017e net\u00f3novan\u00fd produkt.\u25ba VLASTNOSTI A DOPORU\u010cEN\u00c9 POU\u017dIT\u00cdDoporu\u010den\u00e9 pou\u017eit\u00ed: Lod\u011b, n\u00e1bytek a podlahy, kter\u00e9 jsou vystaveny lehk\u00e9mu mechanick\u00e9mu [&hellip;]","og_url":"https:\/\/www.koupeltech.com\/index.php\/produkt\/zlevneny-tikkurila-unica-super-lacquer-gloss-90-0-225-l-8170\/","og_image":[{"width":555,"height":700,"url":"https:\/\/www.koupeltech.com\/wp-content\/uploads\/2026\/SK0023242-CZ20260425-092328-0-1777080210-717_1.webp","type":"image\/webp"}],"twitter_card":"summary_large_image","twitter_misc":{"Odhadovan\u00e1 doba \u010dten\u00ed":"2 minuty"},"schema":{"@context":"https:\/\/schema.org","@graph":[{"@type":"WebPage","@id":"https:\/\/www.koupeltech.com\/index.php\/produkt\/zlevneny-tikkurila-unica-super-lacquer-gloss-90-0-225-l-8170\/","url":"https:\/\/www.koupeltech.com\/index.php\/produkt\/zlevneny-tikkurila-unica-super-lacquer-gloss-90-0-225-l-8170\/","name":"Zlevn\u011bn\u00fd Tikkurila UNICA SUPER LACQUER GLOSS (90) 0,225 L -","isPartOf":{"@id":"https:\/\/www.koupeltech.com\/#website"},"primaryImageOfPage":{"@id":"https:\/\/www.koupeltech.com\/index.php\/produkt\/zlevneny-tikkurila-unica-super-lacquer-gloss-90-0-225-l-8170\/#primaryimage"},"image":{"@id":"https:\/\/www.koupeltech.com\/index.php\/produkt\/zlevneny-tikkurila-unica-super-lacquer-gloss-90-0-225-l-8170\/#primaryimage"},"thumbnailUrl":"https:\/\/www.koupeltech.com\/wp-content\/uploads\/2026\/SK0023242-CZ20260425-092328-0-1777080210-717_1.webp","datePublished":"2026-04-27T13:57:02+00:00","breadcrumb":{"@id":"https:\/\/www.koupeltech.com\/index.php\/produkt\/zlevneny-tikkurila-unica-super-lacquer-gloss-90-0-225-l-8170\/#breadcrumb"},"inLanguage":"cs","potentialAction":[{"@type":"ReadAction","target":["https:\/\/www.koupeltech.com\/index.php\/produkt\/zlevneny-tikkurila-unica-super-lacquer-gloss-90-0-225-l-8170\/"]}]},{"@type":"ImageObject","inLanguage":"cs","@id":"https:\/\/www.koupeltech.com\/index.php\/produkt\/zlevneny-tikkurila-unica-super-lacquer-gloss-90-0-225-l-8170\/#primaryimage","url":"https:\/\/www.koupeltech.com\/wp-content\/uploads\/2026\/SK0023242-CZ20260425-092328-0-1777080210-717_1.webp","contentUrl":"https:\/\/www.koupeltech.com\/wp-content\/uploads\/2026\/SK0023242-CZ20260425-092328-0-1777080210-717_1.webp","width":555,"height":700},{"@type":"BreadcrumbList","@id":"https:\/\/www.koupeltech.com\/index.php\/produkt\/zlevneny-tikkurila-unica-super-lacquer-gloss-90-0-225-l-8170\/#breadcrumb","itemListElement":[{"@type":"ListItem","position":1,"name":"Home","item":"https:\/\/www.koupeltech.com\/"},{"@type":"ListItem","position":2,"name":"Products","item":"https:\/\/www.koupeltech.com\/index.php\/products\/"},{"@type":"ListItem","position":3,"name":"Zlevn\u011bn\u00fd Tikkurila UNICA SUPER LACQUER GLOSS (90) 0,225 L"}]},{"@type":"WebSite","@id":"https:\/\/www.koupeltech.com\/#website","url":"https:\/\/www.koupeltech.com\/","name":"","description":"","potentialAction":[{"@type":"SearchAction","target":{"@type":"EntryPoint","urlTemplate":"https:\/\/www.koupeltech.com\/?s={search_term_string}"},"query-input":{"@type":"PropertyValueSpecification","valueRequired":true,"valueName":"search_term_string"}}],"inLanguage":"cs"}]}},"_links":{"self":[{"href":"https:\/\/www.koupeltech.com\/index.php\/wp-json\/wp\/v2\/product\/8170","targetHints":{"allow":["GET"]}}],"collection":[{"href":"https:\/\/www.koupeltech.com\/index.php\/wp-json\/wp\/v2\/product"}],"about":[{"href":"https:\/\/www.koupeltech.com\/index.php\/wp-json\/wp\/v2\/types\/product"}],"replies":[{"embeddable":true,"href":"https:\/\/www.koupeltech.com\/index.php\/wp-json\/wp\/v2\/comments?post=8170"}],"wp:featuredmedia":[{"embeddable":true,"href":"https:\/\/www.koupeltech.com\/index.php\/wp-json\/wp\/v2\/media\/8270"}],"wp:attachment":[{"href":"https:\/\/www.koupeltech.com\/index.php\/wp-json\/wp\/v2\/media?parent=8170"}],"wp:term":[{"taxonomy":"product_brand","embeddable":true,"href":"https:\/\/www.koupeltech.com\/index.php\/wp-json\/wp\/v2\/product_brand?post=8170"},{"taxonomy":"product_cat","embeddable":true,"href":"https:\/\/www.koupeltech.com\/index.php\/wp-json\/wp\/v2\/product_cat?post=8170"},{"taxonomy":"product_tag","embeddable":true,"href":"https:\/\/www.koupeltech.com\/index.php\/wp-json\/wp\/v2\/product_tag?post=8170"}],"curies":[{"name":"wp","href":"https:\/\/api.w.org\/{rel}","templated":true}]}}