{"id":8294,"date":"2026-04-27T13:57:03","date_gmt":"2026-04-27T13:57:03","guid":{"rendered":""},"modified":"2026-04-27T13:57:03","modified_gmt":"2026-04-27T13:57:03","slug":"zlevneny-tikkurila-valtti-plus-complete-dark-rosewood-2-5l-8294","status":"publish","type":"product","link":"https:\/\/www.koupeltech.com\/index.php\/produkt\/zlevneny-tikkurila-valtti-plus-complete-dark-rosewood-2-5l-8294\/","title":{"rendered":"Zlevn\u011bn\u00fd Tikkurila VALTTI PLUS COMPLETE DARK ROSEWOOD 2,5L"},"content":{"rendered":"<table>\n<div class=\"tab-pane active product-description\" id=\"popis\" role=\"tabpanel\">\n<div class=\"short-description\" itemprop=\"description\"><\/div>\n<div class=\"description\"><span class='bullet-line'>Rychle schnouc\u00ed, vysoce odoln\u00e1 sat\u00e9nov\u00e1 lazura na d\u0159evo v exteri\u00e9ru.<br \/><\/span><span class='bullet-line'>Valtti Plus Complete je zalo\u017een na inovativn\u00edm syst\u00e9mu Triple Resin System a poskytuje nejvy\u0161\u0161\u00ed \u00farove\u0148 odolnosti a ochranu d\u0159ev\u011bn\u00fdch povrch\u016f p\u0159ed pov\u011btrnostn\u00edmi podm\u00ednkami (vlhkost, slunce, prom\u011bnliv\u00e1<br \/><\/span>teplota).<span class='bullet-line'>Valtti Plus Complete nav\u00edc obsahuje dvojit\u00fd bari\u00e9rov\u00fd UV syst\u00e9m, kter\u00fd poskytuje zv\u00fd\u0161enou ochranu p\u0159ed \u00fa\u010dinky UV z\u00e1\u0159en\u00ed.<br \/><\/span><span class='bullet-line'>Tixotropn\u00ed vlastnosti zaji\u0161\u0165uj\u00ed jednoduchost aplikace, produkt se snadno nat\u00edr\u00e1, nest\u00e9k\u00e1 a nekape. <br \/><\/span><span class='bullet-line'>V\u00fdrobek je k dispozici v hotov\u00fdch odst\u00ednech a tak\u00e9 v t\u00f3novateln\u00e9 verzi v \u0161irok\u00e9 \u0161k\u00e1le atraktivn\u00edch a odoln\u00fdch<br \/><\/span>odst\u00edn\u016f, kter\u00e9 zvy\u0161uj\u00ed p\u0159irozenou kr\u00e1su a strukturu d\u0159eva.<span class='bullet-line'>Tikkurila-v\u00edce ne\u017e 150 let zku\u0161enost\u00ed v oblasti ochrany d\u0159eva.<br \/><\/span><br \/>\u25ba DOPORU\u010cEN\u00c9 POU\u017dIT\u00cd<span class='bullet-line'>M\u016f\u017ee b\u00fdt pou\u017eit k nat\u00edr\u00e1n\u00ed hladk\u00fdch a \u0159ezan\u00fdch tvrd\u00fdch a m\u011bkk\u00fdch d\u0159evin, pr\u016fmyslov\u011b impregnovan\u00e9ho d\u0159eva, Thermowood a exotick\u00e9ho d\u0159eva. <br \/><\/span><span class='bullet-line'>Doporu\u010duje se pro pou\u017eit\u00ed na: fas\u00e1dy, kulatinu, zahradn\u00ed n\u00e1bytek, alt\u00e1ny, okna, dve\u0159e, ploty, z\u00e1bradl\u00ed, malou zahradn\u00ed architekturu. <br \/><\/span><span class='bullet-line'>Pro nat\u00edr\u00e1n\u00ed d\u0159ev\u011bn\u00fdch teras, schod\u016f, plo\u0161in doporu\u010dujeme pou\u017e\u00edt Tikkurila Valtti Terrace Oil Plus,<br \/><\/span>Tikkurila Valtti Wood Oil Akva, Tikkurila Valtti Wood Oil.<\/p>\n<p>\u25ba VLASTNOSTI V\u00ddROBKU<span class='bullet-line'>Ochrana s extr\u00e9mn\u011b dlouhou \u017eivotnost\u00ed \u2013 a\u017e do 10 let.<br \/><\/span><span class='bullet-line'>Sat\u00e9nov\u00fd povrch se zv\u00fd\u0161enou odolnost\u00ed v\u016f\u010di pl\u00edsn\u00edm.<br \/><\/span><span class='bullet-line'>Triple Resin System-nejvy\u0161\u0161\u00ed odolnost v\u016f\u010di pov\u011btrnostn\u00edm podm\u00ednk\u00e1m d\u00edky 3 prysky\u0159i\u010dn\u00fdm sm\u011bs\u00edm. <br \/><\/span><span class='bullet-line'>Ochrana d\u0159eva p\u0159ed prask\u00e1n\u00edm a loup\u00e1n\u00edm.<br \/><\/span><span class='bullet-line'>Schopnost odpuzovat vodu a vlhkost.<br \/><\/span><span class='bullet-line'>Vytv\u00e1\u0159\u00ed mimo\u0159\u00e1dn\u011b trvanliv\u00fd n\u00e1t\u011br d\u00edky efektivn\u00ed schopnosti impregnovat a p\u0159ilnout k povrchu.<br \/><\/span><span class='bullet-line'>Zv\u00fd\u0161en\u00ed \u017eivotnosti d\u0159eva d\u00edky schopnosti ut\u011bsnit a vyplnit mikrotrhliny. <br \/><\/span><span class='bullet-line'>Zv\u00fd\u0161en\u00e1 odolnost v\u016f\u010di po\u0161kr\u00e1b\u00e1n\u00ed a od\u011bru.<br \/><\/span><br \/>\u25ba Vysok\u00e1 barevn\u00e1 trvanlivost.<span class='bullet-line'>Dvojit\u00fd bari\u00e9rov\u00fd UV syst\u00e9m-synergie dvou UV filtr\u016f zaru\u010duje nejvy\u0161\u0161\u00ed odolnost v\u016f\u010di destruktivn\u00edmu UV z\u00e1\u0159en\u00ed.<br \/><\/span><span class='bullet-line'>Stabiln\u00ed a jednotn\u00e1 barva.<br \/><\/span><span class='bullet-line'>Zv\u00fd\u0161en\u00e1 ochrana p\u0159ed ztr\u00e1tou lesku, k\u0159\u00eddov\u00e1n\u00edm a prask\u00e1n\u00edm.<br \/><\/span><br \/>\u25ba Rychleschnouci receptura.<span class='bullet-line'>Okam\u017eit\u00e1 konzervace d\u0159eva po 1 hodin\u011b od aplikace (rovn\u011b\u017e v p\u0159\u00edpad\u011b de\u0161t\u011b).<br \/><\/span><span class='bullet-line'>Nat\u00edr\u00e1n\u00ed do 1 dne: aplikace dal\u0161\u00edho n\u00e1t\u011bru po 2 hodin\u00e1ch.<br \/><\/span><br \/>\u25ba \u00daspora n\u00e1klad\u016f na nat\u00edr\u00e1n\u00ed.<span class='bullet-line'>Extr\u00e9mn\u011b vysok\u00e9 pokryt\u00ed-a\u017e 18 m\u00b2\/l.<\/span><\/div>\n<div class=\"parameters\">\n<tr>\n<td>B\u00c1ZE<\/td>\n<td>EP<\/td>\n<\/tr>\n<tr>\n<td>BAREVN\u00c9 ODST\u00cdNY<\/td>\n<td>VZORN\u00cdK: Tikkurila Valtti Plus Complete, Semi-transparent wood finishes.<\/td>\n<\/tr>\n<tr>\n<td><\/td>\n<td>Barevn\u00e9 odst\u00edny z Tikkurila Semi-Transparent Wood Finishes a Tikkurila Deco Grey vzorn\u00edku. Hotov\u00e9 odst\u00edny: Black Ebony-eben, Amber teak-teak, Ash Grey-\u0161ed\u00e1, Off White-b\u00edl\u00e1, Golden Oak-zlat\u00fd dub, Medium Nut-o\u0159ech, Natural Pine-borovice, Dark Rosewoodpalisandr.<\/td>\n<\/tr>\n<tr>\n<td><\/td>\n<td>Kone\u010dn\u00fd odst\u00edn bude z\u00e1viset na typu d\u0159eva, mno\u017estv\u00ed aplikovan\u00e9ho v\u00fdrobku a p\u016fvodn\u00ed barvy podkladu. Nat\u00edr\u00e1n\u00ed bezbarv\u00fdm produktem je povoleno, av\u0161ak t\u00f3novan\u00fd v\u00fdrobek zvy\u0161uje trvanlivost nat\u0159en\u00e9ho povrchu.<\/td>\n<\/tr>\n<tr>\n<td>STUPE\u0147 LESKU<\/td>\n<td>Matn\u00fd. Sat\u00e9nov\u00e1 povrchov\u00e1 \u00faprava.<\/td>\n<\/tr>\n<tr>\n<td>VYDATNOST<\/td>\n<td>A\u017e do 18 m\u00b2\/l na jeden n\u00e1t\u011br pro aplikaci na hladk\u00e9 d\u0159ev\u011bn\u00e9 povrchy, v z\u00e1vislosti na typu d\u0159eva a obsahu vlhkosti a mno\u017estv\u00ed aplikovan\u00e9ho v\u00fdrobku.<\/td>\n<\/tr>\n<tr>\n<td>SU\u0160INA<\/td>\n<td>27 % obj.<\/td>\n<\/tr>\n<tr>\n<td><\/td>\n<td>28 % hmot.<\/td>\n<\/tr>\n<tr>\n<td>HUSTOTA<\/td>\n<td>1,026 kg\/l.<\/td>\n<\/tr>\n<tr>\n<td>BALEN\u00cd<\/td>\n<td>EP b\u00e1ze: 0,9 l, 2,7 l, 9 l.<\/td>\n<\/tr>\n<tr>\n<td><\/td>\n<td>Hotov\u00e9 odst\u00edny: 0,75 l, 2,5 l, 5 l.<\/td>\n<\/tr>\n<tr>\n<td>DOBA SCHNUT\u00cd (p\u0159i +23 \u00b0C a relativn\u00ed vlhkosti vzduchu 50 %)<\/td>\n<td>Such\u00fd na dotek: po cca 1 hod.<\/td>\n<\/tr>\n<tr>\n<td><\/td>\n<td>Nanesen\u00ed dal\u0161\u00ed vrstvy: po cca 2 hod.<\/td>\n<\/tr>\n<tr>\n<td><\/td>\n<td>Typ d\u0159eva, n\u00edzk\u00e1 teplota a vysok\u00e1 vlhkost mohou prodlou\u017eit dobu schnut\u00ed.<\/td>\n<\/tr>\n<tr>\n<td>EU VOC 2004\/42\/EC [limitn\u00ed hodnota Kat. A\/e 130 g\/l (2010)]<\/td>\n<td>V\u00fdrobek obsahuje m\u00e9n\u011b ne\u017e 130 g\/l VOC.<\/td>\n<\/tr>\n<tr>\n<td>\u010cI\u0160T\u011aN\u00cd N\u00c1\u0158AD\u00cd<\/td>\n<td>N\u00e1\u0159ad\u00ed p\u0159ed \u010di\u0161t\u011bn\u00edm d\u016fkladn\u011b ot\u0159ete, aby se odstranil p\u0159ebyte\u010dn\u00fd produkt.<\/td>\n<\/tr>\n<tr>\n<td><\/td>\n<td>Ihned po pr\u00e1ci n\u00e1\u0159ad\u00ed o\u010dist\u011bte vodou a m\u00fddlem.<\/td>\n<\/tr>\n<tr>\n<td>P\u0158EPRAVA A SKLADOVATELNOST<\/td>\n<td>P\u0159eprava a skladov\u00e1n\u00ed v dob\u0159e uzav\u0159en\u00fdch obalech p\u0159i teplot\u00e1ch od +5\u00b0C do + 25\u00b0C. Chra\u0148te p\u0159ed mrazem. \u0160patn\u011b uzav\u0159en\u00e9 nebo m\u00e9n\u011b napln\u011bn\u00e9 plechovky nevydr\u017e\u00ed dlouhodob\u00e9 skladov\u00e1n\u00ed. Pou\u017eijte otev\u0159enou plechovku po dobu jednoho cyklu nat\u00edr\u00e1n\u00ed, proto\u017ee vlastnosti v\u00fdrobku se mohou m\u011bnit v nenapln\u011bn\u00e9 plechovce.<\/td>\n<\/tr><\/div>\n<\/table>\n","protected":false},"excerpt":{"rendered":"<p>Rychle schnouc\u00ed, vysoce odoln\u00e1 sat\u00e9nov\u00e1 lazura na d\u0159evo v exteri\u00e9ru.Valtti Plus Complete je zalo\u017een na inovativn\u00edm syst\u00e9mu Triple Resin System a poskytuje nejvy\u0161\u0161\u00ed \u00farove\u0148 odolnosti a ochranu d\u0159ev\u011bn\u00fdch povrch\u016f p\u0159ed pov\u011btrnostn\u00edmi podm\u00ednkami (vlhkost, slunce, prom\u011bnliv\u00e1teplota).Valtti Plus Complete nav\u00edc obsahuje dvojit\u00fd bari\u00e9rov\u00fd UV syst\u00e9m, kter\u00fd poskytuje zv\u00fd\u0161enou ochranu p\u0159ed \u00fa\u010dinky UV z\u00e1\u0159en\u00ed.Tixotropn\u00ed vlastnosti zaji\u0161\u0165uj\u00ed jednoduchost aplikace, [&hellip;]<\/p>\n","protected":false},"featured_media":8394,"comment_status":"open","ping_status":"open","template":"","meta":[],"product_brand":[],"product_cat":[40,42,41],"product_tag":[],"class_list":{"0":"post-8294","1":"product","2":"type-product","3":"status-publish","4":"has-post-thumbnail","6":"product_cat-barvy","7":"product_cat-chemie","8":"product_cat-laky","10":"first","11":"instock","12":"sale","13":"shipping-taxable","14":"purchasable","15":"product-type-simple"},"yoast_head":"<!-- This site is optimized with the Yoast SEO plugin v26.8 - https:\/\/yoast.com\/product\/yoast-seo-wordpress\/ -->\n<title>Zlevn\u011bn\u00fd Tikkurila VALTTI PLUS COMPLETE DARK ROSEWOOD 2,5L -<\/title>\n<meta name=\"robots\" content=\"index, follow, max-snippet:-1, max-image-preview:large, max-video-preview:-1\" \/>\n<link rel=\"canonical\" href=\"https:\/\/www.koupeltech.com\/index.php\/produkt\/zlevneny-tikkurila-valtti-plus-complete-dark-rosewood-2-5l-8294\/\" \/>\n<meta property=\"og:locale\" content=\"cs_CZ\" \/>\n<meta property=\"og:type\" content=\"article\" \/>\n<meta property=\"og:title\" content=\"Zlevn\u011bn\u00fd Tikkurila VALTTI PLUS COMPLETE DARK ROSEWOOD 2,5L -\" \/>\n<meta property=\"og:description\" content=\"Rychle schnouc\u00ed, vysoce odoln\u00e1 sat\u00e9nov\u00e1 lazura na d\u0159evo v exteri\u00e9ru.Valtti Plus Complete je zalo\u017een na inovativn\u00edm syst\u00e9mu Triple Resin System a poskytuje nejvy\u0161\u0161\u00ed \u00farove\u0148 odolnosti a ochranu d\u0159ev\u011bn\u00fdch povrch\u016f p\u0159ed pov\u011btrnostn\u00edmi podm\u00ednkami (vlhkost, slunce, prom\u011bnliv\u00e1teplota).Valtti Plus Complete nav\u00edc obsahuje dvojit\u00fd bari\u00e9rov\u00fd UV syst\u00e9m, kter\u00fd poskytuje zv\u00fd\u0161enou ochranu p\u0159ed \u00fa\u010dinky UV z\u00e1\u0159en\u00ed.Tixotropn\u00ed vlastnosti zaji\u0161\u0165uj\u00ed jednoduchost aplikace, [&hellip;]\" \/>\n<meta property=\"og:url\" content=\"https:\/\/www.koupeltech.com\/index.php\/produkt\/zlevneny-tikkurila-valtti-plus-complete-dark-rosewood-2-5l-8294\/\" \/>\n<meta property=\"og:image\" content=\"https:\/\/www.koupeltech.com\/wp-content\/uploads\/2026\/SK0023266-CZ20260425-092328-0-1777080210-4759a_1.webp\" \/>\n\t<meta property=\"og:image:width\" content=\"700\" \/>\n\t<meta property=\"og:image:height\" content=\"700\" \/>\n\t<meta property=\"og:image:type\" content=\"image\/webp\" \/>\n<meta name=\"twitter:card\" content=\"summary_large_image\" \/>\n<meta name=\"twitter:label1\" content=\"Odhadovan\u00e1 doba \u010dten\u00ed\" \/>\n\t<meta name=\"twitter:data1\" content=\"4 minuty\" \/>\n<script type=\"application\/ld+json\" class=\"yoast-schema-graph\">{\"@context\":\"https:\/\/schema.org\",\"@graph\":[{\"@type\":\"WebPage\",\"@id\":\"https:\/\/www.koupeltech.com\/index.php\/produkt\/zlevneny-tikkurila-valtti-plus-complete-dark-rosewood-2-5l-8294\/\",\"url\":\"https:\/\/www.koupeltech.com\/index.php\/produkt\/zlevneny-tikkurila-valtti-plus-complete-dark-rosewood-2-5l-8294\/\",\"name\":\"Zlevn\u011bn\u00fd Tikkurila VALTTI PLUS COMPLETE DARK ROSEWOOD 2,5L -\",\"isPartOf\":{\"@id\":\"https:\/\/www.koupeltech.com\/#website\"},\"primaryImageOfPage\":{\"@id\":\"https:\/\/www.koupeltech.com\/index.php\/produkt\/zlevneny-tikkurila-valtti-plus-complete-dark-rosewood-2-5l-8294\/#primaryimage\"},\"image\":{\"@id\":\"https:\/\/www.koupeltech.com\/index.php\/produkt\/zlevneny-tikkurila-valtti-plus-complete-dark-rosewood-2-5l-8294\/#primaryimage\"},\"thumbnailUrl\":\"https:\/\/www.koupeltech.com\/wp-content\/uploads\/2026\/SK0023266-CZ20260425-092328-0-1777080210-4759a_1.webp\",\"datePublished\":\"2026-04-27T13:57:03+00:00\",\"breadcrumb\":{\"@id\":\"https:\/\/www.koupeltech.com\/index.php\/produkt\/zlevneny-tikkurila-valtti-plus-complete-dark-rosewood-2-5l-8294\/#breadcrumb\"},\"inLanguage\":\"cs\",\"potentialAction\":[{\"@type\":\"ReadAction\",\"target\":[\"https:\/\/www.koupeltech.com\/index.php\/produkt\/zlevneny-tikkurila-valtti-plus-complete-dark-rosewood-2-5l-8294\/\"]}]},{\"@type\":\"ImageObject\",\"inLanguage\":\"cs\",\"@id\":\"https:\/\/www.koupeltech.com\/index.php\/produkt\/zlevneny-tikkurila-valtti-plus-complete-dark-rosewood-2-5l-8294\/#primaryimage\",\"url\":\"https:\/\/www.koupeltech.com\/wp-content\/uploads\/2026\/SK0023266-CZ20260425-092328-0-1777080210-4759a_1.webp\",\"contentUrl\":\"https:\/\/www.koupeltech.com\/wp-content\/uploads\/2026\/SK0023266-CZ20260425-092328-0-1777080210-4759a_1.webp\",\"width\":700,\"height\":700},{\"@type\":\"BreadcrumbList\",\"@id\":\"https:\/\/www.koupeltech.com\/index.php\/produkt\/zlevneny-tikkurila-valtti-plus-complete-dark-rosewood-2-5l-8294\/#breadcrumb\",\"itemListElement\":[{\"@type\":\"ListItem\",\"position\":1,\"name\":\"Home\",\"item\":\"https:\/\/www.koupeltech.com\/\"},{\"@type\":\"ListItem\",\"position\":2,\"name\":\"Products\",\"item\":\"https:\/\/www.koupeltech.com\/index.php\/products\/\"},{\"@type\":\"ListItem\",\"position\":3,\"name\":\"Zlevn\u011bn\u00fd Tikkurila VALTTI PLUS COMPLETE DARK ROSEWOOD 2,5L\"}]},{\"@type\":\"WebSite\",\"@id\":\"https:\/\/www.koupeltech.com\/#website\",\"url\":\"https:\/\/www.koupeltech.com\/\",\"name\":\"\",\"description\":\"\",\"potentialAction\":[{\"@type\":\"SearchAction\",\"target\":{\"@type\":\"EntryPoint\",\"urlTemplate\":\"https:\/\/www.koupeltech.com\/?s={search_term_string}\"},\"query-input\":{\"@type\":\"PropertyValueSpecification\",\"valueRequired\":true,\"valueName\":\"search_term_string\"}}],\"inLanguage\":\"cs\"}]}<\/script>\n<!-- \/ Yoast SEO plugin. -->","yoast_head_json":{"title":"Zlevn\u011bn\u00fd Tikkurila VALTTI PLUS COMPLETE DARK ROSEWOOD 2,5L -","robots":{"index":"index","follow":"follow","max-snippet":"max-snippet:-1","max-image-preview":"max-image-preview:large","max-video-preview":"max-video-preview:-1"},"canonical":"https:\/\/www.koupeltech.com\/index.php\/produkt\/zlevneny-tikkurila-valtti-plus-complete-dark-rosewood-2-5l-8294\/","og_locale":"cs_CZ","og_type":"article","og_title":"Zlevn\u011bn\u00fd Tikkurila VALTTI PLUS COMPLETE DARK ROSEWOOD 2,5L -","og_description":"Rychle schnouc\u00ed, vysoce odoln\u00e1 sat\u00e9nov\u00e1 lazura na d\u0159evo v exteri\u00e9ru.Valtti Plus Complete je zalo\u017een na inovativn\u00edm syst\u00e9mu Triple Resin System a poskytuje nejvy\u0161\u0161\u00ed \u00farove\u0148 odolnosti a ochranu d\u0159ev\u011bn\u00fdch povrch\u016f p\u0159ed pov\u011btrnostn\u00edmi podm\u00ednkami (vlhkost, slunce, prom\u011bnliv\u00e1teplota).Valtti Plus Complete nav\u00edc obsahuje dvojit\u00fd bari\u00e9rov\u00fd UV syst\u00e9m, kter\u00fd poskytuje zv\u00fd\u0161enou ochranu p\u0159ed \u00fa\u010dinky UV z\u00e1\u0159en\u00ed.Tixotropn\u00ed vlastnosti zaji\u0161\u0165uj\u00ed jednoduchost aplikace, [&hellip;]","og_url":"https:\/\/www.koupeltech.com\/index.php\/produkt\/zlevneny-tikkurila-valtti-plus-complete-dark-rosewood-2-5l-8294\/","og_image":[{"width":700,"height":700,"url":"https:\/\/www.koupeltech.com\/wp-content\/uploads\/2026\/SK0023266-CZ20260425-092328-0-1777080210-4759a_1.webp","type":"image\/webp"}],"twitter_card":"summary_large_image","twitter_misc":{"Odhadovan\u00e1 doba \u010dten\u00ed":"4 minuty"},"schema":{"@context":"https:\/\/schema.org","@graph":[{"@type":"WebPage","@id":"https:\/\/www.koupeltech.com\/index.php\/produkt\/zlevneny-tikkurila-valtti-plus-complete-dark-rosewood-2-5l-8294\/","url":"https:\/\/www.koupeltech.com\/index.php\/produkt\/zlevneny-tikkurila-valtti-plus-complete-dark-rosewood-2-5l-8294\/","name":"Zlevn\u011bn\u00fd Tikkurila VALTTI PLUS COMPLETE DARK ROSEWOOD 2,5L -","isPartOf":{"@id":"https:\/\/www.koupeltech.com\/#website"},"primaryImageOfPage":{"@id":"https:\/\/www.koupeltech.com\/index.php\/produkt\/zlevneny-tikkurila-valtti-plus-complete-dark-rosewood-2-5l-8294\/#primaryimage"},"image":{"@id":"https:\/\/www.koupeltech.com\/index.php\/produkt\/zlevneny-tikkurila-valtti-plus-complete-dark-rosewood-2-5l-8294\/#primaryimage"},"thumbnailUrl":"https:\/\/www.koupeltech.com\/wp-content\/uploads\/2026\/SK0023266-CZ20260425-092328-0-1777080210-4759a_1.webp","datePublished":"2026-04-27T13:57:03+00:00","breadcrumb":{"@id":"https:\/\/www.koupeltech.com\/index.php\/produkt\/zlevneny-tikkurila-valtti-plus-complete-dark-rosewood-2-5l-8294\/#breadcrumb"},"inLanguage":"cs","potentialAction":[{"@type":"ReadAction","target":["https:\/\/www.koupeltech.com\/index.php\/produkt\/zlevneny-tikkurila-valtti-plus-complete-dark-rosewood-2-5l-8294\/"]}]},{"@type":"ImageObject","inLanguage":"cs","@id":"https:\/\/www.koupeltech.com\/index.php\/produkt\/zlevneny-tikkurila-valtti-plus-complete-dark-rosewood-2-5l-8294\/#primaryimage","url":"https:\/\/www.koupeltech.com\/wp-content\/uploads\/2026\/SK0023266-CZ20260425-092328-0-1777080210-4759a_1.webp","contentUrl":"https:\/\/www.koupeltech.com\/wp-content\/uploads\/2026\/SK0023266-CZ20260425-092328-0-1777080210-4759a_1.webp","width":700,"height":700},{"@type":"BreadcrumbList","@id":"https:\/\/www.koupeltech.com\/index.php\/produkt\/zlevneny-tikkurila-valtti-plus-complete-dark-rosewood-2-5l-8294\/#breadcrumb","itemListElement":[{"@type":"ListItem","position":1,"name":"Home","item":"https:\/\/www.koupeltech.com\/"},{"@type":"ListItem","position":2,"name":"Products","item":"https:\/\/www.koupeltech.com\/index.php\/products\/"},{"@type":"ListItem","position":3,"name":"Zlevn\u011bn\u00fd Tikkurila VALTTI PLUS COMPLETE DARK ROSEWOOD 2,5L"}]},{"@type":"WebSite","@id":"https:\/\/www.koupeltech.com\/#website","url":"https:\/\/www.koupeltech.com\/","name":"","description":"","potentialAction":[{"@type":"SearchAction","target":{"@type":"EntryPoint","urlTemplate":"https:\/\/www.koupeltech.com\/?s={search_term_string}"},"query-input":{"@type":"PropertyValueSpecification","valueRequired":true,"valueName":"search_term_string"}}],"inLanguage":"cs"}]}},"_links":{"self":[{"href":"https:\/\/www.koupeltech.com\/index.php\/wp-json\/wp\/v2\/product\/8294","targetHints":{"allow":["GET"]}}],"collection":[{"href":"https:\/\/www.koupeltech.com\/index.php\/wp-json\/wp\/v2\/product"}],"about":[{"href":"https:\/\/www.koupeltech.com\/index.php\/wp-json\/wp\/v2\/types\/product"}],"replies":[{"embeddable":true,"href":"https:\/\/www.koupeltech.com\/index.php\/wp-json\/wp\/v2\/comments?post=8294"}],"wp:featuredmedia":[{"embeddable":true,"href":"https:\/\/www.koupeltech.com\/index.php\/wp-json\/wp\/v2\/media\/8394"}],"wp:attachment":[{"href":"https:\/\/www.koupeltech.com\/index.php\/wp-json\/wp\/v2\/media?parent=8294"}],"wp:term":[{"taxonomy":"product_brand","embeddable":true,"href":"https:\/\/www.koupeltech.com\/index.php\/wp-json\/wp\/v2\/product_brand?post=8294"},{"taxonomy":"product_cat","embeddable":true,"href":"https:\/\/www.koupeltech.com\/index.php\/wp-json\/wp\/v2\/product_cat?post=8294"},{"taxonomy":"product_tag","embeddable":true,"href":"https:\/\/www.koupeltech.com\/index.php\/wp-json\/wp\/v2\/product_tag?post=8294"}],"curies":[{"name":"wp","href":"https:\/\/api.w.org\/{rel}","templated":true}]}}