{"id":8330,"date":"2026-04-27T13:57:03","date_gmt":"2026-04-27T13:57:03","guid":{"rendered":""},"modified":"2026-04-27T13:57:03","modified_gmt":"2026-04-27T13:57:03","slug":"oblibeny-dewalt-dwht0-43003-vodovaha-torpedo-25-cm-8330","status":"publish","type":"product","link":"https:\/\/www.koupeltech.com\/index.php\/produkt\/oblibeny-dewalt-dwht0-43003-vodovaha-torpedo-25-cm-8330\/","title":{"rendered":"Obl\u00edben\u00fd Dewalt DWHT0-43003 Vodov\u00e1ha TORPEDO \u2013 25 cm"},"content":{"rendered":"<table>\n<div class=\"tab-pane active product-description\" id=\"popis\" role=\"tabpanel\">\n<div class=\"short-description\" itemprop=\"description\"><\/div>\n<div class=\"description\"><span class='bullet-line'>Vodov\u00e1ha TORP\u00c9DO 10 &#8220; 250 mm se zv\u011bt\u0161enou hlavn\u00ed libelou a zv\u011bt\u0161ovac\u00edm efektem pro lep\u0161\u00ed \u010ditelnost.<br \/><\/span><span class='bullet-line'>Robustn\u00ed gumov\u00e9 koncovky poskytuj\u00ed vynikaj\u00edc\u00ed odolnost proti n\u00e1razu.<br \/><\/span><span class='bullet-line'>Kryt vodov\u00e1hy z ABS a pevn\u00e1 konstrukce st\u0159edem p\u0159emost\u011bn\u00e1 v\u00fdztuhami.<br \/><\/span><span class='bullet-line'>Hlin\u00edkov\u00e9 t\u011blo pro maxim\u00e1ln\u00ed odolnost<br \/><\/span><span class='bullet-line'>Pevn\u00e9 akryl\u00e1tov\u00e9 libely.<br \/><\/span><span class='bullet-line'>Rotuj\u00edc\u00ed libela pro m\u011b\u0159en\u00ed pod ur\u010dit\u00fdm \u00fahlem.<br \/><\/span><span class='bullet-line'>Spodn\u00ed plocha vodov\u00e1hy je fr\u00e9zovan\u00e1 pro zaji\u0161t\u011bn\u00ed maxim\u00e1ln\u00ed p\u0159esnosti.<br \/><\/span><span class='bullet-line'>Bimateri\u00e1ln\u00ed rukoje\u0165 pro pevn\u00fd \u00fachop p\u0159i st\u00ed\u017een\u00fdch pracovn\u00edch podm\u00ednk\u00e1ch.<\/span><\/div>\n<div class=\"parameters\">\n<tr>\n<td>D\u00e9lka<\/td>\n<td>25 cm<\/td>\n<\/tr>\n<tr>\n<td>Po\u010det libel<\/td>\n<td>3<\/td>\n<\/tr>\n<tr>\n<td>magnetick\u00e1<\/td>\n<td>ano<\/td>\n<\/tr><\/div>\n<\/table>\n","protected":false},"excerpt":{"rendered":"<p>Vodov\u00e1ha TORP\u00c9DO 10 &#8220; 250 mm se zv\u011bt\u0161enou hlavn\u00ed libelou a zv\u011bt\u0161ovac\u00edm efektem pro lep\u0161\u00ed \u010ditelnost.Robustn\u00ed gumov\u00e9 koncovky poskytuj\u00ed vynikaj\u00edc\u00ed odolnost proti n\u00e1razu.Kryt vodov\u00e1hy z ABS a pevn\u00e1 konstrukce st\u0159edem p\u0159emost\u011bn\u00e1 v\u00fdztuhami.Hlin\u00edkov\u00e9 t\u011blo pro maxim\u00e1ln\u00ed odolnostPevn\u00e9 akryl\u00e1tov\u00e9 libely.Rotuj\u00edc\u00ed libela pro m\u011b\u0159en\u00ed pod ur\u010dit\u00fdm \u00fahlem.Spodn\u00ed plocha vodov\u00e1hy je fr\u00e9zovan\u00e1 pro zaji\u0161t\u011bn\u00ed maxim\u00e1ln\u00ed p\u0159esnosti.Bimateri\u00e1ln\u00ed rukoje\u0165 pro pevn\u00fd [&hellip;]<\/p>\n","protected":false},"featured_media":8430,"comment_status":"open","ping_status":"open","template":"","meta":[],"product_brand":[],"product_cat":[50],"product_tag":[],"class_list":{"0":"post-8330","1":"product","2":"type-product","3":"status-publish","4":"has-post-thumbnail","6":"product_cat-stavebni-technika","8":"first","9":"instock","10":"sale","11":"shipping-taxable","12":"purchasable","13":"product-type-simple"},"yoast_head":"<!-- This site is optimized with the Yoast SEO plugin v26.8 - https:\/\/yoast.com\/product\/yoast-seo-wordpress\/ -->\n<title>Obl\u00edben\u00fd Dewalt DWHT0-43003 Vodov\u00e1ha TORPEDO \u2013 25 cm -<\/title>\n<meta name=\"robots\" content=\"index, follow, max-snippet:-1, max-image-preview:large, max-video-preview:-1\" \/>\n<link rel=\"canonical\" href=\"https:\/\/www.koupeltech.com\/index.php\/produkt\/oblibeny-dewalt-dwht0-43003-vodovaha-torpedo-25-cm-8330\/\" \/>\n<meta property=\"og:locale\" content=\"cs_CZ\" \/>\n<meta property=\"og:type\" content=\"article\" \/>\n<meta property=\"og:title\" content=\"Obl\u00edben\u00fd Dewalt DWHT0-43003 Vodov\u00e1ha TORPEDO \u2013 25 cm -\" \/>\n<meta property=\"og:description\" content=\"Vodov\u00e1ha TORP\u00c9DO 10 &#8220; 250 mm se zv\u011bt\u0161enou hlavn\u00ed libelou a zv\u011bt\u0161ovac\u00edm efektem pro lep\u0161\u00ed \u010ditelnost.Robustn\u00ed gumov\u00e9 koncovky poskytuj\u00ed vynikaj\u00edc\u00ed odolnost proti n\u00e1razu.Kryt vodov\u00e1hy z ABS a pevn\u00e1 konstrukce st\u0159edem p\u0159emost\u011bn\u00e1 v\u00fdztuhami.Hlin\u00edkov\u00e9 t\u011blo pro maxim\u00e1ln\u00ed odolnostPevn\u00e9 akryl\u00e1tov\u00e9 libely.Rotuj\u00edc\u00ed libela pro m\u011b\u0159en\u00ed pod ur\u010dit\u00fdm \u00fahlem.Spodn\u00ed plocha vodov\u00e1hy je fr\u00e9zovan\u00e1 pro zaji\u0161t\u011bn\u00ed maxim\u00e1ln\u00ed p\u0159esnosti.Bimateri\u00e1ln\u00ed rukoje\u0165 pro pevn\u00fd [&hellip;]\" \/>\n<meta property=\"og:url\" content=\"https:\/\/www.koupeltech.com\/index.php\/produkt\/oblibeny-dewalt-dwht0-43003-vodovaha-torpedo-25-cm-8330\/\" \/>\n<meta property=\"og:image\" content=\"https:\/\/www.koupeltech.com\/wp-content\/uploads\/2026\/SK0023304-CZ20260425-092328-0-1777080210-dewalt-dwht0-43003-vodovaha_ie2161682.webp\" \/>\n\t<meta property=\"og:image:width\" content=\"1000\" \/>\n\t<meta property=\"og:image:height\" content=\"467\" \/>\n\t<meta property=\"og:image:type\" content=\"image\/webp\" \/>\n<meta name=\"twitter:card\" content=\"summary_large_image\" \/>\n<meta name=\"twitter:label1\" content=\"Odhadovan\u00e1 doba \u010dten\u00ed\" \/>\n\t<meta name=\"twitter:data1\" content=\"1 minuta\" \/>\n<script type=\"application\/ld+json\" class=\"yoast-schema-graph\">{\"@context\":\"https:\/\/schema.org\",\"@graph\":[{\"@type\":\"WebPage\",\"@id\":\"https:\/\/www.koupeltech.com\/index.php\/produkt\/oblibeny-dewalt-dwht0-43003-vodovaha-torpedo-25-cm-8330\/\",\"url\":\"https:\/\/www.koupeltech.com\/index.php\/produkt\/oblibeny-dewalt-dwht0-43003-vodovaha-torpedo-25-cm-8330\/\",\"name\":\"Obl\u00edben\u00fd Dewalt DWHT0-43003 Vodov\u00e1ha TORPEDO \u2013 25 cm -\",\"isPartOf\":{\"@id\":\"https:\/\/www.koupeltech.com\/#website\"},\"primaryImageOfPage\":{\"@id\":\"https:\/\/www.koupeltech.com\/index.php\/produkt\/oblibeny-dewalt-dwht0-43003-vodovaha-torpedo-25-cm-8330\/#primaryimage\"},\"image\":{\"@id\":\"https:\/\/www.koupeltech.com\/index.php\/produkt\/oblibeny-dewalt-dwht0-43003-vodovaha-torpedo-25-cm-8330\/#primaryimage\"},\"thumbnailUrl\":\"https:\/\/www.koupeltech.com\/wp-content\/uploads\/2026\/SK0023304-CZ20260425-092328-0-1777080210-dewalt-dwht0-43003-vodovaha_ie2161682.webp\",\"datePublished\":\"2026-04-27T13:57:03+00:00\",\"breadcrumb\":{\"@id\":\"https:\/\/www.koupeltech.com\/index.php\/produkt\/oblibeny-dewalt-dwht0-43003-vodovaha-torpedo-25-cm-8330\/#breadcrumb\"},\"inLanguage\":\"cs\",\"potentialAction\":[{\"@type\":\"ReadAction\",\"target\":[\"https:\/\/www.koupeltech.com\/index.php\/produkt\/oblibeny-dewalt-dwht0-43003-vodovaha-torpedo-25-cm-8330\/\"]}]},{\"@type\":\"ImageObject\",\"inLanguage\":\"cs\",\"@id\":\"https:\/\/www.koupeltech.com\/index.php\/produkt\/oblibeny-dewalt-dwht0-43003-vodovaha-torpedo-25-cm-8330\/#primaryimage\",\"url\":\"https:\/\/www.koupeltech.com\/wp-content\/uploads\/2026\/SK0023304-CZ20260425-092328-0-1777080210-dewalt-dwht0-43003-vodovaha_ie2161682.webp\",\"contentUrl\":\"https:\/\/www.koupeltech.com\/wp-content\/uploads\/2026\/SK0023304-CZ20260425-092328-0-1777080210-dewalt-dwht0-43003-vodovaha_ie2161682.webp\",\"width\":1000,\"height\":467},{\"@type\":\"BreadcrumbList\",\"@id\":\"https:\/\/www.koupeltech.com\/index.php\/produkt\/oblibeny-dewalt-dwht0-43003-vodovaha-torpedo-25-cm-8330\/#breadcrumb\",\"itemListElement\":[{\"@type\":\"ListItem\",\"position\":1,\"name\":\"Home\",\"item\":\"https:\/\/www.koupeltech.com\/\"},{\"@type\":\"ListItem\",\"position\":2,\"name\":\"Products\",\"item\":\"https:\/\/www.koupeltech.com\/index.php\/products\/\"},{\"@type\":\"ListItem\",\"position\":3,\"name\":\"Obl\u00edben\u00fd Dewalt DWHT0-43003 Vodov\u00e1ha TORPEDO \u2013 25 cm\"}]},{\"@type\":\"WebSite\",\"@id\":\"https:\/\/www.koupeltech.com\/#website\",\"url\":\"https:\/\/www.koupeltech.com\/\",\"name\":\"\",\"description\":\"\",\"potentialAction\":[{\"@type\":\"SearchAction\",\"target\":{\"@type\":\"EntryPoint\",\"urlTemplate\":\"https:\/\/www.koupeltech.com\/?s={search_term_string}\"},\"query-input\":{\"@type\":\"PropertyValueSpecification\",\"valueRequired\":true,\"valueName\":\"search_term_string\"}}],\"inLanguage\":\"cs\"}]}<\/script>\n<!-- \/ Yoast SEO plugin. -->","yoast_head_json":{"title":"Obl\u00edben\u00fd Dewalt DWHT0-43003 Vodov\u00e1ha TORPEDO \u2013 25 cm -","robots":{"index":"index","follow":"follow","max-snippet":"max-snippet:-1","max-image-preview":"max-image-preview:large","max-video-preview":"max-video-preview:-1"},"canonical":"https:\/\/www.koupeltech.com\/index.php\/produkt\/oblibeny-dewalt-dwht0-43003-vodovaha-torpedo-25-cm-8330\/","og_locale":"cs_CZ","og_type":"article","og_title":"Obl\u00edben\u00fd Dewalt DWHT0-43003 Vodov\u00e1ha TORPEDO \u2013 25 cm -","og_description":"Vodov\u00e1ha TORP\u00c9DO 10 &#8220; 250 mm se zv\u011bt\u0161enou hlavn\u00ed libelou a zv\u011bt\u0161ovac\u00edm efektem pro lep\u0161\u00ed \u010ditelnost.Robustn\u00ed gumov\u00e9 koncovky poskytuj\u00ed vynikaj\u00edc\u00ed odolnost proti n\u00e1razu.Kryt vodov\u00e1hy z ABS a pevn\u00e1 konstrukce st\u0159edem p\u0159emost\u011bn\u00e1 v\u00fdztuhami.Hlin\u00edkov\u00e9 t\u011blo pro maxim\u00e1ln\u00ed odolnostPevn\u00e9 akryl\u00e1tov\u00e9 libely.Rotuj\u00edc\u00ed libela pro m\u011b\u0159en\u00ed pod ur\u010dit\u00fdm \u00fahlem.Spodn\u00ed plocha vodov\u00e1hy je fr\u00e9zovan\u00e1 pro zaji\u0161t\u011bn\u00ed maxim\u00e1ln\u00ed p\u0159esnosti.Bimateri\u00e1ln\u00ed rukoje\u0165 pro pevn\u00fd [&hellip;]","og_url":"https:\/\/www.koupeltech.com\/index.php\/produkt\/oblibeny-dewalt-dwht0-43003-vodovaha-torpedo-25-cm-8330\/","og_image":[{"width":1000,"height":467,"url":"https:\/\/www.koupeltech.com\/wp-content\/uploads\/2026\/SK0023304-CZ20260425-092328-0-1777080210-dewalt-dwht0-43003-vodovaha_ie2161682.webp","type":"image\/webp"}],"twitter_card":"summary_large_image","twitter_misc":{"Odhadovan\u00e1 doba \u010dten\u00ed":"1 minuta"},"schema":{"@context":"https:\/\/schema.org","@graph":[{"@type":"WebPage","@id":"https:\/\/www.koupeltech.com\/index.php\/produkt\/oblibeny-dewalt-dwht0-43003-vodovaha-torpedo-25-cm-8330\/","url":"https:\/\/www.koupeltech.com\/index.php\/produkt\/oblibeny-dewalt-dwht0-43003-vodovaha-torpedo-25-cm-8330\/","name":"Obl\u00edben\u00fd Dewalt DWHT0-43003 Vodov\u00e1ha TORPEDO \u2013 25 cm -","isPartOf":{"@id":"https:\/\/www.koupeltech.com\/#website"},"primaryImageOfPage":{"@id":"https:\/\/www.koupeltech.com\/index.php\/produkt\/oblibeny-dewalt-dwht0-43003-vodovaha-torpedo-25-cm-8330\/#primaryimage"},"image":{"@id":"https:\/\/www.koupeltech.com\/index.php\/produkt\/oblibeny-dewalt-dwht0-43003-vodovaha-torpedo-25-cm-8330\/#primaryimage"},"thumbnailUrl":"https:\/\/www.koupeltech.com\/wp-content\/uploads\/2026\/SK0023304-CZ20260425-092328-0-1777080210-dewalt-dwht0-43003-vodovaha_ie2161682.webp","datePublished":"2026-04-27T13:57:03+00:00","breadcrumb":{"@id":"https:\/\/www.koupeltech.com\/index.php\/produkt\/oblibeny-dewalt-dwht0-43003-vodovaha-torpedo-25-cm-8330\/#breadcrumb"},"inLanguage":"cs","potentialAction":[{"@type":"ReadAction","target":["https:\/\/www.koupeltech.com\/index.php\/produkt\/oblibeny-dewalt-dwht0-43003-vodovaha-torpedo-25-cm-8330\/"]}]},{"@type":"ImageObject","inLanguage":"cs","@id":"https:\/\/www.koupeltech.com\/index.php\/produkt\/oblibeny-dewalt-dwht0-43003-vodovaha-torpedo-25-cm-8330\/#primaryimage","url":"https:\/\/www.koupeltech.com\/wp-content\/uploads\/2026\/SK0023304-CZ20260425-092328-0-1777080210-dewalt-dwht0-43003-vodovaha_ie2161682.webp","contentUrl":"https:\/\/www.koupeltech.com\/wp-content\/uploads\/2026\/SK0023304-CZ20260425-092328-0-1777080210-dewalt-dwht0-43003-vodovaha_ie2161682.webp","width":1000,"height":467},{"@type":"BreadcrumbList","@id":"https:\/\/www.koupeltech.com\/index.php\/produkt\/oblibeny-dewalt-dwht0-43003-vodovaha-torpedo-25-cm-8330\/#breadcrumb","itemListElement":[{"@type":"ListItem","position":1,"name":"Home","item":"https:\/\/www.koupeltech.com\/"},{"@type":"ListItem","position":2,"name":"Products","item":"https:\/\/www.koupeltech.com\/index.php\/products\/"},{"@type":"ListItem","position":3,"name":"Obl\u00edben\u00fd Dewalt DWHT0-43003 Vodov\u00e1ha TORPEDO \u2013 25 cm"}]},{"@type":"WebSite","@id":"https:\/\/www.koupeltech.com\/#website","url":"https:\/\/www.koupeltech.com\/","name":"","description":"","potentialAction":[{"@type":"SearchAction","target":{"@type":"EntryPoint","urlTemplate":"https:\/\/www.koupeltech.com\/?s={search_term_string}"},"query-input":{"@type":"PropertyValueSpecification","valueRequired":true,"valueName":"search_term_string"}}],"inLanguage":"cs"}]}},"_links":{"self":[{"href":"https:\/\/www.koupeltech.com\/index.php\/wp-json\/wp\/v2\/product\/8330","targetHints":{"allow":["GET"]}}],"collection":[{"href":"https:\/\/www.koupeltech.com\/index.php\/wp-json\/wp\/v2\/product"}],"about":[{"href":"https:\/\/www.koupeltech.com\/index.php\/wp-json\/wp\/v2\/types\/product"}],"replies":[{"embeddable":true,"href":"https:\/\/www.koupeltech.com\/index.php\/wp-json\/wp\/v2\/comments?post=8330"}],"wp:featuredmedia":[{"embeddable":true,"href":"https:\/\/www.koupeltech.com\/index.php\/wp-json\/wp\/v2\/media\/8430"}],"wp:attachment":[{"href":"https:\/\/www.koupeltech.com\/index.php\/wp-json\/wp\/v2\/media?parent=8330"}],"wp:term":[{"taxonomy":"product_brand","embeddable":true,"href":"https:\/\/www.koupeltech.com\/index.php\/wp-json\/wp\/v2\/product_brand?post=8330"},{"taxonomy":"product_cat","embeddable":true,"href":"https:\/\/www.koupeltech.com\/index.php\/wp-json\/wp\/v2\/product_cat?post=8330"},{"taxonomy":"product_tag","embeddable":true,"href":"https:\/\/www.koupeltech.com\/index.php\/wp-json\/wp\/v2\/product_tag?post=8330"}],"curies":[{"name":"wp","href":"https:\/\/api.w.org\/{rel}","templated":true}]}}