{"id":8348,"date":"2026-04-27T13:57:03","date_gmt":"2026-04-27T13:57:03","guid":{"rendered":""},"modified":"2026-04-27T13:57:03","modified_gmt":"2026-04-27T13:57:03","slug":"novinka-dewalt-dwht42525-0-minivodovaha-16-5-cm-8348","status":"publish","type":"product","link":"https:\/\/www.koupeltech.com\/index.php\/produkt\/novinka-dewalt-dwht42525-0-minivodovaha-16-5-cm-8348\/","title":{"rendered":"Novinka DeWALT DWHT42525-0 Minivodov\u00e1ha 16,5 cm"},"content":{"rendered":"<table>\n<div class=\"tab-pane active product-description\" id=\"popis\" role=\"tabpanel\">\n<div class=\"short-description\" itemprop=\"description\"><\/div>\n<div class=\"description\"><span class='bullet-line'>Unik\u00e1tn\u00ed, vysoce p\u0159esn\u00e1 vodov\u00e1ha .<br \/><\/span><span class='bullet-line'>Odoln\u00fd povrh CNC obr\u00e1b\u011bn\u00fd z hlin\u00edku pro extr\u00e9mn\u00ed odolnost.<br \/><\/span><span class='bullet-line'>Extra velk\u00e9 otvory pro libely pro snadn\u00e9 prohl\u00ed\u017een\u00ed.<br \/><\/span><span class='bullet-line'>Magnetick\u00fd povrch pro vynikaj\u00edc\u00ed pevnost a dr\u017een\u00ed v ruce.<br \/><\/span><span class='bullet-line'>Horn\u00ed a doln\u00ed vodov\u00e1ha pro \u010dten\u00ed v jak\u00e9koli poloze.<br \/><\/span><span class='bullet-line'>Mal\u00fd kompaktn\u00ed design pro pr\u00e1ci ve st\u00edsn\u011bn\u00fdch prostorech a snadn\u00e9 uskladn\u011bn\u00ed.<br \/><\/span><span class='bullet-line'>V-dr\u00e1\u017eka pro zarovn\u00e1n\u00ed s potrub\u00edm.<\/span><\/div>\n<div class=\"parameters\">\n<tr>\n<td>D\u00e9lka<\/td>\n<td>165 cm<\/td>\n<\/tr>\n<tr>\n<td>Po\u010det libel<\/td>\n<td>3<\/td>\n<\/tr>\n<tr>\n<td>Celkov\u00e1 hmotnost<\/td>\n<td>2,3 kg<\/td>\n<\/tr><\/div>\n<\/table>\n","protected":false},"excerpt":{"rendered":"<p>Unik\u00e1tn\u00ed, vysoce p\u0159esn\u00e1 vodov\u00e1ha .Odoln\u00fd povrh CNC obr\u00e1b\u011bn\u00fd z hlin\u00edku pro extr\u00e9mn\u00ed odolnost.Extra velk\u00e9 otvory pro libely pro snadn\u00e9 prohl\u00ed\u017een\u00ed.Magnetick\u00fd povrch pro vynikaj\u00edc\u00ed pevnost a dr\u017een\u00ed v ruce.Horn\u00ed a doln\u00ed vodov\u00e1ha pro \u010dten\u00ed v jak\u00e9koli poloze.Mal\u00fd kompaktn\u00ed design pro pr\u00e1ci ve st\u00edsn\u011bn\u00fdch prostorech a snadn\u00e9 uskladn\u011bn\u00ed.V-dr\u00e1\u017eka pro zarovn\u00e1n\u00ed s potrub\u00edm. D\u00e9lka 165 cm Po\u010det libel [&hellip;]<\/p>\n","protected":false},"featured_media":8448,"comment_status":"open","ping_status":"open","template":"","meta":[],"product_brand":[],"product_cat":[50],"product_tag":[],"class_list":{"0":"post-8348","1":"product","2":"type-product","3":"status-publish","4":"has-post-thumbnail","6":"product_cat-stavebni-technika","8":"first","9":"instock","10":"sale","11":"shipping-taxable","12":"purchasable","13":"product-type-simple"},"yoast_head":"<!-- This site is optimized with the Yoast SEO plugin v26.8 - https:\/\/yoast.com\/product\/yoast-seo-wordpress\/ -->\n<title>Novinka DeWALT DWHT42525-0 Minivodov\u00e1ha 16,5 cm -<\/title>\n<meta name=\"robots\" content=\"index, follow, max-snippet:-1, max-image-preview:large, max-video-preview:-1\" \/>\n<link rel=\"canonical\" href=\"https:\/\/www.koupeltech.com\/index.php\/produkt\/novinka-dewalt-dwht42525-0-minivodovaha-16-5-cm-8348\/\" \/>\n<meta property=\"og:locale\" content=\"cs_CZ\" \/>\n<meta property=\"og:type\" content=\"article\" \/>\n<meta property=\"og:title\" content=\"Novinka DeWALT DWHT42525-0 Minivodov\u00e1ha 16,5 cm -\" \/>\n<meta property=\"og:description\" content=\"Unik\u00e1tn\u00ed, vysoce p\u0159esn\u00e1 vodov\u00e1ha .Odoln\u00fd povrh CNC obr\u00e1b\u011bn\u00fd z hlin\u00edku pro extr\u00e9mn\u00ed odolnost.Extra velk\u00e9 otvory pro libely pro snadn\u00e9 prohl\u00ed\u017een\u00ed.Magnetick\u00fd povrch pro vynikaj\u00edc\u00ed pevnost a dr\u017een\u00ed v ruce.Horn\u00ed a doln\u00ed vodov\u00e1ha pro \u010dten\u00ed v jak\u00e9koli poloze.Mal\u00fd kompaktn\u00ed design pro pr\u00e1ci ve st\u00edsn\u011bn\u00fdch prostorech a snadn\u00e9 uskladn\u011bn\u00ed.V-dr\u00e1\u017eka pro zarovn\u00e1n\u00ed s potrub\u00edm. D\u00e9lka 165 cm Po\u010det libel [&hellip;]\" \/>\n<meta property=\"og:url\" content=\"https:\/\/www.koupeltech.com\/index.php\/produkt\/novinka-dewalt-dwht42525-0-minivodovaha-16-5-cm-8348\/\" \/>\n<meta property=\"og:image\" content=\"https:\/\/www.koupeltech.com\/wp-content\/uploads\/2026\/SK0023322-CZ20260425-092328-0-1777080210-dewalt-dwht42525-0-vodovaha_ie2161681.webp\" \/>\n\t<meta property=\"og:image:width\" content=\"800\" \/>\n\t<meta property=\"og:image:height\" content=\"800\" \/>\n\t<meta property=\"og:image:type\" content=\"image\/webp\" \/>\n<meta name=\"twitter:card\" content=\"summary_large_image\" \/>\n<script type=\"application\/ld+json\" class=\"yoast-schema-graph\">{\"@context\":\"https:\/\/schema.org\",\"@graph\":[{\"@type\":\"WebPage\",\"@id\":\"https:\/\/www.koupeltech.com\/index.php\/produkt\/novinka-dewalt-dwht42525-0-minivodovaha-16-5-cm-8348\/\",\"url\":\"https:\/\/www.koupeltech.com\/index.php\/produkt\/novinka-dewalt-dwht42525-0-minivodovaha-16-5-cm-8348\/\",\"name\":\"Novinka DeWALT DWHT42525-0 Minivodov\u00e1ha 16,5 cm -\",\"isPartOf\":{\"@id\":\"https:\/\/www.koupeltech.com\/#website\"},\"primaryImageOfPage\":{\"@id\":\"https:\/\/www.koupeltech.com\/index.php\/produkt\/novinka-dewalt-dwht42525-0-minivodovaha-16-5-cm-8348\/#primaryimage\"},\"image\":{\"@id\":\"https:\/\/www.koupeltech.com\/index.php\/produkt\/novinka-dewalt-dwht42525-0-minivodovaha-16-5-cm-8348\/#primaryimage\"},\"thumbnailUrl\":\"https:\/\/www.koupeltech.com\/wp-content\/uploads\/2026\/SK0023322-CZ20260425-092328-0-1777080210-dewalt-dwht42525-0-vodovaha_ie2161681.webp\",\"datePublished\":\"2026-04-27T13:57:03+00:00\",\"breadcrumb\":{\"@id\":\"https:\/\/www.koupeltech.com\/index.php\/produkt\/novinka-dewalt-dwht42525-0-minivodovaha-16-5-cm-8348\/#breadcrumb\"},\"inLanguage\":\"cs\",\"potentialAction\":[{\"@type\":\"ReadAction\",\"target\":[\"https:\/\/www.koupeltech.com\/index.php\/produkt\/novinka-dewalt-dwht42525-0-minivodovaha-16-5-cm-8348\/\"]}]},{\"@type\":\"ImageObject\",\"inLanguage\":\"cs\",\"@id\":\"https:\/\/www.koupeltech.com\/index.php\/produkt\/novinka-dewalt-dwht42525-0-minivodovaha-16-5-cm-8348\/#primaryimage\",\"url\":\"https:\/\/www.koupeltech.com\/wp-content\/uploads\/2026\/SK0023322-CZ20260425-092328-0-1777080210-dewalt-dwht42525-0-vodovaha_ie2161681.webp\",\"contentUrl\":\"https:\/\/www.koupeltech.com\/wp-content\/uploads\/2026\/SK0023322-CZ20260425-092328-0-1777080210-dewalt-dwht42525-0-vodovaha_ie2161681.webp\",\"width\":800,\"height\":800},{\"@type\":\"BreadcrumbList\",\"@id\":\"https:\/\/www.koupeltech.com\/index.php\/produkt\/novinka-dewalt-dwht42525-0-minivodovaha-16-5-cm-8348\/#breadcrumb\",\"itemListElement\":[{\"@type\":\"ListItem\",\"position\":1,\"name\":\"Home\",\"item\":\"https:\/\/www.koupeltech.com\/\"},{\"@type\":\"ListItem\",\"position\":2,\"name\":\"Products\",\"item\":\"https:\/\/www.koupeltech.com\/index.php\/products\/\"},{\"@type\":\"ListItem\",\"position\":3,\"name\":\"Novinka DeWALT DWHT42525-0 Minivodov\u00e1ha 16,5 cm\"}]},{\"@type\":\"WebSite\",\"@id\":\"https:\/\/www.koupeltech.com\/#website\",\"url\":\"https:\/\/www.koupeltech.com\/\",\"name\":\"\",\"description\":\"\",\"potentialAction\":[{\"@type\":\"SearchAction\",\"target\":{\"@type\":\"EntryPoint\",\"urlTemplate\":\"https:\/\/www.koupeltech.com\/?s={search_term_string}\"},\"query-input\":{\"@type\":\"PropertyValueSpecification\",\"valueRequired\":true,\"valueName\":\"search_term_string\"}}],\"inLanguage\":\"cs\"}]}<\/script>\n<!-- \/ Yoast SEO plugin. -->","yoast_head_json":{"title":"Novinka DeWALT DWHT42525-0 Minivodov\u00e1ha 16,5 cm -","robots":{"index":"index","follow":"follow","max-snippet":"max-snippet:-1","max-image-preview":"max-image-preview:large","max-video-preview":"max-video-preview:-1"},"canonical":"https:\/\/www.koupeltech.com\/index.php\/produkt\/novinka-dewalt-dwht42525-0-minivodovaha-16-5-cm-8348\/","og_locale":"cs_CZ","og_type":"article","og_title":"Novinka DeWALT DWHT42525-0 Minivodov\u00e1ha 16,5 cm -","og_description":"Unik\u00e1tn\u00ed, vysoce p\u0159esn\u00e1 vodov\u00e1ha .Odoln\u00fd povrh CNC obr\u00e1b\u011bn\u00fd z hlin\u00edku pro extr\u00e9mn\u00ed odolnost.Extra velk\u00e9 otvory pro libely pro snadn\u00e9 prohl\u00ed\u017een\u00ed.Magnetick\u00fd povrch pro vynikaj\u00edc\u00ed pevnost a dr\u017een\u00ed v ruce.Horn\u00ed a doln\u00ed vodov\u00e1ha pro \u010dten\u00ed v jak\u00e9koli poloze.Mal\u00fd kompaktn\u00ed design pro pr\u00e1ci ve st\u00edsn\u011bn\u00fdch prostorech a snadn\u00e9 uskladn\u011bn\u00ed.V-dr\u00e1\u017eka pro zarovn\u00e1n\u00ed s potrub\u00edm. D\u00e9lka 165 cm Po\u010det libel [&hellip;]","og_url":"https:\/\/www.koupeltech.com\/index.php\/produkt\/novinka-dewalt-dwht42525-0-minivodovaha-16-5-cm-8348\/","og_image":[{"width":800,"height":800,"url":"https:\/\/www.koupeltech.com\/wp-content\/uploads\/2026\/SK0023322-CZ20260425-092328-0-1777080210-dewalt-dwht42525-0-vodovaha_ie2161681.webp","type":"image\/webp"}],"twitter_card":"summary_large_image","schema":{"@context":"https:\/\/schema.org","@graph":[{"@type":"WebPage","@id":"https:\/\/www.koupeltech.com\/index.php\/produkt\/novinka-dewalt-dwht42525-0-minivodovaha-16-5-cm-8348\/","url":"https:\/\/www.koupeltech.com\/index.php\/produkt\/novinka-dewalt-dwht42525-0-minivodovaha-16-5-cm-8348\/","name":"Novinka DeWALT DWHT42525-0 Minivodov\u00e1ha 16,5 cm -","isPartOf":{"@id":"https:\/\/www.koupeltech.com\/#website"},"primaryImageOfPage":{"@id":"https:\/\/www.koupeltech.com\/index.php\/produkt\/novinka-dewalt-dwht42525-0-minivodovaha-16-5-cm-8348\/#primaryimage"},"image":{"@id":"https:\/\/www.koupeltech.com\/index.php\/produkt\/novinka-dewalt-dwht42525-0-minivodovaha-16-5-cm-8348\/#primaryimage"},"thumbnailUrl":"https:\/\/www.koupeltech.com\/wp-content\/uploads\/2026\/SK0023322-CZ20260425-092328-0-1777080210-dewalt-dwht42525-0-vodovaha_ie2161681.webp","datePublished":"2026-04-27T13:57:03+00:00","breadcrumb":{"@id":"https:\/\/www.koupeltech.com\/index.php\/produkt\/novinka-dewalt-dwht42525-0-minivodovaha-16-5-cm-8348\/#breadcrumb"},"inLanguage":"cs","potentialAction":[{"@type":"ReadAction","target":["https:\/\/www.koupeltech.com\/index.php\/produkt\/novinka-dewalt-dwht42525-0-minivodovaha-16-5-cm-8348\/"]}]},{"@type":"ImageObject","inLanguage":"cs","@id":"https:\/\/www.koupeltech.com\/index.php\/produkt\/novinka-dewalt-dwht42525-0-minivodovaha-16-5-cm-8348\/#primaryimage","url":"https:\/\/www.koupeltech.com\/wp-content\/uploads\/2026\/SK0023322-CZ20260425-092328-0-1777080210-dewalt-dwht42525-0-vodovaha_ie2161681.webp","contentUrl":"https:\/\/www.koupeltech.com\/wp-content\/uploads\/2026\/SK0023322-CZ20260425-092328-0-1777080210-dewalt-dwht42525-0-vodovaha_ie2161681.webp","width":800,"height":800},{"@type":"BreadcrumbList","@id":"https:\/\/www.koupeltech.com\/index.php\/produkt\/novinka-dewalt-dwht42525-0-minivodovaha-16-5-cm-8348\/#breadcrumb","itemListElement":[{"@type":"ListItem","position":1,"name":"Home","item":"https:\/\/www.koupeltech.com\/"},{"@type":"ListItem","position":2,"name":"Products","item":"https:\/\/www.koupeltech.com\/index.php\/products\/"},{"@type":"ListItem","position":3,"name":"Novinka DeWALT DWHT42525-0 Minivodov\u00e1ha 16,5 cm"}]},{"@type":"WebSite","@id":"https:\/\/www.koupeltech.com\/#website","url":"https:\/\/www.koupeltech.com\/","name":"","description":"","potentialAction":[{"@type":"SearchAction","target":{"@type":"EntryPoint","urlTemplate":"https:\/\/www.koupeltech.com\/?s={search_term_string}"},"query-input":{"@type":"PropertyValueSpecification","valueRequired":true,"valueName":"search_term_string"}}],"inLanguage":"cs"}]}},"_links":{"self":[{"href":"https:\/\/www.koupeltech.com\/index.php\/wp-json\/wp\/v2\/product\/8348","targetHints":{"allow":["GET"]}}],"collection":[{"href":"https:\/\/www.koupeltech.com\/index.php\/wp-json\/wp\/v2\/product"}],"about":[{"href":"https:\/\/www.koupeltech.com\/index.php\/wp-json\/wp\/v2\/types\/product"}],"replies":[{"embeddable":true,"href":"https:\/\/www.koupeltech.com\/index.php\/wp-json\/wp\/v2\/comments?post=8348"}],"wp:featuredmedia":[{"embeddable":true,"href":"https:\/\/www.koupeltech.com\/index.php\/wp-json\/wp\/v2\/media\/8448"}],"wp:attachment":[{"href":"https:\/\/www.koupeltech.com\/index.php\/wp-json\/wp\/v2\/media?parent=8348"}],"wp:term":[{"taxonomy":"product_brand","embeddable":true,"href":"https:\/\/www.koupeltech.com\/index.php\/wp-json\/wp\/v2\/product_brand?post=8348"},{"taxonomy":"product_cat","embeddable":true,"href":"https:\/\/www.koupeltech.com\/index.php\/wp-json\/wp\/v2\/product_cat?post=8348"},{"taxonomy":"product_tag","embeddable":true,"href":"https:\/\/www.koupeltech.com\/index.php\/wp-json\/wp\/v2\/product_tag?post=8348"}],"curies":[{"name":"wp","href":"https:\/\/api.w.org\/{rel}","templated":true}]}}