{"id":8349,"date":"2026-04-27T13:57:03","date_gmt":"2026-04-27T13:57:03","guid":{"rendered":""},"modified":"2026-04-27T13:57:03","modified_gmt":"2026-04-27T13:57:03","slug":"dewalt-dwht47399-0-znackovaci-snura-6-1-vyhodna-nabidka-8349","status":"publish","type":"product","link":"https:\/\/www.koupeltech.com\/index.php\/produkt\/dewalt-dwht47399-0-znackovaci-snura-6-1-vyhodna-nabidka-8349\/","title":{"rendered":"DeWALT DWHT47399-0 Zna\u010dkovac\u00ed \u0161\u0148\u016fra 6 : 1 V\u00fdhodn\u00e1 Nab\u00eddka"},"content":{"rendered":"<table>\n<div class=\"tab-pane active product-description\" id=\"popis\" role=\"tabpanel\">\n<div class=\"short-description\" itemprop=\"description\"><\/div>\n<div class=\"description\"><span class='bullet-line'>K\u0159\u00eddov\u00fd zna\u010dkova\u010d s navij\u00e1kem 6: 1 lze pou\u017e\u00edt pro nejr\u016fzn\u011bj\u0161\u00ed \u00falohy od r\u00e1mov\u00e1n\u00ed a rozvr\u017een\u00ed st\u011bny a\u017e po pr\u00e1ce na podlah\u00e1ch a sk\u0159\u00edn\u00edch.<br \/><\/span><span class='bullet-line'>D\u00edky extra velk\u00e9mu p\u0159ekl\u00e1p\u011bc\u00edmu v\u00ed\u010dku nehroz\u00ed rozlit\u00ed k\u0159\u00eddy a snadno se dopl\u0148uje.<br \/><\/span><span class='bullet-line'>P\u0159evodov\u00fd pom\u011br 6: 1 pro rychl\u00e9 nav\u00edjen\u00ed \u0161\u0148\u016fry.<br \/><\/span><span class='bullet-line'>Planetov\u00fd p\u0159evodov\u00fd syst\u00e9m pom\u00e1h\u00e1 p\u0159edch\u00e1zet zasek\u00e1v\u00e1n\u00ed a zaji\u0161\u0165uje tak dlouhou \u017eivotnost.<br \/><\/span><span class='bullet-line'>Integrovan\u00e1 spojka pro hladk\u00e9 uvoln\u011bn\u00ed lanka a sn\u00ed\u017een\u00ed uv\u00edznut\u00ed vlasce.<br \/><\/span><span class='bullet-line'>Oto\u010dn\u00fd uz\u00e1v\u011br pro bezpe\u010dn\u00e9 uchycen\u00ed a rychl\u00e9 dopl\u0148ov\u00e1n\u00ed.<br \/><\/span><span class='bullet-line'>Ergonomick\u00fd tvar zaji\u0161\u0165uje bezpe\u010dn\u00e9 uchopen\u00ed.<br \/><\/span><span class='bullet-line'>H\u00e1\u010dek na vkl\u00e1d\u00e1n\u00ed vlasce pro kompaktn\u00ed skladov\u00e1n\u00ed a p\u0159enosnost.<br \/><\/span><br \/>\u25ba St\u011b\u017eejn\u00ed oblasti pou\u017eit\u00ed<span class='bullet-line'>r\u00e1mov\u00e1n\u00ed, rozvr\u017een\u00ed st\u011bny, pr\u00e1ce na podlah\u00e1ch a sk\u0159\u00edn\u00edch<\/span><\/div>\n<div class=\"parameters\">\n<tr>\n<td>Kapacita k\u0159\u00eddy<\/td>\n<td>37 g<\/td>\n<\/tr>\n<tr>\n<td>Celkov\u00e1 d\u00e9lka<\/td>\n<td>8,3 cm<\/td>\n<\/tr>\n<tr>\n<td>Hmotnost<\/td>\n<td>289 g<\/td>\n<\/tr>\n<tr>\n<td>\u0160\u00ed\u0159ka<\/td>\n<td>5,8 cm<\/td>\n<\/tr><\/div>\n<\/table>\n","protected":false},"excerpt":{"rendered":"<p>K\u0159\u00eddov\u00fd zna\u010dkova\u010d s navij\u00e1kem 6: 1 lze pou\u017e\u00edt pro nejr\u016fzn\u011bj\u0161\u00ed \u00falohy od r\u00e1mov\u00e1n\u00ed a rozvr\u017een\u00ed st\u011bny a\u017e po pr\u00e1ce na podlah\u00e1ch a sk\u0159\u00edn\u00edch.D\u00edky extra velk\u00e9mu p\u0159ekl\u00e1p\u011bc\u00edmu v\u00ed\u010dku nehroz\u00ed rozlit\u00ed k\u0159\u00eddy a snadno se dopl\u0148uje.P\u0159evodov\u00fd pom\u011br 6: 1 pro rychl\u00e9 nav\u00edjen\u00ed \u0161\u0148\u016fry.Planetov\u00fd p\u0159evodov\u00fd syst\u00e9m pom\u00e1h\u00e1 p\u0159edch\u00e1zet zasek\u00e1v\u00e1n\u00ed a zaji\u0161\u0165uje tak dlouhou \u017eivotnost.Integrovan\u00e1 spojka pro hladk\u00e9 uvoln\u011bn\u00ed [&hellip;]<\/p>\n","protected":false},"featured_media":8449,"comment_status":"open","ping_status":"open","template":"","meta":[],"product_brand":[],"product_cat":[50],"product_tag":[],"class_list":{"0":"post-8349","1":"product","2":"type-product","3":"status-publish","4":"has-post-thumbnail","6":"product_cat-stavebni-technika","8":"first","9":"instock","10":"sale","11":"shipping-taxable","12":"purchasable","13":"product-type-simple"},"yoast_head":"<!-- This site is optimized with the Yoast SEO plugin v26.8 - https:\/\/yoast.com\/product\/yoast-seo-wordpress\/ -->\n<title>DeWALT DWHT47399-0 Zna\u010dkovac\u00ed \u0161\u0148\u016fra 6 : 1 V\u00fdhodn\u00e1 Nab\u00eddka -<\/title>\n<meta name=\"robots\" content=\"index, follow, max-snippet:-1, max-image-preview:large, max-video-preview:-1\" \/>\n<link rel=\"canonical\" href=\"https:\/\/www.koupeltech.com\/index.php\/produkt\/dewalt-dwht47399-0-znackovaci-snura-6-1-vyhodna-nabidka-8349\/\" \/>\n<meta property=\"og:locale\" content=\"cs_CZ\" \/>\n<meta property=\"og:type\" content=\"article\" \/>\n<meta property=\"og:title\" content=\"DeWALT DWHT47399-0 Zna\u010dkovac\u00ed \u0161\u0148\u016fra 6 : 1 V\u00fdhodn\u00e1 Nab\u00eddka -\" \/>\n<meta property=\"og:description\" content=\"K\u0159\u00eddov\u00fd zna\u010dkova\u010d s navij\u00e1kem 6: 1 lze pou\u017e\u00edt pro nejr\u016fzn\u011bj\u0161\u00ed \u00falohy od r\u00e1mov\u00e1n\u00ed a rozvr\u017een\u00ed st\u011bny a\u017e po pr\u00e1ce na podlah\u00e1ch a sk\u0159\u00edn\u00edch.D\u00edky extra velk\u00e9mu p\u0159ekl\u00e1p\u011bc\u00edmu v\u00ed\u010dku nehroz\u00ed rozlit\u00ed k\u0159\u00eddy a snadno se dopl\u0148uje.P\u0159evodov\u00fd pom\u011br 6: 1 pro rychl\u00e9 nav\u00edjen\u00ed \u0161\u0148\u016fry.Planetov\u00fd p\u0159evodov\u00fd syst\u00e9m pom\u00e1h\u00e1 p\u0159edch\u00e1zet zasek\u00e1v\u00e1n\u00ed a zaji\u0161\u0165uje tak dlouhou \u017eivotnost.Integrovan\u00e1 spojka pro hladk\u00e9 uvoln\u011bn\u00ed [&hellip;]\" \/>\n<meta property=\"og:url\" content=\"https:\/\/www.koupeltech.com\/index.php\/produkt\/dewalt-dwht47399-0-znackovaci-snura-6-1-vyhodna-nabidka-8349\/\" \/>\n<meta property=\"og:image\" content=\"https:\/\/www.koupeltech.com\/wp-content\/uploads\/2026\/SK0023323-CZ20260425-092328-0-1777080210-dewalt-dwht47399-0-znackovaci-snura_ie2161684.webp\" \/>\n\t<meta property=\"og:image:width\" content=\"800\" \/>\n\t<meta property=\"og:image:height\" content=\"800\" \/>\n\t<meta property=\"og:image:type\" content=\"image\/webp\" \/>\n<meta name=\"twitter:card\" content=\"summary_large_image\" \/>\n<meta name=\"twitter:label1\" content=\"Odhadovan\u00e1 doba \u010dten\u00ed\" \/>\n\t<meta name=\"twitter:data1\" content=\"1 minuta\" \/>\n<script type=\"application\/ld+json\" class=\"yoast-schema-graph\">{\"@context\":\"https:\/\/schema.org\",\"@graph\":[{\"@type\":\"WebPage\",\"@id\":\"https:\/\/www.koupeltech.com\/index.php\/produkt\/dewalt-dwht47399-0-znackovaci-snura-6-1-vyhodna-nabidka-8349\/\",\"url\":\"https:\/\/www.koupeltech.com\/index.php\/produkt\/dewalt-dwht47399-0-znackovaci-snura-6-1-vyhodna-nabidka-8349\/\",\"name\":\"DeWALT DWHT47399-0 Zna\u010dkovac\u00ed \u0161\u0148\u016fra 6 : 1 V\u00fdhodn\u00e1 Nab\u00eddka -\",\"isPartOf\":{\"@id\":\"https:\/\/www.koupeltech.com\/#website\"},\"primaryImageOfPage\":{\"@id\":\"https:\/\/www.koupeltech.com\/index.php\/produkt\/dewalt-dwht47399-0-znackovaci-snura-6-1-vyhodna-nabidka-8349\/#primaryimage\"},\"image\":{\"@id\":\"https:\/\/www.koupeltech.com\/index.php\/produkt\/dewalt-dwht47399-0-znackovaci-snura-6-1-vyhodna-nabidka-8349\/#primaryimage\"},\"thumbnailUrl\":\"https:\/\/www.koupeltech.com\/wp-content\/uploads\/2026\/SK0023323-CZ20260425-092328-0-1777080210-dewalt-dwht47399-0-znackovaci-snura_ie2161684.webp\",\"datePublished\":\"2026-04-27T13:57:03+00:00\",\"breadcrumb\":{\"@id\":\"https:\/\/www.koupeltech.com\/index.php\/produkt\/dewalt-dwht47399-0-znackovaci-snura-6-1-vyhodna-nabidka-8349\/#breadcrumb\"},\"inLanguage\":\"cs\",\"potentialAction\":[{\"@type\":\"ReadAction\",\"target\":[\"https:\/\/www.koupeltech.com\/index.php\/produkt\/dewalt-dwht47399-0-znackovaci-snura-6-1-vyhodna-nabidka-8349\/\"]}]},{\"@type\":\"ImageObject\",\"inLanguage\":\"cs\",\"@id\":\"https:\/\/www.koupeltech.com\/index.php\/produkt\/dewalt-dwht47399-0-znackovaci-snura-6-1-vyhodna-nabidka-8349\/#primaryimage\",\"url\":\"https:\/\/www.koupeltech.com\/wp-content\/uploads\/2026\/SK0023323-CZ20260425-092328-0-1777080210-dewalt-dwht47399-0-znackovaci-snura_ie2161684.webp\",\"contentUrl\":\"https:\/\/www.koupeltech.com\/wp-content\/uploads\/2026\/SK0023323-CZ20260425-092328-0-1777080210-dewalt-dwht47399-0-znackovaci-snura_ie2161684.webp\",\"width\":800,\"height\":800},{\"@type\":\"BreadcrumbList\",\"@id\":\"https:\/\/www.koupeltech.com\/index.php\/produkt\/dewalt-dwht47399-0-znackovaci-snura-6-1-vyhodna-nabidka-8349\/#breadcrumb\",\"itemListElement\":[{\"@type\":\"ListItem\",\"position\":1,\"name\":\"Home\",\"item\":\"https:\/\/www.koupeltech.com\/\"},{\"@type\":\"ListItem\",\"position\":2,\"name\":\"Products\",\"item\":\"https:\/\/www.koupeltech.com\/index.php\/products\/\"},{\"@type\":\"ListItem\",\"position\":3,\"name\":\"DeWALT DWHT47399-0 Zna\u010dkovac\u00ed \u0161\u0148\u016fra 6 : 1 V\u00fdhodn\u00e1 Nab\u00eddka\"}]},{\"@type\":\"WebSite\",\"@id\":\"https:\/\/www.koupeltech.com\/#website\",\"url\":\"https:\/\/www.koupeltech.com\/\",\"name\":\"\",\"description\":\"\",\"potentialAction\":[{\"@type\":\"SearchAction\",\"target\":{\"@type\":\"EntryPoint\",\"urlTemplate\":\"https:\/\/www.koupeltech.com\/?s={search_term_string}\"},\"query-input\":{\"@type\":\"PropertyValueSpecification\",\"valueRequired\":true,\"valueName\":\"search_term_string\"}}],\"inLanguage\":\"cs\"}]}<\/script>\n<!-- \/ Yoast SEO plugin. -->","yoast_head_json":{"title":"DeWALT DWHT47399-0 Zna\u010dkovac\u00ed \u0161\u0148\u016fra 6 : 1 V\u00fdhodn\u00e1 Nab\u00eddka -","robots":{"index":"index","follow":"follow","max-snippet":"max-snippet:-1","max-image-preview":"max-image-preview:large","max-video-preview":"max-video-preview:-1"},"canonical":"https:\/\/www.koupeltech.com\/index.php\/produkt\/dewalt-dwht47399-0-znackovaci-snura-6-1-vyhodna-nabidka-8349\/","og_locale":"cs_CZ","og_type":"article","og_title":"DeWALT DWHT47399-0 Zna\u010dkovac\u00ed \u0161\u0148\u016fra 6 : 1 V\u00fdhodn\u00e1 Nab\u00eddka -","og_description":"K\u0159\u00eddov\u00fd zna\u010dkova\u010d s navij\u00e1kem 6: 1 lze pou\u017e\u00edt pro nejr\u016fzn\u011bj\u0161\u00ed \u00falohy od r\u00e1mov\u00e1n\u00ed a rozvr\u017een\u00ed st\u011bny a\u017e po pr\u00e1ce na podlah\u00e1ch a sk\u0159\u00edn\u00edch.D\u00edky extra velk\u00e9mu p\u0159ekl\u00e1p\u011bc\u00edmu v\u00ed\u010dku nehroz\u00ed rozlit\u00ed k\u0159\u00eddy a snadno se dopl\u0148uje.P\u0159evodov\u00fd pom\u011br 6: 1 pro rychl\u00e9 nav\u00edjen\u00ed \u0161\u0148\u016fry.Planetov\u00fd p\u0159evodov\u00fd syst\u00e9m pom\u00e1h\u00e1 p\u0159edch\u00e1zet zasek\u00e1v\u00e1n\u00ed a zaji\u0161\u0165uje tak dlouhou \u017eivotnost.Integrovan\u00e1 spojka pro hladk\u00e9 uvoln\u011bn\u00ed [&hellip;]","og_url":"https:\/\/www.koupeltech.com\/index.php\/produkt\/dewalt-dwht47399-0-znackovaci-snura-6-1-vyhodna-nabidka-8349\/","og_image":[{"width":800,"height":800,"url":"https:\/\/www.koupeltech.com\/wp-content\/uploads\/2026\/SK0023323-CZ20260425-092328-0-1777080210-dewalt-dwht47399-0-znackovaci-snura_ie2161684.webp","type":"image\/webp"}],"twitter_card":"summary_large_image","twitter_misc":{"Odhadovan\u00e1 doba \u010dten\u00ed":"1 minuta"},"schema":{"@context":"https:\/\/schema.org","@graph":[{"@type":"WebPage","@id":"https:\/\/www.koupeltech.com\/index.php\/produkt\/dewalt-dwht47399-0-znackovaci-snura-6-1-vyhodna-nabidka-8349\/","url":"https:\/\/www.koupeltech.com\/index.php\/produkt\/dewalt-dwht47399-0-znackovaci-snura-6-1-vyhodna-nabidka-8349\/","name":"DeWALT DWHT47399-0 Zna\u010dkovac\u00ed \u0161\u0148\u016fra 6 : 1 V\u00fdhodn\u00e1 Nab\u00eddka -","isPartOf":{"@id":"https:\/\/www.koupeltech.com\/#website"},"primaryImageOfPage":{"@id":"https:\/\/www.koupeltech.com\/index.php\/produkt\/dewalt-dwht47399-0-znackovaci-snura-6-1-vyhodna-nabidka-8349\/#primaryimage"},"image":{"@id":"https:\/\/www.koupeltech.com\/index.php\/produkt\/dewalt-dwht47399-0-znackovaci-snura-6-1-vyhodna-nabidka-8349\/#primaryimage"},"thumbnailUrl":"https:\/\/www.koupeltech.com\/wp-content\/uploads\/2026\/SK0023323-CZ20260425-092328-0-1777080210-dewalt-dwht47399-0-znackovaci-snura_ie2161684.webp","datePublished":"2026-04-27T13:57:03+00:00","breadcrumb":{"@id":"https:\/\/www.koupeltech.com\/index.php\/produkt\/dewalt-dwht47399-0-znackovaci-snura-6-1-vyhodna-nabidka-8349\/#breadcrumb"},"inLanguage":"cs","potentialAction":[{"@type":"ReadAction","target":["https:\/\/www.koupeltech.com\/index.php\/produkt\/dewalt-dwht47399-0-znackovaci-snura-6-1-vyhodna-nabidka-8349\/"]}]},{"@type":"ImageObject","inLanguage":"cs","@id":"https:\/\/www.koupeltech.com\/index.php\/produkt\/dewalt-dwht47399-0-znackovaci-snura-6-1-vyhodna-nabidka-8349\/#primaryimage","url":"https:\/\/www.koupeltech.com\/wp-content\/uploads\/2026\/SK0023323-CZ20260425-092328-0-1777080210-dewalt-dwht47399-0-znackovaci-snura_ie2161684.webp","contentUrl":"https:\/\/www.koupeltech.com\/wp-content\/uploads\/2026\/SK0023323-CZ20260425-092328-0-1777080210-dewalt-dwht47399-0-znackovaci-snura_ie2161684.webp","width":800,"height":800},{"@type":"BreadcrumbList","@id":"https:\/\/www.koupeltech.com\/index.php\/produkt\/dewalt-dwht47399-0-znackovaci-snura-6-1-vyhodna-nabidka-8349\/#breadcrumb","itemListElement":[{"@type":"ListItem","position":1,"name":"Home","item":"https:\/\/www.koupeltech.com\/"},{"@type":"ListItem","position":2,"name":"Products","item":"https:\/\/www.koupeltech.com\/index.php\/products\/"},{"@type":"ListItem","position":3,"name":"DeWALT DWHT47399-0 Zna\u010dkovac\u00ed \u0161\u0148\u016fra 6 : 1 V\u00fdhodn\u00e1 Nab\u00eddka"}]},{"@type":"WebSite","@id":"https:\/\/www.koupeltech.com\/#website","url":"https:\/\/www.koupeltech.com\/","name":"","description":"","potentialAction":[{"@type":"SearchAction","target":{"@type":"EntryPoint","urlTemplate":"https:\/\/www.koupeltech.com\/?s={search_term_string}"},"query-input":{"@type":"PropertyValueSpecification","valueRequired":true,"valueName":"search_term_string"}}],"inLanguage":"cs"}]}},"_links":{"self":[{"href":"https:\/\/www.koupeltech.com\/index.php\/wp-json\/wp\/v2\/product\/8349","targetHints":{"allow":["GET"]}}],"collection":[{"href":"https:\/\/www.koupeltech.com\/index.php\/wp-json\/wp\/v2\/product"}],"about":[{"href":"https:\/\/www.koupeltech.com\/index.php\/wp-json\/wp\/v2\/types\/product"}],"replies":[{"embeddable":true,"href":"https:\/\/www.koupeltech.com\/index.php\/wp-json\/wp\/v2\/comments?post=8349"}],"wp:featuredmedia":[{"embeddable":true,"href":"https:\/\/www.koupeltech.com\/index.php\/wp-json\/wp\/v2\/media\/8449"}],"wp:attachment":[{"href":"https:\/\/www.koupeltech.com\/index.php\/wp-json\/wp\/v2\/media?parent=8349"}],"wp:term":[{"taxonomy":"product_brand","embeddable":true,"href":"https:\/\/www.koupeltech.com\/index.php\/wp-json\/wp\/v2\/product_brand?post=8349"},{"taxonomy":"product_cat","embeddable":true,"href":"https:\/\/www.koupeltech.com\/index.php\/wp-json\/wp\/v2\/product_cat?post=8349"},{"taxonomy":"product_tag","embeddable":true,"href":"https:\/\/www.koupeltech.com\/index.php\/wp-json\/wp\/v2\/product_tag?post=8349"}],"curies":[{"name":"wp","href":"https:\/\/api.w.org\/{rel}","templated":true}]}}