{"id":8351,"date":"2026-04-27T13:57:03","date_gmt":"2026-04-27T13:57:03","guid":{"rendered":""},"modified":"2026-04-27T13:57:03","modified_gmt":"2026-04-27T13:57:03","slug":"akce-dewalt-dwht47048-9-cervena-krida-225-g-8351","status":"publish","type":"product","link":"https:\/\/www.koupeltech.com\/index.php\/produkt\/akce-dewalt-dwht47048-9-cervena-krida-225-g-8351\/","title":{"rendered":"Akce DeWALT DWHT47048-9 \u010cerven\u00e1 k\u0159\u00edda 225 g"},"content":{"rendered":"<table>\n<div class=\"tab-pane active product-description\" id=\"popis\" role=\"tabpanel\">\n<div class=\"short-description\" itemprop=\"description\"><\/div>\n<div class=\"description\"><span class='bullet-line'>Ov\u00e1ln\u00e1 l\u00e1hev obsahuje 225 g \u010derven\u00e9ho k\u0159\u00eddov\u00e9ho pr\u00e1\u0161ku.<br \/><\/span><span class='bullet-line'>Z\u00fa\u017een\u00e1 tryska pro snadn\u00e9 dopl\u0148ov\u00e1n\u00ed bez rozlit\u00ed.<br \/><\/span><span class='bullet-line'>Vhodn\u00e9 pro venkovn\u00ed pou\u017eit\u00ed.<br \/><\/span><span class='bullet-line'>Trvanlivost stupn\u011b 3 &#8211; viditeln\u00e9 t\u00fddny po \u0161patn\u00e9m po\u010das\u00ed a na slunci (p\u0159ibli\u017en\u011b 2 m\u011bs\u00edce).<\/span><\/div>\n<div class=\"parameters\">\n<tr>\n<td>Obsah k\u0159\u00eddy<\/td>\n<td>225 g<\/td>\n<\/tr>\n<tr>\n<td>Barva k\u0159\u00eddy<\/td>\n<td>\u010derven\u00e1<\/td>\n<\/tr>\n<tr>\n<td>Viditelnost na povrchu<\/td>\n<td>cca 2 m\u011bs\u00edce<\/td>\n<\/tr><\/div>\n<\/table>\n","protected":false},"excerpt":{"rendered":"<p>Ov\u00e1ln\u00e1 l\u00e1hev obsahuje 225 g \u010derven\u00e9ho k\u0159\u00eddov\u00e9ho pr\u00e1\u0161ku.Z\u00fa\u017een\u00e1 tryska pro snadn\u00e9 dopl\u0148ov\u00e1n\u00ed bez rozlit\u00ed.Vhodn\u00e9 pro venkovn\u00ed pou\u017eit\u00ed.Trvanlivost stupn\u011b 3 &#8211; viditeln\u00e9 t\u00fddny po \u0161patn\u00e9m po\u010das\u00ed a na slunci (p\u0159ibli\u017en\u011b 2 m\u011bs\u00edce). Obsah k\u0159\u00eddy 225 g Barva k\u0159\u00eddy \u010derven\u00e1 Viditelnost na povrchu cca 2 m\u011bs\u00edce<\/p>\n","protected":false},"featured_media":8451,"comment_status":"open","ping_status":"open","template":"","meta":[],"product_brand":[],"product_cat":[50],"product_tag":[],"class_list":{"0":"post-8351","1":"product","2":"type-product","3":"status-publish","4":"has-post-thumbnail","6":"product_cat-stavebni-technika","8":"first","9":"instock","10":"sale","11":"shipping-taxable","12":"purchasable","13":"product-type-simple"},"yoast_head":"<!-- This site is optimized with the Yoast SEO plugin v26.8 - https:\/\/yoast.com\/product\/yoast-seo-wordpress\/ -->\n<title>Akce DeWALT DWHT47048-9 \u010cerven\u00e1 k\u0159\u00edda 225 g -<\/title>\n<meta name=\"robots\" content=\"index, follow, max-snippet:-1, max-image-preview:large, max-video-preview:-1\" \/>\n<link rel=\"canonical\" href=\"https:\/\/www.koupeltech.com\/index.php\/produkt\/akce-dewalt-dwht47048-9-cervena-krida-225-g-8351\/\" \/>\n<meta property=\"og:locale\" content=\"cs_CZ\" \/>\n<meta property=\"og:type\" content=\"article\" \/>\n<meta property=\"og:title\" content=\"Akce DeWALT DWHT47048-9 \u010cerven\u00e1 k\u0159\u00edda 225 g -\" \/>\n<meta property=\"og:description\" content=\"Ov\u00e1ln\u00e1 l\u00e1hev obsahuje 225 g \u010derven\u00e9ho k\u0159\u00eddov\u00e9ho pr\u00e1\u0161ku.Z\u00fa\u017een\u00e1 tryska pro snadn\u00e9 dopl\u0148ov\u00e1n\u00ed bez rozlit\u00ed.Vhodn\u00e9 pro venkovn\u00ed pou\u017eit\u00ed.Trvanlivost stupn\u011b 3 &#8211; viditeln\u00e9 t\u00fddny po \u0161patn\u00e9m po\u010das\u00ed a na slunci (p\u0159ibli\u017en\u011b 2 m\u011bs\u00edce). Obsah k\u0159\u00eddy 225 g Barva k\u0159\u00eddy \u010derven\u00e1 Viditelnost na povrchu cca 2 m\u011bs\u00edce\" \/>\n<meta property=\"og:url\" content=\"https:\/\/www.koupeltech.com\/index.php\/produkt\/akce-dewalt-dwht47048-9-cervena-krida-225-g-8351\/\" \/>\n<meta property=\"og:image\" content=\"https:\/\/www.koupeltech.com\/wp-content\/uploads\/2026\/SK0023325-CZ20260425-092328-0-1777080210-dewalt-dwht47048-9-znackovaci-krida_ie2161687.webp\" \/>\n\t<meta property=\"og:image:width\" content=\"800\" \/>\n\t<meta property=\"og:image:height\" content=\"800\" \/>\n\t<meta property=\"og:image:type\" content=\"image\/webp\" \/>\n<meta name=\"twitter:card\" content=\"summary_large_image\" \/>\n<script type=\"application\/ld+json\" class=\"yoast-schema-graph\">{\"@context\":\"https:\/\/schema.org\",\"@graph\":[{\"@type\":\"WebPage\",\"@id\":\"https:\/\/www.koupeltech.com\/index.php\/produkt\/akce-dewalt-dwht47048-9-cervena-krida-225-g-8351\/\",\"url\":\"https:\/\/www.koupeltech.com\/index.php\/produkt\/akce-dewalt-dwht47048-9-cervena-krida-225-g-8351\/\",\"name\":\"Akce DeWALT DWHT47048-9 \u010cerven\u00e1 k\u0159\u00edda 225 g -\",\"isPartOf\":{\"@id\":\"https:\/\/www.koupeltech.com\/#website\"},\"primaryImageOfPage\":{\"@id\":\"https:\/\/www.koupeltech.com\/index.php\/produkt\/akce-dewalt-dwht47048-9-cervena-krida-225-g-8351\/#primaryimage\"},\"image\":{\"@id\":\"https:\/\/www.koupeltech.com\/index.php\/produkt\/akce-dewalt-dwht47048-9-cervena-krida-225-g-8351\/#primaryimage\"},\"thumbnailUrl\":\"https:\/\/www.koupeltech.com\/wp-content\/uploads\/2026\/SK0023325-CZ20260425-092328-0-1777080210-dewalt-dwht47048-9-znackovaci-krida_ie2161687.webp\",\"datePublished\":\"2026-04-27T13:57:03+00:00\",\"breadcrumb\":{\"@id\":\"https:\/\/www.koupeltech.com\/index.php\/produkt\/akce-dewalt-dwht47048-9-cervena-krida-225-g-8351\/#breadcrumb\"},\"inLanguage\":\"cs\",\"potentialAction\":[{\"@type\":\"ReadAction\",\"target\":[\"https:\/\/www.koupeltech.com\/index.php\/produkt\/akce-dewalt-dwht47048-9-cervena-krida-225-g-8351\/\"]}]},{\"@type\":\"ImageObject\",\"inLanguage\":\"cs\",\"@id\":\"https:\/\/www.koupeltech.com\/index.php\/produkt\/akce-dewalt-dwht47048-9-cervena-krida-225-g-8351\/#primaryimage\",\"url\":\"https:\/\/www.koupeltech.com\/wp-content\/uploads\/2026\/SK0023325-CZ20260425-092328-0-1777080210-dewalt-dwht47048-9-znackovaci-krida_ie2161687.webp\",\"contentUrl\":\"https:\/\/www.koupeltech.com\/wp-content\/uploads\/2026\/SK0023325-CZ20260425-092328-0-1777080210-dewalt-dwht47048-9-znackovaci-krida_ie2161687.webp\",\"width\":800,\"height\":800},{\"@type\":\"BreadcrumbList\",\"@id\":\"https:\/\/www.koupeltech.com\/index.php\/produkt\/akce-dewalt-dwht47048-9-cervena-krida-225-g-8351\/#breadcrumb\",\"itemListElement\":[{\"@type\":\"ListItem\",\"position\":1,\"name\":\"Home\",\"item\":\"https:\/\/www.koupeltech.com\/\"},{\"@type\":\"ListItem\",\"position\":2,\"name\":\"Products\",\"item\":\"https:\/\/www.koupeltech.com\/index.php\/products\/\"},{\"@type\":\"ListItem\",\"position\":3,\"name\":\"Akce DeWALT DWHT47048-9 \u010cerven\u00e1 k\u0159\u00edda 225 g\"}]},{\"@type\":\"WebSite\",\"@id\":\"https:\/\/www.koupeltech.com\/#website\",\"url\":\"https:\/\/www.koupeltech.com\/\",\"name\":\"\",\"description\":\"\",\"potentialAction\":[{\"@type\":\"SearchAction\",\"target\":{\"@type\":\"EntryPoint\",\"urlTemplate\":\"https:\/\/www.koupeltech.com\/?s={search_term_string}\"},\"query-input\":{\"@type\":\"PropertyValueSpecification\",\"valueRequired\":true,\"valueName\":\"search_term_string\"}}],\"inLanguage\":\"cs\"}]}<\/script>\n<!-- \/ Yoast SEO plugin. -->","yoast_head_json":{"title":"Akce DeWALT DWHT47048-9 \u010cerven\u00e1 k\u0159\u00edda 225 g -","robots":{"index":"index","follow":"follow","max-snippet":"max-snippet:-1","max-image-preview":"max-image-preview:large","max-video-preview":"max-video-preview:-1"},"canonical":"https:\/\/www.koupeltech.com\/index.php\/produkt\/akce-dewalt-dwht47048-9-cervena-krida-225-g-8351\/","og_locale":"cs_CZ","og_type":"article","og_title":"Akce DeWALT DWHT47048-9 \u010cerven\u00e1 k\u0159\u00edda 225 g -","og_description":"Ov\u00e1ln\u00e1 l\u00e1hev obsahuje 225 g \u010derven\u00e9ho k\u0159\u00eddov\u00e9ho pr\u00e1\u0161ku.Z\u00fa\u017een\u00e1 tryska pro snadn\u00e9 dopl\u0148ov\u00e1n\u00ed bez rozlit\u00ed.Vhodn\u00e9 pro venkovn\u00ed pou\u017eit\u00ed.Trvanlivost stupn\u011b 3 &#8211; viditeln\u00e9 t\u00fddny po \u0161patn\u00e9m po\u010das\u00ed a na slunci (p\u0159ibli\u017en\u011b 2 m\u011bs\u00edce). Obsah k\u0159\u00eddy 225 g Barva k\u0159\u00eddy \u010derven\u00e1 Viditelnost na povrchu cca 2 m\u011bs\u00edce","og_url":"https:\/\/www.koupeltech.com\/index.php\/produkt\/akce-dewalt-dwht47048-9-cervena-krida-225-g-8351\/","og_image":[{"width":800,"height":800,"url":"https:\/\/www.koupeltech.com\/wp-content\/uploads\/2026\/SK0023325-CZ20260425-092328-0-1777080210-dewalt-dwht47048-9-znackovaci-krida_ie2161687.webp","type":"image\/webp"}],"twitter_card":"summary_large_image","schema":{"@context":"https:\/\/schema.org","@graph":[{"@type":"WebPage","@id":"https:\/\/www.koupeltech.com\/index.php\/produkt\/akce-dewalt-dwht47048-9-cervena-krida-225-g-8351\/","url":"https:\/\/www.koupeltech.com\/index.php\/produkt\/akce-dewalt-dwht47048-9-cervena-krida-225-g-8351\/","name":"Akce DeWALT DWHT47048-9 \u010cerven\u00e1 k\u0159\u00edda 225 g -","isPartOf":{"@id":"https:\/\/www.koupeltech.com\/#website"},"primaryImageOfPage":{"@id":"https:\/\/www.koupeltech.com\/index.php\/produkt\/akce-dewalt-dwht47048-9-cervena-krida-225-g-8351\/#primaryimage"},"image":{"@id":"https:\/\/www.koupeltech.com\/index.php\/produkt\/akce-dewalt-dwht47048-9-cervena-krida-225-g-8351\/#primaryimage"},"thumbnailUrl":"https:\/\/www.koupeltech.com\/wp-content\/uploads\/2026\/SK0023325-CZ20260425-092328-0-1777080210-dewalt-dwht47048-9-znackovaci-krida_ie2161687.webp","datePublished":"2026-04-27T13:57:03+00:00","breadcrumb":{"@id":"https:\/\/www.koupeltech.com\/index.php\/produkt\/akce-dewalt-dwht47048-9-cervena-krida-225-g-8351\/#breadcrumb"},"inLanguage":"cs","potentialAction":[{"@type":"ReadAction","target":["https:\/\/www.koupeltech.com\/index.php\/produkt\/akce-dewalt-dwht47048-9-cervena-krida-225-g-8351\/"]}]},{"@type":"ImageObject","inLanguage":"cs","@id":"https:\/\/www.koupeltech.com\/index.php\/produkt\/akce-dewalt-dwht47048-9-cervena-krida-225-g-8351\/#primaryimage","url":"https:\/\/www.koupeltech.com\/wp-content\/uploads\/2026\/SK0023325-CZ20260425-092328-0-1777080210-dewalt-dwht47048-9-znackovaci-krida_ie2161687.webp","contentUrl":"https:\/\/www.koupeltech.com\/wp-content\/uploads\/2026\/SK0023325-CZ20260425-092328-0-1777080210-dewalt-dwht47048-9-znackovaci-krida_ie2161687.webp","width":800,"height":800},{"@type":"BreadcrumbList","@id":"https:\/\/www.koupeltech.com\/index.php\/produkt\/akce-dewalt-dwht47048-9-cervena-krida-225-g-8351\/#breadcrumb","itemListElement":[{"@type":"ListItem","position":1,"name":"Home","item":"https:\/\/www.koupeltech.com\/"},{"@type":"ListItem","position":2,"name":"Products","item":"https:\/\/www.koupeltech.com\/index.php\/products\/"},{"@type":"ListItem","position":3,"name":"Akce DeWALT DWHT47048-9 \u010cerven\u00e1 k\u0159\u00edda 225 g"}]},{"@type":"WebSite","@id":"https:\/\/www.koupeltech.com\/#website","url":"https:\/\/www.koupeltech.com\/","name":"","description":"","potentialAction":[{"@type":"SearchAction","target":{"@type":"EntryPoint","urlTemplate":"https:\/\/www.koupeltech.com\/?s={search_term_string}"},"query-input":{"@type":"PropertyValueSpecification","valueRequired":true,"valueName":"search_term_string"}}],"inLanguage":"cs"}]}},"_links":{"self":[{"href":"https:\/\/www.koupeltech.com\/index.php\/wp-json\/wp\/v2\/product\/8351","targetHints":{"allow":["GET"]}}],"collection":[{"href":"https:\/\/www.koupeltech.com\/index.php\/wp-json\/wp\/v2\/product"}],"about":[{"href":"https:\/\/www.koupeltech.com\/index.php\/wp-json\/wp\/v2\/types\/product"}],"replies":[{"embeddable":true,"href":"https:\/\/www.koupeltech.com\/index.php\/wp-json\/wp\/v2\/comments?post=8351"}],"wp:featuredmedia":[{"embeddable":true,"href":"https:\/\/www.koupeltech.com\/index.php\/wp-json\/wp\/v2\/media\/8451"}],"wp:attachment":[{"href":"https:\/\/www.koupeltech.com\/index.php\/wp-json\/wp\/v2\/media?parent=8351"}],"wp:term":[{"taxonomy":"product_brand","embeddable":true,"href":"https:\/\/www.koupeltech.com\/index.php\/wp-json\/wp\/v2\/product_brand?post=8351"},{"taxonomy":"product_cat","embeddable":true,"href":"https:\/\/www.koupeltech.com\/index.php\/wp-json\/wp\/v2\/product_cat?post=8351"},{"taxonomy":"product_tag","embeddable":true,"href":"https:\/\/www.koupeltech.com\/index.php\/wp-json\/wp\/v2\/product_tag?post=8351"}],"curies":[{"name":"wp","href":"https:\/\/api.w.org\/{rel}","templated":true}]}}