{"id":8498,"date":"2026-04-27T13:57:05","date_gmt":"2026-04-27T13:57:05","guid":{"rendered":""},"modified":"2026-04-27T13:57:05","modified_gmt":"2026-04-27T13:57:05","slug":"akce-dewalt-dwmt19241-1-22dilna-sada-hlavic-s-racnou-1-2-8498","status":"publish","type":"product","link":"https:\/\/www.koupeltech.com\/index.php\/produkt\/akce-dewalt-dwmt19241-1-22dilna-sada-hlavic-s-racnou-1-2-8498\/","title":{"rendered":"Akce DeWALT DWMT19241-1 22d\u00edln\u00e1 sada hlavic s r\u00e1\u010dnou 1\/2"},"content":{"rendered":"<table>\n<div class=\"tab-pane active product-description\" id=\"popis\" role=\"tabpanel\">\n<div class=\"short-description\" itemprop=\"description\"><\/div>\n<div class=\"description\"><span class='bullet-line'>22 d\u00edln\u00e1 sada 1\/2 &#8220; \u0161estihrann\u00fdch gola hlavic, r\u00e1\u010dny, n\u00e1stavc\u016f<br \/><\/span><span class='bullet-line'>Povrchov\u00e1 \u00faprava le\u0161t\u011bn\u00fd chrom-vanad<br \/><\/span><span class='bullet-line'>Ru\u010dn\u011b vyra\u017een\u00e9 zna\u010den\u00ed<br \/><\/span><br \/>\u25ba Rozsah dod\u00e1vky<span class='bullet-line'>Kufr<br \/><\/span><span class='bullet-line'>DWMT19287 6PT 1\/2&#8243; Gola hlavice 8 mm<br \/><\/span><span class='bullet-line'>DWMT19290 6PT 1\/2&#8243; Gola hlavice 10 mm<br \/><\/span><span class='bullet-line'>DWMT19291 6PT 1\/2&#8243; Gola hlavice 11 mm<br \/><\/span><span class='bullet-line'>DWMT86512 6PT 1\/2&#8243; Gola hlavice 12 mm<br \/><\/span><span class='bullet-line'>DWMT86513 6PT 1\/2&#8243; Gola hlavice 13 mm<br \/><\/span><span class='bullet-line'>DWMT86514 6PT 1\/2&#8243; Gola hlavice 14 mm<br \/><\/span><span class='bullet-line'>DWMT86515 6PT 1\/2&#8243; Gola hlavice 15 mm<br \/><\/span><span class='bullet-line'>DWMT88738 6PT 1\/2&#8243; Gola hlavice 16 mm<br \/><\/span><span class='bullet-line'>DWMT86517 6PT 1\/2&#8243; Gola hlavice 17 mm<br \/><\/span><span class='bullet-line'>DWMT86518 6PT 1\/2&#8243; Gola hlavice 18 mm<br \/><\/span><span class='bullet-line'>DWMT86519 6PT 1\/2&#8243; Gola hlavice 19 mm<br \/><\/span><span class='bullet-line'>DWMT86521 6PT 1\/2&#8243; Gola hlavice 21 mm<br \/><\/span><span class='bullet-line'>DWMT86522 6PT 1\/2&#8243; Gola hlavice 22 mm<br \/><\/span><span class='bullet-line'>DWMT86524 6PT 1\/2&#8243; Gola hlavice 24 mm<br \/><\/span><span class='bullet-line'>DWMT19293 6PT 1\/2&#8243; Gola hlavice 27 mm<br \/><\/span><span class='bullet-line'>DWMT19295 6PT 1\/2&#8243; Gola hlavice 30 mm<br \/><\/span><span class='bullet-line'>DWMT19296 6PT 1\/2&#8243; Gola hlavice 32 mm<br \/><\/span><span class='bullet-line'>DWMT19206 1\/2&#8243; R\u00e1\u010dna s hru\u0161kovou hlavou<br \/><\/span><span class='bullet-line'>DWMT86407 1\/2&#8243; Drive 5&#8243; n\u00e1stavec<br \/><\/span><span class='bullet-line'>DWMT86408 1\/2&#8243; Drive 10&#8243; n\u00e1stavec<br \/><\/span><span class='bullet-line'>DWMT19204 1\/2&#8243; Drive Sliding Posuvn\u00e1 rukoje\u0165<br \/><\/span><span class='bullet-line'>DWMT86411 1\/2&#8243; Drive Universal Joint Univerz\u00e1ln\u00ed n\u00e1stavec<\/span><\/div>\n<div class=\"parameters\">\n<tr>\n<td>Rozm\u011br hlavice<\/td>\n<td>1\/2<\/td>\n<\/tr><\/div>\n<\/table>\n","protected":false},"excerpt":{"rendered":"<p>22 d\u00edln\u00e1 sada 1\/2 &#8220; \u0161estihrann\u00fdch gola hlavic, r\u00e1\u010dny, n\u00e1stavc\u016fPovrchov\u00e1 \u00faprava le\u0161t\u011bn\u00fd chrom-vanadRu\u010dn\u011b vyra\u017een\u00e9 zna\u010den\u00ed\u25ba Rozsah dod\u00e1vkyKufrDWMT19287 6PT 1\/2&#8243; Gola hlavice 8 mmDWMT19290 6PT 1\/2&#8243; Gola hlavice 10 mmDWMT19291 6PT 1\/2&#8243; Gola hlavice 11 mmDWMT86512 6PT 1\/2&#8243; Gola hlavice 12 mmDWMT86513 6PT 1\/2&#8243; Gola hlavice 13 mmDWMT86514 6PT 1\/2&#8243; Gola hlavice 14 mmDWMT86515 6PT 1\/2&#8243; [&hellip;]<\/p>\n","protected":false},"featured_media":8598,"comment_status":"open","ping_status":"open","template":"","meta":[],"product_brand":[],"product_cat":[43],"product_tag":[],"class_list":{"0":"post-8498","1":"product","2":"type-product","3":"status-publish","4":"has-post-thumbnail","6":"product_cat-naradi","8":"first","9":"instock","10":"sale","11":"shipping-taxable","12":"purchasable","13":"product-type-simple"},"yoast_head":"<!-- This site is optimized with the Yoast SEO plugin v26.8 - https:\/\/yoast.com\/product\/yoast-seo-wordpress\/ -->\n<title>Akce DeWALT DWMT19241-1 22d\u00edln\u00e1 sada hlavic s r\u00e1\u010dnou 1\/2 -<\/title>\n<meta name=\"robots\" content=\"index, follow, max-snippet:-1, max-image-preview:large, max-video-preview:-1\" \/>\n<link rel=\"canonical\" href=\"https:\/\/www.koupeltech.com\/index.php\/produkt\/akce-dewalt-dwmt19241-1-22dilna-sada-hlavic-s-racnou-1-2-8498\/\" \/>\n<meta property=\"og:locale\" content=\"cs_CZ\" \/>\n<meta property=\"og:type\" content=\"article\" \/>\n<meta property=\"og:title\" content=\"Akce DeWALT DWMT19241-1 22d\u00edln\u00e1 sada hlavic s r\u00e1\u010dnou 1\/2 -\" \/>\n<meta property=\"og:description\" content=\"22 d\u00edln\u00e1 sada 1\/2 &#8220; \u0161estihrann\u00fdch gola hlavic, r\u00e1\u010dny, n\u00e1stavc\u016fPovrchov\u00e1 \u00faprava le\u0161t\u011bn\u00fd chrom-vanadRu\u010dn\u011b vyra\u017een\u00e9 zna\u010den\u00ed\u25ba Rozsah dod\u00e1vkyKufrDWMT19287 6PT 1\/2&#8243; Gola hlavice 8 mmDWMT19290 6PT 1\/2&#8243; Gola hlavice 10 mmDWMT19291 6PT 1\/2&#8243; Gola hlavice 11 mmDWMT86512 6PT 1\/2&#8243; Gola hlavice 12 mmDWMT86513 6PT 1\/2&#8243; Gola hlavice 13 mmDWMT86514 6PT 1\/2&#8243; Gola hlavice 14 mmDWMT86515 6PT 1\/2&#8243; [&hellip;]\" \/>\n<meta property=\"og:url\" content=\"https:\/\/www.koupeltech.com\/index.php\/produkt\/akce-dewalt-dwmt19241-1-22dilna-sada-hlavic-s-racnou-1-2-8498\/\" \/>\n<meta property=\"og:image\" content=\"https:\/\/www.koupeltech.com\/wp-content\/uploads\/2026\/SK0023372-CZ20260425-092328-0-1777080210-dewalt-dwmt19241-1-gola-sada_ie2161751.webp\" \/>\n\t<meta property=\"og:image:width\" content=\"800\" \/>\n\t<meta property=\"og:image:height\" content=\"800\" \/>\n\t<meta property=\"og:image:type\" content=\"image\/webp\" \/>\n<meta name=\"twitter:card\" content=\"summary_large_image\" \/>\n<meta name=\"twitter:label1\" content=\"Odhadovan\u00e1 doba \u010dten\u00ed\" \/>\n\t<meta name=\"twitter:data1\" content=\"1 minuta\" \/>\n<script type=\"application\/ld+json\" class=\"yoast-schema-graph\">{\"@context\":\"https:\/\/schema.org\",\"@graph\":[{\"@type\":\"WebPage\",\"@id\":\"https:\/\/www.koupeltech.com\/index.php\/produkt\/akce-dewalt-dwmt19241-1-22dilna-sada-hlavic-s-racnou-1-2-8498\/\",\"url\":\"https:\/\/www.koupeltech.com\/index.php\/produkt\/akce-dewalt-dwmt19241-1-22dilna-sada-hlavic-s-racnou-1-2-8498\/\",\"name\":\"Akce DeWALT DWMT19241-1 22d\u00edln\u00e1 sada hlavic s r\u00e1\u010dnou 1\/2 -\",\"isPartOf\":{\"@id\":\"https:\/\/www.koupeltech.com\/#website\"},\"primaryImageOfPage\":{\"@id\":\"https:\/\/www.koupeltech.com\/index.php\/produkt\/akce-dewalt-dwmt19241-1-22dilna-sada-hlavic-s-racnou-1-2-8498\/#primaryimage\"},\"image\":{\"@id\":\"https:\/\/www.koupeltech.com\/index.php\/produkt\/akce-dewalt-dwmt19241-1-22dilna-sada-hlavic-s-racnou-1-2-8498\/#primaryimage\"},\"thumbnailUrl\":\"https:\/\/www.koupeltech.com\/wp-content\/uploads\/2026\/SK0023372-CZ20260425-092328-0-1777080210-dewalt-dwmt19241-1-gola-sada_ie2161751.webp\",\"datePublished\":\"2026-04-27T13:57:05+00:00\",\"breadcrumb\":{\"@id\":\"https:\/\/www.koupeltech.com\/index.php\/produkt\/akce-dewalt-dwmt19241-1-22dilna-sada-hlavic-s-racnou-1-2-8498\/#breadcrumb\"},\"inLanguage\":\"cs\",\"potentialAction\":[{\"@type\":\"ReadAction\",\"target\":[\"https:\/\/www.koupeltech.com\/index.php\/produkt\/akce-dewalt-dwmt19241-1-22dilna-sada-hlavic-s-racnou-1-2-8498\/\"]}]},{\"@type\":\"ImageObject\",\"inLanguage\":\"cs\",\"@id\":\"https:\/\/www.koupeltech.com\/index.php\/produkt\/akce-dewalt-dwmt19241-1-22dilna-sada-hlavic-s-racnou-1-2-8498\/#primaryimage\",\"url\":\"https:\/\/www.koupeltech.com\/wp-content\/uploads\/2026\/SK0023372-CZ20260425-092328-0-1777080210-dewalt-dwmt19241-1-gola-sada_ie2161751.webp\",\"contentUrl\":\"https:\/\/www.koupeltech.com\/wp-content\/uploads\/2026\/SK0023372-CZ20260425-092328-0-1777080210-dewalt-dwmt19241-1-gola-sada_ie2161751.webp\",\"width\":800,\"height\":800},{\"@type\":\"BreadcrumbList\",\"@id\":\"https:\/\/www.koupeltech.com\/index.php\/produkt\/akce-dewalt-dwmt19241-1-22dilna-sada-hlavic-s-racnou-1-2-8498\/#breadcrumb\",\"itemListElement\":[{\"@type\":\"ListItem\",\"position\":1,\"name\":\"Home\",\"item\":\"https:\/\/www.koupeltech.com\/\"},{\"@type\":\"ListItem\",\"position\":2,\"name\":\"Products\",\"item\":\"https:\/\/www.koupeltech.com\/index.php\/products\/\"},{\"@type\":\"ListItem\",\"position\":3,\"name\":\"Akce DeWALT DWMT19241-1 22d\u00edln\u00e1 sada hlavic s r\u00e1\u010dnou 1\/2\"}]},{\"@type\":\"WebSite\",\"@id\":\"https:\/\/www.koupeltech.com\/#website\",\"url\":\"https:\/\/www.koupeltech.com\/\",\"name\":\"\",\"description\":\"\",\"potentialAction\":[{\"@type\":\"SearchAction\",\"target\":{\"@type\":\"EntryPoint\",\"urlTemplate\":\"https:\/\/www.koupeltech.com\/?s={search_term_string}\"},\"query-input\":{\"@type\":\"PropertyValueSpecification\",\"valueRequired\":true,\"valueName\":\"search_term_string\"}}],\"inLanguage\":\"cs\"}]}<\/script>\n<!-- \/ Yoast SEO plugin. -->","yoast_head_json":{"title":"Akce DeWALT DWMT19241-1 22d\u00edln\u00e1 sada hlavic s r\u00e1\u010dnou 1\/2 -","robots":{"index":"index","follow":"follow","max-snippet":"max-snippet:-1","max-image-preview":"max-image-preview:large","max-video-preview":"max-video-preview:-1"},"canonical":"https:\/\/www.koupeltech.com\/index.php\/produkt\/akce-dewalt-dwmt19241-1-22dilna-sada-hlavic-s-racnou-1-2-8498\/","og_locale":"cs_CZ","og_type":"article","og_title":"Akce DeWALT DWMT19241-1 22d\u00edln\u00e1 sada hlavic s r\u00e1\u010dnou 1\/2 -","og_description":"22 d\u00edln\u00e1 sada 1\/2 &#8220; \u0161estihrann\u00fdch gola hlavic, r\u00e1\u010dny, n\u00e1stavc\u016fPovrchov\u00e1 \u00faprava le\u0161t\u011bn\u00fd chrom-vanadRu\u010dn\u011b vyra\u017een\u00e9 zna\u010den\u00ed\u25ba Rozsah dod\u00e1vkyKufrDWMT19287 6PT 1\/2&#8243; Gola hlavice 8 mmDWMT19290 6PT 1\/2&#8243; Gola hlavice 10 mmDWMT19291 6PT 1\/2&#8243; Gola hlavice 11 mmDWMT86512 6PT 1\/2&#8243; Gola hlavice 12 mmDWMT86513 6PT 1\/2&#8243; Gola hlavice 13 mmDWMT86514 6PT 1\/2&#8243; Gola hlavice 14 mmDWMT86515 6PT 1\/2&#8243; [&hellip;]","og_url":"https:\/\/www.koupeltech.com\/index.php\/produkt\/akce-dewalt-dwmt19241-1-22dilna-sada-hlavic-s-racnou-1-2-8498\/","og_image":[{"width":800,"height":800,"url":"https:\/\/www.koupeltech.com\/wp-content\/uploads\/2026\/SK0023372-CZ20260425-092328-0-1777080210-dewalt-dwmt19241-1-gola-sada_ie2161751.webp","type":"image\/webp"}],"twitter_card":"summary_large_image","twitter_misc":{"Odhadovan\u00e1 doba \u010dten\u00ed":"1 minuta"},"schema":{"@context":"https:\/\/schema.org","@graph":[{"@type":"WebPage","@id":"https:\/\/www.koupeltech.com\/index.php\/produkt\/akce-dewalt-dwmt19241-1-22dilna-sada-hlavic-s-racnou-1-2-8498\/","url":"https:\/\/www.koupeltech.com\/index.php\/produkt\/akce-dewalt-dwmt19241-1-22dilna-sada-hlavic-s-racnou-1-2-8498\/","name":"Akce DeWALT DWMT19241-1 22d\u00edln\u00e1 sada hlavic s r\u00e1\u010dnou 1\/2 -","isPartOf":{"@id":"https:\/\/www.koupeltech.com\/#website"},"primaryImageOfPage":{"@id":"https:\/\/www.koupeltech.com\/index.php\/produkt\/akce-dewalt-dwmt19241-1-22dilna-sada-hlavic-s-racnou-1-2-8498\/#primaryimage"},"image":{"@id":"https:\/\/www.koupeltech.com\/index.php\/produkt\/akce-dewalt-dwmt19241-1-22dilna-sada-hlavic-s-racnou-1-2-8498\/#primaryimage"},"thumbnailUrl":"https:\/\/www.koupeltech.com\/wp-content\/uploads\/2026\/SK0023372-CZ20260425-092328-0-1777080210-dewalt-dwmt19241-1-gola-sada_ie2161751.webp","datePublished":"2026-04-27T13:57:05+00:00","breadcrumb":{"@id":"https:\/\/www.koupeltech.com\/index.php\/produkt\/akce-dewalt-dwmt19241-1-22dilna-sada-hlavic-s-racnou-1-2-8498\/#breadcrumb"},"inLanguage":"cs","potentialAction":[{"@type":"ReadAction","target":["https:\/\/www.koupeltech.com\/index.php\/produkt\/akce-dewalt-dwmt19241-1-22dilna-sada-hlavic-s-racnou-1-2-8498\/"]}]},{"@type":"ImageObject","inLanguage":"cs","@id":"https:\/\/www.koupeltech.com\/index.php\/produkt\/akce-dewalt-dwmt19241-1-22dilna-sada-hlavic-s-racnou-1-2-8498\/#primaryimage","url":"https:\/\/www.koupeltech.com\/wp-content\/uploads\/2026\/SK0023372-CZ20260425-092328-0-1777080210-dewalt-dwmt19241-1-gola-sada_ie2161751.webp","contentUrl":"https:\/\/www.koupeltech.com\/wp-content\/uploads\/2026\/SK0023372-CZ20260425-092328-0-1777080210-dewalt-dwmt19241-1-gola-sada_ie2161751.webp","width":800,"height":800},{"@type":"BreadcrumbList","@id":"https:\/\/www.koupeltech.com\/index.php\/produkt\/akce-dewalt-dwmt19241-1-22dilna-sada-hlavic-s-racnou-1-2-8498\/#breadcrumb","itemListElement":[{"@type":"ListItem","position":1,"name":"Home","item":"https:\/\/www.koupeltech.com\/"},{"@type":"ListItem","position":2,"name":"Products","item":"https:\/\/www.koupeltech.com\/index.php\/products\/"},{"@type":"ListItem","position":3,"name":"Akce DeWALT DWMT19241-1 22d\u00edln\u00e1 sada hlavic s r\u00e1\u010dnou 1\/2"}]},{"@type":"WebSite","@id":"https:\/\/www.koupeltech.com\/#website","url":"https:\/\/www.koupeltech.com\/","name":"","description":"","potentialAction":[{"@type":"SearchAction","target":{"@type":"EntryPoint","urlTemplate":"https:\/\/www.koupeltech.com\/?s={search_term_string}"},"query-input":{"@type":"PropertyValueSpecification","valueRequired":true,"valueName":"search_term_string"}}],"inLanguage":"cs"}]}},"_links":{"self":[{"href":"https:\/\/www.koupeltech.com\/index.php\/wp-json\/wp\/v2\/product\/8498","targetHints":{"allow":["GET"]}}],"collection":[{"href":"https:\/\/www.koupeltech.com\/index.php\/wp-json\/wp\/v2\/product"}],"about":[{"href":"https:\/\/www.koupeltech.com\/index.php\/wp-json\/wp\/v2\/types\/product"}],"replies":[{"embeddable":true,"href":"https:\/\/www.koupeltech.com\/index.php\/wp-json\/wp\/v2\/comments?post=8498"}],"wp:featuredmedia":[{"embeddable":true,"href":"https:\/\/www.koupeltech.com\/index.php\/wp-json\/wp\/v2\/media\/8598"}],"wp:attachment":[{"href":"https:\/\/www.koupeltech.com\/index.php\/wp-json\/wp\/v2\/media?parent=8498"}],"wp:term":[{"taxonomy":"product_brand","embeddable":true,"href":"https:\/\/www.koupeltech.com\/index.php\/wp-json\/wp\/v2\/product_brand?post=8498"},{"taxonomy":"product_cat","embeddable":true,"href":"https:\/\/www.koupeltech.com\/index.php\/wp-json\/wp\/v2\/product_cat?post=8498"},{"taxonomy":"product_tag","embeddable":true,"href":"https:\/\/www.koupeltech.com\/index.php\/wp-json\/wp\/v2\/product_tag?post=8498"}],"curies":[{"name":"wp","href":"https:\/\/api.w.org\/{rel}","templated":true}]}}