{"id":8515,"date":"2026-04-27T13:57:05","date_gmt":"2026-04-27T13:57:05","guid":{"rendered":""},"modified":"2026-04-27T13:57:05","modified_gmt":"2026-04-27T13:57:05","slug":"znackovy-schonox-st-50-120mmx50m-rol-tesnici-paska-8515","status":"publish","type":"product","link":"https:\/\/www.koupeltech.com\/index.php\/produkt\/znackovy-schonox-st-50-120mmx50m-rol-tesnici-paska-8515\/","title":{"rendered":"Zna\u010dkov\u00fd SCH\u00d6NOX ST 50 120mmx50m ROL t\u011bsn\u00edc\u00ed p\u00e1ska"},"content":{"rendered":"<table>\n<div class=\"tab-pane active product-description\" id=\"popis\" role=\"tabpanel\">\n<div class=\"short-description\" itemprop=\"description\">P\u0159\u00ed\u010dn\u011b elastick\u00e1 speci\u00e1ln\u00ed t\u011bsnic\u00ed p\u00e1ska oboustrann\u011b ka\u0161\u00edrovan\u00e1 textili\u00ed.<\/div>\n<div class=\"description\"><span class='bullet-line'>120 mm \u0161irok\u00e1, pro ut\u011bsn\u011bn\u00ed roh\u016f a dilata\u010dn\u00edch sp\u00e1r pod keramick\u00fdmi krytinami ve vlhk\u00fdch a mokr\u00fdch provozech. <br \/><\/span><span class='bullet-line'>Certifikov\u00e1no TZ\u00daS. <br \/><\/span><span class='bullet-line'>Produkt z\u00edskal ekologickou licenci EC1 Plus.<\/span><\/div>\n<div class=\"parameters\">\n<tr>\n<td>\u0160\u00ed\u0159ka role<\/td>\n<td>120 mm<\/td>\n<\/tr>\n<tr>\n<td>D\u00e9lka role<\/td>\n<td>25 nebo 50 m<\/td>\n<\/tr>\n<tr>\n<td>Tlou\u0161\u0165ka materi\u00e1lu<\/td>\n<td>0,6 mm<\/td>\n<\/tr>\n<tr>\n<td>Hmotnost<\/td>\n<td>cca 43 g\/m<\/td>\n<\/tr>\n<tr>\n<td>Barva<\/td>\n<td>\u017elut\u00e1<\/td>\n<\/tr>\n<tr>\n<td>EMI K\u00f3d<\/td>\n<td>EC 1 PLUS<\/td>\n<\/tr><\/div>\n<\/table>\n","protected":false},"excerpt":{"rendered":"<p>P\u0159\u00ed\u010dn\u011b elastick\u00e1 speci\u00e1ln\u00ed t\u011bsnic\u00ed p\u00e1ska oboustrann\u011b ka\u0161\u00edrovan\u00e1 textili\u00ed. 120 mm \u0161irok\u00e1, pro ut\u011bsn\u011bn\u00ed roh\u016f a dilata\u010dn\u00edch sp\u00e1r pod keramick\u00fdmi krytinami ve vlhk\u00fdch a mokr\u00fdch provozech. Certifikov\u00e1no TZ\u00daS. Produkt z\u00edskal ekologickou licenci EC1 Plus. \u0160\u00ed\u0159ka role 120 mm D\u00e9lka role 25 nebo 50 m Tlou\u0161\u0165ka materi\u00e1lu 0,6 mm Hmotnost cca 43 g\/m Barva \u017elut\u00e1 EMI K\u00f3d [&hellip;]<\/p>\n","protected":false},"featured_media":8615,"comment_status":"open","ping_status":"open","template":"","meta":[],"product_brand":[],"product_cat":[40,42,41],"product_tag":[],"class_list":{"0":"post-8515","1":"product","2":"type-product","3":"status-publish","4":"has-post-thumbnail","6":"product_cat-barvy","7":"product_cat-chemie","8":"product_cat-laky","10":"first","11":"instock","12":"sale","13":"shipping-taxable","14":"purchasable","15":"product-type-simple"},"yoast_head":"<!-- This site is optimized with the Yoast SEO plugin v26.8 - https:\/\/yoast.com\/product\/yoast-seo-wordpress\/ -->\n<title>Zna\u010dkov\u00fd SCH\u00d6NOX ST 50 120mmx50m ROL t\u011bsn\u00edc\u00ed p\u00e1ska -<\/title>\n<meta name=\"robots\" content=\"index, follow, max-snippet:-1, max-image-preview:large, max-video-preview:-1\" \/>\n<link rel=\"canonical\" href=\"https:\/\/www.koupeltech.com\/index.php\/produkt\/znackovy-schonox-st-50-120mmx50m-rol-tesnici-paska-8515\/\" \/>\n<meta property=\"og:locale\" content=\"cs_CZ\" \/>\n<meta property=\"og:type\" content=\"article\" \/>\n<meta property=\"og:title\" content=\"Zna\u010dkov\u00fd SCH\u00d6NOX ST 50 120mmx50m ROL t\u011bsn\u00edc\u00ed p\u00e1ska -\" \/>\n<meta property=\"og:description\" content=\"P\u0159\u00ed\u010dn\u011b elastick\u00e1 speci\u00e1ln\u00ed t\u011bsnic\u00ed p\u00e1ska oboustrann\u011b ka\u0161\u00edrovan\u00e1 textili\u00ed. 120 mm \u0161irok\u00e1, pro ut\u011bsn\u011bn\u00ed roh\u016f a dilata\u010dn\u00edch sp\u00e1r pod keramick\u00fdmi krytinami ve vlhk\u00fdch a mokr\u00fdch provozech. Certifikov\u00e1no TZ\u00daS. Produkt z\u00edskal ekologickou licenci EC1 Plus. \u0160\u00ed\u0159ka role 120 mm D\u00e9lka role 25 nebo 50 m Tlou\u0161\u0165ka materi\u00e1lu 0,6 mm Hmotnost cca 43 g\/m Barva \u017elut\u00e1 EMI K\u00f3d [&hellip;]\" \/>\n<meta property=\"og:url\" content=\"https:\/\/www.koupeltech.com\/index.php\/produkt\/znackovy-schonox-st-50-120mmx50m-rol-tesnici-paska-8515\/\" \/>\n<meta property=\"og:image\" content=\"https:\/\/www.koupeltech.com\/wp-content\/uploads\/2026\/SK0023389-CZ20260425-092328-0-1777080210-1244195-1_105143.webp\" \/>\n\t<meta property=\"og:image:width\" content=\"300\" \/>\n\t<meta property=\"og:image:height\" content=\"400\" \/>\n\t<meta property=\"og:image:type\" content=\"image\/webp\" \/>\n<meta name=\"twitter:card\" content=\"summary_large_image\" \/>\n<script type=\"application\/ld+json\" class=\"yoast-schema-graph\">{\"@context\":\"https:\/\/schema.org\",\"@graph\":[{\"@type\":\"WebPage\",\"@id\":\"https:\/\/www.koupeltech.com\/index.php\/produkt\/znackovy-schonox-st-50-120mmx50m-rol-tesnici-paska-8515\/\",\"url\":\"https:\/\/www.koupeltech.com\/index.php\/produkt\/znackovy-schonox-st-50-120mmx50m-rol-tesnici-paska-8515\/\",\"name\":\"Zna\u010dkov\u00fd SCH\u00d6NOX ST 50 120mmx50m ROL t\u011bsn\u00edc\u00ed p\u00e1ska -\",\"isPartOf\":{\"@id\":\"https:\/\/www.koupeltech.com\/#website\"},\"primaryImageOfPage\":{\"@id\":\"https:\/\/www.koupeltech.com\/index.php\/produkt\/znackovy-schonox-st-50-120mmx50m-rol-tesnici-paska-8515\/#primaryimage\"},\"image\":{\"@id\":\"https:\/\/www.koupeltech.com\/index.php\/produkt\/znackovy-schonox-st-50-120mmx50m-rol-tesnici-paska-8515\/#primaryimage\"},\"thumbnailUrl\":\"https:\/\/www.koupeltech.com\/wp-content\/uploads\/2026\/SK0023389-CZ20260425-092328-0-1777080210-1244195-1_105143.webp\",\"datePublished\":\"2026-04-27T13:57:05+00:00\",\"breadcrumb\":{\"@id\":\"https:\/\/www.koupeltech.com\/index.php\/produkt\/znackovy-schonox-st-50-120mmx50m-rol-tesnici-paska-8515\/#breadcrumb\"},\"inLanguage\":\"cs\",\"potentialAction\":[{\"@type\":\"ReadAction\",\"target\":[\"https:\/\/www.koupeltech.com\/index.php\/produkt\/znackovy-schonox-st-50-120mmx50m-rol-tesnici-paska-8515\/\"]}]},{\"@type\":\"ImageObject\",\"inLanguage\":\"cs\",\"@id\":\"https:\/\/www.koupeltech.com\/index.php\/produkt\/znackovy-schonox-st-50-120mmx50m-rol-tesnici-paska-8515\/#primaryimage\",\"url\":\"https:\/\/www.koupeltech.com\/wp-content\/uploads\/2026\/SK0023389-CZ20260425-092328-0-1777080210-1244195-1_105143.webp\",\"contentUrl\":\"https:\/\/www.koupeltech.com\/wp-content\/uploads\/2026\/SK0023389-CZ20260425-092328-0-1777080210-1244195-1_105143.webp\",\"width\":300,\"height\":400},{\"@type\":\"BreadcrumbList\",\"@id\":\"https:\/\/www.koupeltech.com\/index.php\/produkt\/znackovy-schonox-st-50-120mmx50m-rol-tesnici-paska-8515\/#breadcrumb\",\"itemListElement\":[{\"@type\":\"ListItem\",\"position\":1,\"name\":\"Home\",\"item\":\"https:\/\/www.koupeltech.com\/\"},{\"@type\":\"ListItem\",\"position\":2,\"name\":\"Products\",\"item\":\"https:\/\/www.koupeltech.com\/index.php\/products\/\"},{\"@type\":\"ListItem\",\"position\":3,\"name\":\"Zna\u010dkov\u00fd SCH\u00d6NOX ST 50 120mmx50m ROL t\u011bsn\u00edc\u00ed p\u00e1ska\"}]},{\"@type\":\"WebSite\",\"@id\":\"https:\/\/www.koupeltech.com\/#website\",\"url\":\"https:\/\/www.koupeltech.com\/\",\"name\":\"\",\"description\":\"\",\"potentialAction\":[{\"@type\":\"SearchAction\",\"target\":{\"@type\":\"EntryPoint\",\"urlTemplate\":\"https:\/\/www.koupeltech.com\/?s={search_term_string}\"},\"query-input\":{\"@type\":\"PropertyValueSpecification\",\"valueRequired\":true,\"valueName\":\"search_term_string\"}}],\"inLanguage\":\"cs\"}]}<\/script>\n<!-- \/ Yoast SEO plugin. -->","yoast_head_json":{"title":"Zna\u010dkov\u00fd SCH\u00d6NOX ST 50 120mmx50m ROL t\u011bsn\u00edc\u00ed p\u00e1ska -","robots":{"index":"index","follow":"follow","max-snippet":"max-snippet:-1","max-image-preview":"max-image-preview:large","max-video-preview":"max-video-preview:-1"},"canonical":"https:\/\/www.koupeltech.com\/index.php\/produkt\/znackovy-schonox-st-50-120mmx50m-rol-tesnici-paska-8515\/","og_locale":"cs_CZ","og_type":"article","og_title":"Zna\u010dkov\u00fd SCH\u00d6NOX ST 50 120mmx50m ROL t\u011bsn\u00edc\u00ed p\u00e1ska -","og_description":"P\u0159\u00ed\u010dn\u011b elastick\u00e1 speci\u00e1ln\u00ed t\u011bsnic\u00ed p\u00e1ska oboustrann\u011b ka\u0161\u00edrovan\u00e1 textili\u00ed. 120 mm \u0161irok\u00e1, pro ut\u011bsn\u011bn\u00ed roh\u016f a dilata\u010dn\u00edch sp\u00e1r pod keramick\u00fdmi krytinami ve vlhk\u00fdch a mokr\u00fdch provozech. Certifikov\u00e1no TZ\u00daS. Produkt z\u00edskal ekologickou licenci EC1 Plus. \u0160\u00ed\u0159ka role 120 mm D\u00e9lka role 25 nebo 50 m Tlou\u0161\u0165ka materi\u00e1lu 0,6 mm Hmotnost cca 43 g\/m Barva \u017elut\u00e1 EMI K\u00f3d [&hellip;]","og_url":"https:\/\/www.koupeltech.com\/index.php\/produkt\/znackovy-schonox-st-50-120mmx50m-rol-tesnici-paska-8515\/","og_image":[{"width":300,"height":400,"url":"https:\/\/www.koupeltech.com\/wp-content\/uploads\/2026\/SK0023389-CZ20260425-092328-0-1777080210-1244195-1_105143.webp","type":"image\/webp"}],"twitter_card":"summary_large_image","schema":{"@context":"https:\/\/schema.org","@graph":[{"@type":"WebPage","@id":"https:\/\/www.koupeltech.com\/index.php\/produkt\/znackovy-schonox-st-50-120mmx50m-rol-tesnici-paska-8515\/","url":"https:\/\/www.koupeltech.com\/index.php\/produkt\/znackovy-schonox-st-50-120mmx50m-rol-tesnici-paska-8515\/","name":"Zna\u010dkov\u00fd SCH\u00d6NOX ST 50 120mmx50m ROL t\u011bsn\u00edc\u00ed p\u00e1ska -","isPartOf":{"@id":"https:\/\/www.koupeltech.com\/#website"},"primaryImageOfPage":{"@id":"https:\/\/www.koupeltech.com\/index.php\/produkt\/znackovy-schonox-st-50-120mmx50m-rol-tesnici-paska-8515\/#primaryimage"},"image":{"@id":"https:\/\/www.koupeltech.com\/index.php\/produkt\/znackovy-schonox-st-50-120mmx50m-rol-tesnici-paska-8515\/#primaryimage"},"thumbnailUrl":"https:\/\/www.koupeltech.com\/wp-content\/uploads\/2026\/SK0023389-CZ20260425-092328-0-1777080210-1244195-1_105143.webp","datePublished":"2026-04-27T13:57:05+00:00","breadcrumb":{"@id":"https:\/\/www.koupeltech.com\/index.php\/produkt\/znackovy-schonox-st-50-120mmx50m-rol-tesnici-paska-8515\/#breadcrumb"},"inLanguage":"cs","potentialAction":[{"@type":"ReadAction","target":["https:\/\/www.koupeltech.com\/index.php\/produkt\/znackovy-schonox-st-50-120mmx50m-rol-tesnici-paska-8515\/"]}]},{"@type":"ImageObject","inLanguage":"cs","@id":"https:\/\/www.koupeltech.com\/index.php\/produkt\/znackovy-schonox-st-50-120mmx50m-rol-tesnici-paska-8515\/#primaryimage","url":"https:\/\/www.koupeltech.com\/wp-content\/uploads\/2026\/SK0023389-CZ20260425-092328-0-1777080210-1244195-1_105143.webp","contentUrl":"https:\/\/www.koupeltech.com\/wp-content\/uploads\/2026\/SK0023389-CZ20260425-092328-0-1777080210-1244195-1_105143.webp","width":300,"height":400},{"@type":"BreadcrumbList","@id":"https:\/\/www.koupeltech.com\/index.php\/produkt\/znackovy-schonox-st-50-120mmx50m-rol-tesnici-paska-8515\/#breadcrumb","itemListElement":[{"@type":"ListItem","position":1,"name":"Home","item":"https:\/\/www.koupeltech.com\/"},{"@type":"ListItem","position":2,"name":"Products","item":"https:\/\/www.koupeltech.com\/index.php\/products\/"},{"@type":"ListItem","position":3,"name":"Zna\u010dkov\u00fd SCH\u00d6NOX ST 50 120mmx50m ROL t\u011bsn\u00edc\u00ed p\u00e1ska"}]},{"@type":"WebSite","@id":"https:\/\/www.koupeltech.com\/#website","url":"https:\/\/www.koupeltech.com\/","name":"","description":"","potentialAction":[{"@type":"SearchAction","target":{"@type":"EntryPoint","urlTemplate":"https:\/\/www.koupeltech.com\/?s={search_term_string}"},"query-input":{"@type":"PropertyValueSpecification","valueRequired":true,"valueName":"search_term_string"}}],"inLanguage":"cs"}]}},"_links":{"self":[{"href":"https:\/\/www.koupeltech.com\/index.php\/wp-json\/wp\/v2\/product\/8515","targetHints":{"allow":["GET"]}}],"collection":[{"href":"https:\/\/www.koupeltech.com\/index.php\/wp-json\/wp\/v2\/product"}],"about":[{"href":"https:\/\/www.koupeltech.com\/index.php\/wp-json\/wp\/v2\/types\/product"}],"replies":[{"embeddable":true,"href":"https:\/\/www.koupeltech.com\/index.php\/wp-json\/wp\/v2\/comments?post=8515"}],"wp:featuredmedia":[{"embeddable":true,"href":"https:\/\/www.koupeltech.com\/index.php\/wp-json\/wp\/v2\/media\/8615"}],"wp:attachment":[{"href":"https:\/\/www.koupeltech.com\/index.php\/wp-json\/wp\/v2\/media?parent=8515"}],"wp:term":[{"taxonomy":"product_brand","embeddable":true,"href":"https:\/\/www.koupeltech.com\/index.php\/wp-json\/wp\/v2\/product_brand?post=8515"},{"taxonomy":"product_cat","embeddable":true,"href":"https:\/\/www.koupeltech.com\/index.php\/wp-json\/wp\/v2\/product_cat?post=8515"},{"taxonomy":"product_tag","embeddable":true,"href":"https:\/\/www.koupeltech.com\/index.php\/wp-json\/wp\/v2\/product_tag?post=8515"}],"curies":[{"name":"wp","href":"https:\/\/api.w.org\/{rel}","templated":true}]}}