{"id":8578,"date":"2026-04-27T13:57:05","date_gmt":"2026-04-27T13:57:05","guid":{"rendered":""},"modified":"2026-04-27T13:57:05","modified_gmt":"2026-04-27T13:57:05","slug":"zlevneny-soudal-tesnici-pas-12cm-50m-8578","status":"publish","type":"product","link":"https:\/\/www.koupeltech.com\/index.php\/produkt\/zlevneny-soudal-tesnici-pas-12cm-50m-8578\/","title":{"rendered":"Zlevn\u011bn\u00fd SOUDAL T\u011bsnic\u00ed p\u00e1s 12cm\/50m"},"content":{"rendered":"<table>\n<div class=\"tab-pane active product-description\" id=\"popis\" role=\"tabpanel\">\n<div class=\"short-description\" itemprop=\"description\"><\/div>\n<div class=\"description\"><span class='bullet-line'>Ke zpevn\u011bn\u00ed n\u00e1t\u011brov\u00fdch hydroizola\u010dn\u00edch st\u011brek v m\u00edstech mo\u017en\u00fdch dilata\u010dn\u00edch pohyb\u016f sp\u00e1r a kolem prostup\u016f. <br \/><\/span><span class='bullet-line'>Pro pru\u017en\u00e9 a trval\u00e9 zpevn\u011bn\u00ed a t\u011bsn\u011bn\u00ed stykov\u00fdch a rohov\u00fdch sp\u00e1r n\u00e1dr\u017e\u00ed, baz\u00e9n\u016f, sprch, balkon\u016f, teras apod. <br \/><\/span><span class='bullet-line'>Je vysoce pru\u017en\u00fd, odol\u00e1v\u00e1 \u0161irok\u00e9mu rozp\u011bt\u00ed teplot, je formovateln\u00fd podle tvaru podkladu, vykazuje vysok\u00fd dif\u00fazn\u00ed odpor proti radonu, odol\u00e1v\u00e1 sol\u00edm, z\u0159ed\u011bn\u00fdm kyselin\u00e1m i z\u00e1sad\u00e1m.<\/span><\/div>\n<\/table>\n","protected":false},"excerpt":{"rendered":"<p>Ke zpevn\u011bn\u00ed n\u00e1t\u011brov\u00fdch hydroizola\u010dn\u00edch st\u011brek v m\u00edstech mo\u017en\u00fdch dilata\u010dn\u00edch pohyb\u016f sp\u00e1r a kolem prostup\u016f. Pro pru\u017en\u00e9 a trval\u00e9 zpevn\u011bn\u00ed a t\u011bsn\u011bn\u00ed stykov\u00fdch a rohov\u00fdch sp\u00e1r n\u00e1dr\u017e\u00ed, baz\u00e9n\u016f, sprch, balkon\u016f, teras apod. Je vysoce pru\u017en\u00fd, odol\u00e1v\u00e1 \u0161irok\u00e9mu rozp\u011bt\u00ed teplot, je formovateln\u00fd podle tvaru podkladu, vykazuje vysok\u00fd dif\u00fazn\u00ed odpor proti radonu, odol\u00e1v\u00e1 sol\u00edm, z\u0159ed\u011bn\u00fdm kyselin\u00e1m i z\u00e1sad\u00e1m.<\/p>\n","protected":false},"featured_media":8678,"comment_status":"open","ping_status":"open","template":"","meta":[],"product_brand":[],"product_cat":[40,42,41],"product_tag":[],"class_list":{"0":"post-8578","1":"product","2":"type-product","3":"status-publish","4":"has-post-thumbnail","6":"product_cat-barvy","7":"product_cat-chemie","8":"product_cat-laky","10":"first","11":"instock","12":"sale","13":"shipping-taxable","14":"purchasable","15":"product-type-simple"},"yoast_head":"<!-- This site is optimized with the Yoast SEO plugin v26.8 - https:\/\/yoast.com\/product\/yoast-seo-wordpress\/ -->\n<title>Zlevn\u011bn\u00fd SOUDAL T\u011bsnic\u00ed p\u00e1s 12cm\/50m -<\/title>\n<meta name=\"robots\" content=\"index, follow, max-snippet:-1, max-image-preview:large, max-video-preview:-1\" \/>\n<link rel=\"canonical\" href=\"https:\/\/www.koupeltech.com\/index.php\/produkt\/zlevneny-soudal-tesnici-pas-12cm-50m-8578\/\" \/>\n<meta property=\"og:locale\" content=\"cs_CZ\" \/>\n<meta property=\"og:type\" content=\"article\" \/>\n<meta property=\"og:title\" content=\"Zlevn\u011bn\u00fd SOUDAL T\u011bsnic\u00ed p\u00e1s 12cm\/50m -\" \/>\n<meta property=\"og:description\" content=\"Ke zpevn\u011bn\u00ed n\u00e1t\u011brov\u00fdch hydroizola\u010dn\u00edch st\u011brek v m\u00edstech mo\u017en\u00fdch dilata\u010dn\u00edch pohyb\u016f sp\u00e1r a kolem prostup\u016f. Pro pru\u017en\u00e9 a trval\u00e9 zpevn\u011bn\u00ed a t\u011bsn\u011bn\u00ed stykov\u00fdch a rohov\u00fdch sp\u00e1r n\u00e1dr\u017e\u00ed, baz\u00e9n\u016f, sprch, balkon\u016f, teras apod. Je vysoce pru\u017en\u00fd, odol\u00e1v\u00e1 \u0161irok\u00e9mu rozp\u011bt\u00ed teplot, je formovateln\u00fd podle tvaru podkladu, vykazuje vysok\u00fd dif\u00fazn\u00ed odpor proti radonu, odol\u00e1v\u00e1 sol\u00edm, z\u0159ed\u011bn\u00fdm kyselin\u00e1m i z\u00e1sad\u00e1m.\" \/>\n<meta property=\"og:url\" content=\"https:\/\/www.koupeltech.com\/index.php\/produkt\/zlevneny-soudal-tesnici-pas-12cm-50m-8578\/\" \/>\n<meta property=\"og:image\" content=\"https:\/\/www.koupeltech.com\/wp-content\/uploads\/2026\/SK0023455-CZ20260425-092328-0-1777080210-tesnici-pas-web.webp\" \/>\n\t<meta property=\"og:image:width\" content=\"421\" \/>\n\t<meta property=\"og:image:height\" content=\"309\" \/>\n\t<meta property=\"og:image:type\" content=\"image\/webp\" \/>\n<meta name=\"twitter:card\" content=\"summary_large_image\" \/>\n<script type=\"application\/ld+json\" class=\"yoast-schema-graph\">{\"@context\":\"https:\/\/schema.org\",\"@graph\":[{\"@type\":\"WebPage\",\"@id\":\"https:\/\/www.koupeltech.com\/index.php\/produkt\/zlevneny-soudal-tesnici-pas-12cm-50m-8578\/\",\"url\":\"https:\/\/www.koupeltech.com\/index.php\/produkt\/zlevneny-soudal-tesnici-pas-12cm-50m-8578\/\",\"name\":\"Zlevn\u011bn\u00fd SOUDAL T\u011bsnic\u00ed p\u00e1s 12cm\/50m -\",\"isPartOf\":{\"@id\":\"https:\/\/www.koupeltech.com\/#website\"},\"primaryImageOfPage\":{\"@id\":\"https:\/\/www.koupeltech.com\/index.php\/produkt\/zlevneny-soudal-tesnici-pas-12cm-50m-8578\/#primaryimage\"},\"image\":{\"@id\":\"https:\/\/www.koupeltech.com\/index.php\/produkt\/zlevneny-soudal-tesnici-pas-12cm-50m-8578\/#primaryimage\"},\"thumbnailUrl\":\"https:\/\/www.koupeltech.com\/wp-content\/uploads\/2026\/SK0023455-CZ20260425-092328-0-1777080210-tesnici-pas-web.webp\",\"datePublished\":\"2026-04-27T13:57:05+00:00\",\"breadcrumb\":{\"@id\":\"https:\/\/www.koupeltech.com\/index.php\/produkt\/zlevneny-soudal-tesnici-pas-12cm-50m-8578\/#breadcrumb\"},\"inLanguage\":\"cs\",\"potentialAction\":[{\"@type\":\"ReadAction\",\"target\":[\"https:\/\/www.koupeltech.com\/index.php\/produkt\/zlevneny-soudal-tesnici-pas-12cm-50m-8578\/\"]}]},{\"@type\":\"ImageObject\",\"inLanguage\":\"cs\",\"@id\":\"https:\/\/www.koupeltech.com\/index.php\/produkt\/zlevneny-soudal-tesnici-pas-12cm-50m-8578\/#primaryimage\",\"url\":\"https:\/\/www.koupeltech.com\/wp-content\/uploads\/2026\/SK0023455-CZ20260425-092328-0-1777080210-tesnici-pas-web.webp\",\"contentUrl\":\"https:\/\/www.koupeltech.com\/wp-content\/uploads\/2026\/SK0023455-CZ20260425-092328-0-1777080210-tesnici-pas-web.webp\",\"width\":421,\"height\":309},{\"@type\":\"BreadcrumbList\",\"@id\":\"https:\/\/www.koupeltech.com\/index.php\/produkt\/zlevneny-soudal-tesnici-pas-12cm-50m-8578\/#breadcrumb\",\"itemListElement\":[{\"@type\":\"ListItem\",\"position\":1,\"name\":\"Home\",\"item\":\"https:\/\/www.koupeltech.com\/\"},{\"@type\":\"ListItem\",\"position\":2,\"name\":\"Products\",\"item\":\"https:\/\/www.koupeltech.com\/index.php\/products\/\"},{\"@type\":\"ListItem\",\"position\":3,\"name\":\"Zlevn\u011bn\u00fd SOUDAL T\u011bsnic\u00ed p\u00e1s 12cm\/50m\"}]},{\"@type\":\"WebSite\",\"@id\":\"https:\/\/www.koupeltech.com\/#website\",\"url\":\"https:\/\/www.koupeltech.com\/\",\"name\":\"\",\"description\":\"\",\"potentialAction\":[{\"@type\":\"SearchAction\",\"target\":{\"@type\":\"EntryPoint\",\"urlTemplate\":\"https:\/\/www.koupeltech.com\/?s={search_term_string}\"},\"query-input\":{\"@type\":\"PropertyValueSpecification\",\"valueRequired\":true,\"valueName\":\"search_term_string\"}}],\"inLanguage\":\"cs\"}]}<\/script>\n<!-- \/ Yoast SEO plugin. -->","yoast_head_json":{"title":"Zlevn\u011bn\u00fd SOUDAL T\u011bsnic\u00ed p\u00e1s 12cm\/50m -","robots":{"index":"index","follow":"follow","max-snippet":"max-snippet:-1","max-image-preview":"max-image-preview:large","max-video-preview":"max-video-preview:-1"},"canonical":"https:\/\/www.koupeltech.com\/index.php\/produkt\/zlevneny-soudal-tesnici-pas-12cm-50m-8578\/","og_locale":"cs_CZ","og_type":"article","og_title":"Zlevn\u011bn\u00fd SOUDAL T\u011bsnic\u00ed p\u00e1s 12cm\/50m -","og_description":"Ke zpevn\u011bn\u00ed n\u00e1t\u011brov\u00fdch hydroizola\u010dn\u00edch st\u011brek v m\u00edstech mo\u017en\u00fdch dilata\u010dn\u00edch pohyb\u016f sp\u00e1r a kolem prostup\u016f. Pro pru\u017en\u00e9 a trval\u00e9 zpevn\u011bn\u00ed a t\u011bsn\u011bn\u00ed stykov\u00fdch a rohov\u00fdch sp\u00e1r n\u00e1dr\u017e\u00ed, baz\u00e9n\u016f, sprch, balkon\u016f, teras apod. Je vysoce pru\u017en\u00fd, odol\u00e1v\u00e1 \u0161irok\u00e9mu rozp\u011bt\u00ed teplot, je formovateln\u00fd podle tvaru podkladu, vykazuje vysok\u00fd dif\u00fazn\u00ed odpor proti radonu, odol\u00e1v\u00e1 sol\u00edm, z\u0159ed\u011bn\u00fdm kyselin\u00e1m i z\u00e1sad\u00e1m.","og_url":"https:\/\/www.koupeltech.com\/index.php\/produkt\/zlevneny-soudal-tesnici-pas-12cm-50m-8578\/","og_image":[{"width":421,"height":309,"url":"https:\/\/www.koupeltech.com\/wp-content\/uploads\/2026\/SK0023455-CZ20260425-092328-0-1777080210-tesnici-pas-web.webp","type":"image\/webp"}],"twitter_card":"summary_large_image","schema":{"@context":"https:\/\/schema.org","@graph":[{"@type":"WebPage","@id":"https:\/\/www.koupeltech.com\/index.php\/produkt\/zlevneny-soudal-tesnici-pas-12cm-50m-8578\/","url":"https:\/\/www.koupeltech.com\/index.php\/produkt\/zlevneny-soudal-tesnici-pas-12cm-50m-8578\/","name":"Zlevn\u011bn\u00fd SOUDAL T\u011bsnic\u00ed p\u00e1s 12cm\/50m -","isPartOf":{"@id":"https:\/\/www.koupeltech.com\/#website"},"primaryImageOfPage":{"@id":"https:\/\/www.koupeltech.com\/index.php\/produkt\/zlevneny-soudal-tesnici-pas-12cm-50m-8578\/#primaryimage"},"image":{"@id":"https:\/\/www.koupeltech.com\/index.php\/produkt\/zlevneny-soudal-tesnici-pas-12cm-50m-8578\/#primaryimage"},"thumbnailUrl":"https:\/\/www.koupeltech.com\/wp-content\/uploads\/2026\/SK0023455-CZ20260425-092328-0-1777080210-tesnici-pas-web.webp","datePublished":"2026-04-27T13:57:05+00:00","breadcrumb":{"@id":"https:\/\/www.koupeltech.com\/index.php\/produkt\/zlevneny-soudal-tesnici-pas-12cm-50m-8578\/#breadcrumb"},"inLanguage":"cs","potentialAction":[{"@type":"ReadAction","target":["https:\/\/www.koupeltech.com\/index.php\/produkt\/zlevneny-soudal-tesnici-pas-12cm-50m-8578\/"]}]},{"@type":"ImageObject","inLanguage":"cs","@id":"https:\/\/www.koupeltech.com\/index.php\/produkt\/zlevneny-soudal-tesnici-pas-12cm-50m-8578\/#primaryimage","url":"https:\/\/www.koupeltech.com\/wp-content\/uploads\/2026\/SK0023455-CZ20260425-092328-0-1777080210-tesnici-pas-web.webp","contentUrl":"https:\/\/www.koupeltech.com\/wp-content\/uploads\/2026\/SK0023455-CZ20260425-092328-0-1777080210-tesnici-pas-web.webp","width":421,"height":309},{"@type":"BreadcrumbList","@id":"https:\/\/www.koupeltech.com\/index.php\/produkt\/zlevneny-soudal-tesnici-pas-12cm-50m-8578\/#breadcrumb","itemListElement":[{"@type":"ListItem","position":1,"name":"Home","item":"https:\/\/www.koupeltech.com\/"},{"@type":"ListItem","position":2,"name":"Products","item":"https:\/\/www.koupeltech.com\/index.php\/products\/"},{"@type":"ListItem","position":3,"name":"Zlevn\u011bn\u00fd SOUDAL T\u011bsnic\u00ed p\u00e1s 12cm\/50m"}]},{"@type":"WebSite","@id":"https:\/\/www.koupeltech.com\/#website","url":"https:\/\/www.koupeltech.com\/","name":"","description":"","potentialAction":[{"@type":"SearchAction","target":{"@type":"EntryPoint","urlTemplate":"https:\/\/www.koupeltech.com\/?s={search_term_string}"},"query-input":{"@type":"PropertyValueSpecification","valueRequired":true,"valueName":"search_term_string"}}],"inLanguage":"cs"}]}},"_links":{"self":[{"href":"https:\/\/www.koupeltech.com\/index.php\/wp-json\/wp\/v2\/product\/8578","targetHints":{"allow":["GET"]}}],"collection":[{"href":"https:\/\/www.koupeltech.com\/index.php\/wp-json\/wp\/v2\/product"}],"about":[{"href":"https:\/\/www.koupeltech.com\/index.php\/wp-json\/wp\/v2\/types\/product"}],"replies":[{"embeddable":true,"href":"https:\/\/www.koupeltech.com\/index.php\/wp-json\/wp\/v2\/comments?post=8578"}],"wp:featuredmedia":[{"embeddable":true,"href":"https:\/\/www.koupeltech.com\/index.php\/wp-json\/wp\/v2\/media\/8678"}],"wp:attachment":[{"href":"https:\/\/www.koupeltech.com\/index.php\/wp-json\/wp\/v2\/media?parent=8578"}],"wp:term":[{"taxonomy":"product_brand","embeddable":true,"href":"https:\/\/www.koupeltech.com\/index.php\/wp-json\/wp\/v2\/product_brand?post=8578"},{"taxonomy":"product_cat","embeddable":true,"href":"https:\/\/www.koupeltech.com\/index.php\/wp-json\/wp\/v2\/product_cat?post=8578"},{"taxonomy":"product_tag","embeddable":true,"href":"https:\/\/www.koupeltech.com\/index.php\/wp-json\/wp\/v2\/product_tag?post=8578"}],"curies":[{"name":"wp","href":"https:\/\/api.w.org\/{rel}","templated":true}]}}