{"id":8738,"date":"2026-04-27T13:57:06","date_gmt":"2026-04-27T13:57:06","guid":{"rendered":""},"modified":"2026-04-27T13:57:06","modified_gmt":"2026-04-27T13:57:06","slug":"powerplus-powx322-vysavac-sucho-mokro-1-000-w-aktualni-8738","status":"publish","type":"product","link":"https:\/\/www.koupeltech.com\/index.php\/produkt\/powerplus-powx322-vysavac-sucho-mokro-1-000-w-aktualni-8738\/","title":{"rendered":"POWERPLUS POWX322 Vysava\u010d sucho\/mokro 1 000 W Aktu\u00e1ln\u00ed"},"content":{"rendered":"<table>\n<div class=\"tab-pane active product-description\" id=\"popis\" role=\"tabpanel\">\n<div class=\"short-description\" itemprop=\"description\"><\/div>\n<div class=\"description\"><span class='bullet-line'>Tento vysava\u010d POWX322 na such\u00e9 a mokr\u00e9 vys\u00e1v\u00e1n\u00ed od spole\u010dnosti Powerplus rychle a efektivn\u011b odstra\u0148uje prach a kapaliny. <br \/><\/span><span class='bullet-line'>M\u00e1 tak\u00e9 funkci fouk\u00e1n\u00ed, kter\u00e1 v\u00e1m pom\u016f\u017ee odstranit listy a ne\u010distoty z terasy. <br \/><\/span><span class='bullet-line'>D\u00edky n\u00e1dr\u017ei z nerezov\u00e9 oceli o objemu 15 l a motoru o v\u00fdkonu 1 000 W m\u00e1 vysava\u010d dostate\u010dn\u00fd v\u00fdkon k \u010di\u0161t\u011bn\u00ed i tvrd\u00fdch ne\u010distot. <br \/><\/span><span class='bullet-line'>T\u0159\u00edd\u00edln\u00e1 trubice umo\u017e\u0148uje snadn\u00e9 \u010di\u0161t\u011bn\u00ed t\u011b\u017eko p\u0159\u00edstupn\u00fdch m\u00edst. <br \/><\/span><span class='bullet-line'>Podlahov\u00e1 hubice umo\u017e\u0148uje vys\u00e1vat v\u0161echny podlahy bez po\u0161kr\u00e1b\u00e1n\u00ed a pomoc\u00ed kart\u00e1\u010dov\u00e9 hubice 2 v 1 m\u016f\u017eete vys\u00e1t n\u00e1bytek, podlahov\u00fdch li\u0161t a rohy od prachu a ne\u010distot.<br \/><\/span><br \/>\u25ba VLASTNOSTI<span class='bullet-line'>Nerezov\u00e1 n\u00e1doba<br \/><\/span><span class='bullet-line'>Syst\u00e9m s\u00e1n\u00ed<br \/><\/span><span class='bullet-line'>Syst\u00e9m fouk\u00e1n\u00ed<br \/><\/span><span class='bullet-line'>Such\u00e9 \/ mokr\u00e9 vys\u00e1v\u00e1n\u00ed<br \/><\/span><span class='bullet-line'>M\u016f\u017ee b\u00fdt pou\u017eit s nebo bez prachov\u00e9ho s\u00e1\u010dku<br \/><\/span><span class='bullet-line'>Dr\u017eadlo pro snadn\u00e9 p\u0159en\u00e1\u0161en\u00ed<br \/><\/span><span class='bullet-line'>Kole\u010dka pro snadnou manipulaci<br \/><\/span><br \/>\u25ba BALEN\u00cd OBSAHUJE<span class='bullet-line'>1x Vysava\u010d<br \/><\/span><span class='bullet-line'>1x ohebn\u00e1 hadice 1,5 m<br \/><\/span><span class='bullet-line'>3x plastov\u00e1 trubka<br \/><\/span><span class='bullet-line'>1x hubice se \u0161t\u011brbinou \/ hubice na \u010daloun\u011bn\u00ed<br \/><\/span><span class='bullet-line'>1x kart\u00e1\u010d na podlahu na such\u00e9 \/ mokr\u00e9 vys\u00e1v\u00e1n\u00ed<\/span><\/div>\n<div class=\"parameters\">\n<tr>\n<td>Nap\u011bt\u00ed<\/td>\n<td>220 &#8211; 240V \/ 50Hz<\/td>\n<\/tr>\n<tr>\n<td>P\u0159\u00edkon<\/td>\n<td>1.000 W<\/td>\n<\/tr>\n<tr>\n<td>Objem n\u00e1doby<\/td>\n<td>15 L<\/td>\n<\/tr>\n<tr>\n<td>Sac\u00ed v\u00fdkon<\/td>\n<td>16 Kpa<\/td>\n<\/tr>\n<tr>\n<td>D\u00e9lka hadice<\/td>\n<td>1,5 m<\/td>\n<\/tr>\n<tr>\n<td>D\u00e9lka el. kabelu<\/td>\n<td>3,5 m<\/td>\n<\/tr>\n<tr>\n<td>Hmotnost<\/td>\n<td>3,8 kg<\/td>\n<\/tr><\/div>\n<\/table>\n","protected":false},"excerpt":{"rendered":"<p>Tento vysava\u010d POWX322 na such\u00e9 a mokr\u00e9 vys\u00e1v\u00e1n\u00ed od spole\u010dnosti Powerplus rychle a efektivn\u011b odstra\u0148uje prach a kapaliny. M\u00e1 tak\u00e9 funkci fouk\u00e1n\u00ed, kter\u00e1 v\u00e1m pom\u016f\u017ee odstranit listy a ne\u010distoty z terasy. D\u00edky n\u00e1dr\u017ei z nerezov\u00e9 oceli o objemu 15 l a motoru o v\u00fdkonu 1 000 W m\u00e1 vysava\u010d dostate\u010dn\u00fd v\u00fdkon k \u010di\u0161t\u011bn\u00ed i tvrd\u00fdch [&hellip;]<\/p>\n","protected":false},"featured_media":8838,"comment_status":"open","ping_status":"open","template":"","meta":[],"product_brand":[],"product_cat":[50],"product_tag":[],"class_list":{"0":"post-8738","1":"product","2":"type-product","3":"status-publish","4":"has-post-thumbnail","6":"product_cat-stavebni-technika","8":"first","9":"instock","10":"sale","11":"shipping-taxable","12":"purchasable","13":"product-type-simple"},"yoast_head":"<!-- This site is optimized with the Yoast SEO plugin v26.8 - https:\/\/yoast.com\/product\/yoast-seo-wordpress\/ -->\n<title>POWERPLUS POWX322 Vysava\u010d sucho\/mokro 1 000 W Aktu\u00e1ln\u00ed -<\/title>\n<meta name=\"robots\" content=\"index, follow, max-snippet:-1, max-image-preview:large, max-video-preview:-1\" \/>\n<link rel=\"canonical\" href=\"https:\/\/www.koupeltech.com\/index.php\/produkt\/powerplus-powx322-vysavac-sucho-mokro-1-000-w-aktualni-8738\/\" \/>\n<meta property=\"og:locale\" content=\"cs_CZ\" \/>\n<meta property=\"og:type\" content=\"article\" \/>\n<meta property=\"og:title\" content=\"POWERPLUS POWX322 Vysava\u010d sucho\/mokro 1 000 W Aktu\u00e1ln\u00ed -\" \/>\n<meta property=\"og:description\" content=\"Tento vysava\u010d POWX322 na such\u00e9 a mokr\u00e9 vys\u00e1v\u00e1n\u00ed od spole\u010dnosti Powerplus rychle a efektivn\u011b odstra\u0148uje prach a kapaliny. M\u00e1 tak\u00e9 funkci fouk\u00e1n\u00ed, kter\u00e1 v\u00e1m pom\u016f\u017ee odstranit listy a ne\u010distoty z terasy. D\u00edky n\u00e1dr\u017ei z nerezov\u00e9 oceli o objemu 15 l a motoru o v\u00fdkonu 1 000 W m\u00e1 vysava\u010d dostate\u010dn\u00fd v\u00fdkon k \u010di\u0161t\u011bn\u00ed i tvrd\u00fdch [&hellip;]\" \/>\n<meta property=\"og:url\" content=\"https:\/\/www.koupeltech.com\/index.php\/produkt\/powerplus-powx322-vysavac-sucho-mokro-1-000-w-aktualni-8738\/\" \/>\n<meta property=\"og:image\" content=\"https:\/\/www.koupeltech.com\/wp-content\/uploads\/2026\/SK0023518-CZ20260425-092328-0-1777080210-4411_1.webp\" \/>\n\t<meta property=\"og:image:width\" content=\"1000\" \/>\n\t<meta property=\"og:image:height\" content=\"650\" \/>\n\t<meta property=\"og:image:type\" content=\"image\/webp\" \/>\n<meta name=\"twitter:card\" content=\"summary_large_image\" \/>\n<meta name=\"twitter:label1\" content=\"Odhadovan\u00e1 doba \u010dten\u00ed\" \/>\n\t<meta name=\"twitter:data1\" content=\"1 minuta\" \/>\n<script type=\"application\/ld+json\" class=\"yoast-schema-graph\">{\"@context\":\"https:\/\/schema.org\",\"@graph\":[{\"@type\":\"WebPage\",\"@id\":\"https:\/\/www.koupeltech.com\/index.php\/produkt\/powerplus-powx322-vysavac-sucho-mokro-1-000-w-aktualni-8738\/\",\"url\":\"https:\/\/www.koupeltech.com\/index.php\/produkt\/powerplus-powx322-vysavac-sucho-mokro-1-000-w-aktualni-8738\/\",\"name\":\"POWERPLUS POWX322 Vysava\u010d sucho\/mokro 1 000 W Aktu\u00e1ln\u00ed -\",\"isPartOf\":{\"@id\":\"https:\/\/www.koupeltech.com\/#website\"},\"primaryImageOfPage\":{\"@id\":\"https:\/\/www.koupeltech.com\/index.php\/produkt\/powerplus-powx322-vysavac-sucho-mokro-1-000-w-aktualni-8738\/#primaryimage\"},\"image\":{\"@id\":\"https:\/\/www.koupeltech.com\/index.php\/produkt\/powerplus-powx322-vysavac-sucho-mokro-1-000-w-aktualni-8738\/#primaryimage\"},\"thumbnailUrl\":\"https:\/\/www.koupeltech.com\/wp-content\/uploads\/2026\/SK0023518-CZ20260425-092328-0-1777080210-4411_1.webp\",\"datePublished\":\"2026-04-27T13:57:06+00:00\",\"breadcrumb\":{\"@id\":\"https:\/\/www.koupeltech.com\/index.php\/produkt\/powerplus-powx322-vysavac-sucho-mokro-1-000-w-aktualni-8738\/#breadcrumb\"},\"inLanguage\":\"cs\",\"potentialAction\":[{\"@type\":\"ReadAction\",\"target\":[\"https:\/\/www.koupeltech.com\/index.php\/produkt\/powerplus-powx322-vysavac-sucho-mokro-1-000-w-aktualni-8738\/\"]}]},{\"@type\":\"ImageObject\",\"inLanguage\":\"cs\",\"@id\":\"https:\/\/www.koupeltech.com\/index.php\/produkt\/powerplus-powx322-vysavac-sucho-mokro-1-000-w-aktualni-8738\/#primaryimage\",\"url\":\"https:\/\/www.koupeltech.com\/wp-content\/uploads\/2026\/SK0023518-CZ20260425-092328-0-1777080210-4411_1.webp\",\"contentUrl\":\"https:\/\/www.koupeltech.com\/wp-content\/uploads\/2026\/SK0023518-CZ20260425-092328-0-1777080210-4411_1.webp\",\"width\":1000,\"height\":650},{\"@type\":\"BreadcrumbList\",\"@id\":\"https:\/\/www.koupeltech.com\/index.php\/produkt\/powerplus-powx322-vysavac-sucho-mokro-1-000-w-aktualni-8738\/#breadcrumb\",\"itemListElement\":[{\"@type\":\"ListItem\",\"position\":1,\"name\":\"Home\",\"item\":\"https:\/\/www.koupeltech.com\/\"},{\"@type\":\"ListItem\",\"position\":2,\"name\":\"Products\",\"item\":\"https:\/\/www.koupeltech.com\/index.php\/products\/\"},{\"@type\":\"ListItem\",\"position\":3,\"name\":\"POWERPLUS POWX322 Vysava\u010d sucho\/mokro 1 000 W Aktu\u00e1ln\u00ed\"}]},{\"@type\":\"WebSite\",\"@id\":\"https:\/\/www.koupeltech.com\/#website\",\"url\":\"https:\/\/www.koupeltech.com\/\",\"name\":\"\",\"description\":\"\",\"potentialAction\":[{\"@type\":\"SearchAction\",\"target\":{\"@type\":\"EntryPoint\",\"urlTemplate\":\"https:\/\/www.koupeltech.com\/?s={search_term_string}\"},\"query-input\":{\"@type\":\"PropertyValueSpecification\",\"valueRequired\":true,\"valueName\":\"search_term_string\"}}],\"inLanguage\":\"cs\"}]}<\/script>\n<!-- \/ Yoast SEO plugin. -->","yoast_head_json":{"title":"POWERPLUS POWX322 Vysava\u010d sucho\/mokro 1 000 W Aktu\u00e1ln\u00ed -","robots":{"index":"index","follow":"follow","max-snippet":"max-snippet:-1","max-image-preview":"max-image-preview:large","max-video-preview":"max-video-preview:-1"},"canonical":"https:\/\/www.koupeltech.com\/index.php\/produkt\/powerplus-powx322-vysavac-sucho-mokro-1-000-w-aktualni-8738\/","og_locale":"cs_CZ","og_type":"article","og_title":"POWERPLUS POWX322 Vysava\u010d sucho\/mokro 1 000 W Aktu\u00e1ln\u00ed -","og_description":"Tento vysava\u010d POWX322 na such\u00e9 a mokr\u00e9 vys\u00e1v\u00e1n\u00ed od spole\u010dnosti Powerplus rychle a efektivn\u011b odstra\u0148uje prach a kapaliny. M\u00e1 tak\u00e9 funkci fouk\u00e1n\u00ed, kter\u00e1 v\u00e1m pom\u016f\u017ee odstranit listy a ne\u010distoty z terasy. D\u00edky n\u00e1dr\u017ei z nerezov\u00e9 oceli o objemu 15 l a motoru o v\u00fdkonu 1 000 W m\u00e1 vysava\u010d dostate\u010dn\u00fd v\u00fdkon k \u010di\u0161t\u011bn\u00ed i tvrd\u00fdch [&hellip;]","og_url":"https:\/\/www.koupeltech.com\/index.php\/produkt\/powerplus-powx322-vysavac-sucho-mokro-1-000-w-aktualni-8738\/","og_image":[{"width":1000,"height":650,"url":"https:\/\/www.koupeltech.com\/wp-content\/uploads\/2026\/SK0023518-CZ20260425-092328-0-1777080210-4411_1.webp","type":"image\/webp"}],"twitter_card":"summary_large_image","twitter_misc":{"Odhadovan\u00e1 doba \u010dten\u00ed":"1 minuta"},"schema":{"@context":"https:\/\/schema.org","@graph":[{"@type":"WebPage","@id":"https:\/\/www.koupeltech.com\/index.php\/produkt\/powerplus-powx322-vysavac-sucho-mokro-1-000-w-aktualni-8738\/","url":"https:\/\/www.koupeltech.com\/index.php\/produkt\/powerplus-powx322-vysavac-sucho-mokro-1-000-w-aktualni-8738\/","name":"POWERPLUS POWX322 Vysava\u010d sucho\/mokro 1 000 W Aktu\u00e1ln\u00ed -","isPartOf":{"@id":"https:\/\/www.koupeltech.com\/#website"},"primaryImageOfPage":{"@id":"https:\/\/www.koupeltech.com\/index.php\/produkt\/powerplus-powx322-vysavac-sucho-mokro-1-000-w-aktualni-8738\/#primaryimage"},"image":{"@id":"https:\/\/www.koupeltech.com\/index.php\/produkt\/powerplus-powx322-vysavac-sucho-mokro-1-000-w-aktualni-8738\/#primaryimage"},"thumbnailUrl":"https:\/\/www.koupeltech.com\/wp-content\/uploads\/2026\/SK0023518-CZ20260425-092328-0-1777080210-4411_1.webp","datePublished":"2026-04-27T13:57:06+00:00","breadcrumb":{"@id":"https:\/\/www.koupeltech.com\/index.php\/produkt\/powerplus-powx322-vysavac-sucho-mokro-1-000-w-aktualni-8738\/#breadcrumb"},"inLanguage":"cs","potentialAction":[{"@type":"ReadAction","target":["https:\/\/www.koupeltech.com\/index.php\/produkt\/powerplus-powx322-vysavac-sucho-mokro-1-000-w-aktualni-8738\/"]}]},{"@type":"ImageObject","inLanguage":"cs","@id":"https:\/\/www.koupeltech.com\/index.php\/produkt\/powerplus-powx322-vysavac-sucho-mokro-1-000-w-aktualni-8738\/#primaryimage","url":"https:\/\/www.koupeltech.com\/wp-content\/uploads\/2026\/SK0023518-CZ20260425-092328-0-1777080210-4411_1.webp","contentUrl":"https:\/\/www.koupeltech.com\/wp-content\/uploads\/2026\/SK0023518-CZ20260425-092328-0-1777080210-4411_1.webp","width":1000,"height":650},{"@type":"BreadcrumbList","@id":"https:\/\/www.koupeltech.com\/index.php\/produkt\/powerplus-powx322-vysavac-sucho-mokro-1-000-w-aktualni-8738\/#breadcrumb","itemListElement":[{"@type":"ListItem","position":1,"name":"Home","item":"https:\/\/www.koupeltech.com\/"},{"@type":"ListItem","position":2,"name":"Products","item":"https:\/\/www.koupeltech.com\/index.php\/products\/"},{"@type":"ListItem","position":3,"name":"POWERPLUS POWX322 Vysava\u010d sucho\/mokro 1 000 W Aktu\u00e1ln\u00ed"}]},{"@type":"WebSite","@id":"https:\/\/www.koupeltech.com\/#website","url":"https:\/\/www.koupeltech.com\/","name":"","description":"","potentialAction":[{"@type":"SearchAction","target":{"@type":"EntryPoint","urlTemplate":"https:\/\/www.koupeltech.com\/?s={search_term_string}"},"query-input":{"@type":"PropertyValueSpecification","valueRequired":true,"valueName":"search_term_string"}}],"inLanguage":"cs"}]}},"_links":{"self":[{"href":"https:\/\/www.koupeltech.com\/index.php\/wp-json\/wp\/v2\/product\/8738","targetHints":{"allow":["GET"]}}],"collection":[{"href":"https:\/\/www.koupeltech.com\/index.php\/wp-json\/wp\/v2\/product"}],"about":[{"href":"https:\/\/www.koupeltech.com\/index.php\/wp-json\/wp\/v2\/types\/product"}],"replies":[{"embeddable":true,"href":"https:\/\/www.koupeltech.com\/index.php\/wp-json\/wp\/v2\/comments?post=8738"}],"wp:featuredmedia":[{"embeddable":true,"href":"https:\/\/www.koupeltech.com\/index.php\/wp-json\/wp\/v2\/media\/8838"}],"wp:attachment":[{"href":"https:\/\/www.koupeltech.com\/index.php\/wp-json\/wp\/v2\/media?parent=8738"}],"wp:term":[{"taxonomy":"product_brand","embeddable":true,"href":"https:\/\/www.koupeltech.com\/index.php\/wp-json\/wp\/v2\/product_brand?post=8738"},{"taxonomy":"product_cat","embeddable":true,"href":"https:\/\/www.koupeltech.com\/index.php\/wp-json\/wp\/v2\/product_cat?post=8738"},{"taxonomy":"product_tag","embeddable":true,"href":"https:\/\/www.koupeltech.com\/index.php\/wp-json\/wp\/v2\/product_tag?post=8738"}],"curies":[{"name":"wp","href":"https:\/\/api.w.org\/{rel}","templated":true}]}}