{"id":8742,"date":"2026-04-27T13:57:06","date_gmt":"2026-04-27T13:57:06","guid":{"rendered":""},"modified":"2026-04-27T13:57:06","modified_gmt":"2026-04-27T13:57:06","slug":"akce-body-heat-420-cerna-400ml-8742","status":"publish","type":"product","link":"https:\/\/www.koupeltech.com\/index.php\/produkt\/akce-body-heat-420-cerna-400ml-8742\/","title":{"rendered":"Akce BODY Heat 420 \u010dern\u00e1 400ml"},"content":{"rendered":"<table>\n<div class=\"tab-pane active product-description\" id=\"popis\" role=\"tabpanel\">\n<div class=\"short-description\" itemprop=\"description\"><\/div>\n<div class=\"description\"><span class='bullet-line'>Barva ve spreji ur\u010den\u00e1 do vysok\u00fdch teplot. <br \/><\/span><span class='bullet-line'>Je vhodn\u00e1 na kou\u0159ovody, v\u00fdfuky, potrub\u00ed a v\u0161eobecn\u011b v\u0161ude tam kde pot\u0159ebujeme dos\u00e1hnout tepeln\u00e9 odolnosti do 600\u00b0C. <br \/><\/span><span class='bullet-line'>Zachov\u00e1v\u00e1 svoji st\u00e1lobarevnost i p\u0159i zv\u00fd\u0161en\u00fdch teplot\u00e1ch.<\/span><\/div>\n<div class=\"parameters\">\n<tr>\n<td>Balen\u00ed :<\/td>\n<td>sprej 400ml<\/td>\n<\/tr>\n<tr>\n<td>Odst\u00edn :<\/td>\n<td>st\u0159\u00edbrn\u00fd, \u010dern\u00fd, \u010dervenohn\u011bd\u00fd<\/td>\n<\/tr><\/div>\n<\/table>\n","protected":false},"excerpt":{"rendered":"<p>Barva ve spreji ur\u010den\u00e1 do vysok\u00fdch teplot. Je vhodn\u00e1 na kou\u0159ovody, v\u00fdfuky, potrub\u00ed a v\u0161eobecn\u011b v\u0161ude tam kde pot\u0159ebujeme dos\u00e1hnout tepeln\u00e9 odolnosti do 600\u00b0C. Zachov\u00e1v\u00e1 svoji st\u00e1lobarevnost i p\u0159i zv\u00fd\u0161en\u00fdch teplot\u00e1ch. Balen\u00ed : sprej 400ml Odst\u00edn : st\u0159\u00edbrn\u00fd, \u010dern\u00fd, \u010dervenohn\u011bd\u00fd<\/p>\n","protected":false},"featured_media":8842,"comment_status":"open","ping_status":"open","template":"","meta":[],"product_brand":[],"product_cat":[40,42,41],"product_tag":[],"class_list":{"0":"post-8742","1":"product","2":"type-product","3":"status-publish","4":"has-post-thumbnail","6":"product_cat-barvy","7":"product_cat-chemie","8":"product_cat-laky","10":"first","11":"instock","12":"sale","13":"shipping-taxable","14":"purchasable","15":"product-type-simple"},"yoast_head":"<!-- This site is optimized with the Yoast SEO plugin v26.8 - https:\/\/yoast.com\/product\/yoast-seo-wordpress\/ -->\n<title>Akce BODY Heat 420 \u010dern\u00e1 400ml -<\/title>\n<meta name=\"robots\" content=\"index, follow, max-snippet:-1, max-image-preview:large, max-video-preview:-1\" \/>\n<link rel=\"canonical\" href=\"https:\/\/www.koupeltech.com\/index.php\/produkt\/akce-body-heat-420-cerna-400ml-8742\/\" \/>\n<meta property=\"og:locale\" content=\"cs_CZ\" \/>\n<meta property=\"og:type\" content=\"article\" \/>\n<meta property=\"og:title\" content=\"Akce BODY Heat 420 \u010dern\u00e1 400ml -\" \/>\n<meta property=\"og:description\" content=\"Barva ve spreji ur\u010den\u00e1 do vysok\u00fdch teplot. Je vhodn\u00e1 na kou\u0159ovody, v\u00fdfuky, potrub\u00ed a v\u0161eobecn\u011b v\u0161ude tam kde pot\u0159ebujeme dos\u00e1hnout tepeln\u00e9 odolnosti do 600\u00b0C. Zachov\u00e1v\u00e1 svoji st\u00e1lobarevnost i p\u0159i zv\u00fd\u0161en\u00fdch teplot\u00e1ch. Balen\u00ed : sprej 400ml Odst\u00edn : st\u0159\u00edbrn\u00fd, \u010dern\u00fd, \u010dervenohn\u011bd\u00fd\" \/>\n<meta property=\"og:url\" content=\"https:\/\/www.koupeltech.com\/index.php\/produkt\/akce-body-heat-420-cerna-400ml-8742\/\" \/>\n<meta property=\"og:image\" content=\"https:\/\/www.koupeltech.com\/wp-content\/uploads\/2026\/SK0023522-CZ20260425-092328-0-1777080210-66_1.webp\" \/>\n\t<meta property=\"og:image:width\" content=\"236\" \/>\n\t<meta property=\"og:image:height\" content=\"720\" \/>\n\t<meta property=\"og:image:type\" content=\"image\/webp\" \/>\n<meta name=\"twitter:card\" content=\"summary_large_image\" \/>\n<script type=\"application\/ld+json\" class=\"yoast-schema-graph\">{\"@context\":\"https:\/\/schema.org\",\"@graph\":[{\"@type\":\"WebPage\",\"@id\":\"https:\/\/www.koupeltech.com\/index.php\/produkt\/akce-body-heat-420-cerna-400ml-8742\/\",\"url\":\"https:\/\/www.koupeltech.com\/index.php\/produkt\/akce-body-heat-420-cerna-400ml-8742\/\",\"name\":\"Akce BODY Heat 420 \u010dern\u00e1 400ml -\",\"isPartOf\":{\"@id\":\"https:\/\/www.koupeltech.com\/#website\"},\"primaryImageOfPage\":{\"@id\":\"https:\/\/www.koupeltech.com\/index.php\/produkt\/akce-body-heat-420-cerna-400ml-8742\/#primaryimage\"},\"image\":{\"@id\":\"https:\/\/www.koupeltech.com\/index.php\/produkt\/akce-body-heat-420-cerna-400ml-8742\/#primaryimage\"},\"thumbnailUrl\":\"https:\/\/www.koupeltech.com\/wp-content\/uploads\/2026\/SK0023522-CZ20260425-092328-0-1777080210-66_1.webp\",\"datePublished\":\"2026-04-27T13:57:06+00:00\",\"breadcrumb\":{\"@id\":\"https:\/\/www.koupeltech.com\/index.php\/produkt\/akce-body-heat-420-cerna-400ml-8742\/#breadcrumb\"},\"inLanguage\":\"cs\",\"potentialAction\":[{\"@type\":\"ReadAction\",\"target\":[\"https:\/\/www.koupeltech.com\/index.php\/produkt\/akce-body-heat-420-cerna-400ml-8742\/\"]}]},{\"@type\":\"ImageObject\",\"inLanguage\":\"cs\",\"@id\":\"https:\/\/www.koupeltech.com\/index.php\/produkt\/akce-body-heat-420-cerna-400ml-8742\/#primaryimage\",\"url\":\"https:\/\/www.koupeltech.com\/wp-content\/uploads\/2026\/SK0023522-CZ20260425-092328-0-1777080210-66_1.webp\",\"contentUrl\":\"https:\/\/www.koupeltech.com\/wp-content\/uploads\/2026\/SK0023522-CZ20260425-092328-0-1777080210-66_1.webp\",\"width\":236,\"height\":720},{\"@type\":\"BreadcrumbList\",\"@id\":\"https:\/\/www.koupeltech.com\/index.php\/produkt\/akce-body-heat-420-cerna-400ml-8742\/#breadcrumb\",\"itemListElement\":[{\"@type\":\"ListItem\",\"position\":1,\"name\":\"Home\",\"item\":\"https:\/\/www.koupeltech.com\/\"},{\"@type\":\"ListItem\",\"position\":2,\"name\":\"Products\",\"item\":\"https:\/\/www.koupeltech.com\/index.php\/products\/\"},{\"@type\":\"ListItem\",\"position\":3,\"name\":\"Akce BODY Heat 420 \u010dern\u00e1 400ml\"}]},{\"@type\":\"WebSite\",\"@id\":\"https:\/\/www.koupeltech.com\/#website\",\"url\":\"https:\/\/www.koupeltech.com\/\",\"name\":\"\",\"description\":\"\",\"potentialAction\":[{\"@type\":\"SearchAction\",\"target\":{\"@type\":\"EntryPoint\",\"urlTemplate\":\"https:\/\/www.koupeltech.com\/?s={search_term_string}\"},\"query-input\":{\"@type\":\"PropertyValueSpecification\",\"valueRequired\":true,\"valueName\":\"search_term_string\"}}],\"inLanguage\":\"cs\"}]}<\/script>\n<!-- \/ Yoast SEO plugin. -->","yoast_head_json":{"title":"Akce BODY Heat 420 \u010dern\u00e1 400ml -","robots":{"index":"index","follow":"follow","max-snippet":"max-snippet:-1","max-image-preview":"max-image-preview:large","max-video-preview":"max-video-preview:-1"},"canonical":"https:\/\/www.koupeltech.com\/index.php\/produkt\/akce-body-heat-420-cerna-400ml-8742\/","og_locale":"cs_CZ","og_type":"article","og_title":"Akce BODY Heat 420 \u010dern\u00e1 400ml -","og_description":"Barva ve spreji ur\u010den\u00e1 do vysok\u00fdch teplot. Je vhodn\u00e1 na kou\u0159ovody, v\u00fdfuky, potrub\u00ed a v\u0161eobecn\u011b v\u0161ude tam kde pot\u0159ebujeme dos\u00e1hnout tepeln\u00e9 odolnosti do 600\u00b0C. Zachov\u00e1v\u00e1 svoji st\u00e1lobarevnost i p\u0159i zv\u00fd\u0161en\u00fdch teplot\u00e1ch. Balen\u00ed : sprej 400ml Odst\u00edn : st\u0159\u00edbrn\u00fd, \u010dern\u00fd, \u010dervenohn\u011bd\u00fd","og_url":"https:\/\/www.koupeltech.com\/index.php\/produkt\/akce-body-heat-420-cerna-400ml-8742\/","og_image":[{"width":236,"height":720,"url":"https:\/\/www.koupeltech.com\/wp-content\/uploads\/2026\/SK0023522-CZ20260425-092328-0-1777080210-66_1.webp","type":"image\/webp"}],"twitter_card":"summary_large_image","schema":{"@context":"https:\/\/schema.org","@graph":[{"@type":"WebPage","@id":"https:\/\/www.koupeltech.com\/index.php\/produkt\/akce-body-heat-420-cerna-400ml-8742\/","url":"https:\/\/www.koupeltech.com\/index.php\/produkt\/akce-body-heat-420-cerna-400ml-8742\/","name":"Akce BODY Heat 420 \u010dern\u00e1 400ml -","isPartOf":{"@id":"https:\/\/www.koupeltech.com\/#website"},"primaryImageOfPage":{"@id":"https:\/\/www.koupeltech.com\/index.php\/produkt\/akce-body-heat-420-cerna-400ml-8742\/#primaryimage"},"image":{"@id":"https:\/\/www.koupeltech.com\/index.php\/produkt\/akce-body-heat-420-cerna-400ml-8742\/#primaryimage"},"thumbnailUrl":"https:\/\/www.koupeltech.com\/wp-content\/uploads\/2026\/SK0023522-CZ20260425-092328-0-1777080210-66_1.webp","datePublished":"2026-04-27T13:57:06+00:00","breadcrumb":{"@id":"https:\/\/www.koupeltech.com\/index.php\/produkt\/akce-body-heat-420-cerna-400ml-8742\/#breadcrumb"},"inLanguage":"cs","potentialAction":[{"@type":"ReadAction","target":["https:\/\/www.koupeltech.com\/index.php\/produkt\/akce-body-heat-420-cerna-400ml-8742\/"]}]},{"@type":"ImageObject","inLanguage":"cs","@id":"https:\/\/www.koupeltech.com\/index.php\/produkt\/akce-body-heat-420-cerna-400ml-8742\/#primaryimage","url":"https:\/\/www.koupeltech.com\/wp-content\/uploads\/2026\/SK0023522-CZ20260425-092328-0-1777080210-66_1.webp","contentUrl":"https:\/\/www.koupeltech.com\/wp-content\/uploads\/2026\/SK0023522-CZ20260425-092328-0-1777080210-66_1.webp","width":236,"height":720},{"@type":"BreadcrumbList","@id":"https:\/\/www.koupeltech.com\/index.php\/produkt\/akce-body-heat-420-cerna-400ml-8742\/#breadcrumb","itemListElement":[{"@type":"ListItem","position":1,"name":"Home","item":"https:\/\/www.koupeltech.com\/"},{"@type":"ListItem","position":2,"name":"Products","item":"https:\/\/www.koupeltech.com\/index.php\/products\/"},{"@type":"ListItem","position":3,"name":"Akce BODY Heat 420 \u010dern\u00e1 400ml"}]},{"@type":"WebSite","@id":"https:\/\/www.koupeltech.com\/#website","url":"https:\/\/www.koupeltech.com\/","name":"","description":"","potentialAction":[{"@type":"SearchAction","target":{"@type":"EntryPoint","urlTemplate":"https:\/\/www.koupeltech.com\/?s={search_term_string}"},"query-input":{"@type":"PropertyValueSpecification","valueRequired":true,"valueName":"search_term_string"}}],"inLanguage":"cs"}]}},"_links":{"self":[{"href":"https:\/\/www.koupeltech.com\/index.php\/wp-json\/wp\/v2\/product\/8742","targetHints":{"allow":["GET"]}}],"collection":[{"href":"https:\/\/www.koupeltech.com\/index.php\/wp-json\/wp\/v2\/product"}],"about":[{"href":"https:\/\/www.koupeltech.com\/index.php\/wp-json\/wp\/v2\/types\/product"}],"replies":[{"embeddable":true,"href":"https:\/\/www.koupeltech.com\/index.php\/wp-json\/wp\/v2\/comments?post=8742"}],"wp:featuredmedia":[{"embeddable":true,"href":"https:\/\/www.koupeltech.com\/index.php\/wp-json\/wp\/v2\/media\/8842"}],"wp:attachment":[{"href":"https:\/\/www.koupeltech.com\/index.php\/wp-json\/wp\/v2\/media?parent=8742"}],"wp:term":[{"taxonomy":"product_brand","embeddable":true,"href":"https:\/\/www.koupeltech.com\/index.php\/wp-json\/wp\/v2\/product_brand?post=8742"},{"taxonomy":"product_cat","embeddable":true,"href":"https:\/\/www.koupeltech.com\/index.php\/wp-json\/wp\/v2\/product_cat?post=8742"},{"taxonomy":"product_tag","embeddable":true,"href":"https:\/\/www.koupeltech.com\/index.php\/wp-json\/wp\/v2\/product_tag?post=8742"}],"curies":[{"name":"wp","href":"https:\/\/api.w.org\/{rel}","templated":true}]}}