{"id":8743,"date":"2026-04-27T13:57:06","date_gmt":"2026-04-27T13:57:06","guid":{"rendered":""},"modified":"2026-04-27T13:57:06","modified_gmt":"2026-04-27T13:57:06","slug":"akce-hb-body-h725-tuzidlo-do-plnicu-200ml-8743","status":"publish","type":"product","link":"https:\/\/www.koupeltech.com\/index.php\/produkt\/akce-hb-body-h725-tuzidlo-do-plnicu-200ml-8743\/","title":{"rendered":"Akce HB BODY H725 tu\u017eidlo do plni\u010d\u016f 200ml"},"content":{"rendered":"<table>\n<div class=\"tab-pane active product-description\" id=\"popis\" role=\"tabpanel\">\n<div class=\"short-description\" itemprop=\"description\"><\/div>\n<div class=\"description\"><span class='bullet-line'>Rychl\u00e9 tu\u017eidlo do 2K akryl\u00e1tov\u00fdch plni\u010d\u016f (P333, P334, P335, 300, 305, 310, 307, P360). <br \/><\/span><span class='bullet-line'>Je ur\u010dno pouze do plni\u010d\u016f z d\u016fvodu na\u017eloutl\u00e9ho odst\u00ednu u kter\u00fdch toto zabarven\u00ed nen\u00ed na z\u00e1vadu.<\/span><\/div>\n<div class=\"parameters\">\n<tr>\n<td>Balen\u00ed :<\/td>\n<td>200ml, 250ml, 333ml, 1Lt<\/td>\n<\/tr>\n<tr>\n<td>Odst\u00edn :<\/td>\n<td>na\u017eloutl\u00fd<\/td>\n<\/tr><\/div>\n<\/table>\n","protected":false},"excerpt":{"rendered":"<p>Rychl\u00e9 tu\u017eidlo do 2K akryl\u00e1tov\u00fdch plni\u010d\u016f (P333, P334, P335, 300, 305, 310, 307, P360). Je ur\u010dno pouze do plni\u010d\u016f z d\u016fvodu na\u017eloutl\u00e9ho odst\u00ednu u kter\u00fdch toto zabarven\u00ed nen\u00ed na z\u00e1vadu. Balen\u00ed : 200ml, 250ml, 333ml, 1Lt Odst\u00edn : na\u017eloutl\u00fd<\/p>\n","protected":false},"featured_media":8843,"comment_status":"open","ping_status":"open","template":"","meta":[],"product_brand":[],"product_cat":[40,42,41],"product_tag":[],"class_list":{"0":"post-8743","1":"product","2":"type-product","3":"status-publish","4":"has-post-thumbnail","6":"product_cat-barvy","7":"product_cat-chemie","8":"product_cat-laky","10":"first","11":"instock","12":"sale","13":"shipping-taxable","14":"purchasable","15":"product-type-simple"},"yoast_head":"<!-- This site is optimized with the Yoast SEO plugin v26.8 - https:\/\/yoast.com\/product\/yoast-seo-wordpress\/ -->\n<title>Akce HB BODY H725 tu\u017eidlo do plni\u010d\u016f 200ml -<\/title>\n<meta name=\"robots\" content=\"index, follow, max-snippet:-1, max-image-preview:large, max-video-preview:-1\" \/>\n<link rel=\"canonical\" href=\"https:\/\/www.koupeltech.com\/index.php\/produkt\/akce-hb-body-h725-tuzidlo-do-plnicu-200ml-8743\/\" \/>\n<meta property=\"og:locale\" content=\"cs_CZ\" \/>\n<meta property=\"og:type\" content=\"article\" \/>\n<meta property=\"og:title\" content=\"Akce HB BODY H725 tu\u017eidlo do plni\u010d\u016f 200ml -\" \/>\n<meta property=\"og:description\" content=\"Rychl\u00e9 tu\u017eidlo do 2K akryl\u00e1tov\u00fdch plni\u010d\u016f (P333, P334, P335, 300, 305, 310, 307, P360). Je ur\u010dno pouze do plni\u010d\u016f z d\u016fvodu na\u017eloutl\u00e9ho odst\u00ednu u kter\u00fdch toto zabarven\u00ed nen\u00ed na z\u00e1vadu. Balen\u00ed : 200ml, 250ml, 333ml, 1Lt Odst\u00edn : na\u017eloutl\u00fd\" \/>\n<meta property=\"og:url\" content=\"https:\/\/www.koupeltech.com\/index.php\/produkt\/akce-hb-body-h725-tuzidlo-do-plnicu-200ml-8743\/\" \/>\n<meta property=\"og:image\" content=\"https:\/\/www.koupeltech.com\/wp-content\/uploads\/2026\/SK0023523-CZ20260425-092328-0-1777080210-92_1.webp\" \/>\n\t<meta property=\"og:image:width\" content=\"320\" \/>\n\t<meta property=\"og:image:height\" content=\"300\" \/>\n\t<meta property=\"og:image:type\" content=\"image\/webp\" \/>\n<meta name=\"twitter:card\" content=\"summary_large_image\" \/>\n<script type=\"application\/ld+json\" class=\"yoast-schema-graph\">{\"@context\":\"https:\/\/schema.org\",\"@graph\":[{\"@type\":\"WebPage\",\"@id\":\"https:\/\/www.koupeltech.com\/index.php\/produkt\/akce-hb-body-h725-tuzidlo-do-plnicu-200ml-8743\/\",\"url\":\"https:\/\/www.koupeltech.com\/index.php\/produkt\/akce-hb-body-h725-tuzidlo-do-plnicu-200ml-8743\/\",\"name\":\"Akce HB BODY H725 tu\u017eidlo do plni\u010d\u016f 200ml -\",\"isPartOf\":{\"@id\":\"https:\/\/www.koupeltech.com\/#website\"},\"primaryImageOfPage\":{\"@id\":\"https:\/\/www.koupeltech.com\/index.php\/produkt\/akce-hb-body-h725-tuzidlo-do-plnicu-200ml-8743\/#primaryimage\"},\"image\":{\"@id\":\"https:\/\/www.koupeltech.com\/index.php\/produkt\/akce-hb-body-h725-tuzidlo-do-plnicu-200ml-8743\/#primaryimage\"},\"thumbnailUrl\":\"https:\/\/www.koupeltech.com\/wp-content\/uploads\/2026\/SK0023523-CZ20260425-092328-0-1777080210-92_1.webp\",\"datePublished\":\"2026-04-27T13:57:06+00:00\",\"breadcrumb\":{\"@id\":\"https:\/\/www.koupeltech.com\/index.php\/produkt\/akce-hb-body-h725-tuzidlo-do-plnicu-200ml-8743\/#breadcrumb\"},\"inLanguage\":\"cs\",\"potentialAction\":[{\"@type\":\"ReadAction\",\"target\":[\"https:\/\/www.koupeltech.com\/index.php\/produkt\/akce-hb-body-h725-tuzidlo-do-plnicu-200ml-8743\/\"]}]},{\"@type\":\"ImageObject\",\"inLanguage\":\"cs\",\"@id\":\"https:\/\/www.koupeltech.com\/index.php\/produkt\/akce-hb-body-h725-tuzidlo-do-plnicu-200ml-8743\/#primaryimage\",\"url\":\"https:\/\/www.koupeltech.com\/wp-content\/uploads\/2026\/SK0023523-CZ20260425-092328-0-1777080210-92_1.webp\",\"contentUrl\":\"https:\/\/www.koupeltech.com\/wp-content\/uploads\/2026\/SK0023523-CZ20260425-092328-0-1777080210-92_1.webp\",\"width\":320,\"height\":300},{\"@type\":\"BreadcrumbList\",\"@id\":\"https:\/\/www.koupeltech.com\/index.php\/produkt\/akce-hb-body-h725-tuzidlo-do-plnicu-200ml-8743\/#breadcrumb\",\"itemListElement\":[{\"@type\":\"ListItem\",\"position\":1,\"name\":\"Home\",\"item\":\"https:\/\/www.koupeltech.com\/\"},{\"@type\":\"ListItem\",\"position\":2,\"name\":\"Products\",\"item\":\"https:\/\/www.koupeltech.com\/index.php\/products\/\"},{\"@type\":\"ListItem\",\"position\":3,\"name\":\"Akce HB BODY H725 tu\u017eidlo do plni\u010d\u016f 200ml\"}]},{\"@type\":\"WebSite\",\"@id\":\"https:\/\/www.koupeltech.com\/#website\",\"url\":\"https:\/\/www.koupeltech.com\/\",\"name\":\"\",\"description\":\"\",\"potentialAction\":[{\"@type\":\"SearchAction\",\"target\":{\"@type\":\"EntryPoint\",\"urlTemplate\":\"https:\/\/www.koupeltech.com\/?s={search_term_string}\"},\"query-input\":{\"@type\":\"PropertyValueSpecification\",\"valueRequired\":true,\"valueName\":\"search_term_string\"}}],\"inLanguage\":\"cs\"}]}<\/script>\n<!-- \/ Yoast SEO plugin. -->","yoast_head_json":{"title":"Akce HB BODY H725 tu\u017eidlo do plni\u010d\u016f 200ml -","robots":{"index":"index","follow":"follow","max-snippet":"max-snippet:-1","max-image-preview":"max-image-preview:large","max-video-preview":"max-video-preview:-1"},"canonical":"https:\/\/www.koupeltech.com\/index.php\/produkt\/akce-hb-body-h725-tuzidlo-do-plnicu-200ml-8743\/","og_locale":"cs_CZ","og_type":"article","og_title":"Akce HB BODY H725 tu\u017eidlo do plni\u010d\u016f 200ml -","og_description":"Rychl\u00e9 tu\u017eidlo do 2K akryl\u00e1tov\u00fdch plni\u010d\u016f (P333, P334, P335, 300, 305, 310, 307, P360). Je ur\u010dno pouze do plni\u010d\u016f z d\u016fvodu na\u017eloutl\u00e9ho odst\u00ednu u kter\u00fdch toto zabarven\u00ed nen\u00ed na z\u00e1vadu. Balen\u00ed : 200ml, 250ml, 333ml, 1Lt Odst\u00edn : na\u017eloutl\u00fd","og_url":"https:\/\/www.koupeltech.com\/index.php\/produkt\/akce-hb-body-h725-tuzidlo-do-plnicu-200ml-8743\/","og_image":[{"width":320,"height":300,"url":"https:\/\/www.koupeltech.com\/wp-content\/uploads\/2026\/SK0023523-CZ20260425-092328-0-1777080210-92_1.webp","type":"image\/webp"}],"twitter_card":"summary_large_image","schema":{"@context":"https:\/\/schema.org","@graph":[{"@type":"WebPage","@id":"https:\/\/www.koupeltech.com\/index.php\/produkt\/akce-hb-body-h725-tuzidlo-do-plnicu-200ml-8743\/","url":"https:\/\/www.koupeltech.com\/index.php\/produkt\/akce-hb-body-h725-tuzidlo-do-plnicu-200ml-8743\/","name":"Akce HB BODY H725 tu\u017eidlo do plni\u010d\u016f 200ml -","isPartOf":{"@id":"https:\/\/www.koupeltech.com\/#website"},"primaryImageOfPage":{"@id":"https:\/\/www.koupeltech.com\/index.php\/produkt\/akce-hb-body-h725-tuzidlo-do-plnicu-200ml-8743\/#primaryimage"},"image":{"@id":"https:\/\/www.koupeltech.com\/index.php\/produkt\/akce-hb-body-h725-tuzidlo-do-plnicu-200ml-8743\/#primaryimage"},"thumbnailUrl":"https:\/\/www.koupeltech.com\/wp-content\/uploads\/2026\/SK0023523-CZ20260425-092328-0-1777080210-92_1.webp","datePublished":"2026-04-27T13:57:06+00:00","breadcrumb":{"@id":"https:\/\/www.koupeltech.com\/index.php\/produkt\/akce-hb-body-h725-tuzidlo-do-plnicu-200ml-8743\/#breadcrumb"},"inLanguage":"cs","potentialAction":[{"@type":"ReadAction","target":["https:\/\/www.koupeltech.com\/index.php\/produkt\/akce-hb-body-h725-tuzidlo-do-plnicu-200ml-8743\/"]}]},{"@type":"ImageObject","inLanguage":"cs","@id":"https:\/\/www.koupeltech.com\/index.php\/produkt\/akce-hb-body-h725-tuzidlo-do-plnicu-200ml-8743\/#primaryimage","url":"https:\/\/www.koupeltech.com\/wp-content\/uploads\/2026\/SK0023523-CZ20260425-092328-0-1777080210-92_1.webp","contentUrl":"https:\/\/www.koupeltech.com\/wp-content\/uploads\/2026\/SK0023523-CZ20260425-092328-0-1777080210-92_1.webp","width":320,"height":300},{"@type":"BreadcrumbList","@id":"https:\/\/www.koupeltech.com\/index.php\/produkt\/akce-hb-body-h725-tuzidlo-do-plnicu-200ml-8743\/#breadcrumb","itemListElement":[{"@type":"ListItem","position":1,"name":"Home","item":"https:\/\/www.koupeltech.com\/"},{"@type":"ListItem","position":2,"name":"Products","item":"https:\/\/www.koupeltech.com\/index.php\/products\/"},{"@type":"ListItem","position":3,"name":"Akce HB BODY H725 tu\u017eidlo do plni\u010d\u016f 200ml"}]},{"@type":"WebSite","@id":"https:\/\/www.koupeltech.com\/#website","url":"https:\/\/www.koupeltech.com\/","name":"","description":"","potentialAction":[{"@type":"SearchAction","target":{"@type":"EntryPoint","urlTemplate":"https:\/\/www.koupeltech.com\/?s={search_term_string}"},"query-input":{"@type":"PropertyValueSpecification","valueRequired":true,"valueName":"search_term_string"}}],"inLanguage":"cs"}]}},"_links":{"self":[{"href":"https:\/\/www.koupeltech.com\/index.php\/wp-json\/wp\/v2\/product\/8743","targetHints":{"allow":["GET"]}}],"collection":[{"href":"https:\/\/www.koupeltech.com\/index.php\/wp-json\/wp\/v2\/product"}],"about":[{"href":"https:\/\/www.koupeltech.com\/index.php\/wp-json\/wp\/v2\/types\/product"}],"replies":[{"embeddable":true,"href":"https:\/\/www.koupeltech.com\/index.php\/wp-json\/wp\/v2\/comments?post=8743"}],"wp:featuredmedia":[{"embeddable":true,"href":"https:\/\/www.koupeltech.com\/index.php\/wp-json\/wp\/v2\/media\/8843"}],"wp:attachment":[{"href":"https:\/\/www.koupeltech.com\/index.php\/wp-json\/wp\/v2\/media?parent=8743"}],"wp:term":[{"taxonomy":"product_brand","embeddable":true,"href":"https:\/\/www.koupeltech.com\/index.php\/wp-json\/wp\/v2\/product_brand?post=8743"},{"taxonomy":"product_cat","embeddable":true,"href":"https:\/\/www.koupeltech.com\/index.php\/wp-json\/wp\/v2\/product_cat?post=8743"},{"taxonomy":"product_tag","embeddable":true,"href":"https:\/\/www.koupeltech.com\/index.php\/wp-json\/wp\/v2\/product_tag?post=8743"}],"curies":[{"name":"wp","href":"https:\/\/api.w.org\/{rel}","templated":true}]}}