{"id":8777,"date":"2026-04-27T13:57:06","date_gmt":"2026-04-27T13:57:06","guid":{"rendered":""},"modified":"2026-04-27T13:57:06","modified_gmt":"2026-04-27T13:57:06","slug":"finalni-vyprodej-powerplus-powdp75100-aku-rezacka-obkladu-20v-110mm-bez-aku-8777","status":"publish","type":"product","link":"https:\/\/www.koupeltech.com\/index.php\/produkt\/finalni-vyprodej-powerplus-powdp75100-aku-rezacka-obkladu-20v-110mm-bez-aku-8777\/","title":{"rendered":"Fin\u00e1ln\u00ed V\u00fdprodej POWERPLUS POWDP75100 Aku \u0159eza\u010dka obklad\u016f 20V 110mm (bez AKU)"},"content":{"rendered":"<table>\n<div class=\"tab-pane active product-description\" id=\"popis\" role=\"tabpanel\">\n<div class=\"short-description\" itemprop=\"description\"><\/div>\n<div class=\"description\"><span class='bullet-line'>Tato akumul\u00e1torov\u00e1 \u0159eza\u010dka POWDP75100 na dla\u017edice 20 V od spole\u010dnosti POWERPLUS v\u00e1m umo\u017en\u00ed \u0159ezat dla\u017edice kdykoli a kdekoli chcete. <br \/><\/span><span class='bullet-line'>Diamantov\u00fd kotou\u010d o pr\u016fm\u011bru 110 mm zaji\u0161\u0165uje kapacitu a\u017e 24 mm. <br \/><\/span><span class='bullet-line'>D\u00edky vodou chlazen\u00e9mu ost\u0159\u00ed za\u017eijete p\u0159i pr\u00e1ci m\u00e9n\u011b prachu. <br \/><\/span><span class='bullet-line'>Paraleln\u00ed vod\u00edtko m\u016f\u017eete nastavit v \u00fahlu a\u017e 45 \u00b0, co\u017e v\u00e1m umo\u017en\u00ed prov\u00e1d\u011bt p\u0159esn\u00e9 pokosov\u00e9 \u0159ezy. <br \/><\/span><span class='bullet-line'>M\u011b\u0159\u00edtko nav\u00edc umo\u017e\u0148uje p\u0159esn\u00e9 nastaven\u00ed \u0161\u00ed\u0159ky \u0159ezu. <br \/><\/span><span class='bullet-line'>Krom\u011b toho m\u016f\u017eete v\u017edy pracovat bezpe\u010dn\u011b a bez omezen\u00e9ho v\u00fdhledu d\u00edky pr\u016fhledn\u00e9mu ochrann\u00e9mu krytu.<br \/><\/span><span class='bullet-line'>Pou\u017e\u00edt m\u016f\u017eete baterie ze s\u00e9rie DUAL POWER o nap\u011bt\u00ed 20V a tak\u00e9 i baterie o nap\u011bt\u00ed 40V. <br \/><\/span><span class='bullet-line'>Pou\u017eit\u00ed 40V baterie zaji\u0161\u0165uje je\u0161t\u011b del\u0161\u00ed dobu chodu stroje ve srovn\u00e1n\u00ed s 20V verz\u00ed.<\/span><\/div>\n<div class=\"parameters\">\n<tr>\n<td>Nap\u011bt\u00ed<\/td>\n<td>20 V<\/td>\n<\/tr>\n<tr>\n<td>Ot\u00e1\u010dky napr\u00e1zdno<\/td>\n<td>3.800 min-1<\/td>\n<\/tr>\n<tr>\n<td>Pr\u016fm\u011br kotou\u010de<\/td>\n<td>110 mm<\/td>\n<\/tr>\n<tr>\n<td>Kapacita \u0159ezu<\/td>\n<td>90\u00b0 24 mm<\/td>\n<\/tr>\n<tr>\n<td>Kapacita \u0159ezu<\/td>\n<td>45\u00b0 16 mm<\/td>\n<\/tr>\n<tr>\n<td>Hmotnost<\/td>\n<td>3,5 kg<\/td>\n<\/tr><\/div>\n<\/table>\n","protected":false},"excerpt":{"rendered":"<p>Tato akumul\u00e1torov\u00e1 \u0159eza\u010dka POWDP75100 na dla\u017edice 20 V od spole\u010dnosti POWERPLUS v\u00e1m umo\u017en\u00ed \u0159ezat dla\u017edice kdykoli a kdekoli chcete. Diamantov\u00fd kotou\u010d o pr\u016fm\u011bru 110 mm zaji\u0161\u0165uje kapacitu a\u017e 24 mm. D\u00edky vodou chlazen\u00e9mu ost\u0159\u00ed za\u017eijete p\u0159i pr\u00e1ci m\u00e9n\u011b prachu. Paraleln\u00ed vod\u00edtko m\u016f\u017eete nastavit v \u00fahlu a\u017e 45 \u00b0, co\u017e v\u00e1m umo\u017en\u00ed prov\u00e1d\u011bt p\u0159esn\u00e9 pokosov\u00e9 \u0159ezy. [&hellip;]<\/p>\n","protected":false},"featured_media":8877,"comment_status":"open","ping_status":"open","template":"","meta":[],"product_brand":[],"product_cat":[50],"product_tag":[],"class_list":{"0":"post-8777","1":"product","2":"type-product","3":"status-publish","4":"has-post-thumbnail","6":"product_cat-stavebni-technika","8":"first","9":"instock","10":"sale","11":"shipping-taxable","12":"purchasable","13":"product-type-simple"},"yoast_head":"<!-- This site is optimized with the Yoast SEO plugin v26.8 - https:\/\/yoast.com\/product\/yoast-seo-wordpress\/ -->\n<title>Fin\u00e1ln\u00ed V\u00fdprodej POWERPLUS POWDP75100 Aku \u0159eza\u010dka obklad\u016f 20V 110mm (bez AKU) -<\/title>\n<meta name=\"robots\" content=\"index, follow, max-snippet:-1, max-image-preview:large, max-video-preview:-1\" \/>\n<link rel=\"canonical\" href=\"https:\/\/www.koupeltech.com\/index.php\/produkt\/finalni-vyprodej-powerplus-powdp75100-aku-rezacka-obkladu-20v-110mm-bez-aku-8777\/\" \/>\n<meta property=\"og:locale\" content=\"cs_CZ\" \/>\n<meta property=\"og:type\" content=\"article\" \/>\n<meta property=\"og:title\" content=\"Fin\u00e1ln\u00ed V\u00fdprodej POWERPLUS POWDP75100 Aku \u0159eza\u010dka obklad\u016f 20V 110mm (bez AKU) -\" \/>\n<meta property=\"og:description\" content=\"Tato akumul\u00e1torov\u00e1 \u0159eza\u010dka POWDP75100 na dla\u017edice 20 V od spole\u010dnosti POWERPLUS v\u00e1m umo\u017en\u00ed \u0159ezat dla\u017edice kdykoli a kdekoli chcete. Diamantov\u00fd kotou\u010d o pr\u016fm\u011bru 110 mm zaji\u0161\u0165uje kapacitu a\u017e 24 mm. D\u00edky vodou chlazen\u00e9mu ost\u0159\u00ed za\u017eijete p\u0159i pr\u00e1ci m\u00e9n\u011b prachu. Paraleln\u00ed vod\u00edtko m\u016f\u017eete nastavit v \u00fahlu a\u017e 45 \u00b0, co\u017e v\u00e1m umo\u017en\u00ed prov\u00e1d\u011bt p\u0159esn\u00e9 pokosov\u00e9 \u0159ezy. [&hellip;]\" \/>\n<meta property=\"og:url\" content=\"https:\/\/www.koupeltech.com\/index.php\/produkt\/finalni-vyprodej-powerplus-powdp75100-aku-rezacka-obkladu-20v-110mm-bez-aku-8777\/\" \/>\n<meta property=\"og:image\" content=\"https:\/\/www.koupeltech.com\/wp-content\/uploads\/2026\/SK0023557-CZ20260425-092328-0-1777080210-4480_1.webp\" \/>\n\t<meta property=\"og:image:width\" content=\"1000\" \/>\n\t<meta property=\"og:image:height\" content=\"667\" \/>\n\t<meta property=\"og:image:type\" content=\"image\/webp\" \/>\n<meta name=\"twitter:card\" content=\"summary_large_image\" \/>\n<meta name=\"twitter:label1\" content=\"Odhadovan\u00e1 doba \u010dten\u00ed\" \/>\n\t<meta name=\"twitter:data1\" content=\"1 minuta\" \/>\n<script type=\"application\/ld+json\" class=\"yoast-schema-graph\">{\"@context\":\"https:\/\/schema.org\",\"@graph\":[{\"@type\":\"WebPage\",\"@id\":\"https:\/\/www.koupeltech.com\/index.php\/produkt\/finalni-vyprodej-powerplus-powdp75100-aku-rezacka-obkladu-20v-110mm-bez-aku-8777\/\",\"url\":\"https:\/\/www.koupeltech.com\/index.php\/produkt\/finalni-vyprodej-powerplus-powdp75100-aku-rezacka-obkladu-20v-110mm-bez-aku-8777\/\",\"name\":\"Fin\u00e1ln\u00ed V\u00fdprodej POWERPLUS POWDP75100 Aku \u0159eza\u010dka obklad\u016f 20V 110mm (bez AKU) -\",\"isPartOf\":{\"@id\":\"https:\/\/www.koupeltech.com\/#website\"},\"primaryImageOfPage\":{\"@id\":\"https:\/\/www.koupeltech.com\/index.php\/produkt\/finalni-vyprodej-powerplus-powdp75100-aku-rezacka-obkladu-20v-110mm-bez-aku-8777\/#primaryimage\"},\"image\":{\"@id\":\"https:\/\/www.koupeltech.com\/index.php\/produkt\/finalni-vyprodej-powerplus-powdp75100-aku-rezacka-obkladu-20v-110mm-bez-aku-8777\/#primaryimage\"},\"thumbnailUrl\":\"https:\/\/www.koupeltech.com\/wp-content\/uploads\/2026\/SK0023557-CZ20260425-092328-0-1777080210-4480_1.webp\",\"datePublished\":\"2026-04-27T13:57:06+00:00\",\"breadcrumb\":{\"@id\":\"https:\/\/www.koupeltech.com\/index.php\/produkt\/finalni-vyprodej-powerplus-powdp75100-aku-rezacka-obkladu-20v-110mm-bez-aku-8777\/#breadcrumb\"},\"inLanguage\":\"cs\",\"potentialAction\":[{\"@type\":\"ReadAction\",\"target\":[\"https:\/\/www.koupeltech.com\/index.php\/produkt\/finalni-vyprodej-powerplus-powdp75100-aku-rezacka-obkladu-20v-110mm-bez-aku-8777\/\"]}]},{\"@type\":\"ImageObject\",\"inLanguage\":\"cs\",\"@id\":\"https:\/\/www.koupeltech.com\/index.php\/produkt\/finalni-vyprodej-powerplus-powdp75100-aku-rezacka-obkladu-20v-110mm-bez-aku-8777\/#primaryimage\",\"url\":\"https:\/\/www.koupeltech.com\/wp-content\/uploads\/2026\/SK0023557-CZ20260425-092328-0-1777080210-4480_1.webp\",\"contentUrl\":\"https:\/\/www.koupeltech.com\/wp-content\/uploads\/2026\/SK0023557-CZ20260425-092328-0-1777080210-4480_1.webp\",\"width\":1000,\"height\":667},{\"@type\":\"BreadcrumbList\",\"@id\":\"https:\/\/www.koupeltech.com\/index.php\/produkt\/finalni-vyprodej-powerplus-powdp75100-aku-rezacka-obkladu-20v-110mm-bez-aku-8777\/#breadcrumb\",\"itemListElement\":[{\"@type\":\"ListItem\",\"position\":1,\"name\":\"Home\",\"item\":\"https:\/\/www.koupeltech.com\/\"},{\"@type\":\"ListItem\",\"position\":2,\"name\":\"Products\",\"item\":\"https:\/\/www.koupeltech.com\/index.php\/products\/\"},{\"@type\":\"ListItem\",\"position\":3,\"name\":\"Fin\u00e1ln\u00ed V\u00fdprodej POWERPLUS POWDP75100 Aku \u0159eza\u010dka obklad\u016f 20V 110mm (bez AKU)\"}]},{\"@type\":\"WebSite\",\"@id\":\"https:\/\/www.koupeltech.com\/#website\",\"url\":\"https:\/\/www.koupeltech.com\/\",\"name\":\"\",\"description\":\"\",\"potentialAction\":[{\"@type\":\"SearchAction\",\"target\":{\"@type\":\"EntryPoint\",\"urlTemplate\":\"https:\/\/www.koupeltech.com\/?s={search_term_string}\"},\"query-input\":{\"@type\":\"PropertyValueSpecification\",\"valueRequired\":true,\"valueName\":\"search_term_string\"}}],\"inLanguage\":\"cs\"}]}<\/script>\n<!-- \/ Yoast SEO plugin. -->","yoast_head_json":{"title":"Fin\u00e1ln\u00ed V\u00fdprodej POWERPLUS POWDP75100 Aku \u0159eza\u010dka obklad\u016f 20V 110mm (bez AKU) -","robots":{"index":"index","follow":"follow","max-snippet":"max-snippet:-1","max-image-preview":"max-image-preview:large","max-video-preview":"max-video-preview:-1"},"canonical":"https:\/\/www.koupeltech.com\/index.php\/produkt\/finalni-vyprodej-powerplus-powdp75100-aku-rezacka-obkladu-20v-110mm-bez-aku-8777\/","og_locale":"cs_CZ","og_type":"article","og_title":"Fin\u00e1ln\u00ed V\u00fdprodej POWERPLUS POWDP75100 Aku \u0159eza\u010dka obklad\u016f 20V 110mm (bez AKU) -","og_description":"Tato akumul\u00e1torov\u00e1 \u0159eza\u010dka POWDP75100 na dla\u017edice 20 V od spole\u010dnosti POWERPLUS v\u00e1m umo\u017en\u00ed \u0159ezat dla\u017edice kdykoli a kdekoli chcete. Diamantov\u00fd kotou\u010d o pr\u016fm\u011bru 110 mm zaji\u0161\u0165uje kapacitu a\u017e 24 mm. D\u00edky vodou chlazen\u00e9mu ost\u0159\u00ed za\u017eijete p\u0159i pr\u00e1ci m\u00e9n\u011b prachu. Paraleln\u00ed vod\u00edtko m\u016f\u017eete nastavit v \u00fahlu a\u017e 45 \u00b0, co\u017e v\u00e1m umo\u017en\u00ed prov\u00e1d\u011bt p\u0159esn\u00e9 pokosov\u00e9 \u0159ezy. [&hellip;]","og_url":"https:\/\/www.koupeltech.com\/index.php\/produkt\/finalni-vyprodej-powerplus-powdp75100-aku-rezacka-obkladu-20v-110mm-bez-aku-8777\/","og_image":[{"width":1000,"height":667,"url":"https:\/\/www.koupeltech.com\/wp-content\/uploads\/2026\/SK0023557-CZ20260425-092328-0-1777080210-4480_1.webp","type":"image\/webp"}],"twitter_card":"summary_large_image","twitter_misc":{"Odhadovan\u00e1 doba \u010dten\u00ed":"1 minuta"},"schema":{"@context":"https:\/\/schema.org","@graph":[{"@type":"WebPage","@id":"https:\/\/www.koupeltech.com\/index.php\/produkt\/finalni-vyprodej-powerplus-powdp75100-aku-rezacka-obkladu-20v-110mm-bez-aku-8777\/","url":"https:\/\/www.koupeltech.com\/index.php\/produkt\/finalni-vyprodej-powerplus-powdp75100-aku-rezacka-obkladu-20v-110mm-bez-aku-8777\/","name":"Fin\u00e1ln\u00ed V\u00fdprodej POWERPLUS POWDP75100 Aku \u0159eza\u010dka obklad\u016f 20V 110mm (bez AKU) -","isPartOf":{"@id":"https:\/\/www.koupeltech.com\/#website"},"primaryImageOfPage":{"@id":"https:\/\/www.koupeltech.com\/index.php\/produkt\/finalni-vyprodej-powerplus-powdp75100-aku-rezacka-obkladu-20v-110mm-bez-aku-8777\/#primaryimage"},"image":{"@id":"https:\/\/www.koupeltech.com\/index.php\/produkt\/finalni-vyprodej-powerplus-powdp75100-aku-rezacka-obkladu-20v-110mm-bez-aku-8777\/#primaryimage"},"thumbnailUrl":"https:\/\/www.koupeltech.com\/wp-content\/uploads\/2026\/SK0023557-CZ20260425-092328-0-1777080210-4480_1.webp","datePublished":"2026-04-27T13:57:06+00:00","breadcrumb":{"@id":"https:\/\/www.koupeltech.com\/index.php\/produkt\/finalni-vyprodej-powerplus-powdp75100-aku-rezacka-obkladu-20v-110mm-bez-aku-8777\/#breadcrumb"},"inLanguage":"cs","potentialAction":[{"@type":"ReadAction","target":["https:\/\/www.koupeltech.com\/index.php\/produkt\/finalni-vyprodej-powerplus-powdp75100-aku-rezacka-obkladu-20v-110mm-bez-aku-8777\/"]}]},{"@type":"ImageObject","inLanguage":"cs","@id":"https:\/\/www.koupeltech.com\/index.php\/produkt\/finalni-vyprodej-powerplus-powdp75100-aku-rezacka-obkladu-20v-110mm-bez-aku-8777\/#primaryimage","url":"https:\/\/www.koupeltech.com\/wp-content\/uploads\/2026\/SK0023557-CZ20260425-092328-0-1777080210-4480_1.webp","contentUrl":"https:\/\/www.koupeltech.com\/wp-content\/uploads\/2026\/SK0023557-CZ20260425-092328-0-1777080210-4480_1.webp","width":1000,"height":667},{"@type":"BreadcrumbList","@id":"https:\/\/www.koupeltech.com\/index.php\/produkt\/finalni-vyprodej-powerplus-powdp75100-aku-rezacka-obkladu-20v-110mm-bez-aku-8777\/#breadcrumb","itemListElement":[{"@type":"ListItem","position":1,"name":"Home","item":"https:\/\/www.koupeltech.com\/"},{"@type":"ListItem","position":2,"name":"Products","item":"https:\/\/www.koupeltech.com\/index.php\/products\/"},{"@type":"ListItem","position":3,"name":"Fin\u00e1ln\u00ed V\u00fdprodej POWERPLUS POWDP75100 Aku \u0159eza\u010dka obklad\u016f 20V 110mm (bez AKU)"}]},{"@type":"WebSite","@id":"https:\/\/www.koupeltech.com\/#website","url":"https:\/\/www.koupeltech.com\/","name":"","description":"","potentialAction":[{"@type":"SearchAction","target":{"@type":"EntryPoint","urlTemplate":"https:\/\/www.koupeltech.com\/?s={search_term_string}"},"query-input":{"@type":"PropertyValueSpecification","valueRequired":true,"valueName":"search_term_string"}}],"inLanguage":"cs"}]}},"_links":{"self":[{"href":"https:\/\/www.koupeltech.com\/index.php\/wp-json\/wp\/v2\/product\/8777","targetHints":{"allow":["GET"]}}],"collection":[{"href":"https:\/\/www.koupeltech.com\/index.php\/wp-json\/wp\/v2\/product"}],"about":[{"href":"https:\/\/www.koupeltech.com\/index.php\/wp-json\/wp\/v2\/types\/product"}],"replies":[{"embeddable":true,"href":"https:\/\/www.koupeltech.com\/index.php\/wp-json\/wp\/v2\/comments?post=8777"}],"wp:featuredmedia":[{"embeddable":true,"href":"https:\/\/www.koupeltech.com\/index.php\/wp-json\/wp\/v2\/media\/8877"}],"wp:attachment":[{"href":"https:\/\/www.koupeltech.com\/index.php\/wp-json\/wp\/v2\/media?parent=8777"}],"wp:term":[{"taxonomy":"product_brand","embeddable":true,"href":"https:\/\/www.koupeltech.com\/index.php\/wp-json\/wp\/v2\/product_brand?post=8777"},{"taxonomy":"product_cat","embeddable":true,"href":"https:\/\/www.koupeltech.com\/index.php\/wp-json\/wp\/v2\/product_cat?post=8777"},{"taxonomy":"product_tag","embeddable":true,"href":"https:\/\/www.koupeltech.com\/index.php\/wp-json\/wp\/v2\/product_tag?post=8777"}],"curies":[{"name":"wp","href":"https:\/\/api.w.org\/{rel}","templated":true}]}}