{"id":8900,"date":"2026-04-27T13:57:08","date_gmt":"2026-04-27T13:57:08","guid":{"rendered":""},"modified":"2026-04-27T13:57:08","modified_gmt":"2026-04-27T13:57:08","slug":"top-prodej-powerplus-powxg90416-elektricka-tlakova-mycka-2-000w-160bar-8900","status":"publish","type":"product","link":"https:\/\/www.koupeltech.com\/index.php\/produkt\/top-prodej-powerplus-powxg90416-elektricka-tlakova-mycka-2-000w-160bar-8900\/","title":{"rendered":"Top Prodej POWERPLUS POWXG90416 Elektrick\u00e1 tlakov\u00e1 my\u010dka 2.000W 160bar"},"content":{"rendered":"<table>\n<div class=\"tab-pane active product-description\" id=\"popis\" role=\"tabpanel\">\n<div class=\"short-description\" itemprop=\"description\"><\/div>\n<div class=\"description\"><span class='bullet-line'>Motor s v\u00fdkonem 2 000 W, pr\u016ftokem a\u017e 450 litr\u016f za hodinu a maxim\u00e1ln\u00edm tlakem 160 bar\u016f. <br \/><\/span><span class='bullet-line'>Tato tlakov\u00e1 my\u010dka Powerplus POWXG90416 nab\u00edz\u00ed dostatek energie k dokon\u010den\u00ed ka\u017ed\u00e9 pr\u00e1ce, jako jsou \u010di\u0161t\u011bn\u00ed: stroj\u016f, vozidel, konstrukc\u00ed, n\u00e1stroj\u016f, fas\u00e1d, teras, zahradnick\u00e9ho n\u00e1\u010din\u00ed,\u2026 . <br \/><\/span><span class='bullet-line'>Jeho 5 m dlouh\u00fd el. kabel a 8 m vodn\u00ed hadice nab\u00edzej\u00ed pot\u0159ebnou flexibilitu a roz\u0161\u00ed\u0159en\u00fd rozsah pohybu. <br \/><\/span><span class='bullet-line'>Tlakov\u00e1 my\u010dka je vybavena navij\u00e1kem na hadici a dr\u017e\u00e1kem na kabel, tak\u017ee se nikdy nemohou zamotat. <br \/><\/span><span class='bullet-line'>Se syst\u00e9mem automatick\u00e9ho start-stop, kter\u00fd umo\u017e\u0148uje motor b\u011b\u017eet pouze p\u0159i stisknut\u00ed spou\u0161t\u011b, pom\u00e1h\u00e1 POWXG90416 \u0161et\u0159it vodu a elekt\u0159inu. <br \/><\/span><span class='bullet-line'>D\u00edky dod\u00e1van\u00e9mu p\u0159\u00edslu\u0161enstv\u00ed lze tlakovou my\u010dku pou\u017e\u00edt k \u010di\u0161t\u011bn\u00ed teras, odstra\u0148ov\u00e1n\u00ed odoln\u00fdch ne\u010distot a odstra\u0148ov\u00e1n\u00ed ucpan\u00fdch trubek. <br \/><\/span><span class='bullet-line'>S integrovanou 850ml n\u00e1dr\u017ekou na \u010distic\u00ed prost\u0159edek s automatick\u00fdm s\u00e1n\u00edm, dosahuje tlakov\u00e1 my\u010dka je\u0161t\u011b lep\u0161\u00edch v\u00fdsledk\u016f \u010di\u0161t\u011bn\u00ed. <br \/><\/span><span class='bullet-line'>D\u00edky praktick\u00fdm kole\u010dk\u016fm a rukojeti je snadno p\u0159epravovateln\u00fdm strojem. <br \/><\/span><span class='bullet-line'>Tlakov\u00e1 my\u010dka je dod\u00e1v\u00e1na s nastavitelnou tryskou, pevn\u00fdm kart\u00e1\u010dem, \u010disti\u010dem terasy, turbo tryskou a nastavitelnou tryskou.<br \/><\/span><br \/>\u25ba VLASTNOSTI<span class='bullet-line'>Auto start \/ stop syst\u00e9m<br \/><\/span><span class='bullet-line'>Sk\u0159\u00ed\u0148 \u010derpadla z hlin\u00edku<br \/><\/span><span class='bullet-line'>Navij\u00e1k na hadici<br \/><\/span><span class='bullet-line'>Zabudovan\u00e1 n\u00e1dr\u017eka na sapon\u00e1t 850ml<br \/><\/span><span class='bullet-line'>P\u0159epravn\u00ed madlo<br \/><\/span><span class='bullet-line'>P\u0159epravn\u00ed kola<br \/><\/span><span class='bullet-line'>Jednoduch\u00e1 manipulace<br \/><\/span><span class='bullet-line'>N\u00edzk\u00e1 hmotnost<br \/><\/span><span class='bullet-line'>Bohat\u00e9 p\u0159\u00edslu\u0161enstv\u00ed<br \/><\/span><br \/>\u25ba BALEN\u00cd OBSAHUJE<span class='bullet-line'>1x tlakov\u00e1 my\u010dka<br \/><\/span><span class='bullet-line'>1x tlakov\u00e1 pistole<br \/><\/span><span class='bullet-line'>1x prodlou\u017een\u00e1 post\u0159ikov\u00e1 trubka pro pistoli<br \/><\/span><span class='bullet-line'>1x nastaviteln\u00e1 tryska<br \/><\/span><span class='bullet-line'>1x turbo tryska<br \/><\/span><span class='bullet-line'>1x \u010disti\u010d na terasy<br \/><\/span><span class='bullet-line'>1x \u010dist\u00edc\u00ed kart\u00e1\u010d<br \/><\/span><span class='bullet-line'>1x spojka p\u0159\u00edvodu vody<br \/><\/span><span class='bullet-line'>1x vestav\u011bn\u00e1 n\u00e1dr\u017eka na sapon\u00e1t<br \/><\/span><span class='bullet-line'>1x \u010distic\u00ed jehla<br \/><\/span><span class='bullet-line'>1x tlakov\u00e1 hadice 8m<\/span><\/div>\n<div class=\"parameters\">\n<tr>\n<td>Nap\u011bt\u00ed 220 &#8211; 240V \/ 50Hz<\/td>\n<td><\/td>\n<\/tr>\n<tr>\n<td>P\u0159\u00edkon 2.000 W<\/td>\n<td><\/td>\n<\/tr>\n<tr>\n<td>Max. tlak 160 bar<\/td>\n<td><\/td>\n<\/tr>\n<tr>\n<td>Pr\u016ftok 450 l\/h<\/td>\n<td><\/td>\n<\/tr>\n<tr>\n<td>Max. teplota vody 50 \u00b0C<\/td>\n<td><\/td>\n<\/tr>\n<tr>\n<td>D\u00e9lka hadice 8 m<\/td>\n<td><\/td>\n<\/tr>\n<tr>\n<td>D\u00e9lka el. kabelu 5 m<\/td>\n<td><\/td>\n<\/tr>\n<tr>\n<td>Hmotnost 9,5 kg<\/td>\n<td><\/td>\n<\/tr><\/div>\n<\/table>\n","protected":false},"excerpt":{"rendered":"<p>Motor s v\u00fdkonem 2 000 W, pr\u016ftokem a\u017e 450 litr\u016f za hodinu a maxim\u00e1ln\u00edm tlakem 160 bar\u016f. Tato tlakov\u00e1 my\u010dka Powerplus POWXG90416 nab\u00edz\u00ed dostatek energie k dokon\u010den\u00ed ka\u017ed\u00e9 pr\u00e1ce, jako jsou \u010di\u0161t\u011bn\u00ed: stroj\u016f, vozidel, konstrukc\u00ed, n\u00e1stroj\u016f, fas\u00e1d, teras, zahradnick\u00e9ho n\u00e1\u010din\u00ed,\u2026 . Jeho 5 m dlouh\u00fd el. kabel a 8 m vodn\u00ed hadice nab\u00edzej\u00ed pot\u0159ebnou flexibilitu [&hellip;]<\/p>\n","protected":false},"featured_media":9000,"comment_status":"open","ping_status":"open","template":"","meta":[],"product_brand":[],"product_cat":[49],"product_tag":[],"class_list":{"0":"post-8900","1":"product","2":"type-product","3":"status-publish","4":"has-post-thumbnail","6":"product_cat-cistici-technika","8":"first","9":"instock","10":"sale","11":"shipping-taxable","12":"purchasable","13":"product-type-simple"},"yoast_head":"<!-- This site is optimized with the Yoast SEO plugin v26.8 - https:\/\/yoast.com\/product\/yoast-seo-wordpress\/ -->\n<title>Top Prodej POWERPLUS POWXG90416 Elektrick\u00e1 tlakov\u00e1 my\u010dka 2.000W 160bar -<\/title>\n<meta name=\"robots\" content=\"index, follow, max-snippet:-1, max-image-preview:large, max-video-preview:-1\" \/>\n<link rel=\"canonical\" href=\"https:\/\/www.koupeltech.com\/index.php\/produkt\/top-prodej-powerplus-powxg90416-elektricka-tlakova-mycka-2-000w-160bar-8900\/\" \/>\n<meta property=\"og:locale\" content=\"cs_CZ\" \/>\n<meta property=\"og:type\" content=\"article\" \/>\n<meta property=\"og:title\" content=\"Top Prodej POWERPLUS POWXG90416 Elektrick\u00e1 tlakov\u00e1 my\u010dka 2.000W 160bar -\" \/>\n<meta property=\"og:description\" content=\"Motor s v\u00fdkonem 2 000 W, pr\u016ftokem a\u017e 450 litr\u016f za hodinu a maxim\u00e1ln\u00edm tlakem 160 bar\u016f. Tato tlakov\u00e1 my\u010dka Powerplus POWXG90416 nab\u00edz\u00ed dostatek energie k dokon\u010den\u00ed ka\u017ed\u00e9 pr\u00e1ce, jako jsou \u010di\u0161t\u011bn\u00ed: stroj\u016f, vozidel, konstrukc\u00ed, n\u00e1stroj\u016f, fas\u00e1d, teras, zahradnick\u00e9ho n\u00e1\u010din\u00ed,\u2026 . Jeho 5 m dlouh\u00fd el. kabel a 8 m vodn\u00ed hadice nab\u00edzej\u00ed pot\u0159ebnou flexibilitu [&hellip;]\" \/>\n<meta property=\"og:url\" content=\"https:\/\/www.koupeltech.com\/index.php\/produkt\/top-prodej-powerplus-powxg90416-elektricka-tlakova-mycka-2-000w-160bar-8900\/\" \/>\n<meta property=\"og:image\" content=\"https:\/\/www.koupeltech.com\/wp-content\/uploads\/2026\/SK0023580-CZ20260425-092328-0-1777080210-4475_1.webp\" \/>\n\t<meta property=\"og:image:width\" content=\"1000\" \/>\n\t<meta property=\"og:image:height\" content=\"790\" \/>\n\t<meta property=\"og:image:type\" content=\"image\/webp\" \/>\n<meta name=\"twitter:card\" content=\"summary_large_image\" \/>\n<meta name=\"twitter:label1\" content=\"Odhadovan\u00e1 doba \u010dten\u00ed\" \/>\n\t<meta name=\"twitter:data1\" content=\"2 minuty\" \/>\n<script type=\"application\/ld+json\" class=\"yoast-schema-graph\">{\"@context\":\"https:\/\/schema.org\",\"@graph\":[{\"@type\":\"WebPage\",\"@id\":\"https:\/\/www.koupeltech.com\/index.php\/produkt\/top-prodej-powerplus-powxg90416-elektricka-tlakova-mycka-2-000w-160bar-8900\/\",\"url\":\"https:\/\/www.koupeltech.com\/index.php\/produkt\/top-prodej-powerplus-powxg90416-elektricka-tlakova-mycka-2-000w-160bar-8900\/\",\"name\":\"Top Prodej POWERPLUS POWXG90416 Elektrick\u00e1 tlakov\u00e1 my\u010dka 2.000W 160bar -\",\"isPartOf\":{\"@id\":\"https:\/\/www.koupeltech.com\/#website\"},\"primaryImageOfPage\":{\"@id\":\"https:\/\/www.koupeltech.com\/index.php\/produkt\/top-prodej-powerplus-powxg90416-elektricka-tlakova-mycka-2-000w-160bar-8900\/#primaryimage\"},\"image\":{\"@id\":\"https:\/\/www.koupeltech.com\/index.php\/produkt\/top-prodej-powerplus-powxg90416-elektricka-tlakova-mycka-2-000w-160bar-8900\/#primaryimage\"},\"thumbnailUrl\":\"https:\/\/www.koupeltech.com\/wp-content\/uploads\/2026\/SK0023580-CZ20260425-092328-0-1777080210-4475_1.webp\",\"datePublished\":\"2026-04-27T13:57:08+00:00\",\"breadcrumb\":{\"@id\":\"https:\/\/www.koupeltech.com\/index.php\/produkt\/top-prodej-powerplus-powxg90416-elektricka-tlakova-mycka-2-000w-160bar-8900\/#breadcrumb\"},\"inLanguage\":\"cs\",\"potentialAction\":[{\"@type\":\"ReadAction\",\"target\":[\"https:\/\/www.koupeltech.com\/index.php\/produkt\/top-prodej-powerplus-powxg90416-elektricka-tlakova-mycka-2-000w-160bar-8900\/\"]}]},{\"@type\":\"ImageObject\",\"inLanguage\":\"cs\",\"@id\":\"https:\/\/www.koupeltech.com\/index.php\/produkt\/top-prodej-powerplus-powxg90416-elektricka-tlakova-mycka-2-000w-160bar-8900\/#primaryimage\",\"url\":\"https:\/\/www.koupeltech.com\/wp-content\/uploads\/2026\/SK0023580-CZ20260425-092328-0-1777080210-4475_1.webp\",\"contentUrl\":\"https:\/\/www.koupeltech.com\/wp-content\/uploads\/2026\/SK0023580-CZ20260425-092328-0-1777080210-4475_1.webp\",\"width\":1000,\"height\":790},{\"@type\":\"BreadcrumbList\",\"@id\":\"https:\/\/www.koupeltech.com\/index.php\/produkt\/top-prodej-powerplus-powxg90416-elektricka-tlakova-mycka-2-000w-160bar-8900\/#breadcrumb\",\"itemListElement\":[{\"@type\":\"ListItem\",\"position\":1,\"name\":\"Home\",\"item\":\"https:\/\/www.koupeltech.com\/\"},{\"@type\":\"ListItem\",\"position\":2,\"name\":\"Products\",\"item\":\"https:\/\/www.koupeltech.com\/index.php\/products\/\"},{\"@type\":\"ListItem\",\"position\":3,\"name\":\"Top Prodej POWERPLUS POWXG90416 Elektrick\u00e1 tlakov\u00e1 my\u010dka 2.000W 160bar\"}]},{\"@type\":\"WebSite\",\"@id\":\"https:\/\/www.koupeltech.com\/#website\",\"url\":\"https:\/\/www.koupeltech.com\/\",\"name\":\"\",\"description\":\"\",\"potentialAction\":[{\"@type\":\"SearchAction\",\"target\":{\"@type\":\"EntryPoint\",\"urlTemplate\":\"https:\/\/www.koupeltech.com\/?s={search_term_string}\"},\"query-input\":{\"@type\":\"PropertyValueSpecification\",\"valueRequired\":true,\"valueName\":\"search_term_string\"}}],\"inLanguage\":\"cs\"}]}<\/script>\n<!-- \/ Yoast SEO plugin. -->","yoast_head_json":{"title":"Top Prodej POWERPLUS POWXG90416 Elektrick\u00e1 tlakov\u00e1 my\u010dka 2.000W 160bar -","robots":{"index":"index","follow":"follow","max-snippet":"max-snippet:-1","max-image-preview":"max-image-preview:large","max-video-preview":"max-video-preview:-1"},"canonical":"https:\/\/www.koupeltech.com\/index.php\/produkt\/top-prodej-powerplus-powxg90416-elektricka-tlakova-mycka-2-000w-160bar-8900\/","og_locale":"cs_CZ","og_type":"article","og_title":"Top Prodej POWERPLUS POWXG90416 Elektrick\u00e1 tlakov\u00e1 my\u010dka 2.000W 160bar -","og_description":"Motor s v\u00fdkonem 2 000 W, pr\u016ftokem a\u017e 450 litr\u016f za hodinu a maxim\u00e1ln\u00edm tlakem 160 bar\u016f. Tato tlakov\u00e1 my\u010dka Powerplus POWXG90416 nab\u00edz\u00ed dostatek energie k dokon\u010den\u00ed ka\u017ed\u00e9 pr\u00e1ce, jako jsou \u010di\u0161t\u011bn\u00ed: stroj\u016f, vozidel, konstrukc\u00ed, n\u00e1stroj\u016f, fas\u00e1d, teras, zahradnick\u00e9ho n\u00e1\u010din\u00ed,\u2026 . Jeho 5 m dlouh\u00fd el. kabel a 8 m vodn\u00ed hadice nab\u00edzej\u00ed pot\u0159ebnou flexibilitu [&hellip;]","og_url":"https:\/\/www.koupeltech.com\/index.php\/produkt\/top-prodej-powerplus-powxg90416-elektricka-tlakova-mycka-2-000w-160bar-8900\/","og_image":[{"width":1000,"height":790,"url":"https:\/\/www.koupeltech.com\/wp-content\/uploads\/2026\/SK0023580-CZ20260425-092328-0-1777080210-4475_1.webp","type":"image\/webp"}],"twitter_card":"summary_large_image","twitter_misc":{"Odhadovan\u00e1 doba \u010dten\u00ed":"2 minuty"},"schema":{"@context":"https:\/\/schema.org","@graph":[{"@type":"WebPage","@id":"https:\/\/www.koupeltech.com\/index.php\/produkt\/top-prodej-powerplus-powxg90416-elektricka-tlakova-mycka-2-000w-160bar-8900\/","url":"https:\/\/www.koupeltech.com\/index.php\/produkt\/top-prodej-powerplus-powxg90416-elektricka-tlakova-mycka-2-000w-160bar-8900\/","name":"Top Prodej POWERPLUS POWXG90416 Elektrick\u00e1 tlakov\u00e1 my\u010dka 2.000W 160bar -","isPartOf":{"@id":"https:\/\/www.koupeltech.com\/#website"},"primaryImageOfPage":{"@id":"https:\/\/www.koupeltech.com\/index.php\/produkt\/top-prodej-powerplus-powxg90416-elektricka-tlakova-mycka-2-000w-160bar-8900\/#primaryimage"},"image":{"@id":"https:\/\/www.koupeltech.com\/index.php\/produkt\/top-prodej-powerplus-powxg90416-elektricka-tlakova-mycka-2-000w-160bar-8900\/#primaryimage"},"thumbnailUrl":"https:\/\/www.koupeltech.com\/wp-content\/uploads\/2026\/SK0023580-CZ20260425-092328-0-1777080210-4475_1.webp","datePublished":"2026-04-27T13:57:08+00:00","breadcrumb":{"@id":"https:\/\/www.koupeltech.com\/index.php\/produkt\/top-prodej-powerplus-powxg90416-elektricka-tlakova-mycka-2-000w-160bar-8900\/#breadcrumb"},"inLanguage":"cs","potentialAction":[{"@type":"ReadAction","target":["https:\/\/www.koupeltech.com\/index.php\/produkt\/top-prodej-powerplus-powxg90416-elektricka-tlakova-mycka-2-000w-160bar-8900\/"]}]},{"@type":"ImageObject","inLanguage":"cs","@id":"https:\/\/www.koupeltech.com\/index.php\/produkt\/top-prodej-powerplus-powxg90416-elektricka-tlakova-mycka-2-000w-160bar-8900\/#primaryimage","url":"https:\/\/www.koupeltech.com\/wp-content\/uploads\/2026\/SK0023580-CZ20260425-092328-0-1777080210-4475_1.webp","contentUrl":"https:\/\/www.koupeltech.com\/wp-content\/uploads\/2026\/SK0023580-CZ20260425-092328-0-1777080210-4475_1.webp","width":1000,"height":790},{"@type":"BreadcrumbList","@id":"https:\/\/www.koupeltech.com\/index.php\/produkt\/top-prodej-powerplus-powxg90416-elektricka-tlakova-mycka-2-000w-160bar-8900\/#breadcrumb","itemListElement":[{"@type":"ListItem","position":1,"name":"Home","item":"https:\/\/www.koupeltech.com\/"},{"@type":"ListItem","position":2,"name":"Products","item":"https:\/\/www.koupeltech.com\/index.php\/products\/"},{"@type":"ListItem","position":3,"name":"Top Prodej POWERPLUS POWXG90416 Elektrick\u00e1 tlakov\u00e1 my\u010dka 2.000W 160bar"}]},{"@type":"WebSite","@id":"https:\/\/www.koupeltech.com\/#website","url":"https:\/\/www.koupeltech.com\/","name":"","description":"","potentialAction":[{"@type":"SearchAction","target":{"@type":"EntryPoint","urlTemplate":"https:\/\/www.koupeltech.com\/?s={search_term_string}"},"query-input":{"@type":"PropertyValueSpecification","valueRequired":true,"valueName":"search_term_string"}}],"inLanguage":"cs"}]}},"_links":{"self":[{"href":"https:\/\/www.koupeltech.com\/index.php\/wp-json\/wp\/v2\/product\/8900","targetHints":{"allow":["GET"]}}],"collection":[{"href":"https:\/\/www.koupeltech.com\/index.php\/wp-json\/wp\/v2\/product"}],"about":[{"href":"https:\/\/www.koupeltech.com\/index.php\/wp-json\/wp\/v2\/types\/product"}],"replies":[{"embeddable":true,"href":"https:\/\/www.koupeltech.com\/index.php\/wp-json\/wp\/v2\/comments?post=8900"}],"wp:featuredmedia":[{"embeddable":true,"href":"https:\/\/www.koupeltech.com\/index.php\/wp-json\/wp\/v2\/media\/9000"}],"wp:attachment":[{"href":"https:\/\/www.koupeltech.com\/index.php\/wp-json\/wp\/v2\/media?parent=8900"}],"wp:term":[{"taxonomy":"product_brand","embeddable":true,"href":"https:\/\/www.koupeltech.com\/index.php\/wp-json\/wp\/v2\/product_brand?post=8900"},{"taxonomy":"product_cat","embeddable":true,"href":"https:\/\/www.koupeltech.com\/index.php\/wp-json\/wp\/v2\/product_cat?post=8900"},{"taxonomy":"product_tag","embeddable":true,"href":"https:\/\/www.koupeltech.com\/index.php\/wp-json\/wp\/v2\/product_tag?post=8900"}],"curies":[{"name":"wp","href":"https:\/\/api.w.org\/{rel}","templated":true}]}}