{"id":8962,"date":"2026-04-27T13:57:08","date_gmt":"2026-04-27T13:57:08","guid":{"rendered":""},"modified":"2026-04-27T13:57:08","modified_gmt":"2026-04-27T13:57:08","slug":"zlevneny-makita-dun461wz-aku-plotostrih-li-ion-lxt-18v-bez-aku-z-8962","status":"publish","type":"product","link":"https:\/\/www.koupeltech.com\/index.php\/produkt\/zlevneny-makita-dun461wz-aku-plotostrih-li-ion-lxt-18v-bez-aku-z-8962\/","title":{"rendered":"Zlevn\u011bn\u00fd Makita DUN461WZ Aku plotost\u0159ih Li-ion LXT 18V,bez aku Z"},"content":{"rendered":"<table>\n<div class=\"tab-pane active product-description\" id=\"popis\" role=\"tabpanel\">\n<div class=\"short-description\" itemprop=\"description\"><\/div>\n<div class=\"description\">\n<p><span class=\"bullet-line\">Aku polotost\u0159ih s akumul\u00e1torem Li-ion 18V a mo\u017enost\u00ed nastaven\u00ed sklonu li\u0161ty<\/span><br \/><span class=\"bullet-line\">Teleskopick\u00e1 h\u0159\u00eddel umo\u017e\u0148uje bezn\u00e1strojovou zm\u011bnu d\u00e9lky 1885 &#8211; 2511 mm<\/span><br \/><span class=\"bullet-line\">Technologie XPT umo\u017e\u0148uj\u00edc\u00ed pou\u017eit\u00ed stroje v prost\u0159ed\u00ed se zv\u00fd\u0161enou pra\u0161nost\u00ed nebo vlhkost\u00ed<\/span><br \/><span class=\"bullet-line\">N\u00edzk\u00e1 hmotnost, kompaktn\u00ed tvar<\/span><br \/><span class=\"bullet-line\">Vysok\u00fd v\u00fdkon s n\u00edzk\u00fdm hlukem a vibracemi<\/span><br \/><span class=\"bullet-line\">Maxim\u00e1ln\u00ed pr\u016fm\u011br v\u011btve 18mm<\/span><br \/><span class=\"bullet-line\">Mo\u017enost nastven\u00ed polohy rukojeti pro pohodlnou pr\u00e1ci<\/span><br \/><span class=\"bullet-line\">Oboustrann\u011b brou\u0161en\u00e9 no\u017ee pro spolehliv\u00fd a rychl\u00fd \u0159ez<\/span><br \/><span class=\"bullet-line\">Mo\u017enost nastaven\u00ed \u00fahlu li\u0161ty do 10 r\u016fzn\u00fdch poloh po 15\u00b0<\/span><br \/><span class=\"bullet-line\">Elektronick\u00fd vyp\u00edna\u010d s mo\u017enost\u00ed aretace na st\u00e1l\u00fd chod<\/span><br \/><span class=\"bullet-line\">Mo\u017enost uchycen\u00ed lap\u00faa\u010de od\u0159ezk\u016f<\/span><br \/><span class=\"bullet-line\">Dod\u00e1vka bez akumul\u00e1tor\u016f a nab\u00edje\u010dky.<\/span><\/p>\n<p>\u25ba P\u0159\u00edslu\u0161enstv\u00ed<span class=\"bullet-line\">Li\u0161ta (191P00-8)<\/span><br \/><span class=\"bullet-line\">Kryt li\u0161ty (413720-1)<\/span><\/p>\n<\/div>\n<div class=\"parameters\">\n<tr>\n<td>Akumul\u00e1tor<\/td>\n<td>Li-ion 18V<\/td>\n<\/tr>\n<tr>\n<td>Ot\u00e1\u010dky napr\u00e1zdno<\/td>\n<td>3600 min-1<\/td>\n<\/tr>\n<tr>\n<td>Max. tlou\u0161\u0165ka v\u011btve<\/td>\n<td>18 mm<\/td>\n<\/tr>\n<tr>\n<td>Hmotnost<\/td>\n<td>2,6 \/ 3,3 kg<\/td>\n<\/tr>\n<tr>\n<td>Rozm\u011bry (Dx\u0160xV)<\/td>\n<td>1.889-2.511x87x134 mm<\/td>\n<\/tr><\/div>\n<\/table>\n","protected":false},"excerpt":{"rendered":"<p>Aku polotost\u0159ih s akumul\u00e1torem Li-ion 18V a mo\u017enost\u00ed nastaven\u00ed sklonu li\u0161tyTeleskopick\u00e1 h\u0159\u00eddel umo\u017e\u0148uje bezn\u00e1strojovou zm\u011bnu d\u00e9lky 1885 &#8211; 2511 mmTechnologie XPT umo\u017e\u0148uj\u00edc\u00ed pou\u017eit\u00ed stroje v prost\u0159ed\u00ed se zv\u00fd\u0161enou pra\u0161nost\u00ed nebo vlhkost\u00edN\u00edzk\u00e1 hmotnost, kompaktn\u00ed tvarVysok\u00fd v\u00fdkon s n\u00edzk\u00fdm hlukem a vibracemiMaxim\u00e1ln\u00ed pr\u016fm\u011br v\u011btve 18mmMo\u017enost nastven\u00ed polohy rukojeti pro pohodlnou pr\u00e1ciOboustrann\u011b brou\u0161en\u00e9 no\u017ee pro spolehliv\u00fd a rychl\u00fd [&hellip;]<\/p>\n","protected":false},"featured_media":9062,"comment_status":"open","ping_status":"open","template":"","meta":[],"product_brand":[],"product_cat":[44],"product_tag":[],"class_list":{"0":"post-8962","1":"product","2":"type-product","3":"status-publish","4":"has-post-thumbnail","6":"product_cat-zahrada","8":"first","9":"instock","10":"sale","11":"shipping-taxable","12":"purchasable","13":"product-type-simple"},"yoast_head":"<!-- This site is optimized with the Yoast SEO plugin v26.8 - https:\/\/yoast.com\/product\/yoast-seo-wordpress\/ -->\n<title>Zlevn\u011bn\u00fd Makita DUN461WZ Aku plotost\u0159ih Li-ion LXT 18V,bez aku Z -<\/title>\n<meta name=\"robots\" content=\"index, follow, max-snippet:-1, max-image-preview:large, max-video-preview:-1\" \/>\n<link rel=\"canonical\" href=\"https:\/\/www.koupeltech.com\/index.php\/produkt\/zlevneny-makita-dun461wz-aku-plotostrih-li-ion-lxt-18v-bez-aku-z-8962\/\" \/>\n<meta property=\"og:locale\" content=\"cs_CZ\" \/>\n<meta property=\"og:type\" content=\"article\" \/>\n<meta property=\"og:title\" content=\"Zlevn\u011bn\u00fd Makita DUN461WZ Aku plotost\u0159ih Li-ion LXT 18V,bez aku Z -\" \/>\n<meta property=\"og:description\" content=\"Aku polotost\u0159ih s akumul\u00e1torem Li-ion 18V a mo\u017enost\u00ed nastaven\u00ed sklonu li\u0161tyTeleskopick\u00e1 h\u0159\u00eddel umo\u017e\u0148uje bezn\u00e1strojovou zm\u011bnu d\u00e9lky 1885 &#8211; 2511 mmTechnologie XPT umo\u017e\u0148uj\u00edc\u00ed pou\u017eit\u00ed stroje v prost\u0159ed\u00ed se zv\u00fd\u0161enou pra\u0161nost\u00ed nebo vlhkost\u00edN\u00edzk\u00e1 hmotnost, kompaktn\u00ed tvarVysok\u00fd v\u00fdkon s n\u00edzk\u00fdm hlukem a vibracemiMaxim\u00e1ln\u00ed pr\u016fm\u011br v\u011btve 18mmMo\u017enost nastven\u00ed polohy rukojeti pro pohodlnou pr\u00e1ciOboustrann\u011b brou\u0161en\u00e9 no\u017ee pro spolehliv\u00fd a rychl\u00fd [&hellip;]\" \/>\n<meta property=\"og:url\" content=\"https:\/\/www.koupeltech.com\/index.php\/produkt\/zlevneny-makita-dun461wz-aku-plotostrih-li-ion-lxt-18v-bez-aku-z-8962\/\" \/>\n<meta property=\"og:image\" content=\"https:\/\/www.koupeltech.com\/wp-content\/uploads\/2026\/SK0023642-CZ20260425-092328-0-1777080210-dun461wz_c1l0.webp\" \/>\n\t<meta property=\"og:image:width\" content=\"900\" \/>\n\t<meta property=\"og:image:height\" content=\"800\" \/>\n\t<meta property=\"og:image:type\" content=\"image\/webp\" \/>\n<meta name=\"twitter:card\" content=\"summary_large_image\" \/>\n<meta name=\"twitter:label1\" content=\"Odhadovan\u00e1 doba \u010dten\u00ed\" \/>\n\t<meta name=\"twitter:data1\" content=\"1 minuta\" \/>\n<script type=\"application\/ld+json\" class=\"yoast-schema-graph\">{\"@context\":\"https:\/\/schema.org\",\"@graph\":[{\"@type\":\"WebPage\",\"@id\":\"https:\/\/www.koupeltech.com\/index.php\/produkt\/zlevneny-makita-dun461wz-aku-plotostrih-li-ion-lxt-18v-bez-aku-z-8962\/\",\"url\":\"https:\/\/www.koupeltech.com\/index.php\/produkt\/zlevneny-makita-dun461wz-aku-plotostrih-li-ion-lxt-18v-bez-aku-z-8962\/\",\"name\":\"Zlevn\u011bn\u00fd Makita DUN461WZ Aku plotost\u0159ih Li-ion LXT 18V,bez aku Z -\",\"isPartOf\":{\"@id\":\"https:\/\/www.koupeltech.com\/#website\"},\"primaryImageOfPage\":{\"@id\":\"https:\/\/www.koupeltech.com\/index.php\/produkt\/zlevneny-makita-dun461wz-aku-plotostrih-li-ion-lxt-18v-bez-aku-z-8962\/#primaryimage\"},\"image\":{\"@id\":\"https:\/\/www.koupeltech.com\/index.php\/produkt\/zlevneny-makita-dun461wz-aku-plotostrih-li-ion-lxt-18v-bez-aku-z-8962\/#primaryimage\"},\"thumbnailUrl\":\"https:\/\/www.koupeltech.com\/wp-content\/uploads\/2026\/SK0023642-CZ20260425-092328-0-1777080210-dun461wz_c1l0.webp\",\"datePublished\":\"2026-04-27T13:57:08+00:00\",\"breadcrumb\":{\"@id\":\"https:\/\/www.koupeltech.com\/index.php\/produkt\/zlevneny-makita-dun461wz-aku-plotostrih-li-ion-lxt-18v-bez-aku-z-8962\/#breadcrumb\"},\"inLanguage\":\"cs\",\"potentialAction\":[{\"@type\":\"ReadAction\",\"target\":[\"https:\/\/www.koupeltech.com\/index.php\/produkt\/zlevneny-makita-dun461wz-aku-plotostrih-li-ion-lxt-18v-bez-aku-z-8962\/\"]}]},{\"@type\":\"ImageObject\",\"inLanguage\":\"cs\",\"@id\":\"https:\/\/www.koupeltech.com\/index.php\/produkt\/zlevneny-makita-dun461wz-aku-plotostrih-li-ion-lxt-18v-bez-aku-z-8962\/#primaryimage\",\"url\":\"https:\/\/www.koupeltech.com\/wp-content\/uploads\/2026\/SK0023642-CZ20260425-092328-0-1777080210-dun461wz_c1l0.webp\",\"contentUrl\":\"https:\/\/www.koupeltech.com\/wp-content\/uploads\/2026\/SK0023642-CZ20260425-092328-0-1777080210-dun461wz_c1l0.webp\",\"width\":900,\"height\":800},{\"@type\":\"BreadcrumbList\",\"@id\":\"https:\/\/www.koupeltech.com\/index.php\/produkt\/zlevneny-makita-dun461wz-aku-plotostrih-li-ion-lxt-18v-bez-aku-z-8962\/#breadcrumb\",\"itemListElement\":[{\"@type\":\"ListItem\",\"position\":1,\"name\":\"Home\",\"item\":\"https:\/\/www.koupeltech.com\/\"},{\"@type\":\"ListItem\",\"position\":2,\"name\":\"Products\",\"item\":\"https:\/\/www.koupeltech.com\/index.php\/products\/\"},{\"@type\":\"ListItem\",\"position\":3,\"name\":\"Zlevn\u011bn\u00fd Makita DUN461WZ Aku plotost\u0159ih Li-ion LXT 18V,bez aku Z\"}]},{\"@type\":\"WebSite\",\"@id\":\"https:\/\/www.koupeltech.com\/#website\",\"url\":\"https:\/\/www.koupeltech.com\/\",\"name\":\"\",\"description\":\"\",\"potentialAction\":[{\"@type\":\"SearchAction\",\"target\":{\"@type\":\"EntryPoint\",\"urlTemplate\":\"https:\/\/www.koupeltech.com\/?s={search_term_string}\"},\"query-input\":{\"@type\":\"PropertyValueSpecification\",\"valueRequired\":true,\"valueName\":\"search_term_string\"}}],\"inLanguage\":\"cs\"}]}<\/script>\n<!-- \/ Yoast SEO plugin. -->","yoast_head_json":{"title":"Zlevn\u011bn\u00fd Makita DUN461WZ Aku plotost\u0159ih Li-ion LXT 18V,bez aku Z -","robots":{"index":"index","follow":"follow","max-snippet":"max-snippet:-1","max-image-preview":"max-image-preview:large","max-video-preview":"max-video-preview:-1"},"canonical":"https:\/\/www.koupeltech.com\/index.php\/produkt\/zlevneny-makita-dun461wz-aku-plotostrih-li-ion-lxt-18v-bez-aku-z-8962\/","og_locale":"cs_CZ","og_type":"article","og_title":"Zlevn\u011bn\u00fd Makita DUN461WZ Aku plotost\u0159ih Li-ion LXT 18V,bez aku Z -","og_description":"Aku polotost\u0159ih s akumul\u00e1torem Li-ion 18V a mo\u017enost\u00ed nastaven\u00ed sklonu li\u0161tyTeleskopick\u00e1 h\u0159\u00eddel umo\u017e\u0148uje bezn\u00e1strojovou zm\u011bnu d\u00e9lky 1885 &#8211; 2511 mmTechnologie XPT umo\u017e\u0148uj\u00edc\u00ed pou\u017eit\u00ed stroje v prost\u0159ed\u00ed se zv\u00fd\u0161enou pra\u0161nost\u00ed nebo vlhkost\u00edN\u00edzk\u00e1 hmotnost, kompaktn\u00ed tvarVysok\u00fd v\u00fdkon s n\u00edzk\u00fdm hlukem a vibracemiMaxim\u00e1ln\u00ed pr\u016fm\u011br v\u011btve 18mmMo\u017enost nastven\u00ed polohy rukojeti pro pohodlnou pr\u00e1ciOboustrann\u011b brou\u0161en\u00e9 no\u017ee pro spolehliv\u00fd a rychl\u00fd [&hellip;]","og_url":"https:\/\/www.koupeltech.com\/index.php\/produkt\/zlevneny-makita-dun461wz-aku-plotostrih-li-ion-lxt-18v-bez-aku-z-8962\/","og_image":[{"width":900,"height":800,"url":"https:\/\/www.koupeltech.com\/wp-content\/uploads\/2026\/SK0023642-CZ20260425-092328-0-1777080210-dun461wz_c1l0.webp","type":"image\/webp"}],"twitter_card":"summary_large_image","twitter_misc":{"Odhadovan\u00e1 doba \u010dten\u00ed":"1 minuta"},"schema":{"@context":"https:\/\/schema.org","@graph":[{"@type":"WebPage","@id":"https:\/\/www.koupeltech.com\/index.php\/produkt\/zlevneny-makita-dun461wz-aku-plotostrih-li-ion-lxt-18v-bez-aku-z-8962\/","url":"https:\/\/www.koupeltech.com\/index.php\/produkt\/zlevneny-makita-dun461wz-aku-plotostrih-li-ion-lxt-18v-bez-aku-z-8962\/","name":"Zlevn\u011bn\u00fd Makita DUN461WZ Aku plotost\u0159ih Li-ion LXT 18V,bez aku Z -","isPartOf":{"@id":"https:\/\/www.koupeltech.com\/#website"},"primaryImageOfPage":{"@id":"https:\/\/www.koupeltech.com\/index.php\/produkt\/zlevneny-makita-dun461wz-aku-plotostrih-li-ion-lxt-18v-bez-aku-z-8962\/#primaryimage"},"image":{"@id":"https:\/\/www.koupeltech.com\/index.php\/produkt\/zlevneny-makita-dun461wz-aku-plotostrih-li-ion-lxt-18v-bez-aku-z-8962\/#primaryimage"},"thumbnailUrl":"https:\/\/www.koupeltech.com\/wp-content\/uploads\/2026\/SK0023642-CZ20260425-092328-0-1777080210-dun461wz_c1l0.webp","datePublished":"2026-04-27T13:57:08+00:00","breadcrumb":{"@id":"https:\/\/www.koupeltech.com\/index.php\/produkt\/zlevneny-makita-dun461wz-aku-plotostrih-li-ion-lxt-18v-bez-aku-z-8962\/#breadcrumb"},"inLanguage":"cs","potentialAction":[{"@type":"ReadAction","target":["https:\/\/www.koupeltech.com\/index.php\/produkt\/zlevneny-makita-dun461wz-aku-plotostrih-li-ion-lxt-18v-bez-aku-z-8962\/"]}]},{"@type":"ImageObject","inLanguage":"cs","@id":"https:\/\/www.koupeltech.com\/index.php\/produkt\/zlevneny-makita-dun461wz-aku-plotostrih-li-ion-lxt-18v-bez-aku-z-8962\/#primaryimage","url":"https:\/\/www.koupeltech.com\/wp-content\/uploads\/2026\/SK0023642-CZ20260425-092328-0-1777080210-dun461wz_c1l0.webp","contentUrl":"https:\/\/www.koupeltech.com\/wp-content\/uploads\/2026\/SK0023642-CZ20260425-092328-0-1777080210-dun461wz_c1l0.webp","width":900,"height":800},{"@type":"BreadcrumbList","@id":"https:\/\/www.koupeltech.com\/index.php\/produkt\/zlevneny-makita-dun461wz-aku-plotostrih-li-ion-lxt-18v-bez-aku-z-8962\/#breadcrumb","itemListElement":[{"@type":"ListItem","position":1,"name":"Home","item":"https:\/\/www.koupeltech.com\/"},{"@type":"ListItem","position":2,"name":"Products","item":"https:\/\/www.koupeltech.com\/index.php\/products\/"},{"@type":"ListItem","position":3,"name":"Zlevn\u011bn\u00fd Makita DUN461WZ Aku plotost\u0159ih Li-ion LXT 18V,bez aku Z"}]},{"@type":"WebSite","@id":"https:\/\/www.koupeltech.com\/#website","url":"https:\/\/www.koupeltech.com\/","name":"","description":"","potentialAction":[{"@type":"SearchAction","target":{"@type":"EntryPoint","urlTemplate":"https:\/\/www.koupeltech.com\/?s={search_term_string}"},"query-input":{"@type":"PropertyValueSpecification","valueRequired":true,"valueName":"search_term_string"}}],"inLanguage":"cs"}]}},"_links":{"self":[{"href":"https:\/\/www.koupeltech.com\/index.php\/wp-json\/wp\/v2\/product\/8962","targetHints":{"allow":["GET"]}}],"collection":[{"href":"https:\/\/www.koupeltech.com\/index.php\/wp-json\/wp\/v2\/product"}],"about":[{"href":"https:\/\/www.koupeltech.com\/index.php\/wp-json\/wp\/v2\/types\/product"}],"replies":[{"embeddable":true,"href":"https:\/\/www.koupeltech.com\/index.php\/wp-json\/wp\/v2\/comments?post=8962"}],"wp:featuredmedia":[{"embeddable":true,"href":"https:\/\/www.koupeltech.com\/index.php\/wp-json\/wp\/v2\/media\/9062"}],"wp:attachment":[{"href":"https:\/\/www.koupeltech.com\/index.php\/wp-json\/wp\/v2\/media?parent=8962"}],"wp:term":[{"taxonomy":"product_brand","embeddable":true,"href":"https:\/\/www.koupeltech.com\/index.php\/wp-json\/wp\/v2\/product_brand?post=8962"},{"taxonomy":"product_cat","embeddable":true,"href":"https:\/\/www.koupeltech.com\/index.php\/wp-json\/wp\/v2\/product_cat?post=8962"},{"taxonomy":"product_tag","embeddable":true,"href":"https:\/\/www.koupeltech.com\/index.php\/wp-json\/wp\/v2\/product_tag?post=8962"}],"curies":[{"name":"wp","href":"https:\/\/api.w.org\/{rel}","templated":true}]}}