{"id":8971,"date":"2026-04-27T13:57:08","date_gmt":"2026-04-27T13:57:08","guid":{"rendered":""},"modified":"2026-04-27T13:57:08","modified_gmt":"2026-04-27T13:57:08","slug":"akce-paint-hammer-hammered-red-2-5l-nater-na-rezave-i-nove-kovove-povrchy-8971","status":"publish","type":"product","link":"https:\/\/www.koupeltech.com\/index.php\/produkt\/akce-paint-hammer-hammered-red-2-5l-nater-na-rezave-i-nove-kovove-povrchy-8971\/","title":{"rendered":"Akce Paint Hammer Hammered Red 2,5l n\u00e1t\u011br na rezav\u00e9 i nov\u00e9 kovov\u00e9 povrchy"},"content":{"rendered":"<table>\n<div class=\"tab-pane active product-description\" id=\"popis\" role=\"tabpanel\">\n<div class=\"short-description\" itemprop=\"description\">S Maston Hammer zvl\u00e1dnete v\u0161echny kovov\u00e9 povrchy jak v interi\u00e9ru, tak v exteri\u00e9ru.<\/div>\n<div class=\"description\">Aplikuje se na nov\u00e9 a star\u0161\u00ed kovan\u00e9 povrchy ale i p\u0159\u00edmo na rez. U\u017e star\u0161\u00ed kovov\u00e9 povrchy a ocelov\u00e9 povrchy se s n\u00edm snadno nat\u00edraj\u00ed.<\/p>\n<p>Maston Hammer je vynikaj\u00edc\u00ed volbou, kdy\u017e chcete nat\u00edrat kovov\u00e9 povrchy. Zaru\u010duje dokonalou ochranu p\u0159ed opot\u0159eben\u00edm, n\u00e1raz\u016fm a po\u0161kr\u00e1b\u00e1n\u00edm na mnoho let.<\/p>\n<p>Maston Hammer m\u00e1 v\u00fdbornou schopnost odpuzovat vodu. <br \/>Ochrana proti korozi, z\u00e1klad a barva v jednom. <br \/>Leskl\u00fd, pevn\u00fd a odoln\u00fd povrch doc\u00edl\u00edte pouze s jednou aplikac\u00ed. N\u00e1t\u011br m\u016f\u017ee b\u00fdt aplikov\u00e1n p\u0159\u00edmo na rez. <br \/>Vhodn\u00e9 i pro d\u0159ev\u011bn\u00e9 povrchy.<\/p>\n<p>Po\u017eadovan\u00fd odst\u00edn pros\u00edm zat\u00edm uve\u010fte do pozn\u00e1mky k objedn\u00e1vce v dal\u0161\u00edch kroc\u00edch objedn\u00e1vky.<\/div>\n<div class=\"parameters\">\n<tr>\n<td>Aplikace<\/td>\n<td>St\u0159\u00edkan\u00edm, val\u010dekem, \u0161t\u011btcem<\/td>\n<\/tr>\n<tr>\n<td>Kone\u010dn\u00fd efekt<\/td>\n<td>Leskl\u00fd<\/td>\n<\/tr>\n<tr>\n<td>Vydatnost<\/td>\n<td>5-6 m2 \/ l<\/td>\n<\/tr>\n<tr>\n<td>Such\u00fd na dotek<\/td>\n<td>2 h<\/td>\n<\/tr>\n<tr>\n<td>Vyschnut\u00ed<\/td>\n<td>4 h<\/td>\n<\/tr>\n<tr>\n<td>P\u0159et\u00edrateln\u00fd<\/td>\n<td>12 h<\/td>\n<\/tr>\n<tr>\n<td>Povrch<\/td>\n<td>Kov, d\u0159evo<\/td>\n<\/tr>\n<tr>\n<td>Typ<\/td>\n<td>3v1, t\u00f3novac\u00ed<\/td>\n<\/tr>\n<tr>\n<td>Objekt<\/td>\n<td>St\u0159echy, z\u00e1bradl\u00ed, dve\u0159e, z\u00e1rubn\u011b<\/td>\n<\/tr>\n<tr>\n<td>\u0158ed\u011bn\u00ed a myt\u00ed n\u00e1stroj\u016f<\/td>\n<td>lakov\u00fd benz\u00edn.<\/td>\n<\/tr>\n<tr>\n<td>Vlastnost<\/td>\n<td>Odoln\u00e9<\/td>\n<\/tr>\n<tr>\n<td>Interi\u00e9r\/exteri\u00e9r<\/td>\n<td>Exteri\u00e9r<\/td>\n<\/tr><\/div>\n<\/table>\n","protected":false},"excerpt":{"rendered":"<p>S Maston Hammer zvl\u00e1dnete v\u0161echny kovov\u00e9 povrchy jak v interi\u00e9ru, tak v exteri\u00e9ru. Aplikuje se na nov\u00e9 a star\u0161\u00ed kovan\u00e9 povrchy ale i p\u0159\u00edmo na rez. U\u017e star\u0161\u00ed kovov\u00e9 povrchy a ocelov\u00e9 povrchy se s n\u00edm snadno nat\u00edraj\u00ed. Maston Hammer je vynikaj\u00edc\u00ed volbou, kdy\u017e chcete nat\u00edrat kovov\u00e9 povrchy. Zaru\u010duje dokonalou ochranu p\u0159ed opot\u0159eben\u00edm, n\u00e1raz\u016fm a [&hellip;]<\/p>\n","protected":false},"featured_media":9071,"comment_status":"open","ping_status":"open","template":"","meta":[],"product_brand":[],"product_cat":[40,42,41],"product_tag":[],"class_list":{"0":"post-8971","1":"product","2":"type-product","3":"status-publish","4":"has-post-thumbnail","6":"product_cat-barvy","7":"product_cat-chemie","8":"product_cat-laky","10":"first","11":"instock","12":"sale","13":"shipping-taxable","14":"purchasable","15":"product-type-simple"},"yoast_head":"<!-- This site is optimized with the Yoast SEO plugin v26.8 - https:\/\/yoast.com\/product\/yoast-seo-wordpress\/ -->\n<title>Akce Paint Hammer Hammered Red 2,5l n\u00e1t\u011br na rezav\u00e9 i nov\u00e9 kovov\u00e9 povrchy -<\/title>\n<meta name=\"robots\" content=\"index, follow, max-snippet:-1, max-image-preview:large, max-video-preview:-1\" \/>\n<link rel=\"canonical\" href=\"https:\/\/www.koupeltech.com\/index.php\/produkt\/akce-paint-hammer-hammered-red-2-5l-nater-na-rezave-i-nove-kovove-povrchy-8971\/\" \/>\n<meta property=\"og:locale\" content=\"cs_CZ\" \/>\n<meta property=\"og:type\" content=\"article\" \/>\n<meta property=\"og:title\" content=\"Akce Paint Hammer Hammered Red 2,5l n\u00e1t\u011br na rezav\u00e9 i nov\u00e9 kovov\u00e9 povrchy -\" \/>\n<meta property=\"og:description\" content=\"S Maston Hammer zvl\u00e1dnete v\u0161echny kovov\u00e9 povrchy jak v interi\u00e9ru, tak v exteri\u00e9ru. Aplikuje se na nov\u00e9 a star\u0161\u00ed kovan\u00e9 povrchy ale i p\u0159\u00edmo na rez. U\u017e star\u0161\u00ed kovov\u00e9 povrchy a ocelov\u00e9 povrchy se s n\u00edm snadno nat\u00edraj\u00ed. Maston Hammer je vynikaj\u00edc\u00ed volbou, kdy\u017e chcete nat\u00edrat kovov\u00e9 povrchy. Zaru\u010duje dokonalou ochranu p\u0159ed opot\u0159eben\u00edm, n\u00e1raz\u016fm a [&hellip;]\" \/>\n<meta property=\"og:url\" content=\"https:\/\/www.koupeltech.com\/index.php\/produkt\/akce-paint-hammer-hammered-red-2-5l-nater-na-rezave-i-nove-kovove-povrchy-8971\/\" \/>\n<meta property=\"og:image\" content=\"https:\/\/www.koupeltech.com\/wp-content\/uploads\/2026\/SK0023651-CZ20260425-092328-0-1777080210-241c8f439202d8917777699ea8acd714_2.webp\" \/>\n\t<meta property=\"og:image:width\" content=\"316\" \/>\n\t<meta property=\"og:image:height\" content=\"407\" \/>\n\t<meta property=\"og:image:type\" content=\"image\/webp\" \/>\n<meta name=\"twitter:card\" content=\"summary_large_image\" \/>\n<meta name=\"twitter:label1\" content=\"Odhadovan\u00e1 doba \u010dten\u00ed\" \/>\n\t<meta name=\"twitter:data1\" content=\"1 minuta\" \/>\n<script type=\"application\/ld+json\" class=\"yoast-schema-graph\">{\"@context\":\"https:\/\/schema.org\",\"@graph\":[{\"@type\":\"WebPage\",\"@id\":\"https:\/\/www.koupeltech.com\/index.php\/produkt\/akce-paint-hammer-hammered-red-2-5l-nater-na-rezave-i-nove-kovove-povrchy-8971\/\",\"url\":\"https:\/\/www.koupeltech.com\/index.php\/produkt\/akce-paint-hammer-hammered-red-2-5l-nater-na-rezave-i-nove-kovove-povrchy-8971\/\",\"name\":\"Akce Paint Hammer Hammered Red 2,5l n\u00e1t\u011br na rezav\u00e9 i nov\u00e9 kovov\u00e9 povrchy -\",\"isPartOf\":{\"@id\":\"https:\/\/www.koupeltech.com\/#website\"},\"primaryImageOfPage\":{\"@id\":\"https:\/\/www.koupeltech.com\/index.php\/produkt\/akce-paint-hammer-hammered-red-2-5l-nater-na-rezave-i-nove-kovove-povrchy-8971\/#primaryimage\"},\"image\":{\"@id\":\"https:\/\/www.koupeltech.com\/index.php\/produkt\/akce-paint-hammer-hammered-red-2-5l-nater-na-rezave-i-nove-kovove-povrchy-8971\/#primaryimage\"},\"thumbnailUrl\":\"https:\/\/www.koupeltech.com\/wp-content\/uploads\/2026\/SK0023651-CZ20260425-092328-0-1777080210-241c8f439202d8917777699ea8acd714_2.webp\",\"datePublished\":\"2026-04-27T13:57:08+00:00\",\"breadcrumb\":{\"@id\":\"https:\/\/www.koupeltech.com\/index.php\/produkt\/akce-paint-hammer-hammered-red-2-5l-nater-na-rezave-i-nove-kovove-povrchy-8971\/#breadcrumb\"},\"inLanguage\":\"cs\",\"potentialAction\":[{\"@type\":\"ReadAction\",\"target\":[\"https:\/\/www.koupeltech.com\/index.php\/produkt\/akce-paint-hammer-hammered-red-2-5l-nater-na-rezave-i-nove-kovove-povrchy-8971\/\"]}]},{\"@type\":\"ImageObject\",\"inLanguage\":\"cs\",\"@id\":\"https:\/\/www.koupeltech.com\/index.php\/produkt\/akce-paint-hammer-hammered-red-2-5l-nater-na-rezave-i-nove-kovove-povrchy-8971\/#primaryimage\",\"url\":\"https:\/\/www.koupeltech.com\/wp-content\/uploads\/2026\/SK0023651-CZ20260425-092328-0-1777080210-241c8f439202d8917777699ea8acd714_2.webp\",\"contentUrl\":\"https:\/\/www.koupeltech.com\/wp-content\/uploads\/2026\/SK0023651-CZ20260425-092328-0-1777080210-241c8f439202d8917777699ea8acd714_2.webp\",\"width\":316,\"height\":407},{\"@type\":\"BreadcrumbList\",\"@id\":\"https:\/\/www.koupeltech.com\/index.php\/produkt\/akce-paint-hammer-hammered-red-2-5l-nater-na-rezave-i-nove-kovove-povrchy-8971\/#breadcrumb\",\"itemListElement\":[{\"@type\":\"ListItem\",\"position\":1,\"name\":\"Home\",\"item\":\"https:\/\/www.koupeltech.com\/\"},{\"@type\":\"ListItem\",\"position\":2,\"name\":\"Products\",\"item\":\"https:\/\/www.koupeltech.com\/index.php\/products\/\"},{\"@type\":\"ListItem\",\"position\":3,\"name\":\"Akce Paint Hammer Hammered Red 2,5l n\u00e1t\u011br na rezav\u00e9 i nov\u00e9 kovov\u00e9 povrchy\"}]},{\"@type\":\"WebSite\",\"@id\":\"https:\/\/www.koupeltech.com\/#website\",\"url\":\"https:\/\/www.koupeltech.com\/\",\"name\":\"\",\"description\":\"\",\"potentialAction\":[{\"@type\":\"SearchAction\",\"target\":{\"@type\":\"EntryPoint\",\"urlTemplate\":\"https:\/\/www.koupeltech.com\/?s={search_term_string}\"},\"query-input\":{\"@type\":\"PropertyValueSpecification\",\"valueRequired\":true,\"valueName\":\"search_term_string\"}}],\"inLanguage\":\"cs\"}]}<\/script>\n<!-- \/ Yoast SEO plugin. -->","yoast_head_json":{"title":"Akce Paint Hammer Hammered Red 2,5l n\u00e1t\u011br na rezav\u00e9 i nov\u00e9 kovov\u00e9 povrchy -","robots":{"index":"index","follow":"follow","max-snippet":"max-snippet:-1","max-image-preview":"max-image-preview:large","max-video-preview":"max-video-preview:-1"},"canonical":"https:\/\/www.koupeltech.com\/index.php\/produkt\/akce-paint-hammer-hammered-red-2-5l-nater-na-rezave-i-nove-kovove-povrchy-8971\/","og_locale":"cs_CZ","og_type":"article","og_title":"Akce Paint Hammer Hammered Red 2,5l n\u00e1t\u011br na rezav\u00e9 i nov\u00e9 kovov\u00e9 povrchy -","og_description":"S Maston Hammer zvl\u00e1dnete v\u0161echny kovov\u00e9 povrchy jak v interi\u00e9ru, tak v exteri\u00e9ru. Aplikuje se na nov\u00e9 a star\u0161\u00ed kovan\u00e9 povrchy ale i p\u0159\u00edmo na rez. U\u017e star\u0161\u00ed kovov\u00e9 povrchy a ocelov\u00e9 povrchy se s n\u00edm snadno nat\u00edraj\u00ed. Maston Hammer je vynikaj\u00edc\u00ed volbou, kdy\u017e chcete nat\u00edrat kovov\u00e9 povrchy. Zaru\u010duje dokonalou ochranu p\u0159ed opot\u0159eben\u00edm, n\u00e1raz\u016fm a [&hellip;]","og_url":"https:\/\/www.koupeltech.com\/index.php\/produkt\/akce-paint-hammer-hammered-red-2-5l-nater-na-rezave-i-nove-kovove-povrchy-8971\/","og_image":[{"width":316,"height":407,"url":"https:\/\/www.koupeltech.com\/wp-content\/uploads\/2026\/SK0023651-CZ20260425-092328-0-1777080210-241c8f439202d8917777699ea8acd714_2.webp","type":"image\/webp"}],"twitter_card":"summary_large_image","twitter_misc":{"Odhadovan\u00e1 doba \u010dten\u00ed":"1 minuta"},"schema":{"@context":"https:\/\/schema.org","@graph":[{"@type":"WebPage","@id":"https:\/\/www.koupeltech.com\/index.php\/produkt\/akce-paint-hammer-hammered-red-2-5l-nater-na-rezave-i-nove-kovove-povrchy-8971\/","url":"https:\/\/www.koupeltech.com\/index.php\/produkt\/akce-paint-hammer-hammered-red-2-5l-nater-na-rezave-i-nove-kovove-povrchy-8971\/","name":"Akce Paint Hammer Hammered Red 2,5l n\u00e1t\u011br na rezav\u00e9 i nov\u00e9 kovov\u00e9 povrchy -","isPartOf":{"@id":"https:\/\/www.koupeltech.com\/#website"},"primaryImageOfPage":{"@id":"https:\/\/www.koupeltech.com\/index.php\/produkt\/akce-paint-hammer-hammered-red-2-5l-nater-na-rezave-i-nove-kovove-povrchy-8971\/#primaryimage"},"image":{"@id":"https:\/\/www.koupeltech.com\/index.php\/produkt\/akce-paint-hammer-hammered-red-2-5l-nater-na-rezave-i-nove-kovove-povrchy-8971\/#primaryimage"},"thumbnailUrl":"https:\/\/www.koupeltech.com\/wp-content\/uploads\/2026\/SK0023651-CZ20260425-092328-0-1777080210-241c8f439202d8917777699ea8acd714_2.webp","datePublished":"2026-04-27T13:57:08+00:00","breadcrumb":{"@id":"https:\/\/www.koupeltech.com\/index.php\/produkt\/akce-paint-hammer-hammered-red-2-5l-nater-na-rezave-i-nove-kovove-povrchy-8971\/#breadcrumb"},"inLanguage":"cs","potentialAction":[{"@type":"ReadAction","target":["https:\/\/www.koupeltech.com\/index.php\/produkt\/akce-paint-hammer-hammered-red-2-5l-nater-na-rezave-i-nove-kovove-povrchy-8971\/"]}]},{"@type":"ImageObject","inLanguage":"cs","@id":"https:\/\/www.koupeltech.com\/index.php\/produkt\/akce-paint-hammer-hammered-red-2-5l-nater-na-rezave-i-nove-kovove-povrchy-8971\/#primaryimage","url":"https:\/\/www.koupeltech.com\/wp-content\/uploads\/2026\/SK0023651-CZ20260425-092328-0-1777080210-241c8f439202d8917777699ea8acd714_2.webp","contentUrl":"https:\/\/www.koupeltech.com\/wp-content\/uploads\/2026\/SK0023651-CZ20260425-092328-0-1777080210-241c8f439202d8917777699ea8acd714_2.webp","width":316,"height":407},{"@type":"BreadcrumbList","@id":"https:\/\/www.koupeltech.com\/index.php\/produkt\/akce-paint-hammer-hammered-red-2-5l-nater-na-rezave-i-nove-kovove-povrchy-8971\/#breadcrumb","itemListElement":[{"@type":"ListItem","position":1,"name":"Home","item":"https:\/\/www.koupeltech.com\/"},{"@type":"ListItem","position":2,"name":"Products","item":"https:\/\/www.koupeltech.com\/index.php\/products\/"},{"@type":"ListItem","position":3,"name":"Akce Paint Hammer Hammered Red 2,5l n\u00e1t\u011br na rezav\u00e9 i nov\u00e9 kovov\u00e9 povrchy"}]},{"@type":"WebSite","@id":"https:\/\/www.koupeltech.com\/#website","url":"https:\/\/www.koupeltech.com\/","name":"","description":"","potentialAction":[{"@type":"SearchAction","target":{"@type":"EntryPoint","urlTemplate":"https:\/\/www.koupeltech.com\/?s={search_term_string}"},"query-input":{"@type":"PropertyValueSpecification","valueRequired":true,"valueName":"search_term_string"}}],"inLanguage":"cs"}]}},"_links":{"self":[{"href":"https:\/\/www.koupeltech.com\/index.php\/wp-json\/wp\/v2\/product\/8971","targetHints":{"allow":["GET"]}}],"collection":[{"href":"https:\/\/www.koupeltech.com\/index.php\/wp-json\/wp\/v2\/product"}],"about":[{"href":"https:\/\/www.koupeltech.com\/index.php\/wp-json\/wp\/v2\/types\/product"}],"replies":[{"embeddable":true,"href":"https:\/\/www.koupeltech.com\/index.php\/wp-json\/wp\/v2\/comments?post=8971"}],"wp:featuredmedia":[{"embeddable":true,"href":"https:\/\/www.koupeltech.com\/index.php\/wp-json\/wp\/v2\/media\/9071"}],"wp:attachment":[{"href":"https:\/\/www.koupeltech.com\/index.php\/wp-json\/wp\/v2\/media?parent=8971"}],"wp:term":[{"taxonomy":"product_brand","embeddable":true,"href":"https:\/\/www.koupeltech.com\/index.php\/wp-json\/wp\/v2\/product_brand?post=8971"},{"taxonomy":"product_cat","embeddable":true,"href":"https:\/\/www.koupeltech.com\/index.php\/wp-json\/wp\/v2\/product_cat?post=8971"},{"taxonomy":"product_tag","embeddable":true,"href":"https:\/\/www.koupeltech.com\/index.php\/wp-json\/wp\/v2\/product_tag?post=8971"}],"curies":[{"name":"wp","href":"https:\/\/api.w.org\/{rel}","templated":true}]}}