{"id":9136,"date":"2026-04-27T13:57:10","date_gmt":"2026-04-27T13:57:10","guid":{"rendered":""},"modified":"2026-04-27T13:57:10","modified_gmt":"2026-04-27T13:57:10","slug":"originalni-cersanit-nabytkove-umyvadlo-inverto-100-k671-007-9136","status":"publish","type":"product","link":"https:\/\/www.koupeltech.com\/index.php\/produkt\/originalni-cersanit-nabytkove-umyvadlo-inverto-100-k671-007-9136\/","title":{"rendered":"Origin\u00e1ln\u00ed CERSANIT &#8211; N\u00e1bytkov\u00e9 umyvadlo INVERTO 100 K671-007"},"content":{"rendered":"<div class=\"basic-description\">\n<h3>Detailn\u00ed popis produktu<\/h3>\n<p class=\"\"><strong>N\u00e1bytkov\u00e9 umyvadlo INVERTO 100<\/strong> (K671-007)<\/p>\n<p class=\"\">\u0160\u00ed\u0159ka: 100,5 cm<br \/>Hloubka: 45,5 cm<br \/>Barva: b\u00edl\u00e1 lesk<\/p>\n<p class=\"\">N\u00e1bytkov\u00e9 keramick\u00e9 umyvadlo INVERTO lze kombinovat se sk\u0159\u00ed\u0148kami stejn\u00e9 s\u00e9rie.<\/p>\n<p class=\"\">Bez sifonu a baterie.<\/p>\n<\/p><\/div>\n<div class=\"extended-description\">\n<h3>Dopl\u0148kov\u00e9 parametry<\/h3>\n<table class=\"detail-parameters\">\n<tbody>\n<tr>\n<th>        <span class=\"row-header-label\">            Kategorie<span class=\"row-header-label-colon\">:<\/span>        <\/span>    <\/th>\n<td>            <\/td>\n<\/tr>\n<tr>\n<th>            <span class=\"row-header-label\">                Z\u00e1ruka<span class=\"row-header-label-colon\">:<\/span>            <\/span>        <\/th>\n<td>            2 roky        <\/td>\n<\/tr>\n<tr>\n<th>            <span class=\"row-header-label\">                Hmotnost<span class=\"row-header-label-colon\">:<\/span>            <\/span>        <\/th>\n<td>            8 kg        <\/td>\n<\/tr>\n<tr class=\"productEan\">\n<th>          <span class=\"row-header-label productEan__label\">              EAN<span class=\"row-header-label-colon\">:<\/span>          <\/span>      <\/th>\n<td>          <span class=\"productEan__value\">5902115762024<\/span>      <\/td>\n<\/tr>\n<tr>\n<th>                <span class=\"row-header-label\">                                            Dostupnost<span class=\"row-header-label-colon\">:<\/span>                                    <\/span>            <\/th>\n<td>                                                            Dod\u00e1n\u00ed do 14ti dn\u016f                                                <\/td>\n<\/tr>\n<\/tbody>\n<\/table><\/div>\n<\/p><\/div>\n<\/p><\/div>\n","protected":false},"excerpt":{"rendered":"<p>Detailn\u00ed popis produktu N\u00e1bytkov\u00e9 umyvadlo INVERTO 100 (K671-007) \u0160\u00ed\u0159ka: 100,5 cmHloubka: 45,5 cmBarva: b\u00edl\u00e1 lesk N\u00e1bytkov\u00e9 keramick\u00e9 umyvadlo INVERTO lze kombinovat se sk\u0159\u00ed\u0148kami stejn\u00e9 s\u00e9rie. Bez sifonu a baterie. Dopl\u0148kov\u00e9 parametry Kategorie: Z\u00e1ruka: 2 roky Hmotnost: 8 kg EAN: 5902115762024 Dostupnost: Dod\u00e1n\u00ed do 14ti dn\u016f<\/p>\n","protected":false},"featured_media":9236,"comment_status":"open","ping_status":"open","template":"","meta":[],"product_brand":[],"product_cat":[61],"product_tag":[],"class_list":{"0":"post-9136","1":"product","2":"type-product","3":"status-publish","4":"has-post-thumbnail","6":"product_cat-umyvadla","8":"first","9":"instock","10":"sale","11":"shipping-taxable","12":"purchasable","13":"product-type-simple"},"yoast_head":"<!-- This site is optimized with the Yoast SEO plugin v26.8 - https:\/\/yoast.com\/product\/yoast-seo-wordpress\/ -->\n<title>Origin\u00e1ln\u00ed CERSANIT - N\u00e1bytkov\u00e9 umyvadlo INVERTO 100 K671-007 -<\/title>\n<meta name=\"robots\" content=\"index, follow, max-snippet:-1, max-image-preview:large, max-video-preview:-1\" \/>\n<link rel=\"canonical\" href=\"https:\/\/www.koupeltech.com\/index.php\/produkt\/originalni-cersanit-nabytkove-umyvadlo-inverto-100-k671-007-9136\/\" \/>\n<meta property=\"og:locale\" content=\"cs_CZ\" \/>\n<meta property=\"og:type\" content=\"article\" \/>\n<meta property=\"og:title\" content=\"Origin\u00e1ln\u00ed CERSANIT - N\u00e1bytkov\u00e9 umyvadlo INVERTO 100 K671-007 -\" \/>\n<meta property=\"og:description\" content=\"Detailn\u00ed popis produktu N\u00e1bytkov\u00e9 umyvadlo INVERTO 100 (K671-007) \u0160\u00ed\u0159ka: 100,5 cmHloubka: 45,5 cmBarva: b\u00edl\u00e1 lesk N\u00e1bytkov\u00e9 keramick\u00e9 umyvadlo INVERTO lze kombinovat se sk\u0159\u00ed\u0148kami stejn\u00e9 s\u00e9rie. Bez sifonu a baterie. Dopl\u0148kov\u00e9 parametry Kategorie: Z\u00e1ruka: 2 roky Hmotnost: 8 kg EAN: 5902115762024 Dostupnost: Dod\u00e1n\u00ed do 14ti dn\u016f\" \/>\n<meta property=\"og:url\" content=\"https:\/\/www.koupeltech.com\/index.php\/produkt\/originalni-cersanit-nabytkove-umyvadlo-inverto-100-k671-007-9136\/\" \/>\n<meta property=\"og:image\" content=\"https:\/\/www.koupeltech.com\/wp-content\/uploads\/2026\/SK0023600-CZ20260425-092556-0-1777080363-1766050_cersanit-nabytkove-umyvadlo-inverto-100-k671-007.jp.webp\" \/>\n\t<meta property=\"og:image:width\" content=\"1000\" \/>\n\t<meta property=\"og:image:height\" content=\"750\" \/>\n\t<meta property=\"og:image:type\" content=\"image\/webp\" \/>\n<meta name=\"twitter:card\" content=\"summary_large_image\" \/>\n<script type=\"application\/ld+json\" class=\"yoast-schema-graph\">{\"@context\":\"https:\/\/schema.org\",\"@graph\":[{\"@type\":\"WebPage\",\"@id\":\"https:\/\/www.koupeltech.com\/index.php\/produkt\/originalni-cersanit-nabytkove-umyvadlo-inverto-100-k671-007-9136\/\",\"url\":\"https:\/\/www.koupeltech.com\/index.php\/produkt\/originalni-cersanit-nabytkove-umyvadlo-inverto-100-k671-007-9136\/\",\"name\":\"Origin\u00e1ln\u00ed CERSANIT - N\u00e1bytkov\u00e9 umyvadlo INVERTO 100 K671-007 -\",\"isPartOf\":{\"@id\":\"https:\/\/www.koupeltech.com\/#website\"},\"primaryImageOfPage\":{\"@id\":\"https:\/\/www.koupeltech.com\/index.php\/produkt\/originalni-cersanit-nabytkove-umyvadlo-inverto-100-k671-007-9136\/#primaryimage\"},\"image\":{\"@id\":\"https:\/\/www.koupeltech.com\/index.php\/produkt\/originalni-cersanit-nabytkove-umyvadlo-inverto-100-k671-007-9136\/#primaryimage\"},\"thumbnailUrl\":\"https:\/\/www.koupeltech.com\/wp-content\/uploads\/2026\/SK0023600-CZ20260425-092556-0-1777080363-1766050_cersanit-nabytkove-umyvadlo-inverto-100-k671-007.jp.webp\",\"datePublished\":\"2026-04-27T13:57:10+00:00\",\"breadcrumb\":{\"@id\":\"https:\/\/www.koupeltech.com\/index.php\/produkt\/originalni-cersanit-nabytkove-umyvadlo-inverto-100-k671-007-9136\/#breadcrumb\"},\"inLanguage\":\"cs\",\"potentialAction\":[{\"@type\":\"ReadAction\",\"target\":[\"https:\/\/www.koupeltech.com\/index.php\/produkt\/originalni-cersanit-nabytkove-umyvadlo-inverto-100-k671-007-9136\/\"]}]},{\"@type\":\"ImageObject\",\"inLanguage\":\"cs\",\"@id\":\"https:\/\/www.koupeltech.com\/index.php\/produkt\/originalni-cersanit-nabytkove-umyvadlo-inverto-100-k671-007-9136\/#primaryimage\",\"url\":\"https:\/\/www.koupeltech.com\/wp-content\/uploads\/2026\/SK0023600-CZ20260425-092556-0-1777080363-1766050_cersanit-nabytkove-umyvadlo-inverto-100-k671-007.jp.webp\",\"contentUrl\":\"https:\/\/www.koupeltech.com\/wp-content\/uploads\/2026\/SK0023600-CZ20260425-092556-0-1777080363-1766050_cersanit-nabytkove-umyvadlo-inverto-100-k671-007.jp.webp\",\"width\":1000,\"height\":750},{\"@type\":\"BreadcrumbList\",\"@id\":\"https:\/\/www.koupeltech.com\/index.php\/produkt\/originalni-cersanit-nabytkove-umyvadlo-inverto-100-k671-007-9136\/#breadcrumb\",\"itemListElement\":[{\"@type\":\"ListItem\",\"position\":1,\"name\":\"Home\",\"item\":\"https:\/\/www.koupeltech.com\/\"},{\"@type\":\"ListItem\",\"position\":2,\"name\":\"Products\",\"item\":\"https:\/\/www.koupeltech.com\/index.php\/products\/\"},{\"@type\":\"ListItem\",\"position\":3,\"name\":\"Origin\u00e1ln\u00ed CERSANIT &#8211; N\u00e1bytkov\u00e9 umyvadlo INVERTO 100 K671-007\"}]},{\"@type\":\"WebSite\",\"@id\":\"https:\/\/www.koupeltech.com\/#website\",\"url\":\"https:\/\/www.koupeltech.com\/\",\"name\":\"\",\"description\":\"\",\"potentialAction\":[{\"@type\":\"SearchAction\",\"target\":{\"@type\":\"EntryPoint\",\"urlTemplate\":\"https:\/\/www.koupeltech.com\/?s={search_term_string}\"},\"query-input\":{\"@type\":\"PropertyValueSpecification\",\"valueRequired\":true,\"valueName\":\"search_term_string\"}}],\"inLanguage\":\"cs\"}]}<\/script>\n<!-- \/ Yoast SEO plugin. -->","yoast_head_json":{"title":"Origin\u00e1ln\u00ed CERSANIT - N\u00e1bytkov\u00e9 umyvadlo INVERTO 100 K671-007 -","robots":{"index":"index","follow":"follow","max-snippet":"max-snippet:-1","max-image-preview":"max-image-preview:large","max-video-preview":"max-video-preview:-1"},"canonical":"https:\/\/www.koupeltech.com\/index.php\/produkt\/originalni-cersanit-nabytkove-umyvadlo-inverto-100-k671-007-9136\/","og_locale":"cs_CZ","og_type":"article","og_title":"Origin\u00e1ln\u00ed CERSANIT - N\u00e1bytkov\u00e9 umyvadlo INVERTO 100 K671-007 -","og_description":"Detailn\u00ed popis produktu N\u00e1bytkov\u00e9 umyvadlo INVERTO 100 (K671-007) \u0160\u00ed\u0159ka: 100,5 cmHloubka: 45,5 cmBarva: b\u00edl\u00e1 lesk N\u00e1bytkov\u00e9 keramick\u00e9 umyvadlo INVERTO lze kombinovat se sk\u0159\u00ed\u0148kami stejn\u00e9 s\u00e9rie. Bez sifonu a baterie. Dopl\u0148kov\u00e9 parametry Kategorie: Z\u00e1ruka: 2 roky Hmotnost: 8 kg EAN: 5902115762024 Dostupnost: Dod\u00e1n\u00ed do 14ti dn\u016f","og_url":"https:\/\/www.koupeltech.com\/index.php\/produkt\/originalni-cersanit-nabytkove-umyvadlo-inverto-100-k671-007-9136\/","og_image":[{"width":1000,"height":750,"url":"https:\/\/www.koupeltech.com\/wp-content\/uploads\/2026\/SK0023600-CZ20260425-092556-0-1777080363-1766050_cersanit-nabytkove-umyvadlo-inverto-100-k671-007.jp.webp","type":"image\/webp"}],"twitter_card":"summary_large_image","schema":{"@context":"https:\/\/schema.org","@graph":[{"@type":"WebPage","@id":"https:\/\/www.koupeltech.com\/index.php\/produkt\/originalni-cersanit-nabytkove-umyvadlo-inverto-100-k671-007-9136\/","url":"https:\/\/www.koupeltech.com\/index.php\/produkt\/originalni-cersanit-nabytkove-umyvadlo-inverto-100-k671-007-9136\/","name":"Origin\u00e1ln\u00ed CERSANIT - N\u00e1bytkov\u00e9 umyvadlo INVERTO 100 K671-007 -","isPartOf":{"@id":"https:\/\/www.koupeltech.com\/#website"},"primaryImageOfPage":{"@id":"https:\/\/www.koupeltech.com\/index.php\/produkt\/originalni-cersanit-nabytkove-umyvadlo-inverto-100-k671-007-9136\/#primaryimage"},"image":{"@id":"https:\/\/www.koupeltech.com\/index.php\/produkt\/originalni-cersanit-nabytkove-umyvadlo-inverto-100-k671-007-9136\/#primaryimage"},"thumbnailUrl":"https:\/\/www.koupeltech.com\/wp-content\/uploads\/2026\/SK0023600-CZ20260425-092556-0-1777080363-1766050_cersanit-nabytkove-umyvadlo-inverto-100-k671-007.jp.webp","datePublished":"2026-04-27T13:57:10+00:00","breadcrumb":{"@id":"https:\/\/www.koupeltech.com\/index.php\/produkt\/originalni-cersanit-nabytkove-umyvadlo-inverto-100-k671-007-9136\/#breadcrumb"},"inLanguage":"cs","potentialAction":[{"@type":"ReadAction","target":["https:\/\/www.koupeltech.com\/index.php\/produkt\/originalni-cersanit-nabytkove-umyvadlo-inverto-100-k671-007-9136\/"]}]},{"@type":"ImageObject","inLanguage":"cs","@id":"https:\/\/www.koupeltech.com\/index.php\/produkt\/originalni-cersanit-nabytkove-umyvadlo-inverto-100-k671-007-9136\/#primaryimage","url":"https:\/\/www.koupeltech.com\/wp-content\/uploads\/2026\/SK0023600-CZ20260425-092556-0-1777080363-1766050_cersanit-nabytkove-umyvadlo-inverto-100-k671-007.jp.webp","contentUrl":"https:\/\/www.koupeltech.com\/wp-content\/uploads\/2026\/SK0023600-CZ20260425-092556-0-1777080363-1766050_cersanit-nabytkove-umyvadlo-inverto-100-k671-007.jp.webp","width":1000,"height":750},{"@type":"BreadcrumbList","@id":"https:\/\/www.koupeltech.com\/index.php\/produkt\/originalni-cersanit-nabytkove-umyvadlo-inverto-100-k671-007-9136\/#breadcrumb","itemListElement":[{"@type":"ListItem","position":1,"name":"Home","item":"https:\/\/www.koupeltech.com\/"},{"@type":"ListItem","position":2,"name":"Products","item":"https:\/\/www.koupeltech.com\/index.php\/products\/"},{"@type":"ListItem","position":3,"name":"Origin\u00e1ln\u00ed CERSANIT &#8211; N\u00e1bytkov\u00e9 umyvadlo INVERTO 100 K671-007"}]},{"@type":"WebSite","@id":"https:\/\/www.koupeltech.com\/#website","url":"https:\/\/www.koupeltech.com\/","name":"","description":"","potentialAction":[{"@type":"SearchAction","target":{"@type":"EntryPoint","urlTemplate":"https:\/\/www.koupeltech.com\/?s={search_term_string}"},"query-input":{"@type":"PropertyValueSpecification","valueRequired":true,"valueName":"search_term_string"}}],"inLanguage":"cs"}]}},"_links":{"self":[{"href":"https:\/\/www.koupeltech.com\/index.php\/wp-json\/wp\/v2\/product\/9136","targetHints":{"allow":["GET"]}}],"collection":[{"href":"https:\/\/www.koupeltech.com\/index.php\/wp-json\/wp\/v2\/product"}],"about":[{"href":"https:\/\/www.koupeltech.com\/index.php\/wp-json\/wp\/v2\/types\/product"}],"replies":[{"embeddable":true,"href":"https:\/\/www.koupeltech.com\/index.php\/wp-json\/wp\/v2\/comments?post=9136"}],"wp:featuredmedia":[{"embeddable":true,"href":"https:\/\/www.koupeltech.com\/index.php\/wp-json\/wp\/v2\/media\/9236"}],"wp:attachment":[{"href":"https:\/\/www.koupeltech.com\/index.php\/wp-json\/wp\/v2\/media?parent=9136"}],"wp:term":[{"taxonomy":"product_brand","embeddable":true,"href":"https:\/\/www.koupeltech.com\/index.php\/wp-json\/wp\/v2\/product_brand?post=9136"},{"taxonomy":"product_cat","embeddable":true,"href":"https:\/\/www.koupeltech.com\/index.php\/wp-json\/wp\/v2\/product_cat?post=9136"},{"taxonomy":"product_tag","embeddable":true,"href":"https:\/\/www.koupeltech.com\/index.php\/wp-json\/wp\/v2\/product_tag?post=9136"}],"curies":[{"name":"wp","href":"https:\/\/api.w.org\/{rel}","templated":true}]}}