{"id":9139,"date":"2026-04-27T13:57:10","date_gmt":"2026-04-27T13:57:10","guid":{"rendered":""},"modified":"2026-04-27T13:57:10","modified_gmt":"2026-04-27T13:57:10","slug":"jen-po-omezenou-doba-deante-umyvadlova-baterie-s-pakou-pro-studenou-nebo-smisenou-vodu-bez-020l-9139","status":"publish","type":"product","link":"https:\/\/www.koupeltech.com\/index.php\/produkt\/jen-po-omezenou-doba-deante-umyvadlova-baterie-s-pakou-pro-studenou-nebo-smisenou-vodu-bez-020l-9139\/","title":{"rendered":"Jen Po Omezenou Doba DEANTE &#8211; Umyvadlov\u00e1 baterie s p\u00e1kou, pro studenou nebo sm\u00ed\u0161enou vodu BEZ_020L"},"content":{"rendered":"<div class=\"basic-description\">\n<h3>Detailn\u00ed popis produktu<\/h3>\n<p>                                    Koupelnov\u00e1 umyvadlov\u00e1 baterie Deante je kombinac\u00ed skv\u011bl\u00e9ho designu a funk\u010dn\u00edch ekologick\u00fdch \u0159e\u0161en\u00ed. T\u011blo je vyrobeno z kvalitn\u00ed mosazi, kter\u00e1 zaji\u0161\u0165uje bezprobl\u00e9mov\u00e9 pou\u017e\u00edv\u00e1n\u00ed po cel\u00e1 l\u00e9ta. D\u00edky klasick\u00fdm lini\u00edm se skv\u011ble hod\u00ed k dal\u0161\u00edm dekora\u010dn\u00edm prvk\u016fm v tradi\u010dn\u00edch i modernisti\u010dt\u011bj\u0161\u00edch koupeln\u00e1ch. Jedn\u00e1 se o model s p\u00e1kou. Baterie na studenou nebo sm\u00ed\u0161enou vodu lze s \u00fasp\u011bchem pou\u017e\u00edt v dom\u00e1cnosti, ale i v technick\u00fdch m\u00edstnostech. Odoln\u00e1 keramick\u00e1 hlava se prom\u00edt\u00e1 do dlouh\u00e9 \u017eivotnosti a t\u011bsnosti.<\/p>\n<ul>\n<li> T\u011blo baterie je vyrobeno z nejkvalitn\u011bj\u0161\u00ed mosazi<\/li>\n<li> Baterie je vybavena perl\u00e1torem, kter\u00fd proud provzdu\u0161\u0148uje<\/li>\n<li> Univerz\u00e1ln\u00ed baterie pro studenou nebo sm\u00ed\u0161enou vodu<\/li>\n<li> Mont\u00e1\u017en\u00ed pouzdro usnad\u0148uje instalaci baterie<\/li>\n<li> Nab\u00eddka zahrnuje speci\u00e1ln\u00ed bezpe\u010dn\u00fd prost\u0159edek na \u010di\u0161t\u011bn\u00e9 povrchy<\/li>\n<li> V\u010detn\u011b spojovac\u00edch hadic<\/li>\n<li> Pouze ty nejlep\u0161\u00ed materi\u00e1ly, jejich\u017e kvalita je potvrzena laboratorn\u00edmi testy<\/li>\n<\/ul><\/div>\n<div class=\"extended-description\">\n<h3>Dopl\u0148kov\u00e9 parametry<\/h3>\n<table class=\"detail-parameters\">\n<tbody>\n<tr>\n<th>        <span class=\"row-header-label\">            Kategorie<span class=\"row-header-label-colon\">:<\/span>        <\/span>    <\/th>\n<td>            <\/td>\n<\/tr>\n<tr>\n<th>            <span class=\"row-header-label\">                Z\u00e1ruka<span class=\"row-header-label-colon\">:<\/span>            <\/span>        <\/th>\n<td>            24        <\/td>\n<\/tr>\n<tr>\n<th>            <span class=\"row-header-label\">                Hmotnost<span class=\"row-header-label-colon\">:<\/span>            <\/span>        <\/th>\n<td>            0.88 kg        <\/td>\n<\/tr>\n<tr class=\"productEan\">\n<th>          <span class=\"row-header-label productEan__label\">              EAN<span class=\"row-header-label-colon\">:<\/span>          <\/span>      <\/th>\n<td>          <span class=\"productEan__value\">5907650873662<\/span>      <\/td>\n<\/tr>\n<tr>\n<th>                <span class=\"row-header-label\">                                            Dostupnost<span class=\"row-header-label-colon\">:<\/span>                                    <\/span>            <\/th>\n<td>                                                            Dod\u00e1n\u00ed do 14ti dn\u016f                                                <\/td>\n<\/tr>\n<\/tbody>\n<\/table><\/div>\n<\/p><\/div>\n<\/p><\/div>\n","protected":false},"excerpt":{"rendered":"<p>Detailn\u00ed popis produktu Koupelnov\u00e1 umyvadlov\u00e1 baterie Deante je kombinac\u00ed skv\u011bl\u00e9ho designu a funk\u010dn\u00edch ekologick\u00fdch \u0159e\u0161en\u00ed. T\u011blo je vyrobeno z kvalitn\u00ed mosazi, kter\u00e1 zaji\u0161\u0165uje bezprobl\u00e9mov\u00e9 pou\u017e\u00edv\u00e1n\u00ed po cel\u00e1 l\u00e9ta. D\u00edky klasick\u00fdm lini\u00edm se skv\u011ble hod\u00ed k dal\u0161\u00edm dekora\u010dn\u00edm prvk\u016fm v tradi\u010dn\u00edch i modernisti\u010dt\u011bj\u0161\u00edch koupeln\u00e1ch. Jedn\u00e1 se o model s p\u00e1kou. Baterie na studenou nebo sm\u00ed\u0161enou vodu [&hellip;]<\/p>\n","protected":false},"featured_media":9239,"comment_status":"open","ping_status":"open","template":"","meta":[],"product_brand":[],"product_cat":[59],"product_tag":[],"class_list":{"0":"post-9139","1":"product","2":"type-product","3":"status-publish","4":"has-post-thumbnail","6":"product_cat-vodovodni-baterie","8":"first","9":"instock","10":"sale","11":"shipping-taxable","12":"purchasable","13":"product-type-simple"},"yoast_head":"<!-- This site is optimized with the Yoast SEO plugin v26.8 - https:\/\/yoast.com\/product\/yoast-seo-wordpress\/ -->\n<title>Jen Po Omezenou Doba DEANTE - Umyvadlov\u00e1 baterie s p\u00e1kou, pro studenou nebo sm\u00ed\u0161enou vodu BEZ_020L -<\/title>\n<meta name=\"robots\" content=\"index, follow, max-snippet:-1, max-image-preview:large, max-video-preview:-1\" \/>\n<link rel=\"canonical\" href=\"https:\/\/www.koupeltech.com\/index.php\/produkt\/jen-po-omezenou-doba-deante-umyvadlova-baterie-s-pakou-pro-studenou-nebo-smisenou-vodu-bez-020l-9139\/\" \/>\n<meta property=\"og:locale\" content=\"cs_CZ\" \/>\n<meta property=\"og:type\" content=\"article\" \/>\n<meta property=\"og:title\" content=\"Jen Po Omezenou Doba DEANTE - Umyvadlov\u00e1 baterie s p\u00e1kou, pro studenou nebo sm\u00ed\u0161enou vodu BEZ_020L -\" \/>\n<meta property=\"og:description\" content=\"Detailn\u00ed popis produktu Koupelnov\u00e1 umyvadlov\u00e1 baterie Deante je kombinac\u00ed skv\u011bl\u00e9ho designu a funk\u010dn\u00edch ekologick\u00fdch \u0159e\u0161en\u00ed. T\u011blo je vyrobeno z kvalitn\u00ed mosazi, kter\u00e1 zaji\u0161\u0165uje bezprobl\u00e9mov\u00e9 pou\u017e\u00edv\u00e1n\u00ed po cel\u00e1 l\u00e9ta. D\u00edky klasick\u00fdm lini\u00edm se skv\u011ble hod\u00ed k dal\u0161\u00edm dekora\u010dn\u00edm prvk\u016fm v tradi\u010dn\u00edch i modernisti\u010dt\u011bj\u0161\u00edch koupeln\u00e1ch. Jedn\u00e1 se o model s p\u00e1kou. Baterie na studenou nebo sm\u00ed\u0161enou vodu [&hellip;]\" \/>\n<meta property=\"og:url\" content=\"https:\/\/www.koupeltech.com\/index.php\/produkt\/jen-po-omezenou-doba-deante-umyvadlova-baterie-s-pakou-pro-studenou-nebo-smisenou-vodu-bez-020l-9139\/\" \/>\n<meta property=\"og:image\" content=\"https:\/\/www.koupeltech.com\/wp-content\/uploads\/2026\/SK0023603-CZ20260425-092556-0-1777080363-1767808_deante-umyvadlova-baterie-s-pakou--pro-studenou-neb.webp\" \/>\n\t<meta property=\"og:image:width\" content=\"1000\" \/>\n\t<meta property=\"og:image:height\" content=\"750\" \/>\n\t<meta property=\"og:image:type\" content=\"image\/webp\" \/>\n<meta name=\"twitter:card\" content=\"summary_large_image\" \/>\n<meta name=\"twitter:label1\" content=\"Odhadovan\u00e1 doba \u010dten\u00ed\" \/>\n\t<meta name=\"twitter:data1\" content=\"1 minuta\" \/>\n<script type=\"application\/ld+json\" class=\"yoast-schema-graph\">{\"@context\":\"https:\/\/schema.org\",\"@graph\":[{\"@type\":\"WebPage\",\"@id\":\"https:\/\/www.koupeltech.com\/index.php\/produkt\/jen-po-omezenou-doba-deante-umyvadlova-baterie-s-pakou-pro-studenou-nebo-smisenou-vodu-bez-020l-9139\/\",\"url\":\"https:\/\/www.koupeltech.com\/index.php\/produkt\/jen-po-omezenou-doba-deante-umyvadlova-baterie-s-pakou-pro-studenou-nebo-smisenou-vodu-bez-020l-9139\/\",\"name\":\"Jen Po Omezenou Doba DEANTE - Umyvadlov\u00e1 baterie s p\u00e1kou, pro studenou nebo sm\u00ed\u0161enou vodu BEZ_020L -\",\"isPartOf\":{\"@id\":\"https:\/\/www.koupeltech.com\/#website\"},\"primaryImageOfPage\":{\"@id\":\"https:\/\/www.koupeltech.com\/index.php\/produkt\/jen-po-omezenou-doba-deante-umyvadlova-baterie-s-pakou-pro-studenou-nebo-smisenou-vodu-bez-020l-9139\/#primaryimage\"},\"image\":{\"@id\":\"https:\/\/www.koupeltech.com\/index.php\/produkt\/jen-po-omezenou-doba-deante-umyvadlova-baterie-s-pakou-pro-studenou-nebo-smisenou-vodu-bez-020l-9139\/#primaryimage\"},\"thumbnailUrl\":\"https:\/\/www.koupeltech.com\/wp-content\/uploads\/2026\/SK0023603-CZ20260425-092556-0-1777080363-1767808_deante-umyvadlova-baterie-s-pakou--pro-studenou-neb.webp\",\"datePublished\":\"2026-04-27T13:57:10+00:00\",\"breadcrumb\":{\"@id\":\"https:\/\/www.koupeltech.com\/index.php\/produkt\/jen-po-omezenou-doba-deante-umyvadlova-baterie-s-pakou-pro-studenou-nebo-smisenou-vodu-bez-020l-9139\/#breadcrumb\"},\"inLanguage\":\"cs\",\"potentialAction\":[{\"@type\":\"ReadAction\",\"target\":[\"https:\/\/www.koupeltech.com\/index.php\/produkt\/jen-po-omezenou-doba-deante-umyvadlova-baterie-s-pakou-pro-studenou-nebo-smisenou-vodu-bez-020l-9139\/\"]}]},{\"@type\":\"ImageObject\",\"inLanguage\":\"cs\",\"@id\":\"https:\/\/www.koupeltech.com\/index.php\/produkt\/jen-po-omezenou-doba-deante-umyvadlova-baterie-s-pakou-pro-studenou-nebo-smisenou-vodu-bez-020l-9139\/#primaryimage\",\"url\":\"https:\/\/www.koupeltech.com\/wp-content\/uploads\/2026\/SK0023603-CZ20260425-092556-0-1777080363-1767808_deante-umyvadlova-baterie-s-pakou--pro-studenou-neb.webp\",\"contentUrl\":\"https:\/\/www.koupeltech.com\/wp-content\/uploads\/2026\/SK0023603-CZ20260425-092556-0-1777080363-1767808_deante-umyvadlova-baterie-s-pakou--pro-studenou-neb.webp\",\"width\":1000,\"height\":750},{\"@type\":\"BreadcrumbList\",\"@id\":\"https:\/\/www.koupeltech.com\/index.php\/produkt\/jen-po-omezenou-doba-deante-umyvadlova-baterie-s-pakou-pro-studenou-nebo-smisenou-vodu-bez-020l-9139\/#breadcrumb\",\"itemListElement\":[{\"@type\":\"ListItem\",\"position\":1,\"name\":\"Home\",\"item\":\"https:\/\/www.koupeltech.com\/\"},{\"@type\":\"ListItem\",\"position\":2,\"name\":\"Products\",\"item\":\"https:\/\/www.koupeltech.com\/index.php\/products\/\"},{\"@type\":\"ListItem\",\"position\":3,\"name\":\"Jen Po Omezenou Doba DEANTE &#8211; Umyvadlov\u00e1 baterie s p\u00e1kou, pro studenou nebo sm\u00ed\u0161enou vodu BEZ_020L\"}]},{\"@type\":\"WebSite\",\"@id\":\"https:\/\/www.koupeltech.com\/#website\",\"url\":\"https:\/\/www.koupeltech.com\/\",\"name\":\"\",\"description\":\"\",\"potentialAction\":[{\"@type\":\"SearchAction\",\"target\":{\"@type\":\"EntryPoint\",\"urlTemplate\":\"https:\/\/www.koupeltech.com\/?s={search_term_string}\"},\"query-input\":{\"@type\":\"PropertyValueSpecification\",\"valueRequired\":true,\"valueName\":\"search_term_string\"}}],\"inLanguage\":\"cs\"}]}<\/script>\n<!-- \/ Yoast SEO plugin. -->","yoast_head_json":{"title":"Jen Po Omezenou Doba DEANTE - Umyvadlov\u00e1 baterie s p\u00e1kou, pro studenou nebo sm\u00ed\u0161enou vodu BEZ_020L -","robots":{"index":"index","follow":"follow","max-snippet":"max-snippet:-1","max-image-preview":"max-image-preview:large","max-video-preview":"max-video-preview:-1"},"canonical":"https:\/\/www.koupeltech.com\/index.php\/produkt\/jen-po-omezenou-doba-deante-umyvadlova-baterie-s-pakou-pro-studenou-nebo-smisenou-vodu-bez-020l-9139\/","og_locale":"cs_CZ","og_type":"article","og_title":"Jen Po Omezenou Doba DEANTE - Umyvadlov\u00e1 baterie s p\u00e1kou, pro studenou nebo sm\u00ed\u0161enou vodu BEZ_020L -","og_description":"Detailn\u00ed popis produktu Koupelnov\u00e1 umyvadlov\u00e1 baterie Deante je kombinac\u00ed skv\u011bl\u00e9ho designu a funk\u010dn\u00edch ekologick\u00fdch \u0159e\u0161en\u00ed. T\u011blo je vyrobeno z kvalitn\u00ed mosazi, kter\u00e1 zaji\u0161\u0165uje bezprobl\u00e9mov\u00e9 pou\u017e\u00edv\u00e1n\u00ed po cel\u00e1 l\u00e9ta. D\u00edky klasick\u00fdm lini\u00edm se skv\u011ble hod\u00ed k dal\u0161\u00edm dekora\u010dn\u00edm prvk\u016fm v tradi\u010dn\u00edch i modernisti\u010dt\u011bj\u0161\u00edch koupeln\u00e1ch. Jedn\u00e1 se o model s p\u00e1kou. Baterie na studenou nebo sm\u00ed\u0161enou vodu [&hellip;]","og_url":"https:\/\/www.koupeltech.com\/index.php\/produkt\/jen-po-omezenou-doba-deante-umyvadlova-baterie-s-pakou-pro-studenou-nebo-smisenou-vodu-bez-020l-9139\/","og_image":[{"width":1000,"height":750,"url":"https:\/\/www.koupeltech.com\/wp-content\/uploads\/2026\/SK0023603-CZ20260425-092556-0-1777080363-1767808_deante-umyvadlova-baterie-s-pakou--pro-studenou-neb.webp","type":"image\/webp"}],"twitter_card":"summary_large_image","twitter_misc":{"Odhadovan\u00e1 doba \u010dten\u00ed":"1 minuta"},"schema":{"@context":"https:\/\/schema.org","@graph":[{"@type":"WebPage","@id":"https:\/\/www.koupeltech.com\/index.php\/produkt\/jen-po-omezenou-doba-deante-umyvadlova-baterie-s-pakou-pro-studenou-nebo-smisenou-vodu-bez-020l-9139\/","url":"https:\/\/www.koupeltech.com\/index.php\/produkt\/jen-po-omezenou-doba-deante-umyvadlova-baterie-s-pakou-pro-studenou-nebo-smisenou-vodu-bez-020l-9139\/","name":"Jen Po Omezenou Doba DEANTE - Umyvadlov\u00e1 baterie s p\u00e1kou, pro studenou nebo sm\u00ed\u0161enou vodu BEZ_020L -","isPartOf":{"@id":"https:\/\/www.koupeltech.com\/#website"},"primaryImageOfPage":{"@id":"https:\/\/www.koupeltech.com\/index.php\/produkt\/jen-po-omezenou-doba-deante-umyvadlova-baterie-s-pakou-pro-studenou-nebo-smisenou-vodu-bez-020l-9139\/#primaryimage"},"image":{"@id":"https:\/\/www.koupeltech.com\/index.php\/produkt\/jen-po-omezenou-doba-deante-umyvadlova-baterie-s-pakou-pro-studenou-nebo-smisenou-vodu-bez-020l-9139\/#primaryimage"},"thumbnailUrl":"https:\/\/www.koupeltech.com\/wp-content\/uploads\/2026\/SK0023603-CZ20260425-092556-0-1777080363-1767808_deante-umyvadlova-baterie-s-pakou--pro-studenou-neb.webp","datePublished":"2026-04-27T13:57:10+00:00","breadcrumb":{"@id":"https:\/\/www.koupeltech.com\/index.php\/produkt\/jen-po-omezenou-doba-deante-umyvadlova-baterie-s-pakou-pro-studenou-nebo-smisenou-vodu-bez-020l-9139\/#breadcrumb"},"inLanguage":"cs","potentialAction":[{"@type":"ReadAction","target":["https:\/\/www.koupeltech.com\/index.php\/produkt\/jen-po-omezenou-doba-deante-umyvadlova-baterie-s-pakou-pro-studenou-nebo-smisenou-vodu-bez-020l-9139\/"]}]},{"@type":"ImageObject","inLanguage":"cs","@id":"https:\/\/www.koupeltech.com\/index.php\/produkt\/jen-po-omezenou-doba-deante-umyvadlova-baterie-s-pakou-pro-studenou-nebo-smisenou-vodu-bez-020l-9139\/#primaryimage","url":"https:\/\/www.koupeltech.com\/wp-content\/uploads\/2026\/SK0023603-CZ20260425-092556-0-1777080363-1767808_deante-umyvadlova-baterie-s-pakou--pro-studenou-neb.webp","contentUrl":"https:\/\/www.koupeltech.com\/wp-content\/uploads\/2026\/SK0023603-CZ20260425-092556-0-1777080363-1767808_deante-umyvadlova-baterie-s-pakou--pro-studenou-neb.webp","width":1000,"height":750},{"@type":"BreadcrumbList","@id":"https:\/\/www.koupeltech.com\/index.php\/produkt\/jen-po-omezenou-doba-deante-umyvadlova-baterie-s-pakou-pro-studenou-nebo-smisenou-vodu-bez-020l-9139\/#breadcrumb","itemListElement":[{"@type":"ListItem","position":1,"name":"Home","item":"https:\/\/www.koupeltech.com\/"},{"@type":"ListItem","position":2,"name":"Products","item":"https:\/\/www.koupeltech.com\/index.php\/products\/"},{"@type":"ListItem","position":3,"name":"Jen Po Omezenou Doba DEANTE &#8211; Umyvadlov\u00e1 baterie s p\u00e1kou, pro studenou nebo sm\u00ed\u0161enou vodu BEZ_020L"}]},{"@type":"WebSite","@id":"https:\/\/www.koupeltech.com\/#website","url":"https:\/\/www.koupeltech.com\/","name":"","description":"","potentialAction":[{"@type":"SearchAction","target":{"@type":"EntryPoint","urlTemplate":"https:\/\/www.koupeltech.com\/?s={search_term_string}"},"query-input":{"@type":"PropertyValueSpecification","valueRequired":true,"valueName":"search_term_string"}}],"inLanguage":"cs"}]}},"_links":{"self":[{"href":"https:\/\/www.koupeltech.com\/index.php\/wp-json\/wp\/v2\/product\/9139","targetHints":{"allow":["GET"]}}],"collection":[{"href":"https:\/\/www.koupeltech.com\/index.php\/wp-json\/wp\/v2\/product"}],"about":[{"href":"https:\/\/www.koupeltech.com\/index.php\/wp-json\/wp\/v2\/types\/product"}],"replies":[{"embeddable":true,"href":"https:\/\/www.koupeltech.com\/index.php\/wp-json\/wp\/v2\/comments?post=9139"}],"wp:featuredmedia":[{"embeddable":true,"href":"https:\/\/www.koupeltech.com\/index.php\/wp-json\/wp\/v2\/media\/9239"}],"wp:attachment":[{"href":"https:\/\/www.koupeltech.com\/index.php\/wp-json\/wp\/v2\/media?parent=9139"}],"wp:term":[{"taxonomy":"product_brand","embeddable":true,"href":"https:\/\/www.koupeltech.com\/index.php\/wp-json\/wp\/v2\/product_brand?post=9139"},{"taxonomy":"product_cat","embeddable":true,"href":"https:\/\/www.koupeltech.com\/index.php\/wp-json\/wp\/v2\/product_cat?post=9139"},{"taxonomy":"product_tag","embeddable":true,"href":"https:\/\/www.koupeltech.com\/index.php\/wp-json\/wp\/v2\/product_tag?post=9139"}],"curies":[{"name":"wp","href":"https:\/\/api.w.org\/{rel}","templated":true}]}}