{"id":9147,"date":"2026-04-27T13:57:10","date_gmt":"2026-04-27T13:57:10","guid":{"rendered":""},"modified":"2026-04-27T13:57:10","modified_gmt":"2026-04-27T13:57:10","slug":"vyprodej-omnires-switch-drezova-baterie-se-sadou-filtru-d1-brousena-mosaz-sw9057-fd1bsb-9147","status":"publish","type":"product","link":"https:\/\/www.koupeltech.com\/index.php\/produkt\/vyprodej-omnires-switch-drezova-baterie-se-sadou-filtru-d1-brousena-mosaz-sw9057-fd1bsb-9147\/","title":{"rendered":"V\u00fdprodej OMNIRES &#8211; SWITCH d\u0159ezov\u00e1 baterie se sadou filtru D1, brou\u0161en\u00e1 mosaz SW9057-FD1BSB"},"content":{"rendered":"<div class=\"basic-description\">\n<h3>Detailn\u00ed popis produktu<\/h3>\n<p>Kuchy\u0148sk\u00e1 baterie\u00a0<strong>OMNIRES SWITCH<\/strong>\u00a0kombinuje minimalistick\u00fd design zalo\u017een\u00fd na vyv\u00e1\u017een\u00fdch proporc\u00edch s praktickou funk\u010dnost\u00ed, poskytuje\u00a0<strong>b\u011b\u017enou a filtrovanou vodu<\/strong>.\u00a0V\u00fdrazn\u00e9, precizn\u011b \u017eebrovan\u00e9 detaily umo\u017e\u0148uj\u00ed intuitivn\u00ed pou\u017eit\u00ed t\u00edm, \u017ee ozna\u010duj\u00ed dva nez\u00e1visl\u00e9 body otev\u0159en\u00ed vody: b\u011b\u017enou vodu a filtrovanou vodu na konci v\u00fdtoku &#8211; sta\u010d\u00ed oto\u010dit krou\u017ekem um\u00edst\u011bn\u00fdm na n\u011bm a naplnit sklenici rychl\u00fdm proudem pitn\u00e9 vody s nejvy\u0161\u0161\u00ed chut\u00ed.\u00a0<\/p>\n<p><strong>Baterie<\/strong>\u00a0je k dispozici v setu se\u00a0<strong>syst\u00e9mem vodn\u00ed filtrace Dafi<\/strong>, kter\u00fd se skl\u00e1d\u00e1 z filtra\u010dn\u00ed patrony a pr\u016ftokom\u011bru.\u00a0Technologie aktivn\u00edho uhl\u00ed a prysky\u0159ice pou\u017eit\u00e1 ve filtru umo\u017e\u0148uje sn\u00ed\u017eit obsah chl\u00f3ru a t\u011b\u017ek\u00fdch kov\u016f a tak\u00e9 sn\u00ed\u017eit \u00farove\u0148 tvrdosti vody.\u00a0V\u00fdm\u011bna filtru je extr\u00e9mn\u011b jednoduch\u00e1 a m\u011b\u0159i\u010d o jej\u00ed nutnosti informuje na z\u00e1klad\u011b skute\u010dn\u00e9ho pr\u016ftoku vy\u010di\u0161t\u011bn\u00e9 vody.\u00a0Prvky filtra\u010dn\u00edho syst\u00e9mu se snadno instaluj\u00ed do jak\u00e9koli standardn\u00ed d\u0159ezov\u00e9 sk\u0159\u00ed\u0148ky.<\/p>\n<p>V\u00fdrobek je vyroben z vysoce kvalitn\u00ed mosazi a vybaven nejkvalitn\u011bj\u0161\u00ed keramickou kartu\u0161\u00ed s technologi\u00ed\u00a0<strong>COLD START<\/strong>.\u00a0D\u00edky tomu se proud na myt\u00ed rukou a n\u00e1dob\u00ed standardn\u011b otev\u00edr\u00e1 studenou vodou, co\u017e \u0161et\u0159\u00ed energii a spot\u0159ebu tepl\u00e9 vody.\u00a0Vertik\u00e1ln\u00ed v\u00fdchoz\u00ed poloha baterie umo\u017e\u0148uje instalaci baterie bl\u00edzko zdi, ani\u017e byste se museli starat o prostor pot\u0159ebn\u00fd k jej\u00edmu oto\u010den\u00ed pro otev\u0159en\u00ed zdroje vody.<\/p>\n<p>Kart\u00e1\u010dovan\u00e1 mosaz m\u00e1 u\u0161lechtilou povrchovou \u00fapravu v odst\u00ednu studen\u00e9ho zlata a sat\u00e9nov\u011b brou\u0161en\u00fd povrch.\u00a0Povlak byl vyroben pomoc\u00ed pokro\u010dil\u00e9 technologie PVD.<\/p>\n<ul>\n<li>oto\u010dn\u00fd dvoucestn\u00fd v\u00fdtok s funkc\u00ed filtrovan\u00e9 vody<\/li>\n<li><strong>sada obsahuje filtra\u010dn\u00ed sadu<\/strong>\u00a0(\u00a0filtra\u010dn\u00ed patrona\u00a0, elektronick\u00fd pr\u016ftokom\u011br a p\u00e1sek pro kontrolu tvrdosti vody)<\/li>\n<li>keramick\u00e1 kartu\u0161 s technologi\u00ed\u00a0<strong>COLD START<\/strong><\/li>\n<li>dosah v\u00fdtoku: 22,6 cm<\/li>\n<li>v\u00fd\u0161ka odtoku vody: 25,5 cm<\/li>\n<li>celkov\u00e1 v\u00fd\u0161ka baterie: 44,5 cm<\/li>\n<li>maxim\u00e1ln\u00ed tlou\u0161\u0165ka desky stolu: 3,5 cm<\/li>\n<\/ul><\/div>\n<div class=\"extended-description\">\n<h3>Dopl\u0148kov\u00e9 parametry<\/h3>\n<table class=\"detail-parameters\">\n<tbody>\n<tr>\n<th>        <span class=\"row-header-label\">            Kategorie<span class=\"row-header-label-colon\">:<\/span>        <\/span>    <\/th>\n<td>            <\/td>\n<\/tr>\n<tr>\n<th>            <span class=\"row-header-label\">                Z\u00e1ruka<span class=\"row-header-label-colon\">:<\/span>            <\/span>        <\/th>\n<td>            24        <\/td>\n<\/tr>\n<tr>\n<th>            <span class=\"row-header-label\">                Hmotnost<span class=\"row-header-label-colon\">:<\/span>            <\/span>        <\/th>\n<td>            3 kg        <\/td>\n<\/tr>\n<tr class=\"productEan\">\n<th>          <span class=\"row-header-label productEan__label\">              EAN<span class=\"row-header-label-colon\">:<\/span>          <\/span>      <\/th>\n<td>          <span class=\"productEan__value\">5902539873955<\/span>      <\/td>\n<\/tr>\n<tr>\n<th>                <span class=\"row-header-label\">                                            Dostupnost<span class=\"row-header-label-colon\">:<\/span>                                    <\/span>            <\/th>\n<td>                                                            Dod\u00e1n\u00ed do 14ti dn\u016f                                                <\/td>\n<\/tr>\n<\/tbody>\n<\/table><\/div>\n<\/p><\/div>\n<\/p><\/div>\n","protected":false},"excerpt":{"rendered":"<p>Detailn\u00ed popis produktu Kuchy\u0148sk\u00e1 baterie\u00a0OMNIRES SWITCH\u00a0kombinuje minimalistick\u00fd design zalo\u017een\u00fd na vyv\u00e1\u017een\u00fdch proporc\u00edch s praktickou funk\u010dnost\u00ed, poskytuje\u00a0b\u011b\u017enou a filtrovanou vodu.\u00a0V\u00fdrazn\u00e9, precizn\u011b \u017eebrovan\u00e9 detaily umo\u017e\u0148uj\u00ed intuitivn\u00ed pou\u017eit\u00ed t\u00edm, \u017ee ozna\u010duj\u00ed dva nez\u00e1visl\u00e9 body otev\u0159en\u00ed vody: b\u011b\u017enou vodu a filtrovanou vodu na konci v\u00fdtoku &#8211; sta\u010d\u00ed oto\u010dit krou\u017ekem um\u00edst\u011bn\u00fdm na n\u011bm a naplnit sklenici rychl\u00fdm proudem pitn\u00e9 vody [&hellip;]<\/p>\n","protected":false},"featured_media":9247,"comment_status":"open","ping_status":"open","template":"","meta":[],"product_brand":[],"product_cat":[59],"product_tag":[],"class_list":{"0":"post-9147","1":"product","2":"type-product","3":"status-publish","4":"has-post-thumbnail","6":"product_cat-vodovodni-baterie","8":"first","9":"instock","10":"sale","11":"shipping-taxable","12":"purchasable","13":"product-type-simple"},"yoast_head":"<!-- This site is optimized with the Yoast SEO plugin v26.8 - https:\/\/yoast.com\/product\/yoast-seo-wordpress\/ -->\n<title>V\u00fdprodej OMNIRES - SWITCH d\u0159ezov\u00e1 baterie se sadou filtru D1, brou\u0161en\u00e1 mosaz SW9057-FD1BSB -<\/title>\n<meta name=\"robots\" content=\"index, follow, max-snippet:-1, max-image-preview:large, max-video-preview:-1\" \/>\n<link rel=\"canonical\" href=\"https:\/\/www.koupeltech.com\/index.php\/produkt\/vyprodej-omnires-switch-drezova-baterie-se-sadou-filtru-d1-brousena-mosaz-sw9057-fd1bsb-9147\/\" \/>\n<meta property=\"og:locale\" content=\"cs_CZ\" \/>\n<meta property=\"og:type\" content=\"article\" \/>\n<meta property=\"og:title\" content=\"V\u00fdprodej OMNIRES - SWITCH d\u0159ezov\u00e1 baterie se sadou filtru D1, brou\u0161en\u00e1 mosaz SW9057-FD1BSB -\" \/>\n<meta property=\"og:description\" content=\"Detailn\u00ed popis produktu Kuchy\u0148sk\u00e1 baterie\u00a0OMNIRES SWITCH\u00a0kombinuje minimalistick\u00fd design zalo\u017een\u00fd na vyv\u00e1\u017een\u00fdch proporc\u00edch s praktickou funk\u010dnost\u00ed, poskytuje\u00a0b\u011b\u017enou a filtrovanou vodu.\u00a0V\u00fdrazn\u00e9, precizn\u011b \u017eebrovan\u00e9 detaily umo\u017e\u0148uj\u00ed intuitivn\u00ed pou\u017eit\u00ed t\u00edm, \u017ee ozna\u010duj\u00ed dva nez\u00e1visl\u00e9 body otev\u0159en\u00ed vody: b\u011b\u017enou vodu a filtrovanou vodu na konci v\u00fdtoku &#8211; sta\u010d\u00ed oto\u010dit krou\u017ekem um\u00edst\u011bn\u00fdm na n\u011bm a naplnit sklenici rychl\u00fdm proudem pitn\u00e9 vody [&hellip;]\" \/>\n<meta property=\"og:url\" content=\"https:\/\/www.koupeltech.com\/index.php\/produkt\/vyprodej-omnires-switch-drezova-baterie-se-sadou-filtru-d1-brousena-mosaz-sw9057-fd1bsb-9147\/\" \/>\n<meta property=\"og:image\" content=\"https:\/\/www.koupeltech.com\/wp-content\/uploads\/2026\/SK0023611-CZ20260425-092556-0-1777080363-1772266_omnires-switch-drezova-baterie-se-sadou-filtru-d1--.webp\" \/>\n\t<meta property=\"og:image:width\" content=\"1000\" \/>\n\t<meta property=\"og:image:height\" content=\"750\" \/>\n\t<meta property=\"og:image:type\" content=\"image\/webp\" \/>\n<meta name=\"twitter:card\" content=\"summary_large_image\" \/>\n<meta name=\"twitter:label1\" content=\"Odhadovan\u00e1 doba \u010dten\u00ed\" \/>\n\t<meta name=\"twitter:data1\" content=\"2 minuty\" \/>\n<script type=\"application\/ld+json\" class=\"yoast-schema-graph\">{\"@context\":\"https:\/\/schema.org\",\"@graph\":[{\"@type\":\"WebPage\",\"@id\":\"https:\/\/www.koupeltech.com\/index.php\/produkt\/vyprodej-omnires-switch-drezova-baterie-se-sadou-filtru-d1-brousena-mosaz-sw9057-fd1bsb-9147\/\",\"url\":\"https:\/\/www.koupeltech.com\/index.php\/produkt\/vyprodej-omnires-switch-drezova-baterie-se-sadou-filtru-d1-brousena-mosaz-sw9057-fd1bsb-9147\/\",\"name\":\"V\u00fdprodej OMNIRES - SWITCH d\u0159ezov\u00e1 baterie se sadou filtru D1, brou\u0161en\u00e1 mosaz SW9057-FD1BSB -\",\"isPartOf\":{\"@id\":\"https:\/\/www.koupeltech.com\/#website\"},\"primaryImageOfPage\":{\"@id\":\"https:\/\/www.koupeltech.com\/index.php\/produkt\/vyprodej-omnires-switch-drezova-baterie-se-sadou-filtru-d1-brousena-mosaz-sw9057-fd1bsb-9147\/#primaryimage\"},\"image\":{\"@id\":\"https:\/\/www.koupeltech.com\/index.php\/produkt\/vyprodej-omnires-switch-drezova-baterie-se-sadou-filtru-d1-brousena-mosaz-sw9057-fd1bsb-9147\/#primaryimage\"},\"thumbnailUrl\":\"https:\/\/www.koupeltech.com\/wp-content\/uploads\/2026\/SK0023611-CZ20260425-092556-0-1777080363-1772266_omnires-switch-drezova-baterie-se-sadou-filtru-d1--.webp\",\"datePublished\":\"2026-04-27T13:57:10+00:00\",\"breadcrumb\":{\"@id\":\"https:\/\/www.koupeltech.com\/index.php\/produkt\/vyprodej-omnires-switch-drezova-baterie-se-sadou-filtru-d1-brousena-mosaz-sw9057-fd1bsb-9147\/#breadcrumb\"},\"inLanguage\":\"cs\",\"potentialAction\":[{\"@type\":\"ReadAction\",\"target\":[\"https:\/\/www.koupeltech.com\/index.php\/produkt\/vyprodej-omnires-switch-drezova-baterie-se-sadou-filtru-d1-brousena-mosaz-sw9057-fd1bsb-9147\/\"]}]},{\"@type\":\"ImageObject\",\"inLanguage\":\"cs\",\"@id\":\"https:\/\/www.koupeltech.com\/index.php\/produkt\/vyprodej-omnires-switch-drezova-baterie-se-sadou-filtru-d1-brousena-mosaz-sw9057-fd1bsb-9147\/#primaryimage\",\"url\":\"https:\/\/www.koupeltech.com\/wp-content\/uploads\/2026\/SK0023611-CZ20260425-092556-0-1777080363-1772266_omnires-switch-drezova-baterie-se-sadou-filtru-d1--.webp\",\"contentUrl\":\"https:\/\/www.koupeltech.com\/wp-content\/uploads\/2026\/SK0023611-CZ20260425-092556-0-1777080363-1772266_omnires-switch-drezova-baterie-se-sadou-filtru-d1--.webp\",\"width\":1000,\"height\":750},{\"@type\":\"BreadcrumbList\",\"@id\":\"https:\/\/www.koupeltech.com\/index.php\/produkt\/vyprodej-omnires-switch-drezova-baterie-se-sadou-filtru-d1-brousena-mosaz-sw9057-fd1bsb-9147\/#breadcrumb\",\"itemListElement\":[{\"@type\":\"ListItem\",\"position\":1,\"name\":\"Home\",\"item\":\"https:\/\/www.koupeltech.com\/\"},{\"@type\":\"ListItem\",\"position\":2,\"name\":\"Products\",\"item\":\"https:\/\/www.koupeltech.com\/index.php\/products\/\"},{\"@type\":\"ListItem\",\"position\":3,\"name\":\"V\u00fdprodej OMNIRES &#8211; SWITCH d\u0159ezov\u00e1 baterie se sadou filtru D1, brou\u0161en\u00e1 mosaz SW9057-FD1BSB\"}]},{\"@type\":\"WebSite\",\"@id\":\"https:\/\/www.koupeltech.com\/#website\",\"url\":\"https:\/\/www.koupeltech.com\/\",\"name\":\"\",\"description\":\"\",\"potentialAction\":[{\"@type\":\"SearchAction\",\"target\":{\"@type\":\"EntryPoint\",\"urlTemplate\":\"https:\/\/www.koupeltech.com\/?s={search_term_string}\"},\"query-input\":{\"@type\":\"PropertyValueSpecification\",\"valueRequired\":true,\"valueName\":\"search_term_string\"}}],\"inLanguage\":\"cs\"}]}<\/script>\n<!-- \/ Yoast SEO plugin. -->","yoast_head_json":{"title":"V\u00fdprodej OMNIRES - SWITCH d\u0159ezov\u00e1 baterie se sadou filtru D1, brou\u0161en\u00e1 mosaz SW9057-FD1BSB -","robots":{"index":"index","follow":"follow","max-snippet":"max-snippet:-1","max-image-preview":"max-image-preview:large","max-video-preview":"max-video-preview:-1"},"canonical":"https:\/\/www.koupeltech.com\/index.php\/produkt\/vyprodej-omnires-switch-drezova-baterie-se-sadou-filtru-d1-brousena-mosaz-sw9057-fd1bsb-9147\/","og_locale":"cs_CZ","og_type":"article","og_title":"V\u00fdprodej OMNIRES - SWITCH d\u0159ezov\u00e1 baterie se sadou filtru D1, brou\u0161en\u00e1 mosaz SW9057-FD1BSB -","og_description":"Detailn\u00ed popis produktu Kuchy\u0148sk\u00e1 baterie\u00a0OMNIRES SWITCH\u00a0kombinuje minimalistick\u00fd design zalo\u017een\u00fd na vyv\u00e1\u017een\u00fdch proporc\u00edch s praktickou funk\u010dnost\u00ed, poskytuje\u00a0b\u011b\u017enou a filtrovanou vodu.\u00a0V\u00fdrazn\u00e9, precizn\u011b \u017eebrovan\u00e9 detaily umo\u017e\u0148uj\u00ed intuitivn\u00ed pou\u017eit\u00ed t\u00edm, \u017ee ozna\u010duj\u00ed dva nez\u00e1visl\u00e9 body otev\u0159en\u00ed vody: b\u011b\u017enou vodu a filtrovanou vodu na konci v\u00fdtoku &#8211; sta\u010d\u00ed oto\u010dit krou\u017ekem um\u00edst\u011bn\u00fdm na n\u011bm a naplnit sklenici rychl\u00fdm proudem pitn\u00e9 vody [&hellip;]","og_url":"https:\/\/www.koupeltech.com\/index.php\/produkt\/vyprodej-omnires-switch-drezova-baterie-se-sadou-filtru-d1-brousena-mosaz-sw9057-fd1bsb-9147\/","og_image":[{"width":1000,"height":750,"url":"https:\/\/www.koupeltech.com\/wp-content\/uploads\/2026\/SK0023611-CZ20260425-092556-0-1777080363-1772266_omnires-switch-drezova-baterie-se-sadou-filtru-d1--.webp","type":"image\/webp"}],"twitter_card":"summary_large_image","twitter_misc":{"Odhadovan\u00e1 doba \u010dten\u00ed":"2 minuty"},"schema":{"@context":"https:\/\/schema.org","@graph":[{"@type":"WebPage","@id":"https:\/\/www.koupeltech.com\/index.php\/produkt\/vyprodej-omnires-switch-drezova-baterie-se-sadou-filtru-d1-brousena-mosaz-sw9057-fd1bsb-9147\/","url":"https:\/\/www.koupeltech.com\/index.php\/produkt\/vyprodej-omnires-switch-drezova-baterie-se-sadou-filtru-d1-brousena-mosaz-sw9057-fd1bsb-9147\/","name":"V\u00fdprodej OMNIRES - SWITCH d\u0159ezov\u00e1 baterie se sadou filtru D1, brou\u0161en\u00e1 mosaz SW9057-FD1BSB -","isPartOf":{"@id":"https:\/\/www.koupeltech.com\/#website"},"primaryImageOfPage":{"@id":"https:\/\/www.koupeltech.com\/index.php\/produkt\/vyprodej-omnires-switch-drezova-baterie-se-sadou-filtru-d1-brousena-mosaz-sw9057-fd1bsb-9147\/#primaryimage"},"image":{"@id":"https:\/\/www.koupeltech.com\/index.php\/produkt\/vyprodej-omnires-switch-drezova-baterie-se-sadou-filtru-d1-brousena-mosaz-sw9057-fd1bsb-9147\/#primaryimage"},"thumbnailUrl":"https:\/\/www.koupeltech.com\/wp-content\/uploads\/2026\/SK0023611-CZ20260425-092556-0-1777080363-1772266_omnires-switch-drezova-baterie-se-sadou-filtru-d1--.webp","datePublished":"2026-04-27T13:57:10+00:00","breadcrumb":{"@id":"https:\/\/www.koupeltech.com\/index.php\/produkt\/vyprodej-omnires-switch-drezova-baterie-se-sadou-filtru-d1-brousena-mosaz-sw9057-fd1bsb-9147\/#breadcrumb"},"inLanguage":"cs","potentialAction":[{"@type":"ReadAction","target":["https:\/\/www.koupeltech.com\/index.php\/produkt\/vyprodej-omnires-switch-drezova-baterie-se-sadou-filtru-d1-brousena-mosaz-sw9057-fd1bsb-9147\/"]}]},{"@type":"ImageObject","inLanguage":"cs","@id":"https:\/\/www.koupeltech.com\/index.php\/produkt\/vyprodej-omnires-switch-drezova-baterie-se-sadou-filtru-d1-brousena-mosaz-sw9057-fd1bsb-9147\/#primaryimage","url":"https:\/\/www.koupeltech.com\/wp-content\/uploads\/2026\/SK0023611-CZ20260425-092556-0-1777080363-1772266_omnires-switch-drezova-baterie-se-sadou-filtru-d1--.webp","contentUrl":"https:\/\/www.koupeltech.com\/wp-content\/uploads\/2026\/SK0023611-CZ20260425-092556-0-1777080363-1772266_omnires-switch-drezova-baterie-se-sadou-filtru-d1--.webp","width":1000,"height":750},{"@type":"BreadcrumbList","@id":"https:\/\/www.koupeltech.com\/index.php\/produkt\/vyprodej-omnires-switch-drezova-baterie-se-sadou-filtru-d1-brousena-mosaz-sw9057-fd1bsb-9147\/#breadcrumb","itemListElement":[{"@type":"ListItem","position":1,"name":"Home","item":"https:\/\/www.koupeltech.com\/"},{"@type":"ListItem","position":2,"name":"Products","item":"https:\/\/www.koupeltech.com\/index.php\/products\/"},{"@type":"ListItem","position":3,"name":"V\u00fdprodej OMNIRES &#8211; SWITCH d\u0159ezov\u00e1 baterie se sadou filtru D1, brou\u0161en\u00e1 mosaz SW9057-FD1BSB"}]},{"@type":"WebSite","@id":"https:\/\/www.koupeltech.com\/#website","url":"https:\/\/www.koupeltech.com\/","name":"","description":"","potentialAction":[{"@type":"SearchAction","target":{"@type":"EntryPoint","urlTemplate":"https:\/\/www.koupeltech.com\/?s={search_term_string}"},"query-input":{"@type":"PropertyValueSpecification","valueRequired":true,"valueName":"search_term_string"}}],"inLanguage":"cs"}]}},"_links":{"self":[{"href":"https:\/\/www.koupeltech.com\/index.php\/wp-json\/wp\/v2\/product\/9147","targetHints":{"allow":["GET"]}}],"collection":[{"href":"https:\/\/www.koupeltech.com\/index.php\/wp-json\/wp\/v2\/product"}],"about":[{"href":"https:\/\/www.koupeltech.com\/index.php\/wp-json\/wp\/v2\/types\/product"}],"replies":[{"embeddable":true,"href":"https:\/\/www.koupeltech.com\/index.php\/wp-json\/wp\/v2\/comments?post=9147"}],"wp:featuredmedia":[{"embeddable":true,"href":"https:\/\/www.koupeltech.com\/index.php\/wp-json\/wp\/v2\/media\/9247"}],"wp:attachment":[{"href":"https:\/\/www.koupeltech.com\/index.php\/wp-json\/wp\/v2\/media?parent=9147"}],"wp:term":[{"taxonomy":"product_brand","embeddable":true,"href":"https:\/\/www.koupeltech.com\/index.php\/wp-json\/wp\/v2\/product_brand?post=9147"},{"taxonomy":"product_cat","embeddable":true,"href":"https:\/\/www.koupeltech.com\/index.php\/wp-json\/wp\/v2\/product_cat?post=9147"},{"taxonomy":"product_tag","embeddable":true,"href":"https:\/\/www.koupeltech.com\/index.php\/wp-json\/wp\/v2\/product_tag?post=9147"}],"curies":[{"name":"wp","href":"https:\/\/api.w.org\/{rel}","templated":true}]}}