{"id":9148,"date":"2026-04-27T13:57:10","date_gmt":"2026-04-27T13:57:10","guid":{"rendered":""},"modified":"2026-04-27T13:57:10","modified_gmt":"2026-04-27T13:57:10","slug":"mexen-s-apia-sprchovy-kout-140x100-dekor-pruhy-chrom-840-140-100-01-20-akcni-cena-9148","status":"publish","type":"product","link":"https:\/\/www.koupeltech.com\/index.php\/produkt\/mexen-s-apia-sprchovy-kout-140x100-dekor-pruhy-chrom-840-140-100-01-20-akcni-cena-9148\/","title":{"rendered":"MEXEN\/S &#8211; APIA sprchov\u00fd kout 140&#215;100, dekor &#8211; pruhy, chrom 840-140-100-01-20 Ak\u010dn\u00ed Cena"},"content":{"rendered":"<div class=\"basic-description\">\n<h3>Detailn\u00ed popis produktu<\/h3>\n<p>Technick\u00e1 data:<\/p>\n<p>Velikost: 140&#215;100 cm (dve\u0159e 140 cm, st\u011bna 100 cm)<\/p>\n<p>V\u00fd\u0161ka: 190 cm<\/p>\n<p>Mont\u00e1\u017e: Univerz\u00e1ln\u00ed<\/p>\n<p>Vchod: posuvn\u00e9 dve\u0159e<\/p>\n<p>Barva skla: transparentn\u00ed \/ pruhy<\/p>\n<p>Povrchov\u00e1 \u00faprava: \u010dern\u00e1<\/p>\n<p>Typ skla: tvrzen\u00e9<\/p>\n<p>Tlou\u0161\u0165ka skla: 5 mm<\/p>\n<p>Profil: hlin\u00edk<\/p>\n<p>Povlak pro snadn\u00e9 \u010di\u0161t\u011bn\u00ed: Ano<\/p>\n<p>Vyrovn\u00e1n\u00ed nerovnost\u00ed st\u011bny: Ano<\/p>\n<p>Nastaven\u00ed \u0161\u00ed\u0159ky: Ano<\/p>\n<p>Lze namontovat na brouzdali\u0161t\u011b nebo dla\u017edice: Ano<\/p>\n<p>Kovov\u00e1 rukoje\u0165<\/p>\n<p>Sada t\u011bsn\u011bn\u00ed pro odvod vody<\/p>\n<p>Hlin\u00edkov\u00fd pr\u00e1h dve\u0159\u00ed<\/p>\n<\/p><\/div>\n<div class=\"extended-description\">\n<h3>Dopl\u0148kov\u00e9 parametry<\/h3>\n<table class=\"detail-parameters\">\n<tbody>\n<tr>\n<th>        <span class=\"row-header-label\">            Kategorie<span class=\"row-header-label-colon\">:<\/span>        <\/span>    <\/th>\n<td>            <\/td>\n<\/tr>\n<tr>\n<th>            <span class=\"row-header-label\">                Z\u00e1ruka<span class=\"row-header-label-colon\">:<\/span>            <\/span>        <\/th>\n<td>            2 roky        <\/td>\n<\/tr>\n<tr>\n<th>            <span class=\"row-header-label\">                Hmotnost<span class=\"row-header-label-colon\">:<\/span>            <\/span>        <\/th>\n<td>            30 kg        <\/td>\n<\/tr>\n<tr class=\"productEan\">\n<th>          <span class=\"row-header-label productEan__label\">              EAN<span class=\"row-header-label-colon\">:<\/span>          <\/span>      <\/th>\n<td>          <span class=\"productEan__value\">5907709121508<\/span>      <\/td>\n<\/tr>\n<tr>\n<th>                <span class=\"row-header-label\">                                            Dostupnost<span class=\"row-header-label-colon\">:<\/span>                                    <\/span>            <\/th>\n<td>                                                            Dod\u00e1n\u00ed do 14ti dn\u016f                                                <\/td>\n<\/tr>\n<\/tbody>\n<\/table><\/div>\n<\/p><\/div>\n<\/p><\/div>\n","protected":false},"excerpt":{"rendered":"<p>Detailn\u00ed popis produktu Technick\u00e1 data: Velikost: 140&#215;100 cm (dve\u0159e 140 cm, st\u011bna 100 cm) V\u00fd\u0161ka: 190 cm Mont\u00e1\u017e: Univerz\u00e1ln\u00ed Vchod: posuvn\u00e9 dve\u0159e Barva skla: transparentn\u00ed \/ pruhy Povrchov\u00e1 \u00faprava: \u010dern\u00e1 Typ skla: tvrzen\u00e9 Tlou\u0161\u0165ka skla: 5 mm Profil: hlin\u00edk Povlak pro snadn\u00e9 \u010di\u0161t\u011bn\u00ed: Ano Vyrovn\u00e1n\u00ed nerovnost\u00ed st\u011bny: Ano Nastaven\u00ed \u0161\u00ed\u0159ky: Ano Lze namontovat na brouzdali\u0161t\u011b [&hellip;]<\/p>\n","protected":false},"featured_media":9248,"comment_status":"open","ping_status":"open","template":"","meta":[],"product_brand":[],"product_cat":[57],"product_tag":[],"class_list":{"0":"post-9148","1":"product","2":"type-product","3":"status-publish","4":"has-post-thumbnail","6":"product_cat-sprchove-kouty","8":"first","9":"instock","10":"sale","11":"shipping-taxable","12":"purchasable","13":"product-type-simple"},"yoast_head":"<!-- This site is optimized with the Yoast SEO plugin v26.8 - https:\/\/yoast.com\/product\/yoast-seo-wordpress\/ -->\n<title>MEXEN\/S - APIA sprchov\u00fd kout 140x100, dekor - pruhy, chrom 840-140-100-01-20 Ak\u010dn\u00ed Cena -<\/title>\n<meta name=\"robots\" content=\"index, follow, max-snippet:-1, max-image-preview:large, max-video-preview:-1\" \/>\n<link rel=\"canonical\" href=\"https:\/\/www.koupeltech.com\/index.php\/produkt\/mexen-s-apia-sprchovy-kout-140x100-dekor-pruhy-chrom-840-140-100-01-20-akcni-cena-9148\/\" \/>\n<meta property=\"og:locale\" content=\"cs_CZ\" \/>\n<meta property=\"og:type\" content=\"article\" \/>\n<meta property=\"og:title\" content=\"MEXEN\/S - APIA sprchov\u00fd kout 140x100, dekor - pruhy, chrom 840-140-100-01-20 Ak\u010dn\u00ed Cena -\" \/>\n<meta property=\"og:description\" content=\"Detailn\u00ed popis produktu Technick\u00e1 data: Velikost: 140&#215;100 cm (dve\u0159e 140 cm, st\u011bna 100 cm) V\u00fd\u0161ka: 190 cm Mont\u00e1\u017e: Univerz\u00e1ln\u00ed Vchod: posuvn\u00e9 dve\u0159e Barva skla: transparentn\u00ed \/ pruhy Povrchov\u00e1 \u00faprava: \u010dern\u00e1 Typ skla: tvrzen\u00e9 Tlou\u0161\u0165ka skla: 5 mm Profil: hlin\u00edk Povlak pro snadn\u00e9 \u010di\u0161t\u011bn\u00ed: Ano Vyrovn\u00e1n\u00ed nerovnost\u00ed st\u011bny: Ano Nastaven\u00ed \u0161\u00ed\u0159ky: Ano Lze namontovat na brouzdali\u0161t\u011b [&hellip;]\" \/>\n<meta property=\"og:url\" content=\"https:\/\/www.koupeltech.com\/index.php\/produkt\/mexen-s-apia-sprchovy-kout-140x100-dekor-pruhy-chrom-840-140-100-01-20-akcni-cena-9148\/\" \/>\n<meta property=\"og:image\" content=\"https:\/\/www.koupeltech.com\/wp-content\/uploads\/2026\/SK0023612-CZ20260425-092556-0-1777080363-1772701_mexen-s-apia-sprchovy-kout-140x100--dekor-pruhy--ch.webp\" \/>\n\t<meta property=\"og:image:width\" content=\"1000\" \/>\n\t<meta property=\"og:image:height\" content=\"750\" \/>\n\t<meta property=\"og:image:type\" content=\"image\/webp\" \/>\n<meta name=\"twitter:card\" content=\"summary_large_image\" \/>\n<script type=\"application\/ld+json\" class=\"yoast-schema-graph\">{\"@context\":\"https:\/\/schema.org\",\"@graph\":[{\"@type\":\"WebPage\",\"@id\":\"https:\/\/www.koupeltech.com\/index.php\/produkt\/mexen-s-apia-sprchovy-kout-140x100-dekor-pruhy-chrom-840-140-100-01-20-akcni-cena-9148\/\",\"url\":\"https:\/\/www.koupeltech.com\/index.php\/produkt\/mexen-s-apia-sprchovy-kout-140x100-dekor-pruhy-chrom-840-140-100-01-20-akcni-cena-9148\/\",\"name\":\"MEXEN\/S - APIA sprchov\u00fd kout 140x100, dekor - pruhy, chrom 840-140-100-01-20 Ak\u010dn\u00ed Cena -\",\"isPartOf\":{\"@id\":\"https:\/\/www.koupeltech.com\/#website\"},\"primaryImageOfPage\":{\"@id\":\"https:\/\/www.koupeltech.com\/index.php\/produkt\/mexen-s-apia-sprchovy-kout-140x100-dekor-pruhy-chrom-840-140-100-01-20-akcni-cena-9148\/#primaryimage\"},\"image\":{\"@id\":\"https:\/\/www.koupeltech.com\/index.php\/produkt\/mexen-s-apia-sprchovy-kout-140x100-dekor-pruhy-chrom-840-140-100-01-20-akcni-cena-9148\/#primaryimage\"},\"thumbnailUrl\":\"https:\/\/www.koupeltech.com\/wp-content\/uploads\/2026\/SK0023612-CZ20260425-092556-0-1777080363-1772701_mexen-s-apia-sprchovy-kout-140x100--dekor-pruhy--ch.webp\",\"datePublished\":\"2026-04-27T13:57:10+00:00\",\"breadcrumb\":{\"@id\":\"https:\/\/www.koupeltech.com\/index.php\/produkt\/mexen-s-apia-sprchovy-kout-140x100-dekor-pruhy-chrom-840-140-100-01-20-akcni-cena-9148\/#breadcrumb\"},\"inLanguage\":\"cs\",\"potentialAction\":[{\"@type\":\"ReadAction\",\"target\":[\"https:\/\/www.koupeltech.com\/index.php\/produkt\/mexen-s-apia-sprchovy-kout-140x100-dekor-pruhy-chrom-840-140-100-01-20-akcni-cena-9148\/\"]}]},{\"@type\":\"ImageObject\",\"inLanguage\":\"cs\",\"@id\":\"https:\/\/www.koupeltech.com\/index.php\/produkt\/mexen-s-apia-sprchovy-kout-140x100-dekor-pruhy-chrom-840-140-100-01-20-akcni-cena-9148\/#primaryimage\",\"url\":\"https:\/\/www.koupeltech.com\/wp-content\/uploads\/2026\/SK0023612-CZ20260425-092556-0-1777080363-1772701_mexen-s-apia-sprchovy-kout-140x100--dekor-pruhy--ch.webp\",\"contentUrl\":\"https:\/\/www.koupeltech.com\/wp-content\/uploads\/2026\/SK0023612-CZ20260425-092556-0-1777080363-1772701_mexen-s-apia-sprchovy-kout-140x100--dekor-pruhy--ch.webp\",\"width\":1000,\"height\":750},{\"@type\":\"BreadcrumbList\",\"@id\":\"https:\/\/www.koupeltech.com\/index.php\/produkt\/mexen-s-apia-sprchovy-kout-140x100-dekor-pruhy-chrom-840-140-100-01-20-akcni-cena-9148\/#breadcrumb\",\"itemListElement\":[{\"@type\":\"ListItem\",\"position\":1,\"name\":\"Home\",\"item\":\"https:\/\/www.koupeltech.com\/\"},{\"@type\":\"ListItem\",\"position\":2,\"name\":\"Products\",\"item\":\"https:\/\/www.koupeltech.com\/index.php\/products\/\"},{\"@type\":\"ListItem\",\"position\":3,\"name\":\"MEXEN\/S &#8211; APIA sprchov\u00fd kout 140&#215;100, dekor &#8211; pruhy, chrom 840-140-100-01-20 Ak\u010dn\u00ed Cena\"}]},{\"@type\":\"WebSite\",\"@id\":\"https:\/\/www.koupeltech.com\/#website\",\"url\":\"https:\/\/www.koupeltech.com\/\",\"name\":\"\",\"description\":\"\",\"potentialAction\":[{\"@type\":\"SearchAction\",\"target\":{\"@type\":\"EntryPoint\",\"urlTemplate\":\"https:\/\/www.koupeltech.com\/?s={search_term_string}\"},\"query-input\":{\"@type\":\"PropertyValueSpecification\",\"valueRequired\":true,\"valueName\":\"search_term_string\"}}],\"inLanguage\":\"cs\"}]}<\/script>\n<!-- \/ Yoast SEO plugin. -->","yoast_head_json":{"title":"MEXEN\/S - APIA sprchov\u00fd kout 140x100, dekor - pruhy, chrom 840-140-100-01-20 Ak\u010dn\u00ed Cena -","robots":{"index":"index","follow":"follow","max-snippet":"max-snippet:-1","max-image-preview":"max-image-preview:large","max-video-preview":"max-video-preview:-1"},"canonical":"https:\/\/www.koupeltech.com\/index.php\/produkt\/mexen-s-apia-sprchovy-kout-140x100-dekor-pruhy-chrom-840-140-100-01-20-akcni-cena-9148\/","og_locale":"cs_CZ","og_type":"article","og_title":"MEXEN\/S - APIA sprchov\u00fd kout 140x100, dekor - pruhy, chrom 840-140-100-01-20 Ak\u010dn\u00ed Cena -","og_description":"Detailn\u00ed popis produktu Technick\u00e1 data: Velikost: 140&#215;100 cm (dve\u0159e 140 cm, st\u011bna 100 cm) V\u00fd\u0161ka: 190 cm Mont\u00e1\u017e: Univerz\u00e1ln\u00ed Vchod: posuvn\u00e9 dve\u0159e Barva skla: transparentn\u00ed \/ pruhy Povrchov\u00e1 \u00faprava: \u010dern\u00e1 Typ skla: tvrzen\u00e9 Tlou\u0161\u0165ka skla: 5 mm Profil: hlin\u00edk Povlak pro snadn\u00e9 \u010di\u0161t\u011bn\u00ed: Ano Vyrovn\u00e1n\u00ed nerovnost\u00ed st\u011bny: Ano Nastaven\u00ed \u0161\u00ed\u0159ky: Ano Lze namontovat na brouzdali\u0161t\u011b [&hellip;]","og_url":"https:\/\/www.koupeltech.com\/index.php\/produkt\/mexen-s-apia-sprchovy-kout-140x100-dekor-pruhy-chrom-840-140-100-01-20-akcni-cena-9148\/","og_image":[{"width":1000,"height":750,"url":"https:\/\/www.koupeltech.com\/wp-content\/uploads\/2026\/SK0023612-CZ20260425-092556-0-1777080363-1772701_mexen-s-apia-sprchovy-kout-140x100--dekor-pruhy--ch.webp","type":"image\/webp"}],"twitter_card":"summary_large_image","schema":{"@context":"https:\/\/schema.org","@graph":[{"@type":"WebPage","@id":"https:\/\/www.koupeltech.com\/index.php\/produkt\/mexen-s-apia-sprchovy-kout-140x100-dekor-pruhy-chrom-840-140-100-01-20-akcni-cena-9148\/","url":"https:\/\/www.koupeltech.com\/index.php\/produkt\/mexen-s-apia-sprchovy-kout-140x100-dekor-pruhy-chrom-840-140-100-01-20-akcni-cena-9148\/","name":"MEXEN\/S - APIA sprchov\u00fd kout 140x100, dekor - pruhy, chrom 840-140-100-01-20 Ak\u010dn\u00ed Cena -","isPartOf":{"@id":"https:\/\/www.koupeltech.com\/#website"},"primaryImageOfPage":{"@id":"https:\/\/www.koupeltech.com\/index.php\/produkt\/mexen-s-apia-sprchovy-kout-140x100-dekor-pruhy-chrom-840-140-100-01-20-akcni-cena-9148\/#primaryimage"},"image":{"@id":"https:\/\/www.koupeltech.com\/index.php\/produkt\/mexen-s-apia-sprchovy-kout-140x100-dekor-pruhy-chrom-840-140-100-01-20-akcni-cena-9148\/#primaryimage"},"thumbnailUrl":"https:\/\/www.koupeltech.com\/wp-content\/uploads\/2026\/SK0023612-CZ20260425-092556-0-1777080363-1772701_mexen-s-apia-sprchovy-kout-140x100--dekor-pruhy--ch.webp","datePublished":"2026-04-27T13:57:10+00:00","breadcrumb":{"@id":"https:\/\/www.koupeltech.com\/index.php\/produkt\/mexen-s-apia-sprchovy-kout-140x100-dekor-pruhy-chrom-840-140-100-01-20-akcni-cena-9148\/#breadcrumb"},"inLanguage":"cs","potentialAction":[{"@type":"ReadAction","target":["https:\/\/www.koupeltech.com\/index.php\/produkt\/mexen-s-apia-sprchovy-kout-140x100-dekor-pruhy-chrom-840-140-100-01-20-akcni-cena-9148\/"]}]},{"@type":"ImageObject","inLanguage":"cs","@id":"https:\/\/www.koupeltech.com\/index.php\/produkt\/mexen-s-apia-sprchovy-kout-140x100-dekor-pruhy-chrom-840-140-100-01-20-akcni-cena-9148\/#primaryimage","url":"https:\/\/www.koupeltech.com\/wp-content\/uploads\/2026\/SK0023612-CZ20260425-092556-0-1777080363-1772701_mexen-s-apia-sprchovy-kout-140x100--dekor-pruhy--ch.webp","contentUrl":"https:\/\/www.koupeltech.com\/wp-content\/uploads\/2026\/SK0023612-CZ20260425-092556-0-1777080363-1772701_mexen-s-apia-sprchovy-kout-140x100--dekor-pruhy--ch.webp","width":1000,"height":750},{"@type":"BreadcrumbList","@id":"https:\/\/www.koupeltech.com\/index.php\/produkt\/mexen-s-apia-sprchovy-kout-140x100-dekor-pruhy-chrom-840-140-100-01-20-akcni-cena-9148\/#breadcrumb","itemListElement":[{"@type":"ListItem","position":1,"name":"Home","item":"https:\/\/www.koupeltech.com\/"},{"@type":"ListItem","position":2,"name":"Products","item":"https:\/\/www.koupeltech.com\/index.php\/products\/"},{"@type":"ListItem","position":3,"name":"MEXEN\/S &#8211; APIA sprchov\u00fd kout 140&#215;100, dekor &#8211; pruhy, chrom 840-140-100-01-20 Ak\u010dn\u00ed Cena"}]},{"@type":"WebSite","@id":"https:\/\/www.koupeltech.com\/#website","url":"https:\/\/www.koupeltech.com\/","name":"","description":"","potentialAction":[{"@type":"SearchAction","target":{"@type":"EntryPoint","urlTemplate":"https:\/\/www.koupeltech.com\/?s={search_term_string}"},"query-input":{"@type":"PropertyValueSpecification","valueRequired":true,"valueName":"search_term_string"}}],"inLanguage":"cs"}]}},"_links":{"self":[{"href":"https:\/\/www.koupeltech.com\/index.php\/wp-json\/wp\/v2\/product\/9148","targetHints":{"allow":["GET"]}}],"collection":[{"href":"https:\/\/www.koupeltech.com\/index.php\/wp-json\/wp\/v2\/product"}],"about":[{"href":"https:\/\/www.koupeltech.com\/index.php\/wp-json\/wp\/v2\/types\/product"}],"replies":[{"embeddable":true,"href":"https:\/\/www.koupeltech.com\/index.php\/wp-json\/wp\/v2\/comments?post=9148"}],"wp:featuredmedia":[{"embeddable":true,"href":"https:\/\/www.koupeltech.com\/index.php\/wp-json\/wp\/v2\/media\/9248"}],"wp:attachment":[{"href":"https:\/\/www.koupeltech.com\/index.php\/wp-json\/wp\/v2\/media?parent=9148"}],"wp:term":[{"taxonomy":"product_brand","embeddable":true,"href":"https:\/\/www.koupeltech.com\/index.php\/wp-json\/wp\/v2\/product_brand?post=9148"},{"taxonomy":"product_cat","embeddable":true,"href":"https:\/\/www.koupeltech.com\/index.php\/wp-json\/wp\/v2\/product_cat?post=9148"},{"taxonomy":"product_tag","embeddable":true,"href":"https:\/\/www.koupeltech.com\/index.php\/wp-json\/wp\/v2\/product_tag?post=9148"}],"curies":[{"name":"wp","href":"https:\/\/api.w.org\/{rel}","templated":true}]}}