{"id":9152,"date":"2026-04-27T13:57:10","date_gmt":"2026-04-27T13:57:10","guid":{"rendered":""},"modified":"2026-04-27T13:57:10","modified_gmt":"2026-04-27T13:57:10","slug":"rea-odtokovy-zlab-neox-pro-nickiel-brush-80-rea-g5809-vikendova-akce-9152","status":"publish","type":"product","link":"https:\/\/www.koupeltech.com\/index.php\/produkt\/rea-odtokovy-zlab-neox-pro-nickiel-brush-80-rea-g5809-vikendova-akce-9152\/","title":{"rendered":"REA &#8211; Odtokov\u00fd \u017elab NEOX PRO Nickiel Brush 80 REA-G5809 V\u00edkendov\u00e1 Akce"},"content":{"rendered":"<div class=\"basic-description\">\n<h3>Detailn\u00ed popis produktu<\/h3>\n<p>Odtokov\u00fd \u017elab z vysoce kvalitn\u00ed nerezov\u00e9 oceli AISI 304 je jedn\u00edm z na\u0161ich nejlep\u0161\u00edch sprchov\u00fdch \u017elab\u016f. D\u00edky speci\u00e1ln\u00edmu v\u00fdrobn\u00edmu procesu se snadno udr\u017euje v \u010distot\u011b. \u017dlab je k dispozici v n\u011bkolika velikostech, aby dokonale ladil se sprchov\u00fdm koutem nebo sprchov\u00fdmi dve\u0159mi, kter\u00e9 najdete v na\u0161\u00ed nab\u00eddce.<\/p>\n<\/p><\/div>\n<div class=\"extended-description\">\n<h3>Dopl\u0148kov\u00e9 parametry<\/h3>\n<table class=\"detail-parameters\">\n<tbody>\n<tr>\n<th>        <span class=\"row-header-label\">            Kategorie<span class=\"row-header-label-colon\">:<\/span>        <\/span>    <\/th>\n<td>            <\/td>\n<\/tr>\n<tr>\n<th>            <span class=\"row-header-label\">                Z\u00e1ruka<span class=\"row-header-label-colon\">:<\/span>            <\/span>        <\/th>\n<td>            24        <\/td>\n<\/tr>\n<tr>\n<th>            <span class=\"row-header-label\">                Hmotnost<span class=\"row-header-label-colon\">:<\/span>            <\/span>        <\/th>\n<td>            5 kg        <\/td>\n<\/tr>\n<tr class=\"productEan\">\n<th>          <span class=\"row-header-label productEan__label\">              EAN<span class=\"row-header-label-colon\">:<\/span>          <\/span>      <\/th>\n<td>          <span class=\"productEan__value\">5906366000317<\/span>      <\/td>\n<\/tr>\n<tr>\n<th>                <span class=\"row-header-label\">                                            Dostupnost<span class=\"row-header-label-colon\">:<\/span>                                    <\/span>            <\/th>\n<td>                                                            Skladem                                                <\/td>\n<\/tr>\n<\/tbody>\n<\/table><\/div>\n<\/p><\/div>\n<\/p><\/div>\n","protected":false},"excerpt":{"rendered":"<p>Detailn\u00ed popis produktu Odtokov\u00fd \u017elab z vysoce kvalitn\u00ed nerezov\u00e9 oceli AISI 304 je jedn\u00edm z na\u0161ich nejlep\u0161\u00edch sprchov\u00fdch \u017elab\u016f. D\u00edky speci\u00e1ln\u00edmu v\u00fdrobn\u00edmu procesu se snadno udr\u017euje v \u010distot\u011b. \u017dlab je k dispozici v n\u011bkolika velikostech, aby dokonale ladil se sprchov\u00fdm koutem nebo sprchov\u00fdmi dve\u0159mi, kter\u00e9 najdete v na\u0161\u00ed nab\u00eddce. Dopl\u0148kov\u00e9 parametry Kategorie: Z\u00e1ruka: 24 Hmotnost: [&hellip;]<\/p>\n","protected":false},"featured_media":9252,"comment_status":"open","ping_status":"open","template":"","meta":[],"product_brand":[],"product_cat":[56],"product_tag":[],"class_list":{"0":"post-9152","1":"product","2":"type-product","3":"status-publish","4":"has-post-thumbnail","6":"product_cat-odtokove-kanalky","8":"first","9":"instock","10":"sale","11":"shipping-taxable","12":"purchasable","13":"product-type-simple"},"yoast_head":"<!-- This site is optimized with the Yoast SEO plugin v26.8 - https:\/\/yoast.com\/product\/yoast-seo-wordpress\/ -->\n<title>REA - Odtokov\u00fd \u017elab NEOX PRO Nickiel Brush 80 REA-G5809 V\u00edkendov\u00e1 Akce -<\/title>\n<meta name=\"robots\" content=\"index, follow, max-snippet:-1, max-image-preview:large, max-video-preview:-1\" \/>\n<link rel=\"canonical\" href=\"https:\/\/www.koupeltech.com\/index.php\/produkt\/rea-odtokovy-zlab-neox-pro-nickiel-brush-80-rea-g5809-vikendova-akce-9152\/\" \/>\n<meta property=\"og:locale\" content=\"cs_CZ\" \/>\n<meta property=\"og:type\" content=\"article\" \/>\n<meta property=\"og:title\" content=\"REA - Odtokov\u00fd \u017elab NEOX PRO Nickiel Brush 80 REA-G5809 V\u00edkendov\u00e1 Akce -\" \/>\n<meta property=\"og:description\" content=\"Detailn\u00ed popis produktu Odtokov\u00fd \u017elab z vysoce kvalitn\u00ed nerezov\u00e9 oceli AISI 304 je jedn\u00edm z na\u0161ich nejlep\u0161\u00edch sprchov\u00fdch \u017elab\u016f. D\u00edky speci\u00e1ln\u00edmu v\u00fdrobn\u00edmu procesu se snadno udr\u017euje v \u010distot\u011b. \u017dlab je k dispozici v n\u011bkolika velikostech, aby dokonale ladil se sprchov\u00fdm koutem nebo sprchov\u00fdmi dve\u0159mi, kter\u00e9 najdete v na\u0161\u00ed nab\u00eddce. Dopl\u0148kov\u00e9 parametry Kategorie: Z\u00e1ruka: 24 Hmotnost: [&hellip;]\" \/>\n<meta property=\"og:url\" content=\"https:\/\/www.koupeltech.com\/index.php\/produkt\/rea-odtokovy-zlab-neox-pro-nickiel-brush-80-rea-g5809-vikendova-akce-9152\/\" \/>\n<meta property=\"og:image\" content=\"https:\/\/www.koupeltech.com\/wp-content\/uploads\/2026\/SK0023617-CZ20260425-092556-0-1777080363-1773667_rea-odtokovy-zlab-neox-pro-nickiel-brush-80-rea-g58.webp\" \/>\n\t<meta property=\"og:image:width\" content=\"1000\" \/>\n\t<meta property=\"og:image:height\" content=\"750\" \/>\n\t<meta property=\"og:image:type\" content=\"image\/webp\" \/>\n<meta name=\"twitter:card\" content=\"summary_large_image\" \/>\n<script type=\"application\/ld+json\" class=\"yoast-schema-graph\">{\"@context\":\"https:\/\/schema.org\",\"@graph\":[{\"@type\":\"WebPage\",\"@id\":\"https:\/\/www.koupeltech.com\/index.php\/produkt\/rea-odtokovy-zlab-neox-pro-nickiel-brush-80-rea-g5809-vikendova-akce-9152\/\",\"url\":\"https:\/\/www.koupeltech.com\/index.php\/produkt\/rea-odtokovy-zlab-neox-pro-nickiel-brush-80-rea-g5809-vikendova-akce-9152\/\",\"name\":\"REA - Odtokov\u00fd \u017elab NEOX PRO Nickiel Brush 80 REA-G5809 V\u00edkendov\u00e1 Akce -\",\"isPartOf\":{\"@id\":\"https:\/\/www.koupeltech.com\/#website\"},\"primaryImageOfPage\":{\"@id\":\"https:\/\/www.koupeltech.com\/index.php\/produkt\/rea-odtokovy-zlab-neox-pro-nickiel-brush-80-rea-g5809-vikendova-akce-9152\/#primaryimage\"},\"image\":{\"@id\":\"https:\/\/www.koupeltech.com\/index.php\/produkt\/rea-odtokovy-zlab-neox-pro-nickiel-brush-80-rea-g5809-vikendova-akce-9152\/#primaryimage\"},\"thumbnailUrl\":\"https:\/\/www.koupeltech.com\/wp-content\/uploads\/2026\/SK0023617-CZ20260425-092556-0-1777080363-1773667_rea-odtokovy-zlab-neox-pro-nickiel-brush-80-rea-g58.webp\",\"datePublished\":\"2026-04-27T13:57:10+00:00\",\"breadcrumb\":{\"@id\":\"https:\/\/www.koupeltech.com\/index.php\/produkt\/rea-odtokovy-zlab-neox-pro-nickiel-brush-80-rea-g5809-vikendova-akce-9152\/#breadcrumb\"},\"inLanguage\":\"cs\",\"potentialAction\":[{\"@type\":\"ReadAction\",\"target\":[\"https:\/\/www.koupeltech.com\/index.php\/produkt\/rea-odtokovy-zlab-neox-pro-nickiel-brush-80-rea-g5809-vikendova-akce-9152\/\"]}]},{\"@type\":\"ImageObject\",\"inLanguage\":\"cs\",\"@id\":\"https:\/\/www.koupeltech.com\/index.php\/produkt\/rea-odtokovy-zlab-neox-pro-nickiel-brush-80-rea-g5809-vikendova-akce-9152\/#primaryimage\",\"url\":\"https:\/\/www.koupeltech.com\/wp-content\/uploads\/2026\/SK0023617-CZ20260425-092556-0-1777080363-1773667_rea-odtokovy-zlab-neox-pro-nickiel-brush-80-rea-g58.webp\",\"contentUrl\":\"https:\/\/www.koupeltech.com\/wp-content\/uploads\/2026\/SK0023617-CZ20260425-092556-0-1777080363-1773667_rea-odtokovy-zlab-neox-pro-nickiel-brush-80-rea-g58.webp\",\"width\":1000,\"height\":750},{\"@type\":\"BreadcrumbList\",\"@id\":\"https:\/\/www.koupeltech.com\/index.php\/produkt\/rea-odtokovy-zlab-neox-pro-nickiel-brush-80-rea-g5809-vikendova-akce-9152\/#breadcrumb\",\"itemListElement\":[{\"@type\":\"ListItem\",\"position\":1,\"name\":\"Home\",\"item\":\"https:\/\/www.koupeltech.com\/\"},{\"@type\":\"ListItem\",\"position\":2,\"name\":\"Products\",\"item\":\"https:\/\/www.koupeltech.com\/index.php\/products\/\"},{\"@type\":\"ListItem\",\"position\":3,\"name\":\"REA &#8211; Odtokov\u00fd \u017elab NEOX PRO Nickiel Brush 80 REA-G5809 V\u00edkendov\u00e1 Akce\"}]},{\"@type\":\"WebSite\",\"@id\":\"https:\/\/www.koupeltech.com\/#website\",\"url\":\"https:\/\/www.koupeltech.com\/\",\"name\":\"\",\"description\":\"\",\"potentialAction\":[{\"@type\":\"SearchAction\",\"target\":{\"@type\":\"EntryPoint\",\"urlTemplate\":\"https:\/\/www.koupeltech.com\/?s={search_term_string}\"},\"query-input\":{\"@type\":\"PropertyValueSpecification\",\"valueRequired\":true,\"valueName\":\"search_term_string\"}}],\"inLanguage\":\"cs\"}]}<\/script>\n<!-- \/ Yoast SEO plugin. -->","yoast_head_json":{"title":"REA - Odtokov\u00fd \u017elab NEOX PRO Nickiel Brush 80 REA-G5809 V\u00edkendov\u00e1 Akce -","robots":{"index":"index","follow":"follow","max-snippet":"max-snippet:-1","max-image-preview":"max-image-preview:large","max-video-preview":"max-video-preview:-1"},"canonical":"https:\/\/www.koupeltech.com\/index.php\/produkt\/rea-odtokovy-zlab-neox-pro-nickiel-brush-80-rea-g5809-vikendova-akce-9152\/","og_locale":"cs_CZ","og_type":"article","og_title":"REA - Odtokov\u00fd \u017elab NEOX PRO Nickiel Brush 80 REA-G5809 V\u00edkendov\u00e1 Akce -","og_description":"Detailn\u00ed popis produktu Odtokov\u00fd \u017elab z vysoce kvalitn\u00ed nerezov\u00e9 oceli AISI 304 je jedn\u00edm z na\u0161ich nejlep\u0161\u00edch sprchov\u00fdch \u017elab\u016f. D\u00edky speci\u00e1ln\u00edmu v\u00fdrobn\u00edmu procesu se snadno udr\u017euje v \u010distot\u011b. \u017dlab je k dispozici v n\u011bkolika velikostech, aby dokonale ladil se sprchov\u00fdm koutem nebo sprchov\u00fdmi dve\u0159mi, kter\u00e9 najdete v na\u0161\u00ed nab\u00eddce. Dopl\u0148kov\u00e9 parametry Kategorie: Z\u00e1ruka: 24 Hmotnost: [&hellip;]","og_url":"https:\/\/www.koupeltech.com\/index.php\/produkt\/rea-odtokovy-zlab-neox-pro-nickiel-brush-80-rea-g5809-vikendova-akce-9152\/","og_image":[{"width":1000,"height":750,"url":"https:\/\/www.koupeltech.com\/wp-content\/uploads\/2026\/SK0023617-CZ20260425-092556-0-1777080363-1773667_rea-odtokovy-zlab-neox-pro-nickiel-brush-80-rea-g58.webp","type":"image\/webp"}],"twitter_card":"summary_large_image","schema":{"@context":"https:\/\/schema.org","@graph":[{"@type":"WebPage","@id":"https:\/\/www.koupeltech.com\/index.php\/produkt\/rea-odtokovy-zlab-neox-pro-nickiel-brush-80-rea-g5809-vikendova-akce-9152\/","url":"https:\/\/www.koupeltech.com\/index.php\/produkt\/rea-odtokovy-zlab-neox-pro-nickiel-brush-80-rea-g5809-vikendova-akce-9152\/","name":"REA - Odtokov\u00fd \u017elab NEOX PRO Nickiel Brush 80 REA-G5809 V\u00edkendov\u00e1 Akce -","isPartOf":{"@id":"https:\/\/www.koupeltech.com\/#website"},"primaryImageOfPage":{"@id":"https:\/\/www.koupeltech.com\/index.php\/produkt\/rea-odtokovy-zlab-neox-pro-nickiel-brush-80-rea-g5809-vikendova-akce-9152\/#primaryimage"},"image":{"@id":"https:\/\/www.koupeltech.com\/index.php\/produkt\/rea-odtokovy-zlab-neox-pro-nickiel-brush-80-rea-g5809-vikendova-akce-9152\/#primaryimage"},"thumbnailUrl":"https:\/\/www.koupeltech.com\/wp-content\/uploads\/2026\/SK0023617-CZ20260425-092556-0-1777080363-1773667_rea-odtokovy-zlab-neox-pro-nickiel-brush-80-rea-g58.webp","datePublished":"2026-04-27T13:57:10+00:00","breadcrumb":{"@id":"https:\/\/www.koupeltech.com\/index.php\/produkt\/rea-odtokovy-zlab-neox-pro-nickiel-brush-80-rea-g5809-vikendova-akce-9152\/#breadcrumb"},"inLanguage":"cs","potentialAction":[{"@type":"ReadAction","target":["https:\/\/www.koupeltech.com\/index.php\/produkt\/rea-odtokovy-zlab-neox-pro-nickiel-brush-80-rea-g5809-vikendova-akce-9152\/"]}]},{"@type":"ImageObject","inLanguage":"cs","@id":"https:\/\/www.koupeltech.com\/index.php\/produkt\/rea-odtokovy-zlab-neox-pro-nickiel-brush-80-rea-g5809-vikendova-akce-9152\/#primaryimage","url":"https:\/\/www.koupeltech.com\/wp-content\/uploads\/2026\/SK0023617-CZ20260425-092556-0-1777080363-1773667_rea-odtokovy-zlab-neox-pro-nickiel-brush-80-rea-g58.webp","contentUrl":"https:\/\/www.koupeltech.com\/wp-content\/uploads\/2026\/SK0023617-CZ20260425-092556-0-1777080363-1773667_rea-odtokovy-zlab-neox-pro-nickiel-brush-80-rea-g58.webp","width":1000,"height":750},{"@type":"BreadcrumbList","@id":"https:\/\/www.koupeltech.com\/index.php\/produkt\/rea-odtokovy-zlab-neox-pro-nickiel-brush-80-rea-g5809-vikendova-akce-9152\/#breadcrumb","itemListElement":[{"@type":"ListItem","position":1,"name":"Home","item":"https:\/\/www.koupeltech.com\/"},{"@type":"ListItem","position":2,"name":"Products","item":"https:\/\/www.koupeltech.com\/index.php\/products\/"},{"@type":"ListItem","position":3,"name":"REA &#8211; Odtokov\u00fd \u017elab NEOX PRO Nickiel Brush 80 REA-G5809 V\u00edkendov\u00e1 Akce"}]},{"@type":"WebSite","@id":"https:\/\/www.koupeltech.com\/#website","url":"https:\/\/www.koupeltech.com\/","name":"","description":"","potentialAction":[{"@type":"SearchAction","target":{"@type":"EntryPoint","urlTemplate":"https:\/\/www.koupeltech.com\/?s={search_term_string}"},"query-input":{"@type":"PropertyValueSpecification","valueRequired":true,"valueName":"search_term_string"}}],"inLanguage":"cs"}]}},"_links":{"self":[{"href":"https:\/\/www.koupeltech.com\/index.php\/wp-json\/wp\/v2\/product\/9152","targetHints":{"allow":["GET"]}}],"collection":[{"href":"https:\/\/www.koupeltech.com\/index.php\/wp-json\/wp\/v2\/product"}],"about":[{"href":"https:\/\/www.koupeltech.com\/index.php\/wp-json\/wp\/v2\/types\/product"}],"replies":[{"embeddable":true,"href":"https:\/\/www.koupeltech.com\/index.php\/wp-json\/wp\/v2\/comments?post=9152"}],"wp:featuredmedia":[{"embeddable":true,"href":"https:\/\/www.koupeltech.com\/index.php\/wp-json\/wp\/v2\/media\/9252"}],"wp:attachment":[{"href":"https:\/\/www.koupeltech.com\/index.php\/wp-json\/wp\/v2\/media?parent=9152"}],"wp:term":[{"taxonomy":"product_brand","embeddable":true,"href":"https:\/\/www.koupeltech.com\/index.php\/wp-json\/wp\/v2\/product_brand?post=9152"},{"taxonomy":"product_cat","embeddable":true,"href":"https:\/\/www.koupeltech.com\/index.php\/wp-json\/wp\/v2\/product_cat?post=9152"},{"taxonomy":"product_tag","embeddable":true,"href":"https:\/\/www.koupeltech.com\/index.php\/wp-json\/wp\/v2\/product_tag?post=9152"}],"curies":[{"name":"wp","href":"https:\/\/api.w.org\/{rel}","templated":true}]}}