{"id":9315,"date":"2026-04-27T13:57:11","date_gmt":"2026-04-27T13:57:11","guid":{"rendered":""},"modified":"2026-04-27T13:57:11","modified_gmt":"2026-04-27T13:57:11","slug":"nejlepsi-cena-omnires-mesa-umyvadlo-na-desku-46-x-31-cm-bila-lesk-bp-mesa460bp-9315","status":"publish","type":"product","link":"https:\/\/www.koupeltech.com\/index.php\/produkt\/nejlepsi-cena-omnires-mesa-umyvadlo-na-desku-46-x-31-cm-bila-lesk-bp-mesa460bp-9315\/","title":{"rendered":"Nejlep\u0161\u00ed Cena OMNIRES &#8211; MESA umyvadlo na desku, 46  x 31 cm b\u00edl\u00e1 lesk \/BP\/ MESA460BP"},"content":{"rendered":"<div class=\"basic-description\">\n<h3>Detailn\u00ed popis produktu<\/h3>\n<p>Umyvadlo na desku OMNIRES MESA se vyzna\u010duje geometrickou formou s prot\u00e1hl\u00fdm tvarem a symetricky zaoblen\u00fdmi stranami. Dokonale rovn\u00e9 hrany s jasn\u00fdm obrysem dod\u00e1vaj\u00ed bloku v\u00fdjime\u010dn\u011b lehk\u00fd a modern\u00ed charakter.<\/p>\n<p>D\u0159ez je vyroben z kvalitn\u00ed keramiky. B\u00edl\u00fd lesk je klasick\u00fd povrch s p\u0159irozen\u011b reflexn\u00edm, leskl\u00fdm povrchem.<\/p>\n<\/p>\n<ul>\n<li>d\u00e9lka: 46 cm<\/li>\n<li>\u0161\u00ed\u0159ka: 31,5 cm<\/li>\n<li>v\u00fd\u0161ka: 13,5 cm<\/li>\n<li>bez p\u0159epadu<\/li>\n<li>bez umyvadlov\u00e9 z\u00e1str\u010dky (  )<\/li>\n<\/ul><\/div>\n<div class=\"extended-description\">\n<h3>Dopl\u0148kov\u00e9 parametry<\/h3>\n<table class=\"detail-parameters\">\n<tbody>\n<tr>\n<th>        <span class=\"row-header-label\">            Kategorie<span class=\"row-header-label-colon\">:<\/span>        <\/span>    <\/th>\n<td>            <\/td>\n<\/tr>\n<tr>\n<th>            <span class=\"row-header-label\">                Z\u00e1ruka<span class=\"row-header-label-colon\">:<\/span>            <\/span>        <\/th>\n<td>            2 roky        <\/td>\n<\/tr>\n<tr>\n<th>            <span class=\"row-header-label\">                Hmotnost<span class=\"row-header-label-colon\">:<\/span>            <\/span>        <\/th>\n<td>            8 kg        <\/td>\n<\/tr>\n<tr class=\"productEan\">\n<th>          <span class=\"row-header-label productEan__label\">              EAN<span class=\"row-header-label-colon\">:<\/span>          <\/span>      <\/th>\n<td>          <span class=\"productEan__value\">5902539863406<\/span>      <\/td>\n<\/tr>\n<tr>\n<th>                <span class=\"row-header-label\">                                            Dostupnost<span class=\"row-header-label-colon\">:<\/span>                                    <\/span>            <\/th>\n<td>                                                            Skladem                                                <\/td>\n<\/tr>\n<\/tbody>\n<\/table><\/div>\n<\/p><\/div>\n<\/p><\/div>\n","protected":false},"excerpt":{"rendered":"<p>Detailn\u00ed popis produktu Umyvadlo na desku OMNIRES MESA se vyzna\u010duje geometrickou formou s prot\u00e1hl\u00fdm tvarem a symetricky zaoblen\u00fdmi stranami. Dokonale rovn\u00e9 hrany s jasn\u00fdm obrysem dod\u00e1vaj\u00ed bloku v\u00fdjime\u010dn\u011b lehk\u00fd a modern\u00ed charakter. D\u0159ez je vyroben z kvalitn\u00ed keramiky. B\u00edl\u00fd lesk je klasick\u00fd povrch s p\u0159irozen\u011b reflexn\u00edm, leskl\u00fdm povrchem. d\u00e9lka: 46 cm \u0161\u00ed\u0159ka: 31,5 cm v\u00fd\u0161ka: [&hellip;]<\/p>\n","protected":false},"featured_media":9415,"comment_status":"open","ping_status":"open","template":"","meta":[],"product_brand":[],"product_cat":[61],"product_tag":[],"class_list":{"0":"post-9315","1":"product","2":"type-product","3":"status-publish","4":"has-post-thumbnail","6":"product_cat-umyvadla","8":"first","9":"instock","10":"sale","11":"shipping-taxable","12":"purchasable","13":"product-type-simple"},"yoast_head":"<!-- This site is optimized with the Yoast SEO plugin v26.8 - https:\/\/yoast.com\/product\/yoast-seo-wordpress\/ -->\n<title>Nejlep\u0161\u00ed Cena OMNIRES - MESA umyvadlo na desku, 46 x 31 cm b\u00edl\u00e1 lesk \/BP\/ MESA460BP -<\/title>\n<meta name=\"robots\" content=\"index, follow, max-snippet:-1, max-image-preview:large, max-video-preview:-1\" \/>\n<link rel=\"canonical\" href=\"https:\/\/www.koupeltech.com\/index.php\/produkt\/nejlepsi-cena-omnires-mesa-umyvadlo-na-desku-46-x-31-cm-bila-lesk-bp-mesa460bp-9315\/\" \/>\n<meta property=\"og:locale\" content=\"cs_CZ\" \/>\n<meta property=\"og:type\" content=\"article\" \/>\n<meta property=\"og:title\" content=\"Nejlep\u0161\u00ed Cena OMNIRES - MESA umyvadlo na desku, 46 x 31 cm b\u00edl\u00e1 lesk \/BP\/ MESA460BP -\" \/>\n<meta property=\"og:description\" content=\"Detailn\u00ed popis produktu Umyvadlo na desku OMNIRES MESA se vyzna\u010duje geometrickou formou s prot\u00e1hl\u00fdm tvarem a symetricky zaoblen\u00fdmi stranami. Dokonale rovn\u00e9 hrany s jasn\u00fdm obrysem dod\u00e1vaj\u00ed bloku v\u00fdjime\u010dn\u011b lehk\u00fd a modern\u00ed charakter. D\u0159ez je vyroben z kvalitn\u00ed keramiky. B\u00edl\u00fd lesk je klasick\u00fd povrch s p\u0159irozen\u011b reflexn\u00edm, leskl\u00fdm povrchem. d\u00e9lka: 46 cm \u0161\u00ed\u0159ka: 31,5 cm v\u00fd\u0161ka: [&hellip;]\" \/>\n<meta property=\"og:url\" content=\"https:\/\/www.koupeltech.com\/index.php\/produkt\/nejlepsi-cena-omnires-mesa-umyvadlo-na-desku-46-x-31-cm-bila-lesk-bp-mesa460bp-9315\/\" \/>\n<meta property=\"og:image\" content=\"https:\/\/www.koupeltech.com\/wp-content\/uploads\/2026\/SK0023681-CZ20260425-092556-0-1777080363-1777288_omnires-mesa-umyvadlo-na-desku--46--x-31-cm-bila-le.webp\" \/>\n\t<meta property=\"og:image:width\" content=\"1000\" \/>\n\t<meta property=\"og:image:height\" content=\"750\" \/>\n\t<meta property=\"og:image:type\" content=\"image\/webp\" \/>\n<meta name=\"twitter:card\" content=\"summary_large_image\" \/>\n<script type=\"application\/ld+json\" class=\"yoast-schema-graph\">{\"@context\":\"https:\/\/schema.org\",\"@graph\":[{\"@type\":\"WebPage\",\"@id\":\"https:\/\/www.koupeltech.com\/index.php\/produkt\/nejlepsi-cena-omnires-mesa-umyvadlo-na-desku-46-x-31-cm-bila-lesk-bp-mesa460bp-9315\/\",\"url\":\"https:\/\/www.koupeltech.com\/index.php\/produkt\/nejlepsi-cena-omnires-mesa-umyvadlo-na-desku-46-x-31-cm-bila-lesk-bp-mesa460bp-9315\/\",\"name\":\"Nejlep\u0161\u00ed Cena OMNIRES - MESA umyvadlo na desku, 46 x 31 cm b\u00edl\u00e1 lesk \/BP\/ MESA460BP -\",\"isPartOf\":{\"@id\":\"https:\/\/www.koupeltech.com\/#website\"},\"primaryImageOfPage\":{\"@id\":\"https:\/\/www.koupeltech.com\/index.php\/produkt\/nejlepsi-cena-omnires-mesa-umyvadlo-na-desku-46-x-31-cm-bila-lesk-bp-mesa460bp-9315\/#primaryimage\"},\"image\":{\"@id\":\"https:\/\/www.koupeltech.com\/index.php\/produkt\/nejlepsi-cena-omnires-mesa-umyvadlo-na-desku-46-x-31-cm-bila-lesk-bp-mesa460bp-9315\/#primaryimage\"},\"thumbnailUrl\":\"https:\/\/www.koupeltech.com\/wp-content\/uploads\/2026\/SK0023681-CZ20260425-092556-0-1777080363-1777288_omnires-mesa-umyvadlo-na-desku--46--x-31-cm-bila-le.webp\",\"datePublished\":\"2026-04-27T13:57:11+00:00\",\"breadcrumb\":{\"@id\":\"https:\/\/www.koupeltech.com\/index.php\/produkt\/nejlepsi-cena-omnires-mesa-umyvadlo-na-desku-46-x-31-cm-bila-lesk-bp-mesa460bp-9315\/#breadcrumb\"},\"inLanguage\":\"cs\",\"potentialAction\":[{\"@type\":\"ReadAction\",\"target\":[\"https:\/\/www.koupeltech.com\/index.php\/produkt\/nejlepsi-cena-omnires-mesa-umyvadlo-na-desku-46-x-31-cm-bila-lesk-bp-mesa460bp-9315\/\"]}]},{\"@type\":\"ImageObject\",\"inLanguage\":\"cs\",\"@id\":\"https:\/\/www.koupeltech.com\/index.php\/produkt\/nejlepsi-cena-omnires-mesa-umyvadlo-na-desku-46-x-31-cm-bila-lesk-bp-mesa460bp-9315\/#primaryimage\",\"url\":\"https:\/\/www.koupeltech.com\/wp-content\/uploads\/2026\/SK0023681-CZ20260425-092556-0-1777080363-1777288_omnires-mesa-umyvadlo-na-desku--46--x-31-cm-bila-le.webp\",\"contentUrl\":\"https:\/\/www.koupeltech.com\/wp-content\/uploads\/2026\/SK0023681-CZ20260425-092556-0-1777080363-1777288_omnires-mesa-umyvadlo-na-desku--46--x-31-cm-bila-le.webp\",\"width\":1000,\"height\":750},{\"@type\":\"BreadcrumbList\",\"@id\":\"https:\/\/www.koupeltech.com\/index.php\/produkt\/nejlepsi-cena-omnires-mesa-umyvadlo-na-desku-46-x-31-cm-bila-lesk-bp-mesa460bp-9315\/#breadcrumb\",\"itemListElement\":[{\"@type\":\"ListItem\",\"position\":1,\"name\":\"Home\",\"item\":\"https:\/\/www.koupeltech.com\/\"},{\"@type\":\"ListItem\",\"position\":2,\"name\":\"Products\",\"item\":\"https:\/\/www.koupeltech.com\/index.php\/products\/\"},{\"@type\":\"ListItem\",\"position\":3,\"name\":\"Nejlep\u0161\u00ed Cena OMNIRES &#8211; MESA umyvadlo na desku, 46 x 31 cm b\u00edl\u00e1 lesk \/BP\/ MESA460BP\"}]},{\"@type\":\"WebSite\",\"@id\":\"https:\/\/www.koupeltech.com\/#website\",\"url\":\"https:\/\/www.koupeltech.com\/\",\"name\":\"\",\"description\":\"\",\"potentialAction\":[{\"@type\":\"SearchAction\",\"target\":{\"@type\":\"EntryPoint\",\"urlTemplate\":\"https:\/\/www.koupeltech.com\/?s={search_term_string}\"},\"query-input\":{\"@type\":\"PropertyValueSpecification\",\"valueRequired\":true,\"valueName\":\"search_term_string\"}}],\"inLanguage\":\"cs\"}]}<\/script>\n<!-- \/ Yoast SEO plugin. -->","yoast_head_json":{"title":"Nejlep\u0161\u00ed Cena OMNIRES - MESA umyvadlo na desku, 46 x 31 cm b\u00edl\u00e1 lesk \/BP\/ MESA460BP -","robots":{"index":"index","follow":"follow","max-snippet":"max-snippet:-1","max-image-preview":"max-image-preview:large","max-video-preview":"max-video-preview:-1"},"canonical":"https:\/\/www.koupeltech.com\/index.php\/produkt\/nejlepsi-cena-omnires-mesa-umyvadlo-na-desku-46-x-31-cm-bila-lesk-bp-mesa460bp-9315\/","og_locale":"cs_CZ","og_type":"article","og_title":"Nejlep\u0161\u00ed Cena OMNIRES - MESA umyvadlo na desku, 46 x 31 cm b\u00edl\u00e1 lesk \/BP\/ MESA460BP -","og_description":"Detailn\u00ed popis produktu Umyvadlo na desku OMNIRES MESA se vyzna\u010duje geometrickou formou s prot\u00e1hl\u00fdm tvarem a symetricky zaoblen\u00fdmi stranami. Dokonale rovn\u00e9 hrany s jasn\u00fdm obrysem dod\u00e1vaj\u00ed bloku v\u00fdjime\u010dn\u011b lehk\u00fd a modern\u00ed charakter. D\u0159ez je vyroben z kvalitn\u00ed keramiky. B\u00edl\u00fd lesk je klasick\u00fd povrch s p\u0159irozen\u011b reflexn\u00edm, leskl\u00fdm povrchem. d\u00e9lka: 46 cm \u0161\u00ed\u0159ka: 31,5 cm v\u00fd\u0161ka: [&hellip;]","og_url":"https:\/\/www.koupeltech.com\/index.php\/produkt\/nejlepsi-cena-omnires-mesa-umyvadlo-na-desku-46-x-31-cm-bila-lesk-bp-mesa460bp-9315\/","og_image":[{"width":1000,"height":750,"url":"https:\/\/www.koupeltech.com\/wp-content\/uploads\/2026\/SK0023681-CZ20260425-092556-0-1777080363-1777288_omnires-mesa-umyvadlo-na-desku--46--x-31-cm-bila-le.webp","type":"image\/webp"}],"twitter_card":"summary_large_image","schema":{"@context":"https:\/\/schema.org","@graph":[{"@type":"WebPage","@id":"https:\/\/www.koupeltech.com\/index.php\/produkt\/nejlepsi-cena-omnires-mesa-umyvadlo-na-desku-46-x-31-cm-bila-lesk-bp-mesa460bp-9315\/","url":"https:\/\/www.koupeltech.com\/index.php\/produkt\/nejlepsi-cena-omnires-mesa-umyvadlo-na-desku-46-x-31-cm-bila-lesk-bp-mesa460bp-9315\/","name":"Nejlep\u0161\u00ed Cena OMNIRES - MESA umyvadlo na desku, 46 x 31 cm b\u00edl\u00e1 lesk \/BP\/ MESA460BP -","isPartOf":{"@id":"https:\/\/www.koupeltech.com\/#website"},"primaryImageOfPage":{"@id":"https:\/\/www.koupeltech.com\/index.php\/produkt\/nejlepsi-cena-omnires-mesa-umyvadlo-na-desku-46-x-31-cm-bila-lesk-bp-mesa460bp-9315\/#primaryimage"},"image":{"@id":"https:\/\/www.koupeltech.com\/index.php\/produkt\/nejlepsi-cena-omnires-mesa-umyvadlo-na-desku-46-x-31-cm-bila-lesk-bp-mesa460bp-9315\/#primaryimage"},"thumbnailUrl":"https:\/\/www.koupeltech.com\/wp-content\/uploads\/2026\/SK0023681-CZ20260425-092556-0-1777080363-1777288_omnires-mesa-umyvadlo-na-desku--46--x-31-cm-bila-le.webp","datePublished":"2026-04-27T13:57:11+00:00","breadcrumb":{"@id":"https:\/\/www.koupeltech.com\/index.php\/produkt\/nejlepsi-cena-omnires-mesa-umyvadlo-na-desku-46-x-31-cm-bila-lesk-bp-mesa460bp-9315\/#breadcrumb"},"inLanguage":"cs","potentialAction":[{"@type":"ReadAction","target":["https:\/\/www.koupeltech.com\/index.php\/produkt\/nejlepsi-cena-omnires-mesa-umyvadlo-na-desku-46-x-31-cm-bila-lesk-bp-mesa460bp-9315\/"]}]},{"@type":"ImageObject","inLanguage":"cs","@id":"https:\/\/www.koupeltech.com\/index.php\/produkt\/nejlepsi-cena-omnires-mesa-umyvadlo-na-desku-46-x-31-cm-bila-lesk-bp-mesa460bp-9315\/#primaryimage","url":"https:\/\/www.koupeltech.com\/wp-content\/uploads\/2026\/SK0023681-CZ20260425-092556-0-1777080363-1777288_omnires-mesa-umyvadlo-na-desku--46--x-31-cm-bila-le.webp","contentUrl":"https:\/\/www.koupeltech.com\/wp-content\/uploads\/2026\/SK0023681-CZ20260425-092556-0-1777080363-1777288_omnires-mesa-umyvadlo-na-desku--46--x-31-cm-bila-le.webp","width":1000,"height":750},{"@type":"BreadcrumbList","@id":"https:\/\/www.koupeltech.com\/index.php\/produkt\/nejlepsi-cena-omnires-mesa-umyvadlo-na-desku-46-x-31-cm-bila-lesk-bp-mesa460bp-9315\/#breadcrumb","itemListElement":[{"@type":"ListItem","position":1,"name":"Home","item":"https:\/\/www.koupeltech.com\/"},{"@type":"ListItem","position":2,"name":"Products","item":"https:\/\/www.koupeltech.com\/index.php\/products\/"},{"@type":"ListItem","position":3,"name":"Nejlep\u0161\u00ed Cena OMNIRES &#8211; MESA umyvadlo na desku, 46 x 31 cm b\u00edl\u00e1 lesk \/BP\/ MESA460BP"}]},{"@type":"WebSite","@id":"https:\/\/www.koupeltech.com\/#website","url":"https:\/\/www.koupeltech.com\/","name":"","description":"","potentialAction":[{"@type":"SearchAction","target":{"@type":"EntryPoint","urlTemplate":"https:\/\/www.koupeltech.com\/?s={search_term_string}"},"query-input":{"@type":"PropertyValueSpecification","valueRequired":true,"valueName":"search_term_string"}}],"inLanguage":"cs"}]}},"_links":{"self":[{"href":"https:\/\/www.koupeltech.com\/index.php\/wp-json\/wp\/v2\/product\/9315","targetHints":{"allow":["GET"]}}],"collection":[{"href":"https:\/\/www.koupeltech.com\/index.php\/wp-json\/wp\/v2\/product"}],"about":[{"href":"https:\/\/www.koupeltech.com\/index.php\/wp-json\/wp\/v2\/types\/product"}],"replies":[{"embeddable":true,"href":"https:\/\/www.koupeltech.com\/index.php\/wp-json\/wp\/v2\/comments?post=9315"}],"wp:featuredmedia":[{"embeddable":true,"href":"https:\/\/www.koupeltech.com\/index.php\/wp-json\/wp\/v2\/media\/9415"}],"wp:attachment":[{"href":"https:\/\/www.koupeltech.com\/index.php\/wp-json\/wp\/v2\/media?parent=9315"}],"wp:term":[{"taxonomy":"product_brand","embeddable":true,"href":"https:\/\/www.koupeltech.com\/index.php\/wp-json\/wp\/v2\/product_brand?post=9315"},{"taxonomy":"product_cat","embeddable":true,"href":"https:\/\/www.koupeltech.com\/index.php\/wp-json\/wp\/v2\/product_cat?post=9315"},{"taxonomy":"product_tag","embeddable":true,"href":"https:\/\/www.koupeltech.com\/index.php\/wp-json\/wp\/v2\/product_tag?post=9315"}],"curies":[{"name":"wp","href":"https:\/\/api.w.org\/{rel}","templated":true}]}}