{"id":9317,"date":"2026-04-27T13:57:11","date_gmt":"2026-04-27T13:57:11","guid":{"rendered":""},"modified":"2026-04-27T13:57:11","modified_gmt":"2026-04-27T13:57:11","slug":"mexen-s-flat-360deg-m13-podlahovy-zlab-otocny-2v1-60-cerny-1710060-40-horka-nabidka-9317","status":"publish","type":"product","link":"https:\/\/www.koupeltech.com\/index.php\/produkt\/mexen-s-flat-360deg-m13-podlahovy-zlab-otocny-2v1-60-cerny-1710060-40-horka-nabidka-9317\/","title":{"rendered":"MEXEN\/S &#8211; Flat 360\u00b0 M13 podlahov\u00fd \u017elab oto\u010dn\u00fd 2v1 60, \u010dern\u00fd 1710060-40 Hork\u00e1 Nab\u00eddka"},"content":{"rendered":"<div class=\"basic-description\">\n<h3>Detailn\u00ed popis produktu<\/h3>\n<p>Technick\u00e1 data:<\/p>\n<p>Materi\u00e1l: nerezov\u00e1 ocel AISI 304<\/p>\n<p>Povrchov\u00e1 \u00faprava: \u010dern\u00e1<\/p>\n<p>\u0160\u00ed\u0159ka: 60 cm<\/p>\n<p>Sifon oto\u010dn\u00fd o 360\u00b0<\/p>\n<p>Mont\u00e1\u017en\u00ed hloubka: 52 mm<\/p>\n<p>Pr\u016ftok: 50 l\/min<\/p>\n<p>M\u0159\u00ed\u017eka pro lepen\u00ed obklad\u016f a dla\u017eeb o \u0161\u00ed\u0159ce 50 mm<\/p>\n<p>\u017dlab a ro\u0161t o tlou\u0161\u0165ce 1,2 mm<\/p>\n<p>Zavinovac\u00ed l\u00edmec &#8211; 2 cm<\/p>\n<p>Hloubka ro\u0161tu &#8211; 12 mm<\/p>\n<p>Zahrnuta:<\/p>\n<p>Oboustrann\u00e1 kryc\u00ed deska s tlum\u00edc\u00edmi distan\u010dn\u00edmi vlo\u017ekami<\/p>\n<p>Vyj\u00edmateln\u00fd filtr na ne\u010distoty<\/p>\n<p>Rota\u010dn\u00ed z\u00e1pachov\u00e1 uz\u00e1v\u011brka<\/p>\n<p>\u017dlab pro odvod vody<\/p>\n<p>Nastaviteln\u00e9 no\u017ei\u010dky<\/p>\n<p>Redukce 50\/40 mm<\/p>\n<p>T\u011bsn\u00edc\u00ed man\u017eeta<\/p>\n<p>H\u00e1\u010dek pro sejmut\u00ed masky<\/p>\n<\/p><\/div>\n<div class=\"extended-description\">\n<h3>Dopl\u0148kov\u00e9 parametry<\/h3>\n<table class=\"detail-parameters\">\n<tbody>\n<tr>\n<th>        <span class=\"row-header-label\">            Kategorie<span class=\"row-header-label-colon\">:<\/span>        <\/span>    <\/th>\n<td>            <\/td>\n<\/tr>\n<tr>\n<th>            <span class=\"row-header-label\">                Z\u00e1ruka<span class=\"row-header-label-colon\">:<\/span>            <\/span>        <\/th>\n<td>            24        <\/td>\n<\/tr>\n<tr>\n<th>            <span class=\"row-header-label\">                Hmotnost<span class=\"row-header-label-colon\">:<\/span>            <\/span>        <\/th>\n<td>            5 kg        <\/td>\n<\/tr>\n<tr class=\"productEan\">\n<th>          <span class=\"row-header-label productEan__label\">              EAN<span class=\"row-header-label-colon\">:<\/span>          <\/span>      <\/th>\n<td>          <span class=\"productEan__value\">5905315010438<\/span>      <\/td>\n<\/tr>\n<tr>\n<th>                <span class=\"row-header-label\">                                            Dostupnost<span class=\"row-header-label-colon\">:<\/span>                                    <\/span>            <\/th>\n<td>                                                            Dod\u00e1n\u00ed do 14ti dn\u016f                                                <\/td>\n<\/tr>\n<\/tbody>\n<\/table><\/div>\n<\/p><\/div>\n<\/p><\/div>\n","protected":false},"excerpt":{"rendered":"<p>Detailn\u00ed popis produktu Technick\u00e1 data: Materi\u00e1l: nerezov\u00e1 ocel AISI 304 Povrchov\u00e1 \u00faprava: \u010dern\u00e1 \u0160\u00ed\u0159ka: 60 cm Sifon oto\u010dn\u00fd o 360\u00b0 Mont\u00e1\u017en\u00ed hloubka: 52 mm Pr\u016ftok: 50 l\/min M\u0159\u00ed\u017eka pro lepen\u00ed obklad\u016f a dla\u017eeb o \u0161\u00ed\u0159ce 50 mm \u017dlab a ro\u0161t o tlou\u0161\u0165ce 1,2 mm Zavinovac\u00ed l\u00edmec &#8211; 2 cm Hloubka ro\u0161tu &#8211; 12 mm Zahrnuta: [&hellip;]<\/p>\n","protected":false},"featured_media":9417,"comment_status":"open","ping_status":"open","template":"","meta":[],"product_brand":[],"product_cat":[56],"product_tag":[],"class_list":{"0":"post-9317","1":"product","2":"type-product","3":"status-publish","4":"has-post-thumbnail","6":"product_cat-odtokove-kanalky","8":"first","9":"instock","10":"sale","11":"shipping-taxable","12":"purchasable","13":"product-type-simple"},"yoast_head":"<!-- This site is optimized with the Yoast SEO plugin v26.8 - https:\/\/yoast.com\/product\/yoast-seo-wordpress\/ -->\n<title>MEXEN\/S - Flat 360\u00b0 M13 podlahov\u00fd \u017elab oto\u010dn\u00fd 2v1 60, \u010dern\u00fd 1710060-40 Hork\u00e1 Nab\u00eddka -<\/title>\n<meta name=\"robots\" content=\"index, follow, max-snippet:-1, max-image-preview:large, max-video-preview:-1\" \/>\n<link rel=\"canonical\" href=\"https:\/\/www.koupeltech.com\/index.php\/produkt\/mexen-s-flat-360deg-m13-podlahovy-zlab-otocny-2v1-60-cerny-1710060-40-horka-nabidka-9317\/\" \/>\n<meta property=\"og:locale\" content=\"cs_CZ\" \/>\n<meta property=\"og:type\" content=\"article\" \/>\n<meta property=\"og:title\" content=\"MEXEN\/S - Flat 360\u00b0 M13 podlahov\u00fd \u017elab oto\u010dn\u00fd 2v1 60, \u010dern\u00fd 1710060-40 Hork\u00e1 Nab\u00eddka -\" \/>\n<meta property=\"og:description\" content=\"Detailn\u00ed popis produktu Technick\u00e1 data: Materi\u00e1l: nerezov\u00e1 ocel AISI 304 Povrchov\u00e1 \u00faprava: \u010dern\u00e1 \u0160\u00ed\u0159ka: 60 cm Sifon oto\u010dn\u00fd o 360\u00b0 Mont\u00e1\u017en\u00ed hloubka: 52 mm Pr\u016ftok: 50 l\/min M\u0159\u00ed\u017eka pro lepen\u00ed obklad\u016f a dla\u017eeb o \u0161\u00ed\u0159ce 50 mm \u017dlab a ro\u0161t o tlou\u0161\u0165ce 1,2 mm Zavinovac\u00ed l\u00edmec &#8211; 2 cm Hloubka ro\u0161tu &#8211; 12 mm Zahrnuta: [&hellip;]\" \/>\n<meta property=\"og:url\" content=\"https:\/\/www.koupeltech.com\/index.php\/produkt\/mexen-s-flat-360deg-m13-podlahovy-zlab-otocny-2v1-60-cerny-1710060-40-horka-nabidka-9317\/\" \/>\n<meta property=\"og:image\" content=\"https:\/\/www.koupeltech.com\/wp-content\/uploads\/2026\/SK0023683-CZ20260425-092556-0-1777080363-1777543_mexen-s-flat-360-m13-podlahovy-zlab-otocny-2v1-60--.webp\" \/>\n\t<meta property=\"og:image:width\" content=\"1000\" \/>\n\t<meta property=\"og:image:height\" content=\"750\" \/>\n\t<meta property=\"og:image:type\" content=\"image\/webp\" \/>\n<meta name=\"twitter:card\" content=\"summary_large_image\" \/>\n<meta name=\"twitter:label1\" content=\"Odhadovan\u00e1 doba \u010dten\u00ed\" \/>\n\t<meta name=\"twitter:data1\" content=\"1 minuta\" \/>\n<script type=\"application\/ld+json\" class=\"yoast-schema-graph\">{\"@context\":\"https:\/\/schema.org\",\"@graph\":[{\"@type\":\"WebPage\",\"@id\":\"https:\/\/www.koupeltech.com\/index.php\/produkt\/mexen-s-flat-360deg-m13-podlahovy-zlab-otocny-2v1-60-cerny-1710060-40-horka-nabidka-9317\/\",\"url\":\"https:\/\/www.koupeltech.com\/index.php\/produkt\/mexen-s-flat-360deg-m13-podlahovy-zlab-otocny-2v1-60-cerny-1710060-40-horka-nabidka-9317\/\",\"name\":\"MEXEN\/S - Flat 360\u00b0 M13 podlahov\u00fd \u017elab oto\u010dn\u00fd 2v1 60, \u010dern\u00fd 1710060-40 Hork\u00e1 Nab\u00eddka -\",\"isPartOf\":{\"@id\":\"https:\/\/www.koupeltech.com\/#website\"},\"primaryImageOfPage\":{\"@id\":\"https:\/\/www.koupeltech.com\/index.php\/produkt\/mexen-s-flat-360deg-m13-podlahovy-zlab-otocny-2v1-60-cerny-1710060-40-horka-nabidka-9317\/#primaryimage\"},\"image\":{\"@id\":\"https:\/\/www.koupeltech.com\/index.php\/produkt\/mexen-s-flat-360deg-m13-podlahovy-zlab-otocny-2v1-60-cerny-1710060-40-horka-nabidka-9317\/#primaryimage\"},\"thumbnailUrl\":\"https:\/\/www.koupeltech.com\/wp-content\/uploads\/2026\/SK0023683-CZ20260425-092556-0-1777080363-1777543_mexen-s-flat-360-m13-podlahovy-zlab-otocny-2v1-60--.webp\",\"datePublished\":\"2026-04-27T13:57:11+00:00\",\"breadcrumb\":{\"@id\":\"https:\/\/www.koupeltech.com\/index.php\/produkt\/mexen-s-flat-360deg-m13-podlahovy-zlab-otocny-2v1-60-cerny-1710060-40-horka-nabidka-9317\/#breadcrumb\"},\"inLanguage\":\"cs\",\"potentialAction\":[{\"@type\":\"ReadAction\",\"target\":[\"https:\/\/www.koupeltech.com\/index.php\/produkt\/mexen-s-flat-360deg-m13-podlahovy-zlab-otocny-2v1-60-cerny-1710060-40-horka-nabidka-9317\/\"]}]},{\"@type\":\"ImageObject\",\"inLanguage\":\"cs\",\"@id\":\"https:\/\/www.koupeltech.com\/index.php\/produkt\/mexen-s-flat-360deg-m13-podlahovy-zlab-otocny-2v1-60-cerny-1710060-40-horka-nabidka-9317\/#primaryimage\",\"url\":\"https:\/\/www.koupeltech.com\/wp-content\/uploads\/2026\/SK0023683-CZ20260425-092556-0-1777080363-1777543_mexen-s-flat-360-m13-podlahovy-zlab-otocny-2v1-60--.webp\",\"contentUrl\":\"https:\/\/www.koupeltech.com\/wp-content\/uploads\/2026\/SK0023683-CZ20260425-092556-0-1777080363-1777543_mexen-s-flat-360-m13-podlahovy-zlab-otocny-2v1-60--.webp\",\"width\":1000,\"height\":750},{\"@type\":\"BreadcrumbList\",\"@id\":\"https:\/\/www.koupeltech.com\/index.php\/produkt\/mexen-s-flat-360deg-m13-podlahovy-zlab-otocny-2v1-60-cerny-1710060-40-horka-nabidka-9317\/#breadcrumb\",\"itemListElement\":[{\"@type\":\"ListItem\",\"position\":1,\"name\":\"Home\",\"item\":\"https:\/\/www.koupeltech.com\/\"},{\"@type\":\"ListItem\",\"position\":2,\"name\":\"Products\",\"item\":\"https:\/\/www.koupeltech.com\/index.php\/products\/\"},{\"@type\":\"ListItem\",\"position\":3,\"name\":\"MEXEN\/S &#8211; Flat 360\u00b0 M13 podlahov\u00fd \u017elab oto\u010dn\u00fd 2v1 60, \u010dern\u00fd 1710060-40 Hork\u00e1 Nab\u00eddka\"}]},{\"@type\":\"WebSite\",\"@id\":\"https:\/\/www.koupeltech.com\/#website\",\"url\":\"https:\/\/www.koupeltech.com\/\",\"name\":\"\",\"description\":\"\",\"potentialAction\":[{\"@type\":\"SearchAction\",\"target\":{\"@type\":\"EntryPoint\",\"urlTemplate\":\"https:\/\/www.koupeltech.com\/?s={search_term_string}\"},\"query-input\":{\"@type\":\"PropertyValueSpecification\",\"valueRequired\":true,\"valueName\":\"search_term_string\"}}],\"inLanguage\":\"cs\"}]}<\/script>\n<!-- \/ Yoast SEO plugin. -->","yoast_head_json":{"title":"MEXEN\/S - Flat 360\u00b0 M13 podlahov\u00fd \u017elab oto\u010dn\u00fd 2v1 60, \u010dern\u00fd 1710060-40 Hork\u00e1 Nab\u00eddka -","robots":{"index":"index","follow":"follow","max-snippet":"max-snippet:-1","max-image-preview":"max-image-preview:large","max-video-preview":"max-video-preview:-1"},"canonical":"https:\/\/www.koupeltech.com\/index.php\/produkt\/mexen-s-flat-360deg-m13-podlahovy-zlab-otocny-2v1-60-cerny-1710060-40-horka-nabidka-9317\/","og_locale":"cs_CZ","og_type":"article","og_title":"MEXEN\/S - Flat 360\u00b0 M13 podlahov\u00fd \u017elab oto\u010dn\u00fd 2v1 60, \u010dern\u00fd 1710060-40 Hork\u00e1 Nab\u00eddka -","og_description":"Detailn\u00ed popis produktu Technick\u00e1 data: Materi\u00e1l: nerezov\u00e1 ocel AISI 304 Povrchov\u00e1 \u00faprava: \u010dern\u00e1 \u0160\u00ed\u0159ka: 60 cm Sifon oto\u010dn\u00fd o 360\u00b0 Mont\u00e1\u017en\u00ed hloubka: 52 mm Pr\u016ftok: 50 l\/min M\u0159\u00ed\u017eka pro lepen\u00ed obklad\u016f a dla\u017eeb o \u0161\u00ed\u0159ce 50 mm \u017dlab a ro\u0161t o tlou\u0161\u0165ce 1,2 mm Zavinovac\u00ed l\u00edmec &#8211; 2 cm Hloubka ro\u0161tu &#8211; 12 mm Zahrnuta: [&hellip;]","og_url":"https:\/\/www.koupeltech.com\/index.php\/produkt\/mexen-s-flat-360deg-m13-podlahovy-zlab-otocny-2v1-60-cerny-1710060-40-horka-nabidka-9317\/","og_image":[{"width":1000,"height":750,"url":"https:\/\/www.koupeltech.com\/wp-content\/uploads\/2026\/SK0023683-CZ20260425-092556-0-1777080363-1777543_mexen-s-flat-360-m13-podlahovy-zlab-otocny-2v1-60--.webp","type":"image\/webp"}],"twitter_card":"summary_large_image","twitter_misc":{"Odhadovan\u00e1 doba \u010dten\u00ed":"1 minuta"},"schema":{"@context":"https:\/\/schema.org","@graph":[{"@type":"WebPage","@id":"https:\/\/www.koupeltech.com\/index.php\/produkt\/mexen-s-flat-360deg-m13-podlahovy-zlab-otocny-2v1-60-cerny-1710060-40-horka-nabidka-9317\/","url":"https:\/\/www.koupeltech.com\/index.php\/produkt\/mexen-s-flat-360deg-m13-podlahovy-zlab-otocny-2v1-60-cerny-1710060-40-horka-nabidka-9317\/","name":"MEXEN\/S - Flat 360\u00b0 M13 podlahov\u00fd \u017elab oto\u010dn\u00fd 2v1 60, \u010dern\u00fd 1710060-40 Hork\u00e1 Nab\u00eddka -","isPartOf":{"@id":"https:\/\/www.koupeltech.com\/#website"},"primaryImageOfPage":{"@id":"https:\/\/www.koupeltech.com\/index.php\/produkt\/mexen-s-flat-360deg-m13-podlahovy-zlab-otocny-2v1-60-cerny-1710060-40-horka-nabidka-9317\/#primaryimage"},"image":{"@id":"https:\/\/www.koupeltech.com\/index.php\/produkt\/mexen-s-flat-360deg-m13-podlahovy-zlab-otocny-2v1-60-cerny-1710060-40-horka-nabidka-9317\/#primaryimage"},"thumbnailUrl":"https:\/\/www.koupeltech.com\/wp-content\/uploads\/2026\/SK0023683-CZ20260425-092556-0-1777080363-1777543_mexen-s-flat-360-m13-podlahovy-zlab-otocny-2v1-60--.webp","datePublished":"2026-04-27T13:57:11+00:00","breadcrumb":{"@id":"https:\/\/www.koupeltech.com\/index.php\/produkt\/mexen-s-flat-360deg-m13-podlahovy-zlab-otocny-2v1-60-cerny-1710060-40-horka-nabidka-9317\/#breadcrumb"},"inLanguage":"cs","potentialAction":[{"@type":"ReadAction","target":["https:\/\/www.koupeltech.com\/index.php\/produkt\/mexen-s-flat-360deg-m13-podlahovy-zlab-otocny-2v1-60-cerny-1710060-40-horka-nabidka-9317\/"]}]},{"@type":"ImageObject","inLanguage":"cs","@id":"https:\/\/www.koupeltech.com\/index.php\/produkt\/mexen-s-flat-360deg-m13-podlahovy-zlab-otocny-2v1-60-cerny-1710060-40-horka-nabidka-9317\/#primaryimage","url":"https:\/\/www.koupeltech.com\/wp-content\/uploads\/2026\/SK0023683-CZ20260425-092556-0-1777080363-1777543_mexen-s-flat-360-m13-podlahovy-zlab-otocny-2v1-60--.webp","contentUrl":"https:\/\/www.koupeltech.com\/wp-content\/uploads\/2026\/SK0023683-CZ20260425-092556-0-1777080363-1777543_mexen-s-flat-360-m13-podlahovy-zlab-otocny-2v1-60--.webp","width":1000,"height":750},{"@type":"BreadcrumbList","@id":"https:\/\/www.koupeltech.com\/index.php\/produkt\/mexen-s-flat-360deg-m13-podlahovy-zlab-otocny-2v1-60-cerny-1710060-40-horka-nabidka-9317\/#breadcrumb","itemListElement":[{"@type":"ListItem","position":1,"name":"Home","item":"https:\/\/www.koupeltech.com\/"},{"@type":"ListItem","position":2,"name":"Products","item":"https:\/\/www.koupeltech.com\/index.php\/products\/"},{"@type":"ListItem","position":3,"name":"MEXEN\/S &#8211; Flat 360\u00b0 M13 podlahov\u00fd \u017elab oto\u010dn\u00fd 2v1 60, \u010dern\u00fd 1710060-40 Hork\u00e1 Nab\u00eddka"}]},{"@type":"WebSite","@id":"https:\/\/www.koupeltech.com\/#website","url":"https:\/\/www.koupeltech.com\/","name":"","description":"","potentialAction":[{"@type":"SearchAction","target":{"@type":"EntryPoint","urlTemplate":"https:\/\/www.koupeltech.com\/?s={search_term_string}"},"query-input":{"@type":"PropertyValueSpecification","valueRequired":true,"valueName":"search_term_string"}}],"inLanguage":"cs"}]}},"_links":{"self":[{"href":"https:\/\/www.koupeltech.com\/index.php\/wp-json\/wp\/v2\/product\/9317","targetHints":{"allow":["GET"]}}],"collection":[{"href":"https:\/\/www.koupeltech.com\/index.php\/wp-json\/wp\/v2\/product"}],"about":[{"href":"https:\/\/www.koupeltech.com\/index.php\/wp-json\/wp\/v2\/types\/product"}],"replies":[{"embeddable":true,"href":"https:\/\/www.koupeltech.com\/index.php\/wp-json\/wp\/v2\/comments?post=9317"}],"wp:featuredmedia":[{"embeddable":true,"href":"https:\/\/www.koupeltech.com\/index.php\/wp-json\/wp\/v2\/media\/9417"}],"wp:attachment":[{"href":"https:\/\/www.koupeltech.com\/index.php\/wp-json\/wp\/v2\/media?parent=9317"}],"wp:term":[{"taxonomy":"product_brand","embeddable":true,"href":"https:\/\/www.koupeltech.com\/index.php\/wp-json\/wp\/v2\/product_brand?post=9317"},{"taxonomy":"product_cat","embeddable":true,"href":"https:\/\/www.koupeltech.com\/index.php\/wp-json\/wp\/v2\/product_cat?post=9317"},{"taxonomy":"product_tag","embeddable":true,"href":"https:\/\/www.koupeltech.com\/index.php\/wp-json\/wp\/v2\/product_tag?post=9317"}],"curies":[{"name":"wp","href":"https:\/\/api.w.org\/{rel}","templated":true}]}}