{"id":9342,"date":"2026-04-27T13:57:11","date_gmt":"2026-04-27T13:57:11","guid":{"rendered":""},"modified":"2026-04-27T13:57:11","modified_gmt":"2026-04-27T13:57:11","slug":"originalni-mexen-s-stone-obdelnikova-sprchova-vanicka-100-x-90-bila-mrizka-cerna-44109010-b-9342","status":"publish","type":"product","link":"https:\/\/www.koupeltech.com\/index.php\/produkt\/originalni-mexen-s-stone-obdelnikova-sprchova-vanicka-100-x-90-bila-mrizka-cerna-44109010-b-9342\/","title":{"rendered":"Origin\u00e1ln\u00ed MEXEN\/S &#8211; Stone+ obd\u00e9ln\u00edkov\u00e1 sprchov\u00e1 vani\u010dka 100 x 90, b\u00edl\u00e1, m\u0159\u00ed\u017eka \u010dern\u00e1 44109010-B"},"content":{"rendered":"<div class=\"basic-description\">\n<h3>Detailn\u00ed popis produktu<\/h3>\n<p>Technick\u00e1 data:<\/p>\n<p>Rozm\u011br: 100x90x2,5 cm<\/p>\n<p>b\u00edl\u00e1 barva<\/p>\n<p>Typ: Obd\u00e9ln\u00edkov\u00fd, Ultra ploch\u00fd<\/p>\n<p>Instalace: Do podlahy nebo na podlahu<\/p>\n<p>Materi\u00e1l: Miner\u00e1ln\u00ed kompozit<\/p>\n<p>Kamenn\u00e1 struktura<\/p>\n<p>Odoln\u00fd v\u00fdrobek, kter\u00fd se nedeformuje<\/p>\n<p>Maxim\u00e1ln\u00ed stabilita d\u00edky dobr\u00e9 odolnosti proti n\u00e1razu<\/p>\n<p>Sada obsahuje sifon, kter\u00fd se \u010dist\u00ed shora<\/p>\n<p>Pr\u016fm\u011br odtoku: 90 mm<\/p>\n<p>Povrchov\u00e1 \u00faprava m\u0159\u00ed\u017eky: \u010cern\u00e1<\/p>\n<\/p><\/div>\n<div class=\"extended-description\">\n<h3>Dopl\u0148kov\u00e9 parametry<\/h3>\n<table class=\"detail-parameters\">\n<tbody>\n<tr>\n<th>        <span class=\"row-header-label\">            Kategorie<span class=\"row-header-label-colon\">:<\/span>        <\/span>    <\/th>\n<td>            <\/td>\n<\/tr>\n<tr>\n<th>            <span class=\"row-header-label\">                Z\u00e1ruka<span class=\"row-header-label-colon\">:<\/span>            <\/span>        <\/th>\n<td>            24        <\/td>\n<\/tr>\n<tr>\n<th>            <span class=\"row-header-label\">                Hmotnost<span class=\"row-header-label-colon\">:<\/span>            <\/span>        <\/th>\n<td>            30 kg        <\/td>\n<\/tr>\n<tr class=\"productEan\">\n<th>          <span class=\"row-header-label productEan__label\">              EAN<span class=\"row-header-label-colon\">:<\/span>          <\/span>      <\/th>\n<td>          <span class=\"productEan__value\">5905315223197<\/span>      <\/td>\n<\/tr>\n<tr>\n<th>                <span class=\"row-header-label\">                                            Dostupnost<span class=\"row-header-label-colon\">:<\/span>                                    <\/span>            <\/th>\n<td>                                                            Dod\u00e1n\u00ed do 14ti dn\u016f                                                <\/td>\n<\/tr>\n<\/tbody>\n<\/table><\/div>\n<\/p><\/div>\n<\/p><\/div>\n","protected":false},"excerpt":{"rendered":"<p>Detailn\u00ed popis produktu Technick\u00e1 data: Rozm\u011br: 100x90x2,5 cm b\u00edl\u00e1 barva Typ: Obd\u00e9ln\u00edkov\u00fd, Ultra ploch\u00fd Instalace: Do podlahy nebo na podlahu Materi\u00e1l: Miner\u00e1ln\u00ed kompozit Kamenn\u00e1 struktura Odoln\u00fd v\u00fdrobek, kter\u00fd se nedeformuje Maxim\u00e1ln\u00ed stabilita d\u00edky dobr\u00e9 odolnosti proti n\u00e1razu Sada obsahuje sifon, kter\u00fd se \u010dist\u00ed shora Pr\u016fm\u011br odtoku: 90 mm Povrchov\u00e1 \u00faprava m\u0159\u00ed\u017eky: \u010cern\u00e1 Dopl\u0148kov\u00e9 parametry Kategorie: [&hellip;]<\/p>\n","protected":false},"featured_media":9442,"comment_status":"open","ping_status":"open","template":"","meta":[],"product_brand":[],"product_cat":[63],"product_tag":[],"class_list":{"0":"post-9342","1":"product","2":"type-product","3":"status-publish","4":"has-post-thumbnail","6":"product_cat-sprchove-vanicky","8":"first","9":"instock","10":"sale","11":"shipping-taxable","12":"purchasable","13":"product-type-simple"},"yoast_head":"<!-- This site is optimized with the Yoast SEO plugin v26.8 - https:\/\/yoast.com\/product\/yoast-seo-wordpress\/ -->\n<title>Origin\u00e1ln\u00ed MEXEN\/S - Stone+ obd\u00e9ln\u00edkov\u00e1 sprchov\u00e1 vani\u010dka 100 x 90, b\u00edl\u00e1, m\u0159\u00ed\u017eka \u010dern\u00e1 44109010-B -<\/title>\n<meta name=\"robots\" content=\"index, follow, max-snippet:-1, max-image-preview:large, max-video-preview:-1\" \/>\n<link rel=\"canonical\" href=\"https:\/\/www.koupeltech.com\/index.php\/produkt\/originalni-mexen-s-stone-obdelnikova-sprchova-vanicka-100-x-90-bila-mrizka-cerna-44109010-b-9342\/\" \/>\n<meta property=\"og:locale\" content=\"cs_CZ\" \/>\n<meta property=\"og:type\" content=\"article\" \/>\n<meta property=\"og:title\" content=\"Origin\u00e1ln\u00ed MEXEN\/S - Stone+ obd\u00e9ln\u00edkov\u00e1 sprchov\u00e1 vani\u010dka 100 x 90, b\u00edl\u00e1, m\u0159\u00ed\u017eka \u010dern\u00e1 44109010-B -\" \/>\n<meta property=\"og:description\" content=\"Detailn\u00ed popis produktu Technick\u00e1 data: Rozm\u011br: 100x90x2,5 cm b\u00edl\u00e1 barva Typ: Obd\u00e9ln\u00edkov\u00fd, Ultra ploch\u00fd Instalace: Do podlahy nebo na podlahu Materi\u00e1l: Miner\u00e1ln\u00ed kompozit Kamenn\u00e1 struktura Odoln\u00fd v\u00fdrobek, kter\u00fd se nedeformuje Maxim\u00e1ln\u00ed stabilita d\u00edky dobr\u00e9 odolnosti proti n\u00e1razu Sada obsahuje sifon, kter\u00fd se \u010dist\u00ed shora Pr\u016fm\u011br odtoku: 90 mm Povrchov\u00e1 \u00faprava m\u0159\u00ed\u017eky: \u010cern\u00e1 Dopl\u0148kov\u00e9 parametry Kategorie: [&hellip;]\" \/>\n<meta property=\"og:url\" content=\"https:\/\/www.koupeltech.com\/index.php\/produkt\/originalni-mexen-s-stone-obdelnikova-sprchova-vanicka-100-x-90-bila-mrizka-cerna-44109010-b-9342\/\" \/>\n<meta property=\"og:image\" content=\"https:\/\/www.koupeltech.com\/wp-content\/uploads\/2026\/SK0023708-CZ20260425-092556-0-1777080363-1780780_mexen-s-stone--obdelnikova-sprchova-vanicka-100-x-9.webp\" \/>\n\t<meta property=\"og:image:width\" content=\"1000\" \/>\n\t<meta property=\"og:image:height\" content=\"750\" \/>\n\t<meta property=\"og:image:type\" content=\"image\/webp\" \/>\n<meta name=\"twitter:card\" content=\"summary_large_image\" \/>\n<script type=\"application\/ld+json\" class=\"yoast-schema-graph\">{\"@context\":\"https:\/\/schema.org\",\"@graph\":[{\"@type\":\"WebPage\",\"@id\":\"https:\/\/www.koupeltech.com\/index.php\/produkt\/originalni-mexen-s-stone-obdelnikova-sprchova-vanicka-100-x-90-bila-mrizka-cerna-44109010-b-9342\/\",\"url\":\"https:\/\/www.koupeltech.com\/index.php\/produkt\/originalni-mexen-s-stone-obdelnikova-sprchova-vanicka-100-x-90-bila-mrizka-cerna-44109010-b-9342\/\",\"name\":\"Origin\u00e1ln\u00ed MEXEN\/S - Stone+ obd\u00e9ln\u00edkov\u00e1 sprchov\u00e1 vani\u010dka 100 x 90, b\u00edl\u00e1, m\u0159\u00ed\u017eka \u010dern\u00e1 44109010-B -\",\"isPartOf\":{\"@id\":\"https:\/\/www.koupeltech.com\/#website\"},\"primaryImageOfPage\":{\"@id\":\"https:\/\/www.koupeltech.com\/index.php\/produkt\/originalni-mexen-s-stone-obdelnikova-sprchova-vanicka-100-x-90-bila-mrizka-cerna-44109010-b-9342\/#primaryimage\"},\"image\":{\"@id\":\"https:\/\/www.koupeltech.com\/index.php\/produkt\/originalni-mexen-s-stone-obdelnikova-sprchova-vanicka-100-x-90-bila-mrizka-cerna-44109010-b-9342\/#primaryimage\"},\"thumbnailUrl\":\"https:\/\/www.koupeltech.com\/wp-content\/uploads\/2026\/SK0023708-CZ20260425-092556-0-1777080363-1780780_mexen-s-stone--obdelnikova-sprchova-vanicka-100-x-9.webp\",\"datePublished\":\"2026-04-27T13:57:11+00:00\",\"breadcrumb\":{\"@id\":\"https:\/\/www.koupeltech.com\/index.php\/produkt\/originalni-mexen-s-stone-obdelnikova-sprchova-vanicka-100-x-90-bila-mrizka-cerna-44109010-b-9342\/#breadcrumb\"},\"inLanguage\":\"cs\",\"potentialAction\":[{\"@type\":\"ReadAction\",\"target\":[\"https:\/\/www.koupeltech.com\/index.php\/produkt\/originalni-mexen-s-stone-obdelnikova-sprchova-vanicka-100-x-90-bila-mrizka-cerna-44109010-b-9342\/\"]}]},{\"@type\":\"ImageObject\",\"inLanguage\":\"cs\",\"@id\":\"https:\/\/www.koupeltech.com\/index.php\/produkt\/originalni-mexen-s-stone-obdelnikova-sprchova-vanicka-100-x-90-bila-mrizka-cerna-44109010-b-9342\/#primaryimage\",\"url\":\"https:\/\/www.koupeltech.com\/wp-content\/uploads\/2026\/SK0023708-CZ20260425-092556-0-1777080363-1780780_mexen-s-stone--obdelnikova-sprchova-vanicka-100-x-9.webp\",\"contentUrl\":\"https:\/\/www.koupeltech.com\/wp-content\/uploads\/2026\/SK0023708-CZ20260425-092556-0-1777080363-1780780_mexen-s-stone--obdelnikova-sprchova-vanicka-100-x-9.webp\",\"width\":1000,\"height\":750},{\"@type\":\"BreadcrumbList\",\"@id\":\"https:\/\/www.koupeltech.com\/index.php\/produkt\/originalni-mexen-s-stone-obdelnikova-sprchova-vanicka-100-x-90-bila-mrizka-cerna-44109010-b-9342\/#breadcrumb\",\"itemListElement\":[{\"@type\":\"ListItem\",\"position\":1,\"name\":\"Home\",\"item\":\"https:\/\/www.koupeltech.com\/\"},{\"@type\":\"ListItem\",\"position\":2,\"name\":\"Products\",\"item\":\"https:\/\/www.koupeltech.com\/index.php\/products\/\"},{\"@type\":\"ListItem\",\"position\":3,\"name\":\"Origin\u00e1ln\u00ed MEXEN\/S &#8211; Stone+ obd\u00e9ln\u00edkov\u00e1 sprchov\u00e1 vani\u010dka 100 x 90, b\u00edl\u00e1, m\u0159\u00ed\u017eka \u010dern\u00e1 44109010-B\"}]},{\"@type\":\"WebSite\",\"@id\":\"https:\/\/www.koupeltech.com\/#website\",\"url\":\"https:\/\/www.koupeltech.com\/\",\"name\":\"\",\"description\":\"\",\"potentialAction\":[{\"@type\":\"SearchAction\",\"target\":{\"@type\":\"EntryPoint\",\"urlTemplate\":\"https:\/\/www.koupeltech.com\/?s={search_term_string}\"},\"query-input\":{\"@type\":\"PropertyValueSpecification\",\"valueRequired\":true,\"valueName\":\"search_term_string\"}}],\"inLanguage\":\"cs\"}]}<\/script>\n<!-- \/ Yoast SEO plugin. -->","yoast_head_json":{"title":"Origin\u00e1ln\u00ed MEXEN\/S - Stone+ obd\u00e9ln\u00edkov\u00e1 sprchov\u00e1 vani\u010dka 100 x 90, b\u00edl\u00e1, m\u0159\u00ed\u017eka \u010dern\u00e1 44109010-B -","robots":{"index":"index","follow":"follow","max-snippet":"max-snippet:-1","max-image-preview":"max-image-preview:large","max-video-preview":"max-video-preview:-1"},"canonical":"https:\/\/www.koupeltech.com\/index.php\/produkt\/originalni-mexen-s-stone-obdelnikova-sprchova-vanicka-100-x-90-bila-mrizka-cerna-44109010-b-9342\/","og_locale":"cs_CZ","og_type":"article","og_title":"Origin\u00e1ln\u00ed MEXEN\/S - Stone+ obd\u00e9ln\u00edkov\u00e1 sprchov\u00e1 vani\u010dka 100 x 90, b\u00edl\u00e1, m\u0159\u00ed\u017eka \u010dern\u00e1 44109010-B -","og_description":"Detailn\u00ed popis produktu Technick\u00e1 data: Rozm\u011br: 100x90x2,5 cm b\u00edl\u00e1 barva Typ: Obd\u00e9ln\u00edkov\u00fd, Ultra ploch\u00fd Instalace: Do podlahy nebo na podlahu Materi\u00e1l: Miner\u00e1ln\u00ed kompozit Kamenn\u00e1 struktura Odoln\u00fd v\u00fdrobek, kter\u00fd se nedeformuje Maxim\u00e1ln\u00ed stabilita d\u00edky dobr\u00e9 odolnosti proti n\u00e1razu Sada obsahuje sifon, kter\u00fd se \u010dist\u00ed shora Pr\u016fm\u011br odtoku: 90 mm Povrchov\u00e1 \u00faprava m\u0159\u00ed\u017eky: \u010cern\u00e1 Dopl\u0148kov\u00e9 parametry Kategorie: [&hellip;]","og_url":"https:\/\/www.koupeltech.com\/index.php\/produkt\/originalni-mexen-s-stone-obdelnikova-sprchova-vanicka-100-x-90-bila-mrizka-cerna-44109010-b-9342\/","og_image":[{"width":1000,"height":750,"url":"https:\/\/www.koupeltech.com\/wp-content\/uploads\/2026\/SK0023708-CZ20260425-092556-0-1777080363-1780780_mexen-s-stone--obdelnikova-sprchova-vanicka-100-x-9.webp","type":"image\/webp"}],"twitter_card":"summary_large_image","schema":{"@context":"https:\/\/schema.org","@graph":[{"@type":"WebPage","@id":"https:\/\/www.koupeltech.com\/index.php\/produkt\/originalni-mexen-s-stone-obdelnikova-sprchova-vanicka-100-x-90-bila-mrizka-cerna-44109010-b-9342\/","url":"https:\/\/www.koupeltech.com\/index.php\/produkt\/originalni-mexen-s-stone-obdelnikova-sprchova-vanicka-100-x-90-bila-mrizka-cerna-44109010-b-9342\/","name":"Origin\u00e1ln\u00ed MEXEN\/S - Stone+ obd\u00e9ln\u00edkov\u00e1 sprchov\u00e1 vani\u010dka 100 x 90, b\u00edl\u00e1, m\u0159\u00ed\u017eka \u010dern\u00e1 44109010-B -","isPartOf":{"@id":"https:\/\/www.koupeltech.com\/#website"},"primaryImageOfPage":{"@id":"https:\/\/www.koupeltech.com\/index.php\/produkt\/originalni-mexen-s-stone-obdelnikova-sprchova-vanicka-100-x-90-bila-mrizka-cerna-44109010-b-9342\/#primaryimage"},"image":{"@id":"https:\/\/www.koupeltech.com\/index.php\/produkt\/originalni-mexen-s-stone-obdelnikova-sprchova-vanicka-100-x-90-bila-mrizka-cerna-44109010-b-9342\/#primaryimage"},"thumbnailUrl":"https:\/\/www.koupeltech.com\/wp-content\/uploads\/2026\/SK0023708-CZ20260425-092556-0-1777080363-1780780_mexen-s-stone--obdelnikova-sprchova-vanicka-100-x-9.webp","datePublished":"2026-04-27T13:57:11+00:00","breadcrumb":{"@id":"https:\/\/www.koupeltech.com\/index.php\/produkt\/originalni-mexen-s-stone-obdelnikova-sprchova-vanicka-100-x-90-bila-mrizka-cerna-44109010-b-9342\/#breadcrumb"},"inLanguage":"cs","potentialAction":[{"@type":"ReadAction","target":["https:\/\/www.koupeltech.com\/index.php\/produkt\/originalni-mexen-s-stone-obdelnikova-sprchova-vanicka-100-x-90-bila-mrizka-cerna-44109010-b-9342\/"]}]},{"@type":"ImageObject","inLanguage":"cs","@id":"https:\/\/www.koupeltech.com\/index.php\/produkt\/originalni-mexen-s-stone-obdelnikova-sprchova-vanicka-100-x-90-bila-mrizka-cerna-44109010-b-9342\/#primaryimage","url":"https:\/\/www.koupeltech.com\/wp-content\/uploads\/2026\/SK0023708-CZ20260425-092556-0-1777080363-1780780_mexen-s-stone--obdelnikova-sprchova-vanicka-100-x-9.webp","contentUrl":"https:\/\/www.koupeltech.com\/wp-content\/uploads\/2026\/SK0023708-CZ20260425-092556-0-1777080363-1780780_mexen-s-stone--obdelnikova-sprchova-vanicka-100-x-9.webp","width":1000,"height":750},{"@type":"BreadcrumbList","@id":"https:\/\/www.koupeltech.com\/index.php\/produkt\/originalni-mexen-s-stone-obdelnikova-sprchova-vanicka-100-x-90-bila-mrizka-cerna-44109010-b-9342\/#breadcrumb","itemListElement":[{"@type":"ListItem","position":1,"name":"Home","item":"https:\/\/www.koupeltech.com\/"},{"@type":"ListItem","position":2,"name":"Products","item":"https:\/\/www.koupeltech.com\/index.php\/products\/"},{"@type":"ListItem","position":3,"name":"Origin\u00e1ln\u00ed MEXEN\/S &#8211; Stone+ obd\u00e9ln\u00edkov\u00e1 sprchov\u00e1 vani\u010dka 100 x 90, b\u00edl\u00e1, m\u0159\u00ed\u017eka \u010dern\u00e1 44109010-B"}]},{"@type":"WebSite","@id":"https:\/\/www.koupeltech.com\/#website","url":"https:\/\/www.koupeltech.com\/","name":"","description":"","potentialAction":[{"@type":"SearchAction","target":{"@type":"EntryPoint","urlTemplate":"https:\/\/www.koupeltech.com\/?s={search_term_string}"},"query-input":{"@type":"PropertyValueSpecification","valueRequired":true,"valueName":"search_term_string"}}],"inLanguage":"cs"}]}},"_links":{"self":[{"href":"https:\/\/www.koupeltech.com\/index.php\/wp-json\/wp\/v2\/product\/9342","targetHints":{"allow":["GET"]}}],"collection":[{"href":"https:\/\/www.koupeltech.com\/index.php\/wp-json\/wp\/v2\/product"}],"about":[{"href":"https:\/\/www.koupeltech.com\/index.php\/wp-json\/wp\/v2\/types\/product"}],"replies":[{"embeddable":true,"href":"https:\/\/www.koupeltech.com\/index.php\/wp-json\/wp\/v2\/comments?post=9342"}],"wp:featuredmedia":[{"embeddable":true,"href":"https:\/\/www.koupeltech.com\/index.php\/wp-json\/wp\/v2\/media\/9442"}],"wp:attachment":[{"href":"https:\/\/www.koupeltech.com\/index.php\/wp-json\/wp\/v2\/media?parent=9342"}],"wp:term":[{"taxonomy":"product_brand","embeddable":true,"href":"https:\/\/www.koupeltech.com\/index.php\/wp-json\/wp\/v2\/product_brand?post=9342"},{"taxonomy":"product_cat","embeddable":true,"href":"https:\/\/www.koupeltech.com\/index.php\/wp-json\/wp\/v2\/product_cat?post=9342"},{"taxonomy":"product_tag","embeddable":true,"href":"https:\/\/www.koupeltech.com\/index.php\/wp-json\/wp\/v2\/product_tag?post=9342"}],"curies":[{"name":"wp","href":"https:\/\/api.w.org\/{rel}","templated":true}]}}