{"id":9533,"date":"2026-04-27T13:57:13","date_gmt":"2026-04-27T13:57:13","guid":{"rendered":""},"modified":"2026-04-27T13:57:13","modified_gmt":"2026-04-27T13:57:13","slug":"mexen-s-mario-granitovy-drez-2-bowl-vcetne-baterie-flora-cerna-6504-77-670401-57-g-znackovy-9533","status":"publish","type":"product","link":"https:\/\/www.koupeltech.com\/index.php\/produkt\/mexen-s-mario-granitovy-drez-2-bowl-vcetne-baterie-flora-cerna-6504-77-670401-57-g-znackovy-9533\/","title":{"rendered":"MEXEN\/S &#8211; Mario granitov\u00fd d\u0159ez 2-bowl v\u010detn\u011b baterie Flora, \u010dern\u00e1 6504-77-670401-57-G Zna\u010dkov\u00fd"},"content":{"rendered":"<div class=\"basic-description\">\n<h3>Detailn\u00ed popis produktu<\/h3>\n<p>Technick\u00e1 data:<\/p>\n<p> d\u0159ez:<\/p>\n<p> Rozm\u011br: 820 x 436 x 161 mm<\/p>\n<p> Hloubka komory: 151 mm<\/p>\n<p> Rozm\u011bry komory: 356&#215;336 mm<\/p>\n<p> Pr\u016fm\u011br odtoku: \u00f890 mm<\/p>\n<p> Typ: 2-komorov\u00fd<\/p>\n<p> Typ: Zapu\u0161t\u011bn\u00e9 do pracovn\u00ed desky<\/p>\n<p> \u010cern\u00e1 barva<\/p>\n<p> Povrchov\u00e1 \u00faprava sifonu: zlat\u00e1<\/p>\n<p> Materi\u00e1l: \u017eula (80 % \u017eulov\u00e9 kamenivo, 20 % prysky\u0159ice)<\/p>\n<p> P\u0159epadov\u00fd otvor: Ano<\/p>\n<p> Otvory: (baterie, automatick\u00e9) 2<\/p>\n<p> Vysok\u00e1 odolnost proti po\u0161kr\u00e1b\u00e1n\u00ed a zm\u011bn\u011b barvy<\/p>\n<p> Odolnost proti tepeln\u00fdm \u0161ok\u016fm<\/p>\n<p> Snadno \u010distiteln\u00fd povrch<\/p>\n<p> kuchy\u0148sk\u00e1 baterie:<\/p>\n<p> Materi\u00e1l: mosaz<\/p>\n<p> Barva: Zlat\u00e1\/\u010cern\u00e1<\/p>\n<p> Hlava: Keramick\u00e1<\/p>\n<p> Provzdu\u0161\u0148ova\u010d: Ano<\/p>\n<p> Typ: Jedna p\u00e1ka<\/p>\n<p> Rozsah v\u00fdtoku: 245 mm<\/p>\n<p> V\u00fd\u0161ka baterie: 307 mm<\/p>\n<\/p><\/div>\n<div class=\"extended-description\">\n<h3>Dopl\u0148kov\u00e9 parametry<\/h3>\n<table class=\"detail-parameters\">\n<tbody>\n<tr>\n<th>        <span class=\"row-header-label\">            Kategorie<span class=\"row-header-label-colon\">:<\/span>        <\/span>    <\/th>\n<td>            <\/td>\n<\/tr>\n<tr>\n<th>            <span class=\"row-header-label\">                Z\u00e1ruka<span class=\"row-header-label-colon\">:<\/span>            <\/span>        <\/th>\n<td>            2 roky        <\/td>\n<\/tr>\n<tr>\n<th>            <span class=\"row-header-label\">                Hmotnost<span class=\"row-header-label-colon\">:<\/span>            <\/span>        <\/th>\n<td>            15 kg        <\/td>\n<\/tr>\n<tr class=\"productEan\">\n<th>          <span class=\"row-header-label productEan__label\">              EAN<span class=\"row-header-label-colon\">:<\/span>          <\/span>      <\/th>\n<td>          <span class=\"productEan__value\">5905315057921<\/span>      <\/td>\n<\/tr>\n<tr>\n<th>                <span class=\"row-header-label\">                                            Dostupnost<span class=\"row-header-label-colon\">:<\/span>                                    <\/span>            <\/th>\n<td>                                                            Dod\u00e1n\u00ed do 14ti dn\u016f                                                <\/td>\n<\/tr>\n<\/tbody>\n<\/table><\/div>\n<\/p><\/div>\n<\/p><\/div>\n","protected":false},"excerpt":{"rendered":"<p>Detailn\u00ed popis produktu Technick\u00e1 data: d\u0159ez: Rozm\u011br: 820 x 436 x 161 mm Hloubka komory: 151 mm Rozm\u011bry komory: 356&#215;336 mm Pr\u016fm\u011br odtoku: \u00f890 mm Typ: 2-komorov\u00fd Typ: Zapu\u0161t\u011bn\u00e9 do pracovn\u00ed desky \u010cern\u00e1 barva Povrchov\u00e1 \u00faprava sifonu: zlat\u00e1 Materi\u00e1l: \u017eula (80 % \u017eulov\u00e9 kamenivo, 20 % prysky\u0159ice) P\u0159epadov\u00fd otvor: Ano Otvory: (baterie, automatick\u00e9) 2 Vysok\u00e1 [&hellip;]<\/p>\n","protected":false},"featured_media":9633,"comment_status":"open","ping_status":"open","template":"","meta":[],"product_brand":[],"product_cat":[62],"product_tag":[],"class_list":{"0":"post-9533","1":"product","2":"type-product","3":"status-publish","4":"has-post-thumbnail","6":"product_cat-kuchynske-drezy","8":"first","9":"instock","10":"sale","11":"shipping-taxable","12":"purchasable","13":"product-type-simple"},"yoast_head":"<!-- This site is optimized with the Yoast SEO plugin v26.8 - https:\/\/yoast.com\/product\/yoast-seo-wordpress\/ -->\n<title>MEXEN\/S - Mario granitov\u00fd d\u0159ez 2-bowl v\u010detn\u011b baterie Flora, \u010dern\u00e1 6504-77-670401-57-G Zna\u010dkov\u00fd -<\/title>\n<meta name=\"robots\" content=\"index, follow, max-snippet:-1, max-image-preview:large, max-video-preview:-1\" \/>\n<link rel=\"canonical\" href=\"https:\/\/www.koupeltech.com\/index.php\/produkt\/mexen-s-mario-granitovy-drez-2-bowl-vcetne-baterie-flora-cerna-6504-77-670401-57-g-znackovy-9533\/\" \/>\n<meta property=\"og:locale\" content=\"cs_CZ\" \/>\n<meta property=\"og:type\" content=\"article\" \/>\n<meta property=\"og:title\" content=\"MEXEN\/S - Mario granitov\u00fd d\u0159ez 2-bowl v\u010detn\u011b baterie Flora, \u010dern\u00e1 6504-77-670401-57-G Zna\u010dkov\u00fd -\" \/>\n<meta property=\"og:description\" content=\"Detailn\u00ed popis produktu Technick\u00e1 data: d\u0159ez: Rozm\u011br: 820 x 436 x 161 mm Hloubka komory: 151 mm Rozm\u011bry komory: 356&#215;336 mm Pr\u016fm\u011br odtoku: \u00f890 mm Typ: 2-komorov\u00fd Typ: Zapu\u0161t\u011bn\u00e9 do pracovn\u00ed desky \u010cern\u00e1 barva Povrchov\u00e1 \u00faprava sifonu: zlat\u00e1 Materi\u00e1l: \u017eula (80 % \u017eulov\u00e9 kamenivo, 20 % prysky\u0159ice) P\u0159epadov\u00fd otvor: Ano Otvory: (baterie, automatick\u00e9) 2 Vysok\u00e1 [&hellip;]\" \/>\n<meta property=\"og:url\" content=\"https:\/\/www.koupeltech.com\/index.php\/produkt\/mexen-s-mario-granitovy-drez-2-bowl-vcetne-baterie-flora-cerna-6504-77-670401-57-g-znackovy-9533\/\" \/>\n<meta property=\"og:image\" content=\"https:\/\/www.koupeltech.com\/wp-content\/uploads\/2026\/SK0023799-CZ20260425-092556-0-1777080363-1788685-4_mexen-s-mario-granitovy-drez-2-bowl-vcetne-bateri.webp\" \/>\n\t<meta property=\"og:image:width\" content=\"1000\" \/>\n\t<meta property=\"og:image:height\" content=\"750\" \/>\n\t<meta property=\"og:image:type\" content=\"image\/webp\" \/>\n<meta name=\"twitter:card\" content=\"summary_large_image\" \/>\n<meta name=\"twitter:label1\" content=\"Odhadovan\u00e1 doba \u010dten\u00ed\" \/>\n\t<meta name=\"twitter:data1\" content=\"1 minuta\" \/>\n<script type=\"application\/ld+json\" class=\"yoast-schema-graph\">{\"@context\":\"https:\/\/schema.org\",\"@graph\":[{\"@type\":\"WebPage\",\"@id\":\"https:\/\/www.koupeltech.com\/index.php\/produkt\/mexen-s-mario-granitovy-drez-2-bowl-vcetne-baterie-flora-cerna-6504-77-670401-57-g-znackovy-9533\/\",\"url\":\"https:\/\/www.koupeltech.com\/index.php\/produkt\/mexen-s-mario-granitovy-drez-2-bowl-vcetne-baterie-flora-cerna-6504-77-670401-57-g-znackovy-9533\/\",\"name\":\"MEXEN\/S - Mario granitov\u00fd d\u0159ez 2-bowl v\u010detn\u011b baterie Flora, \u010dern\u00e1 6504-77-670401-57-G Zna\u010dkov\u00fd -\",\"isPartOf\":{\"@id\":\"https:\/\/www.koupeltech.com\/#website\"},\"primaryImageOfPage\":{\"@id\":\"https:\/\/www.koupeltech.com\/index.php\/produkt\/mexen-s-mario-granitovy-drez-2-bowl-vcetne-baterie-flora-cerna-6504-77-670401-57-g-znackovy-9533\/#primaryimage\"},\"image\":{\"@id\":\"https:\/\/www.koupeltech.com\/index.php\/produkt\/mexen-s-mario-granitovy-drez-2-bowl-vcetne-baterie-flora-cerna-6504-77-670401-57-g-znackovy-9533\/#primaryimage\"},\"thumbnailUrl\":\"https:\/\/www.koupeltech.com\/wp-content\/uploads\/2026\/SK0023799-CZ20260425-092556-0-1777080363-1788685-4_mexen-s-mario-granitovy-drez-2-bowl-vcetne-bateri.webp\",\"datePublished\":\"2026-04-27T13:57:13+00:00\",\"breadcrumb\":{\"@id\":\"https:\/\/www.koupeltech.com\/index.php\/produkt\/mexen-s-mario-granitovy-drez-2-bowl-vcetne-baterie-flora-cerna-6504-77-670401-57-g-znackovy-9533\/#breadcrumb\"},\"inLanguage\":\"cs\",\"potentialAction\":[{\"@type\":\"ReadAction\",\"target\":[\"https:\/\/www.koupeltech.com\/index.php\/produkt\/mexen-s-mario-granitovy-drez-2-bowl-vcetne-baterie-flora-cerna-6504-77-670401-57-g-znackovy-9533\/\"]}]},{\"@type\":\"ImageObject\",\"inLanguage\":\"cs\",\"@id\":\"https:\/\/www.koupeltech.com\/index.php\/produkt\/mexen-s-mario-granitovy-drez-2-bowl-vcetne-baterie-flora-cerna-6504-77-670401-57-g-znackovy-9533\/#primaryimage\",\"url\":\"https:\/\/www.koupeltech.com\/wp-content\/uploads\/2026\/SK0023799-CZ20260425-092556-0-1777080363-1788685-4_mexen-s-mario-granitovy-drez-2-bowl-vcetne-bateri.webp\",\"contentUrl\":\"https:\/\/www.koupeltech.com\/wp-content\/uploads\/2026\/SK0023799-CZ20260425-092556-0-1777080363-1788685-4_mexen-s-mario-granitovy-drez-2-bowl-vcetne-bateri.webp\",\"width\":1000,\"height\":750},{\"@type\":\"BreadcrumbList\",\"@id\":\"https:\/\/www.koupeltech.com\/index.php\/produkt\/mexen-s-mario-granitovy-drez-2-bowl-vcetne-baterie-flora-cerna-6504-77-670401-57-g-znackovy-9533\/#breadcrumb\",\"itemListElement\":[{\"@type\":\"ListItem\",\"position\":1,\"name\":\"Home\",\"item\":\"https:\/\/www.koupeltech.com\/\"},{\"@type\":\"ListItem\",\"position\":2,\"name\":\"Products\",\"item\":\"https:\/\/www.koupeltech.com\/index.php\/products\/\"},{\"@type\":\"ListItem\",\"position\":3,\"name\":\"MEXEN\/S &#8211; Mario granitov\u00fd d\u0159ez 2-bowl v\u010detn\u011b baterie Flora, \u010dern\u00e1 6504-77-670401-57-G Zna\u010dkov\u00fd\"}]},{\"@type\":\"WebSite\",\"@id\":\"https:\/\/www.koupeltech.com\/#website\",\"url\":\"https:\/\/www.koupeltech.com\/\",\"name\":\"\",\"description\":\"\",\"potentialAction\":[{\"@type\":\"SearchAction\",\"target\":{\"@type\":\"EntryPoint\",\"urlTemplate\":\"https:\/\/www.koupeltech.com\/?s={search_term_string}\"},\"query-input\":{\"@type\":\"PropertyValueSpecification\",\"valueRequired\":true,\"valueName\":\"search_term_string\"}}],\"inLanguage\":\"cs\"}]}<\/script>\n<!-- \/ Yoast SEO plugin. -->","yoast_head_json":{"title":"MEXEN\/S - Mario granitov\u00fd d\u0159ez 2-bowl v\u010detn\u011b baterie Flora, \u010dern\u00e1 6504-77-670401-57-G Zna\u010dkov\u00fd -","robots":{"index":"index","follow":"follow","max-snippet":"max-snippet:-1","max-image-preview":"max-image-preview:large","max-video-preview":"max-video-preview:-1"},"canonical":"https:\/\/www.koupeltech.com\/index.php\/produkt\/mexen-s-mario-granitovy-drez-2-bowl-vcetne-baterie-flora-cerna-6504-77-670401-57-g-znackovy-9533\/","og_locale":"cs_CZ","og_type":"article","og_title":"MEXEN\/S - Mario granitov\u00fd d\u0159ez 2-bowl v\u010detn\u011b baterie Flora, \u010dern\u00e1 6504-77-670401-57-G Zna\u010dkov\u00fd -","og_description":"Detailn\u00ed popis produktu Technick\u00e1 data: d\u0159ez: Rozm\u011br: 820 x 436 x 161 mm Hloubka komory: 151 mm Rozm\u011bry komory: 356&#215;336 mm Pr\u016fm\u011br odtoku: \u00f890 mm Typ: 2-komorov\u00fd Typ: Zapu\u0161t\u011bn\u00e9 do pracovn\u00ed desky \u010cern\u00e1 barva Povrchov\u00e1 \u00faprava sifonu: zlat\u00e1 Materi\u00e1l: \u017eula (80 % \u017eulov\u00e9 kamenivo, 20 % prysky\u0159ice) P\u0159epadov\u00fd otvor: Ano Otvory: (baterie, automatick\u00e9) 2 Vysok\u00e1 [&hellip;]","og_url":"https:\/\/www.koupeltech.com\/index.php\/produkt\/mexen-s-mario-granitovy-drez-2-bowl-vcetne-baterie-flora-cerna-6504-77-670401-57-g-znackovy-9533\/","og_image":[{"width":1000,"height":750,"url":"https:\/\/www.koupeltech.com\/wp-content\/uploads\/2026\/SK0023799-CZ20260425-092556-0-1777080363-1788685-4_mexen-s-mario-granitovy-drez-2-bowl-vcetne-bateri.webp","type":"image\/webp"}],"twitter_card":"summary_large_image","twitter_misc":{"Odhadovan\u00e1 doba \u010dten\u00ed":"1 minuta"},"schema":{"@context":"https:\/\/schema.org","@graph":[{"@type":"WebPage","@id":"https:\/\/www.koupeltech.com\/index.php\/produkt\/mexen-s-mario-granitovy-drez-2-bowl-vcetne-baterie-flora-cerna-6504-77-670401-57-g-znackovy-9533\/","url":"https:\/\/www.koupeltech.com\/index.php\/produkt\/mexen-s-mario-granitovy-drez-2-bowl-vcetne-baterie-flora-cerna-6504-77-670401-57-g-znackovy-9533\/","name":"MEXEN\/S - Mario granitov\u00fd d\u0159ez 2-bowl v\u010detn\u011b baterie Flora, \u010dern\u00e1 6504-77-670401-57-G Zna\u010dkov\u00fd -","isPartOf":{"@id":"https:\/\/www.koupeltech.com\/#website"},"primaryImageOfPage":{"@id":"https:\/\/www.koupeltech.com\/index.php\/produkt\/mexen-s-mario-granitovy-drez-2-bowl-vcetne-baterie-flora-cerna-6504-77-670401-57-g-znackovy-9533\/#primaryimage"},"image":{"@id":"https:\/\/www.koupeltech.com\/index.php\/produkt\/mexen-s-mario-granitovy-drez-2-bowl-vcetne-baterie-flora-cerna-6504-77-670401-57-g-znackovy-9533\/#primaryimage"},"thumbnailUrl":"https:\/\/www.koupeltech.com\/wp-content\/uploads\/2026\/SK0023799-CZ20260425-092556-0-1777080363-1788685-4_mexen-s-mario-granitovy-drez-2-bowl-vcetne-bateri.webp","datePublished":"2026-04-27T13:57:13+00:00","breadcrumb":{"@id":"https:\/\/www.koupeltech.com\/index.php\/produkt\/mexen-s-mario-granitovy-drez-2-bowl-vcetne-baterie-flora-cerna-6504-77-670401-57-g-znackovy-9533\/#breadcrumb"},"inLanguage":"cs","potentialAction":[{"@type":"ReadAction","target":["https:\/\/www.koupeltech.com\/index.php\/produkt\/mexen-s-mario-granitovy-drez-2-bowl-vcetne-baterie-flora-cerna-6504-77-670401-57-g-znackovy-9533\/"]}]},{"@type":"ImageObject","inLanguage":"cs","@id":"https:\/\/www.koupeltech.com\/index.php\/produkt\/mexen-s-mario-granitovy-drez-2-bowl-vcetne-baterie-flora-cerna-6504-77-670401-57-g-znackovy-9533\/#primaryimage","url":"https:\/\/www.koupeltech.com\/wp-content\/uploads\/2026\/SK0023799-CZ20260425-092556-0-1777080363-1788685-4_mexen-s-mario-granitovy-drez-2-bowl-vcetne-bateri.webp","contentUrl":"https:\/\/www.koupeltech.com\/wp-content\/uploads\/2026\/SK0023799-CZ20260425-092556-0-1777080363-1788685-4_mexen-s-mario-granitovy-drez-2-bowl-vcetne-bateri.webp","width":1000,"height":750},{"@type":"BreadcrumbList","@id":"https:\/\/www.koupeltech.com\/index.php\/produkt\/mexen-s-mario-granitovy-drez-2-bowl-vcetne-baterie-flora-cerna-6504-77-670401-57-g-znackovy-9533\/#breadcrumb","itemListElement":[{"@type":"ListItem","position":1,"name":"Home","item":"https:\/\/www.koupeltech.com\/"},{"@type":"ListItem","position":2,"name":"Products","item":"https:\/\/www.koupeltech.com\/index.php\/products\/"},{"@type":"ListItem","position":3,"name":"MEXEN\/S &#8211; Mario granitov\u00fd d\u0159ez 2-bowl v\u010detn\u011b baterie Flora, \u010dern\u00e1 6504-77-670401-57-G Zna\u010dkov\u00fd"}]},{"@type":"WebSite","@id":"https:\/\/www.koupeltech.com\/#website","url":"https:\/\/www.koupeltech.com\/","name":"","description":"","potentialAction":[{"@type":"SearchAction","target":{"@type":"EntryPoint","urlTemplate":"https:\/\/www.koupeltech.com\/?s={search_term_string}"},"query-input":{"@type":"PropertyValueSpecification","valueRequired":true,"valueName":"search_term_string"}}],"inLanguage":"cs"}]}},"_links":{"self":[{"href":"https:\/\/www.koupeltech.com\/index.php\/wp-json\/wp\/v2\/product\/9533","targetHints":{"allow":["GET"]}}],"collection":[{"href":"https:\/\/www.koupeltech.com\/index.php\/wp-json\/wp\/v2\/product"}],"about":[{"href":"https:\/\/www.koupeltech.com\/index.php\/wp-json\/wp\/v2\/types\/product"}],"replies":[{"embeddable":true,"href":"https:\/\/www.koupeltech.com\/index.php\/wp-json\/wp\/v2\/comments?post=9533"}],"wp:featuredmedia":[{"embeddable":true,"href":"https:\/\/www.koupeltech.com\/index.php\/wp-json\/wp\/v2\/media\/9633"}],"wp:attachment":[{"href":"https:\/\/www.koupeltech.com\/index.php\/wp-json\/wp\/v2\/media?parent=9533"}],"wp:term":[{"taxonomy":"product_brand","embeddable":true,"href":"https:\/\/www.koupeltech.com\/index.php\/wp-json\/wp\/v2\/product_brand?post=9533"},{"taxonomy":"product_cat","embeddable":true,"href":"https:\/\/www.koupeltech.com\/index.php\/wp-json\/wp\/v2\/product_cat?post=9533"},{"taxonomy":"product_tag","embeddable":true,"href":"https:\/\/www.koupeltech.com\/index.php\/wp-json\/wp\/v2\/product_tag?post=9533"}],"curies":[{"name":"wp","href":"https:\/\/api.w.org\/{rel}","templated":true}]}}